{"id":2241,"date":"2024-07-13T19:04:53","date_gmt":"2024-07-13T19:04:53","guid":{"rendered":"https:\/\/refrigerant-wholesale.com\/product\/refrigerant-r-410a-5-lbs\/"},"modified":"2025-03-01T21:27:06","modified_gmt":"2025-03-01T21:27:06","slug":"refrigerant-r-410a-5-lbs","status":"publish","type":"product","link":"https:\/\/refrigerant-wholesale.com\/fr\/product\/refrigerant-r-410a-5-lbs\/","title":{"rendered":"R\u00e9frig\u00e9rant R-410A 5 LBS"},"content":{"rendered":"<h2>R\u00e9frig\u00e9rant R-410A haute performance &#8211; Bouteille de 5 livres pour un refroidissement efficace<\/h2>\n<p>Am\u00e9liorez votre climatisation avec notre r\u00e9frig\u00e9rant R-410A de premi\u00e8re qualit\u00e9. Meilleur pour son efficacit\u00e9 de refroidissement sup\u00e9rieure et sa s\u00e9curit\u00e9 environnementale. Ce r\u00e9frig\u00e9rant de haute qualit\u00e9 est un m\u00e9lange de difluorom\u00e9thane et de pentafluoro\u00e9thane, con\u00e7u pour fonctionner dans les nouveaux climatiseurs et pompes \u00e0 chaleur qui n\u00e9cessitent des HFC. Distributeur du r\u00e9frig\u00e9rant 410A de Best.   <\/p>\n<h3>Caract\u00e9ristiques du produit :<\/h3>\n<ul>\n<li><strong>Formule \u00e9cologique :<\/strong> Conforme au Clean Air Act de l&rsquo;Agence am\u00e9ricaine de protection de l&rsquo;environnement, notre <a href=\"https:\/\/www.facebook.com\/profile.php?id=61559959904479\">r\u00e9frig\u00e9rant<\/a> R-410A ne contribue pas \u00e0 l&rsquo;appauvrissement de la couche d&rsquo;ozone, ce qui en fait un choix responsable pour l&rsquo;environnement.<\/li>\n<li><strong>S\u00e9curit\u00e9 et stabilit\u00e9 accrues :<\/strong> Ininflammable et chimiquement stable \u00e0 diff\u00e9rentes temp\u00e9ratures, le <a href=\"https:\/\/refrigerant-wholesale.com\/fr\/product-category\/r410a-fr\/\">R-410A<\/a> offre des performances fiables sans compromettre la s\u00e9curit\u00e9.<\/li>\n<li><strong>Efficacit\u00e9 optimale :<\/strong> Sp\u00e9cifiquement formul\u00e9 pour assurer une performance optimale des pompes \u00e0 chaleur et des climatiseurs dans les applications n\u00e9cessitant des HFC.<\/li>\n<li><strong>Manipulation et stockage faciles :<\/strong> Pr\u00e9sent\u00e9 dans un cylindre robuste et facile \u00e0 manipuler, il b\u00e9n\u00e9ficie de mesures de protection contre les dommages physiques et l&rsquo;exposition aux UV. Il garantit un stockage s\u00fbr et prolonge la dur\u00e9e de conservation. <\/li>\n<\/ul>\n<h2>Distributeur du r\u00e9frig\u00e9rant 410A<\/h2>\n<h3>Avantages pour votre syst\u00e8me :<\/h3>\n<ul>\n<li>Augmentez l&rsquo;efficacit\u00e9 op\u00e9rationnelle de vos syst\u00e8mes CVC gr\u00e2ce \u00e0 un r\u00e9frig\u00e9rant qui passe en douceur de l&rsquo;\u00e9tat liquide \u00e0 l&rsquo;\u00e9tat gazeux, ce qui garantit une absorption et une lib\u00e9ration efficaces de la chaleur.<\/li>\n<li>B\u00e9n\u00e9ficiez d&rsquo;un confort de refroidissement constant gr\u00e2ce \u00e0 un r\u00e9frig\u00e9rant con\u00e7u pour une faible toxicit\u00e9 et des propri\u00e9t\u00e9s thermiques sup\u00e9rieures.<\/li>\n<\/ul>\n<p>Id\u00e9ale pour les syst\u00e8mes de climatisation r\u00e9sidentiels et commerciaux, notre bouteille de r\u00e9frig\u00e9rant R-410A de 5 lb garantit un fonctionnement plus efficace de vos syst\u00e8mes tout en respectant l&rsquo;environnement. Achetez en toute confiance, en sachant que vous utilisez un produit durable de haute qualit\u00e9, con\u00e7u pour les technologies modernes de climatisation. <\/p>\n","protected":false},"excerpt":{"rendered":"<p><img loading=\"lazy\" decoding=\"async\" class=\"alignnone wp-image-437 aligncenter\" src=\"http:\/\/refrigerant-wholesale.com\/wp-content\/uploads\/2024\/03\/Screenshot-69.png\" alt=\"\" width=\"207\" height=\"50\"><\/p>\n<h4 style=\"text-align: center;\"><img loading=\"lazy\" decoding=\"async\" class=\"alignnone wp-image-744\" src=\"http:\/\/refrigerant-wholesale.com\/wp-content\/uploads\/2024\/07\/removal.ai_8ca2a79e-d09f-4bd1-a4fe-c4c69f1a4386_Trade-Assurance-381x400.png\" alt=\"R\u00e9frig\u00e9rants WS\" width=\"26\" height=\"27\" srcset=\"https:\/\/refrigerant-wholesale.com\/wp-content\/uploads\/2024\/07\/removal.ai_8ca2a79e-d09f-4bd1-a4fe-c4c69f1a4386_Trade-Assurance-381x400.png 381w, https:\/\/refrigerant-wholesale.com\/wp-content\/uploads\/2024\/07\/removal.ai_8ca2a79e-d09f-4bd1-a4fe-c4c69f1a4386_Trade-Assurance-100x100.png 100w, https:\/\/refrigerant-wholesale.com\/wp-content\/uploads\/2024\/07\/removal.ai_8ca2a79e-d09f-4bd1-a4fe-c4c69f1a4386_Trade-Assurance-280x280.png 280w, https:\/\/refrigerant-wholesale.com\/wp-content\/uploads\/2024\/07\/removal.ai_8ca2a79e-d09f-4bd1-a4fe-c4c69f1a4386_Trade-Assurance.png 388w\" sizes=\"auto, (max-width: 26px) 100vw, 26px\" \/>ASSURANCE COMMERCIALE<\/h4>\n<div class=\"gmail-textwidget gmail-custom-html-widget\">\n<h6 style=\"text-align: center;\">Exp\u00e9dition : Livraison dans le monde entier<\/h6>\n<h6 style=\"text-align: center;\">(Demande personnalis\u00e9e acceptable)<\/h6>\n<\/div>\n","protected":false},"featured_media":1491,"comment_status":"closed","ping_status":"closed","template":"","meta":[],"product_brand":[],"product_cat":[269,396],"product_tag":[],"class_list":{"0":"post-2241","1":"product","2":"type-product","3":"status-publish","4":"has-post-thumbnail","6":"product_cat-non-categorise","7":"product_cat-r410a-fr","9":"first","10":"instock","11":"shipping-taxable","12":"product-type-simple"},"yoast_head":"<!-- This site is optimized with the Yoast SEO Premium plugin v27.0 (Yoast SEO v27.3) - https:\/\/yoast.com\/product\/yoast-seo-premium-wordpress\/ -->\n<title>Meilleur distributeur mondial du r\u00e9frig\u00e9rant 410A - WS Refrigerants<\/title>\n<meta name=\"description\" content=\"Nous sommes l&#039;un des plus grands distributeurs de R\u00e9frig\u00e9rant 410A et nous livrons dans le monde entier \u00e0 des prix de gros. Obtenez de meilleures offres maintenant. D&#039;importantes remises sont disponibles.\" \/>\n<meta name=\"robots\" content=\"index, follow, max-snippet:-1, max-image-preview:large, max-video-preview:-1\" \/>\n<link rel=\"canonical\" href=\"https:\/\/refrigerant-wholesale.com\/fr\/product\/refrigerant-r-410a-5-lbs\/\" \/>\n<meta property=\"og:locale\" content=\"fr_FR\" \/>\n<meta property=\"og:type\" content=\"article\" \/>\n<meta property=\"og:title\" content=\"R\u00e9frig\u00e9rant R-410A 5 LBS\" \/>\n<meta property=\"og:description\" content=\"Nous sommes l&#039;un des plus grands distributeurs de R\u00e9frig\u00e9rant 410A et nous livrons dans le monde entier \u00e0 des prix de gros. Obtenez de meilleures offres maintenant. D&#039;importantes remises sont disponibles.\" \/>\n<meta property=\"og:url\" content=\"https:\/\/refrigerant-wholesale.com\/fr\/product\/refrigerant-r-410a-5-lbs\/\" \/>\n<meta property=\"og:site_name\" content=\"Refrigerant Gas Wholesale\" \/>\n<meta property=\"article:publisher\" content=\"https:\/\/www.facebook.com\/refrigerantwholesale\" \/>\n<meta property=\"article:modified_time\" content=\"2025-03-01T21:27:06+00:00\" \/>\n<meta property=\"og:image\" content=\"http:\/\/refrigerant-wholesale.com\/wp-content\/uploads\/2024\/07\/R-410A-REFRIGERANT-5-LBS.jpg\" \/>\n\t<meta property=\"og:image:width\" content=\"1000\" \/>\n\t<meta property=\"og:image:height\" content=\"1000\" \/>\n\t<meta property=\"og:image:type\" content=\"image\/jpeg\" \/>\n<meta name=\"twitter:card\" content=\"summary_large_image\" \/>\n<meta name=\"twitter:label1\" content=\"Dur\u00e9e de lecture estim\u00e9e\" \/>\n\t<meta name=\"twitter:data1\" content=\"2 minutes\" \/>\n<script type=\"application\/ld+json\" class=\"yoast-schema-graph\">{\"@context\":\"https:\\\/\\\/schema.org\",\"@graph\":[{\"@type\":\"WebPage\",\"@id\":\"https:\\\/\\\/refrigerant-wholesale.com\\\/fr\\\/product\\\/refrigerant-r-410a-5-lbs\\\/\",\"url\":\"https:\\\/\\\/refrigerant-wholesale.com\\\/fr\\\/product\\\/refrigerant-r-410a-5-lbs\\\/\",\"name\":\"Meilleur distributeur mondial du r\u00e9frig\u00e9rant 410A - WS Refrigerants\",\"isPartOf\":{\"@id\":\"https:\\\/\\\/refrigerant-wholesale.com\\\/fr\\\/#website\"},\"primaryImageOfPage\":{\"@id\":\"https:\\\/\\\/refrigerant-wholesale.com\\\/fr\\\/product\\\/refrigerant-r-410a-5-lbs\\\/#primaryimage\"},\"image\":{\"@id\":\"https:\\\/\\\/refrigerant-wholesale.com\\\/fr\\\/product\\\/refrigerant-r-410a-5-lbs\\\/#primaryimage\"},\"thumbnailUrl\":\"https:\\\/\\\/refrigerant-wholesale.com\\\/wp-content\\\/uploads\\\/2024\\\/07\\\/R-410A-REFRIGERANT-5-LBS.jpg\",\"datePublished\":\"2024-07-13T19:04:53+00:00\",\"dateModified\":\"2025-03-01T21:27:06+00:00\",\"description\":\"Nous sommes l'un des plus grands distributeurs de R\u00e9frig\u00e9rant 410A et nous livrons dans le monde entier \u00e0 des prix de gros. Obtenez de meilleures offres maintenant. D'importantes remises sont disponibles.\",\"breadcrumb\":{\"@id\":\"https:\\\/\\\/refrigerant-wholesale.com\\\/fr\\\/product\\\/refrigerant-r-410a-5-lbs\\\/#breadcrumb\"},\"inLanguage\":\"fr-FR\",\"potentialAction\":[{\"@type\":\"ReadAction\",\"target\":[\"https:\\\/\\\/refrigerant-wholesale.com\\\/fr\\\/product\\\/refrigerant-r-410a-5-lbs\\\/\"]}]},{\"@type\":\"ImageObject\",\"inLanguage\":\"fr-FR\",\"@id\":\"https:\\\/\\\/refrigerant-wholesale.com\\\/fr\\\/product\\\/refrigerant-r-410a-5-lbs\\\/#primaryimage\",\"url\":\"https:\\\/\\\/refrigerant-wholesale.com\\\/wp-content\\\/uploads\\\/2024\\\/07\\\/R-410A-REFRIGERANT-5-LBS.jpg\",\"contentUrl\":\"https:\\\/\\\/refrigerant-wholesale.com\\\/wp-content\\\/uploads\\\/2024\\\/07\\\/R-410A-REFRIGERANT-5-LBS.jpg\",\"width\":1000,\"height\":1000,\"caption\":\"R410a Refrigerant Supplier, R410a Refrigerant, R410a, Refrigerant R410a, R 410a freon, Buy R410a refrigerant, R410a refrigerant for sale\"},{\"@type\":\"BreadcrumbList\",\"@id\":\"https:\\\/\\\/refrigerant-wholesale.com\\\/fr\\\/product\\\/refrigerant-r-410a-5-lbs\\\/#breadcrumb\",\"itemListElement\":[{\"@type\":\"ListItem\",\"position\":1,\"name\":\"Home\",\"item\":\"https:\\\/\\\/refrigerant-wholesale.com\\\/fr\\\/\"},{\"@type\":\"ListItem\",\"position\":2,\"name\":\"Boutique\",\"item\":\"https:\\\/\\\/refrigerant-wholesale.com\\\/fr\\\/boutique\\\/\"},{\"@type\":\"ListItem\",\"position\":3,\"name\":\"R\u00e9frig\u00e9rant R-410A 5 LBS\"}]},{\"@type\":\"WebSite\",\"@id\":\"https:\\\/\\\/refrigerant-wholesale.com\\\/fr\\\/#website\",\"url\":\"https:\\\/\\\/refrigerant-wholesale.com\\\/fr\\\/\",\"name\":\"Refrigerant Gas Wholesale\",\"description\":\"AC Gas supplier\",\"publisher\":{\"@id\":\"https:\\\/\\\/refrigerant-wholesale.com\\\/fr\\\/#organization\"},\"potentialAction\":[{\"@type\":\"SearchAction\",\"target\":{\"@type\":\"EntryPoint\",\"urlTemplate\":\"https:\\\/\\\/refrigerant-wholesale.com\\\/fr\\\/?s={search_term_string}\"},\"query-input\":{\"@type\":\"PropertyValueSpecification\",\"valueRequired\":true,\"valueName\":\"search_term_string\"}}],\"inLanguage\":\"fr-FR\"},{\"@type\":\"Organization\",\"@id\":\"https:\\\/\\\/refrigerant-wholesale.com\\\/fr\\\/#organization\",\"name\":\"Refrigerant Gas Wholesale\",\"url\":\"https:\\\/\\\/refrigerant-wholesale.com\\\/fr\\\/\",\"logo\":{\"@type\":\"ImageObject\",\"inLanguage\":\"fr-FR\",\"@id\":\"https:\\\/\\\/refrigerant-wholesale.com\\\/fr\\\/#\\\/schema\\\/logo\\\/image\\\/\",\"url\":\"http:\\\/\\\/refrigerant-wholesale.com\\\/wp-content\\\/uploads\\\/2024\\\/04\\\/refrigerant-logo.png\",\"contentUrl\":\"http:\\\/\\\/refrigerant-wholesale.com\\\/wp-content\\\/uploads\\\/2024\\\/04\\\/refrigerant-logo.png\",\"width\":400,\"height\":84,\"caption\":\"Refrigerant Gas Wholesale\"},\"image\":{\"@id\":\"https:\\\/\\\/refrigerant-wholesale.com\\\/fr\\\/#\\\/schema\\\/logo\\\/image\\\/\"},\"sameAs\":[\"https:\\\/\\\/www.facebook.com\\\/refrigerantwholesale\"]}]}<\/script>\n<!-- \/ Yoast SEO Premium plugin. -->","yoast_head_json":{"title":"Meilleur distributeur mondial du r\u00e9frig\u00e9rant 410A - WS Refrigerants","description":"Nous sommes l'un des plus grands distributeurs de R\u00e9frig\u00e9rant 410A et nous livrons dans le monde entier \u00e0 des prix de gros. Obtenez de meilleures offres maintenant. D'importantes remises sont disponibles.","robots":{"index":"index","follow":"follow","max-snippet":"max-snippet:-1","max-image-preview":"max-image-preview:large","max-video-preview":"max-video-preview:-1"},"canonical":"https:\/\/refrigerant-wholesale.com\/fr\/product\/refrigerant-r-410a-5-lbs\/","og_locale":"fr_FR","og_type":"article","og_title":"R\u00e9frig\u00e9rant R-410A 5 LBS","og_description":"Nous sommes l'un des plus grands distributeurs de R\u00e9frig\u00e9rant 410A et nous livrons dans le monde entier \u00e0 des prix de gros. Obtenez de meilleures offres maintenant. D'importantes remises sont disponibles.","og_url":"https:\/\/refrigerant-wholesale.com\/fr\/product\/refrigerant-r-410a-5-lbs\/","og_site_name":"Refrigerant Gas Wholesale","article_publisher":"https:\/\/www.facebook.com\/refrigerantwholesale","article_modified_time":"2025-03-01T21:27:06+00:00","og_image":[{"width":1000,"height":1000,"url":"http:\/\/refrigerant-wholesale.com\/wp-content\/uploads\/2024\/07\/R-410A-REFRIGERANT-5-LBS.jpg","type":"image\/jpeg"}],"twitter_card":"summary_large_image","twitter_misc":{"Dur\u00e9e de lecture estim\u00e9e":"2 minutes"},"schema":{"@context":"https:\/\/schema.org","@graph":[{"@type":"WebPage","@id":"https:\/\/refrigerant-wholesale.com\/fr\/product\/refrigerant-r-410a-5-lbs\/","url":"https:\/\/refrigerant-wholesale.com\/fr\/product\/refrigerant-r-410a-5-lbs\/","name":"Meilleur distributeur mondial du r\u00e9frig\u00e9rant 410A - WS Refrigerants","isPartOf":{"@id":"https:\/\/refrigerant-wholesale.com\/fr\/#website"},"primaryImageOfPage":{"@id":"https:\/\/refrigerant-wholesale.com\/fr\/product\/refrigerant-r-410a-5-lbs\/#primaryimage"},"image":{"@id":"https:\/\/refrigerant-wholesale.com\/fr\/product\/refrigerant-r-410a-5-lbs\/#primaryimage"},"thumbnailUrl":"https:\/\/refrigerant-wholesale.com\/wp-content\/uploads\/2024\/07\/R-410A-REFRIGERANT-5-LBS.jpg","datePublished":"2024-07-13T19:04:53+00:00","dateModified":"2025-03-01T21:27:06+00:00","description":"Nous sommes l'un des plus grands distributeurs de R\u00e9frig\u00e9rant 410A et nous livrons dans le monde entier \u00e0 des prix de gros. Obtenez de meilleures offres maintenant. D'importantes remises sont disponibles.","breadcrumb":{"@id":"https:\/\/refrigerant-wholesale.com\/fr\/product\/refrigerant-r-410a-5-lbs\/#breadcrumb"},"inLanguage":"fr-FR","potentialAction":[{"@type":"ReadAction","target":["https:\/\/refrigerant-wholesale.com\/fr\/product\/refrigerant-r-410a-5-lbs\/"]}]},{"@type":"ImageObject","inLanguage":"fr-FR","@id":"https:\/\/refrigerant-wholesale.com\/fr\/product\/refrigerant-r-410a-5-lbs\/#primaryimage","url":"https:\/\/refrigerant-wholesale.com\/wp-content\/uploads\/2024\/07\/R-410A-REFRIGERANT-5-LBS.jpg","contentUrl":"https:\/\/refrigerant-wholesale.com\/wp-content\/uploads\/2024\/07\/R-410A-REFRIGERANT-5-LBS.jpg","width":1000,"height":1000,"caption":"R410a Refrigerant Supplier, R410a Refrigerant, R410a, Refrigerant R410a, R 410a freon, Buy R410a refrigerant, R410a refrigerant for sale"},{"@type":"BreadcrumbList","@id":"https:\/\/refrigerant-wholesale.com\/fr\/product\/refrigerant-r-410a-5-lbs\/#breadcrumb","itemListElement":[{"@type":"ListItem","position":1,"name":"Home","item":"https:\/\/refrigerant-wholesale.com\/fr\/"},{"@type":"ListItem","position":2,"name":"Boutique","item":"https:\/\/refrigerant-wholesale.com\/fr\/boutique\/"},{"@type":"ListItem","position":3,"name":"R\u00e9frig\u00e9rant R-410A 5 LBS"}]},{"@type":"WebSite","@id":"https:\/\/refrigerant-wholesale.com\/fr\/#website","url":"https:\/\/refrigerant-wholesale.com\/fr\/","name":"Refrigerant Gas Wholesale","description":"AC Gas supplier","publisher":{"@id":"https:\/\/refrigerant-wholesale.com\/fr\/#organization"},"potentialAction":[{"@type":"SearchAction","target":{"@type":"EntryPoint","urlTemplate":"https:\/\/refrigerant-wholesale.com\/fr\/?s={search_term_string}"},"query-input":{"@type":"PropertyValueSpecification","valueRequired":true,"valueName":"search_term_string"}}],"inLanguage":"fr-FR"},{"@type":"Organization","@id":"https:\/\/refrigerant-wholesale.com\/fr\/#organization","name":"Refrigerant Gas Wholesale","url":"https:\/\/refrigerant-wholesale.com\/fr\/","logo":{"@type":"ImageObject","inLanguage":"fr-FR","@id":"https:\/\/refrigerant-wholesale.com\/fr\/#\/schema\/logo\/image\/","url":"http:\/\/refrigerant-wholesale.com\/wp-content\/uploads\/2024\/04\/refrigerant-logo.png","contentUrl":"http:\/\/refrigerant-wholesale.com\/wp-content\/uploads\/2024\/04\/refrigerant-logo.png","width":400,"height":84,"caption":"Refrigerant Gas Wholesale"},"image":{"@id":"https:\/\/refrigerant-wholesale.com\/fr\/#\/schema\/logo\/image\/"},"sameAs":["https:\/\/www.facebook.com\/refrigerantwholesale"]}]}},"_links":{"self":[{"href":"https:\/\/refrigerant-wholesale.com\/fr\/wp-json\/wp\/v2\/product\/2241","targetHints":{"allow":["GET"]}}],"collection":[{"href":"https:\/\/refrigerant-wholesale.com\/fr\/wp-json\/wp\/v2\/product"}],"about":[{"href":"https:\/\/refrigerant-wholesale.com\/fr\/wp-json\/wp\/v2\/types\/product"}],"replies":[{"embeddable":true,"href":"https:\/\/refrigerant-wholesale.com\/fr\/wp-json\/wp\/v2\/comments?post=2241"}],"wp:featuredmedia":[{"embeddable":true,"href":"https:\/\/refrigerant-wholesale.com\/fr\/wp-json\/wp\/v2\/media\/1491"}],"wp:attachment":[{"href":"https:\/\/refrigerant-wholesale.com\/fr\/wp-json\/wp\/v2\/media?parent=2241"}],"wp:term":[{"taxonomy":"product_brand","embeddable":true,"href":"https:\/\/refrigerant-wholesale.com\/fr\/wp-json\/wp\/v2\/product_brand?post=2241"},{"taxonomy":"product_cat","embeddable":true,"href":"https:\/\/refrigerant-wholesale.com\/fr\/wp-json\/wp\/v2\/product_cat?post=2241"},{"taxonomy":"product_tag","embeddable":true,"href":"https:\/\/refrigerant-wholesale.com\/fr\/wp-json\/wp\/v2\/product_tag?post=2241"}],"curies":[{"name":"wp","href":"https:\/\/api.w.org\/{rel}","templated":true}]}}