{"id":2238,"date":"2024-07-13T18:33:05","date_gmt":"2024-07-13T18:33:05","guid":{"rendered":"https:\/\/refrigerant-wholesale.com\/product\/palette-complete-r-410a-40-bouteilles\/"},"modified":"2025-03-01T21:27:02","modified_gmt":"2025-03-01T21:27:02","slug":"palette-complete-r-410a-40-bouteilles","status":"publish","type":"product","link":"https:\/\/refrigerant-wholesale.com\/fr\/product\/palette-complete-r-410a-40-bouteilles\/","title":{"rendered":"Palette compl\u00e8te R-410A (40 bouteilles)"},"content":{"rendered":"<h2><strong>Grossiste R\u00e9frig\u00e9rant R-410A : Meilleurs prix, approvisionnement en vrac<\/strong><\/h2>\n<p>Vous recherchez une source fiable de prix de gros du <strong>r\u00e9frig\u00e9rant R-410A<\/strong>? Ne cherchez pas plus loin ! Nous offrons du <strong>r\u00e9frig\u00e9rant R-410A<\/strong> de premi\u00e8re qualit\u00e9 en vrac, parfait pour les entrepreneurs en CVC, les professionnels de l&rsquo;entretien et les fournisseurs. Que vous fassiez des stocks pour une saison charg\u00e9e ou que vous ayez besoin d&rsquo;une source fiable, nous vous couvrons avec une livraison rapide et des prix imbattables.   <\/p>\n<p>Le r\u00e9frig\u00e9rant R-410A est largement utilis\u00e9 dans les syst\u00e8mes de climatisation r\u00e9sidentiels et commerciaux en raison de sa haute efficacit\u00e9 et de son respect de l&rsquo;environnement. En tant que leader de l&rsquo;industrie du <strong>r\u00e9frig\u00e9rant R410A en gros<\/strong>, nous nous assurons que tous nos produits r\u00e9pondent \u00e0 des normes strictes de qualit\u00e9 et de s\u00e9curit\u00e9. Vous pouvez donc acheter chez nous en toute confiance, en sachant que vous obtenez le meilleur produit sur le march\u00e9.  <\/p>\n<h3>Pourquoi acheter en gros du r\u00e9frig\u00e9rant R-410A chez nous ?<\/h3>\n<ul>\n<li><strong>Prix comp\u00e9titifs<\/strong>: Nos prix de gros sur le r\u00e9frig\u00e9rant <a href=\"https:\/\/www.google.com\/search?q=R-410A+refrigerant&amp;sca_esv=ae835b5694662882&amp;biw=1463&amp;bih=662&amp;sxsrf=ADLYWIJFLxLheFuVSh4Oc8uOMbAptbHwQQ%3A1728861028702&amp;ei=ZFMMZ8m7Koerxc8Py9_k2As&amp;ved=0ahUKEwjJ_eybvYyJAxWHVfEDHcsvGbsQ4dUDCA8&amp;uact=5&amp;oq=R-410A+refrigerant&amp;gs_lp=Egxnd3Mtd2l6LXNlcnAiElItNDEwQSByZWZyaWdlcmFudDIKEAAYgAQYFBiHAjIFEAAYgAQyBRAAGIAEMgUQABiABDIFEAAYgAQyBRAAGIAEMgUQABiABDIFEAAYgAQyBRAAGIAEMgUQABiABEjNFVCOCViOCXABeAGQAQCYAXigAXiqAQMwLjG4AQPIAQD4AQH4AQKYAgKgAo8BqAIUwgIHECMYJxjqAsICBxAuGCcY6gLCAhQQABiABBiRAhi0AhiKBRjqAtgBAcICFBAAGIAEGOMEGLQCGOkEGOoC2AEBwgIaEC4YgAQY4wQYtAIYxwEY6QQY6gIYrwHYAQGYAxO6BgYIARABGAGSBwMxLjGgB6oF&amp;sclient=gws-wiz-serp\">R-410A<\/a> vous permettent d&rsquo;\u00e9conomiser davantage en achetant plus.<\/li>\n<li><strong>Livraison rapide<\/strong>: Gr\u00e2ce \u00e0 notre processus d&rsquo;exp\u00e9dition rationalis\u00e9, vous recevrez votre r\u00e9frig\u00e9rant rapidement afin de minimiser les temps d&rsquo;arr\u00eat.<\/li>\n<li><strong>Une qualit\u00e9 fiable<\/strong>: Nous ne vendons que du fluide frigorig\u00e8ne R410A certifi\u00e9 et de haute qualit\u00e9, conforme aux normes de l&rsquo;industrie.<\/li>\n<li><strong>Respectueux de l&rsquo;environnement<\/strong>: Le R-410A est une option plus respectueuse de l&rsquo;environnement que les anciens fluides frigorig\u00e8nes, car il r\u00e9duit l&rsquo;appauvrissement de la couche d&rsquo;ozone.<\/li>\n<\/ul>\n<h2>Qui devrait acheter du fluide frigorig\u00e8ne R410A en vrac ?<\/h2>\n<p>Notre vente en gros de r\u00e9frig\u00e9rant R-410A est parfaite pour les <strong>entreprises de CVC<\/strong>, les techniciens et les distributeurs qui ont besoin d&rsquo;un stock fiable. En achetant en gros, non seulement vous \u00e9conomisez de l&rsquo;argent, mais vous vous assurez \u00e9galement d&rsquo;avoir toujours du <strong>r\u00e9frig\u00e9rant R-410A<\/strong> \u00e0 port\u00e9e de main lorsque vous en avez besoin. De plus, avec le retrait progressif des anciens r\u00e9frig\u00e9rants, c&rsquo;est le meilleur moment pour passer au <a href=\"https:\/\/refrigerant-wholesale.com\/fr\/\">R-410A<\/a>.  <\/p>\n<p>Commandez votre <strong>r\u00e9frig\u00e9rant R410A en gros<\/strong> d\u00e8s aujourd&rsquo;hui et b\u00e9n\u00e9ficiez d&rsquo;un service rapide et fiable, de prix comp\u00e9titifs et de produits de qualit\u00e9 sup\u00e9rieure. Gardez une longueur d&rsquo;avance sur la concurrence en approvisionnant votre entreprise avec le meilleur fluide frigorig\u00e8ne disponible ! <\/p>\n<p>Pour plus d&rsquo;informations ou pour passer une commande, contactez-nous d\u00e8s maintenant !<\/p>\n<p>PALETTE COMPL\u00c8TE R410A REFRIGERANT 25 LBS 40 CYLINDERS<\/p>\n","protected":false},"excerpt":{"rendered":"<p><img loading=\"lazy\" decoding=\"async\" class=\"alignnone wp-image-437 aligncenter\" src=\"http:\/\/refrigerant-wholesale.com\/wp-content\/uploads\/2024\/03\/Screenshot-69.png\" alt=\"\" width=\"207\" height=\"50\"><\/p>\n<h4 style=\"text-align: center;\"><img loading=\"lazy\" decoding=\"async\" class=\"alignnone wp-image-744\" src=\"http:\/\/refrigerant-wholesale.com\/wp-content\/uploads\/2024\/07\/removal.ai_8ca2a79e-d09f-4bd1-a4fe-c4c69f1a4386_Trade-Assurance-381x400.png\" alt=\"R\u00e9frig\u00e9rants WS\" width=\"19\" height=\"20\" srcset=\"https:\/\/refrigerant-wholesale.com\/wp-content\/uploads\/2024\/07\/removal.ai_8ca2a79e-d09f-4bd1-a4fe-c4c69f1a4386_Trade-Assurance-381x400.png 381w, https:\/\/refrigerant-wholesale.com\/wp-content\/uploads\/2024\/07\/removal.ai_8ca2a79e-d09f-4bd1-a4fe-c4c69f1a4386_Trade-Assurance-100x100.png 100w, https:\/\/refrigerant-wholesale.com\/wp-content\/uploads\/2024\/07\/removal.ai_8ca2a79e-d09f-4bd1-a4fe-c4c69f1a4386_Trade-Assurance-280x280.png 280w, https:\/\/refrigerant-wholesale.com\/wp-content\/uploads\/2024\/07\/removal.ai_8ca2a79e-d09f-4bd1-a4fe-c4c69f1a4386_Trade-Assurance.png 388w\" sizes=\"auto, (max-width: 19px) 100vw, 19px\" \/>ASSURANCE COMMERCIALE<\/h4>\n<div class=\"gmail-textwidget gmail-custom-html-widget\">\n<h6 style=\"text-align: center;\">Exp\u00e9dition : Livraison dans le monde entier<\/h6>\n<h6 style=\"text-align: center;\">(Demande personnalis\u00e9e acceptable)<\/h6>\n<p style=\"text-align: center;\">100% VIRGIN Scell\u00e9 en usine GARANTIE<\/p>\n<\/div>\n","protected":false},"featured_media":1482,"comment_status":"closed","ping_status":"closed","template":"","meta":[],"product_brand":[],"product_cat":[269,396],"product_tag":[],"class_list":{"0":"post-2238","1":"product","2":"type-product","3":"status-publish","4":"has-post-thumbnail","6":"product_cat-non-categorise","7":"product_cat-r410a-fr","9":"first","10":"instock","11":"shipping-taxable","12":"product-type-simple"},"yoast_head":"<!-- This site is optimized with the Yoast SEO Premium plugin v27.0 (Yoast SEO v27.3) - https:\/\/yoast.com\/product\/yoast-seo-premium-wordpress\/ -->\n<title>R-410A Refrigerant Wholesale | Acheter R-410A Refrigerant en vrac<\/title>\n<meta name=\"description\" content=\"Best R-410A Refrigerant Wholesale price. Achetez R-410A Refrigerant en Bulk. Produits 100% authentiques. Livraison rapide dans le monde entier.\" \/>\n<meta name=\"robots\" content=\"index, follow, max-snippet:-1, max-image-preview:large, max-video-preview:-1\" \/>\n<link rel=\"canonical\" href=\"https:\/\/refrigerant-wholesale.com\/fr\/product\/palette-complete-r-410a-40-bouteilles\/\" \/>\n<meta property=\"og:locale\" content=\"fr_FR\" \/>\n<meta property=\"og:type\" content=\"article\" \/>\n<meta property=\"og:title\" content=\"Palette compl\u00e8te R-410A (40 bouteilles)\" \/>\n<meta property=\"og:description\" content=\"Best R-410A Refrigerant Wholesale price. Achetez R-410A Refrigerant en Bulk. Produits 100% authentiques. Livraison rapide dans le monde entier.\" \/>\n<meta property=\"og:url\" content=\"https:\/\/refrigerant-wholesale.com\/fr\/product\/palette-complete-r-410a-40-bouteilles\/\" \/>\n<meta property=\"og:site_name\" content=\"Refrigerant Gas Wholesale\" \/>\n<meta property=\"article:publisher\" content=\"https:\/\/www.facebook.com\/refrigerantwholesale\" \/>\n<meta property=\"article:modified_time\" content=\"2025-03-01T21:27:02+00:00\" \/>\n<meta property=\"og:image\" content=\"http:\/\/refrigerant-wholesale.com\/wp-content\/uploads\/2024\/07\/FULL-PALLET-R-410A-40-Cylinders.jpg\" \/>\n\t<meta property=\"og:image:width\" content=\"1000\" \/>\n\t<meta property=\"og:image:height\" content=\"1000\" \/>\n\t<meta property=\"og:image:type\" content=\"image\/jpeg\" \/>\n<meta name=\"twitter:card\" content=\"summary_large_image\" \/>\n<meta name=\"twitter:label1\" content=\"Dur\u00e9e de lecture estim\u00e9e\" \/>\n\t<meta name=\"twitter:data1\" content=\"2 minutes\" \/>\n<script type=\"application\/ld+json\" class=\"yoast-schema-graph\">{\"@context\":\"https:\\\/\\\/schema.org\",\"@graph\":[{\"@type\":\"WebPage\",\"@id\":\"https:\\\/\\\/refrigerant-wholesale.com\\\/fr\\\/product\\\/palette-complete-r-410a-40-bouteilles\\\/\",\"url\":\"https:\\\/\\\/refrigerant-wholesale.com\\\/fr\\\/product\\\/palette-complete-r-410a-40-bouteilles\\\/\",\"name\":\"R-410A Refrigerant Wholesale | Acheter R-410A Refrigerant en vrac\",\"isPartOf\":{\"@id\":\"https:\\\/\\\/refrigerant-wholesale.com\\\/fr\\\/#website\"},\"primaryImageOfPage\":{\"@id\":\"https:\\\/\\\/refrigerant-wholesale.com\\\/fr\\\/product\\\/palette-complete-r-410a-40-bouteilles\\\/#primaryimage\"},\"image\":{\"@id\":\"https:\\\/\\\/refrigerant-wholesale.com\\\/fr\\\/product\\\/palette-complete-r-410a-40-bouteilles\\\/#primaryimage\"},\"thumbnailUrl\":\"https:\\\/\\\/refrigerant-wholesale.com\\\/wp-content\\\/uploads\\\/2024\\\/07\\\/FULL-PALLET-R-410A-40-Cylinders.jpg\",\"datePublished\":\"2024-07-13T18:33:05+00:00\",\"dateModified\":\"2025-03-01T21:27:02+00:00\",\"description\":\"Best R-410A Refrigerant Wholesale price. Achetez R-410A Refrigerant en Bulk. Produits 100% authentiques. Livraison rapide dans le monde entier.\",\"breadcrumb\":{\"@id\":\"https:\\\/\\\/refrigerant-wholesale.com\\\/fr\\\/product\\\/palette-complete-r-410a-40-bouteilles\\\/#breadcrumb\"},\"inLanguage\":\"fr-FR\",\"potentialAction\":[{\"@type\":\"ReadAction\",\"target\":[\"https:\\\/\\\/refrigerant-wholesale.com\\\/fr\\\/product\\\/palette-complete-r-410a-40-bouteilles\\\/\"]}]},{\"@type\":\"ImageObject\",\"inLanguage\":\"fr-FR\",\"@id\":\"https:\\\/\\\/refrigerant-wholesale.com\\\/fr\\\/product\\\/palette-complete-r-410a-40-bouteilles\\\/#primaryimage\",\"url\":\"https:\\\/\\\/refrigerant-wholesale.com\\\/wp-content\\\/uploads\\\/2024\\\/07\\\/FULL-PALLET-R-410A-40-Cylinders.jpg\",\"contentUrl\":\"https:\\\/\\\/refrigerant-wholesale.com\\\/wp-content\\\/uploads\\\/2024\\\/07\\\/FULL-PALLET-R-410A-40-Cylinders.jpg\",\"width\":1000,\"height\":1000,\"caption\":\"R410a Refrigerant Supplier, R410a Refrigerant, R410a, Refrigerant R410a, R 410a freon, Buy R410a refrigerant, R410a refrigerant for sale\"},{\"@type\":\"BreadcrumbList\",\"@id\":\"https:\\\/\\\/refrigerant-wholesale.com\\\/fr\\\/product\\\/palette-complete-r-410a-40-bouteilles\\\/#breadcrumb\",\"itemListElement\":[{\"@type\":\"ListItem\",\"position\":1,\"name\":\"Home\",\"item\":\"https:\\\/\\\/refrigerant-wholesale.com\\\/fr\\\/\"},{\"@type\":\"ListItem\",\"position\":2,\"name\":\"Boutique\",\"item\":\"https:\\\/\\\/refrigerant-wholesale.com\\\/fr\\\/boutique\\\/\"},{\"@type\":\"ListItem\",\"position\":3,\"name\":\"Palette compl\u00e8te R-410A (40 bouteilles)\"}]},{\"@type\":\"WebSite\",\"@id\":\"https:\\\/\\\/refrigerant-wholesale.com\\\/fr\\\/#website\",\"url\":\"https:\\\/\\\/refrigerant-wholesale.com\\\/fr\\\/\",\"name\":\"Refrigerant Gas Wholesale\",\"description\":\"AC Gas supplier\",\"publisher\":{\"@id\":\"https:\\\/\\\/refrigerant-wholesale.com\\\/fr\\\/#organization\"},\"potentialAction\":[{\"@type\":\"SearchAction\",\"target\":{\"@type\":\"EntryPoint\",\"urlTemplate\":\"https:\\\/\\\/refrigerant-wholesale.com\\\/fr\\\/?s={search_term_string}\"},\"query-input\":{\"@type\":\"PropertyValueSpecification\",\"valueRequired\":true,\"valueName\":\"search_term_string\"}}],\"inLanguage\":\"fr-FR\"},{\"@type\":\"Organization\",\"@id\":\"https:\\\/\\\/refrigerant-wholesale.com\\\/fr\\\/#organization\",\"name\":\"Refrigerant Gas Wholesale\",\"url\":\"https:\\\/\\\/refrigerant-wholesale.com\\\/fr\\\/\",\"logo\":{\"@type\":\"ImageObject\",\"inLanguage\":\"fr-FR\",\"@id\":\"https:\\\/\\\/refrigerant-wholesale.com\\\/fr\\\/#\\\/schema\\\/logo\\\/image\\\/\",\"url\":\"http:\\\/\\\/refrigerant-wholesale.com\\\/wp-content\\\/uploads\\\/2024\\\/04\\\/refrigerant-logo.png\",\"contentUrl\":\"http:\\\/\\\/refrigerant-wholesale.com\\\/wp-content\\\/uploads\\\/2024\\\/04\\\/refrigerant-logo.png\",\"width\":400,\"height\":84,\"caption\":\"Refrigerant Gas Wholesale\"},\"image\":{\"@id\":\"https:\\\/\\\/refrigerant-wholesale.com\\\/fr\\\/#\\\/schema\\\/logo\\\/image\\\/\"},\"sameAs\":[\"https:\\\/\\\/www.facebook.com\\\/refrigerantwholesale\"]}]}<\/script>\n<!-- \/ Yoast SEO Premium plugin. -->","yoast_head_json":{"title":"R-410A Refrigerant Wholesale | Acheter R-410A Refrigerant en vrac","description":"Best R-410A Refrigerant Wholesale price. Achetez R-410A Refrigerant en Bulk. Produits 100% authentiques. Livraison rapide dans le monde entier.","robots":{"index":"index","follow":"follow","max-snippet":"max-snippet:-1","max-image-preview":"max-image-preview:large","max-video-preview":"max-video-preview:-1"},"canonical":"https:\/\/refrigerant-wholesale.com\/fr\/product\/palette-complete-r-410a-40-bouteilles\/","og_locale":"fr_FR","og_type":"article","og_title":"Palette compl\u00e8te R-410A (40 bouteilles)","og_description":"Best R-410A Refrigerant Wholesale price. Achetez R-410A Refrigerant en Bulk. Produits 100% authentiques. Livraison rapide dans le monde entier.","og_url":"https:\/\/refrigerant-wholesale.com\/fr\/product\/palette-complete-r-410a-40-bouteilles\/","og_site_name":"Refrigerant Gas Wholesale","article_publisher":"https:\/\/www.facebook.com\/refrigerantwholesale","article_modified_time":"2025-03-01T21:27:02+00:00","og_image":[{"width":1000,"height":1000,"url":"http:\/\/refrigerant-wholesale.com\/wp-content\/uploads\/2024\/07\/FULL-PALLET-R-410A-40-Cylinders.jpg","type":"image\/jpeg"}],"twitter_card":"summary_large_image","twitter_misc":{"Dur\u00e9e de lecture estim\u00e9e":"2 minutes"},"schema":{"@context":"https:\/\/schema.org","@graph":[{"@type":"WebPage","@id":"https:\/\/refrigerant-wholesale.com\/fr\/product\/palette-complete-r-410a-40-bouteilles\/","url":"https:\/\/refrigerant-wholesale.com\/fr\/product\/palette-complete-r-410a-40-bouteilles\/","name":"R-410A Refrigerant Wholesale | Acheter R-410A Refrigerant en vrac","isPartOf":{"@id":"https:\/\/refrigerant-wholesale.com\/fr\/#website"},"primaryImageOfPage":{"@id":"https:\/\/refrigerant-wholesale.com\/fr\/product\/palette-complete-r-410a-40-bouteilles\/#primaryimage"},"image":{"@id":"https:\/\/refrigerant-wholesale.com\/fr\/product\/palette-complete-r-410a-40-bouteilles\/#primaryimage"},"thumbnailUrl":"https:\/\/refrigerant-wholesale.com\/wp-content\/uploads\/2024\/07\/FULL-PALLET-R-410A-40-Cylinders.jpg","datePublished":"2024-07-13T18:33:05+00:00","dateModified":"2025-03-01T21:27:02+00:00","description":"Best R-410A Refrigerant Wholesale price. Achetez R-410A Refrigerant en Bulk. Produits 100% authentiques. Livraison rapide dans le monde entier.","breadcrumb":{"@id":"https:\/\/refrigerant-wholesale.com\/fr\/product\/palette-complete-r-410a-40-bouteilles\/#breadcrumb"},"inLanguage":"fr-FR","potentialAction":[{"@type":"ReadAction","target":["https:\/\/refrigerant-wholesale.com\/fr\/product\/palette-complete-r-410a-40-bouteilles\/"]}]},{"@type":"ImageObject","inLanguage":"fr-FR","@id":"https:\/\/refrigerant-wholesale.com\/fr\/product\/palette-complete-r-410a-40-bouteilles\/#primaryimage","url":"https:\/\/refrigerant-wholesale.com\/wp-content\/uploads\/2024\/07\/FULL-PALLET-R-410A-40-Cylinders.jpg","contentUrl":"https:\/\/refrigerant-wholesale.com\/wp-content\/uploads\/2024\/07\/FULL-PALLET-R-410A-40-Cylinders.jpg","width":1000,"height":1000,"caption":"R410a Refrigerant Supplier, R410a Refrigerant, R410a, Refrigerant R410a, R 410a freon, Buy R410a refrigerant, R410a refrigerant for sale"},{"@type":"BreadcrumbList","@id":"https:\/\/refrigerant-wholesale.com\/fr\/product\/palette-complete-r-410a-40-bouteilles\/#breadcrumb","itemListElement":[{"@type":"ListItem","position":1,"name":"Home","item":"https:\/\/refrigerant-wholesale.com\/fr\/"},{"@type":"ListItem","position":2,"name":"Boutique","item":"https:\/\/refrigerant-wholesale.com\/fr\/boutique\/"},{"@type":"ListItem","position":3,"name":"Palette compl\u00e8te R-410A (40 bouteilles)"}]},{"@type":"WebSite","@id":"https:\/\/refrigerant-wholesale.com\/fr\/#website","url":"https:\/\/refrigerant-wholesale.com\/fr\/","name":"Refrigerant Gas Wholesale","description":"AC Gas supplier","publisher":{"@id":"https:\/\/refrigerant-wholesale.com\/fr\/#organization"},"potentialAction":[{"@type":"SearchAction","target":{"@type":"EntryPoint","urlTemplate":"https:\/\/refrigerant-wholesale.com\/fr\/?s={search_term_string}"},"query-input":{"@type":"PropertyValueSpecification","valueRequired":true,"valueName":"search_term_string"}}],"inLanguage":"fr-FR"},{"@type":"Organization","@id":"https:\/\/refrigerant-wholesale.com\/fr\/#organization","name":"Refrigerant Gas Wholesale","url":"https:\/\/refrigerant-wholesale.com\/fr\/","logo":{"@type":"ImageObject","inLanguage":"fr-FR","@id":"https:\/\/refrigerant-wholesale.com\/fr\/#\/schema\/logo\/image\/","url":"http:\/\/refrigerant-wholesale.com\/wp-content\/uploads\/2024\/04\/refrigerant-logo.png","contentUrl":"http:\/\/refrigerant-wholesale.com\/wp-content\/uploads\/2024\/04\/refrigerant-logo.png","width":400,"height":84,"caption":"Refrigerant Gas Wholesale"},"image":{"@id":"https:\/\/refrigerant-wholesale.com\/fr\/#\/schema\/logo\/image\/"},"sameAs":["https:\/\/www.facebook.com\/refrigerantwholesale"]}]}},"_links":{"self":[{"href":"https:\/\/refrigerant-wholesale.com\/fr\/wp-json\/wp\/v2\/product\/2238","targetHints":{"allow":["GET"]}}],"collection":[{"href":"https:\/\/refrigerant-wholesale.com\/fr\/wp-json\/wp\/v2\/product"}],"about":[{"href":"https:\/\/refrigerant-wholesale.com\/fr\/wp-json\/wp\/v2\/types\/product"}],"replies":[{"embeddable":true,"href":"https:\/\/refrigerant-wholesale.com\/fr\/wp-json\/wp\/v2\/comments?post=2238"}],"wp:featuredmedia":[{"embeddable":true,"href":"https:\/\/refrigerant-wholesale.com\/fr\/wp-json\/wp\/v2\/media\/1482"}],"wp:attachment":[{"href":"https:\/\/refrigerant-wholesale.com\/fr\/wp-json\/wp\/v2\/media?parent=2238"}],"wp:term":[{"taxonomy":"product_brand","embeddable":true,"href":"https:\/\/refrigerant-wholesale.com\/fr\/wp-json\/wp\/v2\/product_brand?post=2238"},{"taxonomy":"product_cat","embeddable":true,"href":"https:\/\/refrigerant-wholesale.com\/fr\/wp-json\/wp\/v2\/product_cat?post=2238"},{"taxonomy":"product_tag","embeddable":true,"href":"https:\/\/refrigerant-wholesale.com\/fr\/wp-json\/wp\/v2\/product_tag?post=2238"}],"curies":[{"name":"wp","href":"https:\/\/api.w.org\/{rel}","templated":true}]}}