{"id":2237,"date":"2024-07-13T18:28:08","date_gmt":"2024-07-13T18:28:08","guid":{"rendered":"https:\/\/refrigerant-wholesale.com\/product\/demi-palette-r-410a-20-bouteilles\/"},"modified":"2025-03-01T21:27:01","modified_gmt":"2025-03-01T21:27:01","slug":"demi-palette-r-410a-20-bouteilles","status":"publish","type":"product","link":"https:\/\/refrigerant-wholesale.com\/fr\/product\/demi-palette-r-410a-20-bouteilles\/","title":{"rendered":"Demi-palette R-410A (20 bouteilles)"},"content":{"rendered":"<h3>Fournisseur de r\u00e9frig\u00e9rant R-410A &#8211; Votre partenaire mondial pour des solutions de refroidissement respectueuses de l&rsquo;environnement<\/h3>\n<p>Vous \u00eates \u00e0 la recherche d&rsquo;un <strong>fournisseur<\/strong> fiable <strong>de r\u00e9frig\u00e9rant R-410A<\/strong>? Ne cherchez pas plus loin. Nous sommes le partenaire mondial de confiance qui <strong>fournit du fluide frigorig\u00e8ne R410A de<\/strong> haute qualit\u00e9 pour r\u00e9pondre \u00e0 vos besoins en mati\u00e8re de refroidissement. Que vous soyez dans le secteur commercial, industriel ou r\u00e9sidentiel, notre <strong>r\u00e9frig\u00e9rant R-410A<\/strong> offre des performances exceptionnelles pour les syst\u00e8mes de climatisation et de r\u00e9frig\u00e9ration. Gr\u00e2ce \u00e0 notre vaste port\u00e9e internationale, nous assurons une livraison rapide et sans faille sur tous les march\u00e9s du monde.    <\/p>\n<h4>Pourquoi nous choisir comme fournisseur de r\u00e9frig\u00e9rant R-410A ?<\/h4>\n<p>Notre engagement en faveur de la qualit\u00e9 et de l&rsquo;efficacit\u00e9 fait de nous le <strong>fournisseur<\/strong> privil\u00e9gi\u00e9 <strong>de r\u00e9frig\u00e9rant R-410A<\/strong> pour de nombreuses entreprises dans le monde entier. En tant que leaders de l&rsquo;industrie, nous comprenons l&rsquo;importance des r\u00e9frig\u00e9rants respectueux de l&rsquo;environnement. Le <strong>r\u00e9frig\u00e9rant R-410A<\/strong> est largement reconnu pour ses avantages environnementaux, offrant une meilleure efficacit\u00e9 \u00e9nerg\u00e9tique et une r\u00e9duction des \u00e9missions de gaz \u00e0 effet de serre. En nous choisissant, vous am\u00e9liorez non seulement vos syst\u00e8mes de refroidissement, mais vous faites \u00e9galement un choix conscient pour la plan\u00e8te.  <\/p>\n<p>Nous proposons des prix comp\u00e9titifs, ce qui vous permet d&rsquo;obtenir le meilleur rapport qualit\u00e9-prix pour votre investissement. Nos fluides frigorig\u00e8nes proviennent de fabricants de premier plan et r\u00e9pondent \u00e0 toutes les normes r\u00e9glementaires, garantissant ainsi la s\u00e9curit\u00e9 et les performances. En outre, notre <strong>r\u00e9frig\u00e9rant R-410A<\/strong> est disponible en diff\u00e9rentes tailles pour r\u00e9pondre \u00e0 vos besoins sp\u00e9cifiques.  <\/p>\n<h4>Principaux avantages du r\u00e9frig\u00e9rant R-410A<\/h4>\n<p>L&rsquo;un des principaux avantages du <strong>r\u00e9frig\u00e9rant<a href=\"https:\/\/www.google.com\/search?q=r410a+refrigerant+suppliers&amp;sca_esv=8141674a718dc13d&amp;sxsrf=ADLYWIJ_AuH3ahy5A0aRRxZCp6Amevwplw%3A1728400707381&amp;ei=Q00FZ-frFpaVxc8Pzt2c0QU&amp;oq=r410a+refrigerant+suppl&amp;gs_lp=Egxnd3Mtd2l6LXNlcnAiF3I0MTBhIHJlZnJpZ2VyYW50IHN1cHBsKgIIATIFEAAYgAQyBRAAGIAEMgYQABgWGB4yBhAAGBYYHjIIEAAYFhgeGA8yBhAAGBYYHjIGEAAYFhgeMggQABgWGB4YDzIIEAAYFhgKGB4yCxAAGIAEGIYDGIoFSPzkAVDnIljhywFwAXgAkAEAmAGWAaABlQmqAQQwLjEwuAEByAEA-AEBmAILoALHCcICCxAAGLADGAgYHhgPwgIOEAAYgAQYsAMYhgMYigXCAgsQABiABBiwAxiiBMICCBAhGKABGMMEwgIGEAAYCBgewgIIEAAYgAQYogTCAgYQABgHGB7CAgsQABiABBiRAhiKBZgDAIgGAZAGCpIHBDEuMTCgB4M9&amp;sclient=gws-wiz-serp\">R-410A<\/a><\/strong> est sa capacit\u00e9 \u00e0 absorber et \u00e0 lib\u00e9rer la chaleur plus efficacement que les anciens r\u00e9frig\u00e9rants. Cela permet \u00e0 vos syst\u00e8mes de fonctionner plus r\u00e9guli\u00e8rement, ce qui se traduit par une r\u00e9duction des co\u00fbts \u00e9nerg\u00e9tiques et une augmentation de la dur\u00e9e de vie des \u00e9quipements. En outre, le <strong>fluide frigorig\u00e8ne<a href=\"https:\/\/refrigerant-wholesale.com\/fr\/product-category\/r410a-fr\/\">R410A<\/a><\/strong> n&rsquo;appauvrit pas la couche d&rsquo;ozone, ce qui en fait une option durable pour les entreprises qui accordent la priorit\u00e9 \u00e0 la responsabilit\u00e9 environnementale.  <\/p>\n<p>En tant que <strong>fournisseur de r\u00e9frig\u00e9rant R-410A<\/strong> de confiance, nous nous engageons \u00e0 vous fournir des produits qui r\u00e9pondent aux normes industrielles les plus strictes. Nos fluides frigorig\u00e8nes sont soumis \u00e0 des tests rigoureux afin de garantir des performances optimales, ce qui permet \u00e0 vos syst\u00e8mes de refroidissement de fonctionner avec une efficacit\u00e9 maximale. <\/p>\n<h3>Distribution mondiale avec exp\u00e9dition rapide<\/h3>\n<p>Nous comprenons l&rsquo;importance d&rsquo;une livraison dans les d\u00e9lais, en particulier pour les entreprises op\u00e9rant \u00e0 l&rsquo;\u00e9chelle mondiale. Gr\u00e2ce \u00e0 notre <strong>r\u00e9seau de distribution mondial<\/strong>, nous assurons des livraisons rapides et fiables dans tous les coins du monde. O\u00f9 que vous soyez, vous pouvez compter sur nous en tant que <strong>fournisseur<\/strong> fiable <strong>de r\u00e9frig\u00e9rant R-410A<\/strong>.  <\/p>\n<p>Nous travaillons en \u00e9troite collaboration avec des partenaires logistiques pour nous assurer que vos fluides frigorig\u00e8nes arrivent \u00e0 temps, \u00e0 chaque fois. Gr\u00e2ce \u00e0 une livraison efficace et sans tracas, vous pouvez vous concentrer sur la gestion de votre entreprise pendant que nous nous occupons de vos besoins en r\u00e9frig\u00e9ration. <\/p>\n<h4>Des solutions durables pour un avenir plus vert<\/h4>\n<p>En choisissant notre <strong>r\u00e9frig\u00e9rant R-410A<\/strong>, vous contribuez \u00e0 un avenir plus vert. Nos produits sont con\u00e7us pour aider les entreprises \u00e0 r\u00e9duire leur empreinte carbone sans compromettre les performances. Alors que la demande de solutions de refroidissement \u00e9cologiques ne cesse de cro\u00eetre, nous sommes l\u00e0 pour vous aider en vous proposant des r\u00e9frig\u00e9rants de qualit\u00e9 sup\u00e9rieure qui r\u00e9pondent aux besoins \u00e9volutifs de l&rsquo;industrie.  <\/p>\n<p>Faites \u00e9quipe avec nous d\u00e8s aujourd&rsquo;hui et d\u00e9couvrez les avantages de travailler avec un <strong>fournisseur de r\u00e9frig\u00e9rant R-410A<\/strong> de premier plan qui donne la priorit\u00e9 \u00e0 la qualit\u00e9, au d\u00e9veloppement durable et \u00e0 la satisfaction de ses clients.<\/p>\n<hr>\n<p>Passez \u00e0 l&rsquo;action d\u00e8s aujourd&rsquo;hui ! Contactez-nous pour plus d&rsquo;informations ou pour passer une commande. Laissez-nous vous aider \u00e0 r\u00e9pondre \u00e0 tous vos besoins en <strong>r\u00e9frig\u00e9rant R-410A<\/strong>, o\u00f9 que vous soyez dans le monde. Top R410A Refrigerant Supply.   <\/p>\n","protected":false},"excerpt":{"rendered":"<p><img loading=\"lazy\" decoding=\"async\" class=\"alignnone wp-image-437 aligncenter\" src=\"http:\/\/refrigerant-wholesale.com\/wp-content\/uploads\/2024\/03\/Screenshot-69.png\" alt=\"\" width=\"207\" height=\"50\"><\/p>\n<h4 style=\"text-align: center;\"><img loading=\"lazy\" decoding=\"async\" class=\"gmail-crown\" src=\"https:\/\/www.cryptominerbros.com\/wp-content\/uploads\/2019\/12\/dollar-icon.png\" width=\"26\" height=\"27\">ASSURANCE COMMERCIALE<\/h4>\n<div class=\"gmail-textwidget gmail-custom-html-widget\">\n<h6 style=\"text-align: center;\">Exp\u00e9dition : Livraison dans le monde entier<\/h6>\n<h6 style=\"text-align: center;\">(Demande personnalis\u00e9e acceptable)<\/h6>\n<\/div>\n","protected":false},"featured_media":1479,"comment_status":"open","ping_status":"closed","template":"","meta":[],"product_brand":[],"product_cat":[269,396],"product_tag":[],"class_list":{"0":"post-2237","1":"product","2":"type-product","3":"status-publish","4":"has-post-thumbnail","6":"product_cat-non-categorise","7":"product_cat-r410a-fr","9":"first","10":"instock","11":"shipping-taxable","12":"product-type-simple"},"yoast_head":"<!-- This site is optimized with the Yoast SEO Premium plugin v27.0 (Yoast SEO v27.3) - https:\/\/yoast.com\/product\/yoast-seo-premium-wordpress\/ -->\n<title>Fournisseur de r\u00e9frig\u00e9rant R-410A | Top R410A Refrigerant Supply<\/title>\n<meta name=\"description\" content=\"Fournisseur en gros de r\u00e9frig\u00e9rant R-410A. Fourniture fiable et de premier ordre de r\u00e9frig\u00e9rant R410A. Produits 100% authentiques. Livraison rapide dans le monde entier.\" \/>\n<meta name=\"robots\" content=\"index, follow, max-snippet:-1, max-image-preview:large, max-video-preview:-1\" \/>\n<link rel=\"canonical\" href=\"https:\/\/refrigerant-wholesale.com\/fr\/product\/demi-palette-r-410a-20-bouteilles\/\" \/>\n<meta property=\"og:locale\" content=\"fr_FR\" \/>\n<meta property=\"og:type\" content=\"article\" \/>\n<meta property=\"og:title\" content=\"Demi-palette R-410A (20 bouteilles)\" \/>\n<meta property=\"og:description\" content=\"Fournisseur en gros de r\u00e9frig\u00e9rant R-410A. Fourniture fiable et de premier ordre de r\u00e9frig\u00e9rant R410A. Produits 100% authentiques. Livraison rapide dans le monde entier.\" \/>\n<meta property=\"og:url\" content=\"https:\/\/refrigerant-wholesale.com\/fr\/product\/demi-palette-r-410a-20-bouteilles\/\" \/>\n<meta property=\"og:site_name\" content=\"Refrigerant Gas Wholesale\" \/>\n<meta property=\"article:publisher\" content=\"https:\/\/www.facebook.com\/refrigerantwholesale\" \/>\n<meta property=\"article:modified_time\" content=\"2025-03-01T21:27:01+00:00\" \/>\n<meta property=\"og:image\" content=\"http:\/\/refrigerant-wholesale.com\/wp-content\/uploads\/2024\/07\/HALF-PALLET-R-410A-20-Cylinders.jpg\" \/>\n\t<meta property=\"og:image:width\" content=\"1000\" \/>\n\t<meta property=\"og:image:height\" content=\"1000\" \/>\n\t<meta property=\"og:image:type\" content=\"image\/jpeg\" \/>\n<meta name=\"twitter:card\" content=\"summary_large_image\" \/>\n<meta name=\"twitter:label1\" content=\"Dur\u00e9e de lecture estim\u00e9e\" \/>\n\t<meta name=\"twitter:data1\" content=\"4 minutes\" \/>\n<script type=\"application\/ld+json\" class=\"yoast-schema-graph\">{\"@context\":\"https:\\\/\\\/schema.org\",\"@graph\":[{\"@type\":\"WebPage\",\"@id\":\"https:\\\/\\\/refrigerant-wholesale.com\\\/fr\\\/product\\\/demi-palette-r-410a-20-bouteilles\\\/\",\"url\":\"https:\\\/\\\/refrigerant-wholesale.com\\\/fr\\\/product\\\/demi-palette-r-410a-20-bouteilles\\\/\",\"name\":\"Fournisseur de r\u00e9frig\u00e9rant R-410A | Top R410A Refrigerant Supply\",\"isPartOf\":{\"@id\":\"https:\\\/\\\/refrigerant-wholesale.com\\\/fr\\\/#website\"},\"primaryImageOfPage\":{\"@id\":\"https:\\\/\\\/refrigerant-wholesale.com\\\/fr\\\/product\\\/demi-palette-r-410a-20-bouteilles\\\/#primaryimage\"},\"image\":{\"@id\":\"https:\\\/\\\/refrigerant-wholesale.com\\\/fr\\\/product\\\/demi-palette-r-410a-20-bouteilles\\\/#primaryimage\"},\"thumbnailUrl\":\"https:\\\/\\\/refrigerant-wholesale.com\\\/wp-content\\\/uploads\\\/2024\\\/07\\\/HALF-PALLET-R-410A-20-Cylinders.jpg\",\"datePublished\":\"2024-07-13T18:28:08+00:00\",\"dateModified\":\"2025-03-01T21:27:01+00:00\",\"description\":\"Fournisseur en gros de r\u00e9frig\u00e9rant R-410A. Fourniture fiable et de premier ordre de r\u00e9frig\u00e9rant R410A. Produits 100% authentiques. Livraison rapide dans le monde entier.\",\"breadcrumb\":{\"@id\":\"https:\\\/\\\/refrigerant-wholesale.com\\\/fr\\\/product\\\/demi-palette-r-410a-20-bouteilles\\\/#breadcrumb\"},\"inLanguage\":\"fr-FR\",\"potentialAction\":[{\"@type\":\"ReadAction\",\"target\":[\"https:\\\/\\\/refrigerant-wholesale.com\\\/fr\\\/product\\\/demi-palette-r-410a-20-bouteilles\\\/\"]}]},{\"@type\":\"ImageObject\",\"inLanguage\":\"fr-FR\",\"@id\":\"https:\\\/\\\/refrigerant-wholesale.com\\\/fr\\\/product\\\/demi-palette-r-410a-20-bouteilles\\\/#primaryimage\",\"url\":\"https:\\\/\\\/refrigerant-wholesale.com\\\/wp-content\\\/uploads\\\/2024\\\/07\\\/HALF-PALLET-R-410A-20-Cylinders.jpg\",\"contentUrl\":\"https:\\\/\\\/refrigerant-wholesale.com\\\/wp-content\\\/uploads\\\/2024\\\/07\\\/HALF-PALLET-R-410A-20-Cylinders.jpg\",\"width\":1000,\"height\":1000,\"caption\":\"R410a Refrigerant Supplier, R410a Refrigerant, R410a, Refrigerant R410a, R 410a freon, Buy R410a refrigerant, R410a refrigerant for sale\"},{\"@type\":\"BreadcrumbList\",\"@id\":\"https:\\\/\\\/refrigerant-wholesale.com\\\/fr\\\/product\\\/demi-palette-r-410a-20-bouteilles\\\/#breadcrumb\",\"itemListElement\":[{\"@type\":\"ListItem\",\"position\":1,\"name\":\"Home\",\"item\":\"https:\\\/\\\/refrigerant-wholesale.com\\\/fr\\\/\"},{\"@type\":\"ListItem\",\"position\":2,\"name\":\"Boutique\",\"item\":\"https:\\\/\\\/refrigerant-wholesale.com\\\/fr\\\/boutique\\\/\"},{\"@type\":\"ListItem\",\"position\":3,\"name\":\"Demi-palette R-410A (20 bouteilles)\"}]},{\"@type\":\"WebSite\",\"@id\":\"https:\\\/\\\/refrigerant-wholesale.com\\\/fr\\\/#website\",\"url\":\"https:\\\/\\\/refrigerant-wholesale.com\\\/fr\\\/\",\"name\":\"Refrigerant Gas Wholesale\",\"description\":\"AC Gas supplier\",\"publisher\":{\"@id\":\"https:\\\/\\\/refrigerant-wholesale.com\\\/fr\\\/#organization\"},\"potentialAction\":[{\"@type\":\"SearchAction\",\"target\":{\"@type\":\"EntryPoint\",\"urlTemplate\":\"https:\\\/\\\/refrigerant-wholesale.com\\\/fr\\\/?s={search_term_string}\"},\"query-input\":{\"@type\":\"PropertyValueSpecification\",\"valueRequired\":true,\"valueName\":\"search_term_string\"}}],\"inLanguage\":\"fr-FR\"},{\"@type\":\"Organization\",\"@id\":\"https:\\\/\\\/refrigerant-wholesale.com\\\/fr\\\/#organization\",\"name\":\"Refrigerant Gas Wholesale\",\"url\":\"https:\\\/\\\/refrigerant-wholesale.com\\\/fr\\\/\",\"logo\":{\"@type\":\"ImageObject\",\"inLanguage\":\"fr-FR\",\"@id\":\"https:\\\/\\\/refrigerant-wholesale.com\\\/fr\\\/#\\\/schema\\\/logo\\\/image\\\/\",\"url\":\"http:\\\/\\\/refrigerant-wholesale.com\\\/wp-content\\\/uploads\\\/2024\\\/04\\\/refrigerant-logo.png\",\"contentUrl\":\"http:\\\/\\\/refrigerant-wholesale.com\\\/wp-content\\\/uploads\\\/2024\\\/04\\\/refrigerant-logo.png\",\"width\":400,\"height\":84,\"caption\":\"Refrigerant Gas Wholesale\"},\"image\":{\"@id\":\"https:\\\/\\\/refrigerant-wholesale.com\\\/fr\\\/#\\\/schema\\\/logo\\\/image\\\/\"},\"sameAs\":[\"https:\\\/\\\/www.facebook.com\\\/refrigerantwholesale\"]}]}<\/script>\n<!-- \/ Yoast SEO Premium plugin. -->","yoast_head_json":{"title":"Fournisseur de r\u00e9frig\u00e9rant R-410A | Top R410A Refrigerant Supply","description":"Fournisseur en gros de r\u00e9frig\u00e9rant R-410A. Fourniture fiable et de premier ordre de r\u00e9frig\u00e9rant R410A. Produits 100% authentiques. Livraison rapide dans le monde entier.","robots":{"index":"index","follow":"follow","max-snippet":"max-snippet:-1","max-image-preview":"max-image-preview:large","max-video-preview":"max-video-preview:-1"},"canonical":"https:\/\/refrigerant-wholesale.com\/fr\/product\/demi-palette-r-410a-20-bouteilles\/","og_locale":"fr_FR","og_type":"article","og_title":"Demi-palette R-410A (20 bouteilles)","og_description":"Fournisseur en gros de r\u00e9frig\u00e9rant R-410A. Fourniture fiable et de premier ordre de r\u00e9frig\u00e9rant R410A. Produits 100% authentiques. Livraison rapide dans le monde entier.","og_url":"https:\/\/refrigerant-wholesale.com\/fr\/product\/demi-palette-r-410a-20-bouteilles\/","og_site_name":"Refrigerant Gas Wholesale","article_publisher":"https:\/\/www.facebook.com\/refrigerantwholesale","article_modified_time":"2025-03-01T21:27:01+00:00","og_image":[{"width":1000,"height":1000,"url":"http:\/\/refrigerant-wholesale.com\/wp-content\/uploads\/2024\/07\/HALF-PALLET-R-410A-20-Cylinders.jpg","type":"image\/jpeg"}],"twitter_card":"summary_large_image","twitter_misc":{"Dur\u00e9e de lecture estim\u00e9e":"4 minutes"},"schema":{"@context":"https:\/\/schema.org","@graph":[{"@type":"WebPage","@id":"https:\/\/refrigerant-wholesale.com\/fr\/product\/demi-palette-r-410a-20-bouteilles\/","url":"https:\/\/refrigerant-wholesale.com\/fr\/product\/demi-palette-r-410a-20-bouteilles\/","name":"Fournisseur de r\u00e9frig\u00e9rant R-410A | Top R410A Refrigerant Supply","isPartOf":{"@id":"https:\/\/refrigerant-wholesale.com\/fr\/#website"},"primaryImageOfPage":{"@id":"https:\/\/refrigerant-wholesale.com\/fr\/product\/demi-palette-r-410a-20-bouteilles\/#primaryimage"},"image":{"@id":"https:\/\/refrigerant-wholesale.com\/fr\/product\/demi-palette-r-410a-20-bouteilles\/#primaryimage"},"thumbnailUrl":"https:\/\/refrigerant-wholesale.com\/wp-content\/uploads\/2024\/07\/HALF-PALLET-R-410A-20-Cylinders.jpg","datePublished":"2024-07-13T18:28:08+00:00","dateModified":"2025-03-01T21:27:01+00:00","description":"Fournisseur en gros de r\u00e9frig\u00e9rant R-410A. Fourniture fiable et de premier ordre de r\u00e9frig\u00e9rant R410A. Produits 100% authentiques. Livraison rapide dans le monde entier.","breadcrumb":{"@id":"https:\/\/refrigerant-wholesale.com\/fr\/product\/demi-palette-r-410a-20-bouteilles\/#breadcrumb"},"inLanguage":"fr-FR","potentialAction":[{"@type":"ReadAction","target":["https:\/\/refrigerant-wholesale.com\/fr\/product\/demi-palette-r-410a-20-bouteilles\/"]}]},{"@type":"ImageObject","inLanguage":"fr-FR","@id":"https:\/\/refrigerant-wholesale.com\/fr\/product\/demi-palette-r-410a-20-bouteilles\/#primaryimage","url":"https:\/\/refrigerant-wholesale.com\/wp-content\/uploads\/2024\/07\/HALF-PALLET-R-410A-20-Cylinders.jpg","contentUrl":"https:\/\/refrigerant-wholesale.com\/wp-content\/uploads\/2024\/07\/HALF-PALLET-R-410A-20-Cylinders.jpg","width":1000,"height":1000,"caption":"R410a Refrigerant Supplier, R410a Refrigerant, R410a, Refrigerant R410a, R 410a freon, Buy R410a refrigerant, R410a refrigerant for sale"},{"@type":"BreadcrumbList","@id":"https:\/\/refrigerant-wholesale.com\/fr\/product\/demi-palette-r-410a-20-bouteilles\/#breadcrumb","itemListElement":[{"@type":"ListItem","position":1,"name":"Home","item":"https:\/\/refrigerant-wholesale.com\/fr\/"},{"@type":"ListItem","position":2,"name":"Boutique","item":"https:\/\/refrigerant-wholesale.com\/fr\/boutique\/"},{"@type":"ListItem","position":3,"name":"Demi-palette R-410A (20 bouteilles)"}]},{"@type":"WebSite","@id":"https:\/\/refrigerant-wholesale.com\/fr\/#website","url":"https:\/\/refrigerant-wholesale.com\/fr\/","name":"Refrigerant Gas Wholesale","description":"AC Gas supplier","publisher":{"@id":"https:\/\/refrigerant-wholesale.com\/fr\/#organization"},"potentialAction":[{"@type":"SearchAction","target":{"@type":"EntryPoint","urlTemplate":"https:\/\/refrigerant-wholesale.com\/fr\/?s={search_term_string}"},"query-input":{"@type":"PropertyValueSpecification","valueRequired":true,"valueName":"search_term_string"}}],"inLanguage":"fr-FR"},{"@type":"Organization","@id":"https:\/\/refrigerant-wholesale.com\/fr\/#organization","name":"Refrigerant Gas Wholesale","url":"https:\/\/refrigerant-wholesale.com\/fr\/","logo":{"@type":"ImageObject","inLanguage":"fr-FR","@id":"https:\/\/refrigerant-wholesale.com\/fr\/#\/schema\/logo\/image\/","url":"http:\/\/refrigerant-wholesale.com\/wp-content\/uploads\/2024\/04\/refrigerant-logo.png","contentUrl":"http:\/\/refrigerant-wholesale.com\/wp-content\/uploads\/2024\/04\/refrigerant-logo.png","width":400,"height":84,"caption":"Refrigerant Gas Wholesale"},"image":{"@id":"https:\/\/refrigerant-wholesale.com\/fr\/#\/schema\/logo\/image\/"},"sameAs":["https:\/\/www.facebook.com\/refrigerantwholesale"]}]}},"_links":{"self":[{"href":"https:\/\/refrigerant-wholesale.com\/fr\/wp-json\/wp\/v2\/product\/2237","targetHints":{"allow":["GET"]}}],"collection":[{"href":"https:\/\/refrigerant-wholesale.com\/fr\/wp-json\/wp\/v2\/product"}],"about":[{"href":"https:\/\/refrigerant-wholesale.com\/fr\/wp-json\/wp\/v2\/types\/product"}],"replies":[{"embeddable":true,"href":"https:\/\/refrigerant-wholesale.com\/fr\/wp-json\/wp\/v2\/comments?post=2237"}],"wp:featuredmedia":[{"embeddable":true,"href":"https:\/\/refrigerant-wholesale.com\/fr\/wp-json\/wp\/v2\/media\/1479"}],"wp:attachment":[{"href":"https:\/\/refrigerant-wholesale.com\/fr\/wp-json\/wp\/v2\/media?parent=2237"}],"wp:term":[{"taxonomy":"product_brand","embeddable":true,"href":"https:\/\/refrigerant-wholesale.com\/fr\/wp-json\/wp\/v2\/product_brand?post=2237"},{"taxonomy":"product_cat","embeddable":true,"href":"https:\/\/refrigerant-wholesale.com\/fr\/wp-json\/wp\/v2\/product_cat?post=2237"},{"taxonomy":"product_tag","embeddable":true,"href":"https:\/\/refrigerant-wholesale.com\/fr\/wp-json\/wp\/v2\/product_tag?post=2237"}],"curies":[{"name":"wp","href":"https:\/\/api.w.org\/{rel}","templated":true}]}}