{"id":2223,"date":"2024-07-13T17:34:32","date_gmt":"2024-07-13T17:34:32","guid":{"rendered":"https:\/\/refrigerant-wholesale.com\/product\/quart-de-palette-r22-10-cylindres\/"},"modified":"2025-03-01T21:26:51","modified_gmt":"2025-03-01T21:26:51","slug":"quart-de-palette-r22-10-cylindres","status":"publish","type":"product","link":"https:\/\/refrigerant-wholesale.com\/fr\/product\/quart-de-palette-r22-10-cylindres\/","title":{"rendered":"Quart de palette R22 (10 cylindres)"},"content":{"rendered":"<h3><strong>Fournisseur de r\u00e9frig\u00e9rant R22 de premi\u00e8re qualit\u00e9 &#8211; Distribution en gros et dans le monde entier<\/strong><\/h3>\n<p>Vous \u00eates \u00e0 la recherche d&rsquo;un <strong>fournisseur<\/strong> fiable <strong>de r\u00e9frig\u00e9rant R22<\/strong>? Ne cherchez pas plus loin ! Nous sommes un fournisseur mondial de confiance, offrant <strong>du r\u00e9frig\u00e9rant R22<\/strong> de premi\u00e8re qualit\u00e9 \u00e0 des prix de gros comp\u00e9titifs. Notre engagement en mati\u00e8re de qualit\u00e9, de rapidit\u00e9 d&rsquo;exp\u00e9dition et de service \u00e0 la client\u00e8le imbattable fait de nous le choix privil\u00e9gi\u00e9 des entreprises du monde entier. Fourniture de fluide frigorig\u00e8ne <a href=\"https:\/\/refrigerant-wholesale.com\/es\/?post_type=product&#038;p=2218\">R22<\/a> par les meilleurs fournisseurs de fluide frigorig\u00e8ne R22    <\/p>\n<h3>Pourquoi nous choisir comme fournisseur de r\u00e9frig\u00e9rant R22 ?<\/h3>\n<p>Nous comprenons l&rsquo;importance d&rsquo;avoir un fournisseur de r\u00e9frig\u00e9rant fiable, en particulier dans les industries du CVC et de la r\u00e9frig\u00e9ration qui \u00e9voluent rapidement. C&rsquo;est pourquoi nous garantissons un approvisionnement et une qualit\u00e9 constants. Lorsque vous vous associez \u00e0 nous, vous obtenez :  <\/p>\n<ul>\n<li><strong>R\u00e9frig\u00e9rant R22 de haute puret\u00e9<\/strong> adapt\u00e9 \u00e0 diverses applications<\/li>\n<li>Prix de gros pour soutenir la croissance de votre entreprise<\/li>\n<li>Exp\u00e9dition rapide et livraison dans le monde entier<\/li>\n<li>Une assistance client\u00e8le fiable \u00e0 chaque \u00e9tape du processus<\/li>\n<\/ul>\n<p>Notre expertise dans l&rsquo;industrie des r\u00e9frig\u00e9rants garantit le bon fonctionnement de votre entreprise, sans interruption.<\/p>\n<h3>R\u00e9frig\u00e9rant R22 de premi\u00e8re qualit\u00e9 pour tous vos besoins<\/h3>\n<p>Le r\u00e9frig\u00e9rant R22 reste un composant essentiel pour de nombreux syst\u00e8mes CVC. Que vous soyez dans le secteur r\u00e9sidentiel, commercial ou industriel, nous fournissons du <strong>fluide frigorig\u00e8ne R22 de premi\u00e8re qualit\u00e9<\/strong> qui r\u00e9pond aux normes industrielles les plus \u00e9lev\u00e9es. Notre r\u00e9frig\u00e9rant <a href=\"https:\/\/refrigerant-wholesale.com\/es\/?post_type=product&#038;p=2215\">R22<\/a> est parfait pour la r\u00e9frig\u00e9ration, les syst\u00e8mes de climatisation et autres solutions de refroidissement qui exigent efficacit\u00e9 et fiabilit\u00e9.  <\/p>\n<p>En outre, nos produits sont r\u00e9guli\u00e8rement test\u00e9s pour s&rsquo;assurer qu&rsquo;ils sont conformes aux r\u00e9glementations du secteur. Vous avez ainsi la garantie de recevoir le meilleur produit disponible sur le march\u00e9, \u00e0 chaque fois. <\/p>\n<h3>Prix de gros pour respecter votre budget<\/h3>\n<p>L&rsquo;achat de fluides frigorig\u00e8nes en gros peut faire gagner du temps et de l&rsquo;argent \u00e0 votre entreprise. En tant que <strong>fournisseur<\/strong> leader <strong>de r\u00e9frig\u00e9rants R22 en gros<\/strong>, nous offrons des prix comp\u00e9titifs qui s&rsquo;alignent sur votre budget. Que vous achetiez pour une petite entreprise ou une op\u00e9ration de grande envergure, nos tarifs de gros vous permettent de maintenir votre stock sans vous ruiner.  <\/p>\n<p>En outre, nous proposons des options de commande flexibles, vous permettant d&rsquo;acheter les quantit\u00e9s dont vous avez besoin. Qu&rsquo;il s&rsquo;agisse d&rsquo;une petite ou d&rsquo;une grande livraison, nous avons tout ce qu&rsquo;il vous faut ! <\/p>\n<h3>Livraison rapide et fiable dans le monde entier<\/h3>\n<p>Nous comprenons l&rsquo;importance des d\u00e9lais de livraison pour votre entreprise. C&rsquo;est pourquoi nous proposons des options d&rsquo;exp\u00e9dition rapide \u00e0 nos clients du monde entier. Que vous soyez situ\u00e9 en Am\u00e9rique du Nord, en Europe, en Asie ou dans toute autre r\u00e9gion, nous nous assurons que votre approvisionnement en <a href=\"https:\/\/www.google.com\/search?q=r22+refrigerant+suppliers&amp;sca_esv=8141674a718dc13d&amp;sxsrf=ADLYWILNrT7sUvy-xpDD2v6ofO2Ie-GjPg%3A1728395404135&amp;ei=jDgFZ77wB9yrxc8PjsOQ4Ak&amp;oq=r22+refrigerant+supplie&amp;gs_lp=Egxnd3Mtd2l6LXNlcnAiF3IyMiByZWZyaWdlcmFudCBzdXBwbGllKgIIADIFEAAYgAQyBhAAGBYYHjIGEAAYFhgeMgYQABgWGB4yBhAAGBYYHjIIEAAYFhgeGA8yCxAAGIAEGIYDGIoFMgsQABiABBiGAxiKBTILEAAYgAQYhgMYigUyCxAAGIAEGIYDGIoFSLExUMASWLkecAJ4AZABAJgBhgGgAeMGqgEDMC43uAEByAEA-AEBmAIJoAKIB8ICChAAGLADGNYEGEfCAg0QABiABBiwAxhDGIoFwgILEAAYgAQYkQIYigXCAgoQABiABBgUGIcCmAMAiAYBkAYKkgcDMi43oAfdMQ&amp;sclient=gws-wiz-serp\">r\u00e9frig\u00e9rant<\/a> <a href=\"https:\/\/refrigerant-wholesale.com\/es\/?post_type=product&#038;p=2218\">R22<\/a> arrive \u00e0 temps. Notre r\u00e9seau de distribution mondial bien \u00e9tabli fait de nous un <strong>fournisseur<\/strong> privil\u00e9gi\u00e9 <strong>de r\u00e9frig\u00e9rant R22<\/strong> pour les entreprises du monde entier.   <\/p>\n<p>En outre, nous assurons le suivi de chaque commande du d\u00e9but \u00e0 la fin, ce qui garantit la tranquillit\u00e9 d&rsquo;esprit et la transparence tout au long du processus de livraison.<\/p>\n<h3>Excellente assistance \u00e0 la client\u00e8le<\/h3>\n<p>En plus de fournir des produits de qualit\u00e9 sup\u00e9rieure, nous sommes fiers d&rsquo;offrir un service \u00e0 la client\u00e8le exceptionnel. Depuis le moment o\u00f9 vous passez votre commande jusqu&rsquo;\u00e0 la livraison finale, notre \u00e9quipe d&rsquo;assistance est \u00e0 votre disposition pour r\u00e9pondre \u00e0 toutes vos questions. Nous nous engageons \u00e0 \u00e9tablir des partenariats \u00e0 long terme avec nos clients.  <\/p>\n<h3>Contactez-nous d\u00e8s aujourd&rsquo;hui !<\/h3>\n<p>Pour plus d&rsquo;informations sur nos options de <strong>vente en gros de r\u00e9frig\u00e9rant R22<\/strong> et pour demander un devis, contactez-nous d\u00e8s aujourd&rsquo;hui ! Avec notre r\u00e9frig\u00e9rant de haute qualit\u00e9, nos prix comp\u00e9titifs et notre livraison efficace, nous sommes votre partenaire de confiance dans l&rsquo;industrie du r\u00e9frig\u00e9rant. <\/p>\n<p>Choisissez-nous comme <strong>fournisseur de r\u00e9frig\u00e9rant R22<\/strong> et faites l&rsquo;exp\u00e9rience d&rsquo;un service sans faille, de produits de qualit\u00e9 et d&rsquo;une excellente assistance ! Principaux fournisseurs de r\u00e9frig\u00e9rant R22. <\/p>\n","protected":false},"excerpt":{"rendered":"<p><img loading=\"lazy\" decoding=\"async\" class=\"alignnone wp-image-437 aligncenter\" src=\"http:\/\/refrigerant-wholesale.com\/wp-content\/uploads\/2024\/03\/Screenshot-69.png\" alt=\"\" width=\"207\" height=\"50\"><\/p>\n<h4 style=\"text-align: center;\"><img loading=\"lazy\" decoding=\"async\" class=\"gmail-crown\" src=\"https:\/\/www.cryptominerbros.com\/wp-content\/uploads\/2019\/12\/dollar-icon.png\" width=\"26\" height=\"27\">ASSURANCE COMMERCIALE<\/h4>\n<div class=\"gmail-textwidget gmail-custom-html-widget\">\n<h6 style=\"text-align: center;\">Exp\u00e9dition : Livraison dans le monde entier<\/h6>\n<h6 style=\"text-align: center;\">(Demande personnalis\u00e9e acceptable)<\/h6>\n<p style=\"text-align: center;\">100% VIRGIN Scell\u00e9 en usine GARANTIE<\/p>\n<p style=\"text-align: center;\"><a href=\"http:\/\/refrigerant-wholesale.com\/wp-content\/uploads\/2024\/07\/SDS-R22.pdf\" target=\"_self\" class=\"button primary is-green is-small\"  >\n    <span>T\u00e9l\u00e9chargez la fiche technique sur la s\u00e9curit\u00e9<\/span>\n  <\/a>\n\n<\/div>\n","protected":false},"featured_media":1455,"comment_status":"closed","ping_status":"closed","template":"","meta":[],"product_brand":[],"product_cat":[269,432],"product_tag":[],"class_list":{"0":"post-2223","1":"product","2":"type-product","3":"status-publish","4":"has-post-thumbnail","6":"product_cat-non-categorise","7":"product_cat-r22-fr","9":"first","10":"instock","11":"shipping-taxable","12":"product-type-simple"},"yoast_head":"<!-- This site is optimized with the Yoast SEO Premium plugin v27.0 (Yoast SEO v27.3) - https:\/\/yoast.com\/product\/yoast-seo-premium-wordpress\/ -->\n<title>R22 Refrigerant Supplier Wholesale | WS Refrigerants<\/title>\n<meta name=\"description\" content=\"Achetez en gros le r\u00e9frig\u00e9rant R22, fournisseur de r\u00e9frig\u00e9rant R22 de premi\u00e8re qualit\u00e9. Produits 100% authentiques. Livraison rapide dans le monde entier. Principaux fournisseurs de r\u00e9frig\u00e9rant R22\" \/>\n<meta name=\"robots\" content=\"index, follow, max-snippet:-1, max-image-preview:large, max-video-preview:-1\" \/>\n<link rel=\"canonical\" href=\"https:\/\/refrigerant-wholesale.com\/fr\/product\/quart-de-palette-r22-10-cylindres\/\" \/>\n<meta property=\"og:locale\" content=\"fr_FR\" \/>\n<meta property=\"og:type\" content=\"article\" \/>\n<meta property=\"og:title\" content=\"Quart de palette R22 (10 cylindres)\" \/>\n<meta property=\"og:description\" content=\"Achetez en gros le r\u00e9frig\u00e9rant R22, fournisseur de r\u00e9frig\u00e9rant R22 de premi\u00e8re qualit\u00e9. Produits 100% authentiques. Livraison rapide dans le monde entier. Principaux fournisseurs de r\u00e9frig\u00e9rant R22\" \/>\n<meta property=\"og:url\" content=\"https:\/\/refrigerant-wholesale.com\/fr\/product\/quart-de-palette-r22-10-cylindres\/\" \/>\n<meta property=\"og:site_name\" content=\"Refrigerant Gas Wholesale\" \/>\n<meta property=\"article:publisher\" content=\"https:\/\/www.facebook.com\/refrigerantwholesale\" \/>\n<meta property=\"article:modified_time\" content=\"2025-03-01T21:26:51+00:00\" \/>\n<meta property=\"og:image\" content=\"http:\/\/refrigerant-wholesale.com\/wp-content\/uploads\/2024\/07\/QUARTER-PALLET-R22-10-Cylinders.jpg\" \/>\n\t<meta property=\"og:image:width\" content=\"1000\" \/>\n\t<meta property=\"og:image:height\" content=\"1000\" \/>\n\t<meta property=\"og:image:type\" content=\"image\/jpeg\" \/>\n<meta name=\"twitter:card\" content=\"summary_large_image\" \/>\n<meta name=\"twitter:label1\" content=\"Dur\u00e9e de lecture estim\u00e9e\" \/>\n\t<meta name=\"twitter:data1\" content=\"4 minutes\" \/>\n<script type=\"application\/ld+json\" class=\"yoast-schema-graph\">{\"@context\":\"https:\\\/\\\/schema.org\",\"@graph\":[{\"@type\":\"WebPage\",\"@id\":\"https:\\\/\\\/refrigerant-wholesale.com\\\/fr\\\/product\\\/quart-de-palette-r22-10-cylindres\\\/\",\"url\":\"https:\\\/\\\/refrigerant-wholesale.com\\\/fr\\\/product\\\/quart-de-palette-r22-10-cylindres\\\/\",\"name\":\"R22 Refrigerant Supplier Wholesale | WS Refrigerants\",\"isPartOf\":{\"@id\":\"https:\\\/\\\/refrigerant-wholesale.com\\\/fr\\\/#website\"},\"primaryImageOfPage\":{\"@id\":\"https:\\\/\\\/refrigerant-wholesale.com\\\/fr\\\/product\\\/quart-de-palette-r22-10-cylindres\\\/#primaryimage\"},\"image\":{\"@id\":\"https:\\\/\\\/refrigerant-wholesale.com\\\/fr\\\/product\\\/quart-de-palette-r22-10-cylindres\\\/#primaryimage\"},\"thumbnailUrl\":\"https:\\\/\\\/refrigerant-wholesale.com\\\/wp-content\\\/uploads\\\/2024\\\/07\\\/QUARTER-PALLET-R22-10-Cylinders.jpg\",\"datePublished\":\"2024-07-13T17:34:32+00:00\",\"dateModified\":\"2025-03-01T21:26:51+00:00\",\"description\":\"Achetez en gros le r\u00e9frig\u00e9rant R22, fournisseur de r\u00e9frig\u00e9rant R22 de premi\u00e8re qualit\u00e9. Produits 100% authentiques. Livraison rapide dans le monde entier. Principaux fournisseurs de r\u00e9frig\u00e9rant R22\",\"breadcrumb\":{\"@id\":\"https:\\\/\\\/refrigerant-wholesale.com\\\/fr\\\/product\\\/quart-de-palette-r22-10-cylindres\\\/#breadcrumb\"},\"inLanguage\":\"fr-FR\",\"potentialAction\":[{\"@type\":\"ReadAction\",\"target\":[\"https:\\\/\\\/refrigerant-wholesale.com\\\/fr\\\/product\\\/quart-de-palette-r22-10-cylindres\\\/\"]}]},{\"@type\":\"ImageObject\",\"inLanguage\":\"fr-FR\",\"@id\":\"https:\\\/\\\/refrigerant-wholesale.com\\\/fr\\\/product\\\/quart-de-palette-r22-10-cylindres\\\/#primaryimage\",\"url\":\"https:\\\/\\\/refrigerant-wholesale.com\\\/wp-content\\\/uploads\\\/2024\\\/07\\\/QUARTER-PALLET-R22-10-Cylinders.jpg\",\"contentUrl\":\"https:\\\/\\\/refrigerant-wholesale.com\\\/wp-content\\\/uploads\\\/2024\\\/07\\\/QUARTER-PALLET-R22-10-Cylinders.jpg\",\"width\":1000,\"height\":1000,\"caption\":\"R22 Refrigerant Supplier, R22 Refrigerant, R22, Refrigerant R22, R 22 freon, Buy R22 refrigerant, R22 refrigerant for sale\"},{\"@type\":\"BreadcrumbList\",\"@id\":\"https:\\\/\\\/refrigerant-wholesale.com\\\/fr\\\/product\\\/quart-de-palette-r22-10-cylindres\\\/#breadcrumb\",\"itemListElement\":[{\"@type\":\"ListItem\",\"position\":1,\"name\":\"Home\",\"item\":\"https:\\\/\\\/refrigerant-wholesale.com\\\/fr\\\/\"},{\"@type\":\"ListItem\",\"position\":2,\"name\":\"Boutique\",\"item\":\"https:\\\/\\\/refrigerant-wholesale.com\\\/fr\\\/boutique\\\/\"},{\"@type\":\"ListItem\",\"position\":3,\"name\":\"Quart de palette R22 (10 cylindres)\"}]},{\"@type\":\"WebSite\",\"@id\":\"https:\\\/\\\/refrigerant-wholesale.com\\\/fr\\\/#website\",\"url\":\"https:\\\/\\\/refrigerant-wholesale.com\\\/fr\\\/\",\"name\":\"Refrigerant Gas Wholesale\",\"description\":\"AC Gas supplier\",\"publisher\":{\"@id\":\"https:\\\/\\\/refrigerant-wholesale.com\\\/fr\\\/#organization\"},\"potentialAction\":[{\"@type\":\"SearchAction\",\"target\":{\"@type\":\"EntryPoint\",\"urlTemplate\":\"https:\\\/\\\/refrigerant-wholesale.com\\\/fr\\\/?s={search_term_string}\"},\"query-input\":{\"@type\":\"PropertyValueSpecification\",\"valueRequired\":true,\"valueName\":\"search_term_string\"}}],\"inLanguage\":\"fr-FR\"},{\"@type\":\"Organization\",\"@id\":\"https:\\\/\\\/refrigerant-wholesale.com\\\/fr\\\/#organization\",\"name\":\"Refrigerant Gas Wholesale\",\"url\":\"https:\\\/\\\/refrigerant-wholesale.com\\\/fr\\\/\",\"logo\":{\"@type\":\"ImageObject\",\"inLanguage\":\"fr-FR\",\"@id\":\"https:\\\/\\\/refrigerant-wholesale.com\\\/fr\\\/#\\\/schema\\\/logo\\\/image\\\/\",\"url\":\"http:\\\/\\\/refrigerant-wholesale.com\\\/wp-content\\\/uploads\\\/2024\\\/04\\\/refrigerant-logo.png\",\"contentUrl\":\"http:\\\/\\\/refrigerant-wholesale.com\\\/wp-content\\\/uploads\\\/2024\\\/04\\\/refrigerant-logo.png\",\"width\":400,\"height\":84,\"caption\":\"Refrigerant Gas Wholesale\"},\"image\":{\"@id\":\"https:\\\/\\\/refrigerant-wholesale.com\\\/fr\\\/#\\\/schema\\\/logo\\\/image\\\/\"},\"sameAs\":[\"https:\\\/\\\/www.facebook.com\\\/refrigerantwholesale\"]}]}<\/script>\n<!-- \/ Yoast SEO Premium plugin. -->","yoast_head_json":{"title":"R22 Refrigerant Supplier Wholesale | WS Refrigerants","description":"Achetez en gros le r\u00e9frig\u00e9rant R22, fournisseur de r\u00e9frig\u00e9rant R22 de premi\u00e8re qualit\u00e9. Produits 100% authentiques. Livraison rapide dans le monde entier. Principaux fournisseurs de r\u00e9frig\u00e9rant R22","robots":{"index":"index","follow":"follow","max-snippet":"max-snippet:-1","max-image-preview":"max-image-preview:large","max-video-preview":"max-video-preview:-1"},"canonical":"https:\/\/refrigerant-wholesale.com\/fr\/product\/quart-de-palette-r22-10-cylindres\/","og_locale":"fr_FR","og_type":"article","og_title":"Quart de palette R22 (10 cylindres)","og_description":"Achetez en gros le r\u00e9frig\u00e9rant R22, fournisseur de r\u00e9frig\u00e9rant R22 de premi\u00e8re qualit\u00e9. Produits 100% authentiques. Livraison rapide dans le monde entier. Principaux fournisseurs de r\u00e9frig\u00e9rant R22","og_url":"https:\/\/refrigerant-wholesale.com\/fr\/product\/quart-de-palette-r22-10-cylindres\/","og_site_name":"Refrigerant Gas Wholesale","article_publisher":"https:\/\/www.facebook.com\/refrigerantwholesale","article_modified_time":"2025-03-01T21:26:51+00:00","og_image":[{"width":1000,"height":1000,"url":"http:\/\/refrigerant-wholesale.com\/wp-content\/uploads\/2024\/07\/QUARTER-PALLET-R22-10-Cylinders.jpg","type":"image\/jpeg"}],"twitter_card":"summary_large_image","twitter_misc":{"Dur\u00e9e de lecture estim\u00e9e":"4 minutes"},"schema":{"@context":"https:\/\/schema.org","@graph":[{"@type":"WebPage","@id":"https:\/\/refrigerant-wholesale.com\/fr\/product\/quart-de-palette-r22-10-cylindres\/","url":"https:\/\/refrigerant-wholesale.com\/fr\/product\/quart-de-palette-r22-10-cylindres\/","name":"R22 Refrigerant Supplier Wholesale | WS Refrigerants","isPartOf":{"@id":"https:\/\/refrigerant-wholesale.com\/fr\/#website"},"primaryImageOfPage":{"@id":"https:\/\/refrigerant-wholesale.com\/fr\/product\/quart-de-palette-r22-10-cylindres\/#primaryimage"},"image":{"@id":"https:\/\/refrigerant-wholesale.com\/fr\/product\/quart-de-palette-r22-10-cylindres\/#primaryimage"},"thumbnailUrl":"https:\/\/refrigerant-wholesale.com\/wp-content\/uploads\/2024\/07\/QUARTER-PALLET-R22-10-Cylinders.jpg","datePublished":"2024-07-13T17:34:32+00:00","dateModified":"2025-03-01T21:26:51+00:00","description":"Achetez en gros le r\u00e9frig\u00e9rant R22, fournisseur de r\u00e9frig\u00e9rant R22 de premi\u00e8re qualit\u00e9. Produits 100% authentiques. Livraison rapide dans le monde entier. Principaux fournisseurs de r\u00e9frig\u00e9rant R22","breadcrumb":{"@id":"https:\/\/refrigerant-wholesale.com\/fr\/product\/quart-de-palette-r22-10-cylindres\/#breadcrumb"},"inLanguage":"fr-FR","potentialAction":[{"@type":"ReadAction","target":["https:\/\/refrigerant-wholesale.com\/fr\/product\/quart-de-palette-r22-10-cylindres\/"]}]},{"@type":"ImageObject","inLanguage":"fr-FR","@id":"https:\/\/refrigerant-wholesale.com\/fr\/product\/quart-de-palette-r22-10-cylindres\/#primaryimage","url":"https:\/\/refrigerant-wholesale.com\/wp-content\/uploads\/2024\/07\/QUARTER-PALLET-R22-10-Cylinders.jpg","contentUrl":"https:\/\/refrigerant-wholesale.com\/wp-content\/uploads\/2024\/07\/QUARTER-PALLET-R22-10-Cylinders.jpg","width":1000,"height":1000,"caption":"R22 Refrigerant Supplier, R22 Refrigerant, R22, Refrigerant R22, R 22 freon, Buy R22 refrigerant, R22 refrigerant for sale"},{"@type":"BreadcrumbList","@id":"https:\/\/refrigerant-wholesale.com\/fr\/product\/quart-de-palette-r22-10-cylindres\/#breadcrumb","itemListElement":[{"@type":"ListItem","position":1,"name":"Home","item":"https:\/\/refrigerant-wholesale.com\/fr\/"},{"@type":"ListItem","position":2,"name":"Boutique","item":"https:\/\/refrigerant-wholesale.com\/fr\/boutique\/"},{"@type":"ListItem","position":3,"name":"Quart de palette R22 (10 cylindres)"}]},{"@type":"WebSite","@id":"https:\/\/refrigerant-wholesale.com\/fr\/#website","url":"https:\/\/refrigerant-wholesale.com\/fr\/","name":"Refrigerant Gas Wholesale","description":"AC Gas supplier","publisher":{"@id":"https:\/\/refrigerant-wholesale.com\/fr\/#organization"},"potentialAction":[{"@type":"SearchAction","target":{"@type":"EntryPoint","urlTemplate":"https:\/\/refrigerant-wholesale.com\/fr\/?s={search_term_string}"},"query-input":{"@type":"PropertyValueSpecification","valueRequired":true,"valueName":"search_term_string"}}],"inLanguage":"fr-FR"},{"@type":"Organization","@id":"https:\/\/refrigerant-wholesale.com\/fr\/#organization","name":"Refrigerant Gas Wholesale","url":"https:\/\/refrigerant-wholesale.com\/fr\/","logo":{"@type":"ImageObject","inLanguage":"fr-FR","@id":"https:\/\/refrigerant-wholesale.com\/fr\/#\/schema\/logo\/image\/","url":"http:\/\/refrigerant-wholesale.com\/wp-content\/uploads\/2024\/04\/refrigerant-logo.png","contentUrl":"http:\/\/refrigerant-wholesale.com\/wp-content\/uploads\/2024\/04\/refrigerant-logo.png","width":400,"height":84,"caption":"Refrigerant Gas Wholesale"},"image":{"@id":"https:\/\/refrigerant-wholesale.com\/fr\/#\/schema\/logo\/image\/"},"sameAs":["https:\/\/www.facebook.com\/refrigerantwholesale"]}]}},"_links":{"self":[{"href":"https:\/\/refrigerant-wholesale.com\/fr\/wp-json\/wp\/v2\/product\/2223","targetHints":{"allow":["GET"]}}],"collection":[{"href":"https:\/\/refrigerant-wholesale.com\/fr\/wp-json\/wp\/v2\/product"}],"about":[{"href":"https:\/\/refrigerant-wholesale.com\/fr\/wp-json\/wp\/v2\/types\/product"}],"replies":[{"embeddable":true,"href":"https:\/\/refrigerant-wholesale.com\/fr\/wp-json\/wp\/v2\/comments?post=2223"}],"wp:featuredmedia":[{"embeddable":true,"href":"https:\/\/refrigerant-wholesale.com\/fr\/wp-json\/wp\/v2\/media\/1455"}],"wp:attachment":[{"href":"https:\/\/refrigerant-wholesale.com\/fr\/wp-json\/wp\/v2\/media?parent=2223"}],"wp:term":[{"taxonomy":"product_brand","embeddable":true,"href":"https:\/\/refrigerant-wholesale.com\/fr\/wp-json\/wp\/v2\/product_brand?post=2223"},{"taxonomy":"product_cat","embeddable":true,"href":"https:\/\/refrigerant-wholesale.com\/fr\/wp-json\/wp\/v2\/product_cat?post=2223"},{"taxonomy":"product_tag","embeddable":true,"href":"https:\/\/refrigerant-wholesale.com\/fr\/wp-json\/wp\/v2\/product_tag?post=2223"}],"curies":[{"name":"wp","href":"https:\/\/api.w.org\/{rel}","templated":true}]}}