{"id":2217,"date":"2024-07-13T17:23:28","date_gmt":"2024-07-13T17:23:28","guid":{"rendered":"https:\/\/refrigerant-wholesale.com\/product\/demi-palette-r22-20-cylindres\/"},"modified":"2025-03-01T21:26:45","modified_gmt":"2025-03-01T21:26:45","slug":"demi-palette-r22-20-cylindres","status":"publish","type":"product","link":"https:\/\/refrigerant-wholesale.com\/fr\/product\/demi-palette-r22-20-cylindres\/","title":{"rendered":"Demi-palette R22 (20 cylindres)"},"content":{"rendered":"<h3><strong>Achetez le r\u00e9frig\u00e9rant R22 \u00e0 des prix imbattables &#8211; Livraison dans le monde entier !<\/strong><\/h3>\n<p>Vous cherchez du <strong>fluide frigorig\u00e8ne R22 bon march\u00e9<\/strong>? Vous \u00eates au bon endroit ! Nous vous proposons le meilleur <strong>prix de gros de r\u00e9frig\u00e9rant R22<\/strong> pour r\u00e9pondre \u00e0 tous vos besoins en mati\u00e8re de chauffage, de ventilation et de climatisation, o\u00f9 que vous soyez dans le monde. Avec nos tarifs comp\u00e9titifs et nos options de livraison internationales, vous \u00e9conomiserez du temps et de l&rsquo;argent sur vos achats de r\u00e9frig\u00e9rant R22. Achetez R\u00e9frig\u00e9rant R22 \u00e0 bas prix.    <\/p>\n<h4>Pourquoi nous choisir pour vos besoins en r\u00e9frig\u00e9rant R22 ?<\/h4>\n<p>Si vous \u00eates \u00e0 la recherche d&rsquo;un <strong>r\u00e9frig\u00e9rant R22 \u00e0 un prix abordable<\/strong>, nous sommes le fournisseur le plus fiable au monde. Non seulement nous garantissons des <strong>prix de r\u00e9frig\u00e9rant R22 bon march\u00e9<\/strong>, mais nous assurons \u00e9galement une livraison rapide \u00e0 votre emplacement, quel que soit votre pays. Notre produit est de haute qualit\u00e9 et certifi\u00e9 pour r\u00e9pondre aux normes de l&rsquo;industrie, vous pouvez donc \u00eatre s\u00fbr que vous obtenez le meilleur r\u00e9frig\u00e9rant R22 disponible.  <\/p>\n<p>Vous abandonnez les anciens fluides frigorig\u00e8nes ? Vous aurez besoin d&rsquo;un approvisionnement fiable en r\u00e9frig\u00e9rant R22 pour entretenir efficacement vos syst\u00e8mes. C&rsquo;est l\u00e0 que nous intervenons ! Notre <strong>prix bas pour le r\u00e9frig\u00e9rant R22<\/strong> vous permet de ne pas vous ruiner tout en assurant le bon fonctionnement de vos syst\u00e8mes.   <\/p>\n<h3>R\u00e9frig\u00e9rant R22 de haute qualit\u00e9 \u00e0 des prix abordables<\/h3>\n<p>Nous savons que le r\u00e9frig\u00e9rant R22 est de plus en plus difficile \u00e0 trouver, mais cela ne signifie pas que vous devez payer le prix fort. Notre mission est de fournir du <strong> <a href=\"https:\/\/refrigerant-wholesale.com\/es\/?post_type=product&#038;p=2218\">r\u00e9frig\u00e9rant R22<\/a> \u00e0 bas prix<\/strong> sans compromettre la qualit\u00e9. Que vous en ayez besoin pour une installation commerciale, industrielle ou r\u00e9sidentielle, notre <strong>r\u00e9frig\u00e9rant R22 \u00e0 prix r\u00e9duit<\/strong> est la solution id\u00e9ale pour vous.  <\/p>\n<p>De plus, nous comprenons l&rsquo;importance d&rsquo;obtenir rapidement du R22. C&rsquo;est pourquoi nous proposons une livraison rapide dans le monde entier, ce qui vous permet d&rsquo;obtenir le fluide frigorig\u00e8ne dont vous avez besoin exactement quand vous en avez besoin. Que vous soyez aux Etats-Unis, en Europe, en Asie ou ailleurs, soyez assur\u00e9 que nous vous livrerons votre <strong>r\u00e9frig\u00e9rant R22<\/strong> en temps et en heure.  <\/p>\n<h3>Pourquoi le moment est venu d&rsquo;acheter du r\u00e9frig\u00e9rant R22 ?<\/h3>\n<p>Les prix du r\u00e9frig\u00e9rant R22 devraient augmenter en raison de la r\u00e9duction de l&rsquo;offre. Mais ne vous inqui\u00e9tez pas ! Nous nous engageons \u00e0 maintenir le prix le plus bas possible pour nos clients. Profitez de nos <strong>prix avantageux pour le r\u00e9frig\u00e9rant <a href=\"https:\/\/www.google.com\/search?q=r22+refrigerant+price&amp;sca_esv=8141674a718dc13d&amp;sxsrf=ADLYWIIu2ynSGIdtdY1YU2mlTIo8yVxpdA%3A1728346913527&amp;ei=IXsEZ-nsH-GE7NYP1q7MoAg&amp;oq=r22+price&amp;gs_lp=Egxnd3Mtd2l6LXNlcnAiCXIyMiBwcmljZSoCCAAyBhAAGAcYHjIGEAAYBxgeMgYQABgHGB4yBhAAGAcYHjIGEAAYBxgeMgYQABgHGB4yBhAAGAcYHjIGEAAYBxgeMgYQABgHGB4yBhAAGAcYHkiVWFDgBlj2HnABeAGQAQCYAY0BoAGWA6oBAzAuM7gBAcgBAPgBAZgCBKACsgPCAgoQABiwAxjWBBhHwgINEAAYgAQYsAMYQxiKBcICCBAAGAcYCBgewgIKEAAYBxgIGB4YD8ICBhAAGAUYHsICBhAAGAgYHsICCxAAGIAEGIYDGIoFwgIIEAAYgAQYogSYAwCIBgGQBgqSBwMxLjOgB8sP&amp;sclient=gws-wiz-serp\">R22<\/a><\/strong> avant qu&rsquo;ils n&rsquo;augmentent, et faites fonctionner vos syst\u00e8mes CVC sans co\u00fbts inutiles.   <\/p>\n<p>En outre, notre politique de prix transparente garantit qu&rsquo;il n&rsquo;y a pas de frais cach\u00e9s, de sorte que le prix que vous voyez est le prix que vous payez. Cela signifie que vous obtenez toujours les <strong>prix les plus bas pour le r\u00e9frig\u00e9rant R22<\/strong>, en toute confiance. <\/p>\n<h3>Commandez maintenant &#8211; Les meilleures offres<\/h3>\n<p>Pr\u00eat \u00e0 acheter ? Il n&rsquo;a jamais \u00e9t\u00e9 aussi facile d&rsquo;acheter du <strong>r\u00e9frig\u00e9rant R22 au prix de gros en<\/strong> ligne. Notre site web facile \u00e0 naviguer, nos options de paiement s\u00e9curis\u00e9es et nos services de livraison dans le monde entier rendent votre exp\u00e9rience d&rsquo;achat fluide et sans tracas.  <\/p>\n<p>N&rsquo;attendez pas que les prix montent en fl\u00e8che. <strong>Achetez le r\u00e9frig\u00e9rant R22 \u00e0 bas prix<\/strong> aujourd&rsquo;hui et profitez d&rsquo;une livraison rapide dans le monde entier. Contactez-nous pour les commandes en gros et les offres sp\u00e9ciales ! <\/p>\n<p><strong>Obtenez le meilleur r\u00e9frig\u00e9rant R22 \u00e0 des prix imbattables<\/strong> &#8211; commandez maintenant et s\u00e9curisez vos syst\u00e8mes CVC d\u00e8s aujourd&rsquo;hui !<\/p>\n","protected":false},"excerpt":{"rendered":"<p><img loading=\"lazy\" decoding=\"async\" class=\"alignnone wp-image-437 aligncenter\" src=\"http:\/\/refrigerant-wholesale.com\/wp-content\/uploads\/2024\/03\/Screenshot-69.png\" alt=\"\" width=\"207\" height=\"50\"><\/p>\n<h4 style=\"text-align: center;\"><img loading=\"lazy\" decoding=\"async\" class=\"alignnone wp-image-744\" src=\"http:\/\/refrigerant-wholesale.com\/wp-content\/uploads\/2024\/07\/removal.ai_8ca2a79e-d09f-4bd1-a4fe-c4c69f1a4386_Trade-Assurance-381x400.png\" alt=\"R\u00e9frig\u00e9rants WS\" width=\"26\" height=\"27\" srcset=\"https:\/\/refrigerant-wholesale.com\/wp-content\/uploads\/2024\/07\/removal.ai_8ca2a79e-d09f-4bd1-a4fe-c4c69f1a4386_Trade-Assurance-381x400.png 381w, https:\/\/refrigerant-wholesale.com\/wp-content\/uploads\/2024\/07\/removal.ai_8ca2a79e-d09f-4bd1-a4fe-c4c69f1a4386_Trade-Assurance-100x100.png 100w, https:\/\/refrigerant-wholesale.com\/wp-content\/uploads\/2024\/07\/removal.ai_8ca2a79e-d09f-4bd1-a4fe-c4c69f1a4386_Trade-Assurance-280x280.png 280w, https:\/\/refrigerant-wholesale.com\/wp-content\/uploads\/2024\/07\/removal.ai_8ca2a79e-d09f-4bd1-a4fe-c4c69f1a4386_Trade-Assurance.png 388w\" sizes=\"auto, (max-width: 26px) 100vw, 26px\" \/>ASSURANCE COMMERCIALE<\/h4>\n<div class=\"gmail-textwidget gmail-custom-html-widget\">\n<h6 style=\"text-align: center;\">Exp\u00e9dition : Livraison dans le monde entier<\/h6>\n<h6 style=\"text-align: center;\">(Demande personnalis\u00e9e acceptable)<\/h6>\n<p style=\"text-align: center;\">100% VIRGIN Scell\u00e9 en usine GARANTIE<\/p>\n<p style=\"text-align: center;\"><a href=\"http:\/\/refrigerant-wholesale.com\/wp-content\/uploads\/2024\/07\/SDS-R22.pdf\" target=\"_self\" class=\"button primary is-green is-small\"  >\n    <span>T\u00e9l\u00e9chargez la fiche technique sur la s\u00e9curit\u00e9<\/span>\n  <\/a>\n\n<\/div>\n","protected":false},"featured_media":1452,"comment_status":"closed","ping_status":"closed","template":"","meta":[],"product_brand":[],"product_cat":[269,432],"product_tag":[],"class_list":{"0":"post-2217","1":"product","2":"type-product","3":"status-publish","4":"has-post-thumbnail","6":"product_cat-non-categorise","7":"product_cat-r22-fr","9":"first","10":"instock","11":"shipping-taxable","12":"product-type-simple"},"yoast_head":"<!-- This site is optimized with the Yoast SEO Premium plugin v27.0 (Yoast SEO v27.3) - https:\/\/yoast.com\/product\/yoast-seo-premium-wordpress\/ -->\n<title>R\u00e9frig\u00e9rant R22 Prix bas | Prix r\u00e9duit pour R\u00e9frig\u00e9rant R22<\/title>\n<meta name=\"description\" content=\"Achetez le r\u00e9frig\u00e9rant R22 \u00e0 bas prix. Prix fortement r\u00e9duit pour R22 Refrigerant pour la vente en gros. Produit 100% authentique. Livraison rapide dans le monde entier.\" \/>\n<meta name=\"robots\" content=\"index, follow, max-snippet:-1, max-image-preview:large, max-video-preview:-1\" \/>\n<link rel=\"canonical\" href=\"https:\/\/refrigerant-wholesale.com\/fr\/product\/demi-palette-r22-20-cylindres\/\" \/>\n<meta property=\"og:locale\" content=\"fr_FR\" \/>\n<meta property=\"og:type\" content=\"article\" \/>\n<meta property=\"og:title\" content=\"Demi-palette R22 (20 cylindres)\" \/>\n<meta property=\"og:description\" content=\"Achetez le r\u00e9frig\u00e9rant R22 \u00e0 bas prix. Prix fortement r\u00e9duit pour R22 Refrigerant pour la vente en gros. Produit 100% authentique. Livraison rapide dans le monde entier.\" \/>\n<meta property=\"og:url\" content=\"https:\/\/refrigerant-wholesale.com\/fr\/product\/demi-palette-r22-20-cylindres\/\" \/>\n<meta property=\"og:site_name\" content=\"Refrigerant Gas Wholesale\" \/>\n<meta property=\"article:publisher\" content=\"https:\/\/www.facebook.com\/refrigerantwholesale\" \/>\n<meta property=\"article:modified_time\" content=\"2025-03-01T21:26:45+00:00\" \/>\n<meta property=\"og:image\" content=\"http:\/\/refrigerant-wholesale.com\/wp-content\/uploads\/2024\/07\/HALF-PALLET-R22-20-Cylinders.jpg\" \/>\n\t<meta property=\"og:image:width\" content=\"1000\" \/>\n\t<meta property=\"og:image:height\" content=\"1000\" \/>\n\t<meta property=\"og:image:type\" content=\"image\/jpeg\" \/>\n<meta name=\"twitter:card\" content=\"summary_large_image\" \/>\n<meta name=\"twitter:label1\" content=\"Dur\u00e9e de lecture estim\u00e9e\" \/>\n\t<meta name=\"twitter:data1\" content=\"3 minutes\" \/>\n<script type=\"application\/ld+json\" class=\"yoast-schema-graph\">{\"@context\":\"https:\\\/\\\/schema.org\",\"@graph\":[{\"@type\":\"WebPage\",\"@id\":\"https:\\\/\\\/refrigerant-wholesale.com\\\/fr\\\/product\\\/demi-palette-r22-20-cylindres\\\/\",\"url\":\"https:\\\/\\\/refrigerant-wholesale.com\\\/fr\\\/product\\\/demi-palette-r22-20-cylindres\\\/\",\"name\":\"R\u00e9frig\u00e9rant R22 Prix bas | Prix r\u00e9duit pour R\u00e9frig\u00e9rant R22\",\"isPartOf\":{\"@id\":\"https:\\\/\\\/refrigerant-wholesale.com\\\/fr\\\/#website\"},\"primaryImageOfPage\":{\"@id\":\"https:\\\/\\\/refrigerant-wholesale.com\\\/fr\\\/product\\\/demi-palette-r22-20-cylindres\\\/#primaryimage\"},\"image\":{\"@id\":\"https:\\\/\\\/refrigerant-wholesale.com\\\/fr\\\/product\\\/demi-palette-r22-20-cylindres\\\/#primaryimage\"},\"thumbnailUrl\":\"https:\\\/\\\/refrigerant-wholesale.com\\\/wp-content\\\/uploads\\\/2024\\\/07\\\/HALF-PALLET-R22-20-Cylinders.jpg\",\"datePublished\":\"2024-07-13T17:23:28+00:00\",\"dateModified\":\"2025-03-01T21:26:45+00:00\",\"description\":\"Achetez le r\u00e9frig\u00e9rant R22 \u00e0 bas prix. Prix fortement r\u00e9duit pour R22 Refrigerant pour la vente en gros. Produit 100% authentique. Livraison rapide dans le monde entier.\",\"breadcrumb\":{\"@id\":\"https:\\\/\\\/refrigerant-wholesale.com\\\/fr\\\/product\\\/demi-palette-r22-20-cylindres\\\/#breadcrumb\"},\"inLanguage\":\"fr-FR\",\"potentialAction\":[{\"@type\":\"ReadAction\",\"target\":[\"https:\\\/\\\/refrigerant-wholesale.com\\\/fr\\\/product\\\/demi-palette-r22-20-cylindres\\\/\"]}]},{\"@type\":\"ImageObject\",\"inLanguage\":\"fr-FR\",\"@id\":\"https:\\\/\\\/refrigerant-wholesale.com\\\/fr\\\/product\\\/demi-palette-r22-20-cylindres\\\/#primaryimage\",\"url\":\"https:\\\/\\\/refrigerant-wholesale.com\\\/wp-content\\\/uploads\\\/2024\\\/07\\\/HALF-PALLET-R22-20-Cylinders.jpg\",\"contentUrl\":\"https:\\\/\\\/refrigerant-wholesale.com\\\/wp-content\\\/uploads\\\/2024\\\/07\\\/HALF-PALLET-R22-20-Cylinders.jpg\",\"width\":1000,\"height\":1000,\"caption\":\"R22 Refrigerant Supplier, R22 Refrigerant, R22, Refrigerant R22, R 22 freon, Buy R22 refrigerant, R22 refrigerant for sale\"},{\"@type\":\"BreadcrumbList\",\"@id\":\"https:\\\/\\\/refrigerant-wholesale.com\\\/fr\\\/product\\\/demi-palette-r22-20-cylindres\\\/#breadcrumb\",\"itemListElement\":[{\"@type\":\"ListItem\",\"position\":1,\"name\":\"Home\",\"item\":\"https:\\\/\\\/refrigerant-wholesale.com\\\/fr\\\/\"},{\"@type\":\"ListItem\",\"position\":2,\"name\":\"Boutique\",\"item\":\"https:\\\/\\\/refrigerant-wholesale.com\\\/fr\\\/boutique\\\/\"},{\"@type\":\"ListItem\",\"position\":3,\"name\":\"Demi-palette R22 (20 cylindres)\"}]},{\"@type\":\"WebSite\",\"@id\":\"https:\\\/\\\/refrigerant-wholesale.com\\\/fr\\\/#website\",\"url\":\"https:\\\/\\\/refrigerant-wholesale.com\\\/fr\\\/\",\"name\":\"Refrigerant Gas Wholesale\",\"description\":\"AC Gas supplier\",\"publisher\":{\"@id\":\"https:\\\/\\\/refrigerant-wholesale.com\\\/fr\\\/#organization\"},\"potentialAction\":[{\"@type\":\"SearchAction\",\"target\":{\"@type\":\"EntryPoint\",\"urlTemplate\":\"https:\\\/\\\/refrigerant-wholesale.com\\\/fr\\\/?s={search_term_string}\"},\"query-input\":{\"@type\":\"PropertyValueSpecification\",\"valueRequired\":true,\"valueName\":\"search_term_string\"}}],\"inLanguage\":\"fr-FR\"},{\"@type\":\"Organization\",\"@id\":\"https:\\\/\\\/refrigerant-wholesale.com\\\/fr\\\/#organization\",\"name\":\"Refrigerant Gas Wholesale\",\"url\":\"https:\\\/\\\/refrigerant-wholesale.com\\\/fr\\\/\",\"logo\":{\"@type\":\"ImageObject\",\"inLanguage\":\"fr-FR\",\"@id\":\"https:\\\/\\\/refrigerant-wholesale.com\\\/fr\\\/#\\\/schema\\\/logo\\\/image\\\/\",\"url\":\"http:\\\/\\\/refrigerant-wholesale.com\\\/wp-content\\\/uploads\\\/2024\\\/04\\\/refrigerant-logo.png\",\"contentUrl\":\"http:\\\/\\\/refrigerant-wholesale.com\\\/wp-content\\\/uploads\\\/2024\\\/04\\\/refrigerant-logo.png\",\"width\":400,\"height\":84,\"caption\":\"Refrigerant Gas Wholesale\"},\"image\":{\"@id\":\"https:\\\/\\\/refrigerant-wholesale.com\\\/fr\\\/#\\\/schema\\\/logo\\\/image\\\/\"},\"sameAs\":[\"https:\\\/\\\/www.facebook.com\\\/refrigerantwholesale\"]}]}<\/script>\n<!-- \/ Yoast SEO Premium plugin. -->","yoast_head_json":{"title":"R\u00e9frig\u00e9rant R22 Prix bas | Prix r\u00e9duit pour R\u00e9frig\u00e9rant R22","description":"Achetez le r\u00e9frig\u00e9rant R22 \u00e0 bas prix. Prix fortement r\u00e9duit pour R22 Refrigerant pour la vente en gros. Produit 100% authentique. Livraison rapide dans le monde entier.","robots":{"index":"index","follow":"follow","max-snippet":"max-snippet:-1","max-image-preview":"max-image-preview:large","max-video-preview":"max-video-preview:-1"},"canonical":"https:\/\/refrigerant-wholesale.com\/fr\/product\/demi-palette-r22-20-cylindres\/","og_locale":"fr_FR","og_type":"article","og_title":"Demi-palette R22 (20 cylindres)","og_description":"Achetez le r\u00e9frig\u00e9rant R22 \u00e0 bas prix. Prix fortement r\u00e9duit pour R22 Refrigerant pour la vente en gros. Produit 100% authentique. Livraison rapide dans le monde entier.","og_url":"https:\/\/refrigerant-wholesale.com\/fr\/product\/demi-palette-r22-20-cylindres\/","og_site_name":"Refrigerant Gas Wholesale","article_publisher":"https:\/\/www.facebook.com\/refrigerantwholesale","article_modified_time":"2025-03-01T21:26:45+00:00","og_image":[{"width":1000,"height":1000,"url":"http:\/\/refrigerant-wholesale.com\/wp-content\/uploads\/2024\/07\/HALF-PALLET-R22-20-Cylinders.jpg","type":"image\/jpeg"}],"twitter_card":"summary_large_image","twitter_misc":{"Dur\u00e9e de lecture estim\u00e9e":"3 minutes"},"schema":{"@context":"https:\/\/schema.org","@graph":[{"@type":"WebPage","@id":"https:\/\/refrigerant-wholesale.com\/fr\/product\/demi-palette-r22-20-cylindres\/","url":"https:\/\/refrigerant-wholesale.com\/fr\/product\/demi-palette-r22-20-cylindres\/","name":"R\u00e9frig\u00e9rant R22 Prix bas | Prix r\u00e9duit pour R\u00e9frig\u00e9rant R22","isPartOf":{"@id":"https:\/\/refrigerant-wholesale.com\/fr\/#website"},"primaryImageOfPage":{"@id":"https:\/\/refrigerant-wholesale.com\/fr\/product\/demi-palette-r22-20-cylindres\/#primaryimage"},"image":{"@id":"https:\/\/refrigerant-wholesale.com\/fr\/product\/demi-palette-r22-20-cylindres\/#primaryimage"},"thumbnailUrl":"https:\/\/refrigerant-wholesale.com\/wp-content\/uploads\/2024\/07\/HALF-PALLET-R22-20-Cylinders.jpg","datePublished":"2024-07-13T17:23:28+00:00","dateModified":"2025-03-01T21:26:45+00:00","description":"Achetez le r\u00e9frig\u00e9rant R22 \u00e0 bas prix. Prix fortement r\u00e9duit pour R22 Refrigerant pour la vente en gros. Produit 100% authentique. Livraison rapide dans le monde entier.","breadcrumb":{"@id":"https:\/\/refrigerant-wholesale.com\/fr\/product\/demi-palette-r22-20-cylindres\/#breadcrumb"},"inLanguage":"fr-FR","potentialAction":[{"@type":"ReadAction","target":["https:\/\/refrigerant-wholesale.com\/fr\/product\/demi-palette-r22-20-cylindres\/"]}]},{"@type":"ImageObject","inLanguage":"fr-FR","@id":"https:\/\/refrigerant-wholesale.com\/fr\/product\/demi-palette-r22-20-cylindres\/#primaryimage","url":"https:\/\/refrigerant-wholesale.com\/wp-content\/uploads\/2024\/07\/HALF-PALLET-R22-20-Cylinders.jpg","contentUrl":"https:\/\/refrigerant-wholesale.com\/wp-content\/uploads\/2024\/07\/HALF-PALLET-R22-20-Cylinders.jpg","width":1000,"height":1000,"caption":"R22 Refrigerant Supplier, R22 Refrigerant, R22, Refrigerant R22, R 22 freon, Buy R22 refrigerant, R22 refrigerant for sale"},{"@type":"BreadcrumbList","@id":"https:\/\/refrigerant-wholesale.com\/fr\/product\/demi-palette-r22-20-cylindres\/#breadcrumb","itemListElement":[{"@type":"ListItem","position":1,"name":"Home","item":"https:\/\/refrigerant-wholesale.com\/fr\/"},{"@type":"ListItem","position":2,"name":"Boutique","item":"https:\/\/refrigerant-wholesale.com\/fr\/boutique\/"},{"@type":"ListItem","position":3,"name":"Demi-palette R22 (20 cylindres)"}]},{"@type":"WebSite","@id":"https:\/\/refrigerant-wholesale.com\/fr\/#website","url":"https:\/\/refrigerant-wholesale.com\/fr\/","name":"Refrigerant Gas Wholesale","description":"AC Gas supplier","publisher":{"@id":"https:\/\/refrigerant-wholesale.com\/fr\/#organization"},"potentialAction":[{"@type":"SearchAction","target":{"@type":"EntryPoint","urlTemplate":"https:\/\/refrigerant-wholesale.com\/fr\/?s={search_term_string}"},"query-input":{"@type":"PropertyValueSpecification","valueRequired":true,"valueName":"search_term_string"}}],"inLanguage":"fr-FR"},{"@type":"Organization","@id":"https:\/\/refrigerant-wholesale.com\/fr\/#organization","name":"Refrigerant Gas Wholesale","url":"https:\/\/refrigerant-wholesale.com\/fr\/","logo":{"@type":"ImageObject","inLanguage":"fr-FR","@id":"https:\/\/refrigerant-wholesale.com\/fr\/#\/schema\/logo\/image\/","url":"http:\/\/refrigerant-wholesale.com\/wp-content\/uploads\/2024\/04\/refrigerant-logo.png","contentUrl":"http:\/\/refrigerant-wholesale.com\/wp-content\/uploads\/2024\/04\/refrigerant-logo.png","width":400,"height":84,"caption":"Refrigerant Gas Wholesale"},"image":{"@id":"https:\/\/refrigerant-wholesale.com\/fr\/#\/schema\/logo\/image\/"},"sameAs":["https:\/\/www.facebook.com\/refrigerantwholesale"]}]}},"_links":{"self":[{"href":"https:\/\/refrigerant-wholesale.com\/fr\/wp-json\/wp\/v2\/product\/2217","targetHints":{"allow":["GET"]}}],"collection":[{"href":"https:\/\/refrigerant-wholesale.com\/fr\/wp-json\/wp\/v2\/product"}],"about":[{"href":"https:\/\/refrigerant-wholesale.com\/fr\/wp-json\/wp\/v2\/types\/product"}],"replies":[{"embeddable":true,"href":"https:\/\/refrigerant-wholesale.com\/fr\/wp-json\/wp\/v2\/comments?post=2217"}],"wp:featuredmedia":[{"embeddable":true,"href":"https:\/\/refrigerant-wholesale.com\/fr\/wp-json\/wp\/v2\/media\/1452"}],"wp:attachment":[{"href":"https:\/\/refrigerant-wholesale.com\/fr\/wp-json\/wp\/v2\/media?parent=2217"}],"wp:term":[{"taxonomy":"product_brand","embeddable":true,"href":"https:\/\/refrigerant-wholesale.com\/fr\/wp-json\/wp\/v2\/product_brand?post=2217"},{"taxonomy":"product_cat","embeddable":true,"href":"https:\/\/refrigerant-wholesale.com\/fr\/wp-json\/wp\/v2\/product_cat?post=2217"},{"taxonomy":"product_tag","embeddable":true,"href":"https:\/\/refrigerant-wholesale.com\/fr\/wp-json\/wp\/v2\/product_tag?post=2217"}],"curies":[{"name":"wp","href":"https:\/\/api.w.org\/{rel}","templated":true}]}}