{"id":2214,"date":"2024-07-13T16:11:13","date_gmt":"2024-07-13T16:11:13","guid":{"rendered":"https:\/\/refrigerant-wholesale.com\/product\/quart-de-palette-hvac-r134a-10-cylindres\/"},"modified":"2025-03-01T21:26:43","modified_gmt":"2025-03-01T21:26:43","slug":"quart-de-palette-hvac-r134a-10-cylindres","status":"publish","type":"product","link":"https:\/\/refrigerant-wholesale.com\/fr\/product\/quart-de-palette-hvac-r134a-10-cylindres\/","title":{"rendered":"Quart de palette HVAC R134A (10 cylindres)"},"content":{"rendered":"<div class=\"flex-shrink-0 flex flex-col relative items-end\">\n<div>\n<div class=\"pt-0\">\n<div class=\"gizmo-bot-avatar flex h-8 w-8 items-center justify-center overflow-hidden rounded-full\">\n<div class=\"relative p-1 rounded-sm flex items-center justify-center bg-token-main-surface-primary text-token-text-primary h-8 w-8\"><\/div>\n<\/div>\n<\/div>\n<\/div>\n<\/div>\n<div class=\"group\/conversation-turn relative flex w-full min-w-0 flex-col agent-turn\">\n<div class=\"flex-col gap-1 md:gap-3\">\n<div class=\"flex max-w-full flex-col flex-grow\">\n<div class=\"min-h-8 text-message flex w-full flex-col items-end gap-2 whitespace-normal break-words [.text-message+&amp;]:mt-5\" dir=\"auto\" data-message-author-role=\"assistant\" data-message-id=\"e8eaecb5-876b-4fb5-9f5f-f0306d2e991a\">\n<div class=\"flex w-full flex-col gap-1 empty:hidden first:pt-[3px]\">\n<div class=\"markdown prose w-full break-words dark:prose-invert light\">\n<p><strong>Votre fournisseur mondial de confiance de r\u00e9frig\u00e9rant 134A : Des solutions fiables, efficaces et rentables<\/strong><\/p>\n<p>Vous \u00eates \u00e0 la recherche d&rsquo;un <strong>fournisseur<\/strong> fiable <strong>de r\u00e9frig\u00e9rant 134A<\/strong>? Vous \u00eates au bon endroit. Nous sommes sp\u00e9cialis\u00e9s dans la fourniture de r\u00e9frig\u00e9rants de haute qualit\u00e9 sur les march\u00e9s mondiaux, garantissant ainsi le bon fonctionnement de vos syst\u00e8mes de refroidissement. Que vous soyez dans le secteur automobile, commercial ou industriel, notre r\u00e9frig\u00e9rant 134A est le choix id\u00e9al pour vos besoins en mati\u00e8re de climatisation et de r\u00e9frig\u00e9ration.   <\/p>\n<h3>Pourquoi nous choisir pour l&rsquo;approvisionnement en r\u00e9frig\u00e9rant <a href=\"https:\/\/www.google.com\/search?q=r134a+refrigerant+wholesale&amp;sca_esv=ae835b5694662882&amp;biw=1463&amp;bih=662&amp;sxsrf=ADLYWILbKnKFNxDTs4TiYqb0JA9N9Ex0Hg%3A1728827982100&amp;ei=TtILZ-3bBY2L7NYPq4-R-QU&amp;oq=R13+Refrigerant+Wholesale&amp;gs_lp=Egxnd3Mtd2l6LXNlcnAiGVIxMyBSZWZyaWdlcmFudCBXaG9sZXNhbGUqAggAMgYQABgHGB4yCBAAGAcYCBgeMgsQABiABBiGAxiKBTILEAAYgAQYhgMYigUyCxAAGIAEGIYDGIoFMgsQABiABBiGAxiKBTILEAAYgAQYhgMYigUyCBAAGIAEGKIEMggQABiABBiiBEiISVCXJljaJ3ACeAGQAQCYAXWgAegBqgEDMC4yuAEByAEA-AEBmAIEoAKAAsICChAAGLADGNYEGEeYAwCIBgGQBgiSBwMyLjKgB-oO&amp;sclient=gws-wiz-serp\">134A<\/a>?<\/h3>\n<p>\u00c0 <a href=\"https:\/\/refrigerant-wholesale.com\/fr\/?page_id=2042\"><strong>WS Refrigerants<\/strong><\/a>nous comprenons l&rsquo;importance de l&rsquo;efficacit\u00e9 et de la fiabilit\u00e9 des r\u00e9frig\u00e9rants. Notre r\u00e9frig\u00e9rant 134A est un produit de premier ordre, sp\u00e9cialement con\u00e7u pour r\u00e9pondre aux exigences de refroidissement de diverses industries. En tant que <strong> <a href=\"https:\/\/refrigerant-wholesale.com\/fr\/\">fournisseur de r\u00e9frig\u00e9rant<\/a> 134A<\/strong>, nous vous proposons :  <\/p>\n<ul>\n<li><strong>Fluides frigorig\u00e8nes de haute puret\u00e9<\/strong> r\u00e9pondant aux normes mondiales.<\/li>\n<li><strong>Des capacit\u00e9s d&rsquo;approvisionnement en vrac<\/strong> pour r\u00e9pondre aux demandes \u00e0 grande \u00e9chelle.<\/li>\n<li><strong>Des prix comp\u00e9titifs<\/strong> et un engagement \u00e0 fournir de la valeur.<\/li>\n<\/ul>\n<p>Notre objectif est d&rsquo;\u00eatre votre partenaire \u00e0 long terme, en vous proposant des options de livraison flexibles et une assistance compl\u00e8te. Avec plus d&rsquo;une d\u00e9cennie d&rsquo;exp\u00e9rience dans la distribution de r\u00e9frig\u00e9rants, nous vous garantissons des produits et un service client de la plus haute qualit\u00e9. <\/p>\n<h3>Principaux avantages du r\u00e9frig\u00e9rant 134A<\/h3>\n<p>Le r\u00e9frig\u00e9rant R-134A est largement connu pour ses excellentes propri\u00e9t\u00e9s thermodynamiques, ce qui en fait un choix populaire dans les syst\u00e8mes de climatisation et de r\u00e9frig\u00e9ration. Voici pourquoi vous devriez nous consid\u00e9rer comme votre fournisseur de r\u00e9frig\u00e9rant <a href=\"https:\/\/www.google.com\/search?q=r134a+suppliers&amp;sca_esv=8141674a718dc13d&amp;sxsrf=ADLYWIIEhWnwemciygeR4zcS61Z9DXg0Kg%3A1728299474724&amp;ei=0sEDZ8XpK7uQxc8P9NK0iQ4&amp;ved=0ahUKEwjFmoaikfyIAxU7SPEDHXQpLeEQ4dUDCA8&amp;uact=5&amp;oq=r134a+suppliers&amp;gs_lp=Egxnd3Mtd2l6LXNlcnAiD3IxMzRhIHN1cHBsaWVyczIFEAAYgAQyBhAAGBYYHjIGEAAYFhgeMgYQABgWGB4yBhAAGBYYHjIIEAAYFhgeGA8yBhAAGBYYHjILEAAYgAQYhgMYigUyCxAAGIAEGIYDGIoFMgsQABiABBiGAxiKBUj6MFCjDVjtKHABeAGQAQCYAacBoAHUCaoBAzAuObgBA8gBAPgBAZgCCqAC-QrCAgoQABiwAxjWBBhHwgILEAAYgAQYkQIYigWYAwCIBgGQBgOSBwMxLjmgB5o8&amp;sclient=gws-wiz-serp\">134A<\/a>: <\/p>\n<ul>\n<li><strong>\u00c9cologique<\/strong>: le r\u00e9frig\u00e9rant 134A n&rsquo;appauvrit pas la couche d&rsquo;ozone, ce qui en fait un choix respectueux de l&rsquo;environnement.<\/li>\n<li><strong>Refroidissement efficace<\/strong>: Ses capacit\u00e9s sup\u00e9rieures de transfert de chaleur garantissent une performance de refroidissement constante et efficace.<\/li>\n<li><strong>Des applications polyvalentes<\/strong>: Des climatiseurs automobiles aux unit\u00e9s de r\u00e9frig\u00e9ration des supermarch\u00e9s, notre r\u00e9frig\u00e9rant <a href=\"https:\/\/refrigerant-wholesale.com\/es\/?post_type=product&#038;p=2141\">134A<\/a> est utilis\u00e9 dans une grande vari\u00e9t\u00e9 de syst\u00e8mes \u00e0 travers le monde.<\/li>\n<\/ul>\n<p>En outre, nous fournissons une assistance technique compl\u00e8te pour garantir une manipulation et une application correctes de nos produits. Vous passez \u00e0 un nouveau fluide frigorig\u00e8ne ? Nous vous guiderons \u00e0 chaque \u00e9tape afin d&rsquo;assurer une int\u00e9gration parfaite dans vos syst\u00e8mes existants.  <\/p>\n<h3>Distribution mondiale et exp\u00e9dition fiable<\/h3>\n<p>Nous sommes fiers de notre capacit\u00e9 \u00e0 servir nos clients dans le monde entier. Quel que soit l&rsquo;endroit o\u00f9 se trouve votre entreprise, nous pouvons vous assurer une livraison rapide et fiable de r\u00e9frig\u00e9rant 134A. Nous disposons d&rsquo;un solide r\u00e9seau logistique qui nous permet d&rsquo;exp\u00e9dier des <strong>fluides frigorig\u00e8nes R-134A<\/strong> aux quatre coins du monde dans des d\u00e9lais minimes.  <\/p>\n<p>En outre, nous donnons la priorit\u00e9 \u00e0 la s\u00e9curit\u00e9 dans chaque exp\u00e9dition, en adh\u00e9rant \u00e0 des normes internationales strictes en mati\u00e8re d&#8217;emballage et de transport. Notre <strong>cha\u00eene d&rsquo;approvisionnement mondiale<\/strong> garantit que vos commandes arrivent \u00e0 temps, \u00e0 chaque fois, et en parfait \u00e9tat. <\/p>\n<h3>Satisfaction du client et expertise in\u00e9gal\u00e9e<\/h3>\n<p>Le choix du bon <strong>fournisseur de r\u00e9frig\u00e9rant R-134A<\/strong> est crucial pour le succ\u00e8s de vos op\u00e9rations. Avec nous, vous n&rsquo;obtenez pas seulement un produit, mais un partenaire d\u00e9vou\u00e9. Notre \u00e9quipe d&rsquo;experts est toujours pr\u00eate \u00e0 vous aider, \u00e0 vous fournir des informations, des conseils de d\u00e9pannage et des recommandations d&rsquo;entretien.  <\/p>\n<p>Nous appr\u00e9cions les relations \u00e0 long terme et nous nous effor\u00e7ons de r\u00e9pondre aux besoins uniques de chaque client. Contactez-nous d\u00e8s aujourd&rsquo;hui et laissez-nous vous aider \u00e0 r\u00e9pondre \u00e0 vos besoins en r\u00e9frig\u00e9rants avec efficacit\u00e9, fiabilit\u00e9 et un service client de premier ordre. <\/p>\n<p><strong>Contactez-nous d\u00e8s aujourd&rsquo;hui<\/strong> pour plus d&rsquo;informations sur la fa\u00e7on dont nous pouvons \u00eatre votre <strong>fournisseur<\/strong> privil\u00e9gi\u00e9 <strong>de r\u00e9frig\u00e9rant 134A<\/strong> dans le monde entier !<\/p>\n<\/div>\n<\/div>\n<\/div>\n<\/div>\n<\/div>\n<\/div>\n","protected":false},"excerpt":{"rendered":"<p><img loading=\"lazy\" decoding=\"async\" class=\"aligncenter wp-image-437\" src=\"http:\/\/refrigerant-wholesale.com\/wp-content\/uploads\/2024\/03\/Screenshot-69.png\" alt=\"R\u00e9frig\u00e9rant WS\" width=\"207\" height=\"50\"><\/p>\n<h4 style=\"text-align: center;\"><img loading=\"lazy\" decoding=\"async\" class=\"alignnone wp-image-744\" src=\"http:\/\/refrigerant-wholesale.com\/wp-content\/uploads\/2024\/07\/removal.ai_8ca2a79e-d09f-4bd1-a4fe-c4c69f1a4386_Trade-Assurance-381x400.png\" alt=\"R\u00e9frig\u00e9rants WS\" width=\"24\" height=\"25\" srcset=\"https:\/\/refrigerant-wholesale.com\/wp-content\/uploads\/2024\/07\/removal.ai_8ca2a79e-d09f-4bd1-a4fe-c4c69f1a4386_Trade-Assurance-381x400.png 381w, https:\/\/refrigerant-wholesale.com\/wp-content\/uploads\/2024\/07\/removal.ai_8ca2a79e-d09f-4bd1-a4fe-c4c69f1a4386_Trade-Assurance-100x100.png 100w, https:\/\/refrigerant-wholesale.com\/wp-content\/uploads\/2024\/07\/removal.ai_8ca2a79e-d09f-4bd1-a4fe-c4c69f1a4386_Trade-Assurance-280x280.png 280w, https:\/\/refrigerant-wholesale.com\/wp-content\/uploads\/2024\/07\/removal.ai_8ca2a79e-d09f-4bd1-a4fe-c4c69f1a4386_Trade-Assurance.png 388w\" sizes=\"auto, (max-width: 24px) 100vw, 24px\" \/>ASSURANCE COMMERCIALE<\/h4>\n<div class=\"gmail-textwidget gmail-custom-html-widget\">\n<h6 style=\"text-align: center;\">Exp\u00e9dition : Livraison dans le monde entier<\/h6>\n<h6 style=\"text-align: center;\">(Demande personnalis\u00e9e acceptable)<\/h6>\n<p style=\"text-align: center;\">100% VIRGIN Scell\u00e9 en usine GARANTIE<\/p>\n<p style=\"text-align: center;\"><a href=\"http:\/\/refrigerant-wholesale.com\/wp-content\/uploads\/2024\/07\/SDS-R134a.pdf\" target=\"_self\" class=\"button primary is-green is-small\"  >\n    <span>T\u00e9l\u00e9chargez la fiche technique sur la s\u00e9curit\u00e9<\/span>\n  <\/a>\n\n<\/div>\n","protected":false},"featured_media":1446,"comment_status":"closed","ping_status":"closed","template":"","meta":[],"product_brand":[],"product_cat":[269,389],"product_tag":[403,436,401],"class_list":{"0":"post-2214","1":"product","2":"type-product","3":"status-publish","4":"has-post-thumbnail","6":"product_cat-non-categorise","7":"product_cat-r134a","8":"product_tag-cout-de-gros-du-gaz-refrigerant-r134a","9":"product_tag-gaz-refrigerant-r134a-prix-de-gros","10":"product_tag-gaz-refrigerant-r134a-vente-en-gros","12":"first","13":"instock","14":"shipping-taxable","15":"product-type-simple"},"yoast_head":"<!-- This site is optimized with the Yoast SEO Premium plugin v27.0 (Yoast SEO v27.3) - https:\/\/yoast.com\/product\/yoast-seo-premium-wordpress\/ -->\n<title>Fournisseur de r\u00e9frig\u00e9rant 134A | Fournisseur fiable de 134A | WS Refrigerants<\/title>\n<meta name=\"description\" content=\"Meilleur fournisseur de r\u00e9frig\u00e9rant 134A. Le meilleur et le plus fiable des fournisseurs de r\u00e9frig\u00e9rant 134a. Produits 100% authentiques. Livraison rapide dans le monde entier\" \/>\n<meta name=\"robots\" content=\"index, follow, max-snippet:-1, max-image-preview:large, max-video-preview:-1\" \/>\n<link rel=\"canonical\" href=\"https:\/\/refrigerant-wholesale.com\/fr\/product\/quart-de-palette-hvac-r134a-10-cylindres\/\" \/>\n<meta property=\"og:locale\" content=\"fr_FR\" \/>\n<meta property=\"og:type\" content=\"article\" \/>\n<meta property=\"og:title\" content=\"Quart de palette HVAC R134A (10 cylindres)\" \/>\n<meta property=\"og:description\" content=\"Meilleur fournisseur de r\u00e9frig\u00e9rant 134A. Le meilleur et le plus fiable des fournisseurs de r\u00e9frig\u00e9rant 134a. Produits 100% authentiques. Livraison rapide dans le monde entier\" \/>\n<meta property=\"og:url\" content=\"https:\/\/refrigerant-wholesale.com\/fr\/product\/quart-de-palette-hvac-r134a-10-cylindres\/\" \/>\n<meta property=\"og:site_name\" content=\"Refrigerant Gas Wholesale\" \/>\n<meta property=\"article:publisher\" content=\"https:\/\/www.facebook.com\/refrigerantwholesale\" \/>\n<meta property=\"article:modified_time\" content=\"2025-03-01T21:26:43+00:00\" \/>\n<meta property=\"og:image\" content=\"http:\/\/refrigerant-wholesale.com\/wp-content\/uploads\/2024\/07\/Screenshot-91.png\" \/>\n\t<meta property=\"og:image:width\" content=\"957\" \/>\n\t<meta property=\"og:image:height\" content=\"959\" \/>\n\t<meta property=\"og:image:type\" content=\"image\/png\" \/>\n<meta name=\"twitter:card\" content=\"summary_large_image\" \/>\n<meta name=\"twitter:label1\" content=\"Dur\u00e9e de lecture estim\u00e9e\" \/>\n\t<meta name=\"twitter:data1\" content=\"3 minutes\" \/>\n<script type=\"application\/ld+json\" class=\"yoast-schema-graph\">{\"@context\":\"https:\\\/\\\/schema.org\",\"@graph\":[{\"@type\":\"WebPage\",\"@id\":\"https:\\\/\\\/refrigerant-wholesale.com\\\/fr\\\/product\\\/quart-de-palette-hvac-r134a-10-cylindres\\\/\",\"url\":\"https:\\\/\\\/refrigerant-wholesale.com\\\/fr\\\/product\\\/quart-de-palette-hvac-r134a-10-cylindres\\\/\",\"name\":\"Fournisseur de r\u00e9frig\u00e9rant 134A | Fournisseur fiable de 134A | WS Refrigerants\",\"isPartOf\":{\"@id\":\"https:\\\/\\\/refrigerant-wholesale.com\\\/fr\\\/#website\"},\"primaryImageOfPage\":{\"@id\":\"https:\\\/\\\/refrigerant-wholesale.com\\\/fr\\\/product\\\/quart-de-palette-hvac-r134a-10-cylindres\\\/#primaryimage\"},\"image\":{\"@id\":\"https:\\\/\\\/refrigerant-wholesale.com\\\/fr\\\/product\\\/quart-de-palette-hvac-r134a-10-cylindres\\\/#primaryimage\"},\"thumbnailUrl\":\"https:\\\/\\\/refrigerant-wholesale.com\\\/wp-content\\\/uploads\\\/2024\\\/07\\\/Screenshot-91.png\",\"datePublished\":\"2024-07-13T16:11:13+00:00\",\"dateModified\":\"2025-03-01T21:26:43+00:00\",\"description\":\"Meilleur fournisseur de r\u00e9frig\u00e9rant 134A. Le meilleur et le plus fiable des fournisseurs de r\u00e9frig\u00e9rant 134a. Produits 100% authentiques. Livraison rapide dans le monde entier\",\"breadcrumb\":{\"@id\":\"https:\\\/\\\/refrigerant-wholesale.com\\\/fr\\\/product\\\/quart-de-palette-hvac-r134a-10-cylindres\\\/#breadcrumb\"},\"inLanguage\":\"fr-FR\",\"potentialAction\":[{\"@type\":\"ReadAction\",\"target\":[\"https:\\\/\\\/refrigerant-wholesale.com\\\/fr\\\/product\\\/quart-de-palette-hvac-r134a-10-cylindres\\\/\"]}]},{\"@type\":\"ImageObject\",\"inLanguage\":\"fr-FR\",\"@id\":\"https:\\\/\\\/refrigerant-wholesale.com\\\/fr\\\/product\\\/quart-de-palette-hvac-r134a-10-cylindres\\\/#primaryimage\",\"url\":\"https:\\\/\\\/refrigerant-wholesale.com\\\/wp-content\\\/uploads\\\/2024\\\/07\\\/Screenshot-91.png\",\"contentUrl\":\"https:\\\/\\\/refrigerant-wholesale.com\\\/wp-content\\\/uploads\\\/2024\\\/07\\\/Screenshot-91.png\",\"width\":957,\"height\":959,\"caption\":\"R134a Refrigerant Supplier, R134a Refrigerant, R134a, Refrigerant R134a, R 134a freon, Buy R134a refrigerant, R134a refrigerant for sale\"},{\"@type\":\"BreadcrumbList\",\"@id\":\"https:\\\/\\\/refrigerant-wholesale.com\\\/fr\\\/product\\\/quart-de-palette-hvac-r134a-10-cylindres\\\/#breadcrumb\",\"itemListElement\":[{\"@type\":\"ListItem\",\"position\":1,\"name\":\"Home\",\"item\":\"https:\\\/\\\/refrigerant-wholesale.com\\\/fr\\\/\"},{\"@type\":\"ListItem\",\"position\":2,\"name\":\"Boutique\",\"item\":\"https:\\\/\\\/refrigerant-wholesale.com\\\/fr\\\/boutique\\\/\"},{\"@type\":\"ListItem\",\"position\":3,\"name\":\"Quart de palette HVAC R134A (10 cylindres)\"}]},{\"@type\":\"WebSite\",\"@id\":\"https:\\\/\\\/refrigerant-wholesale.com\\\/fr\\\/#website\",\"url\":\"https:\\\/\\\/refrigerant-wholesale.com\\\/fr\\\/\",\"name\":\"Refrigerant Gas Wholesale\",\"description\":\"AC Gas supplier\",\"publisher\":{\"@id\":\"https:\\\/\\\/refrigerant-wholesale.com\\\/fr\\\/#organization\"},\"potentialAction\":[{\"@type\":\"SearchAction\",\"target\":{\"@type\":\"EntryPoint\",\"urlTemplate\":\"https:\\\/\\\/refrigerant-wholesale.com\\\/fr\\\/?s={search_term_string}\"},\"query-input\":{\"@type\":\"PropertyValueSpecification\",\"valueRequired\":true,\"valueName\":\"search_term_string\"}}],\"inLanguage\":\"fr-FR\"},{\"@type\":\"Organization\",\"@id\":\"https:\\\/\\\/refrigerant-wholesale.com\\\/fr\\\/#organization\",\"name\":\"Refrigerant Gas Wholesale\",\"url\":\"https:\\\/\\\/refrigerant-wholesale.com\\\/fr\\\/\",\"logo\":{\"@type\":\"ImageObject\",\"inLanguage\":\"fr-FR\",\"@id\":\"https:\\\/\\\/refrigerant-wholesale.com\\\/fr\\\/#\\\/schema\\\/logo\\\/image\\\/\",\"url\":\"http:\\\/\\\/refrigerant-wholesale.com\\\/wp-content\\\/uploads\\\/2024\\\/04\\\/refrigerant-logo.png\",\"contentUrl\":\"http:\\\/\\\/refrigerant-wholesale.com\\\/wp-content\\\/uploads\\\/2024\\\/04\\\/refrigerant-logo.png\",\"width\":400,\"height\":84,\"caption\":\"Refrigerant Gas Wholesale\"},\"image\":{\"@id\":\"https:\\\/\\\/refrigerant-wholesale.com\\\/fr\\\/#\\\/schema\\\/logo\\\/image\\\/\"},\"sameAs\":[\"https:\\\/\\\/www.facebook.com\\\/refrigerantwholesale\"]}]}<\/script>\n<!-- \/ Yoast SEO Premium plugin. -->","yoast_head_json":{"title":"Fournisseur de r\u00e9frig\u00e9rant 134A | Fournisseur fiable de 134A | WS Refrigerants","description":"Meilleur fournisseur de r\u00e9frig\u00e9rant 134A. Le meilleur et le plus fiable des fournisseurs de r\u00e9frig\u00e9rant 134a. Produits 100% authentiques. Livraison rapide dans le monde entier","robots":{"index":"index","follow":"follow","max-snippet":"max-snippet:-1","max-image-preview":"max-image-preview:large","max-video-preview":"max-video-preview:-1"},"canonical":"https:\/\/refrigerant-wholesale.com\/fr\/product\/quart-de-palette-hvac-r134a-10-cylindres\/","og_locale":"fr_FR","og_type":"article","og_title":"Quart de palette HVAC R134A (10 cylindres)","og_description":"Meilleur fournisseur de r\u00e9frig\u00e9rant 134A. Le meilleur et le plus fiable des fournisseurs de r\u00e9frig\u00e9rant 134a. Produits 100% authentiques. Livraison rapide dans le monde entier","og_url":"https:\/\/refrigerant-wholesale.com\/fr\/product\/quart-de-palette-hvac-r134a-10-cylindres\/","og_site_name":"Refrigerant Gas Wholesale","article_publisher":"https:\/\/www.facebook.com\/refrigerantwholesale","article_modified_time":"2025-03-01T21:26:43+00:00","og_image":[{"width":957,"height":959,"url":"http:\/\/refrigerant-wholesale.com\/wp-content\/uploads\/2024\/07\/Screenshot-91.png","type":"image\/png"}],"twitter_card":"summary_large_image","twitter_misc":{"Dur\u00e9e de lecture estim\u00e9e":"3 minutes"},"schema":{"@context":"https:\/\/schema.org","@graph":[{"@type":"WebPage","@id":"https:\/\/refrigerant-wholesale.com\/fr\/product\/quart-de-palette-hvac-r134a-10-cylindres\/","url":"https:\/\/refrigerant-wholesale.com\/fr\/product\/quart-de-palette-hvac-r134a-10-cylindres\/","name":"Fournisseur de r\u00e9frig\u00e9rant 134A | Fournisseur fiable de 134A | WS Refrigerants","isPartOf":{"@id":"https:\/\/refrigerant-wholesale.com\/fr\/#website"},"primaryImageOfPage":{"@id":"https:\/\/refrigerant-wholesale.com\/fr\/product\/quart-de-palette-hvac-r134a-10-cylindres\/#primaryimage"},"image":{"@id":"https:\/\/refrigerant-wholesale.com\/fr\/product\/quart-de-palette-hvac-r134a-10-cylindres\/#primaryimage"},"thumbnailUrl":"https:\/\/refrigerant-wholesale.com\/wp-content\/uploads\/2024\/07\/Screenshot-91.png","datePublished":"2024-07-13T16:11:13+00:00","dateModified":"2025-03-01T21:26:43+00:00","description":"Meilleur fournisseur de r\u00e9frig\u00e9rant 134A. Le meilleur et le plus fiable des fournisseurs de r\u00e9frig\u00e9rant 134a. Produits 100% authentiques. Livraison rapide dans le monde entier","breadcrumb":{"@id":"https:\/\/refrigerant-wholesale.com\/fr\/product\/quart-de-palette-hvac-r134a-10-cylindres\/#breadcrumb"},"inLanguage":"fr-FR","potentialAction":[{"@type":"ReadAction","target":["https:\/\/refrigerant-wholesale.com\/fr\/product\/quart-de-palette-hvac-r134a-10-cylindres\/"]}]},{"@type":"ImageObject","inLanguage":"fr-FR","@id":"https:\/\/refrigerant-wholesale.com\/fr\/product\/quart-de-palette-hvac-r134a-10-cylindres\/#primaryimage","url":"https:\/\/refrigerant-wholesale.com\/wp-content\/uploads\/2024\/07\/Screenshot-91.png","contentUrl":"https:\/\/refrigerant-wholesale.com\/wp-content\/uploads\/2024\/07\/Screenshot-91.png","width":957,"height":959,"caption":"R134a Refrigerant Supplier, R134a Refrigerant, R134a, Refrigerant R134a, R 134a freon, Buy R134a refrigerant, R134a refrigerant for sale"},{"@type":"BreadcrumbList","@id":"https:\/\/refrigerant-wholesale.com\/fr\/product\/quart-de-palette-hvac-r134a-10-cylindres\/#breadcrumb","itemListElement":[{"@type":"ListItem","position":1,"name":"Home","item":"https:\/\/refrigerant-wholesale.com\/fr\/"},{"@type":"ListItem","position":2,"name":"Boutique","item":"https:\/\/refrigerant-wholesale.com\/fr\/boutique\/"},{"@type":"ListItem","position":3,"name":"Quart de palette HVAC R134A (10 cylindres)"}]},{"@type":"WebSite","@id":"https:\/\/refrigerant-wholesale.com\/fr\/#website","url":"https:\/\/refrigerant-wholesale.com\/fr\/","name":"Refrigerant Gas Wholesale","description":"AC Gas supplier","publisher":{"@id":"https:\/\/refrigerant-wholesale.com\/fr\/#organization"},"potentialAction":[{"@type":"SearchAction","target":{"@type":"EntryPoint","urlTemplate":"https:\/\/refrigerant-wholesale.com\/fr\/?s={search_term_string}"},"query-input":{"@type":"PropertyValueSpecification","valueRequired":true,"valueName":"search_term_string"}}],"inLanguage":"fr-FR"},{"@type":"Organization","@id":"https:\/\/refrigerant-wholesale.com\/fr\/#organization","name":"Refrigerant Gas Wholesale","url":"https:\/\/refrigerant-wholesale.com\/fr\/","logo":{"@type":"ImageObject","inLanguage":"fr-FR","@id":"https:\/\/refrigerant-wholesale.com\/fr\/#\/schema\/logo\/image\/","url":"http:\/\/refrigerant-wholesale.com\/wp-content\/uploads\/2024\/04\/refrigerant-logo.png","contentUrl":"http:\/\/refrigerant-wholesale.com\/wp-content\/uploads\/2024\/04\/refrigerant-logo.png","width":400,"height":84,"caption":"Refrigerant Gas Wholesale"},"image":{"@id":"https:\/\/refrigerant-wholesale.com\/fr\/#\/schema\/logo\/image\/"},"sameAs":["https:\/\/www.facebook.com\/refrigerantwholesale"]}]}},"_links":{"self":[{"href":"https:\/\/refrigerant-wholesale.com\/fr\/wp-json\/wp\/v2\/product\/2214","targetHints":{"allow":["GET"]}}],"collection":[{"href":"https:\/\/refrigerant-wholesale.com\/fr\/wp-json\/wp\/v2\/product"}],"about":[{"href":"https:\/\/refrigerant-wholesale.com\/fr\/wp-json\/wp\/v2\/types\/product"}],"replies":[{"embeddable":true,"href":"https:\/\/refrigerant-wholesale.com\/fr\/wp-json\/wp\/v2\/comments?post=2214"}],"wp:featuredmedia":[{"embeddable":true,"href":"https:\/\/refrigerant-wholesale.com\/fr\/wp-json\/wp\/v2\/media\/1446"}],"wp:attachment":[{"href":"https:\/\/refrigerant-wholesale.com\/fr\/wp-json\/wp\/v2\/media?parent=2214"}],"wp:term":[{"taxonomy":"product_brand","embeddable":true,"href":"https:\/\/refrigerant-wholesale.com\/fr\/wp-json\/wp\/v2\/product_brand?post=2214"},{"taxonomy":"product_cat","embeddable":true,"href":"https:\/\/refrigerant-wholesale.com\/fr\/wp-json\/wp\/v2\/product_cat?post=2214"},{"taxonomy":"product_tag","embeddable":true,"href":"https:\/\/refrigerant-wholesale.com\/fr\/wp-json\/wp\/v2\/product_tag?post=2214"}],"curies":[{"name":"wp","href":"https:\/\/api.w.org\/{rel}","templated":true}]}}