{"id":2211,"date":"2024-07-13T16:32:31","date_gmt":"2024-07-13T16:32:31","guid":{"rendered":"https:\/\/refrigerant-wholesale.com\/product\/palette-complete-r22-40-bouteilles\/"},"modified":"2025-03-01T21:26:41","modified_gmt":"2025-03-01T21:26:41","slug":"palette-complete-r22-40-bouteilles","status":"publish","type":"product","link":"https:\/\/refrigerant-wholesale.com\/fr\/product\/palette-complete-r22-40-bouteilles\/","title":{"rendered":"Palette compl\u00e8te R22 (40 bouteilles)"},"content":{"rendered":"<h2>Fourniture en gros de r\u00e9frig\u00e9rant R22 &#8211; Livraison dans le monde entier<\/h2>\n<p>Vous recherchez un fournisseur fiable de <strong>r\u00e9frig\u00e9rant R22<\/strong> pour votre entreprise ? Nous proposons du <strong>r\u00e9frig\u00e9rant R22<\/strong> de premi\u00e8re qualit\u00e9 \u00e0 des prix de gros, disponible pour une livraison dans le monde entier. Que vous soyez dans l&rsquo;industrie HVAC ou que vous ayez besoin de r\u00e9frig\u00e9rant pour des syst\u00e8mes de refroidissement commerciaux, notre large stock vous assure d&rsquo;obtenir la meilleure solution pour vos besoins. Achetez du r\u00e9frig\u00e9rant R22 en gros. Commandez du r\u00e9frig\u00e9rant R22 en vrac au prix de gros. Produits 100% authentiques. Livraison rapide dans le monde entier.      <\/p>\n<h3>Pourquoi nous choisir comme fournisseur de r\u00e9frig\u00e9rant R22 ?<\/h3>\n<p>Nous savons \u00e0 quel point il est important d&rsquo;avoir le bon <strong>R22<\/strong> pour vos syst\u00e8mes. En tant que <strong>fournisseur en gros de<\/strong> confiance et fort de plusieurs ann\u00e9es d&rsquo;exp\u00e9rience, nous garantissons \u00e0 la fois <strong>la qualit\u00e9<\/strong> et l&rsquo;<strong>efficacit\u00e9<\/strong>. Notre r\u00e9frig\u00e9rant est conforme aux normes internationales, ce qui garantit des performances de refroidissement sup\u00e9rieures.  <\/p>\n<p>En outre, notre r\u00e9seau mondial garantit que, o\u00f9 que vous soyez, nous pouvons vous livrer rapidement. Cette fiabilit\u00e9 a fait de nous le premier choix des entreprises \u00e0 la recherche d&rsquo;un approvisionnement en r\u00e9frig\u00e9rant efficace et s\u00fbr. <\/p>\n<h3>Prix du r\u00e9frig\u00e9rant R22 en vrac<\/h3>\n<p>Pour les entreprises qui souhaitent acheter du <strong>fluide frigorig\u00e8ne R22 en gros<\/strong>, nous proposons des prix avantageux, ce qui vous permet de r\u00e9aliser des \u00e9conomies consid\u00e9rables sur vos achats. En achetant en gros, vous pouvez r\u00e9duire vos co\u00fbts op\u00e9rationnels tout en assurant un approvisionnement ininterrompu en r\u00e9frig\u00e9rant. <\/p>\n<p>En outre, notre mod\u00e8le de tarification est con\u00e7u pour \u00eatre transparent, sans frais cach\u00e9s. Notre objectif est de vous fournir des solutions de r\u00e9frig\u00e9ration <strong>abordables<\/strong> sans compromettre la qualit\u00e9. <\/p>\n<h3>Exp\u00e9dition mondiale avec livraison rapide et s\u00fbre<\/h3>\n<p>L&rsquo;un de nos principaux atouts est notre capacit\u00e9 \u00e0 exp\u00e9dier du <strong>r\u00e9frig\u00e9rant<a href=\"https:\/\/www.google.com\/search?q=r22+refrigerant&amp;sca_esv=8141674a718dc13d&amp;sxsrf=ADLYWIIEhWnwemciygeR4zcS61Z9DXg0Kg%3A1728299474724&amp;ei=0sEDZ8XpK7uQxc8P9NK0iQ4&amp;oq=r22&amp;gs_lp=Egxnd3Mtd2l6LXNlcnAiA3IyMioCCAAyCxAAGIAEGJECGIoFMgUQABiABDIFEAAYgAQyBRAAGIAEMgUQABiABDIFEAAYgAQyBRAAGIAEMgUQABiABDIKEAAYgAQYQxiKBTIFEAAYgARIwixQlh9YrCBwAngBkAEAmAGyAaABzAKqAQMwLjK4AQHIAQD4AQGYAgSgApwDwgIKEAAYsAMY1gQYR8ICBRAuGIAEmAMAiAYBkAYDkgcFMi4xLjGgB9ML&amp;sclient=gws-wiz-serp\">R-22<\/a><\/strong> dans le monde entier. Nous nous sommes associ\u00e9s \u00e0 des prestataires logistiques fiables pour que votre commande vous parvienne en parfait \u00e9tat, quel que soit votre lieu de r\u00e9sidence. Nous proposons une exp\u00e9dition rapide et s\u00e9curis\u00e9e, afin que vous puissiez assurer le bon fonctionnement de vos syst\u00e8mes de refroidissement avec un minimum de temps d&rsquo;arr\u00eat.  <\/p>\n<p>Pour les commandes plus importantes, nous proposons des solutions d&rsquo;exp\u00e9dition personnalis\u00e9es afin de r\u00e9pondre \u00e0 vos besoins sp\u00e9cifiques et de garantir la livraison de votre fluide frigorig\u00e8ne en <strong>toute s\u00e9curit\u00e9<\/strong> et <strong>dans les d\u00e9lais impartis<\/strong>.<\/p>\n<h3>Un soutien \u00e0 la client\u00e8le de premier ordre<\/h3>\n<p>Nous nous distinguons par notre engagement \u00e0 satisfaire nos clients. Notre <strong>\u00e9quipe d&rsquo;assistance \u00e0 la client\u00e8le<\/strong> est toujours disponible pour r\u00e9pondre \u00e0 vos questions concernant votre commande. Qu&rsquo;il s&rsquo;agisse de vous aider \u00e0 choisir la bonne quantit\u00e9 de <strong>r\u00e9frig\u00e9rant<a href=\"https:\/\/refrigerant-wholesale.com\/fr\/?post_type=product&#038;p=2199\">R-22<\/a><\/strong> ou d&rsquo;organiser des exp\u00e9ditions internationales, nous sommes l\u00e0 pour veiller \u00e0 ce que votre exp\u00e9rience d&rsquo;achat se d\u00e9roule sans encombre.  <\/p>\n<p>En outre, nous assurons un suivi d\u00e9taill\u00e9 de chaque envoi, ce qui vous permet d&rsquo;avoir l&rsquo;esprit tranquille du moment o\u00f9 vous passez votre commande jusqu&rsquo;\u00e0 ce qu&rsquo;elle arrive chez vous.<\/p>\n<h3>Pourquoi le r\u00e9frig\u00e9rant R-22 ?<\/h3>\n<p>Bien que le r\u00e9frig\u00e9rant R22 soit progressivement \u00e9limin\u00e9 dans certaines r\u00e9gions, il reste un r\u00e9frig\u00e9rant essentiel pour les anciens syst\u00e8mes de climatisation et de r\u00e9frig\u00e9ration. Si vous recherchez un <strong>approvisionnement fiable en<\/strong> <strong>r\u00e9frig\u00e9rant R-22<\/strong>, nous pouvons r\u00e9pondre \u00e0 vos besoins en vous proposant un stock de haute qualit\u00e9. <\/p>\n<h3>Contactez-nous pour le prix de gros du r\u00e9frig\u00e9rant R22<\/h3>\n<p>Ne manquez pas d&rsquo;obtenir les meilleures offres pour le <strong>r\u00e9frig\u00e9rant R-22<\/strong>. Contactez-nous d\u00e8s aujourd&rsquo;hui pour un <strong>devis gratuit<\/strong> et d\u00e9couvrez comment nous pouvons r\u00e9pondre efficacement \u00e0 vos <strong>besoins en r\u00e9frig\u00e9rant<\/strong>. Nous garantissons les meilleurs prix, une livraison rapide et un excellent service \u00e0 la client\u00e8le pour vous aider \u00e0 faire fonctionner vos syst\u00e8mes \u00e0 pleine capacit\u00e9.  <\/p>\n","protected":false},"excerpt":{"rendered":"<p><img loading=\"lazy\" decoding=\"async\" class=\"alignnone wp-image-437 aligncenter\" src=\"http:\/\/refrigerant-wholesale.com\/wp-content\/uploads\/2024\/03\/Screenshot-69.png\" alt=\"\" width=\"207\" height=\"50\"><\/p>\n<h4 style=\"text-align: center;\"><img loading=\"lazy\" decoding=\"async\" class=\"alignnone wp-image-744\" src=\"http:\/\/refrigerant-wholesale.com\/wp-content\/uploads\/2024\/07\/removal.ai_8ca2a79e-d09f-4bd1-a4fe-c4c69f1a4386_Trade-Assurance-381x400.png\" alt=\"R\u00e9frig\u00e9rants WS\" width=\"26\" height=\"28\" srcset=\"https:\/\/refrigerant-wholesale.com\/wp-content\/uploads\/2024\/07\/removal.ai_8ca2a79e-d09f-4bd1-a4fe-c4c69f1a4386_Trade-Assurance-381x400.png 381w, https:\/\/refrigerant-wholesale.com\/wp-content\/uploads\/2024\/07\/removal.ai_8ca2a79e-d09f-4bd1-a4fe-c4c69f1a4386_Trade-Assurance.png 388w\" sizes=\"auto, (max-width: 26px) 100vw, 26px\" \/>ASSURANCE COMMERCIALE<\/h4>\n<div class=\"gmail-textwidget gmail-custom-html-widget\">\n<h6 style=\"text-align: center;\">Exp\u00e9dition : Livraison dans le monde entier<\/h6>\n<h6 style=\"text-align: center;\">(Demande personnalis\u00e9e acceptable)<\/h6>\n<p style=\"text-align: center;\">100% VIRGIN Scell\u00e9 en usine GARANTIE<\/p>\n<p style=\"text-align: center;\"><a href=\"http:\/\/refrigerant-wholesale.com\/wp-content\/uploads\/2024\/07\/SDS-R22.pdf\" target=\"_self\" class=\"button primary is-green is-small\"  >\n    <span>T\u00e9l\u00e9chargez la fiche technique sur la s\u00e9curit\u00e9<\/span>\n  <\/a>\n\n<\/div>\n","protected":false},"featured_media":1449,"comment_status":"closed","ping_status":"closed","template":"","meta":[],"product_brand":[],"product_cat":[269,432],"product_tag":[442,444,443],"class_list":{"0":"post-2211","1":"product","2":"type-product","3":"status-publish","4":"has-post-thumbnail","6":"product_cat-non-categorise","7":"product_cat-r22-fr","8":"product_tag-fournisseur-de-refrigerant-r22","9":"product_tag-prix-de-gros-du-refrigerant-r22","10":"product_tag-refrigerant-r22","12":"first","13":"instock","14":"shipping-taxable","15":"product-type-simple"},"yoast_head":"<!-- This site is optimized with the Yoast SEO Premium plugin v27.0 (Yoast SEO v27.3) - https:\/\/yoast.com\/product\/yoast-seo-premium-wordpress\/ -->\n<title>R22 Refrigerant Wholesale Supply | WS Refrigerants<\/title>\n<meta name=\"description\" content=\"Acheter R22 Refrigerant Wholesale Supply. Commandez le r\u00e9frig\u00e9rant R22 en vrac au prix de gros. Produits 100% authentiques. Livraison rapide dans le monde entier\" \/>\n<meta name=\"robots\" content=\"index, follow, max-snippet:-1, max-image-preview:large, max-video-preview:-1\" \/>\n<link rel=\"canonical\" href=\"https:\/\/refrigerant-wholesale.com\/fr\/product\/palette-complete-r22-40-bouteilles\/\" \/>\n<meta property=\"og:locale\" content=\"fr_FR\" \/>\n<meta property=\"og:type\" content=\"article\" \/>\n<meta property=\"og:title\" content=\"Palette compl\u00e8te R22 (40 bouteilles)\" \/>\n<meta property=\"og:description\" content=\"Acheter R22 Refrigerant Wholesale Supply. Commandez le r\u00e9frig\u00e9rant R22 en vrac au prix de gros. Produits 100% authentiques. Livraison rapide dans le monde entier\" \/>\n<meta property=\"og:url\" content=\"https:\/\/refrigerant-wholesale.com\/fr\/product\/palette-complete-r22-40-bouteilles\/\" \/>\n<meta property=\"og:site_name\" content=\"Refrigerant Gas Wholesale\" \/>\n<meta property=\"article:publisher\" content=\"https:\/\/www.facebook.com\/refrigerantwholesale\" \/>\n<meta property=\"article:modified_time\" content=\"2025-03-01T21:26:41+00:00\" \/>\n<meta property=\"og:image\" content=\"http:\/\/refrigerant-wholesale.com\/wp-content\/uploads\/2024\/07\/Full-Pallet-4.jpg\" \/>\n\t<meta property=\"og:image:width\" content=\"1000\" \/>\n\t<meta property=\"og:image:height\" content=\"1000\" \/>\n\t<meta property=\"og:image:type\" content=\"image\/jpeg\" \/>\n<meta name=\"twitter:card\" content=\"summary_large_image\" \/>\n<meta name=\"twitter:label1\" content=\"Dur\u00e9e de lecture estim\u00e9e\" \/>\n\t<meta name=\"twitter:data1\" content=\"3 minutes\" \/>\n<script type=\"application\/ld+json\" class=\"yoast-schema-graph\">{\"@context\":\"https:\\\/\\\/schema.org\",\"@graph\":[{\"@type\":\"WebPage\",\"@id\":\"https:\\\/\\\/refrigerant-wholesale.com\\\/fr\\\/product\\\/palette-complete-r22-40-bouteilles\\\/\",\"url\":\"https:\\\/\\\/refrigerant-wholesale.com\\\/fr\\\/product\\\/palette-complete-r22-40-bouteilles\\\/\",\"name\":\"R22 Refrigerant Wholesale Supply | WS Refrigerants\",\"isPartOf\":{\"@id\":\"https:\\\/\\\/refrigerant-wholesale.com\\\/fr\\\/#website\"},\"primaryImageOfPage\":{\"@id\":\"https:\\\/\\\/refrigerant-wholesale.com\\\/fr\\\/product\\\/palette-complete-r22-40-bouteilles\\\/#primaryimage\"},\"image\":{\"@id\":\"https:\\\/\\\/refrigerant-wholesale.com\\\/fr\\\/product\\\/palette-complete-r22-40-bouteilles\\\/#primaryimage\"},\"thumbnailUrl\":\"https:\\\/\\\/refrigerant-wholesale.com\\\/wp-content\\\/uploads\\\/2024\\\/07\\\/Full-Pallet-4.jpg\",\"datePublished\":\"2024-07-13T16:32:31+00:00\",\"dateModified\":\"2025-03-01T21:26:41+00:00\",\"description\":\"Acheter R22 Refrigerant Wholesale Supply. Commandez le r\u00e9frig\u00e9rant R22 en vrac au prix de gros. Produits 100% authentiques. Livraison rapide dans le monde entier\",\"breadcrumb\":{\"@id\":\"https:\\\/\\\/refrigerant-wholesale.com\\\/fr\\\/product\\\/palette-complete-r22-40-bouteilles\\\/#breadcrumb\"},\"inLanguage\":\"fr-FR\",\"potentialAction\":[{\"@type\":\"ReadAction\",\"target\":[\"https:\\\/\\\/refrigerant-wholesale.com\\\/fr\\\/product\\\/palette-complete-r22-40-bouteilles\\\/\"]}]},{\"@type\":\"ImageObject\",\"inLanguage\":\"fr-FR\",\"@id\":\"https:\\\/\\\/refrigerant-wholesale.com\\\/fr\\\/product\\\/palette-complete-r22-40-bouteilles\\\/#primaryimage\",\"url\":\"https:\\\/\\\/refrigerant-wholesale.com\\\/wp-content\\\/uploads\\\/2024\\\/07\\\/Full-Pallet-4.jpg\",\"contentUrl\":\"https:\\\/\\\/refrigerant-wholesale.com\\\/wp-content\\\/uploads\\\/2024\\\/07\\\/Full-Pallet-4.jpg\",\"width\":1000,\"height\":1000,\"caption\":\"R22 Refrigerant Supplier, R22 Refrigerant, R22, Refrigerant R22, R 22 freon, Buy R22 refrigerant, R22 refrigerant for sale\"},{\"@type\":\"BreadcrumbList\",\"@id\":\"https:\\\/\\\/refrigerant-wholesale.com\\\/fr\\\/product\\\/palette-complete-r22-40-bouteilles\\\/#breadcrumb\",\"itemListElement\":[{\"@type\":\"ListItem\",\"position\":1,\"name\":\"Home\",\"item\":\"https:\\\/\\\/refrigerant-wholesale.com\\\/fr\\\/\"},{\"@type\":\"ListItem\",\"position\":2,\"name\":\"Boutique\",\"item\":\"https:\\\/\\\/refrigerant-wholesale.com\\\/fr\\\/boutique\\\/\"},{\"@type\":\"ListItem\",\"position\":3,\"name\":\"Palette compl\u00e8te R22 (40 bouteilles)\"}]},{\"@type\":\"WebSite\",\"@id\":\"https:\\\/\\\/refrigerant-wholesale.com\\\/fr\\\/#website\",\"url\":\"https:\\\/\\\/refrigerant-wholesale.com\\\/fr\\\/\",\"name\":\"Refrigerant Gas Wholesale\",\"description\":\"AC Gas supplier\",\"publisher\":{\"@id\":\"https:\\\/\\\/refrigerant-wholesale.com\\\/fr\\\/#organization\"},\"potentialAction\":[{\"@type\":\"SearchAction\",\"target\":{\"@type\":\"EntryPoint\",\"urlTemplate\":\"https:\\\/\\\/refrigerant-wholesale.com\\\/fr\\\/?s={search_term_string}\"},\"query-input\":{\"@type\":\"PropertyValueSpecification\",\"valueRequired\":true,\"valueName\":\"search_term_string\"}}],\"inLanguage\":\"fr-FR\"},{\"@type\":\"Organization\",\"@id\":\"https:\\\/\\\/refrigerant-wholesale.com\\\/fr\\\/#organization\",\"name\":\"Refrigerant Gas Wholesale\",\"url\":\"https:\\\/\\\/refrigerant-wholesale.com\\\/fr\\\/\",\"logo\":{\"@type\":\"ImageObject\",\"inLanguage\":\"fr-FR\",\"@id\":\"https:\\\/\\\/refrigerant-wholesale.com\\\/fr\\\/#\\\/schema\\\/logo\\\/image\\\/\",\"url\":\"http:\\\/\\\/refrigerant-wholesale.com\\\/wp-content\\\/uploads\\\/2024\\\/04\\\/refrigerant-logo.png\",\"contentUrl\":\"http:\\\/\\\/refrigerant-wholesale.com\\\/wp-content\\\/uploads\\\/2024\\\/04\\\/refrigerant-logo.png\",\"width\":400,\"height\":84,\"caption\":\"Refrigerant Gas Wholesale\"},\"image\":{\"@id\":\"https:\\\/\\\/refrigerant-wholesale.com\\\/fr\\\/#\\\/schema\\\/logo\\\/image\\\/\"},\"sameAs\":[\"https:\\\/\\\/www.facebook.com\\\/refrigerantwholesale\"]}]}<\/script>\n<!-- \/ Yoast SEO Premium plugin. -->","yoast_head_json":{"title":"R22 Refrigerant Wholesale Supply | WS Refrigerants","description":"Acheter R22 Refrigerant Wholesale Supply. Commandez le r\u00e9frig\u00e9rant R22 en vrac au prix de gros. Produits 100% authentiques. Livraison rapide dans le monde entier","robots":{"index":"index","follow":"follow","max-snippet":"max-snippet:-1","max-image-preview":"max-image-preview:large","max-video-preview":"max-video-preview:-1"},"canonical":"https:\/\/refrigerant-wholesale.com\/fr\/product\/palette-complete-r22-40-bouteilles\/","og_locale":"fr_FR","og_type":"article","og_title":"Palette compl\u00e8te R22 (40 bouteilles)","og_description":"Acheter R22 Refrigerant Wholesale Supply. Commandez le r\u00e9frig\u00e9rant R22 en vrac au prix de gros. Produits 100% authentiques. Livraison rapide dans le monde entier","og_url":"https:\/\/refrigerant-wholesale.com\/fr\/product\/palette-complete-r22-40-bouteilles\/","og_site_name":"Refrigerant Gas Wholesale","article_publisher":"https:\/\/www.facebook.com\/refrigerantwholesale","article_modified_time":"2025-03-01T21:26:41+00:00","og_image":[{"width":1000,"height":1000,"url":"http:\/\/refrigerant-wholesale.com\/wp-content\/uploads\/2024\/07\/Full-Pallet-4.jpg","type":"image\/jpeg"}],"twitter_card":"summary_large_image","twitter_misc":{"Dur\u00e9e de lecture estim\u00e9e":"3 minutes"},"schema":{"@context":"https:\/\/schema.org","@graph":[{"@type":"WebPage","@id":"https:\/\/refrigerant-wholesale.com\/fr\/product\/palette-complete-r22-40-bouteilles\/","url":"https:\/\/refrigerant-wholesale.com\/fr\/product\/palette-complete-r22-40-bouteilles\/","name":"R22 Refrigerant Wholesale Supply | WS Refrigerants","isPartOf":{"@id":"https:\/\/refrigerant-wholesale.com\/fr\/#website"},"primaryImageOfPage":{"@id":"https:\/\/refrigerant-wholesale.com\/fr\/product\/palette-complete-r22-40-bouteilles\/#primaryimage"},"image":{"@id":"https:\/\/refrigerant-wholesale.com\/fr\/product\/palette-complete-r22-40-bouteilles\/#primaryimage"},"thumbnailUrl":"https:\/\/refrigerant-wholesale.com\/wp-content\/uploads\/2024\/07\/Full-Pallet-4.jpg","datePublished":"2024-07-13T16:32:31+00:00","dateModified":"2025-03-01T21:26:41+00:00","description":"Acheter R22 Refrigerant Wholesale Supply. Commandez le r\u00e9frig\u00e9rant R22 en vrac au prix de gros. Produits 100% authentiques. Livraison rapide dans le monde entier","breadcrumb":{"@id":"https:\/\/refrigerant-wholesale.com\/fr\/product\/palette-complete-r22-40-bouteilles\/#breadcrumb"},"inLanguage":"fr-FR","potentialAction":[{"@type":"ReadAction","target":["https:\/\/refrigerant-wholesale.com\/fr\/product\/palette-complete-r22-40-bouteilles\/"]}]},{"@type":"ImageObject","inLanguage":"fr-FR","@id":"https:\/\/refrigerant-wholesale.com\/fr\/product\/palette-complete-r22-40-bouteilles\/#primaryimage","url":"https:\/\/refrigerant-wholesale.com\/wp-content\/uploads\/2024\/07\/Full-Pallet-4.jpg","contentUrl":"https:\/\/refrigerant-wholesale.com\/wp-content\/uploads\/2024\/07\/Full-Pallet-4.jpg","width":1000,"height":1000,"caption":"R22 Refrigerant Supplier, R22 Refrigerant, R22, Refrigerant R22, R 22 freon, Buy R22 refrigerant, R22 refrigerant for sale"},{"@type":"BreadcrumbList","@id":"https:\/\/refrigerant-wholesale.com\/fr\/product\/palette-complete-r22-40-bouteilles\/#breadcrumb","itemListElement":[{"@type":"ListItem","position":1,"name":"Home","item":"https:\/\/refrigerant-wholesale.com\/fr\/"},{"@type":"ListItem","position":2,"name":"Boutique","item":"https:\/\/refrigerant-wholesale.com\/fr\/boutique\/"},{"@type":"ListItem","position":3,"name":"Palette compl\u00e8te R22 (40 bouteilles)"}]},{"@type":"WebSite","@id":"https:\/\/refrigerant-wholesale.com\/fr\/#website","url":"https:\/\/refrigerant-wholesale.com\/fr\/","name":"Refrigerant Gas Wholesale","description":"AC Gas supplier","publisher":{"@id":"https:\/\/refrigerant-wholesale.com\/fr\/#organization"},"potentialAction":[{"@type":"SearchAction","target":{"@type":"EntryPoint","urlTemplate":"https:\/\/refrigerant-wholesale.com\/fr\/?s={search_term_string}"},"query-input":{"@type":"PropertyValueSpecification","valueRequired":true,"valueName":"search_term_string"}}],"inLanguage":"fr-FR"},{"@type":"Organization","@id":"https:\/\/refrigerant-wholesale.com\/fr\/#organization","name":"Refrigerant Gas Wholesale","url":"https:\/\/refrigerant-wholesale.com\/fr\/","logo":{"@type":"ImageObject","inLanguage":"fr-FR","@id":"https:\/\/refrigerant-wholesale.com\/fr\/#\/schema\/logo\/image\/","url":"http:\/\/refrigerant-wholesale.com\/wp-content\/uploads\/2024\/04\/refrigerant-logo.png","contentUrl":"http:\/\/refrigerant-wholesale.com\/wp-content\/uploads\/2024\/04\/refrigerant-logo.png","width":400,"height":84,"caption":"Refrigerant Gas Wholesale"},"image":{"@id":"https:\/\/refrigerant-wholesale.com\/fr\/#\/schema\/logo\/image\/"},"sameAs":["https:\/\/www.facebook.com\/refrigerantwholesale"]}]}},"_links":{"self":[{"href":"https:\/\/refrigerant-wholesale.com\/fr\/wp-json\/wp\/v2\/product\/2211","targetHints":{"allow":["GET"]}}],"collection":[{"href":"https:\/\/refrigerant-wholesale.com\/fr\/wp-json\/wp\/v2\/product"}],"about":[{"href":"https:\/\/refrigerant-wholesale.com\/fr\/wp-json\/wp\/v2\/types\/product"}],"replies":[{"embeddable":true,"href":"https:\/\/refrigerant-wholesale.com\/fr\/wp-json\/wp\/v2\/comments?post=2211"}],"wp:featuredmedia":[{"embeddable":true,"href":"https:\/\/refrigerant-wholesale.com\/fr\/wp-json\/wp\/v2\/media\/1449"}],"wp:attachment":[{"href":"https:\/\/refrigerant-wholesale.com\/fr\/wp-json\/wp\/v2\/media?parent=2211"}],"wp:term":[{"taxonomy":"product_brand","embeddable":true,"href":"https:\/\/refrigerant-wholesale.com\/fr\/wp-json\/wp\/v2\/product_brand?post=2211"},{"taxonomy":"product_cat","embeddable":true,"href":"https:\/\/refrigerant-wholesale.com\/fr\/wp-json\/wp\/v2\/product_cat?post=2211"},{"taxonomy":"product_tag","embeddable":true,"href":"https:\/\/refrigerant-wholesale.com\/fr\/wp-json\/wp\/v2\/product_tag?post=2211"}],"curies":[{"name":"wp","href":"https:\/\/api.w.org\/{rel}","templated":true}]}}