{"id":2209,"date":"2024-07-13T15:48:38","date_gmt":"2024-07-13T15:48:38","guid":{"rendered":"https:\/\/refrigerant-wholesale.com\/product\/demi-palette-hvac-r134a-20-bouteilles\/"},"modified":"2025-03-01T21:26:37","modified_gmt":"2025-03-01T21:26:37","slug":"demi-palette-hvac-r134a-20-bouteilles","status":"publish","type":"product","link":"https:\/\/refrigerant-wholesale.com\/fr\/product\/demi-palette-hvac-r134a-20-bouteilles\/","title":{"rendered":"Demi-palette HVAC R134A (20 bouteilles)"},"content":{"rendered":"<h3>R\u00e9frig\u00e9rant R134A abordable &#8211; Haute qualit\u00e9 \u00e0 bas prix, disponible dans le monde entier<\/h3>\n<p>Vous avez besoin de <strong>r\u00e9frig\u00e9rant R134A<\/strong> \u00e0 un prix abordable ? Ne cherchez pas plus loin ! Nous vous proposons du <strong>r\u00e9frig\u00e9rant R134A \u00e0 bas prix<\/strong> sans compromis sur la qualit\u00e9. Que vous soyez propri\u00e9taire d&rsquo;une petite entreprise, technicien automobile ou professionnel du chauffage, de la ventilation et de la climatisation, notre <strong>r\u00e9frig\u00e9rant R134A<\/strong> r\u00e9pondra \u00e0 vos besoins \u00e0 <strong>moindre co\u00fbt<\/strong>. D\u00e9couvrez nos prix imbattables et nos exp\u00e9ditions internationales efficaces. Assurez le bon fonctionnement de vos syst\u00e8mes de refroidissement, o\u00f9 que vous soyez dans le monde !     <\/p>\n<h4>Pourquoi nous choisir ?<\/h4>\n<p>Notre <strong>r\u00e9frig\u00e9rant R134A<\/strong> provient de fabricants de confiance, ce qui garantit des performances de premier ordre. Il r\u00e9pond \u00e0 toutes les normes industrielles, ce qui en fait la solution id\u00e9ale pour les <strong>syst\u00e8mes de climatisation automobile<\/strong>, les r\u00e9frig\u00e9rateurs et autres syst\u00e8mes de refroidissement. Nous vous garantissons non seulement le meilleur prix, mais aussi une qualit\u00e9 exceptionnelle. Cette combinaison de faible co\u00fbt et de haute performance fait de notre produit un choix id\u00e9al pour les professionnels et les bricoleurs.   <\/p>\n<p>En outre, nous comprenons l&rsquo;importance d&rsquo;un refroidissement fiable et constant dans les industries actuelles qui \u00e9voluent rapidement. Avec le <strong>r\u00e9frig\u00e9rant R134A<\/strong>, vos syst\u00e8mes fonctionneront avec une efficacit\u00e9 maximale, vous \u00e9vitant ainsi des r\u00e9parations co\u00fbteuses et des temps d&rsquo;arr\u00eat. Et gr\u00e2ce \u00e0 nos <strong> <a href=\"https:\/\/refrigerant-wholesale.com\/fr\/?page_id=2042\">options d&rsquo;<\/a>achat en gros<\/strong>, vous \u00e9conomiserez encore plus.  <\/p>\n<h4>Exp\u00e9dition mondiale &#8211; Nous livrons dans le monde entier !<\/h4>\n<p>L&rsquo;un des nombreux avantages de choisir notre <strong>r\u00e9frig\u00e9rant R134A bon march\u00e9<\/strong> est notre service d&rsquo;<strong>exp\u00e9dition mondial<\/strong>. O\u00f9 que vous soyez, nous assurons une livraison rapide et s\u00fbre jusqu&rsquo;\u00e0 votre porte. Nous livrons en Europe, en Am\u00e9rique du Nord, en Asie, en Afrique et ailleurs. Si vous cherchez \u00e0 stocker du <strong>r\u00e9frig\u00e9rant R134A<\/strong> pour votre entreprise, nous offrons des <strong>remises sur les commandes en gros<\/strong> pour r\u00e9pondre \u00e0 vos besoins budg\u00e9taires.   <\/p>\n<p>De plus, nos partenaires d&rsquo;exp\u00e9dition internationaux sont des noms de confiance dans le secteur de la logistique. Gr\u00e2ce \u00e0 leur soutien, vous pouvez \u00eatre certain que votre r\u00e9frig\u00e9rant arrivera \u00e0 temps et en excellent \u00e9tat. Il n&rsquo;a jamais \u00e9t\u00e9 aussi facile d&rsquo;acc\u00e9der \u00e0 du <a href=\"https:\/\/www.google.com\/search?q=r134a+price&amp;sca_esv=8141674a718dc13d&amp;sxsrf=ADLYWIL-mr6XpFKkFVmTzyhPDQv7ARdF0g%3A1728343151179&amp;ei=b2wEZ_fWCuGsxc8P-JTF0A8&amp;ved=0ahUKEwi3ys38s_2IAxVhVvEDHXhKEfoQ4dUDCA8&amp;uact=5&amp;oq=r134a+price&amp;gs_lp=Egxnd3Mtd2l6LXNlcnAiC3IxMzRhIHByaWNlMgsQABiABBiRAhiKBTILEAAYgAQYkQIYigUyCxAAGIAEGJECGIoFMgUQABiABDIFEAAYgAQyBRAAGIAEMgUQABiABDIFEAAYgAQyBRAAGIAEMgUQABiABEizFlCyCli2E3ABeAGQAQCYAXygAa0EqgEDMS40uAEDyAEA-AEBmAIGoALOBMICChAAGLADGNYEGEeYAwCIBgGQBgiSBwMxLjWgB54a&amp;sclient=gws-wiz-serp\"><strong>R134A de haute qualit\u00e9<\/strong><\/a> \u00e0 un prix comp\u00e9titif, quelle que soit votre situation g\u00e9ographique.  <\/p>\n<h3>Le meilleur prix pour le r\u00e9frig\u00e9rant R134A &#8211; garanti !<\/h3>\n<p>Lorsqu&rsquo;il s&rsquo;agit d&rsquo;acheter du <strong>r\u00e9frig\u00e9rant R134A<\/strong>, le prix est essentiel. C&rsquo;est pourquoi nous avons travaill\u00e9 dur pour vous offrir le meilleur prix possible, sans sacrifier la qualit\u00e9. Notre <strong>r\u00e9frig\u00e9rant R134A<\/strong> est propos\u00e9 \u00e0 des prix comp\u00e9titifs afin que vous puissiez en avoir pour votre argent. En outre, nous proposons r\u00e9guli\u00e8rement des promotions et des remises afin de rendre l&rsquo;affaire encore plus int\u00e9ressante.   <\/p>\n<p>Non seulement nous fournissons du <strong>r\u00e9frig\u00e9rant R134A \u00e0 bas prix<\/strong>, mais nous offrons \u00e9galement un service \u00e0 la client\u00e8le exceptionnel. Notre \u00e9quipe est \u00e0 votre disposition pour r\u00e9pondre \u00e0 toutes vos questions concernant votre commande. Nous nous effor\u00e7ons de cr\u00e9er des relations durables avec nos clients en fournissant des <strong>produits de qualit\u00e9 sup\u00e9rieure \u00e0<\/strong> des prix imbattables.  <\/p>\n<h4>Contactez-nous d\u00e8s aujourd&rsquo;hui pour obtenir les meilleures offres<\/h4>\n<p>Pr\u00eat \u00e0 profiter des meilleurs prix sur <a href=\"https:\/\/refrigerant-wholesale.com\/es\/?post_type=product&#038;p=2201\"><strong>r\u00e9frig\u00e9rant R-134A<\/strong><\/a>? N&rsquo;attendez plus ! Contactez-nous d\u00e8s aujourd&rsquo;hui pour passer votre commande ou vous renseigner sur les <strong>achats en gros<\/strong>. Avec nos prix abordables, nos livraisons fiables et notre service \u00e0 la client\u00e8le exceptionnel, vous ne trouverez pas de meilleure affaire ailleurs.   <\/p>\n<p><strong>Commandez maintenant<\/strong> et profitez des avantages d&rsquo;un <strong>r\u00e9frig\u00e9rant R134A bon march\u00e9<\/strong> livr\u00e9 directement chez vous &#8211; dans le monde entier !<\/p>\n","protected":false},"excerpt":{"rendered":"<p><img loading=\"lazy\" decoding=\"async\" class=\"alignnone wp-image-437 aligncenter\" src=\"http:\/\/refrigerant-wholesale.com\/wp-content\/uploads\/2024\/03\/Screenshot-69.png\" alt=\"R\u00e9frig\u00e9rants Ws, R\u00e9frig\u00e9rants en gros\" width=\"220\" height=\"53\"><\/p>\n<h4 style=\"text-align: center;\"><img loading=\"lazy\" decoding=\"async\" class=\"alignnone wp-image-744\" src=\"http:\/\/refrigerant-wholesale.com\/wp-content\/uploads\/2024\/07\/removal.ai_8ca2a79e-d09f-4bd1-a4fe-c4c69f1a4386_Trade-Assurance-381x400.png\" alt=\"R\u00e9frig\u00e9rants WS\" width=\"22\" height=\"23\" srcset=\"https:\/\/refrigerant-wholesale.com\/wp-content\/uploads\/2024\/07\/removal.ai_8ca2a79e-d09f-4bd1-a4fe-c4c69f1a4386_Trade-Assurance-381x400.png 381w, https:\/\/refrigerant-wholesale.com\/wp-content\/uploads\/2024\/07\/removal.ai_8ca2a79e-d09f-4bd1-a4fe-c4c69f1a4386_Trade-Assurance-100x100.png 100w, https:\/\/refrigerant-wholesale.com\/wp-content\/uploads\/2024\/07\/removal.ai_8ca2a79e-d09f-4bd1-a4fe-c4c69f1a4386_Trade-Assurance-280x280.png 280w, https:\/\/refrigerant-wholesale.com\/wp-content\/uploads\/2024\/07\/removal.ai_8ca2a79e-d09f-4bd1-a4fe-c4c69f1a4386_Trade-Assurance.png 388w\" sizes=\"auto, (max-width: 22px) 100vw, 22px\" \/>ASSURANCE COMMERCIALE<\/h4>\n<div class=\"gmail-textwidget gmail-custom-html-widget\">\n<h6 style=\"text-align: center;\">Exp\u00e9dition : Livraison dans le monde entier<\/h6>\n<h6 style=\"text-align: center;\">(Demande personnalis\u00e9e acceptable)<\/h6>\n<p style=\"text-align: center;\">100% VIRGIN Scell\u00e9 en usine GARANTIE<\/p>\n<p style=\"text-align: center;\"><a href=\"http:\/\/refrigerant-wholesale.com\/wp-content\/uploads\/2024\/07\/SDS-R134a.pdf\" target=\"_self\" class=\"button primary is-green is-small\"  >\n    <span>T\u00e9l\u00e9chargez la fiche technique sur la s\u00e9curit\u00e9<\/span>\n  <\/a>\n\n<\/div>\n","protected":false},"featured_media":1443,"comment_status":"closed","ping_status":"closed","template":"","meta":[],"product_brand":[],"product_cat":[269,389],"product_tag":[403,436,401,402],"class_list":{"0":"post-2209","1":"product","2":"type-product","3":"status-publish","4":"has-post-thumbnail","6":"product_cat-non-categorise","7":"product_cat-r134a","8":"product_tag-cout-de-gros-du-gaz-refrigerant-r134a","9":"product_tag-gaz-refrigerant-r134a-prix-de-gros","10":"product_tag-gaz-refrigerant-r134a-vente-en-gros","11":"product_tag-r134a-gaz-refrigerant-grossiste-usa","13":"first","14":"instock","15":"shipping-taxable","16":"product-type-simple"},"yoast_head":"<!-- This site is optimized with the Yoast SEO Premium plugin v27.0 (Yoast SEO v27.3) - https:\/\/yoast.com\/product\/yoast-seo-premium-wordpress\/ -->\n<title>R\u00e9frig\u00e9rant R134A pas cher | R\u00e9frig\u00e9rant R134A 100% meilleur prix<\/title>\n<meta name=\"description\" content=\"R\u00e9frig\u00e9rant R134A bon march\u00e9. Meilleur prix sur R\u00e9frig\u00e9rant R134A. Acheter r\u00e9frig\u00e9rant R134A pas cher. Produits 100% authentiques. Remise importante sur les commandes en gros\" \/>\n<meta name=\"robots\" content=\"index, follow, max-snippet:-1, max-image-preview:large, max-video-preview:-1\" \/>\n<link rel=\"canonical\" href=\"https:\/\/refrigerant-wholesale.com\/fr\/product\/demi-palette-hvac-r134a-20-bouteilles\/\" \/>\n<meta property=\"og:locale\" content=\"fr_FR\" \/>\n<meta property=\"og:type\" content=\"article\" \/>\n<meta property=\"og:title\" content=\"Demi-palette HVAC R134A (20 bouteilles)\" \/>\n<meta property=\"og:description\" content=\"R\u00e9frig\u00e9rant R134A bon march\u00e9. Meilleur prix sur R\u00e9frig\u00e9rant R134A. Acheter r\u00e9frig\u00e9rant R134A pas cher. Produits 100% authentiques. Remise importante sur les commandes en gros\" \/>\n<meta property=\"og:url\" content=\"https:\/\/refrigerant-wholesale.com\/fr\/product\/demi-palette-hvac-r134a-20-bouteilles\/\" \/>\n<meta property=\"og:site_name\" content=\"Refrigerant Gas Wholesale\" \/>\n<meta property=\"article:publisher\" content=\"https:\/\/www.facebook.com\/refrigerantwholesale\" \/>\n<meta property=\"article:modified_time\" content=\"2025-03-01T21:26:37+00:00\" \/>\n<meta property=\"og:image\" content=\"http:\/\/refrigerant-wholesale.com\/wp-content\/uploads\/2024\/07\/Screenshot-90.png\" \/>\n\t<meta property=\"og:image:width\" content=\"1091\" \/>\n\t<meta property=\"og:image:height\" content=\"585\" \/>\n\t<meta property=\"og:image:type\" content=\"image\/png\" \/>\n<meta name=\"twitter:card\" content=\"summary_large_image\" \/>\n<meta name=\"twitter:label1\" content=\"Dur\u00e9e de lecture estim\u00e9e\" \/>\n\t<meta name=\"twitter:data1\" content=\"3 minutes\" \/>\n<script type=\"application\/ld+json\" class=\"yoast-schema-graph\">{\"@context\":\"https:\\\/\\\/schema.org\",\"@graph\":[{\"@type\":\"WebPage\",\"@id\":\"https:\\\/\\\/refrigerant-wholesale.com\\\/fr\\\/product\\\/demi-palette-hvac-r134a-20-bouteilles\\\/\",\"url\":\"https:\\\/\\\/refrigerant-wholesale.com\\\/fr\\\/product\\\/demi-palette-hvac-r134a-20-bouteilles\\\/\",\"name\":\"R\u00e9frig\u00e9rant R134A pas cher | R\u00e9frig\u00e9rant R134A 100% meilleur prix\",\"isPartOf\":{\"@id\":\"https:\\\/\\\/refrigerant-wholesale.com\\\/fr\\\/#website\"},\"primaryImageOfPage\":{\"@id\":\"https:\\\/\\\/refrigerant-wholesale.com\\\/fr\\\/product\\\/demi-palette-hvac-r134a-20-bouteilles\\\/#primaryimage\"},\"image\":{\"@id\":\"https:\\\/\\\/refrigerant-wholesale.com\\\/fr\\\/product\\\/demi-palette-hvac-r134a-20-bouteilles\\\/#primaryimage\"},\"thumbnailUrl\":\"https:\\\/\\\/refrigerant-wholesale.com\\\/wp-content\\\/uploads\\\/2024\\\/07\\\/Screenshot-90.png\",\"datePublished\":\"2024-07-13T15:48:38+00:00\",\"dateModified\":\"2025-03-01T21:26:37+00:00\",\"description\":\"R\u00e9frig\u00e9rant R134A bon march\u00e9. Meilleur prix sur R\u00e9frig\u00e9rant R134A. Acheter r\u00e9frig\u00e9rant R134A pas cher. Produits 100% authentiques. Remise importante sur les commandes en gros\",\"breadcrumb\":{\"@id\":\"https:\\\/\\\/refrigerant-wholesale.com\\\/fr\\\/product\\\/demi-palette-hvac-r134a-20-bouteilles\\\/#breadcrumb\"},\"inLanguage\":\"fr-FR\",\"potentialAction\":[{\"@type\":\"ReadAction\",\"target\":[\"https:\\\/\\\/refrigerant-wholesale.com\\\/fr\\\/product\\\/demi-palette-hvac-r134a-20-bouteilles\\\/\"]}]},{\"@type\":\"ImageObject\",\"inLanguage\":\"fr-FR\",\"@id\":\"https:\\\/\\\/refrigerant-wholesale.com\\\/fr\\\/product\\\/demi-palette-hvac-r134a-20-bouteilles\\\/#primaryimage\",\"url\":\"https:\\\/\\\/refrigerant-wholesale.com\\\/wp-content\\\/uploads\\\/2024\\\/07\\\/Screenshot-90.png\",\"contentUrl\":\"https:\\\/\\\/refrigerant-wholesale.com\\\/wp-content\\\/uploads\\\/2024\\\/07\\\/Screenshot-90.png\",\"width\":1091,\"height\":585,\"caption\":\"R134a Refrigerant Supplier, R134a Refrigerant, R134a, Refrigerant R134a, R 134a freon, Buy R134a refrigerant, R134a refrigerant for sale\"},{\"@type\":\"BreadcrumbList\",\"@id\":\"https:\\\/\\\/refrigerant-wholesale.com\\\/fr\\\/product\\\/demi-palette-hvac-r134a-20-bouteilles\\\/#breadcrumb\",\"itemListElement\":[{\"@type\":\"ListItem\",\"position\":1,\"name\":\"Home\",\"item\":\"https:\\\/\\\/refrigerant-wholesale.com\\\/fr\\\/\"},{\"@type\":\"ListItem\",\"position\":2,\"name\":\"Boutique\",\"item\":\"https:\\\/\\\/refrigerant-wholesale.com\\\/fr\\\/boutique\\\/\"},{\"@type\":\"ListItem\",\"position\":3,\"name\":\"Demi-palette HVAC R134A (20 bouteilles)\"}]},{\"@type\":\"WebSite\",\"@id\":\"https:\\\/\\\/refrigerant-wholesale.com\\\/fr\\\/#website\",\"url\":\"https:\\\/\\\/refrigerant-wholesale.com\\\/fr\\\/\",\"name\":\"Refrigerant Gas Wholesale\",\"description\":\"AC Gas supplier\",\"publisher\":{\"@id\":\"https:\\\/\\\/refrigerant-wholesale.com\\\/fr\\\/#organization\"},\"potentialAction\":[{\"@type\":\"SearchAction\",\"target\":{\"@type\":\"EntryPoint\",\"urlTemplate\":\"https:\\\/\\\/refrigerant-wholesale.com\\\/fr\\\/?s={search_term_string}\"},\"query-input\":{\"@type\":\"PropertyValueSpecification\",\"valueRequired\":true,\"valueName\":\"search_term_string\"}}],\"inLanguage\":\"fr-FR\"},{\"@type\":\"Organization\",\"@id\":\"https:\\\/\\\/refrigerant-wholesale.com\\\/fr\\\/#organization\",\"name\":\"Refrigerant Gas Wholesale\",\"url\":\"https:\\\/\\\/refrigerant-wholesale.com\\\/fr\\\/\",\"logo\":{\"@type\":\"ImageObject\",\"inLanguage\":\"fr-FR\",\"@id\":\"https:\\\/\\\/refrigerant-wholesale.com\\\/fr\\\/#\\\/schema\\\/logo\\\/image\\\/\",\"url\":\"http:\\\/\\\/refrigerant-wholesale.com\\\/wp-content\\\/uploads\\\/2024\\\/04\\\/refrigerant-logo.png\",\"contentUrl\":\"http:\\\/\\\/refrigerant-wholesale.com\\\/wp-content\\\/uploads\\\/2024\\\/04\\\/refrigerant-logo.png\",\"width\":400,\"height\":84,\"caption\":\"Refrigerant Gas Wholesale\"},\"image\":{\"@id\":\"https:\\\/\\\/refrigerant-wholesale.com\\\/fr\\\/#\\\/schema\\\/logo\\\/image\\\/\"},\"sameAs\":[\"https:\\\/\\\/www.facebook.com\\\/refrigerantwholesale\"]}]}<\/script>\n<!-- \/ Yoast SEO Premium plugin. -->","yoast_head_json":{"title":"R\u00e9frig\u00e9rant R134A pas cher | R\u00e9frig\u00e9rant R134A 100% meilleur prix","description":"R\u00e9frig\u00e9rant R134A bon march\u00e9. Meilleur prix sur R\u00e9frig\u00e9rant R134A. Acheter r\u00e9frig\u00e9rant R134A pas cher. Produits 100% authentiques. Remise importante sur les commandes en gros","robots":{"index":"index","follow":"follow","max-snippet":"max-snippet:-1","max-image-preview":"max-image-preview:large","max-video-preview":"max-video-preview:-1"},"canonical":"https:\/\/refrigerant-wholesale.com\/fr\/product\/demi-palette-hvac-r134a-20-bouteilles\/","og_locale":"fr_FR","og_type":"article","og_title":"Demi-palette HVAC R134A (20 bouteilles)","og_description":"R\u00e9frig\u00e9rant R134A bon march\u00e9. Meilleur prix sur R\u00e9frig\u00e9rant R134A. Acheter r\u00e9frig\u00e9rant R134A pas cher. Produits 100% authentiques. Remise importante sur les commandes en gros","og_url":"https:\/\/refrigerant-wholesale.com\/fr\/product\/demi-palette-hvac-r134a-20-bouteilles\/","og_site_name":"Refrigerant Gas Wholesale","article_publisher":"https:\/\/www.facebook.com\/refrigerantwholesale","article_modified_time":"2025-03-01T21:26:37+00:00","og_image":[{"width":1091,"height":585,"url":"http:\/\/refrigerant-wholesale.com\/wp-content\/uploads\/2024\/07\/Screenshot-90.png","type":"image\/png"}],"twitter_card":"summary_large_image","twitter_misc":{"Dur\u00e9e de lecture estim\u00e9e":"3 minutes"},"schema":{"@context":"https:\/\/schema.org","@graph":[{"@type":"WebPage","@id":"https:\/\/refrigerant-wholesale.com\/fr\/product\/demi-palette-hvac-r134a-20-bouteilles\/","url":"https:\/\/refrigerant-wholesale.com\/fr\/product\/demi-palette-hvac-r134a-20-bouteilles\/","name":"R\u00e9frig\u00e9rant R134A pas cher | R\u00e9frig\u00e9rant R134A 100% meilleur prix","isPartOf":{"@id":"https:\/\/refrigerant-wholesale.com\/fr\/#website"},"primaryImageOfPage":{"@id":"https:\/\/refrigerant-wholesale.com\/fr\/product\/demi-palette-hvac-r134a-20-bouteilles\/#primaryimage"},"image":{"@id":"https:\/\/refrigerant-wholesale.com\/fr\/product\/demi-palette-hvac-r134a-20-bouteilles\/#primaryimage"},"thumbnailUrl":"https:\/\/refrigerant-wholesale.com\/wp-content\/uploads\/2024\/07\/Screenshot-90.png","datePublished":"2024-07-13T15:48:38+00:00","dateModified":"2025-03-01T21:26:37+00:00","description":"R\u00e9frig\u00e9rant R134A bon march\u00e9. Meilleur prix sur R\u00e9frig\u00e9rant R134A. Acheter r\u00e9frig\u00e9rant R134A pas cher. Produits 100% authentiques. Remise importante sur les commandes en gros","breadcrumb":{"@id":"https:\/\/refrigerant-wholesale.com\/fr\/product\/demi-palette-hvac-r134a-20-bouteilles\/#breadcrumb"},"inLanguage":"fr-FR","potentialAction":[{"@type":"ReadAction","target":["https:\/\/refrigerant-wholesale.com\/fr\/product\/demi-palette-hvac-r134a-20-bouteilles\/"]}]},{"@type":"ImageObject","inLanguage":"fr-FR","@id":"https:\/\/refrigerant-wholesale.com\/fr\/product\/demi-palette-hvac-r134a-20-bouteilles\/#primaryimage","url":"https:\/\/refrigerant-wholesale.com\/wp-content\/uploads\/2024\/07\/Screenshot-90.png","contentUrl":"https:\/\/refrigerant-wholesale.com\/wp-content\/uploads\/2024\/07\/Screenshot-90.png","width":1091,"height":585,"caption":"R134a Refrigerant Supplier, R134a Refrigerant, R134a, Refrigerant R134a, R 134a freon, Buy R134a refrigerant, R134a refrigerant for sale"},{"@type":"BreadcrumbList","@id":"https:\/\/refrigerant-wholesale.com\/fr\/product\/demi-palette-hvac-r134a-20-bouteilles\/#breadcrumb","itemListElement":[{"@type":"ListItem","position":1,"name":"Home","item":"https:\/\/refrigerant-wholesale.com\/fr\/"},{"@type":"ListItem","position":2,"name":"Boutique","item":"https:\/\/refrigerant-wholesale.com\/fr\/boutique\/"},{"@type":"ListItem","position":3,"name":"Demi-palette HVAC R134A (20 bouteilles)"}]},{"@type":"WebSite","@id":"https:\/\/refrigerant-wholesale.com\/fr\/#website","url":"https:\/\/refrigerant-wholesale.com\/fr\/","name":"Refrigerant Gas Wholesale","description":"AC Gas supplier","publisher":{"@id":"https:\/\/refrigerant-wholesale.com\/fr\/#organization"},"potentialAction":[{"@type":"SearchAction","target":{"@type":"EntryPoint","urlTemplate":"https:\/\/refrigerant-wholesale.com\/fr\/?s={search_term_string}"},"query-input":{"@type":"PropertyValueSpecification","valueRequired":true,"valueName":"search_term_string"}}],"inLanguage":"fr-FR"},{"@type":"Organization","@id":"https:\/\/refrigerant-wholesale.com\/fr\/#organization","name":"Refrigerant Gas Wholesale","url":"https:\/\/refrigerant-wholesale.com\/fr\/","logo":{"@type":"ImageObject","inLanguage":"fr-FR","@id":"https:\/\/refrigerant-wholesale.com\/fr\/#\/schema\/logo\/image\/","url":"http:\/\/refrigerant-wholesale.com\/wp-content\/uploads\/2024\/04\/refrigerant-logo.png","contentUrl":"http:\/\/refrigerant-wholesale.com\/wp-content\/uploads\/2024\/04\/refrigerant-logo.png","width":400,"height":84,"caption":"Refrigerant Gas Wholesale"},"image":{"@id":"https:\/\/refrigerant-wholesale.com\/fr\/#\/schema\/logo\/image\/"},"sameAs":["https:\/\/www.facebook.com\/refrigerantwholesale"]}]}},"_links":{"self":[{"href":"https:\/\/refrigerant-wholesale.com\/fr\/wp-json\/wp\/v2\/product\/2209","targetHints":{"allow":["GET"]}}],"collection":[{"href":"https:\/\/refrigerant-wholesale.com\/fr\/wp-json\/wp\/v2\/product"}],"about":[{"href":"https:\/\/refrigerant-wholesale.com\/fr\/wp-json\/wp\/v2\/types\/product"}],"replies":[{"embeddable":true,"href":"https:\/\/refrigerant-wholesale.com\/fr\/wp-json\/wp\/v2\/comments?post=2209"}],"wp:featuredmedia":[{"embeddable":true,"href":"https:\/\/refrigerant-wholesale.com\/fr\/wp-json\/wp\/v2\/media\/1443"}],"wp:attachment":[{"href":"https:\/\/refrigerant-wholesale.com\/fr\/wp-json\/wp\/v2\/media?parent=2209"}],"wp:term":[{"taxonomy":"product_brand","embeddable":true,"href":"https:\/\/refrigerant-wholesale.com\/fr\/wp-json\/wp\/v2\/product_brand?post=2209"},{"taxonomy":"product_cat","embeddable":true,"href":"https:\/\/refrigerant-wholesale.com\/fr\/wp-json\/wp\/v2\/product_cat?post=2209"},{"taxonomy":"product_tag","embeddable":true,"href":"https:\/\/refrigerant-wholesale.com\/fr\/wp-json\/wp\/v2\/product_tag?post=2209"}],"curies":[{"name":"wp","href":"https:\/\/api.w.org\/{rel}","templated":true}]}}