{"id":2203,"date":"2024-07-13T15:30:12","date_gmt":"2024-07-13T15:30:12","guid":{"rendered":"https:\/\/refrigerant-wholesale.com\/product\/palette-complete-hvac-r-134a-40-cylindres\/"},"modified":"2025-03-01T21:26:33","modified_gmt":"2025-03-01T21:26:33","slug":"palette-complete-hvac-r-134a-40-cylindres","status":"publish","type":"product","link":"https:\/\/refrigerant-wholesale.com\/fr\/product\/palette-complete-hvac-r-134a-40-cylindres\/","title":{"rendered":"Palette compl\u00e8te HVAC R-134A (40 cylindres)"},"content":{"rendered":"<h3><strong>R\u00e9frig\u00e9rant R134a 30 lb &#8211; Wholesale Supply Worldwide<\/strong><\/h3>\n<p>Vous recherchez un r\u00e9frig\u00e9rant R134a fiable et de haute qualit\u00e9 en vrac ? Nous sommes l&rsquo;un des principaux fournisseurs de <strong>bouteilles de r\u00e9frig\u00e9rant R134a de 30 livres<\/strong> pour la vente en gros, et nous offrons des livraisons dans le monde entier. Que vous soyez dans l&rsquo;industrie du chauffage, de la climatisation, de l&rsquo;automobile ou du refroidissement industriel, nous vous proposons des <strong>prix comp\u00e9titifs<\/strong>, une livraison rapide et un <strong>excellent service \u00e0 la client\u00e8le<\/strong>. Le prix de notre r\u00e9frig\u00e9rant R134a est conforme \u00e0 toutes les normes internationales, ce qui en fait le premier choix pour les entreprises \u00e0 la recherche d&rsquo;une solution de refroidissement efficace et rentable.   <\/p>\n<h3>Pourquoi choisir notre r\u00e9frig\u00e9rant R134a ?<\/h3>\n<p>Le r\u00e9frig\u00e9rant R134a, \u00e9galement connu sous le nom de <strong>t\u00e9trafluoro\u00e9thane<\/strong>, est un r\u00e9frig\u00e9rant largement r\u00e9pandu qui n&rsquo;appauvrit pas la couche d&rsquo;ozone. Il est couramment utilis\u00e9 dans les syst\u00e8mes de climatisation automobile, la r\u00e9frig\u00e9ration commerciale et les unit\u00e9s CVC r\u00e9sidentielles. En choisissant nos <strong>bouteilles de 30 lb de<a href=\"https:\/\/refrigerant-wholesale.com\/es\/?post_type=product&#038;p=2141\">R134a<\/a><\/strong>, vous vous assurez de recevoir un produit de qualit\u00e9 sup\u00e9rieure qui am\u00e9liore les performances de vos syst\u00e8mes de refroidissement. En outre, tous nos fluides frigorig\u00e8nes sont <strong>certifi\u00e9s et test\u00e9s<\/strong> pour r\u00e9pondre aux normes mondiales les plus strictes. Cela garantit l&rsquo;efficacit\u00e9 et la fiabilit\u00e9, vous pouvez donc faire confiance au produit que vous utilisez.    <\/p>\n<p>Nous proposons la vente en gros de <strong>r\u00e9frig\u00e9rant R134a<\/strong> \u00e0 des clients du monde entier, ce qui vous permet de trouver facilement les produits dont vous avez besoin, o\u00f9 que vous soyez. De plus, notre \u00e9quipe se consacre \u00e0 assurer des livraisons en temps voulu pour que vos op\u00e9rations se d\u00e9roulent sans heurts. <\/p>\n<h3>Principaux avantages du prix du r\u00e9frig\u00e9rant R134a<\/h3>\n<ul>\n<li><strong>Refroidissement efficace<\/strong>: Le r\u00e9frig\u00e9rant R134a assure un refroidissement optimal, garantissant le fonctionnement efficace de vos syst\u00e8mes et le maintien de temp\u00e9ratures constantes.<\/li>\n<li><strong>Respectueux de l&rsquo;environnement<\/strong>: En tant que r\u00e9frig\u00e9rant n&rsquo;appauvrissant pas la couche d&rsquo;ozone, le R134a est une option plus s\u00fbre pour l&rsquo;environnement que les anciens <a href=\"https:\/\/www.google.com\/search?q=r134a+wholesale&amp;sca_esv=8141674a718dc13d&amp;sxsrf=ADLYWIJ37F2FPnP0HoVM5KEZJv6-5ZZLGQ%3A1728259848778&amp;ei=CCcDZ4aPL4iRxc8Pm5eU4Qc&amp;oq=r134&amp;gs_lp=Egxnd3Mtd2l6LXNlcnAiBHIxMzQqAggAMgoQIxiABBgnGIoFMgQQIxgnMgQQIxgnMgUQABiABDIFEAAYgAQyBRAAGIAEMgUQABiABDIFEAAYgAQyBRAAGIAEMgUQABiABEiaK1AAWOgMcAB4AZABAJgBhgGgAYIEqgEDMC40uAEByAEA-AEBmAIEoAKaBMICEBAuGIAEGNEDGMcBGCcYigXCAgsQABiABBiRAhiKBcICDhAuGIAEGNEDGNQCGMcBwgIFEC4YgASYAwCSBwMwLjSgB9go&amp;sclient=gws-wiz-serp\">r\u00e9frig\u00e9rants CFC<\/a>. Il est donc id\u00e9al pour ceux qui cherchent \u00e0 r\u00e9duire leur empreinte \u00e9cologique. <\/li>\n<li><strong>Application polyvalente<\/strong>: Convient \u00e0 une vari\u00e9t\u00e9 d&rsquo;applications, y compris la climatisation automobile, la r\u00e9frig\u00e9ration commerciale et les syst\u00e8mes de chauffage, de ventilation et de climatisation.<\/li>\n<\/ul>\n<p>Si vous avez besoin de <strong>bouteilles de 30 lb de R134a<\/strong> en vrac, nous offrons des options de commande flexibles adapt\u00e9es aux exigences de votre entreprise. Nous privil\u00e9gions une <strong>exp\u00e9dition rapide et s\u00e9curis\u00e9e<\/strong> afin de garantir que vos produits arrivent \u00e0 temps et en parfait \u00e9tat. <\/p>\n<h2>Pourquoi commander du fluide frigorig\u00e8ne R134a chez nous ?<\/h2>\n<p>Nous comprenons que la qualit\u00e9 et la fiabilit\u00e9 sont cruciales pour votre entreprise. En nous choisissant comme <strong>fournisseur en gros de r\u00e9frig\u00e9rant R134a<\/strong>, vous b\u00e9n\u00e9ficiez de : <\/p>\n<ul>\n<li><strong>Des prix comp\u00e9titifs<\/strong>: Notre structure de prix de gros vous permet de r\u00e9aliser des \u00e9conomies significatives sur vos achats de r\u00e9frig\u00e9rants.<\/li>\n<li><strong>Exp\u00e9dition dans le monde entier<\/strong>: Nous livrons des bouteilles de 30 livres de r\u00e9frig\u00e9rant R134a dans le monde entier, avec des partenaires de transport fiables qui garantissent une livraison rapide.<\/li>\n<li><strong>Fournisseur de confiance<\/strong>: Avec des ann\u00e9es d&rsquo;exp\u00e9rience dans l&rsquo;industrie du r\u00e9frig\u00e9rant, nous sommes un partenaire de confiance pour les entreprises du monde entier, fournissant un service exceptionnel et des produits de premier ordre.<\/li>\n<\/ul>\n<h3>Prenez contact d\u00e8s aujourd&rsquo;hui<\/h3>\n<p>Vous \u00eates pr\u00eat \u00e0 passer votre commande en gros de <strong>bouteilles de 30 livres de r\u00e9frig\u00e9rant R134a<\/strong>? Contactez-nous d\u00e8s aujourd&rsquo;hui pour obtenir un <strong>devis gratuit<\/strong> ou pour en savoir plus sur la fa\u00e7on dont nous pouvons soutenir votre entreprise. Notre \u00e9quipe est toujours disponible pour r\u00e9pondre \u00e0 vos questions et vous aider \u00e0 trouver la solution de r\u00e9frig\u00e9rant adapt\u00e9e \u00e0 vos besoins. Optimisez vos syst\u00e8mes de refroidissement avec notre <strong>r\u00e9frig\u00e9rant R134a<\/strong> d\u00e8s aujourd&rsquo;hui !   <\/p>\n","protected":false},"excerpt":{"rendered":"<p><img loading=\"lazy\" decoding=\"async\" class=\"wp-image-437 aligncenter\" src=\"http:\/\/refrigerant-wholesale.com\/wp-content\/uploads\/2024\/03\/Screenshot-69.png\" alt=\"R\u00e9frig\u00e9rants Ws, R\u00e9frig\u00e9rants en gros\" width=\"208\" height=\"50\"><\/p>\n<h4 style=\"text-align: center;\"><img loading=\"lazy\" decoding=\"async\" class=\"alignnone wp-image-744\" src=\"http:\/\/refrigerant-wholesale.com\/wp-content\/uploads\/2024\/07\/removal.ai_8ca2a79e-d09f-4bd1-a4fe-c4c69f1a4386_Trade-Assurance-381x400.png\" alt=\"R\u00e9frig\u00e9rants WS\" width=\"24\" height=\"25\" srcset=\"https:\/\/refrigerant-wholesale.com\/wp-content\/uploads\/2024\/07\/removal.ai_8ca2a79e-d09f-4bd1-a4fe-c4c69f1a4386_Trade-Assurance-381x400.png 381w, https:\/\/refrigerant-wholesale.com\/wp-content\/uploads\/2024\/07\/removal.ai_8ca2a79e-d09f-4bd1-a4fe-c4c69f1a4386_Trade-Assurance-100x100.png 100w, https:\/\/refrigerant-wholesale.com\/wp-content\/uploads\/2024\/07\/removal.ai_8ca2a79e-d09f-4bd1-a4fe-c4c69f1a4386_Trade-Assurance-280x280.png 280w, https:\/\/refrigerant-wholesale.com\/wp-content\/uploads\/2024\/07\/removal.ai_8ca2a79e-d09f-4bd1-a4fe-c4c69f1a4386_Trade-Assurance.png 388w\" sizes=\"auto, (max-width: 24px) 100vw, 24px\" \/>ASSURANCE COMMERCIALE<\/h4>\n<div class=\"gmail-textwidget gmail-custom-html-widget\">\n<h6 style=\"text-align: center;\">Exp\u00e9dition : Livraison dans le monde entier<\/h6>\n<h6 style=\"text-align: center;\">(Demande personnalis\u00e9e acceptable)<\/h6>\n<p style=\"text-align: center;\">100% VIRGIN Scell\u00e9 en usine GARANTIE<\/p>\n<p style=\"text-align: center;\"><a href=\"http:\/\/refrigerant-wholesale.com\/wp-content\/uploads\/2024\/07\/SDS-R134a.pdf\" target=\"_self\" class=\"button primary is-green is-small\"  >\n    <span>T\u00e9l\u00e9chargez la fiche technique sur la s\u00e9curit\u00e9<\/span>\n  <\/a>\n\n<\/div>\n","protected":false},"featured_media":1440,"comment_status":"closed","ping_status":"closed","template":"","meta":[],"product_brand":[],"product_cat":[269,389],"product_tag":[403,436,435],"class_list":{"0":"post-2203","1":"product","2":"type-product","3":"status-publish","4":"has-post-thumbnail","6":"product_cat-non-categorise","7":"product_cat-r134a","8":"product_tag-cout-de-gros-du-gaz-refrigerant-r134a","9":"product_tag-gaz-refrigerant-r134a-prix-de-gros","10":"product_tag-r134a-gaz-refrigerant-fournisseurs-en-gros","12":"first","13":"instock","14":"shipping-taxable","15":"product-type-simple"},"yoast_head":"<!-- This site is optimized with the Yoast SEO Premium plugin v27.0 (Yoast SEO v27.3) - https:\/\/yoast.com\/product\/yoast-seo-premium-wordpress\/ -->\n<title>R\u00e9frig\u00e9rant R134a Fournisseur en gros | WS Refrigerants<\/title>\n<meta name=\"description\" content=\"R134a Refrigerant Wholesale Supplier, R134a refrigerant 30 lb cylinders. Nous offrons des remises sur le prix du r\u00e9frig\u00e9rant R134a. Livraison dans le monde entier\" \/>\n<meta name=\"robots\" content=\"index, follow, max-snippet:-1, max-image-preview:large, max-video-preview:-1\" \/>\n<link rel=\"canonical\" href=\"https:\/\/refrigerant-wholesale.com\/fr\/product\/palette-complete-hvac-r-134a-40-cylindres\/\" \/>\n<meta property=\"og:locale\" content=\"fr_FR\" \/>\n<meta property=\"og:type\" content=\"article\" \/>\n<meta property=\"og:title\" content=\"Palette compl\u00e8te HVAC R-134A (40 cylindres)\" \/>\n<meta property=\"og:description\" content=\"R134a Refrigerant Wholesale Supplier, R134a refrigerant 30 lb cylinders. Nous offrons des remises sur le prix du r\u00e9frig\u00e9rant R134a. Livraison dans le monde entier\" \/>\n<meta property=\"og:url\" content=\"https:\/\/refrigerant-wholesale.com\/fr\/product\/palette-complete-hvac-r-134a-40-cylindres\/\" \/>\n<meta property=\"og:site_name\" content=\"Refrigerant Gas Wholesale\" \/>\n<meta property=\"article:publisher\" content=\"https:\/\/www.facebook.com\/refrigerantwholesale\" \/>\n<meta property=\"article:modified_time\" content=\"2025-03-01T21:26:33+00:00\" \/>\n<meta property=\"og:image\" content=\"http:\/\/refrigerant-wholesale.com\/wp-content\/uploads\/2024\/07\/Screenshot-89.png\" \/>\n\t<meta property=\"og:image:width\" content=\"1189\" \/>\n\t<meta property=\"og:image:height\" content=\"885\" \/>\n\t<meta property=\"og:image:type\" content=\"image\/png\" \/>\n<meta name=\"twitter:card\" content=\"summary_large_image\" \/>\n<meta name=\"twitter:label1\" content=\"Dur\u00e9e de lecture estim\u00e9e\" \/>\n\t<meta name=\"twitter:data1\" content=\"3 minutes\" \/>\n<script type=\"application\/ld+json\" class=\"yoast-schema-graph\">{\"@context\":\"https:\\\/\\\/schema.org\",\"@graph\":[{\"@type\":\"WebPage\",\"@id\":\"https:\\\/\\\/refrigerant-wholesale.com\\\/fr\\\/product\\\/palette-complete-hvac-r-134a-40-cylindres\\\/\",\"url\":\"https:\\\/\\\/refrigerant-wholesale.com\\\/fr\\\/product\\\/palette-complete-hvac-r-134a-40-cylindres\\\/\",\"name\":\"R\u00e9frig\u00e9rant R134a Fournisseur en gros | WS Refrigerants\",\"isPartOf\":{\"@id\":\"https:\\\/\\\/refrigerant-wholesale.com\\\/fr\\\/#website\"},\"primaryImageOfPage\":{\"@id\":\"https:\\\/\\\/refrigerant-wholesale.com\\\/fr\\\/product\\\/palette-complete-hvac-r-134a-40-cylindres\\\/#primaryimage\"},\"image\":{\"@id\":\"https:\\\/\\\/refrigerant-wholesale.com\\\/fr\\\/product\\\/palette-complete-hvac-r-134a-40-cylindres\\\/#primaryimage\"},\"thumbnailUrl\":\"https:\\\/\\\/refrigerant-wholesale.com\\\/wp-content\\\/uploads\\\/2024\\\/07\\\/Screenshot-89.png\",\"datePublished\":\"2024-07-13T15:30:12+00:00\",\"dateModified\":\"2025-03-01T21:26:33+00:00\",\"description\":\"R134a Refrigerant Wholesale Supplier, R134a refrigerant 30 lb cylinders. Nous offrons des remises sur le prix du r\u00e9frig\u00e9rant R134a. Livraison dans le monde entier\",\"breadcrumb\":{\"@id\":\"https:\\\/\\\/refrigerant-wholesale.com\\\/fr\\\/product\\\/palette-complete-hvac-r-134a-40-cylindres\\\/#breadcrumb\"},\"inLanguage\":\"fr-FR\",\"potentialAction\":[{\"@type\":\"ReadAction\",\"target\":[\"https:\\\/\\\/refrigerant-wholesale.com\\\/fr\\\/product\\\/palette-complete-hvac-r-134a-40-cylindres\\\/\"]}]},{\"@type\":\"ImageObject\",\"inLanguage\":\"fr-FR\",\"@id\":\"https:\\\/\\\/refrigerant-wholesale.com\\\/fr\\\/product\\\/palette-complete-hvac-r-134a-40-cylindres\\\/#primaryimage\",\"url\":\"https:\\\/\\\/refrigerant-wholesale.com\\\/wp-content\\\/uploads\\\/2024\\\/07\\\/Screenshot-89.png\",\"contentUrl\":\"https:\\\/\\\/refrigerant-wholesale.com\\\/wp-content\\\/uploads\\\/2024\\\/07\\\/Screenshot-89.png\",\"width\":1189,\"height\":885,\"caption\":\"R134a Refrigerant Supplier, R134a Refrigerant, R134a, Refrigerant R134a, R 134a freon, Buy R134a refrigerant, R134a refrigerant for sale\"},{\"@type\":\"BreadcrumbList\",\"@id\":\"https:\\\/\\\/refrigerant-wholesale.com\\\/fr\\\/product\\\/palette-complete-hvac-r-134a-40-cylindres\\\/#breadcrumb\",\"itemListElement\":[{\"@type\":\"ListItem\",\"position\":1,\"name\":\"Home\",\"item\":\"https:\\\/\\\/refrigerant-wholesale.com\\\/fr\\\/\"},{\"@type\":\"ListItem\",\"position\":2,\"name\":\"Boutique\",\"item\":\"https:\\\/\\\/refrigerant-wholesale.com\\\/fr\\\/boutique\\\/\"},{\"@type\":\"ListItem\",\"position\":3,\"name\":\"Palette compl\u00e8te HVAC R-134A (40 cylindres)\"}]},{\"@type\":\"WebSite\",\"@id\":\"https:\\\/\\\/refrigerant-wholesale.com\\\/fr\\\/#website\",\"url\":\"https:\\\/\\\/refrigerant-wholesale.com\\\/fr\\\/\",\"name\":\"Refrigerant Gas Wholesale\",\"description\":\"AC Gas supplier\",\"publisher\":{\"@id\":\"https:\\\/\\\/refrigerant-wholesale.com\\\/fr\\\/#organization\"},\"potentialAction\":[{\"@type\":\"SearchAction\",\"target\":{\"@type\":\"EntryPoint\",\"urlTemplate\":\"https:\\\/\\\/refrigerant-wholesale.com\\\/fr\\\/?s={search_term_string}\"},\"query-input\":{\"@type\":\"PropertyValueSpecification\",\"valueRequired\":true,\"valueName\":\"search_term_string\"}}],\"inLanguage\":\"fr-FR\"},{\"@type\":\"Organization\",\"@id\":\"https:\\\/\\\/refrigerant-wholesale.com\\\/fr\\\/#organization\",\"name\":\"Refrigerant Gas Wholesale\",\"url\":\"https:\\\/\\\/refrigerant-wholesale.com\\\/fr\\\/\",\"logo\":{\"@type\":\"ImageObject\",\"inLanguage\":\"fr-FR\",\"@id\":\"https:\\\/\\\/refrigerant-wholesale.com\\\/fr\\\/#\\\/schema\\\/logo\\\/image\\\/\",\"url\":\"http:\\\/\\\/refrigerant-wholesale.com\\\/wp-content\\\/uploads\\\/2024\\\/04\\\/refrigerant-logo.png\",\"contentUrl\":\"http:\\\/\\\/refrigerant-wholesale.com\\\/wp-content\\\/uploads\\\/2024\\\/04\\\/refrigerant-logo.png\",\"width\":400,\"height\":84,\"caption\":\"Refrigerant Gas Wholesale\"},\"image\":{\"@id\":\"https:\\\/\\\/refrigerant-wholesale.com\\\/fr\\\/#\\\/schema\\\/logo\\\/image\\\/\"},\"sameAs\":[\"https:\\\/\\\/www.facebook.com\\\/refrigerantwholesale\"]}]}<\/script>\n<!-- \/ Yoast SEO Premium plugin. -->","yoast_head_json":{"title":"R\u00e9frig\u00e9rant R134a Fournisseur en gros | WS Refrigerants","description":"R134a Refrigerant Wholesale Supplier, R134a refrigerant 30 lb cylinders. Nous offrons des remises sur le prix du r\u00e9frig\u00e9rant R134a. Livraison dans le monde entier","robots":{"index":"index","follow":"follow","max-snippet":"max-snippet:-1","max-image-preview":"max-image-preview:large","max-video-preview":"max-video-preview:-1"},"canonical":"https:\/\/refrigerant-wholesale.com\/fr\/product\/palette-complete-hvac-r-134a-40-cylindres\/","og_locale":"fr_FR","og_type":"article","og_title":"Palette compl\u00e8te HVAC R-134A (40 cylindres)","og_description":"R134a Refrigerant Wholesale Supplier, R134a refrigerant 30 lb cylinders. Nous offrons des remises sur le prix du r\u00e9frig\u00e9rant R134a. Livraison dans le monde entier","og_url":"https:\/\/refrigerant-wholesale.com\/fr\/product\/palette-complete-hvac-r-134a-40-cylindres\/","og_site_name":"Refrigerant Gas Wholesale","article_publisher":"https:\/\/www.facebook.com\/refrigerantwholesale","article_modified_time":"2025-03-01T21:26:33+00:00","og_image":[{"width":1189,"height":885,"url":"http:\/\/refrigerant-wholesale.com\/wp-content\/uploads\/2024\/07\/Screenshot-89.png","type":"image\/png"}],"twitter_card":"summary_large_image","twitter_misc":{"Dur\u00e9e de lecture estim\u00e9e":"3 minutes"},"schema":{"@context":"https:\/\/schema.org","@graph":[{"@type":"WebPage","@id":"https:\/\/refrigerant-wholesale.com\/fr\/product\/palette-complete-hvac-r-134a-40-cylindres\/","url":"https:\/\/refrigerant-wholesale.com\/fr\/product\/palette-complete-hvac-r-134a-40-cylindres\/","name":"R\u00e9frig\u00e9rant R134a Fournisseur en gros | WS Refrigerants","isPartOf":{"@id":"https:\/\/refrigerant-wholesale.com\/fr\/#website"},"primaryImageOfPage":{"@id":"https:\/\/refrigerant-wholesale.com\/fr\/product\/palette-complete-hvac-r-134a-40-cylindres\/#primaryimage"},"image":{"@id":"https:\/\/refrigerant-wholesale.com\/fr\/product\/palette-complete-hvac-r-134a-40-cylindres\/#primaryimage"},"thumbnailUrl":"https:\/\/refrigerant-wholesale.com\/wp-content\/uploads\/2024\/07\/Screenshot-89.png","datePublished":"2024-07-13T15:30:12+00:00","dateModified":"2025-03-01T21:26:33+00:00","description":"R134a Refrigerant Wholesale Supplier, R134a refrigerant 30 lb cylinders. Nous offrons des remises sur le prix du r\u00e9frig\u00e9rant R134a. Livraison dans le monde entier","breadcrumb":{"@id":"https:\/\/refrigerant-wholesale.com\/fr\/product\/palette-complete-hvac-r-134a-40-cylindres\/#breadcrumb"},"inLanguage":"fr-FR","potentialAction":[{"@type":"ReadAction","target":["https:\/\/refrigerant-wholesale.com\/fr\/product\/palette-complete-hvac-r-134a-40-cylindres\/"]}]},{"@type":"ImageObject","inLanguage":"fr-FR","@id":"https:\/\/refrigerant-wholesale.com\/fr\/product\/palette-complete-hvac-r-134a-40-cylindres\/#primaryimage","url":"https:\/\/refrigerant-wholesale.com\/wp-content\/uploads\/2024\/07\/Screenshot-89.png","contentUrl":"https:\/\/refrigerant-wholesale.com\/wp-content\/uploads\/2024\/07\/Screenshot-89.png","width":1189,"height":885,"caption":"R134a Refrigerant Supplier, R134a Refrigerant, R134a, Refrigerant R134a, R 134a freon, Buy R134a refrigerant, R134a refrigerant for sale"},{"@type":"BreadcrumbList","@id":"https:\/\/refrigerant-wholesale.com\/fr\/product\/palette-complete-hvac-r-134a-40-cylindres\/#breadcrumb","itemListElement":[{"@type":"ListItem","position":1,"name":"Home","item":"https:\/\/refrigerant-wholesale.com\/fr\/"},{"@type":"ListItem","position":2,"name":"Boutique","item":"https:\/\/refrigerant-wholesale.com\/fr\/boutique\/"},{"@type":"ListItem","position":3,"name":"Palette compl\u00e8te HVAC R-134A (40 cylindres)"}]},{"@type":"WebSite","@id":"https:\/\/refrigerant-wholesale.com\/fr\/#website","url":"https:\/\/refrigerant-wholesale.com\/fr\/","name":"Refrigerant Gas Wholesale","description":"AC Gas supplier","publisher":{"@id":"https:\/\/refrigerant-wholesale.com\/fr\/#organization"},"potentialAction":[{"@type":"SearchAction","target":{"@type":"EntryPoint","urlTemplate":"https:\/\/refrigerant-wholesale.com\/fr\/?s={search_term_string}"},"query-input":{"@type":"PropertyValueSpecification","valueRequired":true,"valueName":"search_term_string"}}],"inLanguage":"fr-FR"},{"@type":"Organization","@id":"https:\/\/refrigerant-wholesale.com\/fr\/#organization","name":"Refrigerant Gas Wholesale","url":"https:\/\/refrigerant-wholesale.com\/fr\/","logo":{"@type":"ImageObject","inLanguage":"fr-FR","@id":"https:\/\/refrigerant-wholesale.com\/fr\/#\/schema\/logo\/image\/","url":"http:\/\/refrigerant-wholesale.com\/wp-content\/uploads\/2024\/04\/refrigerant-logo.png","contentUrl":"http:\/\/refrigerant-wholesale.com\/wp-content\/uploads\/2024\/04\/refrigerant-logo.png","width":400,"height":84,"caption":"Refrigerant Gas Wholesale"},"image":{"@id":"https:\/\/refrigerant-wholesale.com\/fr\/#\/schema\/logo\/image\/"},"sameAs":["https:\/\/www.facebook.com\/refrigerantwholesale"]}]}},"_links":{"self":[{"href":"https:\/\/refrigerant-wholesale.com\/fr\/wp-json\/wp\/v2\/product\/2203","targetHints":{"allow":["GET"]}}],"collection":[{"href":"https:\/\/refrigerant-wholesale.com\/fr\/wp-json\/wp\/v2\/product"}],"about":[{"href":"https:\/\/refrigerant-wholesale.com\/fr\/wp-json\/wp\/v2\/types\/product"}],"replies":[{"embeddable":true,"href":"https:\/\/refrigerant-wholesale.com\/fr\/wp-json\/wp\/v2\/comments?post=2203"}],"wp:featuredmedia":[{"embeddable":true,"href":"https:\/\/refrigerant-wholesale.com\/fr\/wp-json\/wp\/v2\/media\/1440"}],"wp:attachment":[{"href":"https:\/\/refrigerant-wholesale.com\/fr\/wp-json\/wp\/v2\/media?parent=2203"}],"wp:term":[{"taxonomy":"product_brand","embeddable":true,"href":"https:\/\/refrigerant-wholesale.com\/fr\/wp-json\/wp\/v2\/product_brand?post=2203"},{"taxonomy":"product_cat","embeddable":true,"href":"https:\/\/refrigerant-wholesale.com\/fr\/wp-json\/wp\/v2\/product_cat?post=2203"},{"taxonomy":"product_tag","embeddable":true,"href":"https:\/\/refrigerant-wholesale.com\/fr\/wp-json\/wp\/v2\/product_tag?post=2203"}],"curies":[{"name":"wp","href":"https:\/\/api.w.org\/{rel}","templated":true}]}}