{"id":2199,"date":"2024-03-14T23:19:47","date_gmt":"2024-03-14T23:19:47","guid":{"rendered":"https:\/\/refrigerant-wholesale.com\/product\/gaz-refrigerant-refron-r22-13-6kg\/"},"modified":"2025-03-01T21:26:28","modified_gmt":"2025-03-01T21:26:28","slug":"gaz-refrigerant-refron-r22-13-6kg","status":"publish","type":"product","link":"https:\/\/refrigerant-wholesale.com\/fr\/product\/gaz-refrigerant-refron-r22-13-6kg\/","title":{"rendered":"Gaz r\u00e9frig\u00e9rant Refron R22 &#8211; 13.6kg"},"content":{"rendered":"<p>Gaz r\u00e9frig\u00e9rant Refron R22 13.6kgs &#8211; Fabriqu\u00e9 en Inde. Le gaz Refron R22 est utilis\u00e9 comme r\u00e9frig\u00e9rant dans les syst\u00e8mes de climatisation domestiques, industriels et commerciaux. Il est \u00e9galement utilis\u00e9 pour produire des insecticides et des a\u00e9rosols pour la pulv\u00e9risation de peinture. <\/p>\n<p>Disponible :<\/p>\n<ul>\n<li>Bouteilles jetables &#8211; (13.6Kg) (30lbs)<\/li>\n<li>R\u00e9servoirs torpilles\/tonnes &#8211; (500kg\/950kg)<\/li>\n<li>Citerne ISO &#8211; (Citerne ISO contient 20,000 Kg)<\/li>\n<\/ul>\n<p>Al Imran est un distributeur et fournisseur de gaz r\u00e9frig\u00e9rant R22 Refron, de produits HVACR, de gaz r\u00e9frig\u00e9rant, de bobines de cuivre et de longueurs dans les EAU, la r\u00e9gion MENA et les pays africains.<\/p>\n<p>&nbsp;<\/p>\n<p><b>R22 Refron R\u00e9frig\u00e9rant couramment utilis\u00e9 comme gaz propulseur et r\u00e9frig\u00e9rant<\/b><\/p>\n<p><b>Utilisation : <\/b>Utilis\u00e9 dans un compresseur alternatif, comme r\u00e9frig\u00e9rant dans les syst\u00e8mes de climatisation industriels, commerciaux et domestiques ; \u00e9galement utilis\u00e9 pour produire des insecticides et des a\u00e9rosols pour la pulv\u00e9risation de peinture ; pour produire l&rsquo;agent extincteur 1211 ; comme mat\u00e9riau de base pour produire une grande vari\u00e9t\u00e9 de compos\u00e9s macromol\u00e9culaires fluor\u00e9s.<\/p>\n<p><b>Description :<\/b> Les applications du R-22 sont progressivement abandonn\u00e9es dans les pays d\u00e9velopp\u00e9s en raison du potentiel d&rsquo;appauvrissement de la couche d&rsquo;ozone (ODP) et du potentiel \u00e9lev\u00e9 de r\u00e9chauffement de la plan\u00e8te (GWP) de ce compos\u00e9, bien que l&rsquo;utilisation mondiale du R-22 continue d&rsquo;augmenter en raison de la forte demande dans les pays en d\u00e9veloppement. Le R-22 Refron est un interm\u00e9diaire polyvalent dans la chimie industrielle des organofluor\u00e9s, par exemple en tant que pr\u00e9curseur du t\u00e9trafluoro\u00e9thyl\u00e8ne. Les bouteilles de R-22 sont color\u00e9es en vert clair.  <\/p>\n<table width=\"928\">\n<tbody>\n<tr>\n<td colspan=\"2\" width=\"928\"><b>PROPRI\u00c9T\u00c9S PHYSIQUES ET CHIMIQUES<\/b><\/td>\n<\/tr>\n<tr>\n<td colspan=\"2\" width=\"928\"><b>Propri\u00e9t\u00e9 du <\/b><b>Chlorure<\/b><\/td>\n<\/tr>\n<tr>\n<td width=\"422\"><b>Poids mol\u00e9culaire<\/b><\/td>\n<td width=\"506\">85.47<\/td>\n<\/tr>\n<tr>\n<td width=\"422\"><b>Point d&rsquo;\u00e9bullition, \u00b0C<\/b><\/td>\n<td width=\"506\">-40.8<\/td>\n<\/tr>\n<tr>\n<td width=\"422\"><b>Temp\u00e9rature critique, \u00b0C<\/b><\/td>\n<td width=\"506\">96.2<\/td>\n<\/tr>\n<tr>\n<td width=\"422\"><b>Pression critique, <\/b><b>Mpa<\/b><\/td>\n<td width=\"506\">4.99<\/td>\n<\/tr>\n<tr>\n<td width=\"422\"><b>Chaleur sp\u00e9cifique du liquide, 30\u00b0C, [KJ\/(kg?\u00b0C)]<\/b><\/td>\n<td width=\"506\">0.31<\/td>\n<\/tr>\n<tr>\n<td width=\"422\"><b>ODP<\/b><\/td>\n<td width=\"506\">0.034<\/td>\n<\/tr>\n<tr>\n<td width=\"422\"><b>PRP<\/b><\/td>\n<td width=\"506\">0.17<\/td>\n<\/tr>\n<tr>\n<td colspan=\"2\" width=\"928\"><b>Standard<\/b><\/td>\n<\/tr>\n<tr>\n<td width=\"422\"><b>Puret\u00e9, %<\/b><\/td>\n<td width=\"506\">\u226599.8<\/td>\n<\/tr>\n<tr>\n<td width=\"422\"><b>Humidit\u00e9, PPm<\/b><\/td>\n<td width=\"506\">\u226410<\/td>\n<\/tr>\n<tr>\n<td width=\"422\"><b>Acidit\u00e9, PPm<\/b><\/td>\n<td width=\"506\">\u22640.1<\/td>\n<\/tr>\n<tr>\n<td width=\"422\"><b>R\u00e9sidu de vapeur, PPm<\/b><\/td>\n<td width=\"506\">\u2264100<\/td>\n<\/tr>\n<tr>\n<td width=\"422\"><b>Apparence<\/b><\/td>\n<td width=\"506\">Incolore, non turbide<\/td>\n<\/tr>\n<tr>\n<td width=\"422\"><b>Odeur<\/b><\/td>\n<td width=\"506\">Pas d&rsquo;odeur \u00e9trange<\/td>\n<\/tr>\n<\/tbody>\n<\/table>\n<table width=\"912\">\n<tbody>\n<tr>\n<td colspan=\"2\" width=\"912\"><b>PROPRI\u00c9T\u00c9S PHYSIQUES ET CHIMIQUES<\/b><\/td>\n<\/tr>\n<tr>\n<td width=\"336\">Mod\u00e8le No.<\/td>\n<td width=\"576\"><b>R22 &#8211; <\/b><b>hydrochlorofluorocarbone<\/b><b> (HCFC)<\/b><\/td>\n<\/tr>\n<tr>\n<td width=\"336\">Nom du produit<\/td>\n<td width=\"576\"><b>Chlorodifluorom\u00e9thane<\/b><\/td>\n<\/tr>\n<tr>\n<td width=\"336\">Saturation en hydrocarbures gras<\/td>\n<td width=\"576\"><b>Alcanes<\/b><\/td>\n<\/tr>\n<tr>\n<td width=\"336\">Un<\/td>\n<td width=\"576\"><b>2.2<\/b><\/td>\n<\/tr>\n<tr>\n<td width=\"336\">No CAS :<\/td>\n<td width=\"576\"><b>75-45-6<\/b><\/td>\n<\/tr>\n<tr>\n<td width=\"336\">HS<\/td>\n<td width=\"576\"><b>2903710000<\/b><\/td>\n<\/tr>\n<tr>\n<td width=\"336\">Marque d\u00e9pos\u00e9e<\/td>\n<td width=\"576\"><b>REFRON<\/b><\/td>\n<\/tr>\n<tr>\n<td width=\"336\">Emballage de transport<\/td>\n<td width=\"576\"><b>Cylindre 13.6kgs<\/b><\/td>\n<\/tr>\n<tr>\n<td width=\"336\">Origine<\/td>\n<td width=\"576\"><b>Inde<\/b><\/td>\n<\/tr>\n<tr>\n<td width=\"336\">Formule :<\/td>\n<td width=\"576\"><b>CHClF2<\/b><\/td>\n<\/tr>\n<\/tbody>\n<\/table>\n<p>&nbsp;<\/p>\n<p>&nbsp;<\/p>\n","protected":false},"excerpt":{"rendered":"<p><img loading=\"lazy\" decoding=\"async\" class=\"alignnone wp-image-437 aligncenter\" src=\"http:\/\/refrigerant-wholesale.com\/wp-content\/uploads\/2024\/03\/Screenshot-69.png\" alt=\"\" width=\"207\" height=\"50\"><\/p>\n<h4 style=\"text-align: center;\"><img loading=\"lazy\" decoding=\"async\" class=\"gmail-crown\" src=\"https:\/\/www.cryptominerbros.com\/wp-content\/uploads\/2019\/12\/dollar-icon.png\" width=\"26\" height=\"27\">ASSURANCE COMMERCIALE<\/h4>\n<div class=\"gmail-textwidget gmail-custom-html-widget\">\n<h6 style=\"text-align: center;\">Exp\u00e9dition : Livraison dans le monde entier<\/h6>\n<h6 style=\"text-align: center;\">(Demande personnalis\u00e9e acceptable)<\/h6>\n<\/div>\n","protected":false},"featured_media":1359,"comment_status":"open","ping_status":"closed","template":"","meta":[],"product_brand":[],"product_cat":[432,431],"product_tag":[],"class_list":{"0":"post-2199","1":"product","2":"type-product","3":"status-publish","4":"has-post-thumbnail","6":"product_cat-r22-fr","7":"product_cat-refron-fr","9":"first","10":"instock","11":"shipping-taxable","12":"product-type-simple"},"yoast_head":"<!-- This site is optimized with the Yoast SEO Premium plugin v27.0 (Yoast SEO v27.3) - https:\/\/yoast.com\/product\/yoast-seo-premium-wordpress\/ -->\n<title>Gaz r\u00e9frig\u00e9rant Refron R22 - 13.6kg - Refrigerant Gas Wholesale<\/title>\n<meta name=\"robots\" content=\"index, follow, max-snippet:-1, max-image-preview:large, max-video-preview:-1\" \/>\n<link rel=\"canonical\" href=\"https:\/\/refrigerant-wholesale.com\/fr\/product\/gaz-refrigerant-refron-r22-13-6kg\/\" \/>\n<meta property=\"og:locale\" content=\"fr_FR\" \/>\n<meta property=\"og:type\" content=\"article\" \/>\n<meta property=\"og:title\" content=\"Gaz r\u00e9frig\u00e9rant Refron R22 - 13.6kg\" \/>\n<meta property=\"og:description\" content=\"ASSURANCE COMMERCIALE Exp\u00e9dition : Livraison dans le monde entier (Demande personnalis\u00e9e acceptable)\" \/>\n<meta property=\"og:url\" content=\"https:\/\/refrigerant-wholesale.com\/fr\/product\/gaz-refrigerant-refron-r22-13-6kg\/\" \/>\n<meta property=\"og:site_name\" content=\"Refrigerant Gas Wholesale\" \/>\n<meta property=\"article:publisher\" content=\"https:\/\/www.facebook.com\/refrigerantwholesale\" \/>\n<meta property=\"article:modified_time\" content=\"2025-03-01T21:26:28+00:00\" \/>\n<meta property=\"og:image\" content=\"http:\/\/refrigerant-wholesale.com\/wp-content\/uploads\/2024\/03\/R-22-Refron-13.6kg-1.webp\" \/>\n\t<meta property=\"og:image:width\" content=\"850\" \/>\n\t<meta property=\"og:image:height\" content=\"850\" \/>\n\t<meta property=\"og:image:type\" content=\"image\/webp\" \/>\n<meta name=\"twitter:card\" content=\"summary_large_image\" \/>\n<meta name=\"twitter:label1\" content=\"Dur\u00e9e de lecture estim\u00e9e\" \/>\n\t<meta name=\"twitter:data1\" content=\"2 minutes\" \/>\n<script type=\"application\/ld+json\" class=\"yoast-schema-graph\">{\"@context\":\"https:\\\/\\\/schema.org\",\"@graph\":[{\"@type\":\"WebPage\",\"@id\":\"https:\\\/\\\/refrigerant-wholesale.com\\\/fr\\\/product\\\/gaz-refrigerant-refron-r22-13-6kg\\\/\",\"url\":\"https:\\\/\\\/refrigerant-wholesale.com\\\/fr\\\/product\\\/gaz-refrigerant-refron-r22-13-6kg\\\/\",\"name\":\"Gaz r\u00e9frig\u00e9rant Refron R22 - 13.6kg - Refrigerant Gas Wholesale\",\"isPartOf\":{\"@id\":\"https:\\\/\\\/refrigerant-wholesale.com\\\/fr\\\/#website\"},\"primaryImageOfPage\":{\"@id\":\"https:\\\/\\\/refrigerant-wholesale.com\\\/fr\\\/product\\\/gaz-refrigerant-refron-r22-13-6kg\\\/#primaryimage\"},\"image\":{\"@id\":\"https:\\\/\\\/refrigerant-wholesale.com\\\/fr\\\/product\\\/gaz-refrigerant-refron-r22-13-6kg\\\/#primaryimage\"},\"thumbnailUrl\":\"https:\\\/\\\/refrigerant-wholesale.com\\\/wp-content\\\/uploads\\\/2024\\\/03\\\/R-22-Refron-13.6kg-1.webp\",\"datePublished\":\"2024-03-14T23:19:47+00:00\",\"dateModified\":\"2025-03-01T21:26:28+00:00\",\"breadcrumb\":{\"@id\":\"https:\\\/\\\/refrigerant-wholesale.com\\\/fr\\\/product\\\/gaz-refrigerant-refron-r22-13-6kg\\\/#breadcrumb\"},\"inLanguage\":\"fr-FR\",\"potentialAction\":[{\"@type\":\"ReadAction\",\"target\":[\"https:\\\/\\\/refrigerant-wholesale.com\\\/fr\\\/product\\\/gaz-refrigerant-refron-r22-13-6kg\\\/\"]}]},{\"@type\":\"ImageObject\",\"inLanguage\":\"fr-FR\",\"@id\":\"https:\\\/\\\/refrigerant-wholesale.com\\\/fr\\\/product\\\/gaz-refrigerant-refron-r22-13-6kg\\\/#primaryimage\",\"url\":\"https:\\\/\\\/refrigerant-wholesale.com\\\/wp-content\\\/uploads\\\/2024\\\/03\\\/R-22-Refron-13.6kg-1.webp\",\"contentUrl\":\"https:\\\/\\\/refrigerant-wholesale.com\\\/wp-content\\\/uploads\\\/2024\\\/03\\\/R-22-Refron-13.6kg-1.webp\",\"width\":850,\"height\":850},{\"@type\":\"BreadcrumbList\",\"@id\":\"https:\\\/\\\/refrigerant-wholesale.com\\\/fr\\\/product\\\/gaz-refrigerant-refron-r22-13-6kg\\\/#breadcrumb\",\"itemListElement\":[{\"@type\":\"ListItem\",\"position\":1,\"name\":\"Home\",\"item\":\"https:\\\/\\\/refrigerant-wholesale.com\\\/fr\\\/\"},{\"@type\":\"ListItem\",\"position\":2,\"name\":\"Boutique\",\"item\":\"https:\\\/\\\/refrigerant-wholesale.com\\\/fr\\\/boutique\\\/\"},{\"@type\":\"ListItem\",\"position\":3,\"name\":\"Gaz r\u00e9frig\u00e9rant Refron R22 &#8211; 13.6kg\"}]},{\"@type\":\"WebSite\",\"@id\":\"https:\\\/\\\/refrigerant-wholesale.com\\\/fr\\\/#website\",\"url\":\"https:\\\/\\\/refrigerant-wholesale.com\\\/fr\\\/\",\"name\":\"Refrigerant Gas Wholesale\",\"description\":\"AC Gas supplier\",\"publisher\":{\"@id\":\"https:\\\/\\\/refrigerant-wholesale.com\\\/fr\\\/#organization\"},\"potentialAction\":[{\"@type\":\"SearchAction\",\"target\":{\"@type\":\"EntryPoint\",\"urlTemplate\":\"https:\\\/\\\/refrigerant-wholesale.com\\\/fr\\\/?s={search_term_string}\"},\"query-input\":{\"@type\":\"PropertyValueSpecification\",\"valueRequired\":true,\"valueName\":\"search_term_string\"}}],\"inLanguage\":\"fr-FR\"},{\"@type\":\"Organization\",\"@id\":\"https:\\\/\\\/refrigerant-wholesale.com\\\/fr\\\/#organization\",\"name\":\"Refrigerant Gas Wholesale\",\"url\":\"https:\\\/\\\/refrigerant-wholesale.com\\\/fr\\\/\",\"logo\":{\"@type\":\"ImageObject\",\"inLanguage\":\"fr-FR\",\"@id\":\"https:\\\/\\\/refrigerant-wholesale.com\\\/fr\\\/#\\\/schema\\\/logo\\\/image\\\/\",\"url\":\"http:\\\/\\\/refrigerant-wholesale.com\\\/wp-content\\\/uploads\\\/2024\\\/04\\\/refrigerant-logo.png\",\"contentUrl\":\"http:\\\/\\\/refrigerant-wholesale.com\\\/wp-content\\\/uploads\\\/2024\\\/04\\\/refrigerant-logo.png\",\"width\":400,\"height\":84,\"caption\":\"Refrigerant Gas Wholesale\"},\"image\":{\"@id\":\"https:\\\/\\\/refrigerant-wholesale.com\\\/fr\\\/#\\\/schema\\\/logo\\\/image\\\/\"},\"sameAs\":[\"https:\\\/\\\/www.facebook.com\\\/refrigerantwholesale\"]}]}<\/script>\n<!-- \/ Yoast SEO Premium plugin. -->","yoast_head_json":{"title":"Gaz r\u00e9frig\u00e9rant Refron R22 - 13.6kg - Refrigerant Gas Wholesale","robots":{"index":"index","follow":"follow","max-snippet":"max-snippet:-1","max-image-preview":"max-image-preview:large","max-video-preview":"max-video-preview:-1"},"canonical":"https:\/\/refrigerant-wholesale.com\/fr\/product\/gaz-refrigerant-refron-r22-13-6kg\/","og_locale":"fr_FR","og_type":"article","og_title":"Gaz r\u00e9frig\u00e9rant Refron R22 - 13.6kg","og_description":"ASSURANCE COMMERCIALE Exp\u00e9dition : Livraison dans le monde entier (Demande personnalis\u00e9e acceptable)","og_url":"https:\/\/refrigerant-wholesale.com\/fr\/product\/gaz-refrigerant-refron-r22-13-6kg\/","og_site_name":"Refrigerant Gas Wholesale","article_publisher":"https:\/\/www.facebook.com\/refrigerantwholesale","article_modified_time":"2025-03-01T21:26:28+00:00","og_image":[{"width":850,"height":850,"url":"http:\/\/refrigerant-wholesale.com\/wp-content\/uploads\/2024\/03\/R-22-Refron-13.6kg-1.webp","type":"image\/webp"}],"twitter_card":"summary_large_image","twitter_misc":{"Dur\u00e9e de lecture estim\u00e9e":"2 minutes"},"schema":{"@context":"https:\/\/schema.org","@graph":[{"@type":"WebPage","@id":"https:\/\/refrigerant-wholesale.com\/fr\/product\/gaz-refrigerant-refron-r22-13-6kg\/","url":"https:\/\/refrigerant-wholesale.com\/fr\/product\/gaz-refrigerant-refron-r22-13-6kg\/","name":"Gaz r\u00e9frig\u00e9rant Refron R22 - 13.6kg - Refrigerant Gas Wholesale","isPartOf":{"@id":"https:\/\/refrigerant-wholesale.com\/fr\/#website"},"primaryImageOfPage":{"@id":"https:\/\/refrigerant-wholesale.com\/fr\/product\/gaz-refrigerant-refron-r22-13-6kg\/#primaryimage"},"image":{"@id":"https:\/\/refrigerant-wholesale.com\/fr\/product\/gaz-refrigerant-refron-r22-13-6kg\/#primaryimage"},"thumbnailUrl":"https:\/\/refrigerant-wholesale.com\/wp-content\/uploads\/2024\/03\/R-22-Refron-13.6kg-1.webp","datePublished":"2024-03-14T23:19:47+00:00","dateModified":"2025-03-01T21:26:28+00:00","breadcrumb":{"@id":"https:\/\/refrigerant-wholesale.com\/fr\/product\/gaz-refrigerant-refron-r22-13-6kg\/#breadcrumb"},"inLanguage":"fr-FR","potentialAction":[{"@type":"ReadAction","target":["https:\/\/refrigerant-wholesale.com\/fr\/product\/gaz-refrigerant-refron-r22-13-6kg\/"]}]},{"@type":"ImageObject","inLanguage":"fr-FR","@id":"https:\/\/refrigerant-wholesale.com\/fr\/product\/gaz-refrigerant-refron-r22-13-6kg\/#primaryimage","url":"https:\/\/refrigerant-wholesale.com\/wp-content\/uploads\/2024\/03\/R-22-Refron-13.6kg-1.webp","contentUrl":"https:\/\/refrigerant-wholesale.com\/wp-content\/uploads\/2024\/03\/R-22-Refron-13.6kg-1.webp","width":850,"height":850},{"@type":"BreadcrumbList","@id":"https:\/\/refrigerant-wholesale.com\/fr\/product\/gaz-refrigerant-refron-r22-13-6kg\/#breadcrumb","itemListElement":[{"@type":"ListItem","position":1,"name":"Home","item":"https:\/\/refrigerant-wholesale.com\/fr\/"},{"@type":"ListItem","position":2,"name":"Boutique","item":"https:\/\/refrigerant-wholesale.com\/fr\/boutique\/"},{"@type":"ListItem","position":3,"name":"Gaz r\u00e9frig\u00e9rant Refron R22 &#8211; 13.6kg"}]},{"@type":"WebSite","@id":"https:\/\/refrigerant-wholesale.com\/fr\/#website","url":"https:\/\/refrigerant-wholesale.com\/fr\/","name":"Refrigerant Gas Wholesale","description":"AC Gas supplier","publisher":{"@id":"https:\/\/refrigerant-wholesale.com\/fr\/#organization"},"potentialAction":[{"@type":"SearchAction","target":{"@type":"EntryPoint","urlTemplate":"https:\/\/refrigerant-wholesale.com\/fr\/?s={search_term_string}"},"query-input":{"@type":"PropertyValueSpecification","valueRequired":true,"valueName":"search_term_string"}}],"inLanguage":"fr-FR"},{"@type":"Organization","@id":"https:\/\/refrigerant-wholesale.com\/fr\/#organization","name":"Refrigerant Gas Wholesale","url":"https:\/\/refrigerant-wholesale.com\/fr\/","logo":{"@type":"ImageObject","inLanguage":"fr-FR","@id":"https:\/\/refrigerant-wholesale.com\/fr\/#\/schema\/logo\/image\/","url":"http:\/\/refrigerant-wholesale.com\/wp-content\/uploads\/2024\/04\/refrigerant-logo.png","contentUrl":"http:\/\/refrigerant-wholesale.com\/wp-content\/uploads\/2024\/04\/refrigerant-logo.png","width":400,"height":84,"caption":"Refrigerant Gas Wholesale"},"image":{"@id":"https:\/\/refrigerant-wholesale.com\/fr\/#\/schema\/logo\/image\/"},"sameAs":["https:\/\/www.facebook.com\/refrigerantwholesale"]}]}},"_links":{"self":[{"href":"https:\/\/refrigerant-wholesale.com\/fr\/wp-json\/wp\/v2\/product\/2199","targetHints":{"allow":["GET"]}}],"collection":[{"href":"https:\/\/refrigerant-wholesale.com\/fr\/wp-json\/wp\/v2\/product"}],"about":[{"href":"https:\/\/refrigerant-wholesale.com\/fr\/wp-json\/wp\/v2\/types\/product"}],"replies":[{"embeddable":true,"href":"https:\/\/refrigerant-wholesale.com\/fr\/wp-json\/wp\/v2\/comments?post=2199"}],"wp:featuredmedia":[{"embeddable":true,"href":"https:\/\/refrigerant-wholesale.com\/fr\/wp-json\/wp\/v2\/media\/1359"}],"wp:attachment":[{"href":"https:\/\/refrigerant-wholesale.com\/fr\/wp-json\/wp\/v2\/media?parent=2199"}],"wp:term":[{"taxonomy":"product_brand","embeddable":true,"href":"https:\/\/refrigerant-wholesale.com\/fr\/wp-json\/wp\/v2\/product_brand?post=2199"},{"taxonomy":"product_cat","embeddable":true,"href":"https:\/\/refrigerant-wholesale.com\/fr\/wp-json\/wp\/v2\/product_cat?post=2199"},{"taxonomy":"product_tag","embeddable":true,"href":"https:\/\/refrigerant-wholesale.com\/fr\/wp-json\/wp\/v2\/product_tag?post=2199"}],"curies":[{"name":"wp","href":"https:\/\/api.w.org\/{rel}","templated":true}]}}