{"id":2194,"date":"2024-03-14T23:27:32","date_gmt":"2024-03-14T23:27:32","guid":{"rendered":"https:\/\/refrigerant-wholesale.com\/product\/refrigerant-eliwell-r32\/"},"modified":"2025-03-01T21:26:25","modified_gmt":"2025-03-01T21:26:25","slug":"refrigerant-eliwell-r32","status":"publish","type":"product","link":"https:\/\/refrigerant-wholesale.com\/fr\/product\/refrigerant-eliwell-r32\/","title":{"rendered":"R\u00e9frig\u00e9rant Eliwell R32"},"content":{"rendered":"<p>Le gaz frigorig\u00e8ne Eliwell R32 est un gaz frigorig\u00e8ne de haute performance, \u00e0 faible inflammabilit\u00e9 et \u00e0 faible potentiel de r\u00e9chauffement de la plan\u00e8te, id\u00e9al pour diverses applications de refroidissement.<\/p>\n<p>Disponible : Bouteille de 7 kg<\/p>\n","protected":false},"excerpt":{"rendered":"<p><img loading=\"lazy\" decoding=\"async\" class=\"alignnone wp-image-437 aligncenter\" src=\"http:\/\/refrigerant-wholesale.com\/wp-content\/uploads\/2024\/03\/Screenshot-69.png\" alt=\"\" width=\"207\" height=\"50\"><\/p>\n<h4 style=\"text-align: center;\"><img loading=\"lazy\" decoding=\"async\" class=\"gmail-crown\" src=\"https:\/\/www.cryptominerbros.com\/wp-content\/uploads\/2019\/12\/dollar-icon.png\" width=\"26\" height=\"27\">ASSURANCE COMMERCIALE<\/h4>\n<div class=\"gmail-textwidget gmail-custom-html-widget\">\n<h6 style=\"text-align: center;\">Exp\u00e9dition : Livraison dans le monde entier<\/h6>\n<h6 style=\"text-align: center;\">(Demande personnalis\u00e9e acceptable)<\/h6>\n<\/div>\n","protected":false},"featured_media":1362,"comment_status":"open","ping_status":"closed","template":"","meta":[],"product_brand":[],"product_cat":[424,425],"product_tag":[],"class_list":{"0":"post-2194","1":"product","2":"type-product","3":"status-publish","4":"has-post-thumbnail","6":"product_cat-eliwell-fr","7":"product_cat-r32-fr","9":"first","10":"instock","11":"featured","12":"shipping-taxable","13":"product-type-simple"},"yoast_head":"<!-- This site is optimized with the Yoast SEO Premium plugin v27.0 (Yoast SEO v27.3) - https:\/\/yoast.com\/product\/yoast-seo-premium-wordpress\/ -->\n<title>R\u00e9frig\u00e9rant Eliwell R32 - Refrigerant Gas Wholesale<\/title>\n<meta name=\"robots\" content=\"index, follow, max-snippet:-1, max-image-preview:large, max-video-preview:-1\" \/>\n<link rel=\"canonical\" href=\"https:\/\/refrigerant-wholesale.com\/fr\/product\/refrigerant-eliwell-r32\/\" \/>\n<meta property=\"og:locale\" content=\"fr_FR\" \/>\n<meta property=\"og:type\" content=\"article\" \/>\n<meta property=\"og:title\" content=\"R\u00e9frig\u00e9rant Eliwell R32\" \/>\n<meta property=\"og:description\" content=\"ASSURANCE COMMERCIALE Exp\u00e9dition : Livraison dans le monde entier (Demande personnalis\u00e9e acceptable)\" \/>\n<meta property=\"og:url\" content=\"https:\/\/refrigerant-wholesale.com\/fr\/product\/refrigerant-eliwell-r32\/\" \/>\n<meta property=\"og:site_name\" content=\"Refrigerant Gas Wholesale\" \/>\n<meta property=\"article:publisher\" content=\"https:\/\/www.facebook.com\/refrigerantwholesale\" \/>\n<meta property=\"article:modified_time\" content=\"2025-03-01T21:26:25+00:00\" \/>\n<meta property=\"og:image\" content=\"http:\/\/refrigerant-wholesale.com\/wp-content\/uploads\/2024\/03\/Eliwell-R32-with-side-Box.webp\" \/>\n\t<meta property=\"og:image:width\" content=\"1500\" \/>\n\t<meta property=\"og:image:height\" content=\"1500\" \/>\n\t<meta property=\"og:image:type\" content=\"image\/webp\" \/>\n<meta name=\"twitter:card\" content=\"summary_large_image\" \/>\n<script type=\"application\/ld+json\" class=\"yoast-schema-graph\">{\"@context\":\"https:\\\/\\\/schema.org\",\"@graph\":[{\"@type\":\"WebPage\",\"@id\":\"https:\\\/\\\/refrigerant-wholesale.com\\\/fr\\\/product\\\/refrigerant-eliwell-r32\\\/\",\"url\":\"https:\\\/\\\/refrigerant-wholesale.com\\\/fr\\\/product\\\/refrigerant-eliwell-r32\\\/\",\"name\":\"R\u00e9frig\u00e9rant Eliwell R32 - Refrigerant Gas Wholesale\",\"isPartOf\":{\"@id\":\"https:\\\/\\\/refrigerant-wholesale.com\\\/fr\\\/#website\"},\"primaryImageOfPage\":{\"@id\":\"https:\\\/\\\/refrigerant-wholesale.com\\\/fr\\\/product\\\/refrigerant-eliwell-r32\\\/#primaryimage\"},\"image\":{\"@id\":\"https:\\\/\\\/refrigerant-wholesale.com\\\/fr\\\/product\\\/refrigerant-eliwell-r32\\\/#primaryimage\"},\"thumbnailUrl\":\"https:\\\/\\\/refrigerant-wholesale.com\\\/wp-content\\\/uploads\\\/2024\\\/03\\\/Eliwell-R32-with-side-Box.webp\",\"datePublished\":\"2024-03-14T23:27:32+00:00\",\"dateModified\":\"2025-03-01T21:26:25+00:00\",\"breadcrumb\":{\"@id\":\"https:\\\/\\\/refrigerant-wholesale.com\\\/fr\\\/product\\\/refrigerant-eliwell-r32\\\/#breadcrumb\"},\"inLanguage\":\"fr-FR\",\"potentialAction\":[{\"@type\":\"ReadAction\",\"target\":[\"https:\\\/\\\/refrigerant-wholesale.com\\\/fr\\\/product\\\/refrigerant-eliwell-r32\\\/\"]}]},{\"@type\":\"ImageObject\",\"inLanguage\":\"fr-FR\",\"@id\":\"https:\\\/\\\/refrigerant-wholesale.com\\\/fr\\\/product\\\/refrigerant-eliwell-r32\\\/#primaryimage\",\"url\":\"https:\\\/\\\/refrigerant-wholesale.com\\\/wp-content\\\/uploads\\\/2024\\\/03\\\/Eliwell-R32-with-side-Box.webp\",\"contentUrl\":\"https:\\\/\\\/refrigerant-wholesale.com\\\/wp-content\\\/uploads\\\/2024\\\/03\\\/Eliwell-R32-with-side-Box.webp\",\"width\":1500,\"height\":1500},{\"@type\":\"BreadcrumbList\",\"@id\":\"https:\\\/\\\/refrigerant-wholesale.com\\\/fr\\\/product\\\/refrigerant-eliwell-r32\\\/#breadcrumb\",\"itemListElement\":[{\"@type\":\"ListItem\",\"position\":1,\"name\":\"Home\",\"item\":\"https:\\\/\\\/refrigerant-wholesale.com\\\/fr\\\/\"},{\"@type\":\"ListItem\",\"position\":2,\"name\":\"Boutique\",\"item\":\"https:\\\/\\\/refrigerant-wholesale.com\\\/fr\\\/boutique\\\/\"},{\"@type\":\"ListItem\",\"position\":3,\"name\":\"R\u00e9frig\u00e9rant Eliwell R32\"}]},{\"@type\":\"WebSite\",\"@id\":\"https:\\\/\\\/refrigerant-wholesale.com\\\/fr\\\/#website\",\"url\":\"https:\\\/\\\/refrigerant-wholesale.com\\\/fr\\\/\",\"name\":\"Refrigerant Gas Wholesale\",\"description\":\"AC Gas supplier\",\"publisher\":{\"@id\":\"https:\\\/\\\/refrigerant-wholesale.com\\\/fr\\\/#organization\"},\"potentialAction\":[{\"@type\":\"SearchAction\",\"target\":{\"@type\":\"EntryPoint\",\"urlTemplate\":\"https:\\\/\\\/refrigerant-wholesale.com\\\/fr\\\/?s={search_term_string}\"},\"query-input\":{\"@type\":\"PropertyValueSpecification\",\"valueRequired\":true,\"valueName\":\"search_term_string\"}}],\"inLanguage\":\"fr-FR\"},{\"@type\":\"Organization\",\"@id\":\"https:\\\/\\\/refrigerant-wholesale.com\\\/fr\\\/#organization\",\"name\":\"Refrigerant Gas Wholesale\",\"url\":\"https:\\\/\\\/refrigerant-wholesale.com\\\/fr\\\/\",\"logo\":{\"@type\":\"ImageObject\",\"inLanguage\":\"fr-FR\",\"@id\":\"https:\\\/\\\/refrigerant-wholesale.com\\\/fr\\\/#\\\/schema\\\/logo\\\/image\\\/\",\"url\":\"http:\\\/\\\/refrigerant-wholesale.com\\\/wp-content\\\/uploads\\\/2024\\\/04\\\/refrigerant-logo.png\",\"contentUrl\":\"http:\\\/\\\/refrigerant-wholesale.com\\\/wp-content\\\/uploads\\\/2024\\\/04\\\/refrigerant-logo.png\",\"width\":400,\"height\":84,\"caption\":\"Refrigerant Gas Wholesale\"},\"image\":{\"@id\":\"https:\\\/\\\/refrigerant-wholesale.com\\\/fr\\\/#\\\/schema\\\/logo\\\/image\\\/\"},\"sameAs\":[\"https:\\\/\\\/www.facebook.com\\\/refrigerantwholesale\"]}]}<\/script>\n<!-- \/ Yoast SEO Premium plugin. -->","yoast_head_json":{"title":"R\u00e9frig\u00e9rant Eliwell R32 - Refrigerant Gas Wholesale","robots":{"index":"index","follow":"follow","max-snippet":"max-snippet:-1","max-image-preview":"max-image-preview:large","max-video-preview":"max-video-preview:-1"},"canonical":"https:\/\/refrigerant-wholesale.com\/fr\/product\/refrigerant-eliwell-r32\/","og_locale":"fr_FR","og_type":"article","og_title":"R\u00e9frig\u00e9rant Eliwell R32","og_description":"ASSURANCE COMMERCIALE Exp\u00e9dition : Livraison dans le monde entier (Demande personnalis\u00e9e acceptable)","og_url":"https:\/\/refrigerant-wholesale.com\/fr\/product\/refrigerant-eliwell-r32\/","og_site_name":"Refrigerant Gas Wholesale","article_publisher":"https:\/\/www.facebook.com\/refrigerantwholesale","article_modified_time":"2025-03-01T21:26:25+00:00","og_image":[{"width":1500,"height":1500,"url":"http:\/\/refrigerant-wholesale.com\/wp-content\/uploads\/2024\/03\/Eliwell-R32-with-side-Box.webp","type":"image\/webp"}],"twitter_card":"summary_large_image","schema":{"@context":"https:\/\/schema.org","@graph":[{"@type":"WebPage","@id":"https:\/\/refrigerant-wholesale.com\/fr\/product\/refrigerant-eliwell-r32\/","url":"https:\/\/refrigerant-wholesale.com\/fr\/product\/refrigerant-eliwell-r32\/","name":"R\u00e9frig\u00e9rant Eliwell R32 - Refrigerant Gas Wholesale","isPartOf":{"@id":"https:\/\/refrigerant-wholesale.com\/fr\/#website"},"primaryImageOfPage":{"@id":"https:\/\/refrigerant-wholesale.com\/fr\/product\/refrigerant-eliwell-r32\/#primaryimage"},"image":{"@id":"https:\/\/refrigerant-wholesale.com\/fr\/product\/refrigerant-eliwell-r32\/#primaryimage"},"thumbnailUrl":"https:\/\/refrigerant-wholesale.com\/wp-content\/uploads\/2024\/03\/Eliwell-R32-with-side-Box.webp","datePublished":"2024-03-14T23:27:32+00:00","dateModified":"2025-03-01T21:26:25+00:00","breadcrumb":{"@id":"https:\/\/refrigerant-wholesale.com\/fr\/product\/refrigerant-eliwell-r32\/#breadcrumb"},"inLanguage":"fr-FR","potentialAction":[{"@type":"ReadAction","target":["https:\/\/refrigerant-wholesale.com\/fr\/product\/refrigerant-eliwell-r32\/"]}]},{"@type":"ImageObject","inLanguage":"fr-FR","@id":"https:\/\/refrigerant-wholesale.com\/fr\/product\/refrigerant-eliwell-r32\/#primaryimage","url":"https:\/\/refrigerant-wholesale.com\/wp-content\/uploads\/2024\/03\/Eliwell-R32-with-side-Box.webp","contentUrl":"https:\/\/refrigerant-wholesale.com\/wp-content\/uploads\/2024\/03\/Eliwell-R32-with-side-Box.webp","width":1500,"height":1500},{"@type":"BreadcrumbList","@id":"https:\/\/refrigerant-wholesale.com\/fr\/product\/refrigerant-eliwell-r32\/#breadcrumb","itemListElement":[{"@type":"ListItem","position":1,"name":"Home","item":"https:\/\/refrigerant-wholesale.com\/fr\/"},{"@type":"ListItem","position":2,"name":"Boutique","item":"https:\/\/refrigerant-wholesale.com\/fr\/boutique\/"},{"@type":"ListItem","position":3,"name":"R\u00e9frig\u00e9rant Eliwell R32"}]},{"@type":"WebSite","@id":"https:\/\/refrigerant-wholesale.com\/fr\/#website","url":"https:\/\/refrigerant-wholesale.com\/fr\/","name":"Refrigerant Gas Wholesale","description":"AC Gas supplier","publisher":{"@id":"https:\/\/refrigerant-wholesale.com\/fr\/#organization"},"potentialAction":[{"@type":"SearchAction","target":{"@type":"EntryPoint","urlTemplate":"https:\/\/refrigerant-wholesale.com\/fr\/?s={search_term_string}"},"query-input":{"@type":"PropertyValueSpecification","valueRequired":true,"valueName":"search_term_string"}}],"inLanguage":"fr-FR"},{"@type":"Organization","@id":"https:\/\/refrigerant-wholesale.com\/fr\/#organization","name":"Refrigerant Gas Wholesale","url":"https:\/\/refrigerant-wholesale.com\/fr\/","logo":{"@type":"ImageObject","inLanguage":"fr-FR","@id":"https:\/\/refrigerant-wholesale.com\/fr\/#\/schema\/logo\/image\/","url":"http:\/\/refrigerant-wholesale.com\/wp-content\/uploads\/2024\/04\/refrigerant-logo.png","contentUrl":"http:\/\/refrigerant-wholesale.com\/wp-content\/uploads\/2024\/04\/refrigerant-logo.png","width":400,"height":84,"caption":"Refrigerant Gas Wholesale"},"image":{"@id":"https:\/\/refrigerant-wholesale.com\/fr\/#\/schema\/logo\/image\/"},"sameAs":["https:\/\/www.facebook.com\/refrigerantwholesale"]}]}},"_links":{"self":[{"href":"https:\/\/refrigerant-wholesale.com\/fr\/wp-json\/wp\/v2\/product\/2194","targetHints":{"allow":["GET"]}}],"collection":[{"href":"https:\/\/refrigerant-wholesale.com\/fr\/wp-json\/wp\/v2\/product"}],"about":[{"href":"https:\/\/refrigerant-wholesale.com\/fr\/wp-json\/wp\/v2\/types\/product"}],"replies":[{"embeddable":true,"href":"https:\/\/refrigerant-wholesale.com\/fr\/wp-json\/wp\/v2\/comments?post=2194"}],"wp:featuredmedia":[{"embeddable":true,"href":"https:\/\/refrigerant-wholesale.com\/fr\/wp-json\/wp\/v2\/media\/1362"}],"wp:attachment":[{"href":"https:\/\/refrigerant-wholesale.com\/fr\/wp-json\/wp\/v2\/media?parent=2194"}],"wp:term":[{"taxonomy":"product_brand","embeddable":true,"href":"https:\/\/refrigerant-wholesale.com\/fr\/wp-json\/wp\/v2\/product_brand?post=2194"},{"taxonomy":"product_cat","embeddable":true,"href":"https:\/\/refrigerant-wholesale.com\/fr\/wp-json\/wp\/v2\/product_cat?post=2194"},{"taxonomy":"product_tag","embeddable":true,"href":"https:\/\/refrigerant-wholesale.com\/fr\/wp-json\/wp\/v2\/product_tag?post=2194"}],"curies":[{"name":"wp","href":"https:\/\/api.w.org\/{rel}","templated":true}]}}