{"id":2193,"date":"2024-03-14T22:38:37","date_gmt":"2024-03-14T22:38:37","guid":{"rendered":"https:\/\/refrigerant-wholesale.com\/product\/r134a-gaz-refrigerant-maxron\/"},"modified":"2025-03-01T21:26:24","modified_gmt":"2025-03-01T21:26:24","slug":"r134a-gaz-refrigerant-maxron","status":"publish","type":"product","link":"https:\/\/refrigerant-wholesale.com\/fr\/product\/r134a-gaz-refrigerant-maxron\/","title":{"rendered":"R134a &#8211; Gaz r\u00e9frig\u00e9rant MAXRON"},"content":{"rendered":"<div class=\"main-page-wrapper\">\n<div class=\"container-fluid\">\n<div class=\"row content-layout-wrapper align-items-start\">\n<div class=\"site-content shop-content-area col-12 breadcrumbs-location-summary content-with-products\" role=\"main\">\n<div id=\"product-3495\" class=\"single-product-page single-product-content product-design-default tabs-location-standard tabs-type-tabs meta-location-add_to_cart reviews-location-tabs product-no-bg product type-product post-3495 status-publish first instock product_cat-maxron product_cat-r134a product_tag-maxron product_tag-r-134a product_tag-refrigerant-gas has-post-thumbnail shipping-taxable product-type-simple\">\n<div class=\"product-tabs-wrapper\">\n<div class=\"container\">\n<div class=\"row\">\n<div class=\"col-12 poduct-tabs-inner\">\n<div class=\"woocommerce-tabs wc-tabs-wrapper tabs-layout-tabs\">\n<div class=\"alimranuae-tab-wrapper\">\n<div id=\"tab-description\" class=\"woocommerce-Tabs-panel woocommerce-Tabs-panel--description panel entry-content wc-tab\">\n<div class=\"wc-tab-inner \">\n<div class=\"\">\n<p>Maxron\u00ae R134A (TETRAFLUOROETHANE) est un gaz r\u00e9frig\u00e9rant \u00e0 long terme, respectueux de l&rsquo;environnement, n&rsquo;appauvrissant pas la couche d&rsquo;ozone, \u00e9conome en \u00e9nergie, non toxique et ininflammable, largement utilis\u00e9 dans la climatisation automobile, r\u00e9sidentielle, commerciale et industrielle, ainsi que dans la r\u00e9frig\u00e9ration \u00e0 moyenne temp\u00e9rature, la r\u00e9frig\u00e9ration commerciale, la transformation des aliments, la r\u00e9frig\u00e9ration de stockage, la r\u00e9frig\u00e9ration industrielle, la r\u00e9frig\u00e9ration de transport, et \u00e9galement dans les pompes \u00e0 chaleur \u00e0 haute temp\u00e9rature. Maxron\u00ae R134a est principalement d\u00e9velopp\u00e9 pour remplacer les CFC et les HCFC qui ont un potentiel d&rsquo;appauvrissement de la couche d&rsquo;ozone (ODP) nul et un PRP relativement faible. <strong> <\/strong><\/p>\n<p><strong>LUBRIFICATION<\/strong><\/p>\n<p>Maxron\u00ae R134A peut \u00eatre utilis\u00e9 avec du Polyolester (POE) ou du Poly Alkylene Glycol (PAG &#8211; seulement pour l&rsquo;air conditionn\u00e9 automobile) et PAS avec de l&rsquo;huile min\u00e9rale ou du lubrifiant Alkyl Benzene car ils ne sont pas miscibles avec les fluides frigorig\u00e8nes Maxron\u00ae R134a. L&rsquo;huile POE ou PAG absorbe rapidement l&rsquo;humidit\u00e9 lorsqu&rsquo;elle est expos\u00e9e \u00e0 l&rsquo;atmosph\u00e8re. Il convient donc d&rsquo;\u00eatre tr\u00e8s prudent et d&rsquo;\u00e9viter toute exposition prolong\u00e9e \u00e0 l&rsquo;air.  <\/p>\n<table class=\" alignleft\">\n<tbody>\n<tr>\n<td colspan=\"2\" width=\"616\"><strong>PROPRI\u00c9T\u00c9S PHYSIQUES ET CHIMIQUES<\/strong><\/td>\n<\/tr>\n<tr>\n<td width=\"144\">Apparence<\/td>\n<td width=\"473\">Gaz liqu\u00e9fi\u00e9, incolore<\/td>\n<\/tr>\n<tr>\n<td width=\"144\">Odeur<\/td>\n<td width=\"473\">\u00c9ther (l\u00e9g\u00e8re)<\/td>\n<\/tr>\n<tr>\n<td width=\"144\">\u00c9tat physique<\/td>\n<td width=\"473\">Gaz \u00e0 temp\u00e9rature et pression normales<\/td>\n<\/tr>\n<tr>\n<td width=\"144\">Point de fusion<\/td>\n<td width=\"473\">&#8211; 101.0 \u00b0C<\/td>\n<\/tr>\n<tr>\n<td width=\"144\">Point d&rsquo;\u00e9bullition<\/td>\n<td width=\"473\">&#8211; 26.2 \u00b0C<\/td>\n<\/tr>\n<tr>\n<td width=\"144\">Pression de vapeur<\/td>\n<td width=\"473\">4270 mm Hg \u00e0 20\u00b0C<\/td>\n<\/tr>\n<tr>\n<td width=\"144\">Solubilit\u00e9 dans l&rsquo;eau<\/td>\n<td width=\"473\">L\u00e9g\u00e8rement soluble<\/td>\n<\/tr>\n<tr>\n<td width=\"144\">Solubilit\u00e9 dans d&rsquo;autres substances<\/td>\n<td width=\"473\">Soluble dans les solvants chlor\u00e9s, les esters, le poly\u00e9thyl\u00e8ne glycol et les alcools.<\/td>\n<\/tr>\n<tr>\n<td width=\"144\">Poids sp\u00e9cifique<\/td>\n<td width=\"473\">1,22 \u00e0 20\u00b0C<\/td>\n<\/tr>\n<tr>\n<td width=\"144\">Densit\u00e9 de vapeur<\/td>\n<td width=\"473\">3,66 au point d&rsquo;\u00e9bullition normal<\/td>\n<\/tr>\n<\/tbody>\n<\/table>\n<p>&nbsp;<\/p>\n<\/div>\n<\/div>\n<\/div>\n<\/div>\n<\/div>\n<\/div>\n<\/div>\n<\/div>\n<\/div>\n<div class=\"container related-and-upsells\">\n<div class=\"related-products\">\n<div id=\"carousel-847\" class=\"alimranuae-carousel-container slider-type-product alimranuae-carousel-spacing-30 products-bordered-grid disable-owl-mobile\" data-owl-carousel=\"\" data-desktop=\"4\" data-tablet_landscape=\"4\" data-tablet=\"3\" data-mobile=\"2\">\n<div class=\"owl-carousel owl-items-lg-4 owl-items-md-4 owl-items-sm-3 owl-items-xs-2 owl-loaded owl-drag\">\n<div class=\"owl-stage-outer\">\n<div class=\"owl-stage\">\n<div class=\"owl-item active\">\n<div class=\"slide-product owl-carousel-item\">\n<div class=\"product-grid-item product product-no-swatches alimranuae-hover-base product-in-carousel type-product post-4875 status-publish last instock product_cat-r410a product_cat-westron-hvac-brands product_cat-westron-refrigerant product_tag-r410a product_tag-refrigerant-gas product_tag-westron has-post-thumbnail shipping-taxable product-type-simple\" data-loop=\"1\" data-id=\"4875\">\n<div class=\"product-wrapper\">\n<div class=\"product-element-top\"><\/div>\n<div class=\"product-information\">\n<h3 class=\"product-title\"><\/h3>\n<div class=\"product-rating-price\">\n<div class=\"wrapp-product-price\"><\/div>\n<\/div>\n<div class=\"fade-in-block\">\n<div class=\" alimranuae-buttons wd-pos-r-t\"><\/div>\n<\/div>\n<\/div>\n<\/div>\n<\/div>\n<\/div>\n<\/div>\n<div class=\"owl-item\">\n<div class=\"slide-product owl-carousel-item\">\n<div class=\"product-grid-item product product-no-swatches alimranuae-hover-base product-in-carousel type-product post-3497 status-publish first instock product_cat-maxron product_cat-r404a product_cat-refrigerant-gases has-post-thumbnail shipping-taxable product-type-simple add-small-content\" data-loop=\"8\" data-id=\"3497\">\n<div class=\"product-wrapper\">\n<div class=\"product-element-top\"><\/div>\n<\/div>\n<\/div>\n<\/div>\n<\/div>\n<\/div>\n<\/div>\n<\/div>\n<\/div>\n<\/div>\n<\/div>\n<\/div>\n<\/div>\n<\/div>\n<\/div>\n<\/div>\n<footer class=\"footer-container color-scheme-light\">\n<div class=\"container main-footer\">\n<aside class=\"footer-sidebar widget-area row\" role=\"complementary\">\n<div class=\"footer-column footer-column-2 col-12 col-sm-4\">\n<div id=\"text-16\" class=\"alimranuae-widget widget footer-widget widget_text\">\n<div class=\"textwidget\">\n<div id=\"wpcf7-f6-o1\" class=\"wpcf7 js\" dir=\"ltr\" lang=\"en-US\">\n<form class=\"wpcf7-form init\" action=\"https:\/\/www.alimranuae.com\/product\/r134a-refrigerant-maxron-china\/#wpcf7-f6-o1\" method=\"post\" novalidate=\"novalidate\" aria-label=\"Contact form\" data-status=\"init\">&nbsp;<\/p>\n<\/form>\n<\/div>\n<\/div>\n<\/div>\n<\/div>\n<\/aside>\n<\/div>\n<\/footer>\n","protected":false},"excerpt":{"rendered":"<p><img loading=\"lazy\" decoding=\"async\" class=\"alignnone wp-image-437 aligncenter\" src=\"http:\/\/refrigerant-wholesale.com\/wp-content\/uploads\/2024\/03\/Screenshot-69.png\" alt=\"\" width=\"207\" height=\"50\"><\/p>\n<h4 style=\"text-align: center;\"><img loading=\"lazy\" decoding=\"async\" class=\"gmail-crown\" src=\"https:\/\/www.cryptominerbros.com\/wp-content\/uploads\/2019\/12\/dollar-icon.png\" width=\"26\" height=\"27\">ASSURANCE COMMERCIALE<\/h4>\n<div class=\"gmail-textwidget gmail-custom-html-widget\">\n<h6 style=\"text-align: center;\">Exp\u00e9dition : Livraison dans le monde entier<\/h6>\n<h6 style=\"text-align: center;\">(Demande personnalis\u00e9e acceptable)<\/h6>\n<p style=\"text-align: center;\">100% VIRGIN Scell\u00e9 en usine GARANTIE<\/p>\n<p style=\"text-align: center;\"><a href=\"http:\/\/refrigerant-wholesale.com\/wp-content\/uploads\/2024\/07\/SDS-R134a.pdf\" target=\"_self\" class=\"button primary is-green is-small\"  >\n    <span>T\u00e9l\u00e9chargez la fiche technique sur la s\u00e9curit\u00e9<\/span>\n  <\/a>\n\n<\/div>\n","protected":false},"featured_media":1350,"comment_status":"open","ping_status":"closed","template":"","meta":[],"product_brand":[],"product_cat":[423,389],"product_tag":[],"class_list":{"0":"post-2193","1":"product","2":"type-product","3":"status-publish","4":"has-post-thumbnail","6":"product_cat-maxron-fr","7":"product_cat-r134a","9":"first","10":"instock","11":"shipping-taxable","12":"product-type-simple"},"yoast_head":"<!-- This site is optimized with the Yoast SEO Premium plugin v27.0 (Yoast SEO v27.3) - https:\/\/yoast.com\/product\/yoast-seo-premium-wordpress\/ -->\n<title>R134a - Gaz r\u00e9frig\u00e9rant MAXRON - Refrigerant Gas Wholesale<\/title>\n<meta name=\"robots\" content=\"index, follow, max-snippet:-1, max-image-preview:large, max-video-preview:-1\" \/>\n<link rel=\"canonical\" href=\"https:\/\/refrigerant-wholesale.com\/fr\/product\/r134a-gaz-refrigerant-maxron\/\" \/>\n<meta property=\"og:locale\" content=\"fr_FR\" \/>\n<meta property=\"og:type\" content=\"article\" \/>\n<meta property=\"og:title\" content=\"R134a - Gaz r\u00e9frig\u00e9rant MAXRON\" \/>\n<meta property=\"og:description\" content=\"ASSURANCE COMMERCIALE Exp\u00e9dition : Livraison dans le monde entier (Demande personnalis\u00e9e acceptable) 100% VIRGIN Scell\u00e9 en usine GARANTIE\" \/>\n<meta property=\"og:url\" content=\"https:\/\/refrigerant-wholesale.com\/fr\/product\/r134a-gaz-refrigerant-maxron\/\" \/>\n<meta property=\"og:site_name\" content=\"Refrigerant Gas Wholesale\" \/>\n<meta property=\"article:publisher\" content=\"https:\/\/www.facebook.com\/refrigerantwholesale\" \/>\n<meta property=\"article:modified_time\" content=\"2025-03-01T21:26:24+00:00\" \/>\n<meta property=\"og:image\" content=\"http:\/\/refrigerant-wholesale.com\/wp-content\/uploads\/2024\/03\/R134a-\u2013-MAXRON-Refrigerant-Gas.webp\" \/>\n\t<meta property=\"og:image:width\" content=\"850\" \/>\n\t<meta property=\"og:image:height\" content=\"850\" \/>\n\t<meta property=\"og:image:type\" content=\"image\/webp\" \/>\n<meta name=\"twitter:card\" content=\"summary_large_image\" \/>\n<meta name=\"twitter:label1\" content=\"Dur\u00e9e de lecture estim\u00e9e\" \/>\n\t<meta name=\"twitter:data1\" content=\"1 minute\" \/>\n<script type=\"application\/ld+json\" class=\"yoast-schema-graph\">{\"@context\":\"https:\\\/\\\/schema.org\",\"@graph\":[{\"@type\":\"WebPage\",\"@id\":\"https:\\\/\\\/refrigerant-wholesale.com\\\/fr\\\/product\\\/r134a-gaz-refrigerant-maxron\\\/\",\"url\":\"https:\\\/\\\/refrigerant-wholesale.com\\\/fr\\\/product\\\/r134a-gaz-refrigerant-maxron\\\/\",\"name\":\"R134a - Gaz r\u00e9frig\u00e9rant MAXRON - Refrigerant Gas Wholesale\",\"isPartOf\":{\"@id\":\"https:\\\/\\\/refrigerant-wholesale.com\\\/fr\\\/#website\"},\"primaryImageOfPage\":{\"@id\":\"https:\\\/\\\/refrigerant-wholesale.com\\\/fr\\\/product\\\/r134a-gaz-refrigerant-maxron\\\/#primaryimage\"},\"image\":{\"@id\":\"https:\\\/\\\/refrigerant-wholesale.com\\\/fr\\\/product\\\/r134a-gaz-refrigerant-maxron\\\/#primaryimage\"},\"thumbnailUrl\":\"https:\\\/\\\/refrigerant-wholesale.com\\\/wp-content\\\/uploads\\\/2024\\\/03\\\/R134a-\u2013-MAXRON-Refrigerant-Gas.webp\",\"datePublished\":\"2024-03-14T22:38:37+00:00\",\"dateModified\":\"2025-03-01T21:26:24+00:00\",\"breadcrumb\":{\"@id\":\"https:\\\/\\\/refrigerant-wholesale.com\\\/fr\\\/product\\\/r134a-gaz-refrigerant-maxron\\\/#breadcrumb\"},\"inLanguage\":\"fr-FR\",\"potentialAction\":[{\"@type\":\"ReadAction\",\"target\":[\"https:\\\/\\\/refrigerant-wholesale.com\\\/fr\\\/product\\\/r134a-gaz-refrigerant-maxron\\\/\"]}]},{\"@type\":\"ImageObject\",\"inLanguage\":\"fr-FR\",\"@id\":\"https:\\\/\\\/refrigerant-wholesale.com\\\/fr\\\/product\\\/r134a-gaz-refrigerant-maxron\\\/#primaryimage\",\"url\":\"https:\\\/\\\/refrigerant-wholesale.com\\\/wp-content\\\/uploads\\\/2024\\\/03\\\/R134a-\u2013-MAXRON-Refrigerant-Gas.webp\",\"contentUrl\":\"https:\\\/\\\/refrigerant-wholesale.com\\\/wp-content\\\/uploads\\\/2024\\\/03\\\/R134a-\u2013-MAXRON-Refrigerant-Gas.webp\",\"width\":850,\"height\":850,\"caption\":\"R134a Refrigerant Supplier, R134a Refrigerant, R134a, Refrigerant R134a, R 134a freon, Buy R134a refrigerant, R134a refrigerant for sale\"},{\"@type\":\"BreadcrumbList\",\"@id\":\"https:\\\/\\\/refrigerant-wholesale.com\\\/fr\\\/product\\\/r134a-gaz-refrigerant-maxron\\\/#breadcrumb\",\"itemListElement\":[{\"@type\":\"ListItem\",\"position\":1,\"name\":\"Home\",\"item\":\"https:\\\/\\\/refrigerant-wholesale.com\\\/fr\\\/\"},{\"@type\":\"ListItem\",\"position\":2,\"name\":\"Boutique\",\"item\":\"https:\\\/\\\/refrigerant-wholesale.com\\\/fr\\\/boutique\\\/\"},{\"@type\":\"ListItem\",\"position\":3,\"name\":\"R134a &#8211; Gaz r\u00e9frig\u00e9rant MAXRON\"}]},{\"@type\":\"WebSite\",\"@id\":\"https:\\\/\\\/refrigerant-wholesale.com\\\/fr\\\/#website\",\"url\":\"https:\\\/\\\/refrigerant-wholesale.com\\\/fr\\\/\",\"name\":\"Refrigerant Gas Wholesale\",\"description\":\"AC Gas supplier\",\"publisher\":{\"@id\":\"https:\\\/\\\/refrigerant-wholesale.com\\\/fr\\\/#organization\"},\"potentialAction\":[{\"@type\":\"SearchAction\",\"target\":{\"@type\":\"EntryPoint\",\"urlTemplate\":\"https:\\\/\\\/refrigerant-wholesale.com\\\/fr\\\/?s={search_term_string}\"},\"query-input\":{\"@type\":\"PropertyValueSpecification\",\"valueRequired\":true,\"valueName\":\"search_term_string\"}}],\"inLanguage\":\"fr-FR\"},{\"@type\":\"Organization\",\"@id\":\"https:\\\/\\\/refrigerant-wholesale.com\\\/fr\\\/#organization\",\"name\":\"Refrigerant Gas Wholesale\",\"url\":\"https:\\\/\\\/refrigerant-wholesale.com\\\/fr\\\/\",\"logo\":{\"@type\":\"ImageObject\",\"inLanguage\":\"fr-FR\",\"@id\":\"https:\\\/\\\/refrigerant-wholesale.com\\\/fr\\\/#\\\/schema\\\/logo\\\/image\\\/\",\"url\":\"http:\\\/\\\/refrigerant-wholesale.com\\\/wp-content\\\/uploads\\\/2024\\\/04\\\/refrigerant-logo.png\",\"contentUrl\":\"http:\\\/\\\/refrigerant-wholesale.com\\\/wp-content\\\/uploads\\\/2024\\\/04\\\/refrigerant-logo.png\",\"width\":400,\"height\":84,\"caption\":\"Refrigerant Gas Wholesale\"},\"image\":{\"@id\":\"https:\\\/\\\/refrigerant-wholesale.com\\\/fr\\\/#\\\/schema\\\/logo\\\/image\\\/\"},\"sameAs\":[\"https:\\\/\\\/www.facebook.com\\\/refrigerantwholesale\"]}]}<\/script>\n<!-- \/ Yoast SEO Premium plugin. -->","yoast_head_json":{"title":"R134a - Gaz r\u00e9frig\u00e9rant MAXRON - Refrigerant Gas Wholesale","robots":{"index":"index","follow":"follow","max-snippet":"max-snippet:-1","max-image-preview":"max-image-preview:large","max-video-preview":"max-video-preview:-1"},"canonical":"https:\/\/refrigerant-wholesale.com\/fr\/product\/r134a-gaz-refrigerant-maxron\/","og_locale":"fr_FR","og_type":"article","og_title":"R134a - Gaz r\u00e9frig\u00e9rant MAXRON","og_description":"ASSURANCE COMMERCIALE Exp\u00e9dition : Livraison dans le monde entier (Demande personnalis\u00e9e acceptable) 100% VIRGIN Scell\u00e9 en usine GARANTIE","og_url":"https:\/\/refrigerant-wholesale.com\/fr\/product\/r134a-gaz-refrigerant-maxron\/","og_site_name":"Refrigerant Gas Wholesale","article_publisher":"https:\/\/www.facebook.com\/refrigerantwholesale","article_modified_time":"2025-03-01T21:26:24+00:00","og_image":[{"width":850,"height":850,"url":"http:\/\/refrigerant-wholesale.com\/wp-content\/uploads\/2024\/03\/R134a-\u2013-MAXRON-Refrigerant-Gas.webp","type":"image\/webp"}],"twitter_card":"summary_large_image","twitter_misc":{"Dur\u00e9e de lecture estim\u00e9e":"1 minute"},"schema":{"@context":"https:\/\/schema.org","@graph":[{"@type":"WebPage","@id":"https:\/\/refrigerant-wholesale.com\/fr\/product\/r134a-gaz-refrigerant-maxron\/","url":"https:\/\/refrigerant-wholesale.com\/fr\/product\/r134a-gaz-refrigerant-maxron\/","name":"R134a - Gaz r\u00e9frig\u00e9rant MAXRON - Refrigerant Gas Wholesale","isPartOf":{"@id":"https:\/\/refrigerant-wholesale.com\/fr\/#website"},"primaryImageOfPage":{"@id":"https:\/\/refrigerant-wholesale.com\/fr\/product\/r134a-gaz-refrigerant-maxron\/#primaryimage"},"image":{"@id":"https:\/\/refrigerant-wholesale.com\/fr\/product\/r134a-gaz-refrigerant-maxron\/#primaryimage"},"thumbnailUrl":"https:\/\/refrigerant-wholesale.com\/wp-content\/uploads\/2024\/03\/R134a-\u2013-MAXRON-Refrigerant-Gas.webp","datePublished":"2024-03-14T22:38:37+00:00","dateModified":"2025-03-01T21:26:24+00:00","breadcrumb":{"@id":"https:\/\/refrigerant-wholesale.com\/fr\/product\/r134a-gaz-refrigerant-maxron\/#breadcrumb"},"inLanguage":"fr-FR","potentialAction":[{"@type":"ReadAction","target":["https:\/\/refrigerant-wholesale.com\/fr\/product\/r134a-gaz-refrigerant-maxron\/"]}]},{"@type":"ImageObject","inLanguage":"fr-FR","@id":"https:\/\/refrigerant-wholesale.com\/fr\/product\/r134a-gaz-refrigerant-maxron\/#primaryimage","url":"https:\/\/refrigerant-wholesale.com\/wp-content\/uploads\/2024\/03\/R134a-\u2013-MAXRON-Refrigerant-Gas.webp","contentUrl":"https:\/\/refrigerant-wholesale.com\/wp-content\/uploads\/2024\/03\/R134a-\u2013-MAXRON-Refrigerant-Gas.webp","width":850,"height":850,"caption":"R134a Refrigerant Supplier, R134a Refrigerant, R134a, Refrigerant R134a, R 134a freon, Buy R134a refrigerant, R134a refrigerant for sale"},{"@type":"BreadcrumbList","@id":"https:\/\/refrigerant-wholesale.com\/fr\/product\/r134a-gaz-refrigerant-maxron\/#breadcrumb","itemListElement":[{"@type":"ListItem","position":1,"name":"Home","item":"https:\/\/refrigerant-wholesale.com\/fr\/"},{"@type":"ListItem","position":2,"name":"Boutique","item":"https:\/\/refrigerant-wholesale.com\/fr\/boutique\/"},{"@type":"ListItem","position":3,"name":"R134a &#8211; Gaz r\u00e9frig\u00e9rant MAXRON"}]},{"@type":"WebSite","@id":"https:\/\/refrigerant-wholesale.com\/fr\/#website","url":"https:\/\/refrigerant-wholesale.com\/fr\/","name":"Refrigerant Gas Wholesale","description":"AC Gas supplier","publisher":{"@id":"https:\/\/refrigerant-wholesale.com\/fr\/#organization"},"potentialAction":[{"@type":"SearchAction","target":{"@type":"EntryPoint","urlTemplate":"https:\/\/refrigerant-wholesale.com\/fr\/?s={search_term_string}"},"query-input":{"@type":"PropertyValueSpecification","valueRequired":true,"valueName":"search_term_string"}}],"inLanguage":"fr-FR"},{"@type":"Organization","@id":"https:\/\/refrigerant-wholesale.com\/fr\/#organization","name":"Refrigerant Gas Wholesale","url":"https:\/\/refrigerant-wholesale.com\/fr\/","logo":{"@type":"ImageObject","inLanguage":"fr-FR","@id":"https:\/\/refrigerant-wholesale.com\/fr\/#\/schema\/logo\/image\/","url":"http:\/\/refrigerant-wholesale.com\/wp-content\/uploads\/2024\/04\/refrigerant-logo.png","contentUrl":"http:\/\/refrigerant-wholesale.com\/wp-content\/uploads\/2024\/04\/refrigerant-logo.png","width":400,"height":84,"caption":"Refrigerant Gas Wholesale"},"image":{"@id":"https:\/\/refrigerant-wholesale.com\/fr\/#\/schema\/logo\/image\/"},"sameAs":["https:\/\/www.facebook.com\/refrigerantwholesale"]}]}},"_links":{"self":[{"href":"https:\/\/refrigerant-wholesale.com\/fr\/wp-json\/wp\/v2\/product\/2193","targetHints":{"allow":["GET"]}}],"collection":[{"href":"https:\/\/refrigerant-wholesale.com\/fr\/wp-json\/wp\/v2\/product"}],"about":[{"href":"https:\/\/refrigerant-wholesale.com\/fr\/wp-json\/wp\/v2\/types\/product"}],"replies":[{"embeddable":true,"href":"https:\/\/refrigerant-wholesale.com\/fr\/wp-json\/wp\/v2\/comments?post=2193"}],"wp:featuredmedia":[{"embeddable":true,"href":"https:\/\/refrigerant-wholesale.com\/fr\/wp-json\/wp\/v2\/media\/1350"}],"wp:attachment":[{"href":"https:\/\/refrigerant-wholesale.com\/fr\/wp-json\/wp\/v2\/media?parent=2193"}],"wp:term":[{"taxonomy":"product_brand","embeddable":true,"href":"https:\/\/refrigerant-wholesale.com\/fr\/wp-json\/wp\/v2\/product_brand?post=2193"},{"taxonomy":"product_cat","embeddable":true,"href":"https:\/\/refrigerant-wholesale.com\/fr\/wp-json\/wp\/v2\/product_cat?post=2193"},{"taxonomy":"product_tag","embeddable":true,"href":"https:\/\/refrigerant-wholesale.com\/fr\/wp-json\/wp\/v2\/product_tag?post=2193"}],"curies":[{"name":"wp","href":"https:\/\/api.w.org\/{rel}","templated":true}]}}