{"id":2173,"date":"2024-03-11T17:28:23","date_gmt":"2024-03-11T17:28:23","guid":{"rendered":"https:\/\/refrigerant-wholesale.com\/product\/r417a-ametron-refrigerants-cooling-expert\/"},"modified":"2025-03-01T21:26:08","modified_gmt":"2025-03-01T21:26:08","slug":"r417a-ametron-refrigerants-cooling-expert","status":"publish","type":"product","link":"https:\/\/refrigerant-wholesale.com\/fr\/product\/r417a-ametron-refrigerants-cooling-expert\/","title":{"rendered":"R417A Ametron Refrigerants\u00ae &#8211; Cooling Expert"},"content":{"rendered":"<p>Le r\u00e9frig\u00e9rant Ametron\u00ae <sup>Refrigerants\u00ae <\/sup> R-417A est un hydrofluorocarbure (HFC) qui remplace le R-22 dans les syst\u00e8mes de climatisation stationnaires \u00e0 d\u00e9tente directe (DX) et les syst\u00e8mes de r\u00e9frig\u00e9ration commerciale \u00e0 moyenne temp\u00e9rature. Le r\u00e9frig\u00e9rant <sup>Ametron\u00ae <\/sup> R-417A \u00e9tant compatible avec les huiles min\u00e9rales (MO), alkylbenz\u00e8ne (AB) et polyolester (POE), la plupart des r\u00e9novations ne n\u00e9cessitent pas de changement de lubrifiant. Par cons\u00e9quent, la modernisation des syst\u00e8mes de climatisation stationnaires DX et des syst\u00e8mes de r\u00e9frig\u00e9ration commerciale \u00e0 moyenne temp\u00e9rature \u00e0 partir du R-22 demande beaucoup moins de temps et d&rsquo;investissement.  <\/p>\n<p>Les applications des fluides frigorig\u00e8nes <sup>FAmetron\u00ae <\/sup> R-417A comprennent les syst\u00e8mes de climatisation r\u00e9sidentiels et commerciaux et les unit\u00e9s de r\u00e9frig\u00e9ration \u00e0 moyenne temp\u00e9rature, comme les services alimentaires, le stockage et la transformation, et les caisses de supermarch\u00e9s.<\/p>\n<div class=\"woocommerce-product-details__short-description\">\n<p><strong>Propri\u00e9t\u00e9s physiques et chimiques<\/strong><\/p>\n<table width=\"936\">\n<tbody>\n<tr>\n<td width=\"496\">Nom chimique<\/td>\n<td width=\"440\">1,1,1-Trifluoro\u00e9thane (R143a)<\/td>\n<\/tr>\n<tr>\n<td width=\"496\">\u00c9TAT PHYSIQUE<\/td>\n<td width=\"440\">Gaz \u00e0 temp\u00e9rature ambiante<\/td>\n<\/tr>\n<tr>\n<td width=\"496\">Aspect<\/td>\n<td width=\"440\">Liquide volatil avec une faible odeur sucr\u00e9e<\/td>\n<\/tr>\n<tr>\n<td width=\"496\">Odeur<\/td>\n<td width=\"440\">Faible odeur \u00e9th\u00e9r\u00e9e<\/td>\n<\/tr>\n<tr>\n<td width=\"496\">Poids mol\u00e9culaire moyen (g\/mol)<\/td>\n<td width=\"440\">inconnue<\/td>\n<\/tr>\n<tr>\n<td width=\"496\">Point d&rsquo;\u00e9bullition normal (NBP) (\u00b0F)<\/td>\n<td width=\"440\">-39.1\u00b0C<\/td>\n<\/tr>\n<tr>\n<td width=\"496\">POINT DE CONG\u00c9LATION<\/td>\n<td width=\"440\">Non d\u00e9termin\u00e9<\/td>\n<\/tr>\n<tr>\n<td width=\"496\">pH<\/td>\n<td width=\"440\">neutre<\/td>\n<\/tr>\n<tr>\n<td width=\"496\">GRAVIT\u00c9 SP\u00c9CIFIQUE (eau = 1,0)<\/td>\n<td width=\"440\">1.21<\/td>\n<\/tr>\n<tr>\n<td width=\"496\">SOLUBILIT\u00c9 DANS L&rsquo;EAU (% en poids)<\/td>\n<td width=\"440\">inconnue<\/td>\n<\/tr>\n<tr>\n<td width=\"496\">DENSIT\u00c9 DE VAPEUR (air = 1,0)<\/td>\n<td width=\"440\">2.3<\/td>\n<\/tr>\n<tr>\n<td width=\"496\">Potentiel d&rsquo;appauvrissement de la couche d&rsquo;ozone (PACO) (CFC 11 = 1,0)<\/td>\n<td width=\"440\">0<\/td>\n<\/tr>\n<\/tbody>\n<\/table>\n<\/div>\n","protected":false},"excerpt":{"rendered":"<p><img loading=\"lazy\" decoding=\"async\" class=\"alignnone wp-image-437 aligncenter\" src=\"http:\/\/refrigerant-wholesale.com\/wp-content\/uploads\/2024\/03\/Screenshot-69.png\" alt=\"\" width=\"207\" height=\"50\"><\/p>\n<h4 style=\"text-align: center;\"><img loading=\"lazy\" decoding=\"async\" class=\"gmail-crown\" src=\"https:\/\/www.cryptominerbros.com\/wp-content\/uploads\/2019\/12\/dollar-icon.png\" width=\"26\" height=\"27\">ASSURANCE COMMERCIALE<\/h4>\n<div class=\"gmail-textwidget gmail-custom-html-widget\">\n<h6 style=\"text-align: center;\">Exp\u00e9dition : Livraison dans le monde entier<\/h6>\n<h6 style=\"text-align: center;\">(Demande personnalis\u00e9e acceptable)<\/h6>\n<\/div>\n","protected":false},"featured_media":1299,"comment_status":"open","ping_status":"closed","template":"","meta":[],"product_brand":[],"product_cat":[269],"product_tag":[],"class_list":{"0":"post-2173","1":"product","2":"type-product","3":"status-publish","4":"has-post-thumbnail","6":"product_cat-non-categorise","8":"first","9":"instock","10":"shipping-taxable","11":"product-type-simple"},"yoast_head":"<!-- This site is optimized with the Yoast SEO Premium plugin v27.0 (Yoast SEO v27.3) - https:\/\/yoast.com\/product\/yoast-seo-premium-wordpress\/ -->\n<title>R417A Ametron Refrigerants\u00ae - Cooling Expert - Refrigerant Gas Wholesale<\/title>\n<meta name=\"robots\" content=\"index, follow, max-snippet:-1, max-image-preview:large, max-video-preview:-1\" \/>\n<link rel=\"canonical\" href=\"https:\/\/refrigerant-wholesale.com\/fr\/product\/r417a-ametron-refrigerants-cooling-expert\/\" \/>\n<meta property=\"og:locale\" content=\"fr_FR\" \/>\n<meta property=\"og:type\" content=\"article\" \/>\n<meta property=\"og:title\" content=\"R417A Ametron Refrigerants\u00ae - Cooling Expert\" \/>\n<meta property=\"og:description\" content=\"ASSURANCE COMMERCIALE Exp\u00e9dition : Livraison dans le monde entier (Demande personnalis\u00e9e acceptable)\" \/>\n<meta property=\"og:url\" content=\"https:\/\/refrigerant-wholesale.com\/fr\/product\/r417a-ametron-refrigerants-cooling-expert\/\" \/>\n<meta property=\"og:site_name\" content=\"Refrigerant Gas Wholesale\" \/>\n<meta property=\"article:publisher\" content=\"https:\/\/www.facebook.com\/refrigerantwholesale\" \/>\n<meta property=\"article:modified_time\" content=\"2025-03-01T21:26:08+00:00\" \/>\n<meta property=\"og:image\" content=\"http:\/\/refrigerant-wholesale.com\/wp-content\/uploads\/2024\/03\/R417A-Ametron-Refrigerants\u00ae-Cooling-Expert.webp\" \/>\n\t<meta property=\"og:image:width\" content=\"1000\" \/>\n\t<meta property=\"og:image:height\" content=\"1000\" \/>\n\t<meta property=\"og:image:type\" content=\"image\/webp\" \/>\n<meta name=\"twitter:card\" content=\"summary_large_image\" \/>\n<meta name=\"twitter:label1\" content=\"Dur\u00e9e de lecture estim\u00e9e\" \/>\n\t<meta name=\"twitter:data1\" content=\"1 minute\" \/>\n<script type=\"application\/ld+json\" class=\"yoast-schema-graph\">{\"@context\":\"https:\\\/\\\/schema.org\",\"@graph\":[{\"@type\":\"WebPage\",\"@id\":\"https:\\\/\\\/refrigerant-wholesale.com\\\/fr\\\/product\\\/r417a-ametron-refrigerants-cooling-expert\\\/\",\"url\":\"https:\\\/\\\/refrigerant-wholesale.com\\\/fr\\\/product\\\/r417a-ametron-refrigerants-cooling-expert\\\/\",\"name\":\"R417A Ametron Refrigerants\u00ae - Cooling Expert - Refrigerant Gas Wholesale\",\"isPartOf\":{\"@id\":\"https:\\\/\\\/refrigerant-wholesale.com\\\/fr\\\/#website\"},\"primaryImageOfPage\":{\"@id\":\"https:\\\/\\\/refrigerant-wholesale.com\\\/fr\\\/product\\\/r417a-ametron-refrigerants-cooling-expert\\\/#primaryimage\"},\"image\":{\"@id\":\"https:\\\/\\\/refrigerant-wholesale.com\\\/fr\\\/product\\\/r417a-ametron-refrigerants-cooling-expert\\\/#primaryimage\"},\"thumbnailUrl\":\"https:\\\/\\\/refrigerant-wholesale.com\\\/wp-content\\\/uploads\\\/2024\\\/03\\\/R417A-Ametron-Refrigerants\u00ae-Cooling-Expert.webp\",\"datePublished\":\"2024-03-11T17:28:23+00:00\",\"dateModified\":\"2025-03-01T21:26:08+00:00\",\"breadcrumb\":{\"@id\":\"https:\\\/\\\/refrigerant-wholesale.com\\\/fr\\\/product\\\/r417a-ametron-refrigerants-cooling-expert\\\/#breadcrumb\"},\"inLanguage\":\"fr-FR\",\"potentialAction\":[{\"@type\":\"ReadAction\",\"target\":[\"https:\\\/\\\/refrigerant-wholesale.com\\\/fr\\\/product\\\/r417a-ametron-refrigerants-cooling-expert\\\/\"]}]},{\"@type\":\"ImageObject\",\"inLanguage\":\"fr-FR\",\"@id\":\"https:\\\/\\\/refrigerant-wholesale.com\\\/fr\\\/product\\\/r417a-ametron-refrigerants-cooling-expert\\\/#primaryimage\",\"url\":\"https:\\\/\\\/refrigerant-wholesale.com\\\/wp-content\\\/uploads\\\/2024\\\/03\\\/R417A-Ametron-Refrigerants\u00ae-Cooling-Expert.webp\",\"contentUrl\":\"https:\\\/\\\/refrigerant-wholesale.com\\\/wp-content\\\/uploads\\\/2024\\\/03\\\/R417A-Ametron-Refrigerants\u00ae-Cooling-Expert.webp\",\"width\":1000,\"height\":1000,\"caption\":\"R417a Refrigerant Supplier, R417a Refrigerant, R417a Refrigerant R417a, R 417a freon, Buy R417crefrigerant, R417a refrigerant for sale\"},{\"@type\":\"BreadcrumbList\",\"@id\":\"https:\\\/\\\/refrigerant-wholesale.com\\\/fr\\\/product\\\/r417a-ametron-refrigerants-cooling-expert\\\/#breadcrumb\",\"itemListElement\":[{\"@type\":\"ListItem\",\"position\":1,\"name\":\"Home\",\"item\":\"https:\\\/\\\/refrigerant-wholesale.com\\\/fr\\\/\"},{\"@type\":\"ListItem\",\"position\":2,\"name\":\"Boutique\",\"item\":\"https:\\\/\\\/refrigerant-wholesale.com\\\/fr\\\/boutique\\\/\"},{\"@type\":\"ListItem\",\"position\":3,\"name\":\"R417A Ametron Refrigerants\u00ae &#8211; Cooling Expert\"}]},{\"@type\":\"WebSite\",\"@id\":\"https:\\\/\\\/refrigerant-wholesale.com\\\/fr\\\/#website\",\"url\":\"https:\\\/\\\/refrigerant-wholesale.com\\\/fr\\\/\",\"name\":\"Refrigerant Gas Wholesale\",\"description\":\"AC Gas supplier\",\"publisher\":{\"@id\":\"https:\\\/\\\/refrigerant-wholesale.com\\\/fr\\\/#organization\"},\"potentialAction\":[{\"@type\":\"SearchAction\",\"target\":{\"@type\":\"EntryPoint\",\"urlTemplate\":\"https:\\\/\\\/refrigerant-wholesale.com\\\/fr\\\/?s={search_term_string}\"},\"query-input\":{\"@type\":\"PropertyValueSpecification\",\"valueRequired\":true,\"valueName\":\"search_term_string\"}}],\"inLanguage\":\"fr-FR\"},{\"@type\":\"Organization\",\"@id\":\"https:\\\/\\\/refrigerant-wholesale.com\\\/fr\\\/#organization\",\"name\":\"Refrigerant Gas Wholesale\",\"url\":\"https:\\\/\\\/refrigerant-wholesale.com\\\/fr\\\/\",\"logo\":{\"@type\":\"ImageObject\",\"inLanguage\":\"fr-FR\",\"@id\":\"https:\\\/\\\/refrigerant-wholesale.com\\\/fr\\\/#\\\/schema\\\/logo\\\/image\\\/\",\"url\":\"http:\\\/\\\/refrigerant-wholesale.com\\\/wp-content\\\/uploads\\\/2024\\\/04\\\/refrigerant-logo.png\",\"contentUrl\":\"http:\\\/\\\/refrigerant-wholesale.com\\\/wp-content\\\/uploads\\\/2024\\\/04\\\/refrigerant-logo.png\",\"width\":400,\"height\":84,\"caption\":\"Refrigerant Gas Wholesale\"},\"image\":{\"@id\":\"https:\\\/\\\/refrigerant-wholesale.com\\\/fr\\\/#\\\/schema\\\/logo\\\/image\\\/\"},\"sameAs\":[\"https:\\\/\\\/www.facebook.com\\\/refrigerantwholesale\"]}]}<\/script>\n<!-- \/ Yoast SEO Premium plugin. -->","yoast_head_json":{"title":"R417A Ametron Refrigerants\u00ae - Cooling Expert - Refrigerant Gas Wholesale","robots":{"index":"index","follow":"follow","max-snippet":"max-snippet:-1","max-image-preview":"max-image-preview:large","max-video-preview":"max-video-preview:-1"},"canonical":"https:\/\/refrigerant-wholesale.com\/fr\/product\/r417a-ametron-refrigerants-cooling-expert\/","og_locale":"fr_FR","og_type":"article","og_title":"R417A Ametron Refrigerants\u00ae - Cooling Expert","og_description":"ASSURANCE COMMERCIALE Exp\u00e9dition : Livraison dans le monde entier (Demande personnalis\u00e9e acceptable)","og_url":"https:\/\/refrigerant-wholesale.com\/fr\/product\/r417a-ametron-refrigerants-cooling-expert\/","og_site_name":"Refrigerant Gas Wholesale","article_publisher":"https:\/\/www.facebook.com\/refrigerantwholesale","article_modified_time":"2025-03-01T21:26:08+00:00","og_image":[{"width":1000,"height":1000,"url":"http:\/\/refrigerant-wholesale.com\/wp-content\/uploads\/2024\/03\/R417A-Ametron-Refrigerants\u00ae-Cooling-Expert.webp","type":"image\/webp"}],"twitter_card":"summary_large_image","twitter_misc":{"Dur\u00e9e de lecture estim\u00e9e":"1 minute"},"schema":{"@context":"https:\/\/schema.org","@graph":[{"@type":"WebPage","@id":"https:\/\/refrigerant-wholesale.com\/fr\/product\/r417a-ametron-refrigerants-cooling-expert\/","url":"https:\/\/refrigerant-wholesale.com\/fr\/product\/r417a-ametron-refrigerants-cooling-expert\/","name":"R417A Ametron Refrigerants\u00ae - Cooling Expert - Refrigerant Gas Wholesale","isPartOf":{"@id":"https:\/\/refrigerant-wholesale.com\/fr\/#website"},"primaryImageOfPage":{"@id":"https:\/\/refrigerant-wholesale.com\/fr\/product\/r417a-ametron-refrigerants-cooling-expert\/#primaryimage"},"image":{"@id":"https:\/\/refrigerant-wholesale.com\/fr\/product\/r417a-ametron-refrigerants-cooling-expert\/#primaryimage"},"thumbnailUrl":"https:\/\/refrigerant-wholesale.com\/wp-content\/uploads\/2024\/03\/R417A-Ametron-Refrigerants\u00ae-Cooling-Expert.webp","datePublished":"2024-03-11T17:28:23+00:00","dateModified":"2025-03-01T21:26:08+00:00","breadcrumb":{"@id":"https:\/\/refrigerant-wholesale.com\/fr\/product\/r417a-ametron-refrigerants-cooling-expert\/#breadcrumb"},"inLanguage":"fr-FR","potentialAction":[{"@type":"ReadAction","target":["https:\/\/refrigerant-wholesale.com\/fr\/product\/r417a-ametron-refrigerants-cooling-expert\/"]}]},{"@type":"ImageObject","inLanguage":"fr-FR","@id":"https:\/\/refrigerant-wholesale.com\/fr\/product\/r417a-ametron-refrigerants-cooling-expert\/#primaryimage","url":"https:\/\/refrigerant-wholesale.com\/wp-content\/uploads\/2024\/03\/R417A-Ametron-Refrigerants\u00ae-Cooling-Expert.webp","contentUrl":"https:\/\/refrigerant-wholesale.com\/wp-content\/uploads\/2024\/03\/R417A-Ametron-Refrigerants\u00ae-Cooling-Expert.webp","width":1000,"height":1000,"caption":"R417a Refrigerant Supplier, R417a Refrigerant, R417a Refrigerant R417a, R 417a freon, Buy R417crefrigerant, R417a refrigerant for sale"},{"@type":"BreadcrumbList","@id":"https:\/\/refrigerant-wholesale.com\/fr\/product\/r417a-ametron-refrigerants-cooling-expert\/#breadcrumb","itemListElement":[{"@type":"ListItem","position":1,"name":"Home","item":"https:\/\/refrigerant-wholesale.com\/fr\/"},{"@type":"ListItem","position":2,"name":"Boutique","item":"https:\/\/refrigerant-wholesale.com\/fr\/boutique\/"},{"@type":"ListItem","position":3,"name":"R417A Ametron Refrigerants\u00ae &#8211; Cooling Expert"}]},{"@type":"WebSite","@id":"https:\/\/refrigerant-wholesale.com\/fr\/#website","url":"https:\/\/refrigerant-wholesale.com\/fr\/","name":"Refrigerant Gas Wholesale","description":"AC Gas supplier","publisher":{"@id":"https:\/\/refrigerant-wholesale.com\/fr\/#organization"},"potentialAction":[{"@type":"SearchAction","target":{"@type":"EntryPoint","urlTemplate":"https:\/\/refrigerant-wholesale.com\/fr\/?s={search_term_string}"},"query-input":{"@type":"PropertyValueSpecification","valueRequired":true,"valueName":"search_term_string"}}],"inLanguage":"fr-FR"},{"@type":"Organization","@id":"https:\/\/refrigerant-wholesale.com\/fr\/#organization","name":"Refrigerant Gas Wholesale","url":"https:\/\/refrigerant-wholesale.com\/fr\/","logo":{"@type":"ImageObject","inLanguage":"fr-FR","@id":"https:\/\/refrigerant-wholesale.com\/fr\/#\/schema\/logo\/image\/","url":"http:\/\/refrigerant-wholesale.com\/wp-content\/uploads\/2024\/04\/refrigerant-logo.png","contentUrl":"http:\/\/refrigerant-wholesale.com\/wp-content\/uploads\/2024\/04\/refrigerant-logo.png","width":400,"height":84,"caption":"Refrigerant Gas Wholesale"},"image":{"@id":"https:\/\/refrigerant-wholesale.com\/fr\/#\/schema\/logo\/image\/"},"sameAs":["https:\/\/www.facebook.com\/refrigerantwholesale"]}]}},"_links":{"self":[{"href":"https:\/\/refrigerant-wholesale.com\/fr\/wp-json\/wp\/v2\/product\/2173","targetHints":{"allow":["GET"]}}],"collection":[{"href":"https:\/\/refrigerant-wholesale.com\/fr\/wp-json\/wp\/v2\/product"}],"about":[{"href":"https:\/\/refrigerant-wholesale.com\/fr\/wp-json\/wp\/v2\/types\/product"}],"replies":[{"embeddable":true,"href":"https:\/\/refrigerant-wholesale.com\/fr\/wp-json\/wp\/v2\/comments?post=2173"}],"wp:featuredmedia":[{"embeddable":true,"href":"https:\/\/refrigerant-wholesale.com\/fr\/wp-json\/wp\/v2\/media\/1299"}],"wp:attachment":[{"href":"https:\/\/refrigerant-wholesale.com\/fr\/wp-json\/wp\/v2\/media?parent=2173"}],"wp:term":[{"taxonomy":"product_brand","embeddable":true,"href":"https:\/\/refrigerant-wholesale.com\/fr\/wp-json\/wp\/v2\/product_brand?post=2173"},{"taxonomy":"product_cat","embeddable":true,"href":"https:\/\/refrigerant-wholesale.com\/fr\/wp-json\/wp\/v2\/product_cat?post=2173"},{"taxonomy":"product_tag","embeddable":true,"href":"https:\/\/refrigerant-wholesale.com\/fr\/wp-json\/wp\/v2\/product_tag?post=2173"}],"curies":[{"name":"wp","href":"https:\/\/api.w.org\/{rel}","templated":true}]}}