{"id":2170,"date":"2024-03-11T17:15:57","date_gmt":"2024-03-11T17:15:57","guid":{"rendered":"https:\/\/refrigerant-wholesale.com\/product\/r404a-ametron-refrigerants-cooling-expert\/"},"modified":"2025-03-01T21:26:06","modified_gmt":"2025-03-01T21:26:06","slug":"r404a-ametron-refrigerants-cooling-expert","status":"publish","type":"product","link":"https:\/\/refrigerant-wholesale.com\/fr\/product\/r404a-ametron-refrigerants-cooling-expert\/","title":{"rendered":"R404A Ametron Refrigerants\u00ae &#8211; Cooling Expert"},"content":{"rendered":"<p>Ametron Refrigerants\u00ae R404A (HFC-404A) est un compos\u00e9 qui n&rsquo;appauvrit pas la couche d&rsquo;ozone et qui est con\u00e7u pour remplacer \u00e0 long terme le R502 (CFC-502) et le R22 (HCFC-22) dans les applications de r\u00e9frig\u00e9ration commerciale \u00e0 basse et moyenne temp\u00e9rature. Les applications pour lesquelles Ametron Refrigerants\u00ae R404A est un r\u00e9frig\u00e9rant de rattrapage appropri\u00e9 comprennent les cong\u00e9lateurs de supermarch\u00e9s, les glaci\u00e8res, les vitrines, la r\u00e9frig\u00e9ration de transport et les machines \u00e0 gla\u00e7ons. <\/p>\n<p>Le fluide frigorig\u00e8ne Ametron Refrigerants\u00ae R404A a \u00e9t\u00e9 con\u00e7u pour remplacer le fluide frigorig\u00e8ne R502, mais il ne s&rsquo;agit pas d&rsquo;un remplacement direct. Les huiles min\u00e9rales et les lubrifiants \u00e0 base d&rsquo;alkylbenz\u00e8ne, traditionnellement utilis\u00e9s avec les fluides frigorig\u00e8nes 502, ne sont pas miscibles avec les fluides frigorig\u00e8nes Ametron Refrigerants\u00ae R404A. Les techniciens de maintenance doivent consulter le fabricant de l&rsquo;\u00e9quipement d&rsquo;origine pour conna\u00eetre les lubrifiants recommand\u00e9s.  <\/p>\n<p>Ametron Refrigerants\u00ae R404A est un m\u00e9lange. C&rsquo;est pourquoi il est essentiel que les syst\u00e8mes soient charg\u00e9s uniquement avec du liquide provenant de la bouteille, et non avec de la vapeur. Le chargement \u00e0 la vapeur de l&rsquo;Ametron Refrigerants\u00ae R404A peut entra\u00eener une composition erron\u00e9e du r\u00e9frig\u00e9rant et endommager le syst\u00e8me.  <\/p>\n<div class=\"woocommerce-product-details__short-description\">\n<p><strong>Propri\u00e9t\u00e9s physiques et chimiques<\/strong><\/p>\n<table>\n<tbody>\n<tr>\n<td class=\"tditemlist\" height=\"46px !important\">Nom chimique<\/td>\n<td class=\"tditemlist\">Pentafluoro\u00e9thane,<br \/>\n1,1,1-Trifluoro\u00e9thane<\/td>\n<\/tr>\n<tr>\n<td class=\"tditemlist\" height=\"26px !important\">Formule chimique<\/td>\n<td class=\"tditemlist\"><sub>CH2FCF3<\/sub><\/td>\n<\/tr>\n<tr>\n<td class=\"tditemlist\">Poids mol\u00e9culaire<\/td>\n<td class=\"tditemlist\">102,02 g\/mol<\/td>\n<\/tr>\n<tr>\n<td class=\"tditemlist\">Formulaire<\/td>\n<td class=\"tditemlist\">Gaz liqu\u00e9fi\u00e9s<\/td>\n<\/tr>\n<tr>\n<td class=\"tditemlist\">Couleur<\/td>\n<td class=\"tditemlist\">Incolore<\/td>\n<\/tr>\n<tr>\n<td class=\"tditemlist\">Point de fusion<\/td>\n<td class=\"tditemlist\">-101 \u00b0C (-150 \u00b0F)<\/td>\n<\/tr>\n<tr>\n<td class=\"tditemlist\">Point d&rsquo;\u00e9bullition \u00e0 1.013<\/td>\n<td class=\"tditemlist\">-26,2 \u00b0C (-15,1 \u00b0F)<\/td>\n<\/tr>\n<tr>\n<td class=\"tditemlist\">Pression de vapeur<\/td>\n<td class=\"tditemlist\">5 915 hPa \u00e0 21,1 \u00b0C (70,0 \u00b0F)<\/td>\n<\/tr>\n<\/tbody>\n<\/table>\n<\/div>\n<div class=\"product_meta\"><\/div>\n","protected":false},"excerpt":{"rendered":"<p><img loading=\"lazy\" decoding=\"async\" class=\"alignnone wp-image-437 aligncenter\" src=\"http:\/\/refrigerant-wholesale.com\/wp-content\/uploads\/2024\/03\/Screenshot-69.png\" alt=\"\" width=\"207\" height=\"50\"><\/p>\n<h4 style=\"text-align: center;\"><img loading=\"lazy\" decoding=\"async\" class=\"gmail-crown\" src=\"https:\/\/www.cryptominerbros.com\/wp-content\/uploads\/2019\/12\/dollar-icon.png\" width=\"26\" height=\"27\">ASSURANCE COMMERCIALE<\/h4>\n<div class=\"gmail-textwidget gmail-custom-html-widget\">\n<h6 style=\"text-align: center;\">Exp\u00e9dition : Livraison dans le monde entier<\/h6>\n<h6 style=\"text-align: center;\">(Demande personnalis\u00e9e acceptable)<\/h6>\n<\/div>\n","protected":false},"featured_media":1293,"comment_status":"open","ping_status":"closed","template":"","meta":[],"product_brand":[],"product_cat":[417,412],"product_tag":[],"class_list":{"0":"post-2170","1":"product","2":"type-product","3":"status-publish","4":"has-post-thumbnail","6":"product_cat-ametron-fr","7":"product_cat-r404a-fr","9":"first","10":"instock","11":"featured","12":"shipping-taxable","13":"product-type-simple"},"yoast_head":"<!-- This site is optimized with the Yoast SEO Premium plugin v27.0 (Yoast SEO v27.3) - https:\/\/yoast.com\/product\/yoast-seo-premium-wordpress\/ -->\n<title>R404A Ametron Refrigerants\u00ae - Cooling Expert - Refrigerant Gas Wholesale<\/title>\n<meta name=\"robots\" content=\"index, follow, max-snippet:-1, max-image-preview:large, max-video-preview:-1\" \/>\n<link rel=\"canonical\" href=\"https:\/\/refrigerant-wholesale.com\/fr\/product\/r404a-ametron-refrigerants-cooling-expert\/\" \/>\n<meta property=\"og:locale\" content=\"fr_FR\" \/>\n<meta property=\"og:type\" content=\"article\" \/>\n<meta property=\"og:title\" content=\"R404A Ametron Refrigerants\u00ae - Cooling Expert\" \/>\n<meta property=\"og:description\" content=\"ASSURANCE COMMERCIALE Exp\u00e9dition : Livraison dans le monde entier (Demande personnalis\u00e9e acceptable)\" \/>\n<meta property=\"og:url\" content=\"https:\/\/refrigerant-wholesale.com\/fr\/product\/r404a-ametron-refrigerants-cooling-expert\/\" \/>\n<meta property=\"og:site_name\" content=\"Refrigerant Gas Wholesale\" \/>\n<meta property=\"article:publisher\" content=\"https:\/\/www.facebook.com\/refrigerantwholesale\" \/>\n<meta property=\"article:modified_time\" content=\"2025-03-01T21:26:06+00:00\" \/>\n<meta property=\"og:image\" content=\"http:\/\/refrigerant-wholesale.com\/wp-content\/uploads\/2024\/03\/R404A-Ametron-Refrigerants\u00ae-Cooling-Expert.webp\" \/>\n\t<meta property=\"og:image:width\" content=\"1000\" \/>\n\t<meta property=\"og:image:height\" content=\"1000\" \/>\n\t<meta property=\"og:image:type\" content=\"image\/webp\" \/>\n<meta name=\"twitter:card\" content=\"summary_large_image\" \/>\n<meta name=\"twitter:label1\" content=\"Dur\u00e9e de lecture estim\u00e9e\" \/>\n\t<meta name=\"twitter:data1\" content=\"1 minute\" \/>\n<script type=\"application\/ld+json\" class=\"yoast-schema-graph\">{\"@context\":\"https:\\\/\\\/schema.org\",\"@graph\":[{\"@type\":\"WebPage\",\"@id\":\"https:\\\/\\\/refrigerant-wholesale.com\\\/fr\\\/product\\\/r404a-ametron-refrigerants-cooling-expert\\\/\",\"url\":\"https:\\\/\\\/refrigerant-wholesale.com\\\/fr\\\/product\\\/r404a-ametron-refrigerants-cooling-expert\\\/\",\"name\":\"R404A Ametron Refrigerants\u00ae - Cooling Expert - Refrigerant Gas Wholesale\",\"isPartOf\":{\"@id\":\"https:\\\/\\\/refrigerant-wholesale.com\\\/fr\\\/#website\"},\"primaryImageOfPage\":{\"@id\":\"https:\\\/\\\/refrigerant-wholesale.com\\\/fr\\\/product\\\/r404a-ametron-refrigerants-cooling-expert\\\/#primaryimage\"},\"image\":{\"@id\":\"https:\\\/\\\/refrigerant-wholesale.com\\\/fr\\\/product\\\/r404a-ametron-refrigerants-cooling-expert\\\/#primaryimage\"},\"thumbnailUrl\":\"https:\\\/\\\/refrigerant-wholesale.com\\\/wp-content\\\/uploads\\\/2024\\\/03\\\/R404A-Ametron-Refrigerants\u00ae-Cooling-Expert.webp\",\"datePublished\":\"2024-03-11T17:15:57+00:00\",\"dateModified\":\"2025-03-01T21:26:06+00:00\",\"breadcrumb\":{\"@id\":\"https:\\\/\\\/refrigerant-wholesale.com\\\/fr\\\/product\\\/r404a-ametron-refrigerants-cooling-expert\\\/#breadcrumb\"},\"inLanguage\":\"fr-FR\",\"potentialAction\":[{\"@type\":\"ReadAction\",\"target\":[\"https:\\\/\\\/refrigerant-wholesale.com\\\/fr\\\/product\\\/r404a-ametron-refrigerants-cooling-expert\\\/\"]}]},{\"@type\":\"ImageObject\",\"inLanguage\":\"fr-FR\",\"@id\":\"https:\\\/\\\/refrigerant-wholesale.com\\\/fr\\\/product\\\/r404a-ametron-refrigerants-cooling-expert\\\/#primaryimage\",\"url\":\"https:\\\/\\\/refrigerant-wholesale.com\\\/wp-content\\\/uploads\\\/2024\\\/03\\\/R404A-Ametron-Refrigerants\u00ae-Cooling-Expert.webp\",\"contentUrl\":\"https:\\\/\\\/refrigerant-wholesale.com\\\/wp-content\\\/uploads\\\/2024\\\/03\\\/R404A-Ametron-Refrigerants\u00ae-Cooling-Expert.webp\",\"width\":1000,\"height\":1000},{\"@type\":\"BreadcrumbList\",\"@id\":\"https:\\\/\\\/refrigerant-wholesale.com\\\/fr\\\/product\\\/r404a-ametron-refrigerants-cooling-expert\\\/#breadcrumb\",\"itemListElement\":[{\"@type\":\"ListItem\",\"position\":1,\"name\":\"Home\",\"item\":\"https:\\\/\\\/refrigerant-wholesale.com\\\/fr\\\/\"},{\"@type\":\"ListItem\",\"position\":2,\"name\":\"Boutique\",\"item\":\"https:\\\/\\\/refrigerant-wholesale.com\\\/fr\\\/boutique\\\/\"},{\"@type\":\"ListItem\",\"position\":3,\"name\":\"R404A Ametron Refrigerants\u00ae &#8211; Cooling Expert\"}]},{\"@type\":\"WebSite\",\"@id\":\"https:\\\/\\\/refrigerant-wholesale.com\\\/fr\\\/#website\",\"url\":\"https:\\\/\\\/refrigerant-wholesale.com\\\/fr\\\/\",\"name\":\"Refrigerant Gas Wholesale\",\"description\":\"AC Gas supplier\",\"publisher\":{\"@id\":\"https:\\\/\\\/refrigerant-wholesale.com\\\/fr\\\/#organization\"},\"potentialAction\":[{\"@type\":\"SearchAction\",\"target\":{\"@type\":\"EntryPoint\",\"urlTemplate\":\"https:\\\/\\\/refrigerant-wholesale.com\\\/fr\\\/?s={search_term_string}\"},\"query-input\":{\"@type\":\"PropertyValueSpecification\",\"valueRequired\":true,\"valueName\":\"search_term_string\"}}],\"inLanguage\":\"fr-FR\"},{\"@type\":\"Organization\",\"@id\":\"https:\\\/\\\/refrigerant-wholesale.com\\\/fr\\\/#organization\",\"name\":\"Refrigerant Gas Wholesale\",\"url\":\"https:\\\/\\\/refrigerant-wholesale.com\\\/fr\\\/\",\"logo\":{\"@type\":\"ImageObject\",\"inLanguage\":\"fr-FR\",\"@id\":\"https:\\\/\\\/refrigerant-wholesale.com\\\/fr\\\/#\\\/schema\\\/logo\\\/image\\\/\",\"url\":\"http:\\\/\\\/refrigerant-wholesale.com\\\/wp-content\\\/uploads\\\/2024\\\/04\\\/refrigerant-logo.png\",\"contentUrl\":\"http:\\\/\\\/refrigerant-wholesale.com\\\/wp-content\\\/uploads\\\/2024\\\/04\\\/refrigerant-logo.png\",\"width\":400,\"height\":84,\"caption\":\"Refrigerant Gas Wholesale\"},\"image\":{\"@id\":\"https:\\\/\\\/refrigerant-wholesale.com\\\/fr\\\/#\\\/schema\\\/logo\\\/image\\\/\"},\"sameAs\":[\"https:\\\/\\\/www.facebook.com\\\/refrigerantwholesale\"]}]}<\/script>\n<!-- \/ Yoast SEO Premium plugin. -->","yoast_head_json":{"title":"R404A Ametron Refrigerants\u00ae - Cooling Expert - Refrigerant Gas Wholesale","robots":{"index":"index","follow":"follow","max-snippet":"max-snippet:-1","max-image-preview":"max-image-preview:large","max-video-preview":"max-video-preview:-1"},"canonical":"https:\/\/refrigerant-wholesale.com\/fr\/product\/r404a-ametron-refrigerants-cooling-expert\/","og_locale":"fr_FR","og_type":"article","og_title":"R404A Ametron Refrigerants\u00ae - Cooling Expert","og_description":"ASSURANCE COMMERCIALE Exp\u00e9dition : Livraison dans le monde entier (Demande personnalis\u00e9e acceptable)","og_url":"https:\/\/refrigerant-wholesale.com\/fr\/product\/r404a-ametron-refrigerants-cooling-expert\/","og_site_name":"Refrigerant Gas Wholesale","article_publisher":"https:\/\/www.facebook.com\/refrigerantwholesale","article_modified_time":"2025-03-01T21:26:06+00:00","og_image":[{"width":1000,"height":1000,"url":"http:\/\/refrigerant-wholesale.com\/wp-content\/uploads\/2024\/03\/R404A-Ametron-Refrigerants\u00ae-Cooling-Expert.webp","type":"image\/webp"}],"twitter_card":"summary_large_image","twitter_misc":{"Dur\u00e9e de lecture estim\u00e9e":"1 minute"},"schema":{"@context":"https:\/\/schema.org","@graph":[{"@type":"WebPage","@id":"https:\/\/refrigerant-wholesale.com\/fr\/product\/r404a-ametron-refrigerants-cooling-expert\/","url":"https:\/\/refrigerant-wholesale.com\/fr\/product\/r404a-ametron-refrigerants-cooling-expert\/","name":"R404A Ametron Refrigerants\u00ae - Cooling Expert - Refrigerant Gas Wholesale","isPartOf":{"@id":"https:\/\/refrigerant-wholesale.com\/fr\/#website"},"primaryImageOfPage":{"@id":"https:\/\/refrigerant-wholesale.com\/fr\/product\/r404a-ametron-refrigerants-cooling-expert\/#primaryimage"},"image":{"@id":"https:\/\/refrigerant-wholesale.com\/fr\/product\/r404a-ametron-refrigerants-cooling-expert\/#primaryimage"},"thumbnailUrl":"https:\/\/refrigerant-wholesale.com\/wp-content\/uploads\/2024\/03\/R404A-Ametron-Refrigerants\u00ae-Cooling-Expert.webp","datePublished":"2024-03-11T17:15:57+00:00","dateModified":"2025-03-01T21:26:06+00:00","breadcrumb":{"@id":"https:\/\/refrigerant-wholesale.com\/fr\/product\/r404a-ametron-refrigerants-cooling-expert\/#breadcrumb"},"inLanguage":"fr-FR","potentialAction":[{"@type":"ReadAction","target":["https:\/\/refrigerant-wholesale.com\/fr\/product\/r404a-ametron-refrigerants-cooling-expert\/"]}]},{"@type":"ImageObject","inLanguage":"fr-FR","@id":"https:\/\/refrigerant-wholesale.com\/fr\/product\/r404a-ametron-refrigerants-cooling-expert\/#primaryimage","url":"https:\/\/refrigerant-wholesale.com\/wp-content\/uploads\/2024\/03\/R404A-Ametron-Refrigerants\u00ae-Cooling-Expert.webp","contentUrl":"https:\/\/refrigerant-wholesale.com\/wp-content\/uploads\/2024\/03\/R404A-Ametron-Refrigerants\u00ae-Cooling-Expert.webp","width":1000,"height":1000},{"@type":"BreadcrumbList","@id":"https:\/\/refrigerant-wholesale.com\/fr\/product\/r404a-ametron-refrigerants-cooling-expert\/#breadcrumb","itemListElement":[{"@type":"ListItem","position":1,"name":"Home","item":"https:\/\/refrigerant-wholesale.com\/fr\/"},{"@type":"ListItem","position":2,"name":"Boutique","item":"https:\/\/refrigerant-wholesale.com\/fr\/boutique\/"},{"@type":"ListItem","position":3,"name":"R404A Ametron Refrigerants\u00ae &#8211; Cooling Expert"}]},{"@type":"WebSite","@id":"https:\/\/refrigerant-wholesale.com\/fr\/#website","url":"https:\/\/refrigerant-wholesale.com\/fr\/","name":"Refrigerant Gas Wholesale","description":"AC Gas supplier","publisher":{"@id":"https:\/\/refrigerant-wholesale.com\/fr\/#organization"},"potentialAction":[{"@type":"SearchAction","target":{"@type":"EntryPoint","urlTemplate":"https:\/\/refrigerant-wholesale.com\/fr\/?s={search_term_string}"},"query-input":{"@type":"PropertyValueSpecification","valueRequired":true,"valueName":"search_term_string"}}],"inLanguage":"fr-FR"},{"@type":"Organization","@id":"https:\/\/refrigerant-wholesale.com\/fr\/#organization","name":"Refrigerant Gas Wholesale","url":"https:\/\/refrigerant-wholesale.com\/fr\/","logo":{"@type":"ImageObject","inLanguage":"fr-FR","@id":"https:\/\/refrigerant-wholesale.com\/fr\/#\/schema\/logo\/image\/","url":"http:\/\/refrigerant-wholesale.com\/wp-content\/uploads\/2024\/04\/refrigerant-logo.png","contentUrl":"http:\/\/refrigerant-wholesale.com\/wp-content\/uploads\/2024\/04\/refrigerant-logo.png","width":400,"height":84,"caption":"Refrigerant Gas Wholesale"},"image":{"@id":"https:\/\/refrigerant-wholesale.com\/fr\/#\/schema\/logo\/image\/"},"sameAs":["https:\/\/www.facebook.com\/refrigerantwholesale"]}]}},"_links":{"self":[{"href":"https:\/\/refrigerant-wholesale.com\/fr\/wp-json\/wp\/v2\/product\/2170","targetHints":{"allow":["GET"]}}],"collection":[{"href":"https:\/\/refrigerant-wholesale.com\/fr\/wp-json\/wp\/v2\/product"}],"about":[{"href":"https:\/\/refrigerant-wholesale.com\/fr\/wp-json\/wp\/v2\/types\/product"}],"replies":[{"embeddable":true,"href":"https:\/\/refrigerant-wholesale.com\/fr\/wp-json\/wp\/v2\/comments?post=2170"}],"wp:featuredmedia":[{"embeddable":true,"href":"https:\/\/refrigerant-wholesale.com\/fr\/wp-json\/wp\/v2\/media\/1293"}],"wp:attachment":[{"href":"https:\/\/refrigerant-wholesale.com\/fr\/wp-json\/wp\/v2\/media?parent=2170"}],"wp:term":[{"taxonomy":"product_brand","embeddable":true,"href":"https:\/\/refrigerant-wholesale.com\/fr\/wp-json\/wp\/v2\/product_brand?post=2170"},{"taxonomy":"product_cat","embeddable":true,"href":"https:\/\/refrigerant-wholesale.com\/fr\/wp-json\/wp\/v2\/product_cat?post=2170"},{"taxonomy":"product_tag","embeddable":true,"href":"https:\/\/refrigerant-wholesale.com\/fr\/wp-json\/wp\/v2\/product_tag?post=2170"}],"curies":[{"name":"wp","href":"https:\/\/api.w.org\/{rel}","templated":true}]}}