{"id":2167,"date":"2024-03-11T16:23:13","date_gmt":"2024-03-11T16:23:13","guid":{"rendered":"https:\/\/refrigerant-wholesale.com\/product\/r410a-ametron-refrigerants-2-8kg-colling-expert\/"},"modified":"2025-03-01T21:26:00","modified_gmt":"2025-03-01T21:26:00","slug":"r410a-ametron-refrigerants-2-8kg-colling-expert","status":"publish","type":"product","link":"https:\/\/refrigerant-wholesale.com\/fr\/product\/r410a-ametron-refrigerants-2-8kg-colling-expert\/","title":{"rendered":"R410a Ametron Refrigerants\u00ae- 2.8Kg Colling Expert"},"content":{"rendered":"<p>Les fluides frigorig\u00e8nes <sup>Ametron\u00ae <\/sup> constituent la principale solution de remplacement des fluides frigorig\u00e8nes appauvrissant la couche d&rsquo;ozone dans les climatiseurs unitaires r\u00e9sidentiels et commerciaux. Le R-410A est un m\u00e9lange az\u00e9otropique de HFC-32 et de HFC-125, dont le glissement est proche de z\u00e9ro, ce qui permet d&rsquo;obtenir des performances pr\u00e9visibles et de faciliter la manipulation et le recyclage. Des millions de climatiseurs au R-410A ont \u00e9t\u00e9 vendus dans le monde entier et plus de 25 fabricants d&rsquo;\u00e9quipements proposent d\u00e9sormais des options R-410A dans leur gamme de produits.  <\/p>\n<p>Le R-410A a une capacit\u00e9 nettement sup\u00e9rieure et une pression de fonctionnement mod\u00e9r\u00e9ment plus \u00e9lev\u00e9e que le R-22, ce qui en fait un substitut rentable au R-22 dans les syst\u00e8mes de climatisation et de pompes \u00e0 chaleur \u00e0 haut rendement. Dans les nouveaux syst\u00e8mes unitaires optimis\u00e9s pour l&rsquo;utilisation du R-410A avec des compresseurs \u00e0 spirale ou alternatifs, les tests ont montr\u00e9 que le R-410A avait un taux d&rsquo;efficacit\u00e9 \u00e9nerg\u00e9tique (EER) sup\u00e9rieur de 5 \u00e0 6 % \u00e0 celui du R-22. La capacit\u00e9 sup\u00e9rieure permet \u00e9galement de concevoir des \u00e9quipements de climatisation plus petits et plus compacts.  <\/p>\n","protected":false},"excerpt":{"rendered":"<p><img loading=\"lazy\" decoding=\"async\" class=\"alignnone wp-image-437 aligncenter\" src=\"http:\/\/refrigerant-wholesale.com\/wp-content\/uploads\/2024\/03\/Screenshot-69.png\" alt=\"\" width=\"207\" height=\"50\"><\/p>\n<h4 style=\"text-align: center;\"><img loading=\"lazy\" decoding=\"async\" class=\"gmail-crown\" src=\"https:\/\/www.cryptominerbros.com\/wp-content\/uploads\/2019\/12\/dollar-icon.png\" width=\"26\" height=\"27\">ASSURANCE COMMERCIALE<\/h4>\n<div class=\"gmail-textwidget gmail-custom-html-widget\">\n<h6 style=\"text-align: center;\">Exp\u00e9dition : Livraison dans le monde entier<\/h6>\n<h6 style=\"text-align: center;\">(Demande personnalis\u00e9e acceptable)<\/h6>\n<\/div>\n","protected":false},"featured_media":1269,"comment_status":"open","ping_status":"closed","template":"","meta":[],"product_brand":[],"product_cat":[417,396],"product_tag":[],"class_list":{"0":"post-2167","1":"product","2":"type-product","3":"status-publish","4":"has-post-thumbnail","6":"product_cat-ametron-fr","7":"product_cat-r410a-fr","9":"first","10":"instock","11":"shipping-taxable","12":"product-type-simple"},"yoast_head":"<!-- This site is optimized with the Yoast SEO Premium plugin v27.0 (Yoast SEO v27.3) - https:\/\/yoast.com\/product\/yoast-seo-premium-wordpress\/ -->\n<title>R410a Ametron Refrigerants\u00ae- 2.8Kg Colling Expert - Refrigerant Gas Wholesale<\/title>\n<meta name=\"robots\" content=\"index, follow, max-snippet:-1, max-image-preview:large, max-video-preview:-1\" \/>\n<link rel=\"canonical\" href=\"https:\/\/refrigerant-wholesale.com\/fr\/product\/r410a-ametron-refrigerants-2-8kg-colling-expert\/\" \/>\n<meta property=\"og:locale\" content=\"fr_FR\" \/>\n<meta property=\"og:type\" content=\"article\" \/>\n<meta property=\"og:title\" content=\"R410a Ametron Refrigerants\u00ae- 2.8Kg Colling Expert\" \/>\n<meta property=\"og:description\" content=\"ASSURANCE COMMERCIALE Exp\u00e9dition : Livraison dans le monde entier (Demande personnalis\u00e9e acceptable)\" \/>\n<meta property=\"og:url\" content=\"https:\/\/refrigerant-wholesale.com\/fr\/product\/r410a-ametron-refrigerants-2-8kg-colling-expert\/\" \/>\n<meta property=\"og:site_name\" content=\"Refrigerant Gas Wholesale\" \/>\n<meta property=\"article:publisher\" content=\"https:\/\/www.facebook.com\/refrigerantwholesale\" \/>\n<meta property=\"article:modified_time\" content=\"2025-03-01T21:26:00+00:00\" \/>\n<meta property=\"og:image\" content=\"http:\/\/refrigerant-wholesale.com\/wp-content\/uploads\/2024\/03\/R410a-Ametron-Refrigerants\u00ae-2.8Kg-Colling-Expert.webp\" \/>\n\t<meta property=\"og:image:width\" content=\"1000\" \/>\n\t<meta property=\"og:image:height\" content=\"1000\" \/>\n\t<meta property=\"og:image:type\" content=\"image\/webp\" \/>\n<meta name=\"twitter:card\" content=\"summary_large_image\" \/>\n<meta name=\"twitter:label1\" content=\"Dur\u00e9e de lecture estim\u00e9e\" \/>\n\t<meta name=\"twitter:data1\" content=\"1 minute\" \/>\n<script type=\"application\/ld+json\" class=\"yoast-schema-graph\">{\"@context\":\"https:\\\/\\\/schema.org\",\"@graph\":[{\"@type\":\"WebPage\",\"@id\":\"https:\\\/\\\/refrigerant-wholesale.com\\\/fr\\\/product\\\/r410a-ametron-refrigerants-2-8kg-colling-expert\\\/\",\"url\":\"https:\\\/\\\/refrigerant-wholesale.com\\\/fr\\\/product\\\/r410a-ametron-refrigerants-2-8kg-colling-expert\\\/\",\"name\":\"R410a Ametron Refrigerants\u00ae- 2.8Kg Colling Expert - Refrigerant Gas Wholesale\",\"isPartOf\":{\"@id\":\"https:\\\/\\\/refrigerant-wholesale.com\\\/fr\\\/#website\"},\"primaryImageOfPage\":{\"@id\":\"https:\\\/\\\/refrigerant-wholesale.com\\\/fr\\\/product\\\/r410a-ametron-refrigerants-2-8kg-colling-expert\\\/#primaryimage\"},\"image\":{\"@id\":\"https:\\\/\\\/refrigerant-wholesale.com\\\/fr\\\/product\\\/r410a-ametron-refrigerants-2-8kg-colling-expert\\\/#primaryimage\"},\"thumbnailUrl\":\"https:\\\/\\\/refrigerant-wholesale.com\\\/wp-content\\\/uploads\\\/2024\\\/03\\\/R410a-Ametron-Refrigerants\u00ae-2.8Kg-Colling-Expert.webp\",\"datePublished\":\"2024-03-11T16:23:13+00:00\",\"dateModified\":\"2025-03-01T21:26:00+00:00\",\"breadcrumb\":{\"@id\":\"https:\\\/\\\/refrigerant-wholesale.com\\\/fr\\\/product\\\/r410a-ametron-refrigerants-2-8kg-colling-expert\\\/#breadcrumb\"},\"inLanguage\":\"fr-FR\",\"potentialAction\":[{\"@type\":\"ReadAction\",\"target\":[\"https:\\\/\\\/refrigerant-wholesale.com\\\/fr\\\/product\\\/r410a-ametron-refrigerants-2-8kg-colling-expert\\\/\"]}]},{\"@type\":\"ImageObject\",\"inLanguage\":\"fr-FR\",\"@id\":\"https:\\\/\\\/refrigerant-wholesale.com\\\/fr\\\/product\\\/r410a-ametron-refrigerants-2-8kg-colling-expert\\\/#primaryimage\",\"url\":\"https:\\\/\\\/refrigerant-wholesale.com\\\/wp-content\\\/uploads\\\/2024\\\/03\\\/R410a-Ametron-Refrigerants\u00ae-2.8Kg-Colling-Expert.webp\",\"contentUrl\":\"https:\\\/\\\/refrigerant-wholesale.com\\\/wp-content\\\/uploads\\\/2024\\\/03\\\/R410a-Ametron-Refrigerants\u00ae-2.8Kg-Colling-Expert.webp\",\"width\":1000,\"height\":1000},{\"@type\":\"BreadcrumbList\",\"@id\":\"https:\\\/\\\/refrigerant-wholesale.com\\\/fr\\\/product\\\/r410a-ametron-refrigerants-2-8kg-colling-expert\\\/#breadcrumb\",\"itemListElement\":[{\"@type\":\"ListItem\",\"position\":1,\"name\":\"Home\",\"item\":\"https:\\\/\\\/refrigerant-wholesale.com\\\/fr\\\/\"},{\"@type\":\"ListItem\",\"position\":2,\"name\":\"Boutique\",\"item\":\"https:\\\/\\\/refrigerant-wholesale.com\\\/fr\\\/boutique\\\/\"},{\"@type\":\"ListItem\",\"position\":3,\"name\":\"R410a Ametron Refrigerants\u00ae- 2.8Kg Colling Expert\"}]},{\"@type\":\"WebSite\",\"@id\":\"https:\\\/\\\/refrigerant-wholesale.com\\\/fr\\\/#website\",\"url\":\"https:\\\/\\\/refrigerant-wholesale.com\\\/fr\\\/\",\"name\":\"Refrigerant Gas Wholesale\",\"description\":\"AC Gas supplier\",\"publisher\":{\"@id\":\"https:\\\/\\\/refrigerant-wholesale.com\\\/fr\\\/#organization\"},\"potentialAction\":[{\"@type\":\"SearchAction\",\"target\":{\"@type\":\"EntryPoint\",\"urlTemplate\":\"https:\\\/\\\/refrigerant-wholesale.com\\\/fr\\\/?s={search_term_string}\"},\"query-input\":{\"@type\":\"PropertyValueSpecification\",\"valueRequired\":true,\"valueName\":\"search_term_string\"}}],\"inLanguage\":\"fr-FR\"},{\"@type\":\"Organization\",\"@id\":\"https:\\\/\\\/refrigerant-wholesale.com\\\/fr\\\/#organization\",\"name\":\"Refrigerant Gas Wholesale\",\"url\":\"https:\\\/\\\/refrigerant-wholesale.com\\\/fr\\\/\",\"logo\":{\"@type\":\"ImageObject\",\"inLanguage\":\"fr-FR\",\"@id\":\"https:\\\/\\\/refrigerant-wholesale.com\\\/fr\\\/#\\\/schema\\\/logo\\\/image\\\/\",\"url\":\"http:\\\/\\\/refrigerant-wholesale.com\\\/wp-content\\\/uploads\\\/2024\\\/04\\\/refrigerant-logo.png\",\"contentUrl\":\"http:\\\/\\\/refrigerant-wholesale.com\\\/wp-content\\\/uploads\\\/2024\\\/04\\\/refrigerant-logo.png\",\"width\":400,\"height\":84,\"caption\":\"Refrigerant Gas Wholesale\"},\"image\":{\"@id\":\"https:\\\/\\\/refrigerant-wholesale.com\\\/fr\\\/#\\\/schema\\\/logo\\\/image\\\/\"},\"sameAs\":[\"https:\\\/\\\/www.facebook.com\\\/refrigerantwholesale\"]}]}<\/script>\n<!-- \/ Yoast SEO Premium plugin. -->","yoast_head_json":{"title":"R410a Ametron Refrigerants\u00ae- 2.8Kg Colling Expert - Refrigerant Gas Wholesale","robots":{"index":"index","follow":"follow","max-snippet":"max-snippet:-1","max-image-preview":"max-image-preview:large","max-video-preview":"max-video-preview:-1"},"canonical":"https:\/\/refrigerant-wholesale.com\/fr\/product\/r410a-ametron-refrigerants-2-8kg-colling-expert\/","og_locale":"fr_FR","og_type":"article","og_title":"R410a Ametron Refrigerants\u00ae- 2.8Kg Colling Expert","og_description":"ASSURANCE COMMERCIALE Exp\u00e9dition : Livraison dans le monde entier (Demande personnalis\u00e9e acceptable)","og_url":"https:\/\/refrigerant-wholesale.com\/fr\/product\/r410a-ametron-refrigerants-2-8kg-colling-expert\/","og_site_name":"Refrigerant Gas Wholesale","article_publisher":"https:\/\/www.facebook.com\/refrigerantwholesale","article_modified_time":"2025-03-01T21:26:00+00:00","og_image":[{"width":1000,"height":1000,"url":"http:\/\/refrigerant-wholesale.com\/wp-content\/uploads\/2024\/03\/R410a-Ametron-Refrigerants\u00ae-2.8Kg-Colling-Expert.webp","type":"image\/webp"}],"twitter_card":"summary_large_image","twitter_misc":{"Dur\u00e9e de lecture estim\u00e9e":"1 minute"},"schema":{"@context":"https:\/\/schema.org","@graph":[{"@type":"WebPage","@id":"https:\/\/refrigerant-wholesale.com\/fr\/product\/r410a-ametron-refrigerants-2-8kg-colling-expert\/","url":"https:\/\/refrigerant-wholesale.com\/fr\/product\/r410a-ametron-refrigerants-2-8kg-colling-expert\/","name":"R410a Ametron Refrigerants\u00ae- 2.8Kg Colling Expert - Refrigerant Gas Wholesale","isPartOf":{"@id":"https:\/\/refrigerant-wholesale.com\/fr\/#website"},"primaryImageOfPage":{"@id":"https:\/\/refrigerant-wholesale.com\/fr\/product\/r410a-ametron-refrigerants-2-8kg-colling-expert\/#primaryimage"},"image":{"@id":"https:\/\/refrigerant-wholesale.com\/fr\/product\/r410a-ametron-refrigerants-2-8kg-colling-expert\/#primaryimage"},"thumbnailUrl":"https:\/\/refrigerant-wholesale.com\/wp-content\/uploads\/2024\/03\/R410a-Ametron-Refrigerants\u00ae-2.8Kg-Colling-Expert.webp","datePublished":"2024-03-11T16:23:13+00:00","dateModified":"2025-03-01T21:26:00+00:00","breadcrumb":{"@id":"https:\/\/refrigerant-wholesale.com\/fr\/product\/r410a-ametron-refrigerants-2-8kg-colling-expert\/#breadcrumb"},"inLanguage":"fr-FR","potentialAction":[{"@type":"ReadAction","target":["https:\/\/refrigerant-wholesale.com\/fr\/product\/r410a-ametron-refrigerants-2-8kg-colling-expert\/"]}]},{"@type":"ImageObject","inLanguage":"fr-FR","@id":"https:\/\/refrigerant-wholesale.com\/fr\/product\/r410a-ametron-refrigerants-2-8kg-colling-expert\/#primaryimage","url":"https:\/\/refrigerant-wholesale.com\/wp-content\/uploads\/2024\/03\/R410a-Ametron-Refrigerants\u00ae-2.8Kg-Colling-Expert.webp","contentUrl":"https:\/\/refrigerant-wholesale.com\/wp-content\/uploads\/2024\/03\/R410a-Ametron-Refrigerants\u00ae-2.8Kg-Colling-Expert.webp","width":1000,"height":1000},{"@type":"BreadcrumbList","@id":"https:\/\/refrigerant-wholesale.com\/fr\/product\/r410a-ametron-refrigerants-2-8kg-colling-expert\/#breadcrumb","itemListElement":[{"@type":"ListItem","position":1,"name":"Home","item":"https:\/\/refrigerant-wholesale.com\/fr\/"},{"@type":"ListItem","position":2,"name":"Boutique","item":"https:\/\/refrigerant-wholesale.com\/fr\/boutique\/"},{"@type":"ListItem","position":3,"name":"R410a Ametron Refrigerants\u00ae- 2.8Kg Colling Expert"}]},{"@type":"WebSite","@id":"https:\/\/refrigerant-wholesale.com\/fr\/#website","url":"https:\/\/refrigerant-wholesale.com\/fr\/","name":"Refrigerant Gas Wholesale","description":"AC Gas supplier","publisher":{"@id":"https:\/\/refrigerant-wholesale.com\/fr\/#organization"},"potentialAction":[{"@type":"SearchAction","target":{"@type":"EntryPoint","urlTemplate":"https:\/\/refrigerant-wholesale.com\/fr\/?s={search_term_string}"},"query-input":{"@type":"PropertyValueSpecification","valueRequired":true,"valueName":"search_term_string"}}],"inLanguage":"fr-FR"},{"@type":"Organization","@id":"https:\/\/refrigerant-wholesale.com\/fr\/#organization","name":"Refrigerant Gas Wholesale","url":"https:\/\/refrigerant-wholesale.com\/fr\/","logo":{"@type":"ImageObject","inLanguage":"fr-FR","@id":"https:\/\/refrigerant-wholesale.com\/fr\/#\/schema\/logo\/image\/","url":"http:\/\/refrigerant-wholesale.com\/wp-content\/uploads\/2024\/04\/refrigerant-logo.png","contentUrl":"http:\/\/refrigerant-wholesale.com\/wp-content\/uploads\/2024\/04\/refrigerant-logo.png","width":400,"height":84,"caption":"Refrigerant Gas Wholesale"},"image":{"@id":"https:\/\/refrigerant-wholesale.com\/fr\/#\/schema\/logo\/image\/"},"sameAs":["https:\/\/www.facebook.com\/refrigerantwholesale"]}]}},"_links":{"self":[{"href":"https:\/\/refrigerant-wholesale.com\/fr\/wp-json\/wp\/v2\/product\/2167","targetHints":{"allow":["GET"]}}],"collection":[{"href":"https:\/\/refrigerant-wholesale.com\/fr\/wp-json\/wp\/v2\/product"}],"about":[{"href":"https:\/\/refrigerant-wholesale.com\/fr\/wp-json\/wp\/v2\/types\/product"}],"replies":[{"embeddable":true,"href":"https:\/\/refrigerant-wholesale.com\/fr\/wp-json\/wp\/v2\/comments?post=2167"}],"wp:featuredmedia":[{"embeddable":true,"href":"https:\/\/refrigerant-wholesale.com\/fr\/wp-json\/wp\/v2\/media\/1269"}],"wp:attachment":[{"href":"https:\/\/refrigerant-wholesale.com\/fr\/wp-json\/wp\/v2\/media?parent=2167"}],"wp:term":[{"taxonomy":"product_brand","embeddable":true,"href":"https:\/\/refrigerant-wholesale.com\/fr\/wp-json\/wp\/v2\/product_brand?post=2167"},{"taxonomy":"product_cat","embeddable":true,"href":"https:\/\/refrigerant-wholesale.com\/fr\/wp-json\/wp\/v2\/product_cat?post=2167"},{"taxonomy":"product_tag","embeddable":true,"href":"https:\/\/refrigerant-wholesale.com\/fr\/wp-json\/wp\/v2\/product_tag?post=2167"}],"curies":[{"name":"wp","href":"https:\/\/api.w.org\/{rel}","templated":true}]}}