{"id":2158,"date":"2024-07-13T23:38:23","date_gmt":"2024-07-13T23:38:23","guid":{"rendered":"https:\/\/refrigerant-wholesale.com\/product\/palette-complete-r-404a-40-bouteilles\/"},"modified":"2025-03-01T21:25:46","modified_gmt":"2025-03-01T21:25:46","slug":"palette-complete-r-404a-40-bouteilles","status":"publish","type":"product","link":"https:\/\/refrigerant-wholesale.com\/fr\/product\/palette-complete-r-404a-40-bouteilles\/","title":{"rendered":"Palette compl\u00e8te R-404A (40 bouteilles)"},"content":{"rendered":"<h3><strong>R\u00e9volutionnez vos solutions de refroidissement avec le r\u00e9frig\u00e9rant R-404A &#8211; disponible en gros !<\/strong><\/h3>\n<p>Vous \u00eates \u00e0 la recherche d&rsquo;un fluide frigorig\u00e8ne fiable, capable de fournir des performances de refroidissement de premier ordre dans diverses applications ? Ne cherchez pas plus loin ! Le <strong>r\u00e9frig\u00e9rant R-404A en gros<\/strong> est votre solution pour les syst\u00e8mes de r\u00e9frig\u00e9ration commerciaux et industriels. En tant que leader sur le march\u00e9 des r\u00e9frig\u00e9rants, nous sommes fiers de proposer le <strong>prix de gros du R404A<\/strong> aux entreprises du monde entier. Avec son efficacit\u00e9 prouv\u00e9e dans le maintien de temp\u00e9ratures optimales, c&rsquo;est le choix parfait pour assurer le bon fonctionnement des syst\u00e8mes de r\u00e9frig\u00e9ration.   <\/p>\n<h3>Pourquoi choisir le r\u00e9frig\u00e9rant R-404A ?<\/h3>\n<p>Le <strong>fluide frigorig\u00e8ne R-404A<\/strong> est un m\u00e9lange non toxique largement utilis\u00e9, con\u00e7u sp\u00e9cifiquement pour les <strong>applications de r\u00e9frig\u00e9ration \u00e0 moyenne et basse temp\u00e9rature<\/strong>. Que vous travailliez dans le secteur de la distribution alimentaire, des transports ou des entrep\u00f4ts frigorifiques, ce fluide frigorig\u00e8ne assure un refroidissement efficace dans diverses conditions. Gr\u00e2ce \u00e0 sa composition chimique stable et \u00e0 ses excellentes propri\u00e9t\u00e9s thermodynamiques, il surpasse de nombreuses autres solutions. Si vous avez besoin d&rsquo;un r\u00e9frig\u00e9rant qui allie fiabilit\u00e9, efficacit\u00e9 et s\u00e9curit\u00e9, le <strong>R-404A est votre meilleur choix<\/strong>.   <\/p>\n<p>Passage au <a href=\"https:\/\/refrigerant-wholesale.com\/fr\/product-category\/r404a-fr\/\"><strong>R-404A<\/strong><\/a> des anciens r\u00e9frig\u00e9rants est simple. Il est compatible avec la plupart des \u00e9quipements existants, ce qui minimise les co\u00fbts et les difficult\u00e9s li\u00e9s \u00e0 la modification des syst\u00e8mes. Cette flexibilit\u00e9 en fait une option id\u00e9ale pour les entreprises qui recherchent une mise \u00e0 niveau facile et rentable.  <\/p>\n<h3>Des performances sup\u00e9rieures pour de multiples applications<\/h3>\n<p>Le R-404A est tr\u00e8s efficace dans divers syst\u00e8mes de r\u00e9frig\u00e9ration commerciale, notamment ceux utilis\u00e9s dans les <strong>supermarch\u00e9s<\/strong>, la <strong>r\u00e9frig\u00e9ration de transport<\/strong> et les <strong>cong\u00e9lateurs industriels<\/strong>. Ce r\u00e9frig\u00e9rant offre des performances de refroidissement sup\u00e9rieures tout en assurant la long\u00e9vit\u00e9 de votre syst\u00e8me. Il est particuli\u00e8rement utile dans les environnements \u00e0 forte demande o\u00f9 un contr\u00f4le constant de la temp\u00e9rature est essentiel.  <\/p>\n<p>L&rsquo;une des principales raisons de consid\u00e9rer le <strong><a href=\"https:\/\/www.google.com\/search?q=r404a+refrigerant+wholesale&amp;sca_esv=8141674a718dc13d&amp;sxsrf=ADLYWIKJ5poIa-Pe4tvpc8za__LHwxSebQ%3A1728398382856&amp;ei=LkQFZ6LqM-urxc8Psfu6oQY&amp;ved=0ahUKEwiiuY_dgf-IAxXrVfEDHbG9LmQQ4dUDCA8&amp;uact=5&amp;oq=r404a+refrigerant+wholesale&amp;gs_lp=Egxnd3Mtd2l6LXNlcnAiG3I0MDRhIHJlZnJpZ2VyYW50IHdob2xlc2FsZTIIEAAYCBgeGA8yCxAAGIAEGIYDGIoFMgsQABiABBiGAxiKBTILEAAYgAQYhgMYigUyCxAAGIAEGIYDGIoFMggQABiABBiiBDIIEAAYgAQYogQyCBAAGIAEGKIEMggQABiABBiiBDIIEAAYgAQYogRIsfYBUL8HWKmEAXABeAGQAQCYAaEBoAG3DqoBBDAuMTS4AQPIAQD4AQGYAg-gAu4OwgIKEAAYsAMY1gQYR8ICBRAAGIAEwgILEAAYgAQYkQIYigXCAgYQABgWGB7CAggQABgWGB4YD8ICChAAGIAEGBQYhwLCAggQABiiBBiJBcICBxAAGIAEGA3CAgYQABgIGB7CAgYQABgHGB7CAggQABgHGAgYHsICChAAGAcYCBgeGA-YAwCIBgGQBgiSBwQxLjE0oAeFXg&amp;sclient=gws-wiz-serp\">r\u00e9frig\u00e9rant R-404A<\/a><\/strong> pour votre entreprise est sa capacit\u00e9 \u00e0 maintenir une efficacit\u00e9 maximale dans les <strong>applications \u00e0 basse temp\u00e9rature<\/strong>. Son <strong>faible potentiel de r\u00e9chauffement global (PRG)<\/strong> en fait un choix judicieux pour les entreprises soucieuses de durabilit\u00e9 et de conformit\u00e9 aux r\u00e9glementations environnementales. Avec le R-404A, vous pouvez vous assurer que vos syst\u00e8mes de r\u00e9frig\u00e9ration fonctionnent efficacement et r\u00e9pondent aux normes internationales.  <\/p>\n<h3>R-404A refrigerant Wholesale Availability &#8211; Ship Globally !<\/h3>\n<p>Nous vous proposons le <strong>R404A \u00e0 des prix de gros<\/strong> tr\u00e8s comp\u00e9titifs. Que vous ayez besoin de petites ou de grandes quantit\u00e9s, nous sommes \u00e9quip\u00e9s pour traiter les <strong>commandes en vrac<\/strong> avec facilit\u00e9. Notre r\u00e9seau d&rsquo;exp\u00e9dition mondial assure une livraison rapide et s\u00fbre \u00e0 votre emplacement, o\u00f9 que vous soyez. En vous associant \u00e0 nous, vous b\u00e9n\u00e9ficierez d&rsquo;une exp\u00e9rience sans faille, de la commande \u00e0 la livraison.   <\/p>\n<h3>Fournisseur digne de confiance, qualit\u00e9 assur\u00e9e<\/h3>\n<p>Lorsque vous achetez du r\u00e9frig\u00e9rant R-404A chez nous, vous choisissez un fournisseur fiable qui a des ann\u00e9es d&rsquo;exp\u00e9rience dans l&rsquo;industrie. Nous garantissons des <strong>produits de la plus haute qualit\u00e9<\/strong>, conformes aux normes internationales de s\u00e9curit\u00e9 et de performance. Notre engagement \u00e0 satisfaire nos clients est in\u00e9gal\u00e9, et nous sommes toujours pr\u00eats \u00e0 vous fournir une assistance experte lorsque vous en avez besoin.  <\/p>\n<p>Ne manquez pas cette occasion d&rsquo;am\u00e9liorer vos syst\u00e8mes de refroidissement. <strong>Contactez-nous d\u00e8s aujourd&rsquo;hui<\/strong> pour en savoir plus sur nos options de <strong>vente en gros de r\u00e9frig\u00e9rant R-404A<\/strong>. Laissez-nous vous aider \u00e0 maintenir le bon fonctionnement de votre entreprise avec le meilleur r\u00e9frig\u00e9rant sur le march\u00e9. <\/p>\n<h4><\/h4>\n<h4>R-404A 24 lb 35 lb avec bouteille et emballage  <\/h4>\n<div>**Offre de remise de Bulk Buy : R\u00e9alisez de grosses \u00e9conomies en vous approvisionnant!**<\/div>\n<div><\/div>\n<div>Profitez de notre remise exclusive sur les achats en gros ! Achetez en grandes quantit\u00e9s et profitez d&rsquo;\u00e9conomies significatives sur vos produits pr\u00e9f\u00e9r\u00e9s. Parfait pour les entreprises, les organisateurs d&rsquo;\u00e9v\u00e9nements, ou toute personne cherchant \u00e0 s&rsquo;approvisionner et \u00e0 \u00e9conomiser. Plus vous achetez, plus vous \u00e9conomisez &#8211; ne manquez pas cette offre incroyable !   <\/div>\n","protected":false},"excerpt":{"rendered":"<p><img loading=\"lazy\" decoding=\"async\" class=\"alignnone wp-image-437 aligncenter\" src=\"http:\/\/refrigerant-wholesale.com\/wp-content\/uploads\/2024\/03\/Screenshot-69.png\" alt=\"\" width=\"207\" height=\"50\"><\/p>\n<h4 style=\"text-align: center;\"><img loading=\"lazy\" decoding=\"async\" class=\"alignnone wp-image-744\" src=\"http:\/\/refrigerant-wholesale.com\/wp-content\/uploads\/2024\/07\/removal.ai_8ca2a79e-d09f-4bd1-a4fe-c4c69f1a4386_Trade-Assurance-381x400.png\" alt=\"R\u00e9frig\u00e9rants WS\" width=\"26\" height=\"27\" srcset=\"https:\/\/refrigerant-wholesale.com\/wp-content\/uploads\/2024\/07\/removal.ai_8ca2a79e-d09f-4bd1-a4fe-c4c69f1a4386_Trade-Assurance-381x400.png 381w, https:\/\/refrigerant-wholesale.com\/wp-content\/uploads\/2024\/07\/removal.ai_8ca2a79e-d09f-4bd1-a4fe-c4c69f1a4386_Trade-Assurance-100x100.png 100w, https:\/\/refrigerant-wholesale.com\/wp-content\/uploads\/2024\/07\/removal.ai_8ca2a79e-d09f-4bd1-a4fe-c4c69f1a4386_Trade-Assurance-280x280.png 280w, https:\/\/refrigerant-wholesale.com\/wp-content\/uploads\/2024\/07\/removal.ai_8ca2a79e-d09f-4bd1-a4fe-c4c69f1a4386_Trade-Assurance.png 388w\" sizes=\"auto, (max-width: 26px) 100vw, 26px\" \/>ASSURANCE COMMERCIALE<\/h4>\n<div class=\"gmail-textwidget gmail-custom-html-widget\">\n<h6 style=\"text-align: center;\">Exp\u00e9dition : Livraison dans le monde entier<\/h6>\n<h6 style=\"text-align: center;\">(Demande personnalis\u00e9e acceptable)<\/h6>\n<p style=\"text-align: center;\">100% VIRGIN Scell\u00e9 en usine GARANTIE<\/p>\n<p style=\"text-align: center;\"><a href=\"http:\/\/refrigerant-wholesale.com\/wp-content\/uploads\/2024\/07\/SDS-R404A.pdf\" target=\"_self\" class=\"button primary is-green is-small\"  >\n    <span>T\u00e9l\u00e9chargez la fiche technique sur la s\u00e9curit\u00e9<\/span>\n  <\/a>\n\n<\/div>\n","protected":false},"featured_media":1557,"comment_status":"open","ping_status":"closed","template":"","meta":[],"product_brand":[],"product_cat":[269,412],"product_tag":[],"class_list":{"0":"post-2158","1":"product","2":"type-product","3":"status-publish","4":"has-post-thumbnail","6":"product_cat-non-categorise","7":"product_cat-r404a-fr","9":"first","10":"instock","11":"shipping-taxable","12":"product-type-simple"},"yoast_head":"<!-- This site is optimized with the Yoast SEO Premium plugin v27.0 (Yoast SEO v27.3) - https:\/\/yoast.com\/product\/yoast-seo-premium-wordpress\/ -->\n<title>R-404A Refrigerant Wholesale | Discount R404A Wholesale Price<\/title>\n<meta name=\"description\" content=\"Acheter R-404A Refrigerant wholesale price. Obtenez des r\u00e9ductions sur le prix de gros de R404A. Produits 100% authentiques. Livraison rapide dans le monde entier\" \/>\n<meta name=\"robots\" content=\"index, follow, max-snippet:-1, max-image-preview:large, max-video-preview:-1\" \/>\n<link rel=\"canonical\" href=\"https:\/\/refrigerant-wholesale.com\/fr\/product\/palette-complete-r-404a-40-bouteilles\/\" \/>\n<meta property=\"og:locale\" content=\"fr_FR\" \/>\n<meta property=\"og:type\" content=\"article\" \/>\n<meta property=\"og:title\" content=\"Palette compl\u00e8te R-404A (40 bouteilles)\" \/>\n<meta property=\"og:description\" content=\"Acheter R-404A Refrigerant wholesale price. Obtenez des r\u00e9ductions sur le prix de gros de R404A. Produits 100% authentiques. Livraison rapide dans le monde entier\" \/>\n<meta property=\"og:url\" content=\"https:\/\/refrigerant-wholesale.com\/fr\/product\/palette-complete-r-404a-40-bouteilles\/\" \/>\n<meta property=\"og:site_name\" content=\"Refrigerant Gas Wholesale\" \/>\n<meta property=\"article:publisher\" content=\"https:\/\/www.facebook.com\/refrigerantwholesale\" \/>\n<meta property=\"article:modified_time\" content=\"2025-03-01T21:25:46+00:00\" \/>\n<meta property=\"og:image\" content=\"http:\/\/refrigerant-wholesale.com\/wp-content\/uploads\/2024\/07\/404A-40.jpg\" \/>\n\t<meta property=\"og:image:width\" content=\"1000\" \/>\n\t<meta property=\"og:image:height\" content=\"1000\" \/>\n\t<meta property=\"og:image:type\" content=\"image\/jpeg\" \/>\n<meta name=\"twitter:card\" content=\"summary_large_image\" \/>\n<meta name=\"twitter:label1\" content=\"Dur\u00e9e de lecture estim\u00e9e\" \/>\n\t<meta name=\"twitter:data1\" content=\"4 minutes\" \/>\n<script type=\"application\/ld+json\" class=\"yoast-schema-graph\">{\"@context\":\"https:\\\/\\\/schema.org\",\"@graph\":[{\"@type\":\"WebPage\",\"@id\":\"https:\\\/\\\/refrigerant-wholesale.com\\\/fr\\\/product\\\/palette-complete-r-404a-40-bouteilles\\\/\",\"url\":\"https:\\\/\\\/refrigerant-wholesale.com\\\/fr\\\/product\\\/palette-complete-r-404a-40-bouteilles\\\/\",\"name\":\"R-404A Refrigerant Wholesale | Discount R404A Wholesale Price\",\"isPartOf\":{\"@id\":\"https:\\\/\\\/refrigerant-wholesale.com\\\/fr\\\/#website\"},\"primaryImageOfPage\":{\"@id\":\"https:\\\/\\\/refrigerant-wholesale.com\\\/fr\\\/product\\\/palette-complete-r-404a-40-bouteilles\\\/#primaryimage\"},\"image\":{\"@id\":\"https:\\\/\\\/refrigerant-wholesale.com\\\/fr\\\/product\\\/palette-complete-r-404a-40-bouteilles\\\/#primaryimage\"},\"thumbnailUrl\":\"https:\\\/\\\/refrigerant-wholesale.com\\\/wp-content\\\/uploads\\\/2024\\\/07\\\/404A-40.jpg\",\"datePublished\":\"2024-07-13T23:38:23+00:00\",\"dateModified\":\"2025-03-01T21:25:46+00:00\",\"description\":\"Acheter R-404A Refrigerant wholesale price. Obtenez des r\u00e9ductions sur le prix de gros de R404A. Produits 100% authentiques. Livraison rapide dans le monde entier\",\"breadcrumb\":{\"@id\":\"https:\\\/\\\/refrigerant-wholesale.com\\\/fr\\\/product\\\/palette-complete-r-404a-40-bouteilles\\\/#breadcrumb\"},\"inLanguage\":\"fr-FR\",\"potentialAction\":[{\"@type\":\"ReadAction\",\"target\":[\"https:\\\/\\\/refrigerant-wholesale.com\\\/fr\\\/product\\\/palette-complete-r-404a-40-bouteilles\\\/\"]}]},{\"@type\":\"ImageObject\",\"inLanguage\":\"fr-FR\",\"@id\":\"https:\\\/\\\/refrigerant-wholesale.com\\\/fr\\\/product\\\/palette-complete-r-404a-40-bouteilles\\\/#primaryimage\",\"url\":\"https:\\\/\\\/refrigerant-wholesale.com\\\/wp-content\\\/uploads\\\/2024\\\/07\\\/404A-40.jpg\",\"contentUrl\":\"https:\\\/\\\/refrigerant-wholesale.com\\\/wp-content\\\/uploads\\\/2024\\\/07\\\/404A-40.jpg\",\"width\":1000,\"height\":1000,\"caption\":\"R404a Refrigerant Supplier, R404a Refrigerant, R404a, Refrigerant R404a, R 404a freon, Buy R404a refrigerant, R404a refrigerant for sale, R404A Wholesale Price\"},{\"@type\":\"BreadcrumbList\",\"@id\":\"https:\\\/\\\/refrigerant-wholesale.com\\\/fr\\\/product\\\/palette-complete-r-404a-40-bouteilles\\\/#breadcrumb\",\"itemListElement\":[{\"@type\":\"ListItem\",\"position\":1,\"name\":\"Home\",\"item\":\"https:\\\/\\\/refrigerant-wholesale.com\\\/fr\\\/\"},{\"@type\":\"ListItem\",\"position\":2,\"name\":\"Boutique\",\"item\":\"https:\\\/\\\/refrigerant-wholesale.com\\\/fr\\\/boutique\\\/\"},{\"@type\":\"ListItem\",\"position\":3,\"name\":\"Palette compl\u00e8te R-404A (40 bouteilles)\"}]},{\"@type\":\"WebSite\",\"@id\":\"https:\\\/\\\/refrigerant-wholesale.com\\\/fr\\\/#website\",\"url\":\"https:\\\/\\\/refrigerant-wholesale.com\\\/fr\\\/\",\"name\":\"Refrigerant Gas Wholesale\",\"description\":\"AC Gas supplier\",\"publisher\":{\"@id\":\"https:\\\/\\\/refrigerant-wholesale.com\\\/fr\\\/#organization\"},\"potentialAction\":[{\"@type\":\"SearchAction\",\"target\":{\"@type\":\"EntryPoint\",\"urlTemplate\":\"https:\\\/\\\/refrigerant-wholesale.com\\\/fr\\\/?s={search_term_string}\"},\"query-input\":{\"@type\":\"PropertyValueSpecification\",\"valueRequired\":true,\"valueName\":\"search_term_string\"}}],\"inLanguage\":\"fr-FR\"},{\"@type\":\"Organization\",\"@id\":\"https:\\\/\\\/refrigerant-wholesale.com\\\/fr\\\/#organization\",\"name\":\"Refrigerant Gas Wholesale\",\"url\":\"https:\\\/\\\/refrigerant-wholesale.com\\\/fr\\\/\",\"logo\":{\"@type\":\"ImageObject\",\"inLanguage\":\"fr-FR\",\"@id\":\"https:\\\/\\\/refrigerant-wholesale.com\\\/fr\\\/#\\\/schema\\\/logo\\\/image\\\/\",\"url\":\"http:\\\/\\\/refrigerant-wholesale.com\\\/wp-content\\\/uploads\\\/2024\\\/04\\\/refrigerant-logo.png\",\"contentUrl\":\"http:\\\/\\\/refrigerant-wholesale.com\\\/wp-content\\\/uploads\\\/2024\\\/04\\\/refrigerant-logo.png\",\"width\":400,\"height\":84,\"caption\":\"Refrigerant Gas Wholesale\"},\"image\":{\"@id\":\"https:\\\/\\\/refrigerant-wholesale.com\\\/fr\\\/#\\\/schema\\\/logo\\\/image\\\/\"},\"sameAs\":[\"https:\\\/\\\/www.facebook.com\\\/refrigerantwholesale\"]}]}<\/script>\n<!-- \/ Yoast SEO Premium plugin. -->","yoast_head_json":{"title":"R-404A Refrigerant Wholesale | Discount R404A Wholesale Price","description":"Acheter R-404A Refrigerant wholesale price. Obtenez des r\u00e9ductions sur le prix de gros de R404A. Produits 100% authentiques. Livraison rapide dans le monde entier","robots":{"index":"index","follow":"follow","max-snippet":"max-snippet:-1","max-image-preview":"max-image-preview:large","max-video-preview":"max-video-preview:-1"},"canonical":"https:\/\/refrigerant-wholesale.com\/fr\/product\/palette-complete-r-404a-40-bouteilles\/","og_locale":"fr_FR","og_type":"article","og_title":"Palette compl\u00e8te R-404A (40 bouteilles)","og_description":"Acheter R-404A Refrigerant wholesale price. Obtenez des r\u00e9ductions sur le prix de gros de R404A. Produits 100% authentiques. Livraison rapide dans le monde entier","og_url":"https:\/\/refrigerant-wholesale.com\/fr\/product\/palette-complete-r-404a-40-bouteilles\/","og_site_name":"Refrigerant Gas Wholesale","article_publisher":"https:\/\/www.facebook.com\/refrigerantwholesale","article_modified_time":"2025-03-01T21:25:46+00:00","og_image":[{"width":1000,"height":1000,"url":"http:\/\/refrigerant-wholesale.com\/wp-content\/uploads\/2024\/07\/404A-40.jpg","type":"image\/jpeg"}],"twitter_card":"summary_large_image","twitter_misc":{"Dur\u00e9e de lecture estim\u00e9e":"4 minutes"},"schema":{"@context":"https:\/\/schema.org","@graph":[{"@type":"WebPage","@id":"https:\/\/refrigerant-wholesale.com\/fr\/product\/palette-complete-r-404a-40-bouteilles\/","url":"https:\/\/refrigerant-wholesale.com\/fr\/product\/palette-complete-r-404a-40-bouteilles\/","name":"R-404A Refrigerant Wholesale | Discount R404A Wholesale Price","isPartOf":{"@id":"https:\/\/refrigerant-wholesale.com\/fr\/#website"},"primaryImageOfPage":{"@id":"https:\/\/refrigerant-wholesale.com\/fr\/product\/palette-complete-r-404a-40-bouteilles\/#primaryimage"},"image":{"@id":"https:\/\/refrigerant-wholesale.com\/fr\/product\/palette-complete-r-404a-40-bouteilles\/#primaryimage"},"thumbnailUrl":"https:\/\/refrigerant-wholesale.com\/wp-content\/uploads\/2024\/07\/404A-40.jpg","datePublished":"2024-07-13T23:38:23+00:00","dateModified":"2025-03-01T21:25:46+00:00","description":"Acheter R-404A Refrigerant wholesale price. Obtenez des r\u00e9ductions sur le prix de gros de R404A. Produits 100% authentiques. Livraison rapide dans le monde entier","breadcrumb":{"@id":"https:\/\/refrigerant-wholesale.com\/fr\/product\/palette-complete-r-404a-40-bouteilles\/#breadcrumb"},"inLanguage":"fr-FR","potentialAction":[{"@type":"ReadAction","target":["https:\/\/refrigerant-wholesale.com\/fr\/product\/palette-complete-r-404a-40-bouteilles\/"]}]},{"@type":"ImageObject","inLanguage":"fr-FR","@id":"https:\/\/refrigerant-wholesale.com\/fr\/product\/palette-complete-r-404a-40-bouteilles\/#primaryimage","url":"https:\/\/refrigerant-wholesale.com\/wp-content\/uploads\/2024\/07\/404A-40.jpg","contentUrl":"https:\/\/refrigerant-wholesale.com\/wp-content\/uploads\/2024\/07\/404A-40.jpg","width":1000,"height":1000,"caption":"R404a Refrigerant Supplier, R404a Refrigerant, R404a, Refrigerant R404a, R 404a freon, Buy R404a refrigerant, R404a refrigerant for sale, R404A Wholesale Price"},{"@type":"BreadcrumbList","@id":"https:\/\/refrigerant-wholesale.com\/fr\/product\/palette-complete-r-404a-40-bouteilles\/#breadcrumb","itemListElement":[{"@type":"ListItem","position":1,"name":"Home","item":"https:\/\/refrigerant-wholesale.com\/fr\/"},{"@type":"ListItem","position":2,"name":"Boutique","item":"https:\/\/refrigerant-wholesale.com\/fr\/boutique\/"},{"@type":"ListItem","position":3,"name":"Palette compl\u00e8te R-404A (40 bouteilles)"}]},{"@type":"WebSite","@id":"https:\/\/refrigerant-wholesale.com\/fr\/#website","url":"https:\/\/refrigerant-wholesale.com\/fr\/","name":"Refrigerant Gas Wholesale","description":"AC Gas supplier","publisher":{"@id":"https:\/\/refrigerant-wholesale.com\/fr\/#organization"},"potentialAction":[{"@type":"SearchAction","target":{"@type":"EntryPoint","urlTemplate":"https:\/\/refrigerant-wholesale.com\/fr\/?s={search_term_string}"},"query-input":{"@type":"PropertyValueSpecification","valueRequired":true,"valueName":"search_term_string"}}],"inLanguage":"fr-FR"},{"@type":"Organization","@id":"https:\/\/refrigerant-wholesale.com\/fr\/#organization","name":"Refrigerant Gas Wholesale","url":"https:\/\/refrigerant-wholesale.com\/fr\/","logo":{"@type":"ImageObject","inLanguage":"fr-FR","@id":"https:\/\/refrigerant-wholesale.com\/fr\/#\/schema\/logo\/image\/","url":"http:\/\/refrigerant-wholesale.com\/wp-content\/uploads\/2024\/04\/refrigerant-logo.png","contentUrl":"http:\/\/refrigerant-wholesale.com\/wp-content\/uploads\/2024\/04\/refrigerant-logo.png","width":400,"height":84,"caption":"Refrigerant Gas Wholesale"},"image":{"@id":"https:\/\/refrigerant-wholesale.com\/fr\/#\/schema\/logo\/image\/"},"sameAs":["https:\/\/www.facebook.com\/refrigerantwholesale"]}]}},"_links":{"self":[{"href":"https:\/\/refrigerant-wholesale.com\/fr\/wp-json\/wp\/v2\/product\/2158","targetHints":{"allow":["GET"]}}],"collection":[{"href":"https:\/\/refrigerant-wholesale.com\/fr\/wp-json\/wp\/v2\/product"}],"about":[{"href":"https:\/\/refrigerant-wholesale.com\/fr\/wp-json\/wp\/v2\/types\/product"}],"replies":[{"embeddable":true,"href":"https:\/\/refrigerant-wholesale.com\/fr\/wp-json\/wp\/v2\/comments?post=2158"}],"wp:featuredmedia":[{"embeddable":true,"href":"https:\/\/refrigerant-wholesale.com\/fr\/wp-json\/wp\/v2\/media\/1557"}],"wp:attachment":[{"href":"https:\/\/refrigerant-wholesale.com\/fr\/wp-json\/wp\/v2\/media?parent=2158"}],"wp:term":[{"taxonomy":"product_brand","embeddable":true,"href":"https:\/\/refrigerant-wholesale.com\/fr\/wp-json\/wp\/v2\/product_brand?post=2158"},{"taxonomy":"product_cat","embeddable":true,"href":"https:\/\/refrigerant-wholesale.com\/fr\/wp-json\/wp\/v2\/product_cat?post=2158"},{"taxonomy":"product_tag","embeddable":true,"href":"https:\/\/refrigerant-wholesale.com\/fr\/wp-json\/wp\/v2\/product_tag?post=2158"}],"curies":[{"name":"wp","href":"https:\/\/api.w.org\/{rel}","templated":true}]}}