{"id":2153,"date":"2024-07-13T23:51:21","date_gmt":"2024-07-13T23:51:21","guid":{"rendered":"https:\/\/refrigerant-wholesale.com\/product\/palette-complete-r-407c-40-bouteilles\/"},"modified":"2025-03-01T21:25:42","modified_gmt":"2025-03-01T21:25:42","slug":"palette-complete-r-407c-40-bouteilles","status":"publish","type":"product","link":"https:\/\/refrigerant-wholesale.com\/fr\/product\/palette-complete-r-407c-40-bouteilles\/","title":{"rendered":"Palette compl\u00e8te R-407C (40 bouteilles)"},"content":{"rendered":"<h3><strong>Grossiste R\u00e9frig\u00e9rant R-407C : Votre meilleure source de qualit\u00e9, de prix et de disponibilit\u00e9<\/strong><\/h3>\n<p>Vous recherchez un fournisseur fiable de <strong>r\u00e9frig\u00e9rant R-407C<\/strong> au prix de gros ? Ne cherchez pas plus loin ! Notre r\u00e9frig\u00e9rant de haute qualit\u00e9, respectueux de l&rsquo;environnement, est id\u00e9al pour les syst\u00e8mes de climatisation, de r\u00e9frig\u00e9ration et de <a href=\"https:\/\/refrigerant-wholesale.com\/fr\/\">CVC<\/a>. En tant que distributeur en gros de confiance, nous proposons du <strong>r\u00e9frig\u00e9rant R-407C en vrac<\/strong> \u00e0 des prix comp\u00e9titifs, ce qui vous permet d&rsquo;obtenir le meilleur rapport qualit\u00e9-prix pour votre investissement.   <\/p>\n<h3>Pourquoi choisir le r\u00e9frig\u00e9rant R-407C ?<\/h3>\n<p>Le R-407C est un r\u00e9frig\u00e9rant largement utilis\u00e9, qui n&rsquo;appauvrit pas la couche d&rsquo;ozone, ce qui en fait une excellente alternative au R-22, qui sera progressivement \u00e9limin\u00e9. Il s&rsquo;agit d&rsquo;un m\u00e9lange d&rsquo;hydrofluorocarbures (HFC) sp\u00e9cifiquement formul\u00e9 pour fournir un refroidissement efficace dans les climatiseurs et les syst\u00e8mes de r\u00e9frig\u00e9ration commerciale. Lorsque vous achetez du <strong>fluide frigorig\u00e8ne R407C en gros<\/strong>, vous obtenez non seulement des performances optimales, mais vous vous alignez \u00e9galement sur les r\u00e9glementations environnementales. En outre, ce r\u00e9frig\u00e9rant offre une meilleure efficacit\u00e9 \u00e9nerg\u00e9tique et est compatible avec les syst\u00e8mes R-22 existants apr\u00e8s un processus de mise \u00e0 niveau.   <\/p>\n<h3>Avantages de l&rsquo;achat en gros de r\u00e9frig\u00e9rant R407C<\/h3>\n<p>L&rsquo;achat de <strong>r\u00e9frig\u00e9rant R-407C en vrac<\/strong> pr\u00e9sente plusieurs avantages : <\/p>\n<ul>\n<li><strong>\u00c9conomies<\/strong>: <a href=\"https:\/\/www.google.com\/search?q=R-407C+Refrigerant+Wholesale&amp;sca_esv=ae835b5694662882&amp;biw=1463&amp;bih=662&amp;sxsrf=ADLYWIJQafxM6p61Qn0K5SyJmOrd6LB6cA%3A1728733984906&amp;ei=IGMKZ5P7NoC8xc8PhIrYiA0&amp;ved=0ahUKEwiTi9P444iJAxUAXvEDHQQFFtE4HhDh1QMIDw&amp;uact=5&amp;oq=R-407C+Refrigerant+Wholesale&amp;gs_lp=Egxnd3Mtd2l6LXNlcnAiHFItNDA3QyBSZWZyaWdlcmFudCBXaG9sZXNhbGUyChAAGAgYDRgeGA8yCxAAGIAEGIYDGIoFMgsQABiABBiGAxiKBTILEAAYgAQYhgMYigUyCxAAGIAEGIYDGIoFMggQABiABBiiBDIIEAAYgAQYogQyCBAAGIAEGKIEMggQABiABBiiBDIIEAAYgAQYogRI1AdQAFgAcAB4AJABAJgBtgGgAbYBqgEDMC4xuAEDyAEA-AEC-AEBmAIBoAK_AZgDAJIHAzAuMaAHuQg&amp;sclient=gws-wiz-serp\">Le prix de<\/a> gros du r\u00e9frig\u00e9rant R-407C vous permet d&rsquo;\u00e9conomiser de l&rsquo;argent, en particulier si vous avez r\u00e9guli\u00e8rement besoin de r\u00e9frig\u00e9rant pour de grands projets.<\/li>\n<li><strong>Grande disponibilit\u00e9<\/strong>: Lorsque vous vous approvisionnez aupr\u00e8s d&rsquo;un fournisseur r\u00e9put\u00e9, vous vous assurez que vos besoins en r\u00e9frig\u00e9rants sont toujours satisfaits. Vous \u00e9vitez les retards qui peuvent avoir un impact sur le calendrier du projet. <\/li>\n<li><strong>Durabilit\u00e9<\/strong>: Le R-407C est un r\u00e9frig\u00e9rant durable et respectueux de l&rsquo;environnement. Il aide votre entreprise \u00e0 s&rsquo;aligner sur les pratiques \u00e9cologiques, ce qui peut \u00eatre un argument de vente important sur le march\u00e9 actuel. <\/li>\n<li><strong>Performance<\/strong>: Le R-407C offre des performances fiables dans divers syst\u00e8mes, garantissant que les besoins de refroidissement et de r\u00e9frig\u00e9ration sont satisfaits de mani\u00e8re efficace.<\/li>\n<\/ul>\n<h2>Pourquoi acheter chez nous ?<\/h2>\n<p>Nous comprenons que l&rsquo;achat de r\u00e9frig\u00e9rants en gros est un investissement important. C&rsquo;est pourquoi nous n&rsquo;offrons pas seulement le produit, mais une solution compl\u00e8te pour vos besoins en CVC et en r\u00e9frig\u00e9ration. Voici quelques raisons pour lesquelles nos clients nous font confiance en tant que <strong>fournisseur de r\u00e9frig\u00e9rant R-407C<\/strong>:  <\/p>\n<ul>\n<li><strong>Des prix de gros comp\u00e9titifs<\/strong>: Nous proposons des prix tr\u00e8s comp\u00e9titifs pour les achats en gros, ce qui vous permet de maximiser votre budget.<\/li>\n<li><strong>Exp\u00e9dition rapide<\/strong>: Nous proposons des options d&rsquo;exp\u00e9dition rapides et fiables afin que votre r\u00e9frig\u00e9rant vous parvienne rapidement, minimisant ainsi les temps d&rsquo;arr\u00eat.<\/li>\n<li><strong>Normes de haute qualit\u00e9<\/strong>: Notre <strong>r\u00e9frig\u00e9rant R-407C<\/strong> r\u00e9pond \u00e0 toutes les normes internationales de qualit\u00e9 et de s\u00e9curit\u00e9, ce qui garantit son efficacit\u00e9 dans diverses applications.<\/li>\n<li><strong>Un service client expert<\/strong>: Notre \u00e9quipe d&rsquo;experts en CVC et en r\u00e9frig\u00e9ration est pr\u00eate \u00e0 vous aider \u00e0 s\u00e9lectionner les produits, \u00e0 les utiliser et \u00e0 les d\u00e9panner.<\/li>\n<\/ul>\n<h2>Commandez votre r\u00e9frig\u00e9rant R-407C d\u00e8s aujourd&rsquo;hui !<\/h2>\n<p>Lorsque vous avez besoin de commander du <strong>r\u00e9frig\u00e9rant R-407C en gros<\/strong>, nous sommes l\u00e0 pour vous aider. Que vous g\u00e9riez de grands projets de CVC commerciaux, que vous modernisiez d&rsquo;anciens syst\u00e8mes ou que vous fassiez des r\u00e9serves pour vos besoins futurs, notre approvisionnement en r\u00e9frig\u00e9rant R-407C de haute qualit\u00e9 est parfait pour votre entreprise. Avec nos prix comp\u00e9titifs et notre service \u00e0 la client\u00e8le exceptionnel, vous constaterez que nous sommes votre fournisseur de choix.  <\/p>\n<p>N&rsquo;attendez pas &#8211; contactez-nous d\u00e8s aujourd&rsquo;hui pour obtenir votre <strong>r\u00e9frig\u00e9rant R407C au prix de gros<\/strong>. Assurez le bon fonctionnement de vos syst\u00e8mes gr\u00e2ce \u00e0 nos produits de qualit\u00e9 sup\u00e9rieure ! <\/p>\n","protected":false},"excerpt":{"rendered":"<p><img loading=\"lazy\" decoding=\"async\" class=\"alignnone wp-image-437 aligncenter\" src=\"http:\/\/refrigerant-wholesale.com\/wp-content\/uploads\/2024\/03\/Screenshot-69.png\" alt=\"\" width=\"207\" height=\"50\"><\/p>\n<h4 style=\"text-align: center;\"><img loading=\"lazy\" decoding=\"async\" class=\"alignnone wp-image-744\" src=\"http:\/\/refrigerant-wholesale.com\/wp-content\/uploads\/2024\/07\/removal.ai_8ca2a79e-d09f-4bd1-a4fe-c4c69f1a4386_Trade-Assurance-381x400.png\" alt=\"R\u00e9frig\u00e9rants WS\" width=\"24\" height=\"25\" srcset=\"https:\/\/refrigerant-wholesale.com\/wp-content\/uploads\/2024\/07\/removal.ai_8ca2a79e-d09f-4bd1-a4fe-c4c69f1a4386_Trade-Assurance-381x400.png 381w, https:\/\/refrigerant-wholesale.com\/wp-content\/uploads\/2024\/07\/removal.ai_8ca2a79e-d09f-4bd1-a4fe-c4c69f1a4386_Trade-Assurance-100x100.png 100w, https:\/\/refrigerant-wholesale.com\/wp-content\/uploads\/2024\/07\/removal.ai_8ca2a79e-d09f-4bd1-a4fe-c4c69f1a4386_Trade-Assurance-280x280.png 280w, https:\/\/refrigerant-wholesale.com\/wp-content\/uploads\/2024\/07\/removal.ai_8ca2a79e-d09f-4bd1-a4fe-c4c69f1a4386_Trade-Assurance.png 388w\" sizes=\"auto, (max-width: 24px) 100vw, 24px\" \/>ASSURANCE COMMERCIALE<\/h4>\n<div class=\"gmail-textwidget gmail-custom-html-widget\">\n<h6 style=\"text-align: center;\">Exp\u00e9dition : Livraison dans le monde entier<\/h6>\n<h6 style=\"text-align: center;\">(Demande personnalis\u00e9e acceptable)<\/h6>\n<p style=\"text-align: center;\">100% VIRGIN Scell\u00e9 en usine GARANTIE<\/p>\n<p style=\"text-align: center;\"><a href=\"http:\/\/refrigerant-wholesale.com\/wp-content\/uploads\/2024\/07\/SDS-R134a.pdf\" target=\"_self\" class=\"button primary is-green is-small\"  >\n    <span>T\u00e9l\u00e9chargez la fiche technique sur la s\u00e9curit\u00e9<\/span>\n  <\/a>\n\n<\/div>\n","protected":false},"featured_media":1566,"comment_status":"open","ping_status":"closed","template":"","meta":[],"product_brand":[],"product_cat":[269,328],"product_tag":[],"class_list":{"0":"post-2153","1":"product","2":"type-product","3":"status-publish","4":"has-post-thumbnail","6":"product_cat-non-categorise","7":"product_cat-r407c","9":"first","10":"instock","11":"shipping-taxable","12":"product-type-simple"},"yoast_head":"<!-- This site is optimized with the Yoast SEO Premium plugin v27.0 (Yoast SEO v27.3) - https:\/\/yoast.com\/product\/yoast-seo-premium-wordpress\/ -->\n<title>R\u00e9frig\u00e9rant R-407C Prix de gros | R\u00e9frig\u00e9rant R-407C en vrac<\/title>\n<meta name=\"description\" content=\"Acheter R-407C Refrigerant Wholesale price. R\u00e9frig\u00e9rant R-407C en vrac. Produits 100% authentiques. R407C wholesale Livraison rapide dans le monde entier\" \/>\n<meta name=\"robots\" content=\"index, follow, max-snippet:-1, max-image-preview:large, max-video-preview:-1\" \/>\n<link rel=\"canonical\" href=\"https:\/\/refrigerant-wholesale.com\/fr\/product\/palette-complete-r-407c-40-bouteilles\/\" \/>\n<meta property=\"og:locale\" content=\"fr_FR\" \/>\n<meta property=\"og:type\" content=\"article\" \/>\n<meta property=\"og:title\" content=\"Palette compl\u00e8te R-407C (40 bouteilles)\" \/>\n<meta property=\"og:description\" content=\"Acheter R-407C Refrigerant Wholesale price. R\u00e9frig\u00e9rant R-407C en vrac. Produits 100% authentiques. R407C wholesale Livraison rapide dans le monde entier\" \/>\n<meta property=\"og:url\" content=\"https:\/\/refrigerant-wholesale.com\/fr\/product\/palette-complete-r-407c-40-bouteilles\/\" \/>\n<meta property=\"og:site_name\" content=\"Refrigerant Gas Wholesale\" \/>\n<meta property=\"article:publisher\" content=\"https:\/\/www.facebook.com\/refrigerantwholesale\" \/>\n<meta property=\"article:modified_time\" content=\"2025-03-01T21:25:42+00:00\" \/>\n<meta property=\"og:image\" content=\"http:\/\/refrigerant-wholesale.com\/wp-content\/uploads\/2024\/07\/407C-40.jpg\" \/>\n\t<meta property=\"og:image:width\" content=\"1000\" \/>\n\t<meta property=\"og:image:height\" content=\"1000\" \/>\n\t<meta property=\"og:image:type\" content=\"image\/jpeg\" \/>\n<meta name=\"twitter:card\" content=\"summary_large_image\" \/>\n<meta name=\"twitter:label1\" content=\"Dur\u00e9e de lecture estim\u00e9e\" \/>\n\t<meta name=\"twitter:data1\" content=\"3 minutes\" \/>\n<script type=\"application\/ld+json\" class=\"yoast-schema-graph\">{\"@context\":\"https:\\\/\\\/schema.org\",\"@graph\":[{\"@type\":\"WebPage\",\"@id\":\"https:\\\/\\\/refrigerant-wholesale.com\\\/fr\\\/product\\\/palette-complete-r-407c-40-bouteilles\\\/\",\"url\":\"https:\\\/\\\/refrigerant-wholesale.com\\\/fr\\\/product\\\/palette-complete-r-407c-40-bouteilles\\\/\",\"name\":\"R\u00e9frig\u00e9rant R-407C Prix de gros | R\u00e9frig\u00e9rant R-407C en vrac\",\"isPartOf\":{\"@id\":\"https:\\\/\\\/refrigerant-wholesale.com\\\/fr\\\/#website\"},\"primaryImageOfPage\":{\"@id\":\"https:\\\/\\\/refrigerant-wholesale.com\\\/fr\\\/product\\\/palette-complete-r-407c-40-bouteilles\\\/#primaryimage\"},\"image\":{\"@id\":\"https:\\\/\\\/refrigerant-wholesale.com\\\/fr\\\/product\\\/palette-complete-r-407c-40-bouteilles\\\/#primaryimage\"},\"thumbnailUrl\":\"https:\\\/\\\/refrigerant-wholesale.com\\\/wp-content\\\/uploads\\\/2024\\\/07\\\/407C-40.jpg\",\"datePublished\":\"2024-07-13T23:51:21+00:00\",\"dateModified\":\"2025-03-01T21:25:42+00:00\",\"description\":\"Acheter R-407C Refrigerant Wholesale price. R\u00e9frig\u00e9rant R-407C en vrac. Produits 100% authentiques. R407C wholesale Livraison rapide dans le monde entier\",\"breadcrumb\":{\"@id\":\"https:\\\/\\\/refrigerant-wholesale.com\\\/fr\\\/product\\\/palette-complete-r-407c-40-bouteilles\\\/#breadcrumb\"},\"inLanguage\":\"fr-FR\",\"potentialAction\":[{\"@type\":\"ReadAction\",\"target\":[\"https:\\\/\\\/refrigerant-wholesale.com\\\/fr\\\/product\\\/palette-complete-r-407c-40-bouteilles\\\/\"]}]},{\"@type\":\"ImageObject\",\"inLanguage\":\"fr-FR\",\"@id\":\"https:\\\/\\\/refrigerant-wholesale.com\\\/fr\\\/product\\\/palette-complete-r-407c-40-bouteilles\\\/#primaryimage\",\"url\":\"https:\\\/\\\/refrigerant-wholesale.com\\\/wp-content\\\/uploads\\\/2024\\\/07\\\/407C-40.jpg\",\"contentUrl\":\"https:\\\/\\\/refrigerant-wholesale.com\\\/wp-content\\\/uploads\\\/2024\\\/07\\\/407C-40.jpg\",\"width\":1000,\"height\":1000,\"caption\":\"R407c Refrigerant Supplier, R407c Refrigerant, R407c, Refrigerant R407c, R 407c freon\"},{\"@type\":\"BreadcrumbList\",\"@id\":\"https:\\\/\\\/refrigerant-wholesale.com\\\/fr\\\/product\\\/palette-complete-r-407c-40-bouteilles\\\/#breadcrumb\",\"itemListElement\":[{\"@type\":\"ListItem\",\"position\":1,\"name\":\"Home\",\"item\":\"https:\\\/\\\/refrigerant-wholesale.com\\\/fr\\\/\"},{\"@type\":\"ListItem\",\"position\":2,\"name\":\"Boutique\",\"item\":\"https:\\\/\\\/refrigerant-wholesale.com\\\/fr\\\/boutique\\\/\"},{\"@type\":\"ListItem\",\"position\":3,\"name\":\"Palette compl\u00e8te R-407C (40 bouteilles)\"}]},{\"@type\":\"WebSite\",\"@id\":\"https:\\\/\\\/refrigerant-wholesale.com\\\/fr\\\/#website\",\"url\":\"https:\\\/\\\/refrigerant-wholesale.com\\\/fr\\\/\",\"name\":\"Refrigerant Gas Wholesale\",\"description\":\"AC Gas supplier\",\"publisher\":{\"@id\":\"https:\\\/\\\/refrigerant-wholesale.com\\\/fr\\\/#organization\"},\"potentialAction\":[{\"@type\":\"SearchAction\",\"target\":{\"@type\":\"EntryPoint\",\"urlTemplate\":\"https:\\\/\\\/refrigerant-wholesale.com\\\/fr\\\/?s={search_term_string}\"},\"query-input\":{\"@type\":\"PropertyValueSpecification\",\"valueRequired\":true,\"valueName\":\"search_term_string\"}}],\"inLanguage\":\"fr-FR\"},{\"@type\":\"Organization\",\"@id\":\"https:\\\/\\\/refrigerant-wholesale.com\\\/fr\\\/#organization\",\"name\":\"Refrigerant Gas Wholesale\",\"url\":\"https:\\\/\\\/refrigerant-wholesale.com\\\/fr\\\/\",\"logo\":{\"@type\":\"ImageObject\",\"inLanguage\":\"fr-FR\",\"@id\":\"https:\\\/\\\/refrigerant-wholesale.com\\\/fr\\\/#\\\/schema\\\/logo\\\/image\\\/\",\"url\":\"http:\\\/\\\/refrigerant-wholesale.com\\\/wp-content\\\/uploads\\\/2024\\\/04\\\/refrigerant-logo.png\",\"contentUrl\":\"http:\\\/\\\/refrigerant-wholesale.com\\\/wp-content\\\/uploads\\\/2024\\\/04\\\/refrigerant-logo.png\",\"width\":400,\"height\":84,\"caption\":\"Refrigerant Gas Wholesale\"},\"image\":{\"@id\":\"https:\\\/\\\/refrigerant-wholesale.com\\\/fr\\\/#\\\/schema\\\/logo\\\/image\\\/\"},\"sameAs\":[\"https:\\\/\\\/www.facebook.com\\\/refrigerantwholesale\"]}]}<\/script>\n<!-- \/ Yoast SEO Premium plugin. -->","yoast_head_json":{"title":"R\u00e9frig\u00e9rant R-407C Prix de gros | R\u00e9frig\u00e9rant R-407C en vrac","description":"Acheter R-407C Refrigerant Wholesale price. R\u00e9frig\u00e9rant R-407C en vrac. Produits 100% authentiques. R407C wholesale Livraison rapide dans le monde entier","robots":{"index":"index","follow":"follow","max-snippet":"max-snippet:-1","max-image-preview":"max-image-preview:large","max-video-preview":"max-video-preview:-1"},"canonical":"https:\/\/refrigerant-wholesale.com\/fr\/product\/palette-complete-r-407c-40-bouteilles\/","og_locale":"fr_FR","og_type":"article","og_title":"Palette compl\u00e8te R-407C (40 bouteilles)","og_description":"Acheter R-407C Refrigerant Wholesale price. R\u00e9frig\u00e9rant R-407C en vrac. Produits 100% authentiques. R407C wholesale Livraison rapide dans le monde entier","og_url":"https:\/\/refrigerant-wholesale.com\/fr\/product\/palette-complete-r-407c-40-bouteilles\/","og_site_name":"Refrigerant Gas Wholesale","article_publisher":"https:\/\/www.facebook.com\/refrigerantwholesale","article_modified_time":"2025-03-01T21:25:42+00:00","og_image":[{"width":1000,"height":1000,"url":"http:\/\/refrigerant-wholesale.com\/wp-content\/uploads\/2024\/07\/407C-40.jpg","type":"image\/jpeg"}],"twitter_card":"summary_large_image","twitter_misc":{"Dur\u00e9e de lecture estim\u00e9e":"3 minutes"},"schema":{"@context":"https:\/\/schema.org","@graph":[{"@type":"WebPage","@id":"https:\/\/refrigerant-wholesale.com\/fr\/product\/palette-complete-r-407c-40-bouteilles\/","url":"https:\/\/refrigerant-wholesale.com\/fr\/product\/palette-complete-r-407c-40-bouteilles\/","name":"R\u00e9frig\u00e9rant R-407C Prix de gros | R\u00e9frig\u00e9rant R-407C en vrac","isPartOf":{"@id":"https:\/\/refrigerant-wholesale.com\/fr\/#website"},"primaryImageOfPage":{"@id":"https:\/\/refrigerant-wholesale.com\/fr\/product\/palette-complete-r-407c-40-bouteilles\/#primaryimage"},"image":{"@id":"https:\/\/refrigerant-wholesale.com\/fr\/product\/palette-complete-r-407c-40-bouteilles\/#primaryimage"},"thumbnailUrl":"https:\/\/refrigerant-wholesale.com\/wp-content\/uploads\/2024\/07\/407C-40.jpg","datePublished":"2024-07-13T23:51:21+00:00","dateModified":"2025-03-01T21:25:42+00:00","description":"Acheter R-407C Refrigerant Wholesale price. R\u00e9frig\u00e9rant R-407C en vrac. Produits 100% authentiques. R407C wholesale Livraison rapide dans le monde entier","breadcrumb":{"@id":"https:\/\/refrigerant-wholesale.com\/fr\/product\/palette-complete-r-407c-40-bouteilles\/#breadcrumb"},"inLanguage":"fr-FR","potentialAction":[{"@type":"ReadAction","target":["https:\/\/refrigerant-wholesale.com\/fr\/product\/palette-complete-r-407c-40-bouteilles\/"]}]},{"@type":"ImageObject","inLanguage":"fr-FR","@id":"https:\/\/refrigerant-wholesale.com\/fr\/product\/palette-complete-r-407c-40-bouteilles\/#primaryimage","url":"https:\/\/refrigerant-wholesale.com\/wp-content\/uploads\/2024\/07\/407C-40.jpg","contentUrl":"https:\/\/refrigerant-wholesale.com\/wp-content\/uploads\/2024\/07\/407C-40.jpg","width":1000,"height":1000,"caption":"R407c Refrigerant Supplier, R407c Refrigerant, R407c, Refrigerant R407c, R 407c freon"},{"@type":"BreadcrumbList","@id":"https:\/\/refrigerant-wholesale.com\/fr\/product\/palette-complete-r-407c-40-bouteilles\/#breadcrumb","itemListElement":[{"@type":"ListItem","position":1,"name":"Home","item":"https:\/\/refrigerant-wholesale.com\/fr\/"},{"@type":"ListItem","position":2,"name":"Boutique","item":"https:\/\/refrigerant-wholesale.com\/fr\/boutique\/"},{"@type":"ListItem","position":3,"name":"Palette compl\u00e8te R-407C (40 bouteilles)"}]},{"@type":"WebSite","@id":"https:\/\/refrigerant-wholesale.com\/fr\/#website","url":"https:\/\/refrigerant-wholesale.com\/fr\/","name":"Refrigerant Gas Wholesale","description":"AC Gas supplier","publisher":{"@id":"https:\/\/refrigerant-wholesale.com\/fr\/#organization"},"potentialAction":[{"@type":"SearchAction","target":{"@type":"EntryPoint","urlTemplate":"https:\/\/refrigerant-wholesale.com\/fr\/?s={search_term_string}"},"query-input":{"@type":"PropertyValueSpecification","valueRequired":true,"valueName":"search_term_string"}}],"inLanguage":"fr-FR"},{"@type":"Organization","@id":"https:\/\/refrigerant-wholesale.com\/fr\/#organization","name":"Refrigerant Gas Wholesale","url":"https:\/\/refrigerant-wholesale.com\/fr\/","logo":{"@type":"ImageObject","inLanguage":"fr-FR","@id":"https:\/\/refrigerant-wholesale.com\/fr\/#\/schema\/logo\/image\/","url":"http:\/\/refrigerant-wholesale.com\/wp-content\/uploads\/2024\/04\/refrigerant-logo.png","contentUrl":"http:\/\/refrigerant-wholesale.com\/wp-content\/uploads\/2024\/04\/refrigerant-logo.png","width":400,"height":84,"caption":"Refrigerant Gas Wholesale"},"image":{"@id":"https:\/\/refrigerant-wholesale.com\/fr\/#\/schema\/logo\/image\/"},"sameAs":["https:\/\/www.facebook.com\/refrigerantwholesale"]}]}},"_links":{"self":[{"href":"https:\/\/refrigerant-wholesale.com\/fr\/wp-json\/wp\/v2\/product\/2153","targetHints":{"allow":["GET"]}}],"collection":[{"href":"https:\/\/refrigerant-wholesale.com\/fr\/wp-json\/wp\/v2\/product"}],"about":[{"href":"https:\/\/refrigerant-wholesale.com\/fr\/wp-json\/wp\/v2\/types\/product"}],"replies":[{"embeddable":true,"href":"https:\/\/refrigerant-wholesale.com\/fr\/wp-json\/wp\/v2\/comments?post=2153"}],"wp:featuredmedia":[{"embeddable":true,"href":"https:\/\/refrigerant-wholesale.com\/fr\/wp-json\/wp\/v2\/media\/1566"}],"wp:attachment":[{"href":"https:\/\/refrigerant-wholesale.com\/fr\/wp-json\/wp\/v2\/media?parent=2153"}],"wp:term":[{"taxonomy":"product_brand","embeddable":true,"href":"https:\/\/refrigerant-wholesale.com\/fr\/wp-json\/wp\/v2\/product_brand?post=2153"},{"taxonomy":"product_cat","embeddable":true,"href":"https:\/\/refrigerant-wholesale.com\/fr\/wp-json\/wp\/v2\/product_cat?post=2153"},{"taxonomy":"product_tag","embeddable":true,"href":"https:\/\/refrigerant-wholesale.com\/fr\/wp-json\/wp\/v2\/product_tag?post=2153"}],"curies":[{"name":"wp","href":"https:\/\/api.w.org\/{rel}","templated":true}]}}