{"id":2152,"date":"2024-07-13T23:32:46","date_gmt":"2024-07-13T23:32:46","guid":{"rendered":"https:\/\/refrigerant-wholesale.com\/product\/demi-palette-r-404a-20-bouteilles\/"},"modified":"2025-03-01T21:25:42","modified_gmt":"2025-03-01T21:25:42","slug":"demi-palette-r-404a-20-bouteilles","status":"publish","type":"product","link":"https:\/\/refrigerant-wholesale.com\/fr\/product\/demi-palette-r-404a-20-bouteilles\/","title":{"rendered":"Demi-palette R-404A (20 bouteilles)"},"content":{"rendered":"<h3><strong>Fournisseur de r\u00e9frig\u00e9rant R-404A de haute qualit\u00e9 pour les march\u00e9s mondiaux<\/strong><\/h3>\n<p>Vous recherchez un <strong>fournisseur<\/strong> fiable <strong>de r\u00e9frig\u00e9rant R-404A<\/strong> pour vos besoins en refroidissement ? Vous avez trouv\u00e9 le bon partenaire. Sur [Your Company Name], nous nous engageons \u00e0 fournir des fluides frigorig\u00e8nes de premi\u00e8re qualit\u00e9 \u00e0 nos clients dans le monde entier. Que vous soyez \u00e0 la t\u00eate d&rsquo;une petite entreprise ou que vous g\u00e9riez une op\u00e9ration de grande envergure, notre <strong>approvisionnement en<\/strong> <strong>gros de<\/strong> <strong>r\u00e9frig\u00e9rant R404A<\/strong> de haute qualit\u00e9 garantit que vos syst\u00e8mes de r\u00e9frig\u00e9ration fonctionnent de mani\u00e8re efficace et efficiente. Nous nous engageons \u00e0 r\u00e9pondre aux demandes de nos clients internationaux avec des livraisons rapides et des prix comp\u00e9titifs.    <\/p>\n<h3>Pourquoi choisir notre r\u00e9frig\u00e9rant R-404A ?<\/h3>\n<p>Choisir le bon fournisseur de r\u00e9frig\u00e9rant peut s&rsquo;av\u00e9rer d\u00e9licat, mais nous vous facilitons la t\u00e2che. Notre <a href=\"https:\/\/www.google.com\/search?q=r404a+refrigerant+suppliers&amp;sca_esv=8141674a718dc13d&amp;sxsrf=ADLYWIL5xbiyw09kTQWAI3pH4ZLnWHIAYw%3A1728428481472&amp;ei=wbkFZ4K1HICG7NYP_8CTCA&amp;ved=0ahUKEwjCmaHt8f-IAxUAA9sEHX_gBAEQ4dUDCA8&amp;uact=5&amp;oq=r404a+refrigerant+suppliers&amp;gs_lp=Egxnd3Mtd2l6LXNlcnAiG3I0MDRhIHJlZnJpZ2VyYW50IHN1cHBsaWVyczIFECEYoAEyBRAhGKABMgUQIRigAUi_N1CgB1iGC3ABeACQAQCYAY4BoAGgA6oBAzAuM7gBA8gBAPgBAZgCBKACtwPCAggQABiABBiwA8ICBxAAGLADGB7CAg4QABiABBiwAxiGAxiKBcICCxAAGIAEGLADGKIEwgIIECEYoAEYwwTCAggQABiABBiiBJgDAIgGAZAGCpIHAzEuM6AH3wo&amp;sclient=gws-wiz-serp\"><strong>R-404A<\/strong><\/a> est connu pour ses performances sup\u00e9rieures dans les applications de r\u00e9frig\u00e9ration commerciale. Il est id\u00e9al pour les syst\u00e8mes \u00e0 basse et moyenne temp\u00e9rature, tels que les supermarch\u00e9s, les usines de transformation alimentaire et les entrep\u00f4ts frigorifiques. En outre, le <strong>R404A<\/strong> est une solution \u00e9prouv\u00e9e dans les syst\u00e8mes neufs et les syst\u00e8mes de modernisation. De plus, lorsque vous vous approvisionnez chez nous, vous obtenez un produit de haute qualit\u00e9 soutenu par un service client exceptionnel.    <\/p>\n<h3>Exp\u00e9dition dans le monde entier et prix comp\u00e9titifs<\/h3>\n<p>Nous comprenons la demande mondiale de solutions de r\u00e9frig\u00e9ration efficaces. C&rsquo;est pourquoi nous proposons des <strong>livraisons dans le monde entier<\/strong> afin de garantir que nos clients, o\u00f9 qu&rsquo;ils se trouvent, re\u00e7oivent les r\u00e9frig\u00e9rants dont ils ont besoin. Que vous soyez en Europe, en Asie, en Afrique ou en Am\u00e9rique, notre \u00e9quipe logistique veille \u00e0 ce que vos commandes arrivent \u00e0 temps et en toute s\u00e9curit\u00e9. Nous pratiquons \u00e9galement des <strong>prix comp\u00e9titifs<\/strong> sur tous les march\u00e9s, ce qui vous permet de r\u00e9aliser des \u00e9conomies sans compromettre la qualit\u00e9. Faites-nous confiance pour vous livrer <a href=\"https:\/\/refrigerant-wholesale.com\/fr\/product-category\/r404a-fr\/\"><strong>r\u00e9frig\u00e9rant R-404A<\/strong><\/a> rapidement et efficacement sur votre site.    <\/p>\n<h3>R\u00e9frig\u00e9rants certifi\u00e9s et \u00e9cologiques<\/h3>\n<p>En tant que principal <strong>fournisseur de r\u00e9frig\u00e9rant R-404A<\/strong>, nous donnons la priorit\u00e9 au d\u00e9veloppement durable et au respect des normes environnementales internationales. Nos produits sont certifi\u00e9s et conformes \u00e0 toutes les r\u00e9glementations, ce qui permet \u00e0 votre entreprise de conserver une longueur d&rsquo;avance. En outre, le <strong>R404A<\/strong> est un r\u00e9frig\u00e9rant utilis\u00e9 depuis longtemps dans le monde entier, et nous investissons en permanence dans des solutions innovantes qui contribuent \u00e0 r\u00e9duire l&rsquo;impact sur l&rsquo;environnement. En nous choisissant, vous obtenez non seulement un r\u00e9frig\u00e9rant fiable, mais vous soutenez \u00e9galement une approche plus \u00e9cologique de la r\u00e9frig\u00e9ration.   <\/p>\n<h3>Un soutien exceptionnel \u00e0 la client\u00e8le<\/h3>\n<p>Nous sommes fiers d&rsquo;offrir un soutien exceptionnel \u00e0 tous nos clients. Que vous ayez des questions sur notre <strong>r\u00e9frig\u00e9rant R-404A<\/strong> ou que vous ayez besoin d&rsquo;aide pour passer votre commande, notre \u00e9quipe d&rsquo;experts est l\u00e0 pour vous aider. De plus, du choix du bon produit \u00e0 l&rsquo;exp\u00e9dition internationale, nous sommes \u00e0 vos c\u00f4t\u00e9s \u00e0 chaque \u00e9tape. Votre satisfaction est notre priorit\u00e9, et nous nous engageons \u00e0 vous fournir une exp\u00e9rience fluide et sans tracas.   <\/p>\n<h3>Contactez-nous d\u00e8s aujourd&rsquo;hui pour l&rsquo;approvisionnement en r\u00e9frig\u00e9rant R-404A<\/h3>\n<p>Vous recherchez un <strong>fournisseur de r\u00e9frig\u00e9rant R-404A<\/strong> fiable et rentable ? Contactez-nous d\u00e8s aujourd&rsquo;hui pour obtenir un devis et commencer \u00e0 b\u00e9n\u00e9ficier de nos produits et services de qualit\u00e9 sup\u00e9rieure. Laissez-nous aider votre entreprise \u00e0 fonctionner en douceur avec un <strong>approvisionnement en r\u00e9frig\u00e9rant R404A<\/strong> de premi\u00e8re qualit\u00e9 exp\u00e9di\u00e9 \u00e0 votre porte. N&rsquo;attendez pas &#8211; contactez-nous d\u00e8s maintenant et assurez-vous que vos syst\u00e8mes de r\u00e9frig\u00e9ration restent efficaces tout au long de l&rsquo;ann\u00e9e.   <\/p>\n<h4>R-404A 24 lb 35 lb avec bouteille et emballage  <\/h4>\n<p>&nbsp;<\/p>\n","protected":false},"excerpt":{"rendered":"<p><img loading=\"lazy\" decoding=\"async\" class=\"alignnone wp-image-437 aligncenter\" src=\"http:\/\/refrigerant-wholesale.com\/wp-content\/uploads\/2024\/03\/Screenshot-69.png\" alt=\"\" width=\"207\" height=\"50\"><\/p>\n<h4 style=\"text-align: center;\"><img loading=\"lazy\" decoding=\"async\" class=\"alignnone wp-image-744\" src=\"http:\/\/refrigerant-wholesale.com\/wp-content\/uploads\/2024\/07\/removal.ai_8ca2a79e-d09f-4bd1-a4fe-c4c69f1a4386_Trade-Assurance-381x400.png\" alt=\"R\u00e9frig\u00e9rants WS\" width=\"29\" height=\"31\" srcset=\"https:\/\/refrigerant-wholesale.com\/wp-content\/uploads\/2024\/07\/removal.ai_8ca2a79e-d09f-4bd1-a4fe-c4c69f1a4386_Trade-Assurance-381x400.png 381w, https:\/\/refrigerant-wholesale.com\/wp-content\/uploads\/2024\/07\/removal.ai_8ca2a79e-d09f-4bd1-a4fe-c4c69f1a4386_Trade-Assurance.png 388w\" sizes=\"auto, (max-width: 29px) 100vw, 29px\" \/>ASSURANCE COMMERCIALE<\/h4>\n<div class=\"gmail-textwidget gmail-custom-html-widget\">\n<h6 style=\"text-align: center;\">Exp\u00e9dition : Livraison dans le monde entier<\/h6>\n<h6 style=\"text-align: center;\">(Demande personnalis\u00e9e acceptable)<\/h6>\n<p style=\"text-align: center;\">100% VIRGIN Scell\u00e9 en usine GARANTIE<\/p>\n<p style=\"text-align: center;\"><a href=\"http:\/\/refrigerant-wholesale.com\/wp-content\/uploads\/2024\/07\/SDS-R404A.pdf\" target=\"_self\" class=\"button primary is-green is-small\"  >\n    <span>T\u00e9l\u00e9chargez la fiche technique sur la s\u00e9curit\u00e9<\/span>\n  <\/a>\n\n<\/div>\n","protected":false},"featured_media":1554,"comment_status":"open","ping_status":"closed","template":"","meta":[],"product_brand":[],"product_cat":[269,412],"product_tag":[],"class_list":{"0":"post-2152","1":"product","2":"type-product","3":"status-publish","4":"has-post-thumbnail","6":"product_cat-non-categorise","7":"product_cat-r404a-fr","9":"first","10":"instock","11":"shipping-taxable","12":"product-type-simple"},"yoast_head":"<!-- This site is optimized with the Yoast SEO Premium plugin v27.0 (Yoast SEO v27.3) - https:\/\/yoast.com\/product\/yoast-seo-premium-wordpress\/ -->\n<title>Fournisseur de r\u00e9frig\u00e9rant R-404A | Fourniture en gros de r\u00e9frig\u00e9rant R404A<\/title>\n<meta name=\"description\" content=\"Best Wholesale R-404A refrigerant supplier. Fourniture fiable de r\u00e9frig\u00e9rant R404A en gros. Produits 100% authentiques. Livraison rapide dans le monde entier.\" \/>\n<meta name=\"robots\" content=\"index, follow, max-snippet:-1, max-image-preview:large, max-video-preview:-1\" \/>\n<link rel=\"canonical\" href=\"https:\/\/refrigerant-wholesale.com\/fr\/product\/demi-palette-r-404a-20-bouteilles\/\" \/>\n<meta property=\"og:locale\" content=\"fr_FR\" \/>\n<meta property=\"og:type\" content=\"article\" \/>\n<meta property=\"og:title\" content=\"Demi-palette R-404A (20 bouteilles)\" \/>\n<meta property=\"og:description\" content=\"Best Wholesale R-404A refrigerant supplier. Fourniture fiable de r\u00e9frig\u00e9rant R404A en gros. Produits 100% authentiques. Livraison rapide dans le monde entier.\" \/>\n<meta property=\"og:url\" content=\"https:\/\/refrigerant-wholesale.com\/fr\/product\/demi-palette-r-404a-20-bouteilles\/\" \/>\n<meta property=\"og:site_name\" content=\"Refrigerant Gas Wholesale\" \/>\n<meta property=\"article:publisher\" content=\"https:\/\/www.facebook.com\/refrigerantwholesale\" \/>\n<meta property=\"article:modified_time\" content=\"2025-03-01T21:25:42+00:00\" \/>\n<meta property=\"og:image\" content=\"http:\/\/refrigerant-wholesale.com\/wp-content\/uploads\/2024\/07\/404A-20.jpg\" \/>\n\t<meta property=\"og:image:width\" content=\"1000\" \/>\n\t<meta property=\"og:image:height\" content=\"1000\" \/>\n\t<meta property=\"og:image:type\" content=\"image\/jpeg\" \/>\n<meta name=\"twitter:card\" content=\"summary_large_image\" \/>\n<meta name=\"twitter:label1\" content=\"Dur\u00e9e de lecture estim\u00e9e\" \/>\n\t<meta name=\"twitter:data1\" content=\"3 minutes\" \/>\n<script type=\"application\/ld+json\" class=\"yoast-schema-graph\">{\"@context\":\"https:\\\/\\\/schema.org\",\"@graph\":[{\"@type\":\"WebPage\",\"@id\":\"https:\\\/\\\/refrigerant-wholesale.com\\\/fr\\\/product\\\/demi-palette-r-404a-20-bouteilles\\\/\",\"url\":\"https:\\\/\\\/refrigerant-wholesale.com\\\/fr\\\/product\\\/demi-palette-r-404a-20-bouteilles\\\/\",\"name\":\"Fournisseur de r\u00e9frig\u00e9rant R-404A | Fourniture en gros de r\u00e9frig\u00e9rant R404A\",\"isPartOf\":{\"@id\":\"https:\\\/\\\/refrigerant-wholesale.com\\\/fr\\\/#website\"},\"primaryImageOfPage\":{\"@id\":\"https:\\\/\\\/refrigerant-wholesale.com\\\/fr\\\/product\\\/demi-palette-r-404a-20-bouteilles\\\/#primaryimage\"},\"image\":{\"@id\":\"https:\\\/\\\/refrigerant-wholesale.com\\\/fr\\\/product\\\/demi-palette-r-404a-20-bouteilles\\\/#primaryimage\"},\"thumbnailUrl\":\"https:\\\/\\\/refrigerant-wholesale.com\\\/wp-content\\\/uploads\\\/2024\\\/07\\\/404A-20.jpg\",\"datePublished\":\"2024-07-13T23:32:46+00:00\",\"dateModified\":\"2025-03-01T21:25:42+00:00\",\"description\":\"Best Wholesale R-404A refrigerant supplier. Fourniture fiable de r\u00e9frig\u00e9rant R404A en gros. Produits 100% authentiques. Livraison rapide dans le monde entier.\",\"breadcrumb\":{\"@id\":\"https:\\\/\\\/refrigerant-wholesale.com\\\/fr\\\/product\\\/demi-palette-r-404a-20-bouteilles\\\/#breadcrumb\"},\"inLanguage\":\"fr-FR\",\"potentialAction\":[{\"@type\":\"ReadAction\",\"target\":[\"https:\\\/\\\/refrigerant-wholesale.com\\\/fr\\\/product\\\/demi-palette-r-404a-20-bouteilles\\\/\"]}]},{\"@type\":\"ImageObject\",\"inLanguage\":\"fr-FR\",\"@id\":\"https:\\\/\\\/refrigerant-wholesale.com\\\/fr\\\/product\\\/demi-palette-r-404a-20-bouteilles\\\/#primaryimage\",\"url\":\"https:\\\/\\\/refrigerant-wholesale.com\\\/wp-content\\\/uploads\\\/2024\\\/07\\\/404A-20.jpg\",\"contentUrl\":\"https:\\\/\\\/refrigerant-wholesale.com\\\/wp-content\\\/uploads\\\/2024\\\/07\\\/404A-20.jpg\",\"width\":1000,\"height\":1000,\"caption\":\"R407c Refrigerant Supplier, R407c Refrigerant, R407c, Refrigerant R407c, R 407c freon, R404A Refrigerant Supply\"},{\"@type\":\"BreadcrumbList\",\"@id\":\"https:\\\/\\\/refrigerant-wholesale.com\\\/fr\\\/product\\\/demi-palette-r-404a-20-bouteilles\\\/#breadcrumb\",\"itemListElement\":[{\"@type\":\"ListItem\",\"position\":1,\"name\":\"Home\",\"item\":\"https:\\\/\\\/refrigerant-wholesale.com\\\/fr\\\/\"},{\"@type\":\"ListItem\",\"position\":2,\"name\":\"Boutique\",\"item\":\"https:\\\/\\\/refrigerant-wholesale.com\\\/fr\\\/boutique\\\/\"},{\"@type\":\"ListItem\",\"position\":3,\"name\":\"Demi-palette R-404A (20 bouteilles)\"}]},{\"@type\":\"WebSite\",\"@id\":\"https:\\\/\\\/refrigerant-wholesale.com\\\/fr\\\/#website\",\"url\":\"https:\\\/\\\/refrigerant-wholesale.com\\\/fr\\\/\",\"name\":\"Refrigerant Gas Wholesale\",\"description\":\"AC Gas supplier\",\"publisher\":{\"@id\":\"https:\\\/\\\/refrigerant-wholesale.com\\\/fr\\\/#organization\"},\"potentialAction\":[{\"@type\":\"SearchAction\",\"target\":{\"@type\":\"EntryPoint\",\"urlTemplate\":\"https:\\\/\\\/refrigerant-wholesale.com\\\/fr\\\/?s={search_term_string}\"},\"query-input\":{\"@type\":\"PropertyValueSpecification\",\"valueRequired\":true,\"valueName\":\"search_term_string\"}}],\"inLanguage\":\"fr-FR\"},{\"@type\":\"Organization\",\"@id\":\"https:\\\/\\\/refrigerant-wholesale.com\\\/fr\\\/#organization\",\"name\":\"Refrigerant Gas Wholesale\",\"url\":\"https:\\\/\\\/refrigerant-wholesale.com\\\/fr\\\/\",\"logo\":{\"@type\":\"ImageObject\",\"inLanguage\":\"fr-FR\",\"@id\":\"https:\\\/\\\/refrigerant-wholesale.com\\\/fr\\\/#\\\/schema\\\/logo\\\/image\\\/\",\"url\":\"http:\\\/\\\/refrigerant-wholesale.com\\\/wp-content\\\/uploads\\\/2024\\\/04\\\/refrigerant-logo.png\",\"contentUrl\":\"http:\\\/\\\/refrigerant-wholesale.com\\\/wp-content\\\/uploads\\\/2024\\\/04\\\/refrigerant-logo.png\",\"width\":400,\"height\":84,\"caption\":\"Refrigerant Gas Wholesale\"},\"image\":{\"@id\":\"https:\\\/\\\/refrigerant-wholesale.com\\\/fr\\\/#\\\/schema\\\/logo\\\/image\\\/\"},\"sameAs\":[\"https:\\\/\\\/www.facebook.com\\\/refrigerantwholesale\"]}]}<\/script>\n<!-- \/ Yoast SEO Premium plugin. -->","yoast_head_json":{"title":"Fournisseur de r\u00e9frig\u00e9rant R-404A | Fourniture en gros de r\u00e9frig\u00e9rant R404A","description":"Best Wholesale R-404A refrigerant supplier. Fourniture fiable de r\u00e9frig\u00e9rant R404A en gros. Produits 100% authentiques. Livraison rapide dans le monde entier.","robots":{"index":"index","follow":"follow","max-snippet":"max-snippet:-1","max-image-preview":"max-image-preview:large","max-video-preview":"max-video-preview:-1"},"canonical":"https:\/\/refrigerant-wholesale.com\/fr\/product\/demi-palette-r-404a-20-bouteilles\/","og_locale":"fr_FR","og_type":"article","og_title":"Demi-palette R-404A (20 bouteilles)","og_description":"Best Wholesale R-404A refrigerant supplier. Fourniture fiable de r\u00e9frig\u00e9rant R404A en gros. Produits 100% authentiques. Livraison rapide dans le monde entier.","og_url":"https:\/\/refrigerant-wholesale.com\/fr\/product\/demi-palette-r-404a-20-bouteilles\/","og_site_name":"Refrigerant Gas Wholesale","article_publisher":"https:\/\/www.facebook.com\/refrigerantwholesale","article_modified_time":"2025-03-01T21:25:42+00:00","og_image":[{"width":1000,"height":1000,"url":"http:\/\/refrigerant-wholesale.com\/wp-content\/uploads\/2024\/07\/404A-20.jpg","type":"image\/jpeg"}],"twitter_card":"summary_large_image","twitter_misc":{"Dur\u00e9e de lecture estim\u00e9e":"3 minutes"},"schema":{"@context":"https:\/\/schema.org","@graph":[{"@type":"WebPage","@id":"https:\/\/refrigerant-wholesale.com\/fr\/product\/demi-palette-r-404a-20-bouteilles\/","url":"https:\/\/refrigerant-wholesale.com\/fr\/product\/demi-palette-r-404a-20-bouteilles\/","name":"Fournisseur de r\u00e9frig\u00e9rant R-404A | Fourniture en gros de r\u00e9frig\u00e9rant R404A","isPartOf":{"@id":"https:\/\/refrigerant-wholesale.com\/fr\/#website"},"primaryImageOfPage":{"@id":"https:\/\/refrigerant-wholesale.com\/fr\/product\/demi-palette-r-404a-20-bouteilles\/#primaryimage"},"image":{"@id":"https:\/\/refrigerant-wholesale.com\/fr\/product\/demi-palette-r-404a-20-bouteilles\/#primaryimage"},"thumbnailUrl":"https:\/\/refrigerant-wholesale.com\/wp-content\/uploads\/2024\/07\/404A-20.jpg","datePublished":"2024-07-13T23:32:46+00:00","dateModified":"2025-03-01T21:25:42+00:00","description":"Best Wholesale R-404A refrigerant supplier. Fourniture fiable de r\u00e9frig\u00e9rant R404A en gros. Produits 100% authentiques. Livraison rapide dans le monde entier.","breadcrumb":{"@id":"https:\/\/refrigerant-wholesale.com\/fr\/product\/demi-palette-r-404a-20-bouteilles\/#breadcrumb"},"inLanguage":"fr-FR","potentialAction":[{"@type":"ReadAction","target":["https:\/\/refrigerant-wholesale.com\/fr\/product\/demi-palette-r-404a-20-bouteilles\/"]}]},{"@type":"ImageObject","inLanguage":"fr-FR","@id":"https:\/\/refrigerant-wholesale.com\/fr\/product\/demi-palette-r-404a-20-bouteilles\/#primaryimage","url":"https:\/\/refrigerant-wholesale.com\/wp-content\/uploads\/2024\/07\/404A-20.jpg","contentUrl":"https:\/\/refrigerant-wholesale.com\/wp-content\/uploads\/2024\/07\/404A-20.jpg","width":1000,"height":1000,"caption":"R407c Refrigerant Supplier, R407c Refrigerant, R407c, Refrigerant R407c, R 407c freon, R404A Refrigerant Supply"},{"@type":"BreadcrumbList","@id":"https:\/\/refrigerant-wholesale.com\/fr\/product\/demi-palette-r-404a-20-bouteilles\/#breadcrumb","itemListElement":[{"@type":"ListItem","position":1,"name":"Home","item":"https:\/\/refrigerant-wholesale.com\/fr\/"},{"@type":"ListItem","position":2,"name":"Boutique","item":"https:\/\/refrigerant-wholesale.com\/fr\/boutique\/"},{"@type":"ListItem","position":3,"name":"Demi-palette R-404A (20 bouteilles)"}]},{"@type":"WebSite","@id":"https:\/\/refrigerant-wholesale.com\/fr\/#website","url":"https:\/\/refrigerant-wholesale.com\/fr\/","name":"Refrigerant Gas Wholesale","description":"AC Gas supplier","publisher":{"@id":"https:\/\/refrigerant-wholesale.com\/fr\/#organization"},"potentialAction":[{"@type":"SearchAction","target":{"@type":"EntryPoint","urlTemplate":"https:\/\/refrigerant-wholesale.com\/fr\/?s={search_term_string}"},"query-input":{"@type":"PropertyValueSpecification","valueRequired":true,"valueName":"search_term_string"}}],"inLanguage":"fr-FR"},{"@type":"Organization","@id":"https:\/\/refrigerant-wholesale.com\/fr\/#organization","name":"Refrigerant Gas Wholesale","url":"https:\/\/refrigerant-wholesale.com\/fr\/","logo":{"@type":"ImageObject","inLanguage":"fr-FR","@id":"https:\/\/refrigerant-wholesale.com\/fr\/#\/schema\/logo\/image\/","url":"http:\/\/refrigerant-wholesale.com\/wp-content\/uploads\/2024\/04\/refrigerant-logo.png","contentUrl":"http:\/\/refrigerant-wholesale.com\/wp-content\/uploads\/2024\/04\/refrigerant-logo.png","width":400,"height":84,"caption":"Refrigerant Gas Wholesale"},"image":{"@id":"https:\/\/refrigerant-wholesale.com\/fr\/#\/schema\/logo\/image\/"},"sameAs":["https:\/\/www.facebook.com\/refrigerantwholesale"]}]}},"_links":{"self":[{"href":"https:\/\/refrigerant-wholesale.com\/fr\/wp-json\/wp\/v2\/product\/2152","targetHints":{"allow":["GET"]}}],"collection":[{"href":"https:\/\/refrigerant-wholesale.com\/fr\/wp-json\/wp\/v2\/product"}],"about":[{"href":"https:\/\/refrigerant-wholesale.com\/fr\/wp-json\/wp\/v2\/types\/product"}],"replies":[{"embeddable":true,"href":"https:\/\/refrigerant-wholesale.com\/fr\/wp-json\/wp\/v2\/comments?post=2152"}],"wp:featuredmedia":[{"embeddable":true,"href":"https:\/\/refrigerant-wholesale.com\/fr\/wp-json\/wp\/v2\/media\/1554"}],"wp:attachment":[{"href":"https:\/\/refrigerant-wholesale.com\/fr\/wp-json\/wp\/v2\/media?parent=2152"}],"wp:term":[{"taxonomy":"product_brand","embeddable":true,"href":"https:\/\/refrigerant-wholesale.com\/fr\/wp-json\/wp\/v2\/product_brand?post=2152"},{"taxonomy":"product_cat","embeddable":true,"href":"https:\/\/refrigerant-wholesale.com\/fr\/wp-json\/wp\/v2\/product_cat?post=2152"},{"taxonomy":"product_tag","embeddable":true,"href":"https:\/\/refrigerant-wholesale.com\/fr\/wp-json\/wp\/v2\/product_tag?post=2152"}],"curies":[{"name":"wp","href":"https:\/\/api.w.org\/{rel}","templated":true}]}}