{"id":2132,"date":"2024-07-13T22:58:03","date_gmt":"2024-07-13T22:58:03","guid":{"rendered":"https:\/\/refrigerant-wholesale.com\/product\/refrigerant-r-134a-15lbs\/"},"modified":"2025-03-01T21:25:24","modified_gmt":"2025-03-01T21:25:24","slug":"refrigerant-r-134a-15lbs","status":"publish","type":"product","link":"https:\/\/refrigerant-wholesale.com\/fr\/product\/refrigerant-r-134a-15lbs\/","title":{"rendered":"R\u00e9frig\u00e9rant R-134A 15LBS"},"content":{"rendered":"<h2><strong>R\u00e9frig\u00e9rant R-134a Bouteille de 15 litres<\/strong><\/h2>\n<p><strong>Premium R-134a Refrigerant Supplier 15 LB Cylinder for Automotive and HVAC Systems. Distributeur en gros de r\u00e9frig\u00e9rant R-134a de premi\u00e8re qualit\u00e9. r134a hvac 15 lbs for sale. R134a en vente en gros.     <span class=\"___SText_anxqe-ko_\" data-ui-name=\"Link.Text\">r\u00e9frig\u00e9rant r134a<\/span><\/strong><\/p>\n<p><strong>Caract\u00e9ristiques principales :<\/strong><\/p>\n<ul>\n<li><strong>Assurance qualit\u00e9 :<\/strong> Nos bouteilles de r\u00e9frig\u00e9rant R-134a sont 100 % vierges et scell\u00e9es en usine, ce qui garantit une qualit\u00e9 sup\u00e9rieure conforme aux normes ARI-700.<\/li>\n<li><strong>Application polyvalente :<\/strong> Parfait pour une vari\u00e9t\u00e9 d&rsquo;utilisations, y compris les appareils m\u00e9nagers, les petites unit\u00e9s de r\u00e9frig\u00e9ration, les grands refroidisseurs et les syst\u00e8mes de climatisation des v\u00e9hicules.<\/li>\n<li><strong>Performance optimale :<\/strong> Reconnu comme HFC-134a. Cependant, ce r\u00e9frig\u00e9rant est essentiel pour maintenir un fonctionnement efficace des syst\u00e8mes de climatisation dans les v\u00e9hicules et les appareils. <\/li>\n<li><strong>Technologie de refroidissement avanc\u00e9e :<\/strong> Le r\u00e9frig\u00e9rant <a href=\"https:\/\/refrigerant-wholesale.com\/product\/r-134a-hvac-30lbs\/\">R134a<\/a> subit un processus dynamique de compression, de condensation et d&rsquo;\u00e9vaporation dans les syst\u00e8mes de climatisation, assurant un contr\u00f4le efficace de la temp\u00e9rature.<\/li>\n<li><strong>Caract\u00e9ristiques am\u00e9lior\u00e9es :<\/strong> Certaines variantes sont formul\u00e9es avec des agents anti-fuites et un syst\u00e8me de d\u00e9tection des fuites par UV, ce qui facilite l&rsquo;entretien et la pr\u00e9vention des fuites.<\/li>\n<\/ul>\n<h2>R\u00e9frig\u00e9rant R-134a 6,8 kg<\/h2>\n<p><strong>Pr\u00e9sentation du produit :<\/strong> Le fluide frigorig\u00e8ne R-134a est un \u00e9l\u00e9ment crucial des syst\u00e8mes automobiles et de <a href=\"https:\/\/refrigerant-wholesale.com\/refrigerants-current-market-prices\/\">chauffage, de ventilation et de climatisation<\/a>, con\u00e7u pour fournir un refroidissement efficace gr\u00e2ce \u00e0 un cycle sophistiqu\u00e9 de compression et d&rsquo;\u00e9vaporation. Que ce soit pour un usage professionnel ou pour l&rsquo;entretien de la climatisation d&rsquo;un v\u00e9hicule personnel, notre r\u00e9frig\u00e9rant <a href=\"https:\/\/refrigerant-wholesale.com\/fr\/?post_type=product&#038;p=2139\">R-134a<\/a> est le choix id\u00e9al pour garantir le fonctionnement optimal de vos syst\u00e8mes. <\/p>\n<p><strong>Am\u00e9liorez votre syst\u00e8me de refroidissement :<\/strong> Am\u00e9liorez votre climatisation avec notre <a href=\"https:\/\/band.us\/band\/95614508\">r\u00e9frig\u00e9rant<\/a> R-134a de premi\u00e8re qualit\u00e9. Id\u00e9al pour garder vos environnements et v\u00e9hicules frais et confortables. <\/p>\n<p><strong>Commandez d\u00e8s aujourd&rsquo;hui :<\/strong> Am\u00e9liorez les performances de vos syst\u00e8mes de refroidissement avec notre r\u00e9frig\u00e9rant <a href=\"https:\/\/refrigerant-wholesale.com\/fr\/\">R-134a<\/a> de haute qualit\u00e9 ! Meilleur fournisseur de r\u00e9frig\u00e9rant R-134a <\/p>\n<p>&nbsp;<\/p>\n<h3><strong>Fourniture en gros de r\u00e9frig\u00e9rant R134 &#8211; Distribution mondiale<\/strong><\/h3>\n<p>Vous recherchez un fournisseur fiable de <strong>r\u00e9frig\u00e9rant R134<\/strong>? Nous proposons du <strong>fluide frigorig\u00e8ne R134a<\/strong> de haute qualit\u00e9 en vrac pour une <strong>distribution mondiale<\/strong> \u00e0 des prix comp\u00e9titifs. Id\u00e9al pour les syst\u00e8mes de climatisation automobile et la r\u00e9frig\u00e9ration commerciale, notre fluide frigorig\u00e8ne r\u00e9pond aux normes industrielles les plus strictes. Que vous soyez un distributeur HVAC, un fournisseur de services ou un d\u00e9taillant, notre <strong>r\u00e9frig\u00e9rant R134a en gros<\/strong> peut vous aider \u00e0 r\u00e9pondre aux besoins de vos clients de mani\u00e8re efficace et abordable.   <\/p>\n<p>Nous fournissons des exp\u00e9ditions de <strong>r\u00e9frig\u00e9rant R134 en vrac<\/strong> dans des conteneurs de diff\u00e9rentes tailles pour r\u00e9pondre \u00e0 vos besoins sp\u00e9cifiques en termes de volume. Gr\u00e2ce \u00e0 une exp\u00e9dition rapide et fiable, notre \u00e9quipe veille \u00e0 ce que votre commande arrive \u00e0 bon port, o\u00f9 que vous soyez. En vous associant \u00e0 nous, vous b\u00e9n\u00e9ficierez de <strong>prix comp\u00e9titifs sur le fluide frigorig\u00e8ne R134<\/strong> et d&rsquo;un service sans faille dans le monde entier.  <\/p>\n<p>Notre engagement en mati\u00e8re de d\u00e9veloppement durable et de respect de l&rsquo;environnement garantit que notre <strong>r\u00e9frig\u00e9rant R134a<\/strong> est manipul\u00e9 et livr\u00e9 avec un impact minimal sur l&rsquo;environnement. Nous sommes fiers de notre excellent service \u00e0 la client\u00e8le, du traitement rapide des commandes et de la disponibilit\u00e9 constante des produits, ce qui fait de nous votre partenaire id\u00e9al pour tous vos besoins en <strong>r\u00e9frig\u00e9rants en vrac<\/strong>. <\/p>\n<p>Contactez-nous d\u00e8s aujourd&rsquo;hui pour obtenir un devis sur le <strong>r\u00e9frig\u00e9rant R134 pour le commerce de gros<\/strong> et rejoignez un r\u00e9seau croissant de clients satisfaits dans le monde entier. Faites confiance au premier <strong>fournisseur de r\u00e9frig\u00e9rant R134a<\/strong> pour votre prochain projet ou votre prochaine opportunit\u00e9 de revente. <\/p>\n","protected":false},"excerpt":{"rendered":"<p><img loading=\"lazy\" decoding=\"async\" class=\"alignnone wp-image-437 aligncenter\" src=\"http:\/\/refrigerant-wholesale.com\/wp-content\/uploads\/2024\/03\/Screenshot-69.png\" alt=\"R\u00e9frig\u00e9rants Ws, R\u00e9frig\u00e9rants en gros\" width=\"220\" height=\"53\"><\/p>\n<h4 style=\"text-align: center;\"><img loading=\"lazy\" decoding=\"async\" class=\"alignnone wp-image-744\" src=\"http:\/\/refrigerant-wholesale.com\/wp-content\/uploads\/2024\/07\/removal.ai_8ca2a79e-d09f-4bd1-a4fe-c4c69f1a4386_Trade-Assurance-381x400.png\" alt=\"R\u00e9frig\u00e9rants WS\" width=\"22\" height=\"23\" srcset=\"https:\/\/refrigerant-wholesale.com\/wp-content\/uploads\/2024\/07\/removal.ai_8ca2a79e-d09f-4bd1-a4fe-c4c69f1a4386_Trade-Assurance-381x400.png 381w, https:\/\/refrigerant-wholesale.com\/wp-content\/uploads\/2024\/07\/removal.ai_8ca2a79e-d09f-4bd1-a4fe-c4c69f1a4386_Trade-Assurance-100x100.png 100w, https:\/\/refrigerant-wholesale.com\/wp-content\/uploads\/2024\/07\/removal.ai_8ca2a79e-d09f-4bd1-a4fe-c4c69f1a4386_Trade-Assurance-280x280.png 280w, https:\/\/refrigerant-wholesale.com\/wp-content\/uploads\/2024\/07\/removal.ai_8ca2a79e-d09f-4bd1-a4fe-c4c69f1a4386_Trade-Assurance.png 388w\" sizes=\"auto, (max-width: 22px) 100vw, 22px\" \/>ASSURANCE COMMERCIALE<\/h4>\n<div class=\"gmail-textwidget gmail-custom-html-widget\">\n<h6 style=\"text-align: center;\">Exp\u00e9dition : Livraison dans le monde entier<\/h6>\n<h6 style=\"text-align: center;\">(Demande personnalis\u00e9e acceptable)<\/h6>\n<p style=\"text-align: center;\">100% VIRGIN Scell\u00e9 en usine GARANTIE<\/p>\n<p style=\"text-align: center;\"><a href=\"http:\/\/refrigerant-wholesale.com\/wp-content\/uploads\/2024\/07\/SDS-R134a.pdf\" target=\"_self\" class=\"button primary is-green is-small\"  >\n    <span>T\u00e9l\u00e9chargez la fiche technique sur la s\u00e9curit\u00e9<\/span>\n  <\/a>\n\n<\/div>\n","protected":false},"featured_media":1515,"comment_status":"closed","ping_status":"closed","template":"","meta":[],"product_brand":[],"product_cat":[269,389],"product_tag":[390,391],"class_list":{"0":"post-2132","1":"product","2":"type-product","3":"status-publish","4":"has-post-thumbnail","6":"product_cat-non-categorise","7":"product_cat-r134a","8":"product_tag-refrigerant-134a-68-kg","9":"product_tag-refrigerant-r134a-15-lb","11":"first","12":"instock","13":"shipping-taxable","14":"product-type-simple"},"yoast_head":"<!-- This site is optimized with the Yoast SEO Premium plugin v27.0 (Yoast SEO v27.3) - https:\/\/yoast.com\/product\/yoast-seo-premium-wordpress\/ -->\n<title>R-134a Refrigerant Supplier | R-134a Refrigerant distributor<\/title>\n<meta name=\"description\" content=\"Fournisseur de r\u00e9frig\u00e9rant R-134a. Premium wholesale R-134a Refrigerant distributor. r134a hvac 15 lbs for sale. R134a en vrac.\" \/>\n<meta name=\"robots\" content=\"index, follow, max-snippet:-1, max-image-preview:large, max-video-preview:-1\" \/>\n<link rel=\"canonical\" href=\"https:\/\/refrigerant-wholesale.com\/fr\/product\/refrigerant-r-134a-15lbs\/\" \/>\n<meta property=\"og:locale\" content=\"fr_FR\" \/>\n<meta property=\"og:type\" content=\"article\" \/>\n<meta property=\"og:title\" content=\"R\u00e9frig\u00e9rant R-134A 15LBS\" \/>\n<meta property=\"og:description\" content=\"Fournisseur de r\u00e9frig\u00e9rant R-134a. Premium wholesale R-134a Refrigerant distributor. r134a hvac 15 lbs for sale. R134a en vrac.\" \/>\n<meta property=\"og:url\" content=\"https:\/\/refrigerant-wholesale.com\/fr\/product\/refrigerant-r-134a-15lbs\/\" \/>\n<meta property=\"og:site_name\" content=\"Refrigerant Gas Wholesale\" \/>\n<meta property=\"article:publisher\" content=\"https:\/\/www.facebook.com\/refrigerantwholesale\" \/>\n<meta property=\"article:modified_time\" content=\"2025-03-01T21:25:24+00:00\" \/>\n<meta property=\"og:image\" content=\"http:\/\/refrigerant-wholesale.com\/wp-content\/uploads\/2024\/07\/15lbs_134a_2.jpeg\" \/>\n\t<meta property=\"og:image:width\" content=\"550\" \/>\n\t<meta property=\"og:image:height\" content=\"550\" \/>\n\t<meta property=\"og:image:type\" content=\"image\/jpeg\" \/>\n<meta name=\"twitter:card\" content=\"summary_large_image\" \/>\n<meta name=\"twitter:label1\" content=\"Dur\u00e9e de lecture estim\u00e9e\" \/>\n\t<meta name=\"twitter:data1\" content=\"3 minutes\" \/>\n<script type=\"application\/ld+json\" class=\"yoast-schema-graph\">{\"@context\":\"https:\\\/\\\/schema.org\",\"@graph\":[{\"@type\":\"WebPage\",\"@id\":\"https:\\\/\\\/refrigerant-wholesale.com\\\/fr\\\/product\\\/refrigerant-r-134a-15lbs\\\/\",\"url\":\"https:\\\/\\\/refrigerant-wholesale.com\\\/fr\\\/product\\\/refrigerant-r-134a-15lbs\\\/\",\"name\":\"R-134a Refrigerant Supplier | R-134a Refrigerant distributor\",\"isPartOf\":{\"@id\":\"https:\\\/\\\/refrigerant-wholesale.com\\\/fr\\\/#website\"},\"primaryImageOfPage\":{\"@id\":\"https:\\\/\\\/refrigerant-wholesale.com\\\/fr\\\/product\\\/refrigerant-r-134a-15lbs\\\/#primaryimage\"},\"image\":{\"@id\":\"https:\\\/\\\/refrigerant-wholesale.com\\\/fr\\\/product\\\/refrigerant-r-134a-15lbs\\\/#primaryimage\"},\"thumbnailUrl\":\"https:\\\/\\\/refrigerant-wholesale.com\\\/wp-content\\\/uploads\\\/2024\\\/07\\\/15lbs_134a_2.jpeg\",\"datePublished\":\"2024-07-13T22:58:03+00:00\",\"dateModified\":\"2025-03-01T21:25:24+00:00\",\"description\":\"Fournisseur de r\u00e9frig\u00e9rant R-134a. Premium wholesale R-134a Refrigerant distributor. r134a hvac 15 lbs for sale. R134a en vrac.\",\"breadcrumb\":{\"@id\":\"https:\\\/\\\/refrigerant-wholesale.com\\\/fr\\\/product\\\/refrigerant-r-134a-15lbs\\\/#breadcrumb\"},\"inLanguage\":\"fr-FR\",\"potentialAction\":[{\"@type\":\"ReadAction\",\"target\":[\"https:\\\/\\\/refrigerant-wholesale.com\\\/fr\\\/product\\\/refrigerant-r-134a-15lbs\\\/\"]}]},{\"@type\":\"ImageObject\",\"inLanguage\":\"fr-FR\",\"@id\":\"https:\\\/\\\/refrigerant-wholesale.com\\\/fr\\\/product\\\/refrigerant-r-134a-15lbs\\\/#primaryimage\",\"url\":\"https:\\\/\\\/refrigerant-wholesale.com\\\/wp-content\\\/uploads\\\/2024\\\/07\\\/15lbs_134a_2.jpeg\",\"contentUrl\":\"https:\\\/\\\/refrigerant-wholesale.com\\\/wp-content\\\/uploads\\\/2024\\\/07\\\/15lbs_134a_2.jpeg\",\"width\":550,\"height\":550,\"caption\":\"R134a Refrigerant Supplier, R134a Refrigerant, R134a, Refrigerant R134a, R 134a freon, Buy R134a refrigerant, R134a refrigerant for sale\"},{\"@type\":\"BreadcrumbList\",\"@id\":\"https:\\\/\\\/refrigerant-wholesale.com\\\/fr\\\/product\\\/refrigerant-r-134a-15lbs\\\/#breadcrumb\",\"itemListElement\":[{\"@type\":\"ListItem\",\"position\":1,\"name\":\"Home\",\"item\":\"https:\\\/\\\/refrigerant-wholesale.com\\\/fr\\\/\"},{\"@type\":\"ListItem\",\"position\":2,\"name\":\"Boutique\",\"item\":\"https:\\\/\\\/refrigerant-wholesale.com\\\/fr\\\/boutique\\\/\"},{\"@type\":\"ListItem\",\"position\":3,\"name\":\"R\u00e9frig\u00e9rant R-134A 15LBS\"}]},{\"@type\":\"WebSite\",\"@id\":\"https:\\\/\\\/refrigerant-wholesale.com\\\/fr\\\/#website\",\"url\":\"https:\\\/\\\/refrigerant-wholesale.com\\\/fr\\\/\",\"name\":\"Refrigerant Gas Wholesale\",\"description\":\"AC Gas supplier\",\"publisher\":{\"@id\":\"https:\\\/\\\/refrigerant-wholesale.com\\\/fr\\\/#organization\"},\"potentialAction\":[{\"@type\":\"SearchAction\",\"target\":{\"@type\":\"EntryPoint\",\"urlTemplate\":\"https:\\\/\\\/refrigerant-wholesale.com\\\/fr\\\/?s={search_term_string}\"},\"query-input\":{\"@type\":\"PropertyValueSpecification\",\"valueRequired\":true,\"valueName\":\"search_term_string\"}}],\"inLanguage\":\"fr-FR\"},{\"@type\":\"Organization\",\"@id\":\"https:\\\/\\\/refrigerant-wholesale.com\\\/fr\\\/#organization\",\"name\":\"Refrigerant Gas Wholesale\",\"url\":\"https:\\\/\\\/refrigerant-wholesale.com\\\/fr\\\/\",\"logo\":{\"@type\":\"ImageObject\",\"inLanguage\":\"fr-FR\",\"@id\":\"https:\\\/\\\/refrigerant-wholesale.com\\\/fr\\\/#\\\/schema\\\/logo\\\/image\\\/\",\"url\":\"http:\\\/\\\/refrigerant-wholesale.com\\\/wp-content\\\/uploads\\\/2024\\\/04\\\/refrigerant-logo.png\",\"contentUrl\":\"http:\\\/\\\/refrigerant-wholesale.com\\\/wp-content\\\/uploads\\\/2024\\\/04\\\/refrigerant-logo.png\",\"width\":400,\"height\":84,\"caption\":\"Refrigerant Gas Wholesale\"},\"image\":{\"@id\":\"https:\\\/\\\/refrigerant-wholesale.com\\\/fr\\\/#\\\/schema\\\/logo\\\/image\\\/\"},\"sameAs\":[\"https:\\\/\\\/www.facebook.com\\\/refrigerantwholesale\"]}]}<\/script>\n<!-- \/ Yoast SEO Premium plugin. -->","yoast_head_json":{"title":"R-134a Refrigerant Supplier | R-134a Refrigerant distributor","description":"Fournisseur de r\u00e9frig\u00e9rant R-134a. Premium wholesale R-134a Refrigerant distributor. r134a hvac 15 lbs for sale. R134a en vrac.","robots":{"index":"index","follow":"follow","max-snippet":"max-snippet:-1","max-image-preview":"max-image-preview:large","max-video-preview":"max-video-preview:-1"},"canonical":"https:\/\/refrigerant-wholesale.com\/fr\/product\/refrigerant-r-134a-15lbs\/","og_locale":"fr_FR","og_type":"article","og_title":"R\u00e9frig\u00e9rant R-134A 15LBS","og_description":"Fournisseur de r\u00e9frig\u00e9rant R-134a. Premium wholesale R-134a Refrigerant distributor. r134a hvac 15 lbs for sale. R134a en vrac.","og_url":"https:\/\/refrigerant-wholesale.com\/fr\/product\/refrigerant-r-134a-15lbs\/","og_site_name":"Refrigerant Gas Wholesale","article_publisher":"https:\/\/www.facebook.com\/refrigerantwholesale","article_modified_time":"2025-03-01T21:25:24+00:00","og_image":[{"width":550,"height":550,"url":"http:\/\/refrigerant-wholesale.com\/wp-content\/uploads\/2024\/07\/15lbs_134a_2.jpeg","type":"image\/jpeg"}],"twitter_card":"summary_large_image","twitter_misc":{"Dur\u00e9e de lecture estim\u00e9e":"3 minutes"},"schema":{"@context":"https:\/\/schema.org","@graph":[{"@type":"WebPage","@id":"https:\/\/refrigerant-wholesale.com\/fr\/product\/refrigerant-r-134a-15lbs\/","url":"https:\/\/refrigerant-wholesale.com\/fr\/product\/refrigerant-r-134a-15lbs\/","name":"R-134a Refrigerant Supplier | R-134a Refrigerant distributor","isPartOf":{"@id":"https:\/\/refrigerant-wholesale.com\/fr\/#website"},"primaryImageOfPage":{"@id":"https:\/\/refrigerant-wholesale.com\/fr\/product\/refrigerant-r-134a-15lbs\/#primaryimage"},"image":{"@id":"https:\/\/refrigerant-wholesale.com\/fr\/product\/refrigerant-r-134a-15lbs\/#primaryimage"},"thumbnailUrl":"https:\/\/refrigerant-wholesale.com\/wp-content\/uploads\/2024\/07\/15lbs_134a_2.jpeg","datePublished":"2024-07-13T22:58:03+00:00","dateModified":"2025-03-01T21:25:24+00:00","description":"Fournisseur de r\u00e9frig\u00e9rant R-134a. Premium wholesale R-134a Refrigerant distributor. r134a hvac 15 lbs for sale. R134a en vrac.","breadcrumb":{"@id":"https:\/\/refrigerant-wholesale.com\/fr\/product\/refrigerant-r-134a-15lbs\/#breadcrumb"},"inLanguage":"fr-FR","potentialAction":[{"@type":"ReadAction","target":["https:\/\/refrigerant-wholesale.com\/fr\/product\/refrigerant-r-134a-15lbs\/"]}]},{"@type":"ImageObject","inLanguage":"fr-FR","@id":"https:\/\/refrigerant-wholesale.com\/fr\/product\/refrigerant-r-134a-15lbs\/#primaryimage","url":"https:\/\/refrigerant-wholesale.com\/wp-content\/uploads\/2024\/07\/15lbs_134a_2.jpeg","contentUrl":"https:\/\/refrigerant-wholesale.com\/wp-content\/uploads\/2024\/07\/15lbs_134a_2.jpeg","width":550,"height":550,"caption":"R134a Refrigerant Supplier, R134a Refrigerant, R134a, Refrigerant R134a, R 134a freon, Buy R134a refrigerant, R134a refrigerant for sale"},{"@type":"BreadcrumbList","@id":"https:\/\/refrigerant-wholesale.com\/fr\/product\/refrigerant-r-134a-15lbs\/#breadcrumb","itemListElement":[{"@type":"ListItem","position":1,"name":"Home","item":"https:\/\/refrigerant-wholesale.com\/fr\/"},{"@type":"ListItem","position":2,"name":"Boutique","item":"https:\/\/refrigerant-wholesale.com\/fr\/boutique\/"},{"@type":"ListItem","position":3,"name":"R\u00e9frig\u00e9rant R-134A 15LBS"}]},{"@type":"WebSite","@id":"https:\/\/refrigerant-wholesale.com\/fr\/#website","url":"https:\/\/refrigerant-wholesale.com\/fr\/","name":"Refrigerant Gas Wholesale","description":"AC Gas supplier","publisher":{"@id":"https:\/\/refrigerant-wholesale.com\/fr\/#organization"},"potentialAction":[{"@type":"SearchAction","target":{"@type":"EntryPoint","urlTemplate":"https:\/\/refrigerant-wholesale.com\/fr\/?s={search_term_string}"},"query-input":{"@type":"PropertyValueSpecification","valueRequired":true,"valueName":"search_term_string"}}],"inLanguage":"fr-FR"},{"@type":"Organization","@id":"https:\/\/refrigerant-wholesale.com\/fr\/#organization","name":"Refrigerant Gas Wholesale","url":"https:\/\/refrigerant-wholesale.com\/fr\/","logo":{"@type":"ImageObject","inLanguage":"fr-FR","@id":"https:\/\/refrigerant-wholesale.com\/fr\/#\/schema\/logo\/image\/","url":"http:\/\/refrigerant-wholesale.com\/wp-content\/uploads\/2024\/04\/refrigerant-logo.png","contentUrl":"http:\/\/refrigerant-wholesale.com\/wp-content\/uploads\/2024\/04\/refrigerant-logo.png","width":400,"height":84,"caption":"Refrigerant Gas Wholesale"},"image":{"@id":"https:\/\/refrigerant-wholesale.com\/fr\/#\/schema\/logo\/image\/"},"sameAs":["https:\/\/www.facebook.com\/refrigerantwholesale"]}]}},"_links":{"self":[{"href":"https:\/\/refrigerant-wholesale.com\/fr\/wp-json\/wp\/v2\/product\/2132","targetHints":{"allow":["GET"]}}],"collection":[{"href":"https:\/\/refrigerant-wholesale.com\/fr\/wp-json\/wp\/v2\/product"}],"about":[{"href":"https:\/\/refrigerant-wholesale.com\/fr\/wp-json\/wp\/v2\/types\/product"}],"replies":[{"embeddable":true,"href":"https:\/\/refrigerant-wholesale.com\/fr\/wp-json\/wp\/v2\/comments?post=2132"}],"wp:featuredmedia":[{"embeddable":true,"href":"https:\/\/refrigerant-wholesale.com\/fr\/wp-json\/wp\/v2\/media\/1515"}],"wp:attachment":[{"href":"https:\/\/refrigerant-wholesale.com\/fr\/wp-json\/wp\/v2\/media?parent=2132"}],"wp:term":[{"taxonomy":"product_brand","embeddable":true,"href":"https:\/\/refrigerant-wholesale.com\/fr\/wp-json\/wp\/v2\/product_brand?post=2132"},{"taxonomy":"product_cat","embeddable":true,"href":"https:\/\/refrigerant-wholesale.com\/fr\/wp-json\/wp\/v2\/product_cat?post=2132"},{"taxonomy":"product_tag","embeddable":true,"href":"https:\/\/refrigerant-wholesale.com\/fr\/wp-json\/wp\/v2\/product_tag?post=2132"}],"curies":[{"name":"wp","href":"https:\/\/api.w.org\/{rel}","templated":true}]}}