{"id":2130,"date":"2024-12-24T08:32:14","date_gmt":"2024-12-24T08:32:14","guid":{"rendered":"https:\/\/refrigerant-wholesale.com\/product\/refrigerant-r-454b\/"},"modified":"2025-03-01T20:36:36","modified_gmt":"2025-03-01T20:36:36","slug":"refrigerant-r-454b","status":"publish","type":"product","link":"https:\/\/refrigerant-wholesale.com\/fr\/product\/refrigerant-r-454b\/","title":{"rendered":"R\u00e9frig\u00e9rant R-454B"},"content":{"rendered":"<p>Le <strong>r\u00e9frig\u00e9rant R-454B<\/strong> est un r\u00e9frig\u00e9rant HFO de nouvelle g\u00e9n\u00e9ration con\u00e7u pour remplacer le R-410A dans les syst\u00e8mes de climatisation. Gr\u00e2ce \u00e0 son <strong>potentiel de r\u00e9chauffement global (PRG) plus faible<\/strong>, il garantit la conformit\u00e9 avec les r\u00e9glementations environnementales tout en conservant des performances \u00e9lev\u00e9es. Le R-454B est le meilleur choix pour les syst\u00e8mes CVC \u00e9cologiques et \u00e9conomes en \u00e9nergie. Nous fournissons le r\u00e9frig\u00e9rant R-454B<strong> au prix de gros<\/strong> avec une livraison dans le monde entier.   <\/p>\n<hr>\n<h4><strong>Pourquoi choisir le r\u00e9frig\u00e9rant R-454B ?<\/strong><\/h4>\n<ul>\n<li><strong>Respectueux de l&rsquo;environnement :<\/strong> Le faible PRP de 466 est inf\u00e9rieur de 78 % \u00e0 celui du <a href=\"https:\/\/refrigerant-wholesale.com\/product\/r-410a-refrigerant-wholesale\/\">R-410A<\/a>.<\/li>\n<li><strong>Haute performance :<\/strong> Excellente capacit\u00e9 de refroidissement et efficacit\u00e9 \u00e9nerg\u00e9tique.<\/li>\n<li><strong>Transition facile :<\/strong> Fonctionne de mani\u00e8re transparente dans les syst\u00e8mes CVC nouveaux ou r\u00e9nov\u00e9s.<\/li>\n<li><strong>Conformit\u00e9 :<\/strong> Enti\u00e8rement conforme aux r\u00e9glementations environnementales mondiales.<\/li>\n<\/ul>\n<hr>\n<h2><strong>R\u00e9frig\u00e9rant R-454B Commerce de gros<\/strong><\/h2>\n<h4><strong>Sp\u00e9cifications<\/strong><\/h4>\n<p>Vous trouverez ci-dessous un tableau d\u00e9taill\u00e9 des sp\u00e9cifications techniques du R-454B :<\/p>\n<table>\n<thead>\n<tr>\n<th><strong>Propri\u00e9t\u00e9<\/strong><\/th>\n<th><strong>Valeur<\/strong><\/th>\n<\/tr>\n<\/thead>\n<tbody>\n<tr>\n<td>Composition chimique<\/td>\n<td>R-32 (68,9%) + R-1234yf (31,1%)<\/td>\n<\/tr>\n<tr>\n<td>Potentiel de r\u00e9chauffement de la plan\u00e8te<\/td>\n<td>466<\/td>\n<\/tr>\n<tr>\n<td>Point d&rsquo;\u00e9bullition<\/td>\n<td>-50,5\u00b0C (-58,9\u00b0F)<\/td>\n<\/tr>\n<tr>\n<td>Poids mol\u00e9culaire<\/td>\n<td>57.6<\/td>\n<\/tr>\n<tr>\n<td>Temp\u00e9rature critique<\/td>\n<td>82,1\u00b0C (179,8\u00b0F)<\/td>\n<\/tr>\n<tr>\n<td>Classification ASHRAE<\/td>\n<td>A2L (l\u00e9g\u00e8rement inflammable)<\/td>\n<\/tr>\n<\/tbody>\n<\/table>\n<p>Le R-454B a \u00e9t\u00e9 test\u00e9 et approuv\u00e9 par les principaux fabricants de syst\u00e8mes de chauffage, de ventilation et de climatisation, ce qui garantit sa fiabilit\u00e9 et son efficacit\u00e9.<\/p>\n<hr>\n<h3><strong>Options d&#8217;emballage<\/strong><\/h3>\n<p>Des cylindres standard pour r\u00e9pondre \u00e0 diff\u00e9rents besoins :<\/p>\n<table>\n<thead>\n<tr>\n<th><strong>Type d&#8217;emballage<\/strong><\/th>\n<th><strong>Poids net<\/strong><\/th>\n<th><strong>Type de cylindre<\/strong><\/th>\n<th><strong>Caract\u00e9ristiques<\/strong><\/th>\n<\/tr>\n<\/thead>\n<tbody>\n<tr>\n<td>Cylindres \u00e0 usage unique<\/td>\n<td>10 kg \/ 22 lbs<\/td>\n<td>Compactes et durables<\/td>\n<td>Facile pour les petits projets<\/td>\n<\/tr>\n<tr>\n<td>Bouteilles rechargeables<\/td>\n<td>50 kg \/ 110 lbs<\/td>\n<td>Acier robuste<\/td>\n<td>Id\u00e9al pour l&rsquo;utilisation en vrac<\/td>\n<\/tr>\n<tr>\n<td>R\u00e9servoirs d&rsquo;une tonne<\/td>\n<td>500 kg \/ 1100 lbs<\/td>\n<td>Approvisionnement \u00e0 grande \u00e9chelle<\/td>\n<td>Adapt\u00e9 aux industries<\/td>\n<\/tr>\n<\/tbody>\n<\/table>\n<p>Chaque bouteille est \u00e9tanche, ce qui garantit une s\u00e9curit\u00e9 maximale lors de la manipulation et du transport. Un emballage personnalis\u00e9 est disponible sur demande. <\/p>\n<hr>\n<h3><strong>R-454B refrigerant Suppliers &#8211; Worldwide Shipping<\/strong><\/h3>\n<p>Nous exp\u00e9dions le r\u00e9frig\u00e9rant R-454B dans le monde entier avec des partenaires logistiques fiables. Toutes les commandes sont trait\u00e9es rapidement afin de garantir une livraison rapide. Nos emballages sont conformes aux normes internationales relatives aux mati\u00e8res dangereuses, ce qui garantit un transport s\u00fbr.  <\/p>\n<p>Les caract\u00e9ristiques d&rsquo;exp\u00e9dition comprennent :<\/p>\n<ul>\n<li>Options express et \u00e9conomique pour toutes les destinations.<\/li>\n<li>Syst\u00e8me de suivi s\u00e9curis\u00e9 pour les mises \u00e0 jour des commandes.<\/li>\n<li>Assistance au d\u00e9douanement en toute tranquillit\u00e9.<\/li>\n<\/ul>\n<hr>\n<h3><strong>Pourquoi acheter chez nous ?<\/strong><\/h3>\n<ul>\n<li><strong>Des prix comp\u00e9titifs :<\/strong> Nous proposons des tarifs de gros qui r\u00e9duisent vos co\u00fbts.<\/li>\n<li><strong>Assurance qualit\u00e9 :<\/strong> Chaque cylindre est soumis \u00e0 des tests rigoureux de puret\u00e9 et de s\u00e9curit\u00e9.<\/li>\n<li><strong>Un soutien fiable :<\/strong> Notre \u00e9quipe fournit des conseils techniques et un service apr\u00e8s-vente.<\/li>\n<\/ul>\n<hr>\n<h3><strong>Commandez maintenant !<\/strong><\/h3>\n<p>Ne manquez pas les <strong>meilleurs prix de gros pour<\/strong> le r\u00e9frig\u00e9rant R-454B. Que vous soyez un entrepreneur en CVC ou un acheteur industriel, nous avons ce qu&rsquo;il vous faut. <strong>Contactez-nous d\u00e8s aujourd&rsquo;hui<\/strong> pour les commandes en gros et les demandes de renseignements. Nous vous assurons qualit\u00e9, prix abordable et service rapide.  <\/p>\n<hr>\n<p><em>Des photos et des diagrammes de <a href=\"https:\/\/www.google.com\/search?sca_esv=8d318d9acaa3e4ae&amp;rlz=1C1CHZN_en__1007__1007&amp;hl=en&amp;sxsrf=ADLYWILJKSSEkhub7t2dDYAaujuazfY5mQ:1735028198049&amp;q=r-454b+refrigerant+wholesale&amp;source=lnms&amp;fbs=AEQNm0Aa4sjWe7Rqy32pFwRj0UkWd8nbOJfsBGGB5IQQO6L3J6RlmmGkJpFtPEFU1BThDhV-R6LznyemFX5TOz_3Ir7aiCpnTjf0emaPFqsY8Qt6uAIvvF_4VBRxLYUlpkprS2ubYqm8SrR148CVLX2B_cgIxrbrSpPia3HPrsZ5CF-H5BddaQGor2SgvTYlugiYvDwd2I3t&amp;sa=X&amp;ved=2ahUKEwis4a3b-7-KAxWuBdsEHSmkNnYQ0pQJegQIDBAB&amp;biw=1463&amp;bih=662&amp;dpr=1.75\">cylindres R-454B<\/a> dans diverses options d&#8217;emballage, mettant en \u00e9vidence les caract\u00e9ristiques et les avantages cl\u00e9s, sont disponibles sur demande.<\/em><\/p>\n<p><strong>Optimisez vos syst\u00e8mes de refroidissement avec une solution \u00e9cologique et efficace !<\/strong><\/p>\n","protected":false},"excerpt":{"rendered":"<p><img loading=\"lazy\" decoding=\"async\" class=\"alignnone wp-image-437 aligncenter\" src=\"http:\/\/refrigerant-wholesale.com\/wp-content\/uploads\/2024\/03\/Screenshot-69.png\" alt=\"\" width=\"207\" height=\"50\"><\/p>\n<h4 style=\"text-align: center;\"><img loading=\"lazy\" decoding=\"async\" class=\"alignnone wp-image-744\" src=\"http:\/\/refrigerant-wholesale.com\/wp-content\/uploads\/2024\/07\/removal.ai_8ca2a79e-d09f-4bd1-a4fe-c4c69f1a4386_Trade-Assurance-381x400.png\" alt=\"R\u00e9frig\u00e9rants WS\" width=\"19\" height=\"20\" srcset=\"https:\/\/refrigerant-wholesale.com\/wp-content\/uploads\/2024\/07\/removal.ai_8ca2a79e-d09f-4bd1-a4fe-c4c69f1a4386_Trade-Assurance-381x400.png 381w, https:\/\/refrigerant-wholesale.com\/wp-content\/uploads\/2024\/07\/removal.ai_8ca2a79e-d09f-4bd1-a4fe-c4c69f1a4386_Trade-Assurance-100x100.png 100w, https:\/\/refrigerant-wholesale.com\/wp-content\/uploads\/2024\/07\/removal.ai_8ca2a79e-d09f-4bd1-a4fe-c4c69f1a4386_Trade-Assurance-280x280.png 280w, https:\/\/refrigerant-wholesale.com\/wp-content\/uploads\/2024\/07\/removal.ai_8ca2a79e-d09f-4bd1-a4fe-c4c69f1a4386_Trade-Assurance.png 388w\" sizes=\"auto, (max-width: 19px) 100vw, 19px\" \/>ASSURANCE COMMERCIALE<\/h4>\n<div class=\"gmail-textwidget gmail-custom-html-widget\">\n<h6 style=\"text-align: center;\">Exp\u00e9dition : Livraison dans le monde entier<\/h6>\n<h6 style=\"text-align: center;\">(Demande personnalis\u00e9e acceptable)<\/h6>\n<p style=\"text-align: center;\">100% VIRGIN Scell\u00e9 en usine GARANTIE<\/p>\n<\/div>\n","protected":false},"featured_media":1641,"comment_status":"open","ping_status":"closed","template":"","meta":[],"product_brand":[],"product_cat":[269],"product_tag":[],"class_list":{"0":"post-2130","1":"product","2":"type-product","3":"status-publish","4":"has-post-thumbnail","6":"product_cat-non-categorise","8":"first","9":"instock","10":"shipping-taxable","11":"product-type-simple"},"yoast_head":"<!-- This site is optimized with the Yoast SEO Premium plugin v27.0 (Yoast SEO v27.3) - https:\/\/yoast.com\/product\/yoast-seo-premium-wordpress\/ -->\n<title>R\u00e9frig\u00e9rant R-454B au prix de gros - WS Refrigerants<\/title>\n<meta name=\"description\" content=\"Buy R-454B Refrigerant Wholesale Price from 100% PREMIUM Quality R-454B Refrigerant Suppliers. Exp\u00e9dition dans le monde entier. Assistance client\u00e8le 24 heures sur 24\" \/>\n<meta name=\"robots\" content=\"index, follow, max-snippet:-1, max-image-preview:large, max-video-preview:-1\" \/>\n<link rel=\"canonical\" href=\"https:\/\/refrigerant-wholesale.com\/fr\/product\/refrigerant-r-454b\/\" \/>\n<meta property=\"og:locale\" content=\"fr_FR\" \/>\n<meta property=\"og:type\" content=\"article\" \/>\n<meta property=\"og:title\" content=\"R\u00e9frig\u00e9rant R-454B\" \/>\n<meta property=\"og:description\" content=\"Buy R-454B Refrigerant Wholesale Price from 100% PREMIUM Quality R-454B Refrigerant Suppliers. Exp\u00e9dition dans le monde entier. Assistance client\u00e8le 24 heures sur 24\" \/>\n<meta property=\"og:url\" content=\"https:\/\/refrigerant-wholesale.com\/fr\/product\/refrigerant-r-454b\/\" \/>\n<meta property=\"og:site_name\" content=\"Refrigerant Gas Wholesale\" \/>\n<meta property=\"article:publisher\" content=\"https:\/\/www.facebook.com\/refrigerantwholesale\" \/>\n<meta property=\"article:modified_time\" content=\"2025-03-01T20:36:36+00:00\" \/>\n<meta property=\"og:image\" content=\"http:\/\/refrigerant-wholesale.com\/wp-content\/uploads\/2024\/12\/13956.png.webp\" \/>\n\t<meta property=\"og:image:width\" content=\"1000\" \/>\n\t<meta property=\"og:image:height\" content=\"1000\" \/>\n\t<meta property=\"og:image:type\" content=\"image\/webp\" \/>\n<meta name=\"twitter:card\" content=\"summary_large_image\" \/>\n<meta name=\"twitter:label1\" content=\"Dur\u00e9e de lecture estim\u00e9e\" \/>\n\t<meta name=\"twitter:data1\" content=\"3 minutes\" \/>\n<script type=\"application\/ld+json\" class=\"yoast-schema-graph\">{\"@context\":\"https:\\\/\\\/schema.org\",\"@graph\":[{\"@type\":\"WebPage\",\"@id\":\"https:\\\/\\\/refrigerant-wholesale.com\\\/fr\\\/product\\\/refrigerant-r-454b\\\/\",\"url\":\"https:\\\/\\\/refrigerant-wholesale.com\\\/fr\\\/product\\\/refrigerant-r-454b\\\/\",\"name\":\"R\u00e9frig\u00e9rant R-454B au prix de gros - WS Refrigerants\",\"isPartOf\":{\"@id\":\"https:\\\/\\\/refrigerant-wholesale.com\\\/fr\\\/#website\"},\"primaryImageOfPage\":{\"@id\":\"https:\\\/\\\/refrigerant-wholesale.com\\\/fr\\\/product\\\/refrigerant-r-454b\\\/#primaryimage\"},\"image\":{\"@id\":\"https:\\\/\\\/refrigerant-wholesale.com\\\/fr\\\/product\\\/refrigerant-r-454b\\\/#primaryimage\"},\"thumbnailUrl\":\"https:\\\/\\\/refrigerant-wholesale.com\\\/wp-content\\\/uploads\\\/2024\\\/12\\\/13956.png.webp\",\"datePublished\":\"2024-12-24T08:32:14+00:00\",\"dateModified\":\"2025-03-01T20:36:36+00:00\",\"description\":\"Buy R-454B Refrigerant Wholesale Price from 100% PREMIUM Quality R-454B Refrigerant Suppliers. Exp\u00e9dition dans le monde entier. Assistance client\u00e8le 24 heures sur 24\",\"breadcrumb\":{\"@id\":\"https:\\\/\\\/refrigerant-wholesale.com\\\/fr\\\/product\\\/refrigerant-r-454b\\\/#breadcrumb\"},\"inLanguage\":\"fr-FR\",\"potentialAction\":[{\"@type\":\"ReadAction\",\"target\":[\"https:\\\/\\\/refrigerant-wholesale.com\\\/fr\\\/product\\\/refrigerant-r-454b\\\/\"]}]},{\"@type\":\"ImageObject\",\"inLanguage\":\"fr-FR\",\"@id\":\"https:\\\/\\\/refrigerant-wholesale.com\\\/fr\\\/product\\\/refrigerant-r-454b\\\/#primaryimage\",\"url\":\"https:\\\/\\\/refrigerant-wholesale.com\\\/wp-content\\\/uploads\\\/2024\\\/12\\\/13956.png.webp\",\"contentUrl\":\"https:\\\/\\\/refrigerant-wholesale.com\\\/wp-content\\\/uploads\\\/2024\\\/12\\\/13956.png.webp\",\"width\":1000,\"height\":1000,\"caption\":\"R\u00e9frig\u00e9rant R-454B\"},{\"@type\":\"BreadcrumbList\",\"@id\":\"https:\\\/\\\/refrigerant-wholesale.com\\\/fr\\\/product\\\/refrigerant-r-454b\\\/#breadcrumb\",\"itemListElement\":[{\"@type\":\"ListItem\",\"position\":1,\"name\":\"Home\",\"item\":\"https:\\\/\\\/refrigerant-wholesale.com\\\/fr\\\/\"},{\"@type\":\"ListItem\",\"position\":2,\"name\":\"Boutique\",\"item\":\"https:\\\/\\\/refrigerant-wholesale.com\\\/fr\\\/boutique\\\/\"},{\"@type\":\"ListItem\",\"position\":3,\"name\":\"R\u00e9frig\u00e9rant R-454B\"}]},{\"@type\":\"WebSite\",\"@id\":\"https:\\\/\\\/refrigerant-wholesale.com\\\/fr\\\/#website\",\"url\":\"https:\\\/\\\/refrigerant-wholesale.com\\\/fr\\\/\",\"name\":\"Refrigerant Gas Wholesale\",\"description\":\"AC Gas supplier\",\"publisher\":{\"@id\":\"https:\\\/\\\/refrigerant-wholesale.com\\\/fr\\\/#organization\"},\"potentialAction\":[{\"@type\":\"SearchAction\",\"target\":{\"@type\":\"EntryPoint\",\"urlTemplate\":\"https:\\\/\\\/refrigerant-wholesale.com\\\/fr\\\/?s={search_term_string}\"},\"query-input\":{\"@type\":\"PropertyValueSpecification\",\"valueRequired\":true,\"valueName\":\"search_term_string\"}}],\"inLanguage\":\"fr-FR\"},{\"@type\":\"Organization\",\"@id\":\"https:\\\/\\\/refrigerant-wholesale.com\\\/fr\\\/#organization\",\"name\":\"Refrigerant Gas Wholesale\",\"url\":\"https:\\\/\\\/refrigerant-wholesale.com\\\/fr\\\/\",\"logo\":{\"@type\":\"ImageObject\",\"inLanguage\":\"fr-FR\",\"@id\":\"https:\\\/\\\/refrigerant-wholesale.com\\\/fr\\\/#\\\/schema\\\/logo\\\/image\\\/\",\"url\":\"http:\\\/\\\/refrigerant-wholesale.com\\\/wp-content\\\/uploads\\\/2024\\\/04\\\/refrigerant-logo.png\",\"contentUrl\":\"http:\\\/\\\/refrigerant-wholesale.com\\\/wp-content\\\/uploads\\\/2024\\\/04\\\/refrigerant-logo.png\",\"width\":400,\"height\":84,\"caption\":\"Refrigerant Gas Wholesale\"},\"image\":{\"@id\":\"https:\\\/\\\/refrigerant-wholesale.com\\\/fr\\\/#\\\/schema\\\/logo\\\/image\\\/\"},\"sameAs\":[\"https:\\\/\\\/www.facebook.com\\\/refrigerantwholesale\"]}]}<\/script>\n<!-- \/ Yoast SEO Premium plugin. -->","yoast_head_json":{"title":"R\u00e9frig\u00e9rant R-454B au prix de gros - WS Refrigerants","description":"Buy R-454B Refrigerant Wholesale Price from 100% PREMIUM Quality R-454B Refrigerant Suppliers. Exp\u00e9dition dans le monde entier. Assistance client\u00e8le 24 heures sur 24","robots":{"index":"index","follow":"follow","max-snippet":"max-snippet:-1","max-image-preview":"max-image-preview:large","max-video-preview":"max-video-preview:-1"},"canonical":"https:\/\/refrigerant-wholesale.com\/fr\/product\/refrigerant-r-454b\/","og_locale":"fr_FR","og_type":"article","og_title":"R\u00e9frig\u00e9rant R-454B","og_description":"Buy R-454B Refrigerant Wholesale Price from 100% PREMIUM Quality R-454B Refrigerant Suppliers. Exp\u00e9dition dans le monde entier. Assistance client\u00e8le 24 heures sur 24","og_url":"https:\/\/refrigerant-wholesale.com\/fr\/product\/refrigerant-r-454b\/","og_site_name":"Refrigerant Gas Wholesale","article_publisher":"https:\/\/www.facebook.com\/refrigerantwholesale","article_modified_time":"2025-03-01T20:36:36+00:00","og_image":[{"width":1000,"height":1000,"url":"http:\/\/refrigerant-wholesale.com\/wp-content\/uploads\/2024\/12\/13956.png.webp","type":"image\/webp"}],"twitter_card":"summary_large_image","twitter_misc":{"Dur\u00e9e de lecture estim\u00e9e":"3 minutes"},"schema":{"@context":"https:\/\/schema.org","@graph":[{"@type":"WebPage","@id":"https:\/\/refrigerant-wholesale.com\/fr\/product\/refrigerant-r-454b\/","url":"https:\/\/refrigerant-wholesale.com\/fr\/product\/refrigerant-r-454b\/","name":"R\u00e9frig\u00e9rant R-454B au prix de gros - WS Refrigerants","isPartOf":{"@id":"https:\/\/refrigerant-wholesale.com\/fr\/#website"},"primaryImageOfPage":{"@id":"https:\/\/refrigerant-wholesale.com\/fr\/product\/refrigerant-r-454b\/#primaryimage"},"image":{"@id":"https:\/\/refrigerant-wholesale.com\/fr\/product\/refrigerant-r-454b\/#primaryimage"},"thumbnailUrl":"https:\/\/refrigerant-wholesale.com\/wp-content\/uploads\/2024\/12\/13956.png.webp","datePublished":"2024-12-24T08:32:14+00:00","dateModified":"2025-03-01T20:36:36+00:00","description":"Buy R-454B Refrigerant Wholesale Price from 100% PREMIUM Quality R-454B Refrigerant Suppliers. Exp\u00e9dition dans le monde entier. Assistance client\u00e8le 24 heures sur 24","breadcrumb":{"@id":"https:\/\/refrigerant-wholesale.com\/fr\/product\/refrigerant-r-454b\/#breadcrumb"},"inLanguage":"fr-FR","potentialAction":[{"@type":"ReadAction","target":["https:\/\/refrigerant-wholesale.com\/fr\/product\/refrigerant-r-454b\/"]}]},{"@type":"ImageObject","inLanguage":"fr-FR","@id":"https:\/\/refrigerant-wholesale.com\/fr\/product\/refrigerant-r-454b\/#primaryimage","url":"https:\/\/refrigerant-wholesale.com\/wp-content\/uploads\/2024\/12\/13956.png.webp","contentUrl":"https:\/\/refrigerant-wholesale.com\/wp-content\/uploads\/2024\/12\/13956.png.webp","width":1000,"height":1000,"caption":"R\u00e9frig\u00e9rant R-454B"},{"@type":"BreadcrumbList","@id":"https:\/\/refrigerant-wholesale.com\/fr\/product\/refrigerant-r-454b\/#breadcrumb","itemListElement":[{"@type":"ListItem","position":1,"name":"Home","item":"https:\/\/refrigerant-wholesale.com\/fr\/"},{"@type":"ListItem","position":2,"name":"Boutique","item":"https:\/\/refrigerant-wholesale.com\/fr\/boutique\/"},{"@type":"ListItem","position":3,"name":"R\u00e9frig\u00e9rant R-454B"}]},{"@type":"WebSite","@id":"https:\/\/refrigerant-wholesale.com\/fr\/#website","url":"https:\/\/refrigerant-wholesale.com\/fr\/","name":"Refrigerant Gas Wholesale","description":"AC Gas supplier","publisher":{"@id":"https:\/\/refrigerant-wholesale.com\/fr\/#organization"},"potentialAction":[{"@type":"SearchAction","target":{"@type":"EntryPoint","urlTemplate":"https:\/\/refrigerant-wholesale.com\/fr\/?s={search_term_string}"},"query-input":{"@type":"PropertyValueSpecification","valueRequired":true,"valueName":"search_term_string"}}],"inLanguage":"fr-FR"},{"@type":"Organization","@id":"https:\/\/refrigerant-wholesale.com\/fr\/#organization","name":"Refrigerant Gas Wholesale","url":"https:\/\/refrigerant-wholesale.com\/fr\/","logo":{"@type":"ImageObject","inLanguage":"fr-FR","@id":"https:\/\/refrigerant-wholesale.com\/fr\/#\/schema\/logo\/image\/","url":"http:\/\/refrigerant-wholesale.com\/wp-content\/uploads\/2024\/04\/refrigerant-logo.png","contentUrl":"http:\/\/refrigerant-wholesale.com\/wp-content\/uploads\/2024\/04\/refrigerant-logo.png","width":400,"height":84,"caption":"Refrigerant Gas Wholesale"},"image":{"@id":"https:\/\/refrigerant-wholesale.com\/fr\/#\/schema\/logo\/image\/"},"sameAs":["https:\/\/www.facebook.com\/refrigerantwholesale"]}]}},"_links":{"self":[{"href":"https:\/\/refrigerant-wholesale.com\/fr\/wp-json\/wp\/v2\/product\/2130","targetHints":{"allow":["GET"]}}],"collection":[{"href":"https:\/\/refrigerant-wholesale.com\/fr\/wp-json\/wp\/v2\/product"}],"about":[{"href":"https:\/\/refrigerant-wholesale.com\/fr\/wp-json\/wp\/v2\/types\/product"}],"replies":[{"embeddable":true,"href":"https:\/\/refrigerant-wholesale.com\/fr\/wp-json\/wp\/v2\/comments?post=2130"}],"wp:featuredmedia":[{"embeddable":true,"href":"https:\/\/refrigerant-wholesale.com\/fr\/wp-json\/wp\/v2\/media\/1641"}],"wp:attachment":[{"href":"https:\/\/refrigerant-wholesale.com\/fr\/wp-json\/wp\/v2\/media?parent=2130"}],"wp:term":[{"taxonomy":"product_brand","embeddable":true,"href":"https:\/\/refrigerant-wholesale.com\/fr\/wp-json\/wp\/v2\/product_brand?post=2130"},{"taxonomy":"product_cat","embeddable":true,"href":"https:\/\/refrigerant-wholesale.com\/fr\/wp-json\/wp\/v2\/product_cat?post=2130"},{"taxonomy":"product_tag","embeddable":true,"href":"https:\/\/refrigerant-wholesale.com\/fr\/wp-json\/wp\/v2\/product_tag?post=2130"}],"curies":[{"name":"wp","href":"https:\/\/api.w.org\/{rel}","templated":true}]}}