{"id":2125,"date":"2024-12-21T09:26:30","date_gmt":"2024-12-21T09:26:30","guid":{"rendered":"https:\/\/refrigerant-wholesale.com\/product\/refrigerant-r600a\/"},"modified":"2025-03-01T20:36:32","modified_gmt":"2025-03-01T20:36:32","slug":"refrigerant-r600a","status":"publish","type":"product","link":"https:\/\/refrigerant-wholesale.com\/fr\/product\/refrigerant-r600a\/","title":{"rendered":"R\u00e9frig\u00e9rant R600A"},"content":{"rendered":"<h3>R\u00e9frig\u00e9rant R600A en gros &#8211; Fournisseurs fiables pour exp\u00e9dition mondiale<\/h3>\n<p>Vous recherchez une source fiable de <strong>r\u00e9frig\u00e9rant R600A \u00e0 un prix tr\u00e8s comp\u00e9titif<\/strong>? Nous fournissons du <strong>r\u00e9frig\u00e9rant R600A<\/strong> de haute qualit\u00e9 <strong>pour la vente en gros<\/strong>, adapt\u00e9 \u00e0 vos besoins. Que vous soyez dans l&rsquo;industrie du CVC ou de la r\u00e9frig\u00e9ration, notre produit vous assure des performances optimales avec une efficacit\u00e9 maximale. De plus, le <strong>r\u00e9frig\u00e9rant R600A<\/strong> <a href=\"https:\/\/en.wikipedia.org\/wiki\/Isobutane\">remplace<\/a> le <strong><a href=\"https:\/\/refrigerant-wholesale.com\/product\/r134a-refrigerant-30lbs\/\">R134a<\/a> et le <a href=\"https:\/\/refrigerant-wholesale.com\/current-prices-of-r134a-refrigerant-and-market-trends-in-2024\/\">R12<\/a><\/strong>.   <\/p>\n<p>De plus, gr\u00e2ce \u00e0 nos prix comp\u00e9titifs et \u00e0 nos services d&rsquo;exp\u00e9dition internationaux, nous sommes en mesure de r\u00e9pondre aux besoins des entreprises du monde entier. D\u00e9couvrez pourquoi nous sommes les premiers <strong>fournisseurs de r\u00e9frig\u00e9rant R600A<\/strong> sur le march\u00e9 aujourd&rsquo;hui. <\/p>\n<hr>\n<h4>\ud83c\udf1f <strong>Pourquoi choisir notre r\u00e9frig\u00e9rant R600A ?<\/strong><\/h4>\n<p>Le R600A, \u00e9galement connu sous le nom d&rsquo;isobutane, est un r\u00e9frig\u00e9rant \u00e9cologique aux propri\u00e9t\u00e9s thermiques exceptionnelles. Il est id\u00e9al pour les syst\u00e8mes de r\u00e9frig\u00e9ration domestiques et commerciaux l\u00e9gers. Cependant, notre R600A r\u00e9pond \u00e0 toutes les normes internationales en mati\u00e8re de s\u00e9curit\u00e9 et d&rsquo;environnement, ce qui garantit des <a href=\"https:\/\/www.semrush.com\/\">performances<\/a> et une fiabilit\u00e9 \u00e9lev\u00e9es.  <\/p>\n<hr>\n<h3>\ud83d\udccb <strong>Sp\u00e9cifications des produits<\/strong><\/h3>\n<table>\n<thead>\n<tr>\n<th><strong>Sp\u00e9cifications<\/strong><\/th>\n<th><strong>D\u00e9tails<\/strong><\/th>\n<\/tr>\n<\/thead>\n<tbody>\n<tr>\n<td><strong>Nom chimique<\/strong><\/td>\n<td>Isobutane (R600A)<\/td>\n<\/tr>\n<tr>\n<td><strong>Puret\u00e9<\/strong><\/td>\n<td>\u2265 99.8%<\/td>\n<\/tr>\n<tr>\n<td><strong>Poids mol\u00e9culaire<\/strong><\/td>\n<td>58,12 g\/mol<\/td>\n<\/tr>\n<tr>\n<td><strong>Point d&rsquo;\u00e9bullition<\/strong><\/td>\n<td>-11.7\u00b0C<\/td>\n<\/tr>\n<tr>\n<td><strong>Temp\u00e9rature critique<\/strong><\/td>\n<td>134.9\u00b0C<\/td>\n<\/tr>\n<tr>\n<td><strong>Application<\/strong><\/td>\n<td>R\u00e9frig\u00e9rateurs, cong\u00e9lateurs, climatiseurs<\/td>\n<\/tr>\n<\/tbody>\n<\/table>\n<hr>\n<h3>\ud83d\udce6 <strong>Options d&#8217;emballage<\/strong><\/h3>\n<p>Nous savons que l&#8217;emballage joue un r\u00f4le crucial dans le maintien de la qualit\u00e9 du produit pendant le transport. De plus, nos options d&rsquo;<strong> emballage de r\u00e9frig\u00e9rants<\/strong> sont con\u00e7ues pour la commodit\u00e9 et la s\u00e9curit\u00e9 : <\/p>\n<table>\n<thead>\n<tr>\n<th><strong>Taille de l&#8217;emballage<\/strong><\/th>\n<th><strong>Type de cylindre<\/strong><\/th>\n<th><strong>Poids<\/strong><\/th>\n<\/tr>\n<\/thead>\n<tbody>\n<tr>\n<td>5 KG<\/td>\n<td>Bouteille rechargeable<\/td>\n<td>Compact et portable<\/td>\n<\/tr>\n<tr>\n<td>11 KG<\/td>\n<td>Cylindre rechargeable<\/td>\n<td>Id\u00e9al pour une utilisation moyenne<\/td>\n<\/tr>\n<tr>\n<td>50 KG<\/td>\n<td>Cylindre en vrac<\/td>\n<td>Parfait pour les applications \u00e0 grande \u00e9chelle<\/td>\n<\/tr>\n<\/tbody>\n<\/table>\n<p><img loading=\"lazy\" decoding=\"async\" class=\"alignnone wp-image-848\" src=\"http:\/\/refrigerant-wholesale.com\/wp-content\/uploads\/2024\/12\/R600A-400x400.webp\" alt=\"R\u00e9frig\u00e9rant R600A\" width=\"285\" height=\"285\" srcset=\"https:\/\/refrigerant-wholesale.com\/wp-content\/uploads\/2024\/12\/R600A-400x400.webp 400w, https:\/\/refrigerant-wholesale.com\/wp-content\/uploads\/2024\/12\/R600A-100x100.webp 100w, https:\/\/refrigerant-wholesale.com\/wp-content\/uploads\/2024\/12\/R600A-510x510.webp 510w, https:\/\/refrigerant-wholesale.com\/wp-content\/uploads\/2024\/12\/R600A-280x280.webp 280w, https:\/\/refrigerant-wholesale.com\/wp-content\/uploads\/2024\/12\/R600A.webp 700w\" sizes=\"auto, (max-width: 285px) 100vw, 285px\" \/><\/p>\n<p>Toutes les bouteilles sont \u00e9quip\u00e9es de vannes s\u00e9curis\u00e9es et sont faciles \u00e0 manipuler pendant le transport.<\/p>\n<hr>\n<h3>\ud83c\udf0d <strong>Exp\u00e9dition dans le monde entier<\/strong><\/h3>\n<p>Nous proposons des <strong>services d&rsquo;exp\u00e9dition dans le monde entier<\/strong> pour r\u00e9pondre \u00e0 vos besoins commerciaux, o\u00f9 que vous soyez. Gr\u00e2ce \u00e0 un syst\u00e8me logistique efficace, nous assurons des livraisons s\u00fbres et dans les d\u00e9lais. De l&rsquo;Asie \u00e0 l&rsquo;Europe en passant par les Am\u00e9riques, nous assurons un service sans faille.  <\/p>\n<hr>\n<h3>\u2705 <strong>Principaux avantages d&rsquo;acheter chez nous<\/strong><\/h3>\n<ul>\n<li><strong>Solution \u00e9cologique<\/strong>: Le R600A a un faible potentiel de r\u00e9chauffement de la plan\u00e8te (PRP), ce qui en fait une alternative \u00e9cologique.<\/li>\n<li><strong>Efficacit\u00e9 \u00e9nerg\u00e9tique<\/strong>: L&rsquo;efficacit\u00e9 \u00e9nerg\u00e9tique sup\u00e9rieure r\u00e9duit les co\u00fbts d&rsquo;exploitation.<\/li>\n<li><strong>Polyvalence<\/strong>: Parfait pour les applications de r\u00e9frig\u00e9ration r\u00e9sidentielles et commerciales.<\/li>\n<li><strong>Une cha\u00eene d&rsquo;approvisionnement fiable<\/strong>: Notre vaste r\u00e9seau de distribution garantit un approvisionnement ininterrompu.<\/li>\n<\/ul>\n<hr>\n<h3>\ud83d\uded2 <strong>Commandez votre r\u00e9frig\u00e9rant R600A en vrac d\u00e8s aujourd&rsquo;hui !<\/strong><\/h3>\n<p>Choisissez-nous comme votre <strong>fournisseur de<\/strong> confiance de <strong>r\u00e9frig\u00e9rant R600A<\/strong> pour une qualit\u00e9 et un service imbattables. Que vous ayez besoin d&rsquo;un petit lot ou d&rsquo;une commande \u00e0 grande \u00e9chelle, nous sommes \u00e9quip\u00e9s pour r\u00e9pondre efficacement \u00e0 vos besoins. <\/p>\n<hr>\n<h4><strong>Contactez-nous d\u00e8s maintenant !<\/strong><\/h4>\n<p>Laissez-nous vous aider \u00e0 am\u00e9liorer vos op\u00e9rations commerciales avec des solutions de <strong>vente en gros de r\u00e9frig\u00e9rant R600A de<\/strong> premi\u00e8re qualit\u00e9. Cliquez ci-dessous pour obtenir un devis d\u00e8s aujourd&rsquo;hui ! <\/p>\n<hr>\n<p>&nbsp;<\/p>\n","protected":false},"excerpt":{"rendered":"<p><img loading=\"lazy\" decoding=\"async\" class=\"alignnone wp-image-437 aligncenter\" src=\"http:\/\/refrigerant-wholesale.com\/wp-content\/uploads\/2024\/03\/Screenshot-69.png\" alt=\"\" width=\"207\" height=\"50\"><\/p>\n<h4 style=\"text-align: center;\"><img loading=\"lazy\" decoding=\"async\" class=\"alignnone wp-image-744\" src=\"http:\/\/refrigerant-wholesale.com\/wp-content\/uploads\/2024\/07\/removal.ai_8ca2a79e-d09f-4bd1-a4fe-c4c69f1a4386_Trade-Assurance-381x400.png\" alt=\"R\u00e9frig\u00e9rants WS\" width=\"26\" height=\"27\" srcset=\"https:\/\/refrigerant-wholesale.com\/wp-content\/uploads\/2024\/07\/removal.ai_8ca2a79e-d09f-4bd1-a4fe-c4c69f1a4386_Trade-Assurance-381x400.png 381w, https:\/\/refrigerant-wholesale.com\/wp-content\/uploads\/2024\/07\/removal.ai_8ca2a79e-d09f-4bd1-a4fe-c4c69f1a4386_Trade-Assurance-100x100.png 100w, https:\/\/refrigerant-wholesale.com\/wp-content\/uploads\/2024\/07\/removal.ai_8ca2a79e-d09f-4bd1-a4fe-c4c69f1a4386_Trade-Assurance-280x280.png 280w, https:\/\/refrigerant-wholesale.com\/wp-content\/uploads\/2024\/07\/removal.ai_8ca2a79e-d09f-4bd1-a4fe-c4c69f1a4386_Trade-Assurance.png 388w\" sizes=\"auto, (max-width: 26px) 100vw, 26px\" \/>ASSURANCE COMMERCIALE<\/h4>\n<div class=\"gmail-textwidget gmail-custom-html-widget\">\n<h6 style=\"text-align: center;\">Exp\u00e9dition : Livraison dans le monde entier<\/h6>\n<h6 style=\"text-align: center;\">(Demande personnalis\u00e9e acceptable)<\/h6>\n<p style=\"text-align: center;\">100% VIRGIN Scell\u00e9 en usine GARANTIE<\/p>\n<\/div>\n","protected":false},"featured_media":1638,"comment_status":"open","ping_status":"closed","template":"","meta":[],"product_brand":[],"product_cat":[269],"product_tag":[377,376,379,378],"class_list":{"0":"post-2125","1":"product","2":"type-product","3":"status-publish","4":"has-post-thumbnail","6":"product_cat-non-categorise","7":"product_tag-fournisseur-de-refrigerant-r600a","8":"product_tag-prix-du-refrigerant-r600a","9":"product_tag-refrigerant-r600a","10":"product_tag-refrigerant-r600a-en-gros","12":"first","13":"instock","14":"shipping-taxable","15":"product-type-simple"},"yoast_head":"<!-- This site is optimized with the Yoast SEO Premium plugin v27.0 (Yoast SEO v27.3) - https:\/\/yoast.com\/product\/yoast-seo-premium-wordpress\/ -->\n<title>R600A Refrigerant Wholesale - Fournisseur fiable Exp\u00e9dition globale<\/title>\n<meta name=\"description\" content=\"Acheter R\u00e9frig\u00e9rant R600A au prix de gros avec remise sur les commandes en gros de 100% PREMIUM Refrigerant Suppliers. Exp\u00e9dition dans le monde entier. Service client\u00e8le 24 heures sur 24\" \/>\n<meta name=\"robots\" content=\"index, follow, max-snippet:-1, max-image-preview:large, max-video-preview:-1\" \/>\n<link rel=\"canonical\" href=\"https:\/\/refrigerant-wholesale.com\/fr\/product\/refrigerant-r600a\/\" \/>\n<meta property=\"og:locale\" content=\"fr_FR\" \/>\n<meta property=\"og:type\" content=\"article\" \/>\n<meta property=\"og:title\" content=\"R\u00e9frig\u00e9rant R600A\" \/>\n<meta property=\"og:description\" content=\"Acheter R\u00e9frig\u00e9rant R600A au prix de gros avec remise sur les commandes en gros de 100% PREMIUM Refrigerant Suppliers. Exp\u00e9dition dans le monde entier. Service client\u00e8le 24 heures sur 24\" \/>\n<meta property=\"og:url\" content=\"https:\/\/refrigerant-wholesale.com\/fr\/product\/refrigerant-r600a\/\" \/>\n<meta property=\"og:site_name\" content=\"Refrigerant Gas Wholesale\" \/>\n<meta property=\"article:publisher\" content=\"https:\/\/www.facebook.com\/refrigerantwholesale\" \/>\n<meta property=\"article:modified_time\" content=\"2025-03-01T20:36:32+00:00\" \/>\n<meta property=\"og:image\" content=\"http:\/\/refrigerant-wholesale.com\/wp-content\/uploads\/2024\/12\/Eco-Friendly-Neutral-Packed-Refrigerant-Gas-R600A.jpg\" \/>\n\t<meta property=\"og:image:width\" content=\"550\" \/>\n\t<meta property=\"og:image:height\" content=\"550\" \/>\n\t<meta property=\"og:image:type\" content=\"image\/jpeg\" \/>\n<meta name=\"twitter:card\" content=\"summary_large_image\" \/>\n<meta name=\"twitter:label1\" content=\"Dur\u00e9e de lecture estim\u00e9e\" \/>\n\t<meta name=\"twitter:data1\" content=\"3 minutes\" \/>\n<script type=\"application\/ld+json\" class=\"yoast-schema-graph\">{\"@context\":\"https:\\\/\\\/schema.org\",\"@graph\":[{\"@type\":\"WebPage\",\"@id\":\"https:\\\/\\\/refrigerant-wholesale.com\\\/fr\\\/product\\\/refrigerant-r600a\\\/\",\"url\":\"https:\\\/\\\/refrigerant-wholesale.com\\\/fr\\\/product\\\/refrigerant-r600a\\\/\",\"name\":\"R600A Refrigerant Wholesale - Fournisseur fiable Exp\u00e9dition globale\",\"isPartOf\":{\"@id\":\"https:\\\/\\\/refrigerant-wholesale.com\\\/fr\\\/#website\"},\"primaryImageOfPage\":{\"@id\":\"https:\\\/\\\/refrigerant-wholesale.com\\\/fr\\\/product\\\/refrigerant-r600a\\\/#primaryimage\"},\"image\":{\"@id\":\"https:\\\/\\\/refrigerant-wholesale.com\\\/fr\\\/product\\\/refrigerant-r600a\\\/#primaryimage\"},\"thumbnailUrl\":\"https:\\\/\\\/refrigerant-wholesale.com\\\/wp-content\\\/uploads\\\/2024\\\/12\\\/Eco-Friendly-Neutral-Packed-Refrigerant-Gas-R600A.jpg\",\"datePublished\":\"2024-12-21T09:26:30+00:00\",\"dateModified\":\"2025-03-01T20:36:32+00:00\",\"description\":\"Acheter R\u00e9frig\u00e9rant R600A au prix de gros avec remise sur les commandes en gros de 100% PREMIUM Refrigerant Suppliers. Exp\u00e9dition dans le monde entier. Service client\u00e8le 24 heures sur 24\",\"breadcrumb\":{\"@id\":\"https:\\\/\\\/refrigerant-wholesale.com\\\/fr\\\/product\\\/refrigerant-r600a\\\/#breadcrumb\"},\"inLanguage\":\"fr-FR\",\"potentialAction\":[{\"@type\":\"ReadAction\",\"target\":[\"https:\\\/\\\/refrigerant-wholesale.com\\\/fr\\\/product\\\/refrigerant-r600a\\\/\"]}]},{\"@type\":\"ImageObject\",\"inLanguage\":\"fr-FR\",\"@id\":\"https:\\\/\\\/refrigerant-wholesale.com\\\/fr\\\/product\\\/refrigerant-r600a\\\/#primaryimage\",\"url\":\"https:\\\/\\\/refrigerant-wholesale.com\\\/wp-content\\\/uploads\\\/2024\\\/12\\\/Eco-Friendly-Neutral-Packed-Refrigerant-Gas-R600A.jpg\",\"contentUrl\":\"https:\\\/\\\/refrigerant-wholesale.com\\\/wp-content\\\/uploads\\\/2024\\\/12\\\/Eco-Friendly-Neutral-Packed-Refrigerant-Gas-R600A.jpg\",\"width\":550,\"height\":550,\"caption\":\"R\u00e9frig\u00e9rant R600A grossiste, fournisseur R600A\"},{\"@type\":\"BreadcrumbList\",\"@id\":\"https:\\\/\\\/refrigerant-wholesale.com\\\/fr\\\/product\\\/refrigerant-r600a\\\/#breadcrumb\",\"itemListElement\":[{\"@type\":\"ListItem\",\"position\":1,\"name\":\"Home\",\"item\":\"https:\\\/\\\/refrigerant-wholesale.com\\\/fr\\\/\"},{\"@type\":\"ListItem\",\"position\":2,\"name\":\"Boutique\",\"item\":\"https:\\\/\\\/refrigerant-wholesale.com\\\/fr\\\/boutique\\\/\"},{\"@type\":\"ListItem\",\"position\":3,\"name\":\"R\u00e9frig\u00e9rant R600A\"}]},{\"@type\":\"WebSite\",\"@id\":\"https:\\\/\\\/refrigerant-wholesale.com\\\/fr\\\/#website\",\"url\":\"https:\\\/\\\/refrigerant-wholesale.com\\\/fr\\\/\",\"name\":\"Refrigerant Gas Wholesale\",\"description\":\"AC Gas supplier\",\"publisher\":{\"@id\":\"https:\\\/\\\/refrigerant-wholesale.com\\\/fr\\\/#organization\"},\"potentialAction\":[{\"@type\":\"SearchAction\",\"target\":{\"@type\":\"EntryPoint\",\"urlTemplate\":\"https:\\\/\\\/refrigerant-wholesale.com\\\/fr\\\/?s={search_term_string}\"},\"query-input\":{\"@type\":\"PropertyValueSpecification\",\"valueRequired\":true,\"valueName\":\"search_term_string\"}}],\"inLanguage\":\"fr-FR\"},{\"@type\":\"Organization\",\"@id\":\"https:\\\/\\\/refrigerant-wholesale.com\\\/fr\\\/#organization\",\"name\":\"Refrigerant Gas Wholesale\",\"url\":\"https:\\\/\\\/refrigerant-wholesale.com\\\/fr\\\/\",\"logo\":{\"@type\":\"ImageObject\",\"inLanguage\":\"fr-FR\",\"@id\":\"https:\\\/\\\/refrigerant-wholesale.com\\\/fr\\\/#\\\/schema\\\/logo\\\/image\\\/\",\"url\":\"http:\\\/\\\/refrigerant-wholesale.com\\\/wp-content\\\/uploads\\\/2024\\\/04\\\/refrigerant-logo.png\",\"contentUrl\":\"http:\\\/\\\/refrigerant-wholesale.com\\\/wp-content\\\/uploads\\\/2024\\\/04\\\/refrigerant-logo.png\",\"width\":400,\"height\":84,\"caption\":\"Refrigerant Gas Wholesale\"},\"image\":{\"@id\":\"https:\\\/\\\/refrigerant-wholesale.com\\\/fr\\\/#\\\/schema\\\/logo\\\/image\\\/\"},\"sameAs\":[\"https:\\\/\\\/www.facebook.com\\\/refrigerantwholesale\"]}]}<\/script>\n<!-- \/ Yoast SEO Premium plugin. -->","yoast_head_json":{"title":"R600A Refrigerant Wholesale - Fournisseur fiable Exp\u00e9dition globale","description":"Acheter R\u00e9frig\u00e9rant R600A au prix de gros avec remise sur les commandes en gros de 100% PREMIUM Refrigerant Suppliers. Exp\u00e9dition dans le monde entier. Service client\u00e8le 24 heures sur 24","robots":{"index":"index","follow":"follow","max-snippet":"max-snippet:-1","max-image-preview":"max-image-preview:large","max-video-preview":"max-video-preview:-1"},"canonical":"https:\/\/refrigerant-wholesale.com\/fr\/product\/refrigerant-r600a\/","og_locale":"fr_FR","og_type":"article","og_title":"R\u00e9frig\u00e9rant R600A","og_description":"Acheter R\u00e9frig\u00e9rant R600A au prix de gros avec remise sur les commandes en gros de 100% PREMIUM Refrigerant Suppliers. Exp\u00e9dition dans le monde entier. Service client\u00e8le 24 heures sur 24","og_url":"https:\/\/refrigerant-wholesale.com\/fr\/product\/refrigerant-r600a\/","og_site_name":"Refrigerant Gas Wholesale","article_publisher":"https:\/\/www.facebook.com\/refrigerantwholesale","article_modified_time":"2025-03-01T20:36:32+00:00","og_image":[{"width":550,"height":550,"url":"http:\/\/refrigerant-wholesale.com\/wp-content\/uploads\/2024\/12\/Eco-Friendly-Neutral-Packed-Refrigerant-Gas-R600A.jpg","type":"image\/jpeg"}],"twitter_card":"summary_large_image","twitter_misc":{"Dur\u00e9e de lecture estim\u00e9e":"3 minutes"},"schema":{"@context":"https:\/\/schema.org","@graph":[{"@type":"WebPage","@id":"https:\/\/refrigerant-wholesale.com\/fr\/product\/refrigerant-r600a\/","url":"https:\/\/refrigerant-wholesale.com\/fr\/product\/refrigerant-r600a\/","name":"R600A Refrigerant Wholesale - Fournisseur fiable Exp\u00e9dition globale","isPartOf":{"@id":"https:\/\/refrigerant-wholesale.com\/fr\/#website"},"primaryImageOfPage":{"@id":"https:\/\/refrigerant-wholesale.com\/fr\/product\/refrigerant-r600a\/#primaryimage"},"image":{"@id":"https:\/\/refrigerant-wholesale.com\/fr\/product\/refrigerant-r600a\/#primaryimage"},"thumbnailUrl":"https:\/\/refrigerant-wholesale.com\/wp-content\/uploads\/2024\/12\/Eco-Friendly-Neutral-Packed-Refrigerant-Gas-R600A.jpg","datePublished":"2024-12-21T09:26:30+00:00","dateModified":"2025-03-01T20:36:32+00:00","description":"Acheter R\u00e9frig\u00e9rant R600A au prix de gros avec remise sur les commandes en gros de 100% PREMIUM Refrigerant Suppliers. Exp\u00e9dition dans le monde entier. Service client\u00e8le 24 heures sur 24","breadcrumb":{"@id":"https:\/\/refrigerant-wholesale.com\/fr\/product\/refrigerant-r600a\/#breadcrumb"},"inLanguage":"fr-FR","potentialAction":[{"@type":"ReadAction","target":["https:\/\/refrigerant-wholesale.com\/fr\/product\/refrigerant-r600a\/"]}]},{"@type":"ImageObject","inLanguage":"fr-FR","@id":"https:\/\/refrigerant-wholesale.com\/fr\/product\/refrigerant-r600a\/#primaryimage","url":"https:\/\/refrigerant-wholesale.com\/wp-content\/uploads\/2024\/12\/Eco-Friendly-Neutral-Packed-Refrigerant-Gas-R600A.jpg","contentUrl":"https:\/\/refrigerant-wholesale.com\/wp-content\/uploads\/2024\/12\/Eco-Friendly-Neutral-Packed-Refrigerant-Gas-R600A.jpg","width":550,"height":550,"caption":"R\u00e9frig\u00e9rant R600A grossiste, fournisseur R600A"},{"@type":"BreadcrumbList","@id":"https:\/\/refrigerant-wholesale.com\/fr\/product\/refrigerant-r600a\/#breadcrumb","itemListElement":[{"@type":"ListItem","position":1,"name":"Home","item":"https:\/\/refrigerant-wholesale.com\/fr\/"},{"@type":"ListItem","position":2,"name":"Boutique","item":"https:\/\/refrigerant-wholesale.com\/fr\/boutique\/"},{"@type":"ListItem","position":3,"name":"R\u00e9frig\u00e9rant R600A"}]},{"@type":"WebSite","@id":"https:\/\/refrigerant-wholesale.com\/fr\/#website","url":"https:\/\/refrigerant-wholesale.com\/fr\/","name":"Refrigerant Gas Wholesale","description":"AC Gas supplier","publisher":{"@id":"https:\/\/refrigerant-wholesale.com\/fr\/#organization"},"potentialAction":[{"@type":"SearchAction","target":{"@type":"EntryPoint","urlTemplate":"https:\/\/refrigerant-wholesale.com\/fr\/?s={search_term_string}"},"query-input":{"@type":"PropertyValueSpecification","valueRequired":true,"valueName":"search_term_string"}}],"inLanguage":"fr-FR"},{"@type":"Organization","@id":"https:\/\/refrigerant-wholesale.com\/fr\/#organization","name":"Refrigerant Gas Wholesale","url":"https:\/\/refrigerant-wholesale.com\/fr\/","logo":{"@type":"ImageObject","inLanguage":"fr-FR","@id":"https:\/\/refrigerant-wholesale.com\/fr\/#\/schema\/logo\/image\/","url":"http:\/\/refrigerant-wholesale.com\/wp-content\/uploads\/2024\/04\/refrigerant-logo.png","contentUrl":"http:\/\/refrigerant-wholesale.com\/wp-content\/uploads\/2024\/04\/refrigerant-logo.png","width":400,"height":84,"caption":"Refrigerant Gas Wholesale"},"image":{"@id":"https:\/\/refrigerant-wholesale.com\/fr\/#\/schema\/logo\/image\/"},"sameAs":["https:\/\/www.facebook.com\/refrigerantwholesale"]}]}},"_links":{"self":[{"href":"https:\/\/refrigerant-wholesale.com\/fr\/wp-json\/wp\/v2\/product\/2125","targetHints":{"allow":["GET"]}}],"collection":[{"href":"https:\/\/refrigerant-wholesale.com\/fr\/wp-json\/wp\/v2\/product"}],"about":[{"href":"https:\/\/refrigerant-wholesale.com\/fr\/wp-json\/wp\/v2\/types\/product"}],"replies":[{"embeddable":true,"href":"https:\/\/refrigerant-wholesale.com\/fr\/wp-json\/wp\/v2\/comments?post=2125"}],"wp:featuredmedia":[{"embeddable":true,"href":"https:\/\/refrigerant-wholesale.com\/fr\/wp-json\/wp\/v2\/media\/1638"}],"wp:attachment":[{"href":"https:\/\/refrigerant-wholesale.com\/fr\/wp-json\/wp\/v2\/media?parent=2125"}],"wp:term":[{"taxonomy":"product_brand","embeddable":true,"href":"https:\/\/refrigerant-wholesale.com\/fr\/wp-json\/wp\/v2\/product_brand?post=2125"},{"taxonomy":"product_cat","embeddable":true,"href":"https:\/\/refrigerant-wholesale.com\/fr\/wp-json\/wp\/v2\/product_cat?post=2125"},{"taxonomy":"product_tag","embeddable":true,"href":"https:\/\/refrigerant-wholesale.com\/fr\/wp-json\/wp\/v2\/product_tag?post=2125"}],"curies":[{"name":"wp","href":"https:\/\/api.w.org\/{rel}","templated":true}]}}