{"id":2123,"date":"2024-10-01T19:24:10","date_gmt":"2024-10-01T19:24:10","guid":{"rendered":"https:\/\/refrigerant-wholesale.com\/product\/r422d-refrigerant\/"},"modified":"2025-03-01T20:36:27","modified_gmt":"2025-03-01T20:36:27","slug":"r422d-refrigerant","status":"publish","type":"product","link":"https:\/\/refrigerant-wholesale.com\/fr\/product\/r422d-refrigerant\/","title":{"rendered":"R422D R\u00e9frig\u00e9rant"},"content":{"rendered":"<p><strong>R422D Refrigerant Wholesale Supply &#8211; Haute qualit\u00e9, fiabilit\u00e9 et respect de l&rsquo;environnement<\/strong><\/p>\n<p>Vous \u00eates \u00e0 la recherche d&rsquo;un fournisseur fiable de <strong>r\u00e9frig\u00e9rant R422D<\/strong>? Ne cherchez pas plus loin ! Nous proposons du <strong>fluide frigorig\u00e8ne R-422D<\/strong> \u00e0 des prix comp\u00e9titifs, livr\u00e9s dans le monde entier. Que vous soyez dans l&rsquo;industrie HVAC, que vous g\u00e9riez la r\u00e9frig\u00e9ration commerciale ou que vous ayez besoin de solutions de refroidissement efficaces, le <strong>r\u00e9frig\u00e9rant R-422D<\/strong> est le choix \u00e9cologique et rentable pour vos besoins professionnels. Fournisseur en gros de r\u00e9frig\u00e9rant R422D    <\/p>\n<h3>Qu&rsquo;est-ce que le fluide frigorig\u00e8ne R422D ?<\/h3>\n<p>Le <strong>fluide frigorig\u00e8ne R422D<\/strong> est un m\u00e9lange d&rsquo;hydrofluorocarbures (HFC) qui n&rsquo;appauvrit pas la couche d&rsquo;ozone et qui a \u00e9t\u00e9 con\u00e7u pour <strong>remplacer le fluide frigorig\u00e8ne R22<\/strong>. Face aux pr\u00e9occupations croissantes concernant l&rsquo;impact sur l&rsquo;environnement, le m\u00e9lange <strong>r\u00e9frig\u00e9rant R-422D<\/strong> offre une alternative fiable, \u00e9conome en \u00e9nergie et respectueuse de l&rsquo;environnement, r\u00e9duisant ainsi la demande de R22. Ce r\u00e9frig\u00e9rant est largement utilis\u00e9 dans les <strong>syst\u00e8mes de climatisation<\/strong>, la r\u00e9frig\u00e9ration commerciale et d&rsquo;autres applications de refroidissement.  <\/p>\n<p>Le <strong>fluide frigorig\u00e8ne R422D<\/strong> est formul\u00e9 pour offrir des performances optimales tout en maintenant la compatibilit\u00e9 du syst\u00e8me, ce qui \u00e9limine la n\u00e9cessit\u00e9 de proc\u00e9der \u00e0 des mises \u00e0 niveau ou \u00e0 des remplacements d&rsquo;\u00e9quipement co\u00fbteux. Si vous recherchez une <strong>alternative au R22<\/strong> qui concilie performance, fiabilit\u00e9 et respect de l&rsquo;environnement, le <strong>fluide frigorig\u00e8ne<a href=\"https:\/\/www.google.com\/search?q=R-422D+refrigerant&amp;sca_esv=d0b803cd6a659de4&amp;sca_upv=1&amp;sxsrf=ADLYWILzru2bwileve_zVD5v4eA3IRhkuw%3A1727822388897&amp;source=hp&amp;ei=NHr8ZvC_NKiOxc8PnqWsoAU&amp;iflsig=AL9hbdgAAAAAZvyIRDpan9klDRTbhrv6BUD736Gplscm&amp;ved=0ahUKEwjwqeT9n-6IAxUoR_EDHZ4SC1QQ4dUDCBY&amp;uact=5&amp;oq=R-422D+refrigerant&amp;gs_lp=Egdnd3Mtd2l6IhJSLTQyMkQgcmVmcmlnZXJhbnQyBRAAGIAEMgYQABgWGB4yBhAAGBYYHjILEAAYgAQYhgMYigUyCxAAGIAEGIYDGIoFMgsQABiABBiGAxiKBTILEAAYgAQYhgMYigUyCxAAGIAEGIYDGIoFMggQABiABBiiBDIIEAAYgAQYogRI7m9QAFjvYnABeACQAQCYAXmgAXmqAQMwLjG4AQPIAQD4AQL4AQGYAgKgAogBqAIKwgIHECMYJxjqApgDC5IHAzEuMaAHsgY&amp;sclient=gws-wiz\">R422D<\/a><\/strong> est le choix id\u00e9al. <\/p>\n<h3>Avantages du r\u00e9frig\u00e9rant R422D<\/h3>\n<p>En choisissant le <strong>fluide frigorig\u00e8ne R422D<\/strong> en vrac, vous b\u00e9n\u00e9ficiez de plusieurs avantages, notamment <\/p>\n<ul>\n<li><strong>Solution \u00e9cologique<\/strong>: Le <strong>r\u00e9frig\u00e9rant R-422D<\/strong> a un potentiel d&rsquo;appauvrissement de la couche d&rsquo;ozone (ODP) nul, ce qui en fait un excellent choix pour les entreprises soucieuses de l&rsquo;environnement.<\/li>\n<li><strong>Facilit\u00e9 d&rsquo;utilisation<\/strong>: ce r\u00e9frig\u00e9rant <strong>remplace le <a href=\"https:\/\/refrigerant-wholesale.com\/product\/refron-r22-refrigerant-gas-13-6kg\/\">R22<\/a><\/strong>, ce qui signifie qu&rsquo;il fonctionne avec les \u00e9quipements existants, r\u00e9duisant ainsi les co\u00fbts d&rsquo;installation.<\/li>\n<li><strong>Rentabilit\u00e9<\/strong>: L&rsquo;achat en gros de <strong>r\u00e9frig\u00e9rant R-422D<\/strong> vous permet d&rsquo;\u00e9conomiser de l&rsquo;argent sur les co\u00fbts des produits et les co\u00fbts op\u00e9rationnels. Nos options d&rsquo;approvisionnement en vrac vous permettent d&rsquo;obtenir le meilleur rapport qualit\u00e9-prix pour votre achat. <\/li>\n<li><strong>Large gamme d&rsquo;applications<\/strong>: Adapt\u00e9 \u00e0 une grande vari\u00e9t\u00e9 de <strong>syst\u00e8mes CVC<\/strong>, d&rsquo;unit\u00e9s de r\u00e9frig\u00e9ration commerciale et d&rsquo;autres syst\u00e8mes de refroidissement, le <strong>fluide frigorig\u00e8ne R-422D<\/strong> offre une utilisation polyvalente dans les industries du monde entier.<\/li>\n<\/ul>\n<h3>Pourquoi nous choisir comme fournisseur en gros de r\u00e9frig\u00e9rant R-422D ?<\/h3>\n<p>Nous nous engageons \u00e0 fournir \u00e0 nos clients le <strong>r\u00e9frig\u00e9rant R-422D de<\/strong> la plus haute qualit\u00e9 tout en assurant une livraison rapide, fiable et mondiale. Voici pourquoi nous choisir pour votre approvisionnement en gros est la meilleure d\u00e9cision : <\/p>\n<ul>\n<li><strong>Distribution mondiale<\/strong>: Nous exp\u00e9dions le <strong>r\u00e9frig\u00e9rant R-422D<\/strong> \u00e0 nos clients dans le monde entier, garantissant ainsi une livraison dans les d\u00e9lais, quelle que soit votre situation g\u00e9ographique.<\/li>\n<li><strong>Prix comp\u00e9titifs<\/strong>: En tant que fournisseur de gros, nous offrons des <strong>prix comp\u00e9titifs<\/strong> sur les commandes en gros de <strong>r\u00e9frig\u00e9rant R-422D<\/strong> pour vous aider \u00e0 optimiser vos co\u00fbts d&rsquo;entreprise.<\/li>\n<li><strong>Assistance \u00e0 la client\u00e8le<\/strong>: Notre \u00e9quipe de service client\u00e8le est \u00e0 votre disposition pour r\u00e9pondre \u00e0 toutes vos questions sur le <strong>r\u00e9frig\u00e9rant R-422D<\/strong> et vous guider \u00e0 chaque \u00e9tape du processus d&rsquo;achat.<\/li>\n<li><strong>Produits de haute qualit\u00e9<\/strong>: Notre <strong>r\u00e9frig\u00e9rant R-422D<\/strong> est conforme \u00e0 toutes les normes et r\u00e9glementations industrielles, ce qui garantit la s\u00e9curit\u00e9 et l&rsquo;efficacit\u00e9 de vos syst\u00e8mes.<\/li>\n<\/ul>\n<h3>Commandez d\u00e8s aujourd&rsquo;hui du fluide frigorig\u00e8ne R422D en vrac<\/h3>\n<p>Pour un <strong>fournisseur en gros de r\u00e9frig\u00e9rant R-422D<\/strong> fiable et de confiance, ne cherchez pas plus loin. Contactez-nous d\u00e8s aujourd&rsquo;hui pour obtenir un devis et profiter de notre r\u00e9seau de distribution mondial. Assurez le bon fonctionnement de votre entreprise gr\u00e2ce \u00e0 la solution de r\u00e9frig\u00e9rant la plus efficace, la plus \u00e9cologique et la plus rentable du march\u00e9.  <\/p>\n","protected":false},"excerpt":{"rendered":"<p><img loading=\"lazy\" decoding=\"async\" class=\"alignnone wp-image-437 aligncenter\" src=\"http:\/\/refrigerant-wholesale.com\/wp-content\/uploads\/2024\/03\/Screenshot-69.png\" alt=\"\" width=\"207\" height=\"50\"><\/p>\n<h4 style=\"text-align: center;\"><img loading=\"lazy\" decoding=\"async\" class=\"alignnone wp-image-744\" src=\"http:\/\/refrigerant-wholesale.com\/wp-content\/uploads\/2024\/07\/removal.ai_8ca2a79e-d09f-4bd1-a4fe-c4c69f1a4386_Trade-Assurance-381x400.png\" alt=\"R\u00e9frig\u00e9rants WS\" width=\"26\" height=\"27\" srcset=\"https:\/\/refrigerant-wholesale.com\/wp-content\/uploads\/2024\/07\/removal.ai_8ca2a79e-d09f-4bd1-a4fe-c4c69f1a4386_Trade-Assurance-381x400.png 381w, https:\/\/refrigerant-wholesale.com\/wp-content\/uploads\/2024\/07\/removal.ai_8ca2a79e-d09f-4bd1-a4fe-c4c69f1a4386_Trade-Assurance-100x100.png 100w, https:\/\/refrigerant-wholesale.com\/wp-content\/uploads\/2024\/07\/removal.ai_8ca2a79e-d09f-4bd1-a4fe-c4c69f1a4386_Trade-Assurance-280x280.png 280w, https:\/\/refrigerant-wholesale.com\/wp-content\/uploads\/2024\/07\/removal.ai_8ca2a79e-d09f-4bd1-a4fe-c4c69f1a4386_Trade-Assurance.png 388w\" sizes=\"auto, (max-width: 26px) 100vw, 26px\" \/>ASSURANCE COMMERCIALE<\/h4>\n<div class=\"gmail-textwidget gmail-custom-html-widget\">\n<h6 style=\"text-align: center;\">Exp\u00e9dition : Livraison dans le monde entier<\/h6>\n<h6 style=\"text-align: center;\">(Demande personnalis\u00e9e acceptable)<\/h6>\n<p style=\"text-align: center;\">100% VIRGIN Scell\u00e9 en usine GARANTIE<\/p>\n<\/div>\n","protected":false},"featured_media":1626,"comment_status":"open","ping_status":"closed","template":"","meta":[],"product_brand":[],"product_cat":[269],"product_tag":[],"class_list":{"0":"post-2123","1":"product","2":"type-product","3":"status-publish","4":"has-post-thumbnail","6":"product_cat-non-categorise","8":"first","9":"instock","10":"shipping-taxable","11":"product-type-simple"},"yoast_head":"<!-- This site is optimized with the Yoast SEO Premium plugin v27.0 (Yoast SEO v27.3) - https:\/\/yoast.com\/product\/yoast-seo-premium-wordpress\/ -->\n<title>R422D Refrigerant | Fournisseur en gros de R422D Refrigerant<\/title>\n<meta name=\"description\" content=\"R\u00e9frig\u00e9rant de remplacement R22, R\u00e9frig\u00e9rant R-422D, Fournisseur mondial de r\u00e9frig\u00e9rants. R422D refrigerant wholesale, grossiste en R422D refrigerant\" \/>\n<meta name=\"robots\" content=\"index, follow, max-snippet:-1, max-image-preview:large, max-video-preview:-1\" \/>\n<link rel=\"canonical\" href=\"https:\/\/refrigerant-wholesale.com\/fr\/product\/r422d-refrigerant\/\" \/>\n<meta property=\"og:locale\" content=\"fr_FR\" \/>\n<meta property=\"og:type\" content=\"article\" \/>\n<meta property=\"og:title\" content=\"R422D R\u00e9frig\u00e9rant\" \/>\n<meta property=\"og:description\" content=\"R\u00e9frig\u00e9rant de remplacement R22, R\u00e9frig\u00e9rant R-422D, Fournisseur mondial de r\u00e9frig\u00e9rants. R422D refrigerant wholesale, grossiste en R422D refrigerant\" \/>\n<meta property=\"og:url\" content=\"https:\/\/refrigerant-wholesale.com\/fr\/product\/r422d-refrigerant\/\" \/>\n<meta property=\"og:site_name\" content=\"Refrigerant Gas Wholesale\" \/>\n<meta property=\"article:publisher\" content=\"https:\/\/www.facebook.com\/refrigerantwholesale\" \/>\n<meta property=\"article:modified_time\" content=\"2025-03-01T20:36:27+00:00\" \/>\n<meta property=\"og:image\" content=\"http:\/\/refrigerant-wholesale.com\/wp-content\/uploads\/2024\/10\/R422D-Refrigerant.webp\" \/>\n\t<meta property=\"og:image:width\" content=\"823\" \/>\n\t<meta property=\"og:image:height\" content=\"1097\" \/>\n\t<meta property=\"og:image:type\" content=\"image\/webp\" \/>\n<meta name=\"twitter:card\" content=\"summary_large_image\" \/>\n<meta name=\"twitter:label1\" content=\"Dur\u00e9e de lecture estim\u00e9e\" \/>\n\t<meta name=\"twitter:data1\" content=\"3 minutes\" \/>\n<script type=\"application\/ld+json\" class=\"yoast-schema-graph\">{\"@context\":\"https:\\\/\\\/schema.org\",\"@graph\":[{\"@type\":\"WebPage\",\"@id\":\"https:\\\/\\\/refrigerant-wholesale.com\\\/fr\\\/product\\\/r422d-refrigerant\\\/\",\"url\":\"https:\\\/\\\/refrigerant-wholesale.com\\\/fr\\\/product\\\/r422d-refrigerant\\\/\",\"name\":\"R422D Refrigerant | Fournisseur en gros de R422D Refrigerant\",\"isPartOf\":{\"@id\":\"https:\\\/\\\/refrigerant-wholesale.com\\\/fr\\\/#website\"},\"primaryImageOfPage\":{\"@id\":\"https:\\\/\\\/refrigerant-wholesale.com\\\/fr\\\/product\\\/r422d-refrigerant\\\/#primaryimage\"},\"image\":{\"@id\":\"https:\\\/\\\/refrigerant-wholesale.com\\\/fr\\\/product\\\/r422d-refrigerant\\\/#primaryimage\"},\"thumbnailUrl\":\"https:\\\/\\\/refrigerant-wholesale.com\\\/wp-content\\\/uploads\\\/2024\\\/10\\\/R422D-Refrigerant.webp\",\"datePublished\":\"2024-10-01T19:24:10+00:00\",\"dateModified\":\"2025-03-01T20:36:27+00:00\",\"description\":\"R\u00e9frig\u00e9rant de remplacement R22, R\u00e9frig\u00e9rant R-422D, Fournisseur mondial de r\u00e9frig\u00e9rants. R422D refrigerant wholesale, grossiste en R422D refrigerant\",\"breadcrumb\":{\"@id\":\"https:\\\/\\\/refrigerant-wholesale.com\\\/fr\\\/product\\\/r422d-refrigerant\\\/#breadcrumb\"},\"inLanguage\":\"fr-FR\",\"potentialAction\":[{\"@type\":\"ReadAction\",\"target\":[\"https:\\\/\\\/refrigerant-wholesale.com\\\/fr\\\/product\\\/r422d-refrigerant\\\/\"]}]},{\"@type\":\"ImageObject\",\"inLanguage\":\"fr-FR\",\"@id\":\"https:\\\/\\\/refrigerant-wholesale.com\\\/fr\\\/product\\\/r422d-refrigerant\\\/#primaryimage\",\"url\":\"https:\\\/\\\/refrigerant-wholesale.com\\\/wp-content\\\/uploads\\\/2024\\\/10\\\/R422D-Refrigerant.webp\",\"contentUrl\":\"https:\\\/\\\/refrigerant-wholesale.com\\\/wp-content\\\/uploads\\\/2024\\\/10\\\/R422D-Refrigerant.webp\",\"width\":823,\"height\":1097,\"caption\":\"R422D R\u00e9frig\u00e9rant\"},{\"@type\":\"BreadcrumbList\",\"@id\":\"https:\\\/\\\/refrigerant-wholesale.com\\\/fr\\\/product\\\/r422d-refrigerant\\\/#breadcrumb\",\"itemListElement\":[{\"@type\":\"ListItem\",\"position\":1,\"name\":\"Home\",\"item\":\"https:\\\/\\\/refrigerant-wholesale.com\\\/fr\\\/\"},{\"@type\":\"ListItem\",\"position\":2,\"name\":\"Boutique\",\"item\":\"https:\\\/\\\/refrigerant-wholesale.com\\\/fr\\\/boutique\\\/\"},{\"@type\":\"ListItem\",\"position\":3,\"name\":\"R422D R\u00e9frig\u00e9rant\"}]},{\"@type\":\"WebSite\",\"@id\":\"https:\\\/\\\/refrigerant-wholesale.com\\\/fr\\\/#website\",\"url\":\"https:\\\/\\\/refrigerant-wholesale.com\\\/fr\\\/\",\"name\":\"Refrigerant Gas Wholesale\",\"description\":\"AC Gas supplier\",\"publisher\":{\"@id\":\"https:\\\/\\\/refrigerant-wholesale.com\\\/fr\\\/#organization\"},\"potentialAction\":[{\"@type\":\"SearchAction\",\"target\":{\"@type\":\"EntryPoint\",\"urlTemplate\":\"https:\\\/\\\/refrigerant-wholesale.com\\\/fr\\\/?s={search_term_string}\"},\"query-input\":{\"@type\":\"PropertyValueSpecification\",\"valueRequired\":true,\"valueName\":\"search_term_string\"}}],\"inLanguage\":\"fr-FR\"},{\"@type\":\"Organization\",\"@id\":\"https:\\\/\\\/refrigerant-wholesale.com\\\/fr\\\/#organization\",\"name\":\"Refrigerant Gas Wholesale\",\"url\":\"https:\\\/\\\/refrigerant-wholesale.com\\\/fr\\\/\",\"logo\":{\"@type\":\"ImageObject\",\"inLanguage\":\"fr-FR\",\"@id\":\"https:\\\/\\\/refrigerant-wholesale.com\\\/fr\\\/#\\\/schema\\\/logo\\\/image\\\/\",\"url\":\"http:\\\/\\\/refrigerant-wholesale.com\\\/wp-content\\\/uploads\\\/2024\\\/04\\\/refrigerant-logo.png\",\"contentUrl\":\"http:\\\/\\\/refrigerant-wholesale.com\\\/wp-content\\\/uploads\\\/2024\\\/04\\\/refrigerant-logo.png\",\"width\":400,\"height\":84,\"caption\":\"Refrigerant Gas Wholesale\"},\"image\":{\"@id\":\"https:\\\/\\\/refrigerant-wholesale.com\\\/fr\\\/#\\\/schema\\\/logo\\\/image\\\/\"},\"sameAs\":[\"https:\\\/\\\/www.facebook.com\\\/refrigerantwholesale\"]}]}<\/script>\n<!-- \/ Yoast SEO Premium plugin. -->","yoast_head_json":{"title":"R422D Refrigerant | Fournisseur en gros de R422D Refrigerant","description":"R\u00e9frig\u00e9rant de remplacement R22, R\u00e9frig\u00e9rant R-422D, Fournisseur mondial de r\u00e9frig\u00e9rants. R422D refrigerant wholesale, grossiste en R422D refrigerant","robots":{"index":"index","follow":"follow","max-snippet":"max-snippet:-1","max-image-preview":"max-image-preview:large","max-video-preview":"max-video-preview:-1"},"canonical":"https:\/\/refrigerant-wholesale.com\/fr\/product\/r422d-refrigerant\/","og_locale":"fr_FR","og_type":"article","og_title":"R422D R\u00e9frig\u00e9rant","og_description":"R\u00e9frig\u00e9rant de remplacement R22, R\u00e9frig\u00e9rant R-422D, Fournisseur mondial de r\u00e9frig\u00e9rants. R422D refrigerant wholesale, grossiste en R422D refrigerant","og_url":"https:\/\/refrigerant-wholesale.com\/fr\/product\/r422d-refrigerant\/","og_site_name":"Refrigerant Gas Wholesale","article_publisher":"https:\/\/www.facebook.com\/refrigerantwholesale","article_modified_time":"2025-03-01T20:36:27+00:00","og_image":[{"width":823,"height":1097,"url":"http:\/\/refrigerant-wholesale.com\/wp-content\/uploads\/2024\/10\/R422D-Refrigerant.webp","type":"image\/webp"}],"twitter_card":"summary_large_image","twitter_misc":{"Dur\u00e9e de lecture estim\u00e9e":"3 minutes"},"schema":{"@context":"https:\/\/schema.org","@graph":[{"@type":"WebPage","@id":"https:\/\/refrigerant-wholesale.com\/fr\/product\/r422d-refrigerant\/","url":"https:\/\/refrigerant-wholesale.com\/fr\/product\/r422d-refrigerant\/","name":"R422D Refrigerant | Fournisseur en gros de R422D Refrigerant","isPartOf":{"@id":"https:\/\/refrigerant-wholesale.com\/fr\/#website"},"primaryImageOfPage":{"@id":"https:\/\/refrigerant-wholesale.com\/fr\/product\/r422d-refrigerant\/#primaryimage"},"image":{"@id":"https:\/\/refrigerant-wholesale.com\/fr\/product\/r422d-refrigerant\/#primaryimage"},"thumbnailUrl":"https:\/\/refrigerant-wholesale.com\/wp-content\/uploads\/2024\/10\/R422D-Refrigerant.webp","datePublished":"2024-10-01T19:24:10+00:00","dateModified":"2025-03-01T20:36:27+00:00","description":"R\u00e9frig\u00e9rant de remplacement R22, R\u00e9frig\u00e9rant R-422D, Fournisseur mondial de r\u00e9frig\u00e9rants. R422D refrigerant wholesale, grossiste en R422D refrigerant","breadcrumb":{"@id":"https:\/\/refrigerant-wholesale.com\/fr\/product\/r422d-refrigerant\/#breadcrumb"},"inLanguage":"fr-FR","potentialAction":[{"@type":"ReadAction","target":["https:\/\/refrigerant-wholesale.com\/fr\/product\/r422d-refrigerant\/"]}]},{"@type":"ImageObject","inLanguage":"fr-FR","@id":"https:\/\/refrigerant-wholesale.com\/fr\/product\/r422d-refrigerant\/#primaryimage","url":"https:\/\/refrigerant-wholesale.com\/wp-content\/uploads\/2024\/10\/R422D-Refrigerant.webp","contentUrl":"https:\/\/refrigerant-wholesale.com\/wp-content\/uploads\/2024\/10\/R422D-Refrigerant.webp","width":823,"height":1097,"caption":"R422D R\u00e9frig\u00e9rant"},{"@type":"BreadcrumbList","@id":"https:\/\/refrigerant-wholesale.com\/fr\/product\/r422d-refrigerant\/#breadcrumb","itemListElement":[{"@type":"ListItem","position":1,"name":"Home","item":"https:\/\/refrigerant-wholesale.com\/fr\/"},{"@type":"ListItem","position":2,"name":"Boutique","item":"https:\/\/refrigerant-wholesale.com\/fr\/boutique\/"},{"@type":"ListItem","position":3,"name":"R422D R\u00e9frig\u00e9rant"}]},{"@type":"WebSite","@id":"https:\/\/refrigerant-wholesale.com\/fr\/#website","url":"https:\/\/refrigerant-wholesale.com\/fr\/","name":"Refrigerant Gas Wholesale","description":"AC Gas supplier","publisher":{"@id":"https:\/\/refrigerant-wholesale.com\/fr\/#organization"},"potentialAction":[{"@type":"SearchAction","target":{"@type":"EntryPoint","urlTemplate":"https:\/\/refrigerant-wholesale.com\/fr\/?s={search_term_string}"},"query-input":{"@type":"PropertyValueSpecification","valueRequired":true,"valueName":"search_term_string"}}],"inLanguage":"fr-FR"},{"@type":"Organization","@id":"https:\/\/refrigerant-wholesale.com\/fr\/#organization","name":"Refrigerant Gas Wholesale","url":"https:\/\/refrigerant-wholesale.com\/fr\/","logo":{"@type":"ImageObject","inLanguage":"fr-FR","@id":"https:\/\/refrigerant-wholesale.com\/fr\/#\/schema\/logo\/image\/","url":"http:\/\/refrigerant-wholesale.com\/wp-content\/uploads\/2024\/04\/refrigerant-logo.png","contentUrl":"http:\/\/refrigerant-wholesale.com\/wp-content\/uploads\/2024\/04\/refrigerant-logo.png","width":400,"height":84,"caption":"Refrigerant Gas Wholesale"},"image":{"@id":"https:\/\/refrigerant-wholesale.com\/fr\/#\/schema\/logo\/image\/"},"sameAs":["https:\/\/www.facebook.com\/refrigerantwholesale"]}]}},"_links":{"self":[{"href":"https:\/\/refrigerant-wholesale.com\/fr\/wp-json\/wp\/v2\/product\/2123","targetHints":{"allow":["GET"]}}],"collection":[{"href":"https:\/\/refrigerant-wholesale.com\/fr\/wp-json\/wp\/v2\/product"}],"about":[{"href":"https:\/\/refrigerant-wholesale.com\/fr\/wp-json\/wp\/v2\/types\/product"}],"replies":[{"embeddable":true,"href":"https:\/\/refrigerant-wholesale.com\/fr\/wp-json\/wp\/v2\/comments?post=2123"}],"wp:featuredmedia":[{"embeddable":true,"href":"https:\/\/refrigerant-wholesale.com\/fr\/wp-json\/wp\/v2\/media\/1626"}],"wp:attachment":[{"href":"https:\/\/refrigerant-wholesale.com\/fr\/wp-json\/wp\/v2\/media?parent=2123"}],"wp:term":[{"taxonomy":"product_brand","embeddable":true,"href":"https:\/\/refrigerant-wholesale.com\/fr\/wp-json\/wp\/v2\/product_brand?post=2123"},{"taxonomy":"product_cat","embeddable":true,"href":"https:\/\/refrigerant-wholesale.com\/fr\/wp-json\/wp\/v2\/product_cat?post=2123"},{"taxonomy":"product_tag","embeddable":true,"href":"https:\/\/refrigerant-wholesale.com\/fr\/wp-json\/wp\/v2\/product_tag?post=2123"}],"curies":[{"name":"wp","href":"https:\/\/api.w.org\/{rel}","templated":true}]}}