{"id":2120,"date":"2024-10-01T19:25:59","date_gmt":"2024-10-01T19:25:59","guid":{"rendered":"https:\/\/refrigerant-wholesale.com\/product\/refrigerant-r32\/"},"modified":"2025-03-01T20:36:25","modified_gmt":"2025-03-01T20:36:25","slug":"refrigerant-r32","status":"publish","type":"product","link":"https:\/\/refrigerant-wholesale.com\/fr\/product\/refrigerant-r32\/","title":{"rendered":"R\u00e9frig\u00e9rant R32"},"content":{"rendered":"<p><strong>R\u00e9frig\u00e9rant R32 pour l&rsquo;approvisionnement en gros &#8211; Votre solution globale pour un refroidissement respectueux de l&rsquo;environnement<\/strong><\/p>\n<p>Vous recherchez un fournisseur fiable de <strong>r\u00e9frig\u00e9rant R32<\/strong> pour votre entreprise ? Nous proposons du fluide frigorig\u00e8ne R32 en gros pour une distribution mondiale, ce qui vous permet d&rsquo;avoir acc\u00e8s \u00e0 ce fluide frigorig\u00e8ne <strong>\u00e9conome en \u00e9nergie<\/strong> et <strong>respectueux de l&rsquo;environnement<\/strong> \u00e0 des prix comp\u00e9titifs. Que vous soyez dans l&rsquo;industrie <strong>HVAC<\/strong>, que vous entreteniez des climatiseurs ou que vous g\u00e9riez des syst\u00e8mes de refroidissement \u00e0 grande \u00e9chelle, notre r\u00e9frig\u00e9rant R32 est la solution parfaite pour vos besoins de refroidissement.  <\/p>\n<h3>Qu&rsquo;est-ce que le r\u00e9frig\u00e9rant R32 ?<\/h3>\n<p>Le r\u00e9frig\u00e9rant R-32, \u00e9galement connu sous le nom de <strong>difluorom\u00e9thane<\/strong>, est un gaz r\u00e9frig\u00e9rant de nouvelle g\u00e9n\u00e9ration largement utilis\u00e9 dans les <strong>syst\u00e8mes<\/strong> modernes <strong>de<\/strong> <strong>climatisation<\/strong> et de <strong>r\u00e9frig\u00e9ration<\/strong>. Il a un <strong>potentiel de r\u00e9chauffement plan\u00e9taire (PRP<\/strong> ) inf\u00e9rieur \u00e0 celui des r\u00e9frig\u00e9rants traditionnels tels que le <a href=\"https:\/\/refrigerant-wholesale.com\/product-category\/tipos\/r410a-refrigerant\/\"><strong>R410A<\/strong><\/a> et est con\u00e7u pour am\u00e9liorer l&rsquo;efficacit\u00e9 \u00e9nerg\u00e9tique des syst\u00e8mes de refroidissement tout en r\u00e9duisant l&rsquo;impact sur l&rsquo;environnement. En choisissant le R32, vous contribuez \u00e0 un <strong>avenir<\/strong> plus <strong>durable<\/strong> sans compromettre les performances.  <\/p>\n<h3>Avantages du r\u00e9frig\u00e9rant R-32<\/h3>\n<ol>\n<li><strong>Respectueux de l&rsquo;environnement<\/strong>: Le R32 a un PRP de 675, ce qui est nettement inf\u00e9rieur au R410A, dont le PRP est de 2 088. Il s&rsquo;agit donc d&rsquo;un choix plus <strong>respectueux de l&rsquo;environnement<\/strong> pour r\u00e9duire votre empreinte carbone. <\/li>\n<li><strong>Meilleure efficacit\u00e9 \u00e9nerg\u00e9tique<\/strong>: Le r\u00e9frig\u00e9rant R32 offre une meilleure conductivit\u00e9 thermique, ce qui rend les climatiseurs et les r\u00e9frig\u00e9rateurs plus efficaces sur le plan \u00e9nerg\u00e9tique et plus rentables.<\/li>\n<li><strong>Facile \u00e0 manipuler<\/strong>: Le R32 fonctionne \u00e0 des pressions plus basses que certaines autres solutions, ce qui simplifie l&rsquo;installation, l&rsquo;entretien et la manipulation.<\/li>\n<li><strong>Conformit\u00e9 avec les r\u00e9glementations environnementales<\/strong>: De nombreux pays \u00e9liminent progressivement les fluides frigorig\u00e8nes \u00e0 fort PRG, ce qui fait du R32 une option id\u00e9ale pour les entreprises qui souhaitent rester en conformit\u00e9 avec les r\u00e9glementations en cours d&rsquo;\u00e9volution.<\/li>\n<\/ol>\n<h3>Pourquoi acheter du r\u00e9frig\u00e9rant R32 chez nous ?<\/h3>\n<p>Nous sommes sp\u00e9cialis\u00e9s dans la <strong>fourniture en gros de r\u00e9frig\u00e9rant R32<\/strong> \u00e0 des clients du monde entier. Gr\u00e2ce \u00e0 notre vaste r\u00e9seau de partenaires logistiques, nous pouvons garantir des livraisons rapides et s\u00fbres \u00e0 n&rsquo;importe quel endroit, que vous soyez bas\u00e9 en <strong>Am\u00e9rique du Nord<\/strong>, en <strong>Europe<\/strong>, en <strong>Asie<\/strong> ou ailleurs. Notre r\u00e9frig\u00e9rant R32 r\u00e9pond \u00e0 toutes les normes internationales de qualit\u00e9 et de s\u00e9curit\u00e9, ce qui vous assure de recevoir un produit de la plus haute qualit\u00e9 pour vos besoins de refroidissement.  <\/p>\n<ul>\n<li><strong>Commandes en gros et prix comp\u00e9titifs<\/strong>: Nous proposons des prix comp\u00e9titifs pour les commandes en gros, ce qui vous permet de minimiser les co\u00fbts tout en maximisant les profits.<\/li>\n<li><strong>Distribution mondiale<\/strong>: Nous sommes un <strong>fournisseur en gros de r\u00e9frig\u00e9rant R-32<\/strong> de confiance qui a fait ses preuves en mati\u00e8re d&rsquo;exp\u00e9dition \u00e0 des clients du monde entier.<\/li>\n<li><strong>Une assistance client\u00e8le d\u00e9di\u00e9e<\/strong>: Notre \u00e9quipe exp\u00e9riment\u00e9e est disponible 24 heures sur 24 et 7 jours sur 7 pour vous aider \u00e0 passer votre commande, vous apporter une assistance technique ou r\u00e9pondre \u00e0 toute question concernant le produit.<\/li>\n<\/ul>\n<h3>Prenez contact avec nous d\u00e8s aujourd&rsquo;hui !<\/h3>\n<p>Si vous \u00eates \u00e0 la recherche d&rsquo;un r\u00e9frig\u00e9rant R-32 de haute qualit\u00e9 et abordable, ne cherchez pas plus loin. Notre approvisionnement en gros de R32 garantit que votre entreprise peut fonctionner efficacement tout en contribuant aux efforts mondiaux de r\u00e9duction des gaz \u00e0 effet de serre. Pour plus d&rsquo;informations ou pour passer une commande, contactez-nous d\u00e8s aujourd&rsquo;hui. Faites \u00e9quipe <strong>avec nous<\/strong> pour obtenir le meilleur r\u00e9frig\u00e9rant R-32 du march\u00e9, avec une livraison garantie dans le monde entier et des prix imbattables.  <\/p>\n","protected":false},"excerpt":{"rendered":"<p><img loading=\"lazy\" decoding=\"async\" class=\"alignnone wp-image-437 aligncenter\" src=\"http:\/\/refrigerant-wholesale.com\/wp-content\/uploads\/2024\/03\/Screenshot-69.png\" alt=\"\" width=\"207\" height=\"50\"><\/p>\n<h4 style=\"text-align: center;\"><img loading=\"lazy\" decoding=\"async\" class=\"alignnone wp-image-744\" src=\"http:\/\/refrigerant-wholesale.com\/wp-content\/uploads\/2024\/07\/removal.ai_8ca2a79e-d09f-4bd1-a4fe-c4c69f1a4386_Trade-Assurance-381x400.png\" alt=\"R\u00e9frig\u00e9rants WS\" width=\"26\" height=\"27\" srcset=\"https:\/\/refrigerant-wholesale.com\/wp-content\/uploads\/2024\/07\/removal.ai_8ca2a79e-d09f-4bd1-a4fe-c4c69f1a4386_Trade-Assurance-381x400.png 381w, https:\/\/refrigerant-wholesale.com\/wp-content\/uploads\/2024\/07\/removal.ai_8ca2a79e-d09f-4bd1-a4fe-c4c69f1a4386_Trade-Assurance-100x100.png 100w, https:\/\/refrigerant-wholesale.com\/wp-content\/uploads\/2024\/07\/removal.ai_8ca2a79e-d09f-4bd1-a4fe-c4c69f1a4386_Trade-Assurance-280x280.png 280w, https:\/\/refrigerant-wholesale.com\/wp-content\/uploads\/2024\/07\/removal.ai_8ca2a79e-d09f-4bd1-a4fe-c4c69f1a4386_Trade-Assurance.png 388w\" sizes=\"auto, (max-width: 26px) 100vw, 26px\" \/>ASSURANCE COMMERCIALE<\/h4>\n<div class=\"gmail-textwidget gmail-custom-html-widget\">\n<h6 style=\"text-align: center;\">Exp\u00e9dition : Livraison dans le monde entier<\/h6>\n<h6 style=\"text-align: center;\">(Demande personnalis\u00e9e acceptable)<\/h6>\n<p style=\"text-align: center;\">100% VIRGIN Scell\u00e9 en usine GARANTIE<\/p>\n<\/div>\n","protected":false},"featured_media":1629,"comment_status":"open","ping_status":"closed","template":"","meta":[],"product_brand":[],"product_cat":[362,269],"product_tag":[365,366,364,363],"class_list":{"0":"post-2120","1":"product","2":"type-product","3":"status-publish","4":"has-post-thumbnail","6":"product_cat-les-types","7":"product_cat-non-categorise","8":"product_tag-fournisseurs-de-refrigerant-r32","9":"product_tag-prix-du-refrigerant-r32","10":"product_tag-refrigerant-r32","11":"product_tag-refrigerant-r32-commerce-de-gros","13":"first","14":"instock","15":"shipping-taxable","16":"product-type-simple"},"yoast_head":"<!-- This site is optimized with the Yoast SEO Premium plugin v27.0 (Yoast SEO v27.3) - https:\/\/yoast.com\/product\/yoast-seo-premium-wordpress\/ -->\n<title>R\u00e9frig\u00e9rant R32 pour la vente en gros | WS Refrigerants<\/title>\n<meta name=\"description\" content=\"R32 Refrigerant for Wholesale Supply. wholesale R32 refrigerant, Buy R32 refrigerant, R32 refrigerant supplier, R32 refrigerant for sale, R-32 bulk supply.\" \/>\n<meta name=\"robots\" content=\"index, follow, max-snippet:-1, max-image-preview:large, max-video-preview:-1\" \/>\n<link rel=\"canonical\" href=\"https:\/\/refrigerant-wholesale.com\/fr\/product\/refrigerant-r32\/\" \/>\n<meta property=\"og:locale\" content=\"fr_FR\" \/>\n<meta property=\"og:type\" content=\"article\" \/>\n<meta property=\"og:title\" content=\"R\u00e9frig\u00e9rant R32\" \/>\n<meta property=\"og:description\" content=\"R32 Refrigerant for Wholesale Supply. wholesale R32 refrigerant, Buy R32 refrigerant, R32 refrigerant supplier, R32 refrigerant for sale, R-32 bulk supply.\" \/>\n<meta property=\"og:url\" content=\"https:\/\/refrigerant-wholesale.com\/fr\/product\/refrigerant-r32\/\" \/>\n<meta property=\"og:site_name\" content=\"Refrigerant Gas Wholesale\" \/>\n<meta property=\"article:publisher\" content=\"https:\/\/www.facebook.com\/refrigerantwholesale\" \/>\n<meta property=\"article:modified_time\" content=\"2025-03-01T20:36:25+00:00\" \/>\n<meta property=\"og:image\" content=\"http:\/\/refrigerant-wholesale.com\/wp-content\/uploads\/2024\/10\/R32-Refrigerant.webp\" \/>\n\t<meta property=\"og:image:width\" content=\"823\" \/>\n\t<meta property=\"og:image:height\" content=\"950\" \/>\n\t<meta property=\"og:image:type\" content=\"image\/webp\" \/>\n<meta name=\"twitter:card\" content=\"summary_large_image\" \/>\n<meta name=\"twitter:label1\" content=\"Dur\u00e9e de lecture estim\u00e9e\" \/>\n\t<meta name=\"twitter:data1\" content=\"3 minutes\" \/>\n<script type=\"application\/ld+json\" class=\"yoast-schema-graph\">{\"@context\":\"https:\\\/\\\/schema.org\",\"@graph\":[{\"@type\":\"WebPage\",\"@id\":\"https:\\\/\\\/refrigerant-wholesale.com\\\/fr\\\/product\\\/refrigerant-r32\\\/\",\"url\":\"https:\\\/\\\/refrigerant-wholesale.com\\\/fr\\\/product\\\/refrigerant-r32\\\/\",\"name\":\"R\u00e9frig\u00e9rant R32 pour la vente en gros | WS Refrigerants\",\"isPartOf\":{\"@id\":\"https:\\\/\\\/refrigerant-wholesale.com\\\/fr\\\/#website\"},\"primaryImageOfPage\":{\"@id\":\"https:\\\/\\\/refrigerant-wholesale.com\\\/fr\\\/product\\\/refrigerant-r32\\\/#primaryimage\"},\"image\":{\"@id\":\"https:\\\/\\\/refrigerant-wholesale.com\\\/fr\\\/product\\\/refrigerant-r32\\\/#primaryimage\"},\"thumbnailUrl\":\"https:\\\/\\\/refrigerant-wholesale.com\\\/wp-content\\\/uploads\\\/2024\\\/10\\\/R32-Refrigerant.webp\",\"datePublished\":\"2024-10-01T19:25:59+00:00\",\"dateModified\":\"2025-03-01T20:36:25+00:00\",\"description\":\"R32 Refrigerant for Wholesale Supply. wholesale R32 refrigerant, Buy R32 refrigerant, R32 refrigerant supplier, R32 refrigerant for sale, R-32 bulk supply.\",\"breadcrumb\":{\"@id\":\"https:\\\/\\\/refrigerant-wholesale.com\\\/fr\\\/product\\\/refrigerant-r32\\\/#breadcrumb\"},\"inLanguage\":\"fr-FR\",\"potentialAction\":[{\"@type\":\"ReadAction\",\"target\":[\"https:\\\/\\\/refrigerant-wholesale.com\\\/fr\\\/product\\\/refrigerant-r32\\\/\"]}]},{\"@type\":\"ImageObject\",\"inLanguage\":\"fr-FR\",\"@id\":\"https:\\\/\\\/refrigerant-wholesale.com\\\/fr\\\/product\\\/refrigerant-r32\\\/#primaryimage\",\"url\":\"https:\\\/\\\/refrigerant-wholesale.com\\\/wp-content\\\/uploads\\\/2024\\\/10\\\/R32-Refrigerant.webp\",\"contentUrl\":\"https:\\\/\\\/refrigerant-wholesale.com\\\/wp-content\\\/uploads\\\/2024\\\/10\\\/R32-Refrigerant.webp\",\"width\":823,\"height\":950,\"caption\":\"R\u00e9frig\u00e9rant R32\"},{\"@type\":\"BreadcrumbList\",\"@id\":\"https:\\\/\\\/refrigerant-wholesale.com\\\/fr\\\/product\\\/refrigerant-r32\\\/#breadcrumb\",\"itemListElement\":[{\"@type\":\"ListItem\",\"position\":1,\"name\":\"Home\",\"item\":\"https:\\\/\\\/refrigerant-wholesale.com\\\/fr\\\/\"},{\"@type\":\"ListItem\",\"position\":2,\"name\":\"Boutique\",\"item\":\"https:\\\/\\\/refrigerant-wholesale.com\\\/fr\\\/boutique\\\/\"},{\"@type\":\"ListItem\",\"position\":3,\"name\":\"R\u00e9frig\u00e9rant R32\"}]},{\"@type\":\"WebSite\",\"@id\":\"https:\\\/\\\/refrigerant-wholesale.com\\\/fr\\\/#website\",\"url\":\"https:\\\/\\\/refrigerant-wholesale.com\\\/fr\\\/\",\"name\":\"Refrigerant Gas Wholesale\",\"description\":\"AC Gas supplier\",\"publisher\":{\"@id\":\"https:\\\/\\\/refrigerant-wholesale.com\\\/fr\\\/#organization\"},\"potentialAction\":[{\"@type\":\"SearchAction\",\"target\":{\"@type\":\"EntryPoint\",\"urlTemplate\":\"https:\\\/\\\/refrigerant-wholesale.com\\\/fr\\\/?s={search_term_string}\"},\"query-input\":{\"@type\":\"PropertyValueSpecification\",\"valueRequired\":true,\"valueName\":\"search_term_string\"}}],\"inLanguage\":\"fr-FR\"},{\"@type\":\"Organization\",\"@id\":\"https:\\\/\\\/refrigerant-wholesale.com\\\/fr\\\/#organization\",\"name\":\"Refrigerant Gas Wholesale\",\"url\":\"https:\\\/\\\/refrigerant-wholesale.com\\\/fr\\\/\",\"logo\":{\"@type\":\"ImageObject\",\"inLanguage\":\"fr-FR\",\"@id\":\"https:\\\/\\\/refrigerant-wholesale.com\\\/fr\\\/#\\\/schema\\\/logo\\\/image\\\/\",\"url\":\"http:\\\/\\\/refrigerant-wholesale.com\\\/wp-content\\\/uploads\\\/2024\\\/04\\\/refrigerant-logo.png\",\"contentUrl\":\"http:\\\/\\\/refrigerant-wholesale.com\\\/wp-content\\\/uploads\\\/2024\\\/04\\\/refrigerant-logo.png\",\"width\":400,\"height\":84,\"caption\":\"Refrigerant Gas Wholesale\"},\"image\":{\"@id\":\"https:\\\/\\\/refrigerant-wholesale.com\\\/fr\\\/#\\\/schema\\\/logo\\\/image\\\/\"},\"sameAs\":[\"https:\\\/\\\/www.facebook.com\\\/refrigerantwholesale\"]}]}<\/script>\n<!-- \/ Yoast SEO Premium plugin. -->","yoast_head_json":{"title":"R\u00e9frig\u00e9rant R32 pour la vente en gros | WS Refrigerants","description":"R32 Refrigerant for Wholesale Supply. wholesale R32 refrigerant, Buy R32 refrigerant, R32 refrigerant supplier, R32 refrigerant for sale, R-32 bulk supply.","robots":{"index":"index","follow":"follow","max-snippet":"max-snippet:-1","max-image-preview":"max-image-preview:large","max-video-preview":"max-video-preview:-1"},"canonical":"https:\/\/refrigerant-wholesale.com\/fr\/product\/refrigerant-r32\/","og_locale":"fr_FR","og_type":"article","og_title":"R\u00e9frig\u00e9rant R32","og_description":"R32 Refrigerant for Wholesale Supply. wholesale R32 refrigerant, Buy R32 refrigerant, R32 refrigerant supplier, R32 refrigerant for sale, R-32 bulk supply.","og_url":"https:\/\/refrigerant-wholesale.com\/fr\/product\/refrigerant-r32\/","og_site_name":"Refrigerant Gas Wholesale","article_publisher":"https:\/\/www.facebook.com\/refrigerantwholesale","article_modified_time":"2025-03-01T20:36:25+00:00","og_image":[{"width":823,"height":950,"url":"http:\/\/refrigerant-wholesale.com\/wp-content\/uploads\/2024\/10\/R32-Refrigerant.webp","type":"image\/webp"}],"twitter_card":"summary_large_image","twitter_misc":{"Dur\u00e9e de lecture estim\u00e9e":"3 minutes"},"schema":{"@context":"https:\/\/schema.org","@graph":[{"@type":"WebPage","@id":"https:\/\/refrigerant-wholesale.com\/fr\/product\/refrigerant-r32\/","url":"https:\/\/refrigerant-wholesale.com\/fr\/product\/refrigerant-r32\/","name":"R\u00e9frig\u00e9rant R32 pour la vente en gros | WS Refrigerants","isPartOf":{"@id":"https:\/\/refrigerant-wholesale.com\/fr\/#website"},"primaryImageOfPage":{"@id":"https:\/\/refrigerant-wholesale.com\/fr\/product\/refrigerant-r32\/#primaryimage"},"image":{"@id":"https:\/\/refrigerant-wholesale.com\/fr\/product\/refrigerant-r32\/#primaryimage"},"thumbnailUrl":"https:\/\/refrigerant-wholesale.com\/wp-content\/uploads\/2024\/10\/R32-Refrigerant.webp","datePublished":"2024-10-01T19:25:59+00:00","dateModified":"2025-03-01T20:36:25+00:00","description":"R32 Refrigerant for Wholesale Supply. wholesale R32 refrigerant, Buy R32 refrigerant, R32 refrigerant supplier, R32 refrigerant for sale, R-32 bulk supply.","breadcrumb":{"@id":"https:\/\/refrigerant-wholesale.com\/fr\/product\/refrigerant-r32\/#breadcrumb"},"inLanguage":"fr-FR","potentialAction":[{"@type":"ReadAction","target":["https:\/\/refrigerant-wholesale.com\/fr\/product\/refrigerant-r32\/"]}]},{"@type":"ImageObject","inLanguage":"fr-FR","@id":"https:\/\/refrigerant-wholesale.com\/fr\/product\/refrigerant-r32\/#primaryimage","url":"https:\/\/refrigerant-wholesale.com\/wp-content\/uploads\/2024\/10\/R32-Refrigerant.webp","contentUrl":"https:\/\/refrigerant-wholesale.com\/wp-content\/uploads\/2024\/10\/R32-Refrigerant.webp","width":823,"height":950,"caption":"R\u00e9frig\u00e9rant R32"},{"@type":"BreadcrumbList","@id":"https:\/\/refrigerant-wholesale.com\/fr\/product\/refrigerant-r32\/#breadcrumb","itemListElement":[{"@type":"ListItem","position":1,"name":"Home","item":"https:\/\/refrigerant-wholesale.com\/fr\/"},{"@type":"ListItem","position":2,"name":"Boutique","item":"https:\/\/refrigerant-wholesale.com\/fr\/boutique\/"},{"@type":"ListItem","position":3,"name":"R\u00e9frig\u00e9rant R32"}]},{"@type":"WebSite","@id":"https:\/\/refrigerant-wholesale.com\/fr\/#website","url":"https:\/\/refrigerant-wholesale.com\/fr\/","name":"Refrigerant Gas Wholesale","description":"AC Gas supplier","publisher":{"@id":"https:\/\/refrigerant-wholesale.com\/fr\/#organization"},"potentialAction":[{"@type":"SearchAction","target":{"@type":"EntryPoint","urlTemplate":"https:\/\/refrigerant-wholesale.com\/fr\/?s={search_term_string}"},"query-input":{"@type":"PropertyValueSpecification","valueRequired":true,"valueName":"search_term_string"}}],"inLanguage":"fr-FR"},{"@type":"Organization","@id":"https:\/\/refrigerant-wholesale.com\/fr\/#organization","name":"Refrigerant Gas Wholesale","url":"https:\/\/refrigerant-wholesale.com\/fr\/","logo":{"@type":"ImageObject","inLanguage":"fr-FR","@id":"https:\/\/refrigerant-wholesale.com\/fr\/#\/schema\/logo\/image\/","url":"http:\/\/refrigerant-wholesale.com\/wp-content\/uploads\/2024\/04\/refrigerant-logo.png","contentUrl":"http:\/\/refrigerant-wholesale.com\/wp-content\/uploads\/2024\/04\/refrigerant-logo.png","width":400,"height":84,"caption":"Refrigerant Gas Wholesale"},"image":{"@id":"https:\/\/refrigerant-wholesale.com\/fr\/#\/schema\/logo\/image\/"},"sameAs":["https:\/\/www.facebook.com\/refrigerantwholesale"]}]}},"_links":{"self":[{"href":"https:\/\/refrigerant-wholesale.com\/fr\/wp-json\/wp\/v2\/product\/2120","targetHints":{"allow":["GET"]}}],"collection":[{"href":"https:\/\/refrigerant-wholesale.com\/fr\/wp-json\/wp\/v2\/product"}],"about":[{"href":"https:\/\/refrigerant-wholesale.com\/fr\/wp-json\/wp\/v2\/types\/product"}],"replies":[{"embeddable":true,"href":"https:\/\/refrigerant-wholesale.com\/fr\/wp-json\/wp\/v2\/comments?post=2120"}],"wp:featuredmedia":[{"embeddable":true,"href":"https:\/\/refrigerant-wholesale.com\/fr\/wp-json\/wp\/v2\/media\/1629"}],"wp:attachment":[{"href":"https:\/\/refrigerant-wholesale.com\/fr\/wp-json\/wp\/v2\/media?parent=2120"}],"wp:term":[{"taxonomy":"product_brand","embeddable":true,"href":"https:\/\/refrigerant-wholesale.com\/fr\/wp-json\/wp\/v2\/product_brand?post=2120"},{"taxonomy":"product_cat","embeddable":true,"href":"https:\/\/refrigerant-wholesale.com\/fr\/wp-json\/wp\/v2\/product_cat?post=2120"},{"taxonomy":"product_tag","embeddable":true,"href":"https:\/\/refrigerant-wholesale.com\/fr\/wp-json\/wp\/v2\/product_tag?post=2120"}],"curies":[{"name":"wp","href":"https:\/\/api.w.org\/{rel}","templated":true}]}}