{"id":2117,"date":"2024-10-01T19:12:42","date_gmt":"2024-10-01T19:12:42","guid":{"rendered":"https:\/\/refrigerant-wholesale.com\/product\/r438a-refrigerant\/"},"modified":"2025-03-01T20:36:24","modified_gmt":"2025-03-01T20:36:24","slug":"r438a-refrigerant","status":"publish","type":"product","link":"https:\/\/refrigerant-wholesale.com\/fr\/product\/r438a-refrigerant\/","title":{"rendered":"R438A R\u00e9frig\u00e9rant"},"content":{"rendered":"<h3><strong>R438A Refrigerant Approvisionnement en gros &#8211; Livraison globale<\/strong><\/h3>\n<p>Vous recherchez un fluide frigorig\u00e8ne fiable, respectueux de l&rsquo;environnement et offrant une efficacit\u00e9 et des performances \u00e9lev\u00e9es ? Nous sommes fiers de proposer le <strong>fluide frigorig\u00e8ne R438A<\/strong> en vrac, avec des options de livraison mondiales pour r\u00e9pondre \u00e0 vos besoins industriels et commerciaux. En tant que l&rsquo;un des principaux fournisseurs, nous veillons \u00e0 ce que chaque exp\u00e9dition respecte les normes les plus strictes en mati\u00e8re de qualit\u00e9 et de responsabilit\u00e9 environnementale. Que vous modernisiez des syst\u00e8mes R22 ou que vous conceviez de nouvelles applications de refroidissement, le r\u00e9frig\u00e9rant R438A en gros est la meilleure solution pour vos besoins en <a href=\"https:\/\/refrigerant-wholesale.com\/fr\/\">CVC<\/a>.   <\/p>\n<h2><strong>R\u00e9frig\u00e9rant R438A de premi\u00e8re qualit\u00e9 pour le remplacement du R22<\/strong><\/h2>\n<p>Le fluide frigorig\u00e8ne R438A, \u00e9galement connu sous le nom de <strong>Freon\u2122 MO99<\/strong>, est un substitut polyvalent et non destructeur d&rsquo;ozone du <strong>fluide frigorig\u00e8ne R22<\/strong>. Il est compatible avec les syst\u00e8mes \u00e0 base d&rsquo;huile min\u00e9rale et d&rsquo;huile synth\u00e9tique, qu&rsquo;ils soient nouveaux ou existants, ce qui en fait une option sans probl\u00e8me pour les r\u00e9novations. Avec l&rsquo;\u00e9limination progressive du R22, le R438A est un choix judicieux pour ceux qui souhaitent un remplacement efficace, rentable et conforme aux normes environnementales. <strong>Achetez le R438A en gros<\/strong> d\u00e8s aujourd&rsquo;hui et b\u00e9n\u00e9ficiez de prix comp\u00e9titifs sur les commandes en gros pour une livraison imm\u00e9diate.  <\/p>\n<h3><strong>R\u00e9frig\u00e9rant en gros avec une port\u00e9e mondiale<\/strong><\/h3>\n<p>Gr\u00e2ce \u00e0 un r\u00e9seau d&rsquo;entrep\u00f4ts et de distributeurs, nous proposons un <strong>approvisionnement en r\u00e9frig\u00e9rant <a href=\"https:\/\/www.google.com\/search?q=R438A+Refrigerant+&amp;sca_esv=ae835b5694662882&amp;biw=1463&amp;bih=662&amp;sxsrf=ADLYWIKfCwQQBXYXrv85eGVz8oDODcNmvA%3A1728867356237&amp;ei=HGwMZ8aRDsvyxc8Pi9ivsAs&amp;ved=0ahUKEwjGj4fl1IyJAxVLefEDHQvsC7YQ4dUDCA8&amp;uact=5&amp;oq=R438A+Refrigerant+&amp;gs_lp=Egxnd3Mtd2l6LXNlcnAiElI0MzhBIFJlZnJpZ2VyYW50IDIEECMYJzILEAAYgAQYkQIYigUyChAAGIAEGBQYhwIyCxAAGIAEGJECGIoFMgUQABiABDIFEAAYgAQyBRAAGIAEMgUQABiABDIFEAAYgAQyBRAAGIAESNINUJcIWJcIcAF4AZABAJgBmQGgAZkBqgEDMC4xuAEDyAEA-AEBmAICoAKnAcICChAAGLADGNYEGEeYAwCIBgGQBgiSBwMxLjGgB4QH&amp;sclient=gws-wiz-serp\">R438A<\/a> dans le monde entier<\/strong>. Nos exp\u00e9ditions rapides et s\u00e9curis\u00e9es garantissent que votre r\u00e9frig\u00e9rant vous parviendra en parfait \u00e9tat, o\u00f9 que vous soyez. Que vous ayez besoin d&rsquo;une seule palette ou de plusieurs conteneurs, nous sommes \u00e9quip\u00e9s pour traiter des commandes de grande envergure afin de garantir le bon fonctionnement de votre entreprise. De l&rsquo;Europe \u00e0 l&rsquo;Asie, de l&rsquo;Am\u00e9rique du Nord \u00e0 l&rsquo;Afrique, nous veillons \u00e0 ce que vos <strong>commandes de r\u00e9frig\u00e9rant en vrac<\/strong> soient livr\u00e9es \u00e0 temps, \u00e0 chaque fois.   <\/p>\n<h2><strong>Commandez d\u00e8s aujourd&rsquo;hui du fluide frigorig\u00e8ne R438A en vrac<\/strong><\/h2>\n<p>Pr\u00eat \u00e0 vous approvisionner en <strong>r\u00e9frig\u00e9rant R438A<\/strong>? Contactez-nous pour obtenir les meilleurs tarifs de gros et les meilleures options d&rsquo;exp\u00e9dition. Nous assurons une assistance \u00e0 la client\u00e8le 24 heures sur 24, 7 jours sur 7, afin que votre commande soit trait\u00e9e sans probl\u00e8me et exp\u00e9di\u00e9e rapidement. Assurez-vous que vos syst\u00e8mes fonctionnent avec une efficacit\u00e9 maximale tout en respectant les normes environnementales mondiales gr\u00e2ce \u00e0 notre <strong>r\u00e9frig\u00e9rant R-438A<\/strong> de haute qualit\u00e9. Contactez-nous d\u00e8s aujourd&rsquo;hui pour un devis gratuit et laissez-nous r\u00e9pondre \u00e0 vos besoins d&rsquo;<strong>approvisionnement en r\u00e9frig\u00e9rant<\/strong> avec rapidit\u00e9 et fiabilit\u00e9.    <\/p>\n","protected":false},"excerpt":{"rendered":"<p><img loading=\"lazy\" decoding=\"async\" class=\"alignnone wp-image-437 aligncenter\" src=\"http:\/\/refrigerant-wholesale.com\/wp-content\/uploads\/2024\/03\/Screenshot-69.png\" alt=\"\" width=\"207\" height=\"50\"><\/p>\n<h4 style=\"text-align: center;\"><img loading=\"lazy\" decoding=\"async\" class=\"alignnone wp-image-744\" src=\"http:\/\/refrigerant-wholesale.com\/wp-content\/uploads\/2024\/07\/removal.ai_8ca2a79e-d09f-4bd1-a4fe-c4c69f1a4386_Trade-Assurance-381x400.png\" alt=\"R\u00e9frig\u00e9rants WS\" width=\"26\" height=\"27\" srcset=\"https:\/\/refrigerant-wholesale.com\/wp-content\/uploads\/2024\/07\/removal.ai_8ca2a79e-d09f-4bd1-a4fe-c4c69f1a4386_Trade-Assurance-381x400.png 381w, https:\/\/refrigerant-wholesale.com\/wp-content\/uploads\/2024\/07\/removal.ai_8ca2a79e-d09f-4bd1-a4fe-c4c69f1a4386_Trade-Assurance-100x100.png 100w, https:\/\/refrigerant-wholesale.com\/wp-content\/uploads\/2024\/07\/removal.ai_8ca2a79e-d09f-4bd1-a4fe-c4c69f1a4386_Trade-Assurance-280x280.png 280w, https:\/\/refrigerant-wholesale.com\/wp-content\/uploads\/2024\/07\/removal.ai_8ca2a79e-d09f-4bd1-a4fe-c4c69f1a4386_Trade-Assurance.png 388w\" sizes=\"auto, (max-width: 26px) 100vw, 26px\" \/>ASSURANCE COMMERCIALE<\/h4>\n<div class=\"gmail-textwidget gmail-custom-html-widget\">\n<h6 style=\"text-align: center;\">Exp\u00e9dition : Livraison dans le monde entier<\/h6>\n<h6 style=\"text-align: center;\">(Demande personnalis\u00e9e acceptable)<\/h6>\n<p style=\"text-align: center;\">100% VIRGIN Scell\u00e9 en usine GARANTIE<\/p>\n<\/div>\n","protected":false},"featured_media":1623,"comment_status":"open","ping_status":"closed","template":"","meta":[],"product_brand":[],"product_cat":[269],"product_tag":[],"class_list":{"0":"post-2117","1":"product","2":"type-product","3":"status-publish","4":"has-post-thumbnail","6":"product_cat-non-categorise","8":"first","9":"instock","10":"shipping-taxable","11":"product-type-simple"},"yoast_head":"<!-- This site is optimized with the Yoast SEO Premium plugin v27.0 (Yoast SEO v27.3) - https:\/\/yoast.com\/product\/yoast-seo-premium-wordpress\/ -->\n<title>R438A Refrigerant | Acheter R438A en gros | WS Refrigerants<\/title>\n<meta name=\"description\" content=\"R438A refrigerant, Freon\u2122 MO99, R22 replacement, Buy R438A wholesale, R-438A Refrigerant supplier, R438A Refrigerant wholesale.\" \/>\n<meta name=\"robots\" content=\"index, follow, max-snippet:-1, max-image-preview:large, max-video-preview:-1\" \/>\n<link rel=\"canonical\" href=\"https:\/\/refrigerant-wholesale.com\/fr\/product\/r438a-refrigerant\/\" \/>\n<meta property=\"og:locale\" content=\"fr_FR\" \/>\n<meta property=\"og:type\" content=\"article\" \/>\n<meta property=\"og:title\" content=\"R438A R\u00e9frig\u00e9rant\" \/>\n<meta property=\"og:description\" content=\"R438A refrigerant, Freon\u2122 MO99, R22 replacement, Buy R438A wholesale, R-438A Refrigerant supplier, R438A Refrigerant wholesale.\" \/>\n<meta property=\"og:url\" content=\"https:\/\/refrigerant-wholesale.com\/fr\/product\/r438a-refrigerant\/\" \/>\n<meta property=\"og:site_name\" content=\"Refrigerant Gas Wholesale\" \/>\n<meta property=\"article:publisher\" content=\"https:\/\/www.facebook.com\/refrigerantwholesale\" \/>\n<meta property=\"article:modified_time\" content=\"2025-03-01T20:36:24+00:00\" \/>\n<meta property=\"og:image\" content=\"http:\/\/refrigerant-wholesale.com\/wp-content\/uploads\/2024\/10\/R438A-Refrigerant.webp\" \/>\n\t<meta property=\"og:image:width\" content=\"752\" \/>\n\t<meta property=\"og:image:height\" content=\"656\" \/>\n\t<meta property=\"og:image:type\" content=\"image\/webp\" \/>\n<meta name=\"twitter:card\" content=\"summary_large_image\" \/>\n<meta name=\"twitter:label1\" content=\"Dur\u00e9e de lecture estim\u00e9e\" \/>\n\t<meta name=\"twitter:data1\" content=\"2 minutes\" \/>\n<script type=\"application\/ld+json\" class=\"yoast-schema-graph\">{\"@context\":\"https:\\\/\\\/schema.org\",\"@graph\":[{\"@type\":\"WebPage\",\"@id\":\"https:\\\/\\\/refrigerant-wholesale.com\\\/fr\\\/product\\\/r438a-refrigerant\\\/\",\"url\":\"https:\\\/\\\/refrigerant-wholesale.com\\\/fr\\\/product\\\/r438a-refrigerant\\\/\",\"name\":\"R438A Refrigerant | Acheter R438A en gros | WS Refrigerants\",\"isPartOf\":{\"@id\":\"https:\\\/\\\/refrigerant-wholesale.com\\\/fr\\\/#website\"},\"primaryImageOfPage\":{\"@id\":\"https:\\\/\\\/refrigerant-wholesale.com\\\/fr\\\/product\\\/r438a-refrigerant\\\/#primaryimage\"},\"image\":{\"@id\":\"https:\\\/\\\/refrigerant-wholesale.com\\\/fr\\\/product\\\/r438a-refrigerant\\\/#primaryimage\"},\"thumbnailUrl\":\"https:\\\/\\\/refrigerant-wholesale.com\\\/wp-content\\\/uploads\\\/2024\\\/10\\\/R438A-Refrigerant.webp\",\"datePublished\":\"2024-10-01T19:12:42+00:00\",\"dateModified\":\"2025-03-01T20:36:24+00:00\",\"description\":\"R438A refrigerant, Freon\u2122 MO99, R22 replacement, Buy R438A wholesale, R-438A Refrigerant supplier, R438A Refrigerant wholesale.\",\"breadcrumb\":{\"@id\":\"https:\\\/\\\/refrigerant-wholesale.com\\\/fr\\\/product\\\/r438a-refrigerant\\\/#breadcrumb\"},\"inLanguage\":\"fr-FR\",\"potentialAction\":[{\"@type\":\"ReadAction\",\"target\":[\"https:\\\/\\\/refrigerant-wholesale.com\\\/fr\\\/product\\\/r438a-refrigerant\\\/\"]}]},{\"@type\":\"ImageObject\",\"inLanguage\":\"fr-FR\",\"@id\":\"https:\\\/\\\/refrigerant-wholesale.com\\\/fr\\\/product\\\/r438a-refrigerant\\\/#primaryimage\",\"url\":\"https:\\\/\\\/refrigerant-wholesale.com\\\/wp-content\\\/uploads\\\/2024\\\/10\\\/R438A-Refrigerant.webp\",\"contentUrl\":\"https:\\\/\\\/refrigerant-wholesale.com\\\/wp-content\\\/uploads\\\/2024\\\/10\\\/R438A-Refrigerant.webp\",\"width\":752,\"height\":656,\"caption\":\"R438A R\u00e9frig\u00e9rant\"},{\"@type\":\"BreadcrumbList\",\"@id\":\"https:\\\/\\\/refrigerant-wholesale.com\\\/fr\\\/product\\\/r438a-refrigerant\\\/#breadcrumb\",\"itemListElement\":[{\"@type\":\"ListItem\",\"position\":1,\"name\":\"Home\",\"item\":\"https:\\\/\\\/refrigerant-wholesale.com\\\/fr\\\/\"},{\"@type\":\"ListItem\",\"position\":2,\"name\":\"Boutique\",\"item\":\"https:\\\/\\\/refrigerant-wholesale.com\\\/fr\\\/boutique\\\/\"},{\"@type\":\"ListItem\",\"position\":3,\"name\":\"R438A R\u00e9frig\u00e9rant\"}]},{\"@type\":\"WebSite\",\"@id\":\"https:\\\/\\\/refrigerant-wholesale.com\\\/fr\\\/#website\",\"url\":\"https:\\\/\\\/refrigerant-wholesale.com\\\/fr\\\/\",\"name\":\"Refrigerant Gas Wholesale\",\"description\":\"AC Gas supplier\",\"publisher\":{\"@id\":\"https:\\\/\\\/refrigerant-wholesale.com\\\/fr\\\/#organization\"},\"potentialAction\":[{\"@type\":\"SearchAction\",\"target\":{\"@type\":\"EntryPoint\",\"urlTemplate\":\"https:\\\/\\\/refrigerant-wholesale.com\\\/fr\\\/?s={search_term_string}\"},\"query-input\":{\"@type\":\"PropertyValueSpecification\",\"valueRequired\":true,\"valueName\":\"search_term_string\"}}],\"inLanguage\":\"fr-FR\"},{\"@type\":\"Organization\",\"@id\":\"https:\\\/\\\/refrigerant-wholesale.com\\\/fr\\\/#organization\",\"name\":\"Refrigerant Gas Wholesale\",\"url\":\"https:\\\/\\\/refrigerant-wholesale.com\\\/fr\\\/\",\"logo\":{\"@type\":\"ImageObject\",\"inLanguage\":\"fr-FR\",\"@id\":\"https:\\\/\\\/refrigerant-wholesale.com\\\/fr\\\/#\\\/schema\\\/logo\\\/image\\\/\",\"url\":\"http:\\\/\\\/refrigerant-wholesale.com\\\/wp-content\\\/uploads\\\/2024\\\/04\\\/refrigerant-logo.png\",\"contentUrl\":\"http:\\\/\\\/refrigerant-wholesale.com\\\/wp-content\\\/uploads\\\/2024\\\/04\\\/refrigerant-logo.png\",\"width\":400,\"height\":84,\"caption\":\"Refrigerant Gas Wholesale\"},\"image\":{\"@id\":\"https:\\\/\\\/refrigerant-wholesale.com\\\/fr\\\/#\\\/schema\\\/logo\\\/image\\\/\"},\"sameAs\":[\"https:\\\/\\\/www.facebook.com\\\/refrigerantwholesale\"]}]}<\/script>\n<!-- \/ Yoast SEO Premium plugin. -->","yoast_head_json":{"title":"R438A Refrigerant | Acheter R438A en gros | WS Refrigerants","description":"R438A refrigerant, Freon\u2122 MO99, R22 replacement, Buy R438A wholesale, R-438A Refrigerant supplier, R438A Refrigerant wholesale.","robots":{"index":"index","follow":"follow","max-snippet":"max-snippet:-1","max-image-preview":"max-image-preview:large","max-video-preview":"max-video-preview:-1"},"canonical":"https:\/\/refrigerant-wholesale.com\/fr\/product\/r438a-refrigerant\/","og_locale":"fr_FR","og_type":"article","og_title":"R438A R\u00e9frig\u00e9rant","og_description":"R438A refrigerant, Freon\u2122 MO99, R22 replacement, Buy R438A wholesale, R-438A Refrigerant supplier, R438A Refrigerant wholesale.","og_url":"https:\/\/refrigerant-wholesale.com\/fr\/product\/r438a-refrigerant\/","og_site_name":"Refrigerant Gas Wholesale","article_publisher":"https:\/\/www.facebook.com\/refrigerantwholesale","article_modified_time":"2025-03-01T20:36:24+00:00","og_image":[{"width":752,"height":656,"url":"http:\/\/refrigerant-wholesale.com\/wp-content\/uploads\/2024\/10\/R438A-Refrigerant.webp","type":"image\/webp"}],"twitter_card":"summary_large_image","twitter_misc":{"Dur\u00e9e de lecture estim\u00e9e":"2 minutes"},"schema":{"@context":"https:\/\/schema.org","@graph":[{"@type":"WebPage","@id":"https:\/\/refrigerant-wholesale.com\/fr\/product\/r438a-refrigerant\/","url":"https:\/\/refrigerant-wholesale.com\/fr\/product\/r438a-refrigerant\/","name":"R438A Refrigerant | Acheter R438A en gros | WS Refrigerants","isPartOf":{"@id":"https:\/\/refrigerant-wholesale.com\/fr\/#website"},"primaryImageOfPage":{"@id":"https:\/\/refrigerant-wholesale.com\/fr\/product\/r438a-refrigerant\/#primaryimage"},"image":{"@id":"https:\/\/refrigerant-wholesale.com\/fr\/product\/r438a-refrigerant\/#primaryimage"},"thumbnailUrl":"https:\/\/refrigerant-wholesale.com\/wp-content\/uploads\/2024\/10\/R438A-Refrigerant.webp","datePublished":"2024-10-01T19:12:42+00:00","dateModified":"2025-03-01T20:36:24+00:00","description":"R438A refrigerant, Freon\u2122 MO99, R22 replacement, Buy R438A wholesale, R-438A Refrigerant supplier, R438A Refrigerant wholesale.","breadcrumb":{"@id":"https:\/\/refrigerant-wholesale.com\/fr\/product\/r438a-refrigerant\/#breadcrumb"},"inLanguage":"fr-FR","potentialAction":[{"@type":"ReadAction","target":["https:\/\/refrigerant-wholesale.com\/fr\/product\/r438a-refrigerant\/"]}]},{"@type":"ImageObject","inLanguage":"fr-FR","@id":"https:\/\/refrigerant-wholesale.com\/fr\/product\/r438a-refrigerant\/#primaryimage","url":"https:\/\/refrigerant-wholesale.com\/wp-content\/uploads\/2024\/10\/R438A-Refrigerant.webp","contentUrl":"https:\/\/refrigerant-wholesale.com\/wp-content\/uploads\/2024\/10\/R438A-Refrigerant.webp","width":752,"height":656,"caption":"R438A R\u00e9frig\u00e9rant"},{"@type":"BreadcrumbList","@id":"https:\/\/refrigerant-wholesale.com\/fr\/product\/r438a-refrigerant\/#breadcrumb","itemListElement":[{"@type":"ListItem","position":1,"name":"Home","item":"https:\/\/refrigerant-wholesale.com\/fr\/"},{"@type":"ListItem","position":2,"name":"Boutique","item":"https:\/\/refrigerant-wholesale.com\/fr\/boutique\/"},{"@type":"ListItem","position":3,"name":"R438A R\u00e9frig\u00e9rant"}]},{"@type":"WebSite","@id":"https:\/\/refrigerant-wholesale.com\/fr\/#website","url":"https:\/\/refrigerant-wholesale.com\/fr\/","name":"Refrigerant Gas Wholesale","description":"AC Gas supplier","publisher":{"@id":"https:\/\/refrigerant-wholesale.com\/fr\/#organization"},"potentialAction":[{"@type":"SearchAction","target":{"@type":"EntryPoint","urlTemplate":"https:\/\/refrigerant-wholesale.com\/fr\/?s={search_term_string}"},"query-input":{"@type":"PropertyValueSpecification","valueRequired":true,"valueName":"search_term_string"}}],"inLanguage":"fr-FR"},{"@type":"Organization","@id":"https:\/\/refrigerant-wholesale.com\/fr\/#organization","name":"Refrigerant Gas Wholesale","url":"https:\/\/refrigerant-wholesale.com\/fr\/","logo":{"@type":"ImageObject","inLanguage":"fr-FR","@id":"https:\/\/refrigerant-wholesale.com\/fr\/#\/schema\/logo\/image\/","url":"http:\/\/refrigerant-wholesale.com\/wp-content\/uploads\/2024\/04\/refrigerant-logo.png","contentUrl":"http:\/\/refrigerant-wholesale.com\/wp-content\/uploads\/2024\/04\/refrigerant-logo.png","width":400,"height":84,"caption":"Refrigerant Gas Wholesale"},"image":{"@id":"https:\/\/refrigerant-wholesale.com\/fr\/#\/schema\/logo\/image\/"},"sameAs":["https:\/\/www.facebook.com\/refrigerantwholesale"]}]}},"_links":{"self":[{"href":"https:\/\/refrigerant-wholesale.com\/fr\/wp-json\/wp\/v2\/product\/2117","targetHints":{"allow":["GET"]}}],"collection":[{"href":"https:\/\/refrigerant-wholesale.com\/fr\/wp-json\/wp\/v2\/product"}],"about":[{"href":"https:\/\/refrigerant-wholesale.com\/fr\/wp-json\/wp\/v2\/types\/product"}],"replies":[{"embeddable":true,"href":"https:\/\/refrigerant-wholesale.com\/fr\/wp-json\/wp\/v2\/comments?post=2117"}],"wp:featuredmedia":[{"embeddable":true,"href":"https:\/\/refrigerant-wholesale.com\/fr\/wp-json\/wp\/v2\/media\/1623"}],"wp:attachment":[{"href":"https:\/\/refrigerant-wholesale.com\/fr\/wp-json\/wp\/v2\/media?parent=2117"}],"wp:term":[{"taxonomy":"product_brand","embeddable":true,"href":"https:\/\/refrigerant-wholesale.com\/fr\/wp-json\/wp\/v2\/product_brand?post=2117"},{"taxonomy":"product_cat","embeddable":true,"href":"https:\/\/refrigerant-wholesale.com\/fr\/wp-json\/wp\/v2\/product_cat?post=2117"},{"taxonomy":"product_tag","embeddable":true,"href":"https:\/\/refrigerant-wholesale.com\/fr\/wp-json\/wp\/v2\/product_tag?post=2117"}],"curies":[{"name":"wp","href":"https:\/\/api.w.org\/{rel}","templated":true}]}}