{"id":2114,"date":"2024-07-14T00:03:05","date_gmt":"2024-07-14T00:03:05","guid":{"rendered":"https:\/\/refrigerant-wholesale.com\/product\/quart-de-palette-r-407c-10-cylindres\/"},"modified":"2025-03-01T20:36:19","modified_gmt":"2025-03-01T20:36:19","slug":"quart-de-palette-r-407c-10-cylindres","status":"publish","type":"product","link":"https:\/\/refrigerant-wholesale.com\/fr\/product\/quart-de-palette-r-407c-10-cylindres\/","title":{"rendered":"Quart de palette R-407C (10 cylindres)"},"content":{"rendered":"<h2>R\u00e9frig\u00e9rant R407c Commerce de gros 24 lb \/ 35lbs<\/h2>\n<div>**R407c R\u00e9frig\u00e9rant en gros : Votre solution fiable pour un refroidissement efficace**<\/div>\n<div><\/div>\n<div>Vous cherchez un r\u00e9frig\u00e9rant de haute qualit\u00e9 pour am\u00e9liorer vos syst\u00e8mes CVC ? Ne cherchez pas plus loin que notre vente en gros de r\u00e9frig\u00e9rant R407c ! Le R407c est un r\u00e9frig\u00e9rant de premier choix pour les applications de climatisation et de r\u00e9frig\u00e9ration commerciales et r\u00e9sidentielles. Ses propri\u00e9t\u00e9s de refroidissement efficaces et son profil respectueux de l&rsquo;environnement en font le rempla\u00e7ant id\u00e9al des anciens r\u00e9frig\u00e9rants qui appauvrissent la couche d&rsquo;ozone.   <\/div>\n<div><\/div>\n<h2>R407c Ac Gaz<\/h2>\n<h3>**Pourquoi choisir le r\u00e9frig\u00e9rant R407c ?<\/h3>\n<div>&#8211; **Performance exceptionnelle** : Le r\u00e9frig\u00e9rant R407c offre une efficacit\u00e9 frigorifique sup\u00e9rieure, garantissant des performances optimales pour vos syst\u00e8mes de chauffage, de ventilation et de climatisation. Il est con\u00e7u pour maintenir des temp\u00e9ratures constantes, assurant un confort fiable dans divers environnements. <\/div>\n<div>&#8211; Respectueux de l&rsquo;environnement** : En tant qu&rsquo;hydrofluorocarbure (HFC), le R407c n&rsquo;a pas de potentiel d&rsquo;appauvrissement de la couche d&rsquo;ozone (ODP) et un potentiel de r\u00e9chauffement global (GWP) inf\u00e9rieur \u00e0 celui des r\u00e9frig\u00e9rants traditionnels. En choisissant le R407c, vous contribuez \u00e0 un avenir plus vert et plus durable. <\/div>\n<div>&#8211; Application polyvalente** : Le R407c est compatible avec divers types d&rsquo;\u00e9quipements de climatisation et de r\u00e9frig\u00e9ration, qu&rsquo;il s&rsquo;agisse de nouvelles installations ou de la modernisation de syst\u00e8mes existants. C&rsquo;est un excellent choix pour les utilisations commerciales et r\u00e9sidentielles. <\/div>\n<div>&#8211; Rentabilit\u00e9** : Disponibles en vrac, nos options de vente en gros de r\u00e9frig\u00e9rant R407c permettent de r\u00e9aliser d&rsquo;importantes \u00e9conomies. L&rsquo;achat en grandes quantit\u00e9s vous permet de disposer d&rsquo;un approvisionnement fiable, ce qui r\u00e9duit les temps d&rsquo;arr\u00eat et augmente l&rsquo;efficacit\u00e9 op\u00e9rationnelle. <\/div>\n<div><\/div>\n<h3>R407c freon<\/h3>\n<div><\/div>\n<div>**Caract\u00e9ristiques principales:**<\/div>\n<div><\/div>\n<div>&#8211; Non toxique et ininflammable** : Le R407c peut \u00eatre utilis\u00e9 en toute s\u00e9curit\u00e9 dans divers environnements, ce qui garantit la tranquillit\u00e9 d&rsquo;esprit des op\u00e9rateurs et des occupants.<\/div>\n<div>&#8211; **Haute efficacit\u00e9 \u00e9nerg\u00e9tique** : Optimis\u00e9 pour les \u00e9conomies d&rsquo;\u00e9nergie, le R407c permet de r\u00e9duire les co\u00fbts d&rsquo;exploitation en am\u00e9liorant les performances du syst\u00e8me.<\/div>\n<div>&#8211; **Excellent transfert de chaleur** : Le R407c assure un \u00e9change thermique efficace, ce qui rend vos syst\u00e8mes CVC plus efficaces et plus fiables.<\/div>\n<div>&#8211; **R\u00e9pond aux normes de l&rsquo;industrie** : Notre r\u00e9frig\u00e9rant R407c r\u00e9pond \u00e0 toutes les normes et r\u00e9glementations industrielles pertinentes, ce qui vous garantit un produit de la plus haute qualit\u00e9.<\/div>\n<div><\/div>\n<div>**Id\u00e9al pour diverses applications:**<\/div>\n<div><\/div>\n<div>&#8211; Syst\u00e8mes centraux de climatisation<\/div>\n<div>&#8211; Pompes \u00e0 chaleur<\/div>\n<div>&#8211; Unit\u00e9s de r\u00e9frig\u00e9ration commerciale<\/div>\n<div>&#8211; Syst\u00e8mes de refroidissement r\u00e9sidentiels<\/div>\n<div><\/div>\n<h3>R\u00e9frig\u00e9rant R407c<\/h3>\n<h4>**Avantages pour les grossistes:**<\/h4>\n<div>&#8211; **Prix comp\u00e9titifs** : B\u00e9n\u00e9ficiez de tarifs de gros attractifs, maximisant ainsi votre budget et votre investissement.<\/div>\n<div>&#8211; Une cha\u00eene d&rsquo;approvisionnement fiable** : B\u00e9n\u00e9ficiez de livraisons r\u00e9guli\u00e8res et ponctuelles gr\u00e2ce \u00e0 notre solide r\u00e9seau de cha\u00eene d&rsquo;approvisionnement.<\/div>\n<div>&#8211; **Support client** : Notre \u00e9quipe d\u00e9vou\u00e9e de service \u00e0 la client\u00e8le est l\u00e0 pour vous aider \u00e0 r\u00e9pondre \u00e0 vos questions ou \u00e0 vos besoins d&rsquo;assistance technique.<\/div>\n<div><\/div>\n<div>Am\u00e9liorez vos syst\u00e8mes CVC avec notre r\u00e9frig\u00e9rant R407c de qualit\u00e9 sup\u00e9rieure en gros. Am\u00e9liorez l&rsquo;efficacit\u00e9, r\u00e9duisez l&rsquo;impact sur l&rsquo;environnement et profitez de solutions de refroidissement rentables. Contactez-nous d\u00e8s aujourd&rsquo;hui pour passer votre commande et d\u00e9couvrez la diff\u00e9rence en termes de performance et de fiabilit\u00e9 !  <\/div>\n<p>R-407C 24 lb. 35 lb. Avec bouteille et emballage. Top <a href=\"https:\/\/en.wikipedia.org\/wiki\/R-407C\">R407c<\/a> Refrigerant Wholesale one Stop.   <\/p>\n<p>&nbsp;<\/p>\n<p><a href=\"https:\/\/refrigerant-wholesale.com\/fr\/\">WS Refrigerant<\/a> dispose d&rsquo;un stock important de R22, R410A, MO99, 407C, 404A et R134A.<\/p>\n","protected":false},"excerpt":{"rendered":"<p><img loading=\"lazy\" decoding=\"async\" class=\"aligncenter wp-image-437\" src=\"http:\/\/refrigerant-wholesale.com\/wp-content\/uploads\/2024\/03\/Screenshot-69.png\" alt=\"WS R\u00e9frig\u00e9rant\" width=\"207\" height=\"50\"><\/p>\n<h4 style=\"text-align: center;\"><img loading=\"lazy\" decoding=\"async\" class=\"gmail-crown alignnone\" src=\"https:\/\/www.cryptominerbros.com\/wp-content\/uploads\/2019\/12\/dollar-icon.png\" alt=\"WS Assurance commerciale pour les fluides frigorig\u00e8nes  \" width=\"26\" height=\"27\">ASSURANCE COMMERCIALE<\/h4>\n<div class=\"gmail-textwidget gmail-custom-html-widget\">\n<h6 style=\"text-align: center;\">Exp\u00e9dition : Livraison dans le monde entier<\/h6>\n<h6 style=\"text-align: center;\">(Demande personnalis\u00e9e acceptable)<\/h6>\n<p style=\"text-align: center;\">100% VIRGIN Scell\u00e9 en usine GARANTIE<\/p>\n<p style=\"text-align: center;\"><a href=\"http:\/\/refrigerant-wholesale.com\/wp-content\/uploads\/2024\/07\/SDS-R134a.pdf\" target=\"_self\" class=\"button primary is-green is-small\"  >\n    <span>T\u00e9l\u00e9chargez la fiche technique sur la s\u00e9curit\u00e9<\/span>\n  <\/a>\n\n<\/div>\n","protected":false},"featured_media":1572,"comment_status":"open","ping_status":"closed","template":"","meta":[],"product_brand":[],"product_cat":[269,328],"product_tag":[355,330,356,329,331],"class_list":{"0":"post-2114","1":"product","2":"type-product","3":"status-publish","4":"has-post-thumbnail","6":"product_cat-non-categorise","7":"product_cat-r407c","8":"product_tag-407c-freon-fr","9":"product_tag-fournisseurs-de-refrigerant-r407c","10":"product_tag-r-407c-ac-gaz","11":"product_tag-refrigerant-r407c","12":"product_tag-refrigerant-r407c-vente-en-gros","14":"first","15":"instock","16":"shipping-taxable","17":"product-type-simple"},"yoast_head":"<!-- This site is optimized with the Yoast SEO Premium plugin v27.0 (Yoast SEO v27.3) - https:\/\/yoast.com\/product\/yoast-seo-premium-wordpress\/ -->\n<title>R407c Refrigerant Wholesale | Refrigerant Gas | WS Refrigerant<\/title>\n<meta name=\"description\" content=\"R407c Refrigerant Wholesale, 100% VIRGIN Factory Sealed GARANTIE de la qualit\u00e9 du produit avec livraison dans le monde entier. D&#039;importantes remises s&#039;appliquent.\" \/>\n<meta name=\"robots\" content=\"index, follow, max-snippet:-1, max-image-preview:large, max-video-preview:-1\" \/>\n<link rel=\"canonical\" href=\"https:\/\/refrigerant-wholesale.com\/fr\/product\/quart-de-palette-r-407c-10-cylindres\/\" \/>\n<meta property=\"og:locale\" content=\"fr_FR\" \/>\n<meta property=\"og:type\" content=\"article\" \/>\n<meta property=\"og:title\" content=\"Quart de palette R-407C (10 cylindres)\" \/>\n<meta property=\"og:description\" content=\"R407c Refrigerant Wholesale, 100% VIRGIN Factory Sealed GARANTIE de la qualit\u00e9 du produit avec livraison dans le monde entier. D&#039;importantes remises s&#039;appliquent.\" \/>\n<meta property=\"og:url\" content=\"https:\/\/refrigerant-wholesale.com\/fr\/product\/quart-de-palette-r-407c-10-cylindres\/\" \/>\n<meta property=\"og:site_name\" content=\"Refrigerant Gas Wholesale\" \/>\n<meta property=\"article:publisher\" content=\"https:\/\/www.facebook.com\/refrigerantwholesale\" \/>\n<meta property=\"article:modified_time\" content=\"2025-03-01T20:36:19+00:00\" \/>\n<meta property=\"og:image\" content=\"http:\/\/refrigerant-wholesale.com\/wp-content\/uploads\/2024\/07\/407C-10.jpg\" \/>\n\t<meta property=\"og:image:width\" content=\"1000\" \/>\n\t<meta property=\"og:image:height\" content=\"1000\" \/>\n\t<meta property=\"og:image:type\" content=\"image\/jpeg\" \/>\n<meta name=\"twitter:card\" content=\"summary_large_image\" \/>\n<meta name=\"twitter:label1\" content=\"Dur\u00e9e de lecture estim\u00e9e\" \/>\n\t<meta name=\"twitter:data1\" content=\"3 minutes\" \/>\n<script type=\"application\/ld+json\" class=\"yoast-schema-graph\">{\"@context\":\"https:\\\/\\\/schema.org\",\"@graph\":[{\"@type\":\"WebPage\",\"@id\":\"https:\\\/\\\/refrigerant-wholesale.com\\\/fr\\\/product\\\/quart-de-palette-r-407c-10-cylindres\\\/\",\"url\":\"https:\\\/\\\/refrigerant-wholesale.com\\\/fr\\\/product\\\/quart-de-palette-r-407c-10-cylindres\\\/\",\"name\":\"R407c Refrigerant Wholesale | Refrigerant Gas | WS Refrigerant\",\"isPartOf\":{\"@id\":\"https:\\\/\\\/refrigerant-wholesale.com\\\/fr\\\/#website\"},\"primaryImageOfPage\":{\"@id\":\"https:\\\/\\\/refrigerant-wholesale.com\\\/fr\\\/product\\\/quart-de-palette-r-407c-10-cylindres\\\/#primaryimage\"},\"image\":{\"@id\":\"https:\\\/\\\/refrigerant-wholesale.com\\\/fr\\\/product\\\/quart-de-palette-r-407c-10-cylindres\\\/#primaryimage\"},\"thumbnailUrl\":\"https:\\\/\\\/refrigerant-wholesale.com\\\/wp-content\\\/uploads\\\/2024\\\/07\\\/407C-10.jpg\",\"datePublished\":\"2024-07-14T00:03:05+00:00\",\"dateModified\":\"2025-03-01T20:36:19+00:00\",\"description\":\"R407c Refrigerant Wholesale, 100% VIRGIN Factory Sealed GARANTIE de la qualit\u00e9 du produit avec livraison dans le monde entier. D'importantes remises s'appliquent.\",\"breadcrumb\":{\"@id\":\"https:\\\/\\\/refrigerant-wholesale.com\\\/fr\\\/product\\\/quart-de-palette-r-407c-10-cylindres\\\/#breadcrumb\"},\"inLanguage\":\"fr-FR\",\"potentialAction\":[{\"@type\":\"ReadAction\",\"target\":[\"https:\\\/\\\/refrigerant-wholesale.com\\\/fr\\\/product\\\/quart-de-palette-r-407c-10-cylindres\\\/\"]}]},{\"@type\":\"ImageObject\",\"inLanguage\":\"fr-FR\",\"@id\":\"https:\\\/\\\/refrigerant-wholesale.com\\\/fr\\\/product\\\/quart-de-palette-r-407c-10-cylindres\\\/#primaryimage\",\"url\":\"https:\\\/\\\/refrigerant-wholesale.com\\\/wp-content\\\/uploads\\\/2024\\\/07\\\/407C-10.jpg\",\"contentUrl\":\"https:\\\/\\\/refrigerant-wholesale.com\\\/wp-content\\\/uploads\\\/2024\\\/07\\\/407C-10.jpg\",\"width\":1000,\"height\":1000,\"caption\":\"R407c Refrigerant Supplier, R407c Refrigerant, R407c, Refrigerant R407c, R 407c freon\"},{\"@type\":\"BreadcrumbList\",\"@id\":\"https:\\\/\\\/refrigerant-wholesale.com\\\/fr\\\/product\\\/quart-de-palette-r-407c-10-cylindres\\\/#breadcrumb\",\"itemListElement\":[{\"@type\":\"ListItem\",\"position\":1,\"name\":\"Home\",\"item\":\"https:\\\/\\\/refrigerant-wholesale.com\\\/fr\\\/\"},{\"@type\":\"ListItem\",\"position\":2,\"name\":\"Boutique\",\"item\":\"https:\\\/\\\/refrigerant-wholesale.com\\\/fr\\\/boutique\\\/\"},{\"@type\":\"ListItem\",\"position\":3,\"name\":\"Quart de palette R-407C (10 cylindres)\"}]},{\"@type\":\"WebSite\",\"@id\":\"https:\\\/\\\/refrigerant-wholesale.com\\\/fr\\\/#website\",\"url\":\"https:\\\/\\\/refrigerant-wholesale.com\\\/fr\\\/\",\"name\":\"Refrigerant Gas Wholesale\",\"description\":\"AC Gas supplier\",\"publisher\":{\"@id\":\"https:\\\/\\\/refrigerant-wholesale.com\\\/fr\\\/#organization\"},\"potentialAction\":[{\"@type\":\"SearchAction\",\"target\":{\"@type\":\"EntryPoint\",\"urlTemplate\":\"https:\\\/\\\/refrigerant-wholesale.com\\\/fr\\\/?s={search_term_string}\"},\"query-input\":{\"@type\":\"PropertyValueSpecification\",\"valueRequired\":true,\"valueName\":\"search_term_string\"}}],\"inLanguage\":\"fr-FR\"},{\"@type\":\"Organization\",\"@id\":\"https:\\\/\\\/refrigerant-wholesale.com\\\/fr\\\/#organization\",\"name\":\"Refrigerant Gas Wholesale\",\"url\":\"https:\\\/\\\/refrigerant-wholesale.com\\\/fr\\\/\",\"logo\":{\"@type\":\"ImageObject\",\"inLanguage\":\"fr-FR\",\"@id\":\"https:\\\/\\\/refrigerant-wholesale.com\\\/fr\\\/#\\\/schema\\\/logo\\\/image\\\/\",\"url\":\"http:\\\/\\\/refrigerant-wholesale.com\\\/wp-content\\\/uploads\\\/2024\\\/04\\\/refrigerant-logo.png\",\"contentUrl\":\"http:\\\/\\\/refrigerant-wholesale.com\\\/wp-content\\\/uploads\\\/2024\\\/04\\\/refrigerant-logo.png\",\"width\":400,\"height\":84,\"caption\":\"Refrigerant Gas Wholesale\"},\"image\":{\"@id\":\"https:\\\/\\\/refrigerant-wholesale.com\\\/fr\\\/#\\\/schema\\\/logo\\\/image\\\/\"},\"sameAs\":[\"https:\\\/\\\/www.facebook.com\\\/refrigerantwholesale\"]}]}<\/script>\n<!-- \/ Yoast SEO Premium plugin. -->","yoast_head_json":{"title":"R407c Refrigerant Wholesale | Refrigerant Gas | WS Refrigerant","description":"R407c Refrigerant Wholesale, 100% VIRGIN Factory Sealed GARANTIE de la qualit\u00e9 du produit avec livraison dans le monde entier. D'importantes remises s'appliquent.","robots":{"index":"index","follow":"follow","max-snippet":"max-snippet:-1","max-image-preview":"max-image-preview:large","max-video-preview":"max-video-preview:-1"},"canonical":"https:\/\/refrigerant-wholesale.com\/fr\/product\/quart-de-palette-r-407c-10-cylindres\/","og_locale":"fr_FR","og_type":"article","og_title":"Quart de palette R-407C (10 cylindres)","og_description":"R407c Refrigerant Wholesale, 100% VIRGIN Factory Sealed GARANTIE de la qualit\u00e9 du produit avec livraison dans le monde entier. D'importantes remises s'appliquent.","og_url":"https:\/\/refrigerant-wholesale.com\/fr\/product\/quart-de-palette-r-407c-10-cylindres\/","og_site_name":"Refrigerant Gas Wholesale","article_publisher":"https:\/\/www.facebook.com\/refrigerantwholesale","article_modified_time":"2025-03-01T20:36:19+00:00","og_image":[{"width":1000,"height":1000,"url":"http:\/\/refrigerant-wholesale.com\/wp-content\/uploads\/2024\/07\/407C-10.jpg","type":"image\/jpeg"}],"twitter_card":"summary_large_image","twitter_misc":{"Dur\u00e9e de lecture estim\u00e9e":"3 minutes"},"schema":{"@context":"https:\/\/schema.org","@graph":[{"@type":"WebPage","@id":"https:\/\/refrigerant-wholesale.com\/fr\/product\/quart-de-palette-r-407c-10-cylindres\/","url":"https:\/\/refrigerant-wholesale.com\/fr\/product\/quart-de-palette-r-407c-10-cylindres\/","name":"R407c Refrigerant Wholesale | Refrigerant Gas | WS Refrigerant","isPartOf":{"@id":"https:\/\/refrigerant-wholesale.com\/fr\/#website"},"primaryImageOfPage":{"@id":"https:\/\/refrigerant-wholesale.com\/fr\/product\/quart-de-palette-r-407c-10-cylindres\/#primaryimage"},"image":{"@id":"https:\/\/refrigerant-wholesale.com\/fr\/product\/quart-de-palette-r-407c-10-cylindres\/#primaryimage"},"thumbnailUrl":"https:\/\/refrigerant-wholesale.com\/wp-content\/uploads\/2024\/07\/407C-10.jpg","datePublished":"2024-07-14T00:03:05+00:00","dateModified":"2025-03-01T20:36:19+00:00","description":"R407c Refrigerant Wholesale, 100% VIRGIN Factory Sealed GARANTIE de la qualit\u00e9 du produit avec livraison dans le monde entier. D'importantes remises s'appliquent.","breadcrumb":{"@id":"https:\/\/refrigerant-wholesale.com\/fr\/product\/quart-de-palette-r-407c-10-cylindres\/#breadcrumb"},"inLanguage":"fr-FR","potentialAction":[{"@type":"ReadAction","target":["https:\/\/refrigerant-wholesale.com\/fr\/product\/quart-de-palette-r-407c-10-cylindres\/"]}]},{"@type":"ImageObject","inLanguage":"fr-FR","@id":"https:\/\/refrigerant-wholesale.com\/fr\/product\/quart-de-palette-r-407c-10-cylindres\/#primaryimage","url":"https:\/\/refrigerant-wholesale.com\/wp-content\/uploads\/2024\/07\/407C-10.jpg","contentUrl":"https:\/\/refrigerant-wholesale.com\/wp-content\/uploads\/2024\/07\/407C-10.jpg","width":1000,"height":1000,"caption":"R407c Refrigerant Supplier, R407c Refrigerant, R407c, Refrigerant R407c, R 407c freon"},{"@type":"BreadcrumbList","@id":"https:\/\/refrigerant-wholesale.com\/fr\/product\/quart-de-palette-r-407c-10-cylindres\/#breadcrumb","itemListElement":[{"@type":"ListItem","position":1,"name":"Home","item":"https:\/\/refrigerant-wholesale.com\/fr\/"},{"@type":"ListItem","position":2,"name":"Boutique","item":"https:\/\/refrigerant-wholesale.com\/fr\/boutique\/"},{"@type":"ListItem","position":3,"name":"Quart de palette R-407C (10 cylindres)"}]},{"@type":"WebSite","@id":"https:\/\/refrigerant-wholesale.com\/fr\/#website","url":"https:\/\/refrigerant-wholesale.com\/fr\/","name":"Refrigerant Gas Wholesale","description":"AC Gas supplier","publisher":{"@id":"https:\/\/refrigerant-wholesale.com\/fr\/#organization"},"potentialAction":[{"@type":"SearchAction","target":{"@type":"EntryPoint","urlTemplate":"https:\/\/refrigerant-wholesale.com\/fr\/?s={search_term_string}"},"query-input":{"@type":"PropertyValueSpecification","valueRequired":true,"valueName":"search_term_string"}}],"inLanguage":"fr-FR"},{"@type":"Organization","@id":"https:\/\/refrigerant-wholesale.com\/fr\/#organization","name":"Refrigerant Gas Wholesale","url":"https:\/\/refrigerant-wholesale.com\/fr\/","logo":{"@type":"ImageObject","inLanguage":"fr-FR","@id":"https:\/\/refrigerant-wholesale.com\/fr\/#\/schema\/logo\/image\/","url":"http:\/\/refrigerant-wholesale.com\/wp-content\/uploads\/2024\/04\/refrigerant-logo.png","contentUrl":"http:\/\/refrigerant-wholesale.com\/wp-content\/uploads\/2024\/04\/refrigerant-logo.png","width":400,"height":84,"caption":"Refrigerant Gas Wholesale"},"image":{"@id":"https:\/\/refrigerant-wholesale.com\/fr\/#\/schema\/logo\/image\/"},"sameAs":["https:\/\/www.facebook.com\/refrigerantwholesale"]}]}},"_links":{"self":[{"href":"https:\/\/refrigerant-wholesale.com\/fr\/wp-json\/wp\/v2\/product\/2114","targetHints":{"allow":["GET"]}}],"collection":[{"href":"https:\/\/refrigerant-wholesale.com\/fr\/wp-json\/wp\/v2\/product"}],"about":[{"href":"https:\/\/refrigerant-wholesale.com\/fr\/wp-json\/wp\/v2\/types\/product"}],"replies":[{"embeddable":true,"href":"https:\/\/refrigerant-wholesale.com\/fr\/wp-json\/wp\/v2\/comments?post=2114"}],"wp:featuredmedia":[{"embeddable":true,"href":"https:\/\/refrigerant-wholesale.com\/fr\/wp-json\/wp\/v2\/media\/1572"}],"wp:attachment":[{"href":"https:\/\/refrigerant-wholesale.com\/fr\/wp-json\/wp\/v2\/media?parent=2114"}],"wp:term":[{"taxonomy":"product_brand","embeddable":true,"href":"https:\/\/refrigerant-wholesale.com\/fr\/wp-json\/wp\/v2\/product_brand?post=2114"},{"taxonomy":"product_cat","embeddable":true,"href":"https:\/\/refrigerant-wholesale.com\/fr\/wp-json\/wp\/v2\/product_cat?post=2114"},{"taxonomy":"product_tag","embeddable":true,"href":"https:\/\/refrigerant-wholesale.com\/fr\/wp-json\/wp\/v2\/product_tag?post=2114"}],"curies":[{"name":"wp","href":"https:\/\/api.w.org\/{rel}","templated":true}]}}