{"id":2111,"date":"2024-10-01T19:08:43","date_gmt":"2024-10-01T19:08:43","guid":{"rendered":"https:\/\/refrigerant-wholesale.com\/product\/r422b-refrigerant\/"},"modified":"2025-03-01T20:36:17","modified_gmt":"2025-03-01T20:36:17","slug":"r422b-refrigerant","status":"publish","type":"product","link":"https:\/\/refrigerant-wholesale.com\/fr\/product\/r422b-refrigerant\/","title":{"rendered":"R422B R\u00e9frig\u00e9rant"},"content":{"rendered":"<p><strong>Fourniture en gros de r\u00e9frig\u00e9rant R-422B\/NU-22 &#8211; Votre source mondiale pour des solutions de refroidissement fiables<\/strong><\/p>\n<p>Vous recherchez un fournisseur de confiance de <strong>r\u00e9frig\u00e9rant R-422B\/NU-22<\/strong> pour vos besoins industriels ou \u00e0 grande \u00e9chelle ? Ne cherchez pas plus loin ! Nous vous proposons un approvisionnement en gros de r\u00e9frig\u00e9rant R-422B\/NU-22, le rempla\u00e7ant id\u00e9al du R-22 dans les syst\u00e8mes de climatisation et de r\u00e9frig\u00e9ration. Option polyvalente et respectueuse de l&rsquo;environnement, le R-422B offre des performances exceptionnelles tout en r\u00e9pondant aux exigences r\u00e9glementaires en mati\u00e8re d&rsquo;appauvrissement de la couche d&rsquo;ozone et de potentiel de r\u00e9chauffement de la plan\u00e8te.   <\/p>\n<h3><strong>Acheter le r\u00e9frig\u00e9rant R-422B\/NU-22 en vrac pour une distribution mondiale<\/strong><\/h3>\n<p>Notre r\u00e9frig\u00e9rant R-422B\/NU-22 est disponible pour une <strong>distribution mondiale<\/strong> avec une exp\u00e9dition rapide et fiable pour r\u00e9pondre \u00e0 vos demandes urgentes. Que vous g\u00e9riez une grande installation commerciale ou une soci\u00e9t\u00e9 de services CVC, vous b\u00e9n\u00e9ficierez de nos prix comp\u00e9titifs sur les achats en gros. Nous assurons une cha\u00eene d&rsquo;approvisionnement sans faille, en livrant le R-422B en diff\u00e9rentes quantit\u00e9s &#8211; des palettes aux conteneurs &#8211; afin que vous n&rsquo;ayez jamais \u00e0 vous soucier des p\u00e9nuries.  <\/p>\n<h3><strong>Remplacement \u00e9cologique du R-22 : R\u00e9duire l&rsquo;impact sur l&rsquo;environnement<\/strong><\/h3>\n<p>En tant qu&rsquo;alternative \u00e9cologique, le r\u00e9frig\u00e9rant R-422B\/NU-22 r\u00e9duit consid\u00e9rablement votre empreinte carbone. Ce <strong>substitut au R-22<\/strong> fonctionne efficacement dans les \u00e9quipements existants sans n\u00e9cessiter de modifications co\u00fbteuses, ce qui en fait un choix populaire pour les r\u00e9novations et les nouvelles installations. Il est parfait pour ceux qui cherchent \u00e0 se conformer aux r\u00e9glementations environnementales internationales, y compris le <strong>protocole de Montr\u00e9al<\/strong> et d&rsquo;autres normes mondiales de d\u00e9veloppement durable.  <\/p>\n<h3><strong>Avantages du R-422B\/NU-22 pour la climatisation et la r\u00e9frig\u00e9ration<\/strong><\/h3>\n<p>Le R-422B offre un rendement \u00e9nerg\u00e9tique sup\u00e9rieur, une excellente capacit\u00e9 de refroidissement et une compatibilit\u00e9 avec les lubrifiants min\u00e9raux, alkylbenz\u00e8nes et synth\u00e9tiques. Cela garantit une <strong>int\u00e9gration transparente<\/strong> dans une large gamme de syst\u00e8mes, depuis les unit\u00e9s CVC r\u00e9sidentielles jusqu&rsquo;aux installations de r\u00e9frig\u00e9ration industrielle \u00e0 grande \u00e9chelle. Maximisez les performances et minimisez les temps d&rsquo;arr\u00eat en optant pour un fluide frigorig\u00e8ne auquel les professionnels de l&rsquo;industrie du monde entier font confiance.  <\/p>\n<h3><strong>Partenariat avec nous pour l&rsquo;approvisionnement en gros de r\u00e9frig\u00e9rants<\/strong><\/h3>\n<p>Choisissez-nous comme partenaire fiable pour l&rsquo;<strong>approvisionnement en gros de r\u00e9frig\u00e9rant R-422B\/NU-22<\/strong>. En mettant l&rsquo;accent sur la qualit\u00e9, l&rsquo;accessibilit\u00e9 et la durabilit\u00e9, nous nous assurons que vos syst\u00e8mes de refroidissement fonctionnent avec une efficacit\u00e9 maximale. Contactez-nous d\u00e8s aujourd&rsquo;hui pour un devis personnalis\u00e9 et profitez de notre r\u00e9seau de distribution mondial pour des livraisons rapides et fiables. <strong>Le fluide frigorig\u00e8ne R-422B &#8211; la<\/strong>solution parfaite pour vos besoins en CVC et en r\u00e9frig\u00e9ration !  <\/p>\n","protected":false},"excerpt":{"rendered":"<p><img loading=\"lazy\" decoding=\"async\" class=\"alignnone wp-image-437 aligncenter\" src=\"http:\/\/refrigerant-wholesale.com\/wp-content\/uploads\/2024\/03\/Screenshot-69.png\" alt=\"\" width=\"207\" height=\"50\"><\/p>\n<h4 style=\"text-align: center;\"><img loading=\"lazy\" decoding=\"async\" class=\"alignnone wp-image-744\" src=\"http:\/\/refrigerant-wholesale.com\/wp-content\/uploads\/2024\/07\/removal.ai_8ca2a79e-d09f-4bd1-a4fe-c4c69f1a4386_Trade-Assurance-381x400.png\" alt=\"R\u00e9frig\u00e9rants WS\" width=\"26\" height=\"27\" srcset=\"https:\/\/refrigerant-wholesale.com\/wp-content\/uploads\/2024\/07\/removal.ai_8ca2a79e-d09f-4bd1-a4fe-c4c69f1a4386_Trade-Assurance-381x400.png 381w, https:\/\/refrigerant-wholesale.com\/wp-content\/uploads\/2024\/07\/removal.ai_8ca2a79e-d09f-4bd1-a4fe-c4c69f1a4386_Trade-Assurance-100x100.png 100w, https:\/\/refrigerant-wholesale.com\/wp-content\/uploads\/2024\/07\/removal.ai_8ca2a79e-d09f-4bd1-a4fe-c4c69f1a4386_Trade-Assurance-280x280.png 280w, https:\/\/refrigerant-wholesale.com\/wp-content\/uploads\/2024\/07\/removal.ai_8ca2a79e-d09f-4bd1-a4fe-c4c69f1a4386_Trade-Assurance.png 388w\" sizes=\"auto, (max-width: 26px) 100vw, 26px\" \/>ASSURANCE COMMERCIALE<\/h4>\n<div class=\"gmail-textwidget gmail-custom-html-widget\">\n<h6 style=\"text-align: center;\">Exp\u00e9dition : Livraison dans le monde entier<\/h6>\n<h6 style=\"text-align: center;\">(Demande personnalis\u00e9e acceptable)<\/h6>\n<p style=\"text-align: center;\">100% VIRGIN Scell\u00e9 en usine GARANTIE<\/p>\n<\/div>\n","protected":false},"featured_media":1617,"comment_status":"open","ping_status":"closed","template":"","meta":[],"product_brand":[],"product_cat":[269],"product_tag":[],"class_list":{"0":"post-2111","1":"product","2":"type-product","3":"status-publish","4":"has-post-thumbnail","6":"product_cat-non-categorise","8":"first","9":"instock","10":"shipping-taxable","11":"product-type-simple"},"yoast_head":"<!-- This site is optimized with the Yoast SEO Premium plugin v27.0 (Yoast SEO v27.3) - https:\/\/yoast.com\/product\/yoast-seo-premium-wordpress\/ -->\n<title>R422B R\u00e9frig\u00e9rant - Refrigerant Gas Wholesale<\/title>\n<meta name=\"robots\" content=\"index, follow, max-snippet:-1, max-image-preview:large, max-video-preview:-1\" \/>\n<link rel=\"canonical\" href=\"https:\/\/refrigerant-wholesale.com\/fr\/product\/r422b-refrigerant\/\" \/>\n<meta property=\"og:locale\" content=\"fr_FR\" \/>\n<meta property=\"og:type\" content=\"article\" \/>\n<meta property=\"og:title\" content=\"R422B R\u00e9frig\u00e9rant\" \/>\n<meta property=\"og:description\" content=\"ASSURANCE COMMERCIALE Exp\u00e9dition : Livraison dans le monde entier (Demande personnalis\u00e9e acceptable) 100% VIRGIN Scell\u00e9 en usine GARANTIE\" \/>\n<meta property=\"og:url\" content=\"https:\/\/refrigerant-wholesale.com\/fr\/product\/r422b-refrigerant\/\" \/>\n<meta property=\"og:site_name\" content=\"Refrigerant Gas Wholesale\" \/>\n<meta property=\"article:publisher\" content=\"https:\/\/www.facebook.com\/refrigerantwholesale\" \/>\n<meta property=\"article:modified_time\" content=\"2025-03-01T20:36:17+00:00\" \/>\n<meta property=\"og:image\" content=\"http:\/\/refrigerant-wholesale.com\/wp-content\/uploads\/2024\/10\/R422B-Refrigerant.webp\" \/>\n\t<meta property=\"og:image:width\" content=\"823\" \/>\n\t<meta property=\"og:image:height\" content=\"823\" \/>\n\t<meta property=\"og:image:type\" content=\"image\/webp\" \/>\n<meta name=\"twitter:card\" content=\"summary_large_image\" \/>\n<meta name=\"twitter:label1\" content=\"Dur\u00e9e de lecture estim\u00e9e\" \/>\n\t<meta name=\"twitter:data1\" content=\"2 minutes\" \/>\n<script type=\"application\/ld+json\" class=\"yoast-schema-graph\">{\"@context\":\"https:\\\/\\\/schema.org\",\"@graph\":[{\"@type\":\"WebPage\",\"@id\":\"https:\\\/\\\/refrigerant-wholesale.com\\\/fr\\\/product\\\/r422b-refrigerant\\\/\",\"url\":\"https:\\\/\\\/refrigerant-wholesale.com\\\/fr\\\/product\\\/r422b-refrigerant\\\/\",\"name\":\"R422B R\u00e9frig\u00e9rant - Refrigerant Gas Wholesale\",\"isPartOf\":{\"@id\":\"https:\\\/\\\/refrigerant-wholesale.com\\\/fr\\\/#website\"},\"primaryImageOfPage\":{\"@id\":\"https:\\\/\\\/refrigerant-wholesale.com\\\/fr\\\/product\\\/r422b-refrigerant\\\/#primaryimage\"},\"image\":{\"@id\":\"https:\\\/\\\/refrigerant-wholesale.com\\\/fr\\\/product\\\/r422b-refrigerant\\\/#primaryimage\"},\"thumbnailUrl\":\"https:\\\/\\\/refrigerant-wholesale.com\\\/wp-content\\\/uploads\\\/2024\\\/10\\\/R422B-Refrigerant.webp\",\"datePublished\":\"2024-10-01T19:08:43+00:00\",\"dateModified\":\"2025-03-01T20:36:17+00:00\",\"breadcrumb\":{\"@id\":\"https:\\\/\\\/refrigerant-wholesale.com\\\/fr\\\/product\\\/r422b-refrigerant\\\/#breadcrumb\"},\"inLanguage\":\"fr-FR\",\"potentialAction\":[{\"@type\":\"ReadAction\",\"target\":[\"https:\\\/\\\/refrigerant-wholesale.com\\\/fr\\\/product\\\/r422b-refrigerant\\\/\"]}]},{\"@type\":\"ImageObject\",\"inLanguage\":\"fr-FR\",\"@id\":\"https:\\\/\\\/refrigerant-wholesale.com\\\/fr\\\/product\\\/r422b-refrigerant\\\/#primaryimage\",\"url\":\"https:\\\/\\\/refrigerant-wholesale.com\\\/wp-content\\\/uploads\\\/2024\\\/10\\\/R422B-Refrigerant.webp\",\"contentUrl\":\"https:\\\/\\\/refrigerant-wholesale.com\\\/wp-content\\\/uploads\\\/2024\\\/10\\\/R422B-Refrigerant.webp\",\"width\":823,\"height\":823},{\"@type\":\"BreadcrumbList\",\"@id\":\"https:\\\/\\\/refrigerant-wholesale.com\\\/fr\\\/product\\\/r422b-refrigerant\\\/#breadcrumb\",\"itemListElement\":[{\"@type\":\"ListItem\",\"position\":1,\"name\":\"Home\",\"item\":\"https:\\\/\\\/refrigerant-wholesale.com\\\/fr\\\/\"},{\"@type\":\"ListItem\",\"position\":2,\"name\":\"Boutique\",\"item\":\"https:\\\/\\\/refrigerant-wholesale.com\\\/fr\\\/boutique\\\/\"},{\"@type\":\"ListItem\",\"position\":3,\"name\":\"R422B R\u00e9frig\u00e9rant\"}]},{\"@type\":\"WebSite\",\"@id\":\"https:\\\/\\\/refrigerant-wholesale.com\\\/fr\\\/#website\",\"url\":\"https:\\\/\\\/refrigerant-wholesale.com\\\/fr\\\/\",\"name\":\"Refrigerant Gas Wholesale\",\"description\":\"AC Gas supplier\",\"publisher\":{\"@id\":\"https:\\\/\\\/refrigerant-wholesale.com\\\/fr\\\/#organization\"},\"potentialAction\":[{\"@type\":\"SearchAction\",\"target\":{\"@type\":\"EntryPoint\",\"urlTemplate\":\"https:\\\/\\\/refrigerant-wholesale.com\\\/fr\\\/?s={search_term_string}\"},\"query-input\":{\"@type\":\"PropertyValueSpecification\",\"valueRequired\":true,\"valueName\":\"search_term_string\"}}],\"inLanguage\":\"fr-FR\"},{\"@type\":\"Organization\",\"@id\":\"https:\\\/\\\/refrigerant-wholesale.com\\\/fr\\\/#organization\",\"name\":\"Refrigerant Gas Wholesale\",\"url\":\"https:\\\/\\\/refrigerant-wholesale.com\\\/fr\\\/\",\"logo\":{\"@type\":\"ImageObject\",\"inLanguage\":\"fr-FR\",\"@id\":\"https:\\\/\\\/refrigerant-wholesale.com\\\/fr\\\/#\\\/schema\\\/logo\\\/image\\\/\",\"url\":\"http:\\\/\\\/refrigerant-wholesale.com\\\/wp-content\\\/uploads\\\/2024\\\/04\\\/refrigerant-logo.png\",\"contentUrl\":\"http:\\\/\\\/refrigerant-wholesale.com\\\/wp-content\\\/uploads\\\/2024\\\/04\\\/refrigerant-logo.png\",\"width\":400,\"height\":84,\"caption\":\"Refrigerant Gas Wholesale\"},\"image\":{\"@id\":\"https:\\\/\\\/refrigerant-wholesale.com\\\/fr\\\/#\\\/schema\\\/logo\\\/image\\\/\"},\"sameAs\":[\"https:\\\/\\\/www.facebook.com\\\/refrigerantwholesale\"]}]}<\/script>\n<!-- \/ Yoast SEO Premium plugin. -->","yoast_head_json":{"title":"R422B R\u00e9frig\u00e9rant - Refrigerant Gas Wholesale","robots":{"index":"index","follow":"follow","max-snippet":"max-snippet:-1","max-image-preview":"max-image-preview:large","max-video-preview":"max-video-preview:-1"},"canonical":"https:\/\/refrigerant-wholesale.com\/fr\/product\/r422b-refrigerant\/","og_locale":"fr_FR","og_type":"article","og_title":"R422B R\u00e9frig\u00e9rant","og_description":"ASSURANCE COMMERCIALE Exp\u00e9dition : Livraison dans le monde entier (Demande personnalis\u00e9e acceptable) 100% VIRGIN Scell\u00e9 en usine GARANTIE","og_url":"https:\/\/refrigerant-wholesale.com\/fr\/product\/r422b-refrigerant\/","og_site_name":"Refrigerant Gas Wholesale","article_publisher":"https:\/\/www.facebook.com\/refrigerantwholesale","article_modified_time":"2025-03-01T20:36:17+00:00","og_image":[{"width":823,"height":823,"url":"http:\/\/refrigerant-wholesale.com\/wp-content\/uploads\/2024\/10\/R422B-Refrigerant.webp","type":"image\/webp"}],"twitter_card":"summary_large_image","twitter_misc":{"Dur\u00e9e de lecture estim\u00e9e":"2 minutes"},"schema":{"@context":"https:\/\/schema.org","@graph":[{"@type":"WebPage","@id":"https:\/\/refrigerant-wholesale.com\/fr\/product\/r422b-refrigerant\/","url":"https:\/\/refrigerant-wholesale.com\/fr\/product\/r422b-refrigerant\/","name":"R422B R\u00e9frig\u00e9rant - Refrigerant Gas Wholesale","isPartOf":{"@id":"https:\/\/refrigerant-wholesale.com\/fr\/#website"},"primaryImageOfPage":{"@id":"https:\/\/refrigerant-wholesale.com\/fr\/product\/r422b-refrigerant\/#primaryimage"},"image":{"@id":"https:\/\/refrigerant-wholesale.com\/fr\/product\/r422b-refrigerant\/#primaryimage"},"thumbnailUrl":"https:\/\/refrigerant-wholesale.com\/wp-content\/uploads\/2024\/10\/R422B-Refrigerant.webp","datePublished":"2024-10-01T19:08:43+00:00","dateModified":"2025-03-01T20:36:17+00:00","breadcrumb":{"@id":"https:\/\/refrigerant-wholesale.com\/fr\/product\/r422b-refrigerant\/#breadcrumb"},"inLanguage":"fr-FR","potentialAction":[{"@type":"ReadAction","target":["https:\/\/refrigerant-wholesale.com\/fr\/product\/r422b-refrigerant\/"]}]},{"@type":"ImageObject","inLanguage":"fr-FR","@id":"https:\/\/refrigerant-wholesale.com\/fr\/product\/r422b-refrigerant\/#primaryimage","url":"https:\/\/refrigerant-wholesale.com\/wp-content\/uploads\/2024\/10\/R422B-Refrigerant.webp","contentUrl":"https:\/\/refrigerant-wholesale.com\/wp-content\/uploads\/2024\/10\/R422B-Refrigerant.webp","width":823,"height":823},{"@type":"BreadcrumbList","@id":"https:\/\/refrigerant-wholesale.com\/fr\/product\/r422b-refrigerant\/#breadcrumb","itemListElement":[{"@type":"ListItem","position":1,"name":"Home","item":"https:\/\/refrigerant-wholesale.com\/fr\/"},{"@type":"ListItem","position":2,"name":"Boutique","item":"https:\/\/refrigerant-wholesale.com\/fr\/boutique\/"},{"@type":"ListItem","position":3,"name":"R422B R\u00e9frig\u00e9rant"}]},{"@type":"WebSite","@id":"https:\/\/refrigerant-wholesale.com\/fr\/#website","url":"https:\/\/refrigerant-wholesale.com\/fr\/","name":"Refrigerant Gas Wholesale","description":"AC Gas supplier","publisher":{"@id":"https:\/\/refrigerant-wholesale.com\/fr\/#organization"},"potentialAction":[{"@type":"SearchAction","target":{"@type":"EntryPoint","urlTemplate":"https:\/\/refrigerant-wholesale.com\/fr\/?s={search_term_string}"},"query-input":{"@type":"PropertyValueSpecification","valueRequired":true,"valueName":"search_term_string"}}],"inLanguage":"fr-FR"},{"@type":"Organization","@id":"https:\/\/refrigerant-wholesale.com\/fr\/#organization","name":"Refrigerant Gas Wholesale","url":"https:\/\/refrigerant-wholesale.com\/fr\/","logo":{"@type":"ImageObject","inLanguage":"fr-FR","@id":"https:\/\/refrigerant-wholesale.com\/fr\/#\/schema\/logo\/image\/","url":"http:\/\/refrigerant-wholesale.com\/wp-content\/uploads\/2024\/04\/refrigerant-logo.png","contentUrl":"http:\/\/refrigerant-wholesale.com\/wp-content\/uploads\/2024\/04\/refrigerant-logo.png","width":400,"height":84,"caption":"Refrigerant Gas Wholesale"},"image":{"@id":"https:\/\/refrigerant-wholesale.com\/fr\/#\/schema\/logo\/image\/"},"sameAs":["https:\/\/www.facebook.com\/refrigerantwholesale"]}]}},"_links":{"self":[{"href":"https:\/\/refrigerant-wholesale.com\/fr\/wp-json\/wp\/v2\/product\/2111","targetHints":{"allow":["GET"]}}],"collection":[{"href":"https:\/\/refrigerant-wholesale.com\/fr\/wp-json\/wp\/v2\/product"}],"about":[{"href":"https:\/\/refrigerant-wholesale.com\/fr\/wp-json\/wp\/v2\/types\/product"}],"replies":[{"embeddable":true,"href":"https:\/\/refrigerant-wholesale.com\/fr\/wp-json\/wp\/v2\/comments?post=2111"}],"wp:featuredmedia":[{"embeddable":true,"href":"https:\/\/refrigerant-wholesale.com\/fr\/wp-json\/wp\/v2\/media\/1617"}],"wp:attachment":[{"href":"https:\/\/refrigerant-wholesale.com\/fr\/wp-json\/wp\/v2\/media?parent=2111"}],"wp:term":[{"taxonomy":"product_brand","embeddable":true,"href":"https:\/\/refrigerant-wholesale.com\/fr\/wp-json\/wp\/v2\/product_brand?post=2111"},{"taxonomy":"product_cat","embeddable":true,"href":"https:\/\/refrigerant-wholesale.com\/fr\/wp-json\/wp\/v2\/product_cat?post=2111"},{"taxonomy":"product_tag","embeddable":true,"href":"https:\/\/refrigerant-wholesale.com\/fr\/wp-json\/wp\/v2\/product_tag?post=2111"}],"curies":[{"name":"wp","href":"https:\/\/api.w.org\/{rel}","templated":true}]}}