{"id":2110,"date":"2024-07-13T23:55:53","date_gmt":"2024-07-13T23:55:53","guid":{"rendered":"https:\/\/refrigerant-wholesale.com\/product\/demi-palette-r-407c-20-bouteilles\/"},"modified":"2025-03-01T20:36:16","modified_gmt":"2025-03-01T20:36:16","slug":"demi-palette-r-407c-20-bouteilles","status":"publish","type":"product","link":"https:\/\/refrigerant-wholesale.com\/fr\/product\/demi-palette-r-407c-20-bouteilles\/","title":{"rendered":"Demi-palette R-407C (20 bouteilles)"},"content":{"rendered":"<h3>R407c Refrigerant Supplier &#8211; Wholesale Prices, Worldwide Shipping<\/h3>\n<p>Vous cherchez un fournisseur de <strong>r\u00e9frig\u00e9rant R407c<\/strong> de haute qualit\u00e9 \u00e0 des prix de gros ? Nous avons ce qu&rsquo;il vous faut ! Le R407c est un r\u00e9frig\u00e9rant hydrofluorocarbone (HFC) de premi\u00e8re qualit\u00e9 utilis\u00e9 dans les syst\u00e8mes de climatisation et de r\u00e9frig\u00e9ration. Ses performances exceptionnelles en mati\u00e8re de refroidissement en font un rempla\u00e7ant id\u00e9al du R22 dans les applications commerciales et r\u00e9sidentielles.   <\/p>\n<h4>Caract\u00e9ristiques principales du <a href=\"https:\/\/refrigerant-wholesale.com\/es\/?post_type=product&#038;p=2105\">r\u00e9frig\u00e9rant R407c<\/a><\/h4>\n<ul>\n<li><strong>Respectueux de l&rsquo;environnement<\/strong>: Con\u00e7u avec un faible potentiel d&rsquo;appauvrissement de la couche d&rsquo;ozone (ODP).<\/li>\n<li><strong>Performance efficace<\/strong>: Un rendement \u00e9nerg\u00e9tique \u00e9lev\u00e9 garantit une meilleure puissance de refroidissement.<\/li>\n<li><strong>Compatibilit\u00e9<\/strong>: Fonctionne sans probl\u00e8me dans les syst\u00e8mes con\u00e7us pour le R22 apr\u00e8s une mise \u00e0 niveau appropri\u00e9e.<\/li>\n<\/ul>\n<hr>\n<h3>Sp\u00e9cifications techniques<\/h3>\n<table>\n<thead>\n<tr>\n<th><strong>Sp\u00e9cifications<\/strong><\/th>\n<th><strong>D\u00e9tails<\/strong><\/th>\n<\/tr>\n<\/thead>\n<tbody>\n<tr>\n<td><strong>Composition chimique<\/strong><\/td>\n<td>M\u00e9lange R32\/R125\/R134a<\/td>\n<\/tr>\n<tr>\n<td><strong>Point d&rsquo;\u00e9bullition<\/strong><\/td>\n<td>-43.6\u00b0C<\/td>\n<\/tr>\n<tr>\n<td><strong>ODP<\/strong><\/td>\n<td>0<\/td>\n<\/tr>\n<tr>\n<td><strong>PRG (Potentiel de r\u00e9chauffement plan\u00e9taire)<\/strong><\/td>\n<td>1774<\/td>\n<\/tr>\n<tr>\n<td><strong>Applications<\/strong><\/td>\n<td>Climatiseurs, refroidisseurs<\/td>\n<\/tr>\n<\/tbody>\n<\/table>\n<hr>\n<h4>Options d&#8217;emballage<\/h4>\n<p>Pour r\u00e9pondre aux divers besoins des entreprises, nous proposons des <strong>options d&#8217;emballage<\/strong> flexible pour le r\u00e9frig\u00e9rant R407c : <\/p>\n<ul>\n<li><strong>Cylindres jetables<\/strong>: 11,3 kg et 9 kg pour les besoins \u00e0 plus petite \u00e9chelle.<\/li>\n<li><strong>Cylindres rechargeables<\/strong>: 926L pour l&rsquo;utilisation commerciale en vrac.<\/li>\n<li><strong>R\u00e9servoirs ISO<\/strong>: Disponibles pour les besoins industriels importants.<\/li>\n<\/ul>\n<p>Chaque emballage est solidement scell\u00e9 pour \u00e9viter les fuites et garantir la s\u00e9curit\u00e9 du transport.<\/p>\n<hr>\n<h3>Pourquoi nous choisir comme <a href=\"https:\/\/www.alibaba.com\/trade\/search?spm=a2700.product_home_newuser.home_new_user_first_screen_fy23_pc_search_bar.keydown__Enter&amp;tab=all&amp;SearchText=refrigerants\">fournisseur de<\/a> R407c ?<\/h3>\n<ul>\n<li><strong>Prix de gros comp\u00e9titifs<\/strong>: Obtenez la meilleure valeur pour votre entreprise.<\/li>\n<li><strong>Une qualit\u00e9 fiable<\/strong>: Les produits sont conformes \u00e0 toutes les normes internationales.<\/li>\n<li><strong>Exp\u00e9dition dans le monde entier<\/strong>: Livraison rapide et s\u00fbre dans votre pays.<\/li>\n<\/ul>\n<hr>\n<h4>Commandez maintenant !<\/h4>\n<p>Gr\u00e2ce \u00e0 notre vaste inventaire, nous garantissons la disponibilit\u00e9 et l&rsquo;exp\u00e9dition rapide. Passez votre commande d\u00e8s aujourd&rsquo;hui pour garantir des op\u00e9rations ininterrompues. <\/p>\n<p>Notre \u00e9quipe est pr\u00eate \u00e0 vous aider pour vos achats en gros et vos besoins d&#8217;emballage personnalis\u00e9. Contactez-nous d\u00e8s maintenant pour obtenir <a href=\"https:\/\/azscosmetiks.com\/\">des devis<\/a> comp\u00e9titifs sur le <strong>r\u00e9frig\u00e9rant R407c<\/strong>! <\/p>\n","protected":false},"excerpt":{"rendered":"<p><img loading=\"lazy\" decoding=\"async\" class=\"alignnone wp-image-437 aligncenter\" src=\"http:\/\/refrigerant-wholesale.com\/wp-content\/uploads\/2024\/03\/Screenshot-69.png\" alt=\"\" width=\"207\" height=\"50\"><\/p>\n<h4 style=\"text-align: center;\"><img loading=\"lazy\" decoding=\"async\" class=\"alignnone wp-image-744\" src=\"http:\/\/refrigerant-wholesale.com\/wp-content\/uploads\/2024\/07\/removal.ai_8ca2a79e-d09f-4bd1-a4fe-c4c69f1a4386_Trade-Assurance-381x400.png\" alt=\"R\u00e9frig\u00e9rants WS\" width=\"22\" height=\"23\" srcset=\"https:\/\/refrigerant-wholesale.com\/wp-content\/uploads\/2024\/07\/removal.ai_8ca2a79e-d09f-4bd1-a4fe-c4c69f1a4386_Trade-Assurance-381x400.png 381w, https:\/\/refrigerant-wholesale.com\/wp-content\/uploads\/2024\/07\/removal.ai_8ca2a79e-d09f-4bd1-a4fe-c4c69f1a4386_Trade-Assurance-100x100.png 100w, https:\/\/refrigerant-wholesale.com\/wp-content\/uploads\/2024\/07\/removal.ai_8ca2a79e-d09f-4bd1-a4fe-c4c69f1a4386_Trade-Assurance-280x280.png 280w, https:\/\/refrigerant-wholesale.com\/wp-content\/uploads\/2024\/07\/removal.ai_8ca2a79e-d09f-4bd1-a4fe-c4c69f1a4386_Trade-Assurance.png 388w\" sizes=\"auto, (max-width: 22px) 100vw, 22px\" \/>ASSURANCE COMMERCIALE<\/h4>\n<div class=\"gmail-textwidget gmail-custom-html-widget\">\n<h6 style=\"text-align: center;\">Exp\u00e9dition : Livraison dans le monde entier<\/h6>\n<h6 style=\"text-align: center;\">(Demande personnalis\u00e9e acceptable)<\/h6>\n<p style=\"text-align: center;\">100% VIRGIN Scell\u00e9 en usine GARANTIE<\/p>\n<p style=\"text-align: center;\"><a href=\"http:\/\/refrigerant-wholesale.com\/wp-content\/uploads\/2024\/07\/SDS-R134a.pdf\" target=\"_self\" class=\"button primary is-green is-small\"  >\n    <span>T\u00e9l\u00e9chargez la fiche technique sur la s\u00e9curit\u00e9<\/span>\n  <\/a>\n\n<\/div>\n","protected":false},"featured_media":1569,"comment_status":"open","ping_status":"closed","template":"","meta":[],"product_brand":[],"product_cat":[269,328],"product_tag":[349,351,350,329,331],"class_list":{"0":"post-2110","1":"product","2":"type-product","3":"status-publish","4":"has-post-thumbnail","6":"product_cat-non-categorise","7":"product_cat-r407c","8":"product_tag-fournisseur-de-refrigerant-r407c","9":"product_tag-prix-du-refrigerant-r407c","10":"product_tag-r-407c-fr","11":"product_tag-refrigerant-r407c","12":"product_tag-refrigerant-r407c-vente-en-gros","14":"first","15":"instock","16":"shipping-taxable","17":"product-type-simple"},"yoast_head":"<!-- This site is optimized with the Yoast SEO Premium plugin v27.0 (Yoast SEO v27.3) - https:\/\/yoast.com\/product\/yoast-seo-premium-wordpress\/ -->\n<title>R407c Refrigerant Supplier Wholesale Price | WS Refrigerant<\/title>\n<meta name=\"description\" content=\"R407c Refrigerant Supplier, 100% VIRGIN Factory Sealed GUARANTEED product quality with Shipping Worldwide. D&#039;importantes remises s&#039;appliquent.\" \/>\n<meta name=\"robots\" content=\"index, follow, max-snippet:-1, max-image-preview:large, max-video-preview:-1\" \/>\n<link rel=\"canonical\" href=\"https:\/\/refrigerant-wholesale.com\/fr\/product\/demi-palette-r-407c-20-bouteilles\/\" \/>\n<meta property=\"og:locale\" content=\"fr_FR\" \/>\n<meta property=\"og:type\" content=\"article\" \/>\n<meta property=\"og:title\" content=\"Demi-palette R-407C (20 bouteilles)\" \/>\n<meta property=\"og:description\" content=\"R407c Refrigerant Supplier, 100% VIRGIN Factory Sealed GUARANTEED product quality with Shipping Worldwide. D&#039;importantes remises s&#039;appliquent.\" \/>\n<meta property=\"og:url\" content=\"https:\/\/refrigerant-wholesale.com\/fr\/product\/demi-palette-r-407c-20-bouteilles\/\" \/>\n<meta property=\"og:site_name\" content=\"Refrigerant Gas Wholesale\" \/>\n<meta property=\"article:publisher\" content=\"https:\/\/www.facebook.com\/refrigerantwholesale\" \/>\n<meta property=\"article:modified_time\" content=\"2025-03-01T20:36:16+00:00\" \/>\n<meta property=\"og:image\" content=\"http:\/\/refrigerant-wholesale.com\/wp-content\/uploads\/2024\/07\/407C-20.jpg\" \/>\n\t<meta property=\"og:image:width\" content=\"1000\" \/>\n\t<meta property=\"og:image:height\" content=\"1000\" \/>\n\t<meta property=\"og:image:type\" content=\"image\/jpeg\" \/>\n<meta name=\"twitter:card\" content=\"summary_large_image\" \/>\n<meta name=\"twitter:label1\" content=\"Dur\u00e9e de lecture estim\u00e9e\" \/>\n\t<meta name=\"twitter:data1\" content=\"2 minutes\" \/>\n<script type=\"application\/ld+json\" class=\"yoast-schema-graph\">{\"@context\":\"https:\\\/\\\/schema.org\",\"@graph\":[{\"@type\":\"WebPage\",\"@id\":\"https:\\\/\\\/refrigerant-wholesale.com\\\/fr\\\/product\\\/demi-palette-r-407c-20-bouteilles\\\/\",\"url\":\"https:\\\/\\\/refrigerant-wholesale.com\\\/fr\\\/product\\\/demi-palette-r-407c-20-bouteilles\\\/\",\"name\":\"R407c Refrigerant Supplier Wholesale Price | WS Refrigerant\",\"isPartOf\":{\"@id\":\"https:\\\/\\\/refrigerant-wholesale.com\\\/fr\\\/#website\"},\"primaryImageOfPage\":{\"@id\":\"https:\\\/\\\/refrigerant-wholesale.com\\\/fr\\\/product\\\/demi-palette-r-407c-20-bouteilles\\\/#primaryimage\"},\"image\":{\"@id\":\"https:\\\/\\\/refrigerant-wholesale.com\\\/fr\\\/product\\\/demi-palette-r-407c-20-bouteilles\\\/#primaryimage\"},\"thumbnailUrl\":\"https:\\\/\\\/refrigerant-wholesale.com\\\/wp-content\\\/uploads\\\/2024\\\/07\\\/407C-20.jpg\",\"datePublished\":\"2024-07-13T23:55:53+00:00\",\"dateModified\":\"2025-03-01T20:36:16+00:00\",\"description\":\"R407c Refrigerant Supplier, 100% VIRGIN Factory Sealed GUARANTEED product quality with Shipping Worldwide. D'importantes remises s'appliquent.\",\"breadcrumb\":{\"@id\":\"https:\\\/\\\/refrigerant-wholesale.com\\\/fr\\\/product\\\/demi-palette-r-407c-20-bouteilles\\\/#breadcrumb\"},\"inLanguage\":\"fr-FR\",\"potentialAction\":[{\"@type\":\"ReadAction\",\"target\":[\"https:\\\/\\\/refrigerant-wholesale.com\\\/fr\\\/product\\\/demi-palette-r-407c-20-bouteilles\\\/\"]}]},{\"@type\":\"ImageObject\",\"inLanguage\":\"fr-FR\",\"@id\":\"https:\\\/\\\/refrigerant-wholesale.com\\\/fr\\\/product\\\/demi-palette-r-407c-20-bouteilles\\\/#primaryimage\",\"url\":\"https:\\\/\\\/refrigerant-wholesale.com\\\/wp-content\\\/uploads\\\/2024\\\/07\\\/407C-20.jpg\",\"contentUrl\":\"https:\\\/\\\/refrigerant-wholesale.com\\\/wp-content\\\/uploads\\\/2024\\\/07\\\/407C-20.jpg\",\"width\":1000,\"height\":1000,\"caption\":\"R407c Refrigerant Supplier, R407c Refrigerant, R407c, Refrigerant R407c, R 407c freon\"},{\"@type\":\"BreadcrumbList\",\"@id\":\"https:\\\/\\\/refrigerant-wholesale.com\\\/fr\\\/product\\\/demi-palette-r-407c-20-bouteilles\\\/#breadcrumb\",\"itemListElement\":[{\"@type\":\"ListItem\",\"position\":1,\"name\":\"Home\",\"item\":\"https:\\\/\\\/refrigerant-wholesale.com\\\/fr\\\/\"},{\"@type\":\"ListItem\",\"position\":2,\"name\":\"Boutique\",\"item\":\"https:\\\/\\\/refrigerant-wholesale.com\\\/fr\\\/boutique\\\/\"},{\"@type\":\"ListItem\",\"position\":3,\"name\":\"Demi-palette R-407C (20 bouteilles)\"}]},{\"@type\":\"WebSite\",\"@id\":\"https:\\\/\\\/refrigerant-wholesale.com\\\/fr\\\/#website\",\"url\":\"https:\\\/\\\/refrigerant-wholesale.com\\\/fr\\\/\",\"name\":\"Refrigerant Gas Wholesale\",\"description\":\"AC Gas supplier\",\"publisher\":{\"@id\":\"https:\\\/\\\/refrigerant-wholesale.com\\\/fr\\\/#organization\"},\"potentialAction\":[{\"@type\":\"SearchAction\",\"target\":{\"@type\":\"EntryPoint\",\"urlTemplate\":\"https:\\\/\\\/refrigerant-wholesale.com\\\/fr\\\/?s={search_term_string}\"},\"query-input\":{\"@type\":\"PropertyValueSpecification\",\"valueRequired\":true,\"valueName\":\"search_term_string\"}}],\"inLanguage\":\"fr-FR\"},{\"@type\":\"Organization\",\"@id\":\"https:\\\/\\\/refrigerant-wholesale.com\\\/fr\\\/#organization\",\"name\":\"Refrigerant Gas Wholesale\",\"url\":\"https:\\\/\\\/refrigerant-wholesale.com\\\/fr\\\/\",\"logo\":{\"@type\":\"ImageObject\",\"inLanguage\":\"fr-FR\",\"@id\":\"https:\\\/\\\/refrigerant-wholesale.com\\\/fr\\\/#\\\/schema\\\/logo\\\/image\\\/\",\"url\":\"http:\\\/\\\/refrigerant-wholesale.com\\\/wp-content\\\/uploads\\\/2024\\\/04\\\/refrigerant-logo.png\",\"contentUrl\":\"http:\\\/\\\/refrigerant-wholesale.com\\\/wp-content\\\/uploads\\\/2024\\\/04\\\/refrigerant-logo.png\",\"width\":400,\"height\":84,\"caption\":\"Refrigerant Gas Wholesale\"},\"image\":{\"@id\":\"https:\\\/\\\/refrigerant-wholesale.com\\\/fr\\\/#\\\/schema\\\/logo\\\/image\\\/\"},\"sameAs\":[\"https:\\\/\\\/www.facebook.com\\\/refrigerantwholesale\"]}]}<\/script>\n<!-- \/ Yoast SEO Premium plugin. -->","yoast_head_json":{"title":"R407c Refrigerant Supplier Wholesale Price | WS Refrigerant","description":"R407c Refrigerant Supplier, 100% VIRGIN Factory Sealed GUARANTEED product quality with Shipping Worldwide. D'importantes remises s'appliquent.","robots":{"index":"index","follow":"follow","max-snippet":"max-snippet:-1","max-image-preview":"max-image-preview:large","max-video-preview":"max-video-preview:-1"},"canonical":"https:\/\/refrigerant-wholesale.com\/fr\/product\/demi-palette-r-407c-20-bouteilles\/","og_locale":"fr_FR","og_type":"article","og_title":"Demi-palette R-407C (20 bouteilles)","og_description":"R407c Refrigerant Supplier, 100% VIRGIN Factory Sealed GUARANTEED product quality with Shipping Worldwide. D'importantes remises s'appliquent.","og_url":"https:\/\/refrigerant-wholesale.com\/fr\/product\/demi-palette-r-407c-20-bouteilles\/","og_site_name":"Refrigerant Gas Wholesale","article_publisher":"https:\/\/www.facebook.com\/refrigerantwholesale","article_modified_time":"2025-03-01T20:36:16+00:00","og_image":[{"width":1000,"height":1000,"url":"http:\/\/refrigerant-wholesale.com\/wp-content\/uploads\/2024\/07\/407C-20.jpg","type":"image\/jpeg"}],"twitter_card":"summary_large_image","twitter_misc":{"Dur\u00e9e de lecture estim\u00e9e":"2 minutes"},"schema":{"@context":"https:\/\/schema.org","@graph":[{"@type":"WebPage","@id":"https:\/\/refrigerant-wholesale.com\/fr\/product\/demi-palette-r-407c-20-bouteilles\/","url":"https:\/\/refrigerant-wholesale.com\/fr\/product\/demi-palette-r-407c-20-bouteilles\/","name":"R407c Refrigerant Supplier Wholesale Price | WS Refrigerant","isPartOf":{"@id":"https:\/\/refrigerant-wholesale.com\/fr\/#website"},"primaryImageOfPage":{"@id":"https:\/\/refrigerant-wholesale.com\/fr\/product\/demi-palette-r-407c-20-bouteilles\/#primaryimage"},"image":{"@id":"https:\/\/refrigerant-wholesale.com\/fr\/product\/demi-palette-r-407c-20-bouteilles\/#primaryimage"},"thumbnailUrl":"https:\/\/refrigerant-wholesale.com\/wp-content\/uploads\/2024\/07\/407C-20.jpg","datePublished":"2024-07-13T23:55:53+00:00","dateModified":"2025-03-01T20:36:16+00:00","description":"R407c Refrigerant Supplier, 100% VIRGIN Factory Sealed GUARANTEED product quality with Shipping Worldwide. D'importantes remises s'appliquent.","breadcrumb":{"@id":"https:\/\/refrigerant-wholesale.com\/fr\/product\/demi-palette-r-407c-20-bouteilles\/#breadcrumb"},"inLanguage":"fr-FR","potentialAction":[{"@type":"ReadAction","target":["https:\/\/refrigerant-wholesale.com\/fr\/product\/demi-palette-r-407c-20-bouteilles\/"]}]},{"@type":"ImageObject","inLanguage":"fr-FR","@id":"https:\/\/refrigerant-wholesale.com\/fr\/product\/demi-palette-r-407c-20-bouteilles\/#primaryimage","url":"https:\/\/refrigerant-wholesale.com\/wp-content\/uploads\/2024\/07\/407C-20.jpg","contentUrl":"https:\/\/refrigerant-wholesale.com\/wp-content\/uploads\/2024\/07\/407C-20.jpg","width":1000,"height":1000,"caption":"R407c Refrigerant Supplier, R407c Refrigerant, R407c, Refrigerant R407c, R 407c freon"},{"@type":"BreadcrumbList","@id":"https:\/\/refrigerant-wholesale.com\/fr\/product\/demi-palette-r-407c-20-bouteilles\/#breadcrumb","itemListElement":[{"@type":"ListItem","position":1,"name":"Home","item":"https:\/\/refrigerant-wholesale.com\/fr\/"},{"@type":"ListItem","position":2,"name":"Boutique","item":"https:\/\/refrigerant-wholesale.com\/fr\/boutique\/"},{"@type":"ListItem","position":3,"name":"Demi-palette R-407C (20 bouteilles)"}]},{"@type":"WebSite","@id":"https:\/\/refrigerant-wholesale.com\/fr\/#website","url":"https:\/\/refrigerant-wholesale.com\/fr\/","name":"Refrigerant Gas Wholesale","description":"AC Gas supplier","publisher":{"@id":"https:\/\/refrigerant-wholesale.com\/fr\/#organization"},"potentialAction":[{"@type":"SearchAction","target":{"@type":"EntryPoint","urlTemplate":"https:\/\/refrigerant-wholesale.com\/fr\/?s={search_term_string}"},"query-input":{"@type":"PropertyValueSpecification","valueRequired":true,"valueName":"search_term_string"}}],"inLanguage":"fr-FR"},{"@type":"Organization","@id":"https:\/\/refrigerant-wholesale.com\/fr\/#organization","name":"Refrigerant Gas Wholesale","url":"https:\/\/refrigerant-wholesale.com\/fr\/","logo":{"@type":"ImageObject","inLanguage":"fr-FR","@id":"https:\/\/refrigerant-wholesale.com\/fr\/#\/schema\/logo\/image\/","url":"http:\/\/refrigerant-wholesale.com\/wp-content\/uploads\/2024\/04\/refrigerant-logo.png","contentUrl":"http:\/\/refrigerant-wholesale.com\/wp-content\/uploads\/2024\/04\/refrigerant-logo.png","width":400,"height":84,"caption":"Refrigerant Gas Wholesale"},"image":{"@id":"https:\/\/refrigerant-wholesale.com\/fr\/#\/schema\/logo\/image\/"},"sameAs":["https:\/\/www.facebook.com\/refrigerantwholesale"]}]}},"_links":{"self":[{"href":"https:\/\/refrigerant-wholesale.com\/fr\/wp-json\/wp\/v2\/product\/2110","targetHints":{"allow":["GET"]}}],"collection":[{"href":"https:\/\/refrigerant-wholesale.com\/fr\/wp-json\/wp\/v2\/product"}],"about":[{"href":"https:\/\/refrigerant-wholesale.com\/fr\/wp-json\/wp\/v2\/types\/product"}],"replies":[{"embeddable":true,"href":"https:\/\/refrigerant-wholesale.com\/fr\/wp-json\/wp\/v2\/comments?post=2110"}],"wp:featuredmedia":[{"embeddable":true,"href":"https:\/\/refrigerant-wholesale.com\/fr\/wp-json\/wp\/v2\/media\/1569"}],"wp:attachment":[{"href":"https:\/\/refrigerant-wholesale.com\/fr\/wp-json\/wp\/v2\/media?parent=2110"}],"wp:term":[{"taxonomy":"product_brand","embeddable":true,"href":"https:\/\/refrigerant-wholesale.com\/fr\/wp-json\/wp\/v2\/product_brand?post=2110"},{"taxonomy":"product_cat","embeddable":true,"href":"https:\/\/refrigerant-wholesale.com\/fr\/wp-json\/wp\/v2\/product_cat?post=2110"},{"taxonomy":"product_tag","embeddable":true,"href":"https:\/\/refrigerant-wholesale.com\/fr\/wp-json\/wp\/v2\/product_tag?post=2110"}],"curies":[{"name":"wp","href":"https:\/\/api.w.org\/{rel}","templated":true}]}}