{"id":2098,"date":"2024-07-14T00:14:30","date_gmt":"2024-07-14T00:14:30","guid":{"rendered":"https:\/\/refrigerant-wholesale.com\/product\/refrigerant-r-407c-25-lb\/"},"modified":"2025-03-01T20:35:15","modified_gmt":"2025-03-01T20:35:15","slug":"refrigerant-r-407c-25-lb","status":"publish","type":"product","link":"https:\/\/refrigerant-wholesale.com\/fr\/product\/refrigerant-r-407c-25-lb\/","title":{"rendered":"R\u00e9frig\u00e9rant R-407C 25 LB"},"content":{"rendered":"<h4>R-407C 25 lb 35 lb avec bouteille et emballage  <\/h4>\n<p><strong>EXP\u00c9DITION DANS LE MONDE ENTIER<br \/>\n100% VIERGE SCELL\u00c9 EN USINE<br \/>\nQUALIT\u00c9 DU PRODUIT GARANTIE<\/strong><\/p>\n<p>Ability Refrigerant dispose d&rsquo;un stock important de R22, R410A, MO99, 407C, 404A et R134A.<\/p>\n","protected":false},"excerpt":{"rendered":"<p><img loading=\"lazy\" decoding=\"async\" class=\"alignnone wp-image-437 aligncenter\" src=\"http:\/\/refrigerant-wholesale.com\/wp-content\/uploads\/2024\/03\/Screenshot-69.png\" alt=\"\" width=\"207\" height=\"50\"><\/p>\n<h4 style=\"text-align: center;\"><img loading=\"lazy\" decoding=\"async\" class=\"alignnone wp-image-743\" src=\"http:\/\/refrigerant-wholesale.com\/wp-content\/uploads\/2024\/07\/H7e9276065b604e0e98c23e96b53b8847x.jpg_720x720q50-400x400.png\" alt=\"\" width=\"26\" height=\"26\">ASSURANCE COMMERCIALE<\/h4>\n<div class=\"gmail-textwidget gmail-custom-html-widget\">\n<h6 style=\"text-align: center;\">Exp\u00e9dition : Livraison dans le monde entier<\/h6>\n<h6 style=\"text-align: center;\">(Demande personnalis\u00e9e acceptable)<\/h6>\n<p style=\"text-align: center;\">100% VIRGIN Scell\u00e9 en usine GARANTIE<\/p>\n<p style=\"text-align: center;\"><a href=\"http:\/\/refrigerant-wholesale.com\/wp-content\/uploads\/2024\/07\/SDS-R134a.pdf\" target=\"_self\" class=\"button primary is-green is-small\"  >\n    <span>T\u00e9l\u00e9chargez la fiche technique sur la s\u00e9curit\u00e9<\/span>\n  <\/a>\n\n<\/div>\n","protected":false},"featured_media":1575,"comment_status":"open","ping_status":"closed","template":"","meta":[],"product_brand":[],"product_cat":[269,328],"product_tag":[330,329,331],"class_list":{"0":"post-2098","1":"product","2":"type-product","3":"status-publish","4":"has-post-thumbnail","6":"product_cat-non-categorise","7":"product_cat-r407c","8":"product_tag-fournisseurs-de-refrigerant-r407c","9":"product_tag-refrigerant-r407c","10":"product_tag-refrigerant-r407c-vente-en-gros","12":"first","13":"instock","14":"shipping-taxable","15":"product-type-simple"},"yoast_head":"<!-- This site is optimized with the Yoast SEO Premium plugin v27.0 (Yoast SEO v27.3) - https:\/\/yoast.com\/product\/yoast-seo-premium-wordpress\/ -->\n<title>R\u00e9frig\u00e9rant R-407C 25 LB - Refrigerant Gas Wholesale<\/title>\n<meta name=\"robots\" content=\"index, follow, max-snippet:-1, max-image-preview:large, max-video-preview:-1\" \/>\n<link rel=\"canonical\" href=\"https:\/\/refrigerant-wholesale.com\/fr\/product\/refrigerant-r-407c-25-lb\/\" \/>\n<meta property=\"og:locale\" content=\"fr_FR\" \/>\n<meta property=\"og:type\" content=\"article\" \/>\n<meta property=\"og:title\" content=\"R\u00e9frig\u00e9rant R-407C 25 LB\" \/>\n<meta property=\"og:description\" content=\"ASSURANCE COMMERCIALE Exp\u00e9dition : Livraison dans le monde entier (Demande personnalis\u00e9e acceptable) 100% VIRGIN Scell\u00e9 en usine GARANTIE\" \/>\n<meta property=\"og:url\" content=\"https:\/\/refrigerant-wholesale.com\/fr\/product\/refrigerant-r-407c-25-lb\/\" \/>\n<meta property=\"og:site_name\" content=\"Refrigerant Gas Wholesale\" \/>\n<meta property=\"article:publisher\" content=\"https:\/\/www.facebook.com\/refrigerantwholesale\" \/>\n<meta property=\"article:modified_time\" content=\"2025-03-01T20:35:15+00:00\" \/>\n<meta property=\"og:image\" content=\"http:\/\/refrigerant-wholesale.com\/wp-content\/uploads\/2024\/07\/407Cw2.jpg\" \/>\n\t<meta property=\"og:image:width\" content=\"1920\" \/>\n\t<meta property=\"og:image:height\" content=\"1536\" \/>\n\t<meta property=\"og:image:type\" content=\"image\/jpeg\" \/>\n<meta name=\"twitter:card\" content=\"summary_large_image\" \/>\n<script type=\"application\/ld+json\" class=\"yoast-schema-graph\">{\"@context\":\"https:\\\/\\\/schema.org\",\"@graph\":[{\"@type\":\"WebPage\",\"@id\":\"https:\\\/\\\/refrigerant-wholesale.com\\\/fr\\\/product\\\/refrigerant-r-407c-25-lb\\\/\",\"url\":\"https:\\\/\\\/refrigerant-wholesale.com\\\/fr\\\/product\\\/refrigerant-r-407c-25-lb\\\/\",\"name\":\"R\u00e9frig\u00e9rant R-407C 25 LB - Refrigerant Gas Wholesale\",\"isPartOf\":{\"@id\":\"https:\\\/\\\/refrigerant-wholesale.com\\\/fr\\\/#website\"},\"primaryImageOfPage\":{\"@id\":\"https:\\\/\\\/refrigerant-wholesale.com\\\/fr\\\/product\\\/refrigerant-r-407c-25-lb\\\/#primaryimage\"},\"image\":{\"@id\":\"https:\\\/\\\/refrigerant-wholesale.com\\\/fr\\\/product\\\/refrigerant-r-407c-25-lb\\\/#primaryimage\"},\"thumbnailUrl\":\"https:\\\/\\\/refrigerant-wholesale.com\\\/wp-content\\\/uploads\\\/2024\\\/07\\\/407Cw2.jpg\",\"datePublished\":\"2024-07-14T00:14:30+00:00\",\"dateModified\":\"2025-03-01T20:35:15+00:00\",\"breadcrumb\":{\"@id\":\"https:\\\/\\\/refrigerant-wholesale.com\\\/fr\\\/product\\\/refrigerant-r-407c-25-lb\\\/#breadcrumb\"},\"inLanguage\":\"fr-FR\",\"potentialAction\":[{\"@type\":\"ReadAction\",\"target\":[\"https:\\\/\\\/refrigerant-wholesale.com\\\/fr\\\/product\\\/refrigerant-r-407c-25-lb\\\/\"]}]},{\"@type\":\"ImageObject\",\"inLanguage\":\"fr-FR\",\"@id\":\"https:\\\/\\\/refrigerant-wholesale.com\\\/fr\\\/product\\\/refrigerant-r-407c-25-lb\\\/#primaryimage\",\"url\":\"https:\\\/\\\/refrigerant-wholesale.com\\\/wp-content\\\/uploads\\\/2024\\\/07\\\/407Cw2.jpg\",\"contentUrl\":\"https:\\\/\\\/refrigerant-wholesale.com\\\/wp-content\\\/uploads\\\/2024\\\/07\\\/407Cw2.jpg\",\"width\":1920,\"height\":1536,\"caption\":\"R407c Refrigerant Supplier, R407c Refrigerant, R407c Refrigerant R407c, R 407c freon, Buy R407crefrigerant, R407c refrigerant for sale\"},{\"@type\":\"BreadcrumbList\",\"@id\":\"https:\\\/\\\/refrigerant-wholesale.com\\\/fr\\\/product\\\/refrigerant-r-407c-25-lb\\\/#breadcrumb\",\"itemListElement\":[{\"@type\":\"ListItem\",\"position\":1,\"name\":\"Home\",\"item\":\"https:\\\/\\\/refrigerant-wholesale.com\\\/fr\\\/\"},{\"@type\":\"ListItem\",\"position\":2,\"name\":\"Boutique\",\"item\":\"https:\\\/\\\/refrigerant-wholesale.com\\\/fr\\\/boutique\\\/\"},{\"@type\":\"ListItem\",\"position\":3,\"name\":\"R\u00e9frig\u00e9rant R-407C 25 LB\"}]},{\"@type\":\"WebSite\",\"@id\":\"https:\\\/\\\/refrigerant-wholesale.com\\\/fr\\\/#website\",\"url\":\"https:\\\/\\\/refrigerant-wholesale.com\\\/fr\\\/\",\"name\":\"Refrigerant Gas Wholesale\",\"description\":\"AC Gas supplier\",\"publisher\":{\"@id\":\"https:\\\/\\\/refrigerant-wholesale.com\\\/fr\\\/#organization\"},\"potentialAction\":[{\"@type\":\"SearchAction\",\"target\":{\"@type\":\"EntryPoint\",\"urlTemplate\":\"https:\\\/\\\/refrigerant-wholesale.com\\\/fr\\\/?s={search_term_string}\"},\"query-input\":{\"@type\":\"PropertyValueSpecification\",\"valueRequired\":true,\"valueName\":\"search_term_string\"}}],\"inLanguage\":\"fr-FR\"},{\"@type\":\"Organization\",\"@id\":\"https:\\\/\\\/refrigerant-wholesale.com\\\/fr\\\/#organization\",\"name\":\"Refrigerant Gas Wholesale\",\"url\":\"https:\\\/\\\/refrigerant-wholesale.com\\\/fr\\\/\",\"logo\":{\"@type\":\"ImageObject\",\"inLanguage\":\"fr-FR\",\"@id\":\"https:\\\/\\\/refrigerant-wholesale.com\\\/fr\\\/#\\\/schema\\\/logo\\\/image\\\/\",\"url\":\"http:\\\/\\\/refrigerant-wholesale.com\\\/wp-content\\\/uploads\\\/2024\\\/04\\\/refrigerant-logo.png\",\"contentUrl\":\"http:\\\/\\\/refrigerant-wholesale.com\\\/wp-content\\\/uploads\\\/2024\\\/04\\\/refrigerant-logo.png\",\"width\":400,\"height\":84,\"caption\":\"Refrigerant Gas Wholesale\"},\"image\":{\"@id\":\"https:\\\/\\\/refrigerant-wholesale.com\\\/fr\\\/#\\\/schema\\\/logo\\\/image\\\/\"},\"sameAs\":[\"https:\\\/\\\/www.facebook.com\\\/refrigerantwholesale\"]}]}<\/script>\n<!-- \/ Yoast SEO Premium plugin. -->","yoast_head_json":{"title":"R\u00e9frig\u00e9rant R-407C 25 LB - Refrigerant Gas Wholesale","robots":{"index":"index","follow":"follow","max-snippet":"max-snippet:-1","max-image-preview":"max-image-preview:large","max-video-preview":"max-video-preview:-1"},"canonical":"https:\/\/refrigerant-wholesale.com\/fr\/product\/refrigerant-r-407c-25-lb\/","og_locale":"fr_FR","og_type":"article","og_title":"R\u00e9frig\u00e9rant R-407C 25 LB","og_description":"ASSURANCE COMMERCIALE Exp\u00e9dition : Livraison dans le monde entier (Demande personnalis\u00e9e acceptable) 100% VIRGIN Scell\u00e9 en usine GARANTIE","og_url":"https:\/\/refrigerant-wholesale.com\/fr\/product\/refrigerant-r-407c-25-lb\/","og_site_name":"Refrigerant Gas Wholesale","article_publisher":"https:\/\/www.facebook.com\/refrigerantwholesale","article_modified_time":"2025-03-01T20:35:15+00:00","og_image":[{"width":1920,"height":1536,"url":"http:\/\/refrigerant-wholesale.com\/wp-content\/uploads\/2024\/07\/407Cw2.jpg","type":"image\/jpeg"}],"twitter_card":"summary_large_image","schema":{"@context":"https:\/\/schema.org","@graph":[{"@type":"WebPage","@id":"https:\/\/refrigerant-wholesale.com\/fr\/product\/refrigerant-r-407c-25-lb\/","url":"https:\/\/refrigerant-wholesale.com\/fr\/product\/refrigerant-r-407c-25-lb\/","name":"R\u00e9frig\u00e9rant R-407C 25 LB - Refrigerant Gas Wholesale","isPartOf":{"@id":"https:\/\/refrigerant-wholesale.com\/fr\/#website"},"primaryImageOfPage":{"@id":"https:\/\/refrigerant-wholesale.com\/fr\/product\/refrigerant-r-407c-25-lb\/#primaryimage"},"image":{"@id":"https:\/\/refrigerant-wholesale.com\/fr\/product\/refrigerant-r-407c-25-lb\/#primaryimage"},"thumbnailUrl":"https:\/\/refrigerant-wholesale.com\/wp-content\/uploads\/2024\/07\/407Cw2.jpg","datePublished":"2024-07-14T00:14:30+00:00","dateModified":"2025-03-01T20:35:15+00:00","breadcrumb":{"@id":"https:\/\/refrigerant-wholesale.com\/fr\/product\/refrigerant-r-407c-25-lb\/#breadcrumb"},"inLanguage":"fr-FR","potentialAction":[{"@type":"ReadAction","target":["https:\/\/refrigerant-wholesale.com\/fr\/product\/refrigerant-r-407c-25-lb\/"]}]},{"@type":"ImageObject","inLanguage":"fr-FR","@id":"https:\/\/refrigerant-wholesale.com\/fr\/product\/refrigerant-r-407c-25-lb\/#primaryimage","url":"https:\/\/refrigerant-wholesale.com\/wp-content\/uploads\/2024\/07\/407Cw2.jpg","contentUrl":"https:\/\/refrigerant-wholesale.com\/wp-content\/uploads\/2024\/07\/407Cw2.jpg","width":1920,"height":1536,"caption":"R407c Refrigerant Supplier, R407c Refrigerant, R407c Refrigerant R407c, R 407c freon, Buy R407crefrigerant, R407c refrigerant for sale"},{"@type":"BreadcrumbList","@id":"https:\/\/refrigerant-wholesale.com\/fr\/product\/refrigerant-r-407c-25-lb\/#breadcrumb","itemListElement":[{"@type":"ListItem","position":1,"name":"Home","item":"https:\/\/refrigerant-wholesale.com\/fr\/"},{"@type":"ListItem","position":2,"name":"Boutique","item":"https:\/\/refrigerant-wholesale.com\/fr\/boutique\/"},{"@type":"ListItem","position":3,"name":"R\u00e9frig\u00e9rant R-407C 25 LB"}]},{"@type":"WebSite","@id":"https:\/\/refrigerant-wholesale.com\/fr\/#website","url":"https:\/\/refrigerant-wholesale.com\/fr\/","name":"Refrigerant Gas Wholesale","description":"AC Gas supplier","publisher":{"@id":"https:\/\/refrigerant-wholesale.com\/fr\/#organization"},"potentialAction":[{"@type":"SearchAction","target":{"@type":"EntryPoint","urlTemplate":"https:\/\/refrigerant-wholesale.com\/fr\/?s={search_term_string}"},"query-input":{"@type":"PropertyValueSpecification","valueRequired":true,"valueName":"search_term_string"}}],"inLanguage":"fr-FR"},{"@type":"Organization","@id":"https:\/\/refrigerant-wholesale.com\/fr\/#organization","name":"Refrigerant Gas Wholesale","url":"https:\/\/refrigerant-wholesale.com\/fr\/","logo":{"@type":"ImageObject","inLanguage":"fr-FR","@id":"https:\/\/refrigerant-wholesale.com\/fr\/#\/schema\/logo\/image\/","url":"http:\/\/refrigerant-wholesale.com\/wp-content\/uploads\/2024\/04\/refrigerant-logo.png","contentUrl":"http:\/\/refrigerant-wholesale.com\/wp-content\/uploads\/2024\/04\/refrigerant-logo.png","width":400,"height":84,"caption":"Refrigerant Gas Wholesale"},"image":{"@id":"https:\/\/refrigerant-wholesale.com\/fr\/#\/schema\/logo\/image\/"},"sameAs":["https:\/\/www.facebook.com\/refrigerantwholesale"]}]}},"_links":{"self":[{"href":"https:\/\/refrigerant-wholesale.com\/fr\/wp-json\/wp\/v2\/product\/2098","targetHints":{"allow":["GET"]}}],"collection":[{"href":"https:\/\/refrigerant-wholesale.com\/fr\/wp-json\/wp\/v2\/product"}],"about":[{"href":"https:\/\/refrigerant-wholesale.com\/fr\/wp-json\/wp\/v2\/types\/product"}],"replies":[{"embeddable":true,"href":"https:\/\/refrigerant-wholesale.com\/fr\/wp-json\/wp\/v2\/comments?post=2098"}],"wp:featuredmedia":[{"embeddable":true,"href":"https:\/\/refrigerant-wholesale.com\/fr\/wp-json\/wp\/v2\/media\/1575"}],"wp:attachment":[{"href":"https:\/\/refrigerant-wholesale.com\/fr\/wp-json\/wp\/v2\/media?parent=2098"}],"wp:term":[{"taxonomy":"product_brand","embeddable":true,"href":"https:\/\/refrigerant-wholesale.com\/fr\/wp-json\/wp\/v2\/product_brand?post=2098"},{"taxonomy":"product_cat","embeddable":true,"href":"https:\/\/refrigerant-wholesale.com\/fr\/wp-json\/wp\/v2\/product_cat?post=2098"},{"taxonomy":"product_tag","embeddable":true,"href":"https:\/\/refrigerant-wholesale.com\/fr\/wp-json\/wp\/v2\/product_tag?post=2098"}],"curies":[{"name":"wp","href":"https:\/\/api.w.org\/{rel}","templated":true}]}}