{"id":2094,"date":"2024-09-26T10:03:22","date_gmt":"2024-09-26T10:03:22","guid":{"rendered":"https:\/\/refrigerant-wholesale.com\/product\/r401a-refrigerant\/"},"modified":"2025-03-01T20:35:12","modified_gmt":"2025-03-01T20:35:12","slug":"r401a-refrigerant","status":"publish","type":"product","link":"https:\/\/refrigerant-wholesale.com\/fr\/product\/r401a-refrigerant\/","title":{"rendered":"R401A R\u00e9frig\u00e9rant"},"content":{"rendered":"<h2><strong>Fourniture en gros de r\u00e9frig\u00e9rant R401A &#8211; Distribution mondiale<\/strong><\/h2>\n<p>Vous avez besoin de <strong>r\u00e9frig\u00e9rant R401A<\/strong> pour vos syst\u00e8mes <a href=\"https:\/\/refrigerant-wholesale.com\/fr\/\">CVC<\/a>? Nous sommes un fournisseur de premier plan et de confiance de <strong>r\u00e9frig\u00e9rant R401A<\/strong> de haute qualit\u00e9, offrant des services de vente en gros \u00e0 des clients du monde entier. En tant que fournisseur de r\u00e9frig\u00e9rant de premier plan, nous fournissons des quantit\u00e9s de R401A en vrac, ce qui vous garantit un approvisionnement fiable et r\u00e9gulier pour tous vos besoins de refroidissement.  <\/p>\n<h3>Pourquoi choisir notre r\u00e9frig\u00e9rant R-401A ?<\/h3>\n<p>Le R401A est un <strong>r\u00e9frig\u00e9rant \u00e0 base de HCFC<\/strong> largement utilis\u00e9 dans les syst\u00e8mes <a href=\"https:\/\/refrigerant-wholesale.com\/product\/r22-refrigerant-cheap-price\/\">R-12<\/a> modernis\u00e9s pour les applications de climatisation et de r\u00e9frig\u00e9ration. Il offre une performance de refroidissement efficace avec une efficacit\u00e9 am\u00e9lior\u00e9e, ce qui en fait une excellente option pour les anciens syst\u00e8mes n\u00e9cessitant une conversion de r\u00e9frig\u00e9rant. Notre <strong>r\u00e9frig\u00e9rant R-401A<\/strong> est fabriqu\u00e9 selon les normes industrielles les plus strictes, ce qui garantit des performances optimales et une fiabilit\u00e9 \u00e0 long terme.  <\/p>\n<p>Les principaux avantages sont les suivants :<\/p>\n<ul>\n<li><strong>Haute performance<\/strong>: Refroidissement efficace et fiable pour les syst\u00e8mes CVC commerciaux, industriels et r\u00e9sidentiels.<\/li>\n<li><strong>Plus s\u00fbr pour l&rsquo;environnement<\/strong>: Le R401A a un potentiel d&rsquo;appauvrissement de la couche d&rsquo;ozone (ODP) inf\u00e9rieur \u00e0 celui des r\u00e9frig\u00e9rants traditionnels comme le R12.<\/li>\n<li><strong>Rentable<\/strong>: Le passage des anciens syst\u00e8mes au <a href=\"https:\/\/www.alibaba.com\/trade\/search?spm=a2700.galleryofferlist.the-new-header_fy23_pc_search_bar.searchButton&amp;tab=all&amp;SearchText=refrigerants+401a\">R401A<\/a> peut r\u00e9duire les co\u00fbts op\u00e9rationnels globaux.<\/li>\n<li><strong>Disponibilit\u00e9 en gros<\/strong>: Nous proposons des livraisons en gros pour les entrepreneurs, les fournisseurs et les entreprises qui ont besoin de livraisons r\u00e9guli\u00e8res de r\u00e9frig\u00e9rants en grande quantit\u00e9.<\/li>\n<\/ul>\n<h3>Approvisionnement global du commerce de gros<\/h3>\n<p>Nous nous adressons aux professionnels du CVC, aux entreprises et aux distributeurs du monde entier, en leur fournissant du <strong>r\u00e9frig\u00e9rant R401A<\/strong> en vrac \u00e0 des prix comp\u00e9titifs. Quel que soit l&rsquo;endroit o\u00f9 se trouve votre entreprise, nous assurons une livraison rapide et s\u00fbre gr\u00e2ce \u00e0 des options d&rsquo;exp\u00e9dition internationales. Que vous ayez un seul ou plusieurs sites, nous avons la capacit\u00e9 de r\u00e9pondre \u00e0 vos besoins.  <\/p>\n<h3>Pourquoi devenir notre partenaire ?<\/h3>\n<ul>\n<li><strong>Exp\u00e9dition dans le monde entier<\/strong>: Livraison rapide et fiable dans le monde entier pour garantir que votre cha\u00eene d&rsquo;approvisionnement reste ininterrompue.<\/li>\n<li><strong>Prix comp\u00e9titifs<\/strong>: Prix de gros pour les commandes importantes.<\/li>\n<li><strong>Qualit\u00e9 certifi\u00e9e<\/strong>: Nous ne fournissons que des fluides frigorig\u00e8nes qui respectent ou d\u00e9passent les normes industrielles en mati\u00e8re de s\u00e9curit\u00e9 et de performance.<\/li>\n<\/ul>\n<p>Pour plus d&rsquo;informations sur la fa\u00e7on dont vous pouvez assurer un approvisionnement r\u00e9gulier en <strong>r\u00e9frig\u00e9rant R-401A<\/strong> pour votre entreprise, contactez-nous d\u00e8s aujourd&rsquo;hui. D\u00e9veloppez votre activit\u00e9 HVAC avec un partenaire frigorifique fiable qui s&rsquo;engage \u00e0 fournir un service exceptionnel dans le monde entier. <\/p>\n<p><strong>Contactez-nous d\u00e8s maintenant<\/strong> pour des commandes de <strong>r\u00e9frig\u00e9rant R401A<\/strong> en vrac !<\/p>\n","protected":false},"excerpt":{"rendered":"<p><img loading=\"lazy\" decoding=\"async\" class=\"aligncenter wp-image-437\" src=\"http:\/\/refrigerant-wholesale.com\/wp-content\/uploads\/2024\/03\/Screenshot-69.png\" alt=\"R\u00e9frig\u00e9rant WS\" width=\"207\" height=\"50\"><\/p>\n<h4 style=\"text-align: center;\"><img loading=\"lazy\" decoding=\"async\" class=\"alignnone wp-image-744\" src=\"http:\/\/refrigerant-wholesale.com\/wp-content\/uploads\/2024\/07\/removal.ai_8ca2a79e-d09f-4bd1-a4fe-c4c69f1a4386_Trade-Assurance-381x400.png\" alt=\"R\u00e9frig\u00e9rants WS\" width=\"24\" height=\"25\" srcset=\"https:\/\/refrigerant-wholesale.com\/wp-content\/uploads\/2024\/07\/removal.ai_8ca2a79e-d09f-4bd1-a4fe-c4c69f1a4386_Trade-Assurance-381x400.png 381w, https:\/\/refrigerant-wholesale.com\/wp-content\/uploads\/2024\/07\/removal.ai_8ca2a79e-d09f-4bd1-a4fe-c4c69f1a4386_Trade-Assurance-100x100.png 100w, https:\/\/refrigerant-wholesale.com\/wp-content\/uploads\/2024\/07\/removal.ai_8ca2a79e-d09f-4bd1-a4fe-c4c69f1a4386_Trade-Assurance-280x280.png 280w, https:\/\/refrigerant-wholesale.com\/wp-content\/uploads\/2024\/07\/removal.ai_8ca2a79e-d09f-4bd1-a4fe-c4c69f1a4386_Trade-Assurance.png 388w\" sizes=\"auto, (max-width: 24px) 100vw, 24px\" \/>ASSURANCE COMMERCIALE<\/h4>\n<div class=\"gmail-textwidget gmail-custom-html-widget\">\n<h6 style=\"text-align: center;\">Exp\u00e9dition : Livraison dans le monde entier<\/h6>\n<h6 style=\"text-align: center;\">(Demande personnalis\u00e9e acceptable)<\/h6>\n<p style=\"text-align: center;\">100% VIRGIN Scell\u00e9 en usine GARANTIE<\/p>\n<p style=\"text-align: center;\"><a class=\"button primary is-green is-small\"  >\n    <span>T\u00e9l\u00e9chargez la fiche technique sur la s\u00e9curit\u00e9<\/span>\n  <\/a>\n\n<\/div>\n","protected":false},"featured_media":1605,"comment_status":"open","ping_status":"closed","template":"","meta":[],"product_brand":[],"product_cat":[269],"product_tag":[],"class_list":{"0":"post-2094","1":"product","2":"type-product","3":"status-publish","4":"has-post-thumbnail","6":"product_cat-non-categorise","8":"first","9":"instock","10":"shipping-taxable","11":"product-type-simple"},"yoast_head":"<!-- This site is optimized with the Yoast SEO Premium plugin v27.0 (Yoast SEO v27.3) - https:\/\/yoast.com\/product\/yoast-seo-premium-wordpress\/ -->\n<title>Fourniture en gros de r\u00e9frig\u00e9rant R401A - Distribution mondiale<\/title>\n<meta name=\"description\" content=\"Acheter R401A Refrigerant \u00e0 un prix de gros avec une remise sur les commandes en vrac de 100% PREMIUM Refrigerant Supplier R401A Refrigerant. Exp\u00e9dition dans le monde entier. Service client\u00e8le 24 heures sur 24\" \/>\n<meta name=\"robots\" content=\"index, follow, max-snippet:-1, max-image-preview:large, max-video-preview:-1\" \/>\n<link rel=\"canonical\" href=\"https:\/\/refrigerant-wholesale.com\/fr\/product\/r401a-refrigerant\/\" \/>\n<meta property=\"og:locale\" content=\"fr_FR\" \/>\n<meta property=\"og:type\" content=\"article\" \/>\n<meta property=\"og:title\" content=\"R401A R\u00e9frig\u00e9rant\" \/>\n<meta property=\"og:description\" content=\"Acheter R401A Refrigerant \u00e0 un prix de gros avec une remise sur les commandes en vrac de 100% PREMIUM Refrigerant Supplier R401A Refrigerant. Exp\u00e9dition dans le monde entier. Service client\u00e8le 24 heures sur 24\" \/>\n<meta property=\"og:url\" content=\"https:\/\/refrigerant-wholesale.com\/fr\/product\/r401a-refrigerant\/\" \/>\n<meta property=\"og:site_name\" content=\"Refrigerant Gas Wholesale\" \/>\n<meta property=\"article:publisher\" content=\"https:\/\/www.facebook.com\/refrigerantwholesale\" \/>\n<meta property=\"article:modified_time\" content=\"2025-03-01T20:35:12+00:00\" \/>\n<meta property=\"og:image\" content=\"http:\/\/refrigerant-wholesale.com\/wp-content\/uploads\/2024\/09\/R-401A-Refrigerant.jpg\" \/>\n\t<meta property=\"og:image:width\" content=\"879\" \/>\n\t<meta property=\"og:image:height\" content=\"659\" \/>\n\t<meta property=\"og:image:type\" content=\"image\/jpeg\" \/>\n<meta name=\"twitter:card\" content=\"summary_large_image\" \/>\n<meta name=\"twitter:label1\" content=\"Dur\u00e9e de lecture estim\u00e9e\" \/>\n\t<meta name=\"twitter:data1\" content=\"2 minutes\" \/>\n<script type=\"application\/ld+json\" class=\"yoast-schema-graph\">{\"@context\":\"https:\\\/\\\/schema.org\",\"@graph\":[{\"@type\":\"WebPage\",\"@id\":\"https:\\\/\\\/refrigerant-wholesale.com\\\/fr\\\/product\\\/r401a-refrigerant\\\/\",\"url\":\"https:\\\/\\\/refrigerant-wholesale.com\\\/fr\\\/product\\\/r401a-refrigerant\\\/\",\"name\":\"Fourniture en gros de r\u00e9frig\u00e9rant R401A - Distribution mondiale\",\"isPartOf\":{\"@id\":\"https:\\\/\\\/refrigerant-wholesale.com\\\/fr\\\/#website\"},\"primaryImageOfPage\":{\"@id\":\"https:\\\/\\\/refrigerant-wholesale.com\\\/fr\\\/product\\\/r401a-refrigerant\\\/#primaryimage\"},\"image\":{\"@id\":\"https:\\\/\\\/refrigerant-wholesale.com\\\/fr\\\/product\\\/r401a-refrigerant\\\/#primaryimage\"},\"thumbnailUrl\":\"https:\\\/\\\/refrigerant-wholesale.com\\\/wp-content\\\/uploads\\\/2024\\\/09\\\/R-401A-Refrigerant.jpg\",\"datePublished\":\"2024-09-26T10:03:22+00:00\",\"dateModified\":\"2025-03-01T20:35:12+00:00\",\"description\":\"Acheter R401A Refrigerant \u00e0 un prix de gros avec une remise sur les commandes en vrac de 100% PREMIUM Refrigerant Supplier R401A Refrigerant. Exp\u00e9dition dans le monde entier. Service client\u00e8le 24 heures sur 24\",\"breadcrumb\":{\"@id\":\"https:\\\/\\\/refrigerant-wholesale.com\\\/fr\\\/product\\\/r401a-refrigerant\\\/#breadcrumb\"},\"inLanguage\":\"fr-FR\",\"potentialAction\":[{\"@type\":\"ReadAction\",\"target\":[\"https:\\\/\\\/refrigerant-wholesale.com\\\/fr\\\/product\\\/r401a-refrigerant\\\/\"]}]},{\"@type\":\"ImageObject\",\"inLanguage\":\"fr-FR\",\"@id\":\"https:\\\/\\\/refrigerant-wholesale.com\\\/fr\\\/product\\\/r401a-refrigerant\\\/#primaryimage\",\"url\":\"https:\\\/\\\/refrigerant-wholesale.com\\\/wp-content\\\/uploads\\\/2024\\\/09\\\/R-401A-Refrigerant.jpg\",\"contentUrl\":\"https:\\\/\\\/refrigerant-wholesale.com\\\/wp-content\\\/uploads\\\/2024\\\/09\\\/R-401A-Refrigerant.jpg\",\"width\":879,\"height\":659,\"caption\":\"R\u00e9frig\u00e9rant 401a, R401A R\u00e9frig\u00e9rant en gros\"},{\"@type\":\"BreadcrumbList\",\"@id\":\"https:\\\/\\\/refrigerant-wholesale.com\\\/fr\\\/product\\\/r401a-refrigerant\\\/#breadcrumb\",\"itemListElement\":[{\"@type\":\"ListItem\",\"position\":1,\"name\":\"Home\",\"item\":\"https:\\\/\\\/refrigerant-wholesale.com\\\/fr\\\/\"},{\"@type\":\"ListItem\",\"position\":2,\"name\":\"Boutique\",\"item\":\"https:\\\/\\\/refrigerant-wholesale.com\\\/fr\\\/boutique\\\/\"},{\"@type\":\"ListItem\",\"position\":3,\"name\":\"R401A R\u00e9frig\u00e9rant\"}]},{\"@type\":\"WebSite\",\"@id\":\"https:\\\/\\\/refrigerant-wholesale.com\\\/fr\\\/#website\",\"url\":\"https:\\\/\\\/refrigerant-wholesale.com\\\/fr\\\/\",\"name\":\"Refrigerant Gas Wholesale\",\"description\":\"AC Gas supplier\",\"publisher\":{\"@id\":\"https:\\\/\\\/refrigerant-wholesale.com\\\/fr\\\/#organization\"},\"potentialAction\":[{\"@type\":\"SearchAction\",\"target\":{\"@type\":\"EntryPoint\",\"urlTemplate\":\"https:\\\/\\\/refrigerant-wholesale.com\\\/fr\\\/?s={search_term_string}\"},\"query-input\":{\"@type\":\"PropertyValueSpecification\",\"valueRequired\":true,\"valueName\":\"search_term_string\"}}],\"inLanguage\":\"fr-FR\"},{\"@type\":\"Organization\",\"@id\":\"https:\\\/\\\/refrigerant-wholesale.com\\\/fr\\\/#organization\",\"name\":\"Refrigerant Gas Wholesale\",\"url\":\"https:\\\/\\\/refrigerant-wholesale.com\\\/fr\\\/\",\"logo\":{\"@type\":\"ImageObject\",\"inLanguage\":\"fr-FR\",\"@id\":\"https:\\\/\\\/refrigerant-wholesale.com\\\/fr\\\/#\\\/schema\\\/logo\\\/image\\\/\",\"url\":\"http:\\\/\\\/refrigerant-wholesale.com\\\/wp-content\\\/uploads\\\/2024\\\/04\\\/refrigerant-logo.png\",\"contentUrl\":\"http:\\\/\\\/refrigerant-wholesale.com\\\/wp-content\\\/uploads\\\/2024\\\/04\\\/refrigerant-logo.png\",\"width\":400,\"height\":84,\"caption\":\"Refrigerant Gas Wholesale\"},\"image\":{\"@id\":\"https:\\\/\\\/refrigerant-wholesale.com\\\/fr\\\/#\\\/schema\\\/logo\\\/image\\\/\"},\"sameAs\":[\"https:\\\/\\\/www.facebook.com\\\/refrigerantwholesale\"]}]}<\/script>\n<!-- \/ Yoast SEO Premium plugin. -->","yoast_head_json":{"title":"Fourniture en gros de r\u00e9frig\u00e9rant R401A - Distribution mondiale","description":"Acheter R401A Refrigerant \u00e0 un prix de gros avec une remise sur les commandes en vrac de 100% PREMIUM Refrigerant Supplier R401A Refrigerant. Exp\u00e9dition dans le monde entier. Service client\u00e8le 24 heures sur 24","robots":{"index":"index","follow":"follow","max-snippet":"max-snippet:-1","max-image-preview":"max-image-preview:large","max-video-preview":"max-video-preview:-1"},"canonical":"https:\/\/refrigerant-wholesale.com\/fr\/product\/r401a-refrigerant\/","og_locale":"fr_FR","og_type":"article","og_title":"R401A R\u00e9frig\u00e9rant","og_description":"Acheter R401A Refrigerant \u00e0 un prix de gros avec une remise sur les commandes en vrac de 100% PREMIUM Refrigerant Supplier R401A Refrigerant. Exp\u00e9dition dans le monde entier. Service client\u00e8le 24 heures sur 24","og_url":"https:\/\/refrigerant-wholesale.com\/fr\/product\/r401a-refrigerant\/","og_site_name":"Refrigerant Gas Wholesale","article_publisher":"https:\/\/www.facebook.com\/refrigerantwholesale","article_modified_time":"2025-03-01T20:35:12+00:00","og_image":[{"width":879,"height":659,"url":"http:\/\/refrigerant-wholesale.com\/wp-content\/uploads\/2024\/09\/R-401A-Refrigerant.jpg","type":"image\/jpeg"}],"twitter_card":"summary_large_image","twitter_misc":{"Dur\u00e9e de lecture estim\u00e9e":"2 minutes"},"schema":{"@context":"https:\/\/schema.org","@graph":[{"@type":"WebPage","@id":"https:\/\/refrigerant-wholesale.com\/fr\/product\/r401a-refrigerant\/","url":"https:\/\/refrigerant-wholesale.com\/fr\/product\/r401a-refrigerant\/","name":"Fourniture en gros de r\u00e9frig\u00e9rant R401A - Distribution mondiale","isPartOf":{"@id":"https:\/\/refrigerant-wholesale.com\/fr\/#website"},"primaryImageOfPage":{"@id":"https:\/\/refrigerant-wholesale.com\/fr\/product\/r401a-refrigerant\/#primaryimage"},"image":{"@id":"https:\/\/refrigerant-wholesale.com\/fr\/product\/r401a-refrigerant\/#primaryimage"},"thumbnailUrl":"https:\/\/refrigerant-wholesale.com\/wp-content\/uploads\/2024\/09\/R-401A-Refrigerant.jpg","datePublished":"2024-09-26T10:03:22+00:00","dateModified":"2025-03-01T20:35:12+00:00","description":"Acheter R401A Refrigerant \u00e0 un prix de gros avec une remise sur les commandes en vrac de 100% PREMIUM Refrigerant Supplier R401A Refrigerant. Exp\u00e9dition dans le monde entier. Service client\u00e8le 24 heures sur 24","breadcrumb":{"@id":"https:\/\/refrigerant-wholesale.com\/fr\/product\/r401a-refrigerant\/#breadcrumb"},"inLanguage":"fr-FR","potentialAction":[{"@type":"ReadAction","target":["https:\/\/refrigerant-wholesale.com\/fr\/product\/r401a-refrigerant\/"]}]},{"@type":"ImageObject","inLanguage":"fr-FR","@id":"https:\/\/refrigerant-wholesale.com\/fr\/product\/r401a-refrigerant\/#primaryimage","url":"https:\/\/refrigerant-wholesale.com\/wp-content\/uploads\/2024\/09\/R-401A-Refrigerant.jpg","contentUrl":"https:\/\/refrigerant-wholesale.com\/wp-content\/uploads\/2024\/09\/R-401A-Refrigerant.jpg","width":879,"height":659,"caption":"R\u00e9frig\u00e9rant 401a, R401A R\u00e9frig\u00e9rant en gros"},{"@type":"BreadcrumbList","@id":"https:\/\/refrigerant-wholesale.com\/fr\/product\/r401a-refrigerant\/#breadcrumb","itemListElement":[{"@type":"ListItem","position":1,"name":"Home","item":"https:\/\/refrigerant-wholesale.com\/fr\/"},{"@type":"ListItem","position":2,"name":"Boutique","item":"https:\/\/refrigerant-wholesale.com\/fr\/boutique\/"},{"@type":"ListItem","position":3,"name":"R401A R\u00e9frig\u00e9rant"}]},{"@type":"WebSite","@id":"https:\/\/refrigerant-wholesale.com\/fr\/#website","url":"https:\/\/refrigerant-wholesale.com\/fr\/","name":"Refrigerant Gas Wholesale","description":"AC Gas supplier","publisher":{"@id":"https:\/\/refrigerant-wholesale.com\/fr\/#organization"},"potentialAction":[{"@type":"SearchAction","target":{"@type":"EntryPoint","urlTemplate":"https:\/\/refrigerant-wholesale.com\/fr\/?s={search_term_string}"},"query-input":{"@type":"PropertyValueSpecification","valueRequired":true,"valueName":"search_term_string"}}],"inLanguage":"fr-FR"},{"@type":"Organization","@id":"https:\/\/refrigerant-wholesale.com\/fr\/#organization","name":"Refrigerant Gas Wholesale","url":"https:\/\/refrigerant-wholesale.com\/fr\/","logo":{"@type":"ImageObject","inLanguage":"fr-FR","@id":"https:\/\/refrigerant-wholesale.com\/fr\/#\/schema\/logo\/image\/","url":"http:\/\/refrigerant-wholesale.com\/wp-content\/uploads\/2024\/04\/refrigerant-logo.png","contentUrl":"http:\/\/refrigerant-wholesale.com\/wp-content\/uploads\/2024\/04\/refrigerant-logo.png","width":400,"height":84,"caption":"Refrigerant Gas Wholesale"},"image":{"@id":"https:\/\/refrigerant-wholesale.com\/fr\/#\/schema\/logo\/image\/"},"sameAs":["https:\/\/www.facebook.com\/refrigerantwholesale"]}]}},"_links":{"self":[{"href":"https:\/\/refrigerant-wholesale.com\/fr\/wp-json\/wp\/v2\/product\/2094","targetHints":{"allow":["GET"]}}],"collection":[{"href":"https:\/\/refrigerant-wholesale.com\/fr\/wp-json\/wp\/v2\/product"}],"about":[{"href":"https:\/\/refrigerant-wholesale.com\/fr\/wp-json\/wp\/v2\/types\/product"}],"replies":[{"embeddable":true,"href":"https:\/\/refrigerant-wholesale.com\/fr\/wp-json\/wp\/v2\/comments?post=2094"}],"wp:featuredmedia":[{"embeddable":true,"href":"https:\/\/refrigerant-wholesale.com\/fr\/wp-json\/wp\/v2\/media\/1605"}],"wp:attachment":[{"href":"https:\/\/refrigerant-wholesale.com\/fr\/wp-json\/wp\/v2\/media?parent=2094"}],"wp:term":[{"taxonomy":"product_brand","embeddable":true,"href":"https:\/\/refrigerant-wholesale.com\/fr\/wp-json\/wp\/v2\/product_brand?post=2094"},{"taxonomy":"product_cat","embeddable":true,"href":"https:\/\/refrigerant-wholesale.com\/fr\/wp-json\/wp\/v2\/product_cat?post=2094"},{"taxonomy":"product_tag","embeddable":true,"href":"https:\/\/refrigerant-wholesale.com\/fr\/wp-json\/wp\/v2\/product_tag?post=2094"}],"curies":[{"name":"wp","href":"https:\/\/api.w.org\/{rel}","templated":true}]}}