{"id":2093,"date":"2025-02-17T13:58:16","date_gmt":"2025-02-17T13:58:16","guid":{"rendered":"https:\/\/refrigerant-wholesale.com\/product\/r-1234yf\/"},"modified":"2025-03-01T20:35:04","modified_gmt":"2025-03-01T20:35:04","slug":"r-1234yf","status":"publish","type":"product","link":"https:\/\/refrigerant-wholesale.com\/fr\/product\/r-1234yf\/","title":{"rendered":"R-1234yf"},"content":{"rendered":"<p><strong>R-1234yf Wholesale supply &#8211; Your Trusted Global Supplier for High-Quality Refrigerant Solutions<\/strong><\/p>\n<p>Vous recherchez un fournisseur de R-1234yf fiable et rentable ? Ne cherchez pas plus loin ! Nous sommes sp\u00e9cialis\u00e9s dans la vente en gros de r\u00e9frig\u00e9rant R-1234yf, offrant des produits de premi\u00e8re qualit\u00e9 \u00e0 des prix comp\u00e9titifs. Avec une livraison dans le monde entier, nous assurons une livraison dans les d\u00e9lais pour r\u00e9pondre aux besoins de votre entreprise. R-1234yf wholesale Supply, parfait remplacement du <a href=\"https:\/\/refrigerant-wholesale.com\/r134a-refrigerant-replacement\/\">r\u00e9frig\u00e9rant R134A<\/a>.    <\/p>\n<h3><strong>Pourquoi choisir nos services de vente en gros de R-1234yf ?<\/strong><\/h3>\n<ol start=\"1\">\n<li><strong>Une port\u00e9e mondiale<\/strong>: Nous exp\u00e9dions le R-1234yf dans le monde entier, garantissant ainsi une livraison sans faille \u00e0 votre porte.<\/li>\n<li><strong>Qualit\u00e9 sup\u00e9rieure<\/strong>: Notre R-1234yf r\u00e9pond aux normes internationales de performance et de s\u00e9curit\u00e9.<\/li>\n<li><strong>Des prix comp\u00e9titifs<\/strong>: B\u00e9n\u00e9ficiez de tarifs de gros adapt\u00e9s aux acheteurs en gros.<\/li>\n<li><strong>Soutien d&rsquo;experts<\/strong>: Notre \u00e9quipe fournit une assistance technique et des conseils.<\/li>\n<li><strong>Respectueux de l&rsquo;environnement<\/strong>: Le R-1234yf est un r\u00e9frig\u00e9rant durable \u00e0 faible PRG.<\/li>\n<\/ol>\n<hr>\n<h3><strong>Qu&rsquo;est-ce que le R-1234yf ?<\/strong><\/h3>\n<p>Le R-1234yf est un r\u00e9frig\u00e9rant de nouvelle g\u00e9n\u00e9ration \u00e0 base d&rsquo;hydrofluorol\u00e9fine (HFO). Il est largement utilis\u00e9 dans les syst\u00e8mes de climatisation automobile et les applications commerciales de refroidissement. Connu pour son faible potentiel de r\u00e9chauffement plan\u00e9taire (PRP), le R-1234yf est une alternative \u00e9cologique aux r\u00e9frig\u00e9rants traditionnels.  <\/p>\n<hr>\n<h3><strong>Caract\u00e9ristiques principales du R-1234yf<\/strong><\/h3>\n<ul>\n<li><strong>Faible PRG<\/strong>: avec un PRG inf\u00e9rieur \u00e0 1, le R-1234yf est respectueux de l&rsquo;environnement.<\/li>\n<li><strong>Haute efficacit\u00e9<\/strong>: Offre des performances de refroidissement optimales.<\/li>\n<li><strong>S\u00e9curit\u00e9<\/strong>: Ininflammable et sans danger pour diverses applications.<\/li>\n<li><strong>Conformit\u00e9<\/strong>: Conforme aux r\u00e9glementations environnementales mondiales, y compris les normes F-Gas de l&rsquo;UE.<\/li>\n<\/ul>\n<hr>\n<h3><strong>Applications du R-1234yf<\/strong><\/h3>\n<p>Le R-1234yf est id\u00e9al pour :<\/p>\n<ul>\n<li>Syst\u00e8mes de climatisation automobile.<\/li>\n<li>Unit\u00e9s de r\u00e9frig\u00e9ration commerciale.<\/li>\n<li>Syst\u00e8mes de pompes \u00e0 chaleur.<\/li>\n<li>Applications de refroidissement industriel.<\/li>\n<\/ul>\n<hr>\n<h3><strong>R-1234yf Tableau des prix de gros<\/strong><\/h3>\n<table>\n<thead>\n<tr>\n<th><strong>Quantit\u00e9 (cylindres)<\/strong><\/th>\n<th><strong>Prix par unit\u00e9 (USD)<\/strong><\/th>\n<th><strong>Frais d&rsquo;exp\u00e9dition<\/strong><\/th>\n<\/tr>\n<\/thead>\n<tbody>\n<tr>\n<td>10 &#8211; 50<\/td>\n<td>Devis personnalis\u00e9<\/td>\n<td>Gratuit<\/td>\n<\/tr>\n<tr>\n<td>51 &#8211; 100<\/td>\n<td>Devis personnalis\u00e9<\/td>\n<td>Gratuit<\/td>\n<\/tr>\n<tr>\n<td>101 &#8211; 200<\/td>\n<td>Devis personnalis\u00e9<\/td>\n<td>Gratuit<\/td>\n<\/tr>\n<tr>\n<td>200+<\/td>\n<td>Devis personnalis\u00e9<\/td>\n<td>Gratuit<\/td>\n<\/tr>\n<\/tbody>\n<\/table>\n<p><em>Les prix peuvent varier en fonction de la localisation et de la taille de la commande. Contactez-nous pour un devis personnalis\u00e9. <\/em><\/p>\n<hr>\n<h3><strong>Avantages de l&rsquo;achat de R-1234yf en vrac<\/strong><\/h3>\n<ol start=\"1\">\n<li><strong>R\u00e9duction des co\u00fbts<\/strong>: Les prix de gros r\u00e9duisent vos co\u00fbts op\u00e9rationnels.<\/li>\n<li><strong>Approvisionnement constant<\/strong>: \u00c9vitez les p\u00e9nuries gr\u00e2ce \u00e0 notre stock fiable.<\/li>\n<li><strong>D\u00e9lai d&rsquo;ex\u00e9cution plus rapide<\/strong>: Les commandes en gros sont trait\u00e9es en priorit\u00e9.<\/li>\n<li><strong>Solutions personnalis\u00e9es<\/strong>: Des formules sur mesure pour des projets de grande envergure.<\/li>\n<\/ol>\n<hr>\n<h2><strong>R-1234yf Approvisionnement en gros<\/strong><\/h2>\n<h3><strong>Pourquoi sommes-nous le premier fournisseur de R-1234yf ?<\/strong><\/h3>\n<ul>\n<li><strong>Des ann\u00e9es d&rsquo;exp\u00e9rience<\/strong>: Nous avons fait nos preuves dans l&rsquo;industrie du r\u00e9frig\u00e9rant.<\/li>\n<li><strong>Assurance qualit\u00e9<\/strong>: Nos produits sont soumis \u00e0 des tests rigoureux de puret\u00e9 et de performance.<\/li>\n<li><strong>R\u00e9seau mondial<\/strong>: Nous servons des clients dans plus de 50 pays.<\/li>\n<li><strong>Une approche centr\u00e9e sur le client<\/strong>: Votre satisfaction est notre priorit\u00e9 absolue.<\/li>\n<\/ul>\n<hr>\n<h3><strong>Comment commander R-1234yf en gros<\/strong><\/h3>\n<ol start=\"1\">\n<li><strong>Contactez-nous<\/strong>: Vous pouvez nous contacter par t\u00e9l\u00e9phone, par courrier \u00e9lectronique ou sur notre site web.<\/li>\n<li><strong>Obtenez un devis<\/strong>: Indiquez vos besoins pour obtenir une offre personnalis\u00e9e.<\/li>\n<li><strong>Passez votre commande<\/strong>: Confirmez votre commande et les d\u00e9tails de votre paiement.<\/li>\n<li><strong>Recevez la livraison<\/strong>: Nous exp\u00e9dions dans le monde entier avec des options de suivi.<\/li>\n<\/ol>\n<hr>\n<h3><strong>Foire aux questions (FAQ)<\/strong><\/h3>\n<p><strong>Q : Quelle est la dur\u00e9e de conservation du<\/strong> <a href=\"https:\/\/www.google.com\/search?sca_esv=46e212da3fac3ef4&amp;rlz=1C1CHZN_en__1007__1007&amp;sxsrf=AHTn8zrC4X9xjGYiW6HUJN5Wftf-l57_7A:1739798759314&amp;q=R-1234yf&amp;source=lnms&amp;fbs=ABzOT_AeWVZgM1ygG9loIv1sab0j2HB687sEni7_6XgT5zHBctPQQWJnv2cP3Dmrkn2lJOgsbfHmVGgQVXlaZGFgFFx9EKRBCQIsb1k0U0ke7X6qJ83JgUeYeeZTpK3gNkc5wvIZFhMKYo4J2agSFSQ53K7DdKgYM8uG1_tIsW1t7Iz8aXt7Va1ej5lZiwROfXykX1RvzfZbPCxgBTlyySpppOMcfBWIyw&amp;sa=X&amp;ved=2ahUKEwig9J2458qLAxVaQvEDHekQDOIQ0pQJegQIChAB&amp;biw=1463&amp;bih=662&amp;dpr=1.75\">R-1234yf<\/a> <strong>?<\/strong><br \/>\nR : Lorsqu&rsquo;il est stock\u00e9 correctement, le R-1234yf peut se conserver jusqu&rsquo;\u00e0 5 ans.<\/p>\n<p><strong>Q : Proposez-vous des emballages personnalis\u00e9s ?<\/strong><br \/>\nR : Oui, nous proposons des solutions d&#8217;emballage sur mesure pour les commandes en gros.<\/p>\n<p><strong>Q : Le R-1234yf est-il compatible avec les syst\u00e8mes existants ?<\/strong><br \/>\nR : Le R-1234yf est con\u00e7u pour fonctionner avec la plupart des syst\u00e8mes de refroidissement modernes.<\/p>\n<p><strong>Q : Quelles sont les options d&rsquo;exp\u00e9dition ?<\/strong><br \/>\nR : Nous proposons des services de fret a\u00e9rien, maritime et terrestre avec un suivi en temps r\u00e9el.<\/p>\n<hr>\n<h3><strong>Impact environnemental du R-1234yf<\/strong><\/h3>\n<p>Le R-1234yf change la donne dans l&rsquo;industrie des r\u00e9frig\u00e9rants. Son faible PRP en fait un choix durable pour les entreprises qui souhaitent r\u00e9duire leur empreinte carbone. En choisissant le R-1234yf, vous contribuez \u00e0 un avenir plus vert.  <\/p>\n<hr>\n<h3><strong>Industries que nous servons<\/strong><\/h3>\n<ul>\n<li>Fabrication automobile.<\/li>\n<li>Syst\u00e8mes de chauffage, de ventilation et de climatisation.<\/li>\n<li>Stockage des aliments et des boissons.<\/li>\n<li>Refroidissement pharmaceutique.<\/li>\n<li>Refroidissement des centres de donn\u00e9es.<\/li>\n<\/ul>\n<hr>\n<h3><strong>T\u00e9moignages de nos clients<\/strong><\/h3>\n<p><em>\u00ab\u00a0Nous nous approvisionnons en R-1234yf aupr\u00e8s de ce fournisseur depuis des ann\u00e9es. Leur qualit\u00e9 et leur service sont in\u00e9gal\u00e9s !\u00a0\u00bb<\/em> &#8211; John D., industrie automobile.<br \/>\n<em>\u00ab\u00a0Livraison rapide et excellent support client. Hautement recommand\u00e9 !\u00a0\u00bb<\/em> &#8211; Sarah L., Entrepreneur en CVC.<\/p>\n<hr>\n<h3><strong>Contactez-nous d\u00e8s aujourd&rsquo;hui !<\/strong><\/h3>\n<p>Pr\u00eat \u00e0 commander R-1234yf en gros ? Contactez-nous pour un devis gratuit ! <\/p>\n<p>&nbsp;<\/p>\n<hr>\n<h3><strong>Conclusion<\/strong><\/h3>\n<p>En tant que fournisseur leader de R-1234yf, nous nous engageons \u00e0 fournir des r\u00e9frig\u00e9rants de qualit\u00e9 sup\u00e9rieure \u00e0 des prix imbattables. Avec des livraisons dans le monde entier et un service client\u00e8le exceptionnel, nous sommes votre partenaire de confiance pour tous vos besoins de refroidissement. N&rsquo;attendez pas &#8211; commandez le R-1234yf en gros d\u00e8s aujourd&rsquo;hui et constatez la diff\u00e9rence !  <\/p>\n","protected":false},"excerpt":{"rendered":"<p>R-1234yf Wholesale supply &#8211; Your Trusted Global Supplier for High-Quality Refrigerant Solutions Vous recherchez un fournisseur de R-1234yf fiable et rentable ? Ne cherchez pas plus loin ! Nous sommes sp\u00e9cialis\u00e9s dans la vente en gros de r\u00e9frig\u00e9rant R-1234yf, offrant des produits de premi\u00e8re qualit\u00e9 \u00e0 des prix comp\u00e9titifs. Avec une livraison dans le monde [&#8230;]\n","protected":false},"featured_media":1986,"comment_status":"open","ping_status":"closed","template":"","meta":[],"product_brand":[],"product_cat":[269],"product_tag":[],"class_list":{"0":"post-2093","1":"product","2":"type-product","3":"status-publish","4":"has-post-thumbnail","6":"product_cat-non-categorise","8":"first","9":"instock","10":"shipping-taxable","11":"product-type-simple"},"yoast_head":"<!-- This site is optimized with the Yoast SEO Premium plugin v27.0 (Yoast SEO v27.3) - https:\/\/yoast.com\/product\/yoast-seo-premium-wordpress\/ -->\n<title>R-1234yf approvisionnement en gros - WS Refrigerant<\/title>\n<meta name=\"description\" content=\"R-1234yf wholesale Supply, R-1234yf supplier, R-1234yf refrigerant, R-1234yf bulk, R-1234yf price, low GWP, eco-friendly refrigerant.\" \/>\n<meta name=\"robots\" content=\"index, follow, max-snippet:-1, max-image-preview:large, max-video-preview:-1\" \/>\n<link rel=\"canonical\" href=\"https:\/\/refrigerant-wholesale.com\/fr\/product\/r-1234yf\/\" \/>\n<meta property=\"og:locale\" content=\"fr_FR\" \/>\n<meta property=\"og:type\" content=\"article\" \/>\n<meta property=\"og:title\" content=\"R-1234yf\" \/>\n<meta property=\"og:description\" content=\"R-1234yf wholesale Supply, R-1234yf supplier, R-1234yf refrigerant, R-1234yf bulk, R-1234yf price, low GWP, eco-friendly refrigerant.\" \/>\n<meta property=\"og:url\" content=\"https:\/\/refrigerant-wholesale.com\/fr\/product\/r-1234yf\/\" \/>\n<meta property=\"og:site_name\" content=\"Refrigerant Gas Wholesale\" \/>\n<meta property=\"article:publisher\" content=\"https:\/\/www.facebook.com\/refrigerantwholesale\" \/>\n<meta property=\"article:modified_time\" content=\"2025-03-01T20:35:04+00:00\" \/>\n<meta property=\"og:image\" content=\"http:\/\/refrigerant-wholesale.com\/wp-content\/uploads\/2025\/02\/101C2A30-7FCB-4F89-9833-E73AD3ADAB84.webp\" \/>\n\t<meta property=\"og:image:width\" content=\"1000\" \/>\n\t<meta property=\"og:image:height\" content=\"1000\" \/>\n\t<meta property=\"og:image:type\" content=\"image\/webp\" \/>\n<meta name=\"twitter:card\" content=\"summary_large_image\" \/>\n<meta name=\"twitter:label1\" content=\"Dur\u00e9e de lecture estim\u00e9e\" \/>\n\t<meta name=\"twitter:data1\" content=\"4 minutes\" \/>\n<script type=\"application\/ld+json\" class=\"yoast-schema-graph\">{\"@context\":\"https:\\\/\\\/schema.org\",\"@graph\":[{\"@type\":\"WebPage\",\"@id\":\"https:\\\/\\\/refrigerant-wholesale.com\\\/fr\\\/product\\\/r-1234yf\\\/\",\"url\":\"https:\\\/\\\/refrigerant-wholesale.com\\\/fr\\\/product\\\/r-1234yf\\\/\",\"name\":\"R-1234yf approvisionnement en gros - WS Refrigerant\",\"isPartOf\":{\"@id\":\"https:\\\/\\\/refrigerant-wholesale.com\\\/fr\\\/#website\"},\"primaryImageOfPage\":{\"@id\":\"https:\\\/\\\/refrigerant-wholesale.com\\\/fr\\\/product\\\/r-1234yf\\\/#primaryimage\"},\"image\":{\"@id\":\"https:\\\/\\\/refrigerant-wholesale.com\\\/fr\\\/product\\\/r-1234yf\\\/#primaryimage\"},\"thumbnailUrl\":\"https:\\\/\\\/refrigerant-wholesale.com\\\/wp-content\\\/uploads\\\/2025\\\/02\\\/101C2A30-7FCB-4F89-9833-E73AD3ADAB84.webp\",\"datePublished\":\"2025-02-17T13:58:16+00:00\",\"dateModified\":\"2025-03-01T20:35:04+00:00\",\"description\":\"R-1234yf wholesale Supply, R-1234yf supplier, R-1234yf refrigerant, R-1234yf bulk, R-1234yf price, low GWP, eco-friendly refrigerant.\",\"breadcrumb\":{\"@id\":\"https:\\\/\\\/refrigerant-wholesale.com\\\/fr\\\/product\\\/r-1234yf\\\/#breadcrumb\"},\"inLanguage\":\"fr-FR\",\"potentialAction\":[{\"@type\":\"ReadAction\",\"target\":[\"https:\\\/\\\/refrigerant-wholesale.com\\\/fr\\\/product\\\/r-1234yf\\\/\"]}]},{\"@type\":\"ImageObject\",\"inLanguage\":\"fr-FR\",\"@id\":\"https:\\\/\\\/refrigerant-wholesale.com\\\/fr\\\/product\\\/r-1234yf\\\/#primaryimage\",\"url\":\"https:\\\/\\\/refrigerant-wholesale.com\\\/wp-content\\\/uploads\\\/2025\\\/02\\\/101C2A30-7FCB-4F89-9833-E73AD3ADAB84.webp\",\"contentUrl\":\"https:\\\/\\\/refrigerant-wholesale.com\\\/wp-content\\\/uploads\\\/2025\\\/02\\\/101C2A30-7FCB-4F89-9833-E73AD3ADAB84.webp\",\"width\":1000,\"height\":1000,\"caption\":\"R\u00e9frig\u00e9rant R-1234yf\"},{\"@type\":\"BreadcrumbList\",\"@id\":\"https:\\\/\\\/refrigerant-wholesale.com\\\/fr\\\/product\\\/r-1234yf\\\/#breadcrumb\",\"itemListElement\":[{\"@type\":\"ListItem\",\"position\":1,\"name\":\"Home\",\"item\":\"https:\\\/\\\/refrigerant-wholesale.com\\\/fr\\\/\"},{\"@type\":\"ListItem\",\"position\":2,\"name\":\"Boutique\",\"item\":\"https:\\\/\\\/refrigerant-wholesale.com\\\/fr\\\/boutique\\\/\"},{\"@type\":\"ListItem\",\"position\":3,\"name\":\"R-1234yf\"}]},{\"@type\":\"WebSite\",\"@id\":\"https:\\\/\\\/refrigerant-wholesale.com\\\/fr\\\/#website\",\"url\":\"https:\\\/\\\/refrigerant-wholesale.com\\\/fr\\\/\",\"name\":\"Refrigerant Gas Wholesale\",\"description\":\"AC Gas supplier\",\"publisher\":{\"@id\":\"https:\\\/\\\/refrigerant-wholesale.com\\\/fr\\\/#organization\"},\"potentialAction\":[{\"@type\":\"SearchAction\",\"target\":{\"@type\":\"EntryPoint\",\"urlTemplate\":\"https:\\\/\\\/refrigerant-wholesale.com\\\/fr\\\/?s={search_term_string}\"},\"query-input\":{\"@type\":\"PropertyValueSpecification\",\"valueRequired\":true,\"valueName\":\"search_term_string\"}}],\"inLanguage\":\"fr-FR\"},{\"@type\":\"Organization\",\"@id\":\"https:\\\/\\\/refrigerant-wholesale.com\\\/fr\\\/#organization\",\"name\":\"Refrigerant Gas Wholesale\",\"url\":\"https:\\\/\\\/refrigerant-wholesale.com\\\/fr\\\/\",\"logo\":{\"@type\":\"ImageObject\",\"inLanguage\":\"fr-FR\",\"@id\":\"https:\\\/\\\/refrigerant-wholesale.com\\\/fr\\\/#\\\/schema\\\/logo\\\/image\\\/\",\"url\":\"http:\\\/\\\/refrigerant-wholesale.com\\\/wp-content\\\/uploads\\\/2024\\\/04\\\/refrigerant-logo.png\",\"contentUrl\":\"http:\\\/\\\/refrigerant-wholesale.com\\\/wp-content\\\/uploads\\\/2024\\\/04\\\/refrigerant-logo.png\",\"width\":400,\"height\":84,\"caption\":\"Refrigerant Gas Wholesale\"},\"image\":{\"@id\":\"https:\\\/\\\/refrigerant-wholesale.com\\\/fr\\\/#\\\/schema\\\/logo\\\/image\\\/\"},\"sameAs\":[\"https:\\\/\\\/www.facebook.com\\\/refrigerantwholesale\"]}]}<\/script>\n<!-- \/ Yoast SEO Premium plugin. -->","yoast_head_json":{"title":"R-1234yf approvisionnement en gros - WS Refrigerant","description":"R-1234yf wholesale Supply, R-1234yf supplier, R-1234yf refrigerant, R-1234yf bulk, R-1234yf price, low GWP, eco-friendly refrigerant.","robots":{"index":"index","follow":"follow","max-snippet":"max-snippet:-1","max-image-preview":"max-image-preview:large","max-video-preview":"max-video-preview:-1"},"canonical":"https:\/\/refrigerant-wholesale.com\/fr\/product\/r-1234yf\/","og_locale":"fr_FR","og_type":"article","og_title":"R-1234yf","og_description":"R-1234yf wholesale Supply, R-1234yf supplier, R-1234yf refrigerant, R-1234yf bulk, R-1234yf price, low GWP, eco-friendly refrigerant.","og_url":"https:\/\/refrigerant-wholesale.com\/fr\/product\/r-1234yf\/","og_site_name":"Refrigerant Gas Wholesale","article_publisher":"https:\/\/www.facebook.com\/refrigerantwholesale","article_modified_time":"2025-03-01T20:35:04+00:00","og_image":[{"width":1000,"height":1000,"url":"http:\/\/refrigerant-wholesale.com\/wp-content\/uploads\/2025\/02\/101C2A30-7FCB-4F89-9833-E73AD3ADAB84.webp","type":"image\/webp"}],"twitter_card":"summary_large_image","twitter_misc":{"Dur\u00e9e de lecture estim\u00e9e":"4 minutes"},"schema":{"@context":"https:\/\/schema.org","@graph":[{"@type":"WebPage","@id":"https:\/\/refrigerant-wholesale.com\/fr\/product\/r-1234yf\/","url":"https:\/\/refrigerant-wholesale.com\/fr\/product\/r-1234yf\/","name":"R-1234yf approvisionnement en gros - WS Refrigerant","isPartOf":{"@id":"https:\/\/refrigerant-wholesale.com\/fr\/#website"},"primaryImageOfPage":{"@id":"https:\/\/refrigerant-wholesale.com\/fr\/product\/r-1234yf\/#primaryimage"},"image":{"@id":"https:\/\/refrigerant-wholesale.com\/fr\/product\/r-1234yf\/#primaryimage"},"thumbnailUrl":"https:\/\/refrigerant-wholesale.com\/wp-content\/uploads\/2025\/02\/101C2A30-7FCB-4F89-9833-E73AD3ADAB84.webp","datePublished":"2025-02-17T13:58:16+00:00","dateModified":"2025-03-01T20:35:04+00:00","description":"R-1234yf wholesale Supply, R-1234yf supplier, R-1234yf refrigerant, R-1234yf bulk, R-1234yf price, low GWP, eco-friendly refrigerant.","breadcrumb":{"@id":"https:\/\/refrigerant-wholesale.com\/fr\/product\/r-1234yf\/#breadcrumb"},"inLanguage":"fr-FR","potentialAction":[{"@type":"ReadAction","target":["https:\/\/refrigerant-wholesale.com\/fr\/product\/r-1234yf\/"]}]},{"@type":"ImageObject","inLanguage":"fr-FR","@id":"https:\/\/refrigerant-wholesale.com\/fr\/product\/r-1234yf\/#primaryimage","url":"https:\/\/refrigerant-wholesale.com\/wp-content\/uploads\/2025\/02\/101C2A30-7FCB-4F89-9833-E73AD3ADAB84.webp","contentUrl":"https:\/\/refrigerant-wholesale.com\/wp-content\/uploads\/2025\/02\/101C2A30-7FCB-4F89-9833-E73AD3ADAB84.webp","width":1000,"height":1000,"caption":"R\u00e9frig\u00e9rant R-1234yf"},{"@type":"BreadcrumbList","@id":"https:\/\/refrigerant-wholesale.com\/fr\/product\/r-1234yf\/#breadcrumb","itemListElement":[{"@type":"ListItem","position":1,"name":"Home","item":"https:\/\/refrigerant-wholesale.com\/fr\/"},{"@type":"ListItem","position":2,"name":"Boutique","item":"https:\/\/refrigerant-wholesale.com\/fr\/boutique\/"},{"@type":"ListItem","position":3,"name":"R-1234yf"}]},{"@type":"WebSite","@id":"https:\/\/refrigerant-wholesale.com\/fr\/#website","url":"https:\/\/refrigerant-wholesale.com\/fr\/","name":"Refrigerant Gas Wholesale","description":"AC Gas supplier","publisher":{"@id":"https:\/\/refrigerant-wholesale.com\/fr\/#organization"},"potentialAction":[{"@type":"SearchAction","target":{"@type":"EntryPoint","urlTemplate":"https:\/\/refrigerant-wholesale.com\/fr\/?s={search_term_string}"},"query-input":{"@type":"PropertyValueSpecification","valueRequired":true,"valueName":"search_term_string"}}],"inLanguage":"fr-FR"},{"@type":"Organization","@id":"https:\/\/refrigerant-wholesale.com\/fr\/#organization","name":"Refrigerant Gas Wholesale","url":"https:\/\/refrigerant-wholesale.com\/fr\/","logo":{"@type":"ImageObject","inLanguage":"fr-FR","@id":"https:\/\/refrigerant-wholesale.com\/fr\/#\/schema\/logo\/image\/","url":"http:\/\/refrigerant-wholesale.com\/wp-content\/uploads\/2024\/04\/refrigerant-logo.png","contentUrl":"http:\/\/refrigerant-wholesale.com\/wp-content\/uploads\/2024\/04\/refrigerant-logo.png","width":400,"height":84,"caption":"Refrigerant Gas Wholesale"},"image":{"@id":"https:\/\/refrigerant-wholesale.com\/fr\/#\/schema\/logo\/image\/"},"sameAs":["https:\/\/www.facebook.com\/refrigerantwholesale"]}]}},"_links":{"self":[{"href":"https:\/\/refrigerant-wholesale.com\/fr\/wp-json\/wp\/v2\/product\/2093","targetHints":{"allow":["GET"]}}],"collection":[{"href":"https:\/\/refrigerant-wholesale.com\/fr\/wp-json\/wp\/v2\/product"}],"about":[{"href":"https:\/\/refrigerant-wholesale.com\/fr\/wp-json\/wp\/v2\/types\/product"}],"replies":[{"embeddable":true,"href":"https:\/\/refrigerant-wholesale.com\/fr\/wp-json\/wp\/v2\/comments?post=2093"}],"wp:featuredmedia":[{"embeddable":true,"href":"https:\/\/refrigerant-wholesale.com\/fr\/wp-json\/wp\/v2\/media\/1986"}],"wp:attachment":[{"href":"https:\/\/refrigerant-wholesale.com\/fr\/wp-json\/wp\/v2\/media?parent=2093"}],"wp:term":[{"taxonomy":"product_brand","embeddable":true,"href":"https:\/\/refrigerant-wholesale.com\/fr\/wp-json\/wp\/v2\/product_brand?post=2093"},{"taxonomy":"product_cat","embeddable":true,"href":"https:\/\/refrigerant-wholesale.com\/fr\/wp-json\/wp\/v2\/product_cat?post=2093"},{"taxonomy":"product_tag","embeddable":true,"href":"https:\/\/refrigerant-wholesale.com\/fr\/wp-json\/wp\/v2\/product_tag?post=2093"}],"curies":[{"name":"wp","href":"https:\/\/api.w.org\/{rel}","templated":true}]}}