{"id":2091,"date":"2025-02-17T14:34:01","date_gmt":"2025-02-17T14:34:01","guid":{"rendered":"https:\/\/refrigerant-wholesale.com\/product\/refrigerant-r-513a\/"},"modified":"2025-03-01T20:35:03","modified_gmt":"2025-03-01T20:35:03","slug":"refrigerant-r-513a","status":"publish","type":"product","link":"https:\/\/refrigerant-wholesale.com\/fr\/product\/refrigerant-r-513a\/","title":{"rendered":"R\u00e9frig\u00e9rant R-513A"},"content":{"rendered":"<p><strong>R-513A Refrigerant Wholesale &#8211; Your Trusted Global Supplier<\/strong><\/p>\n<p>Vous recherchez un fournisseur de r\u00e9frig\u00e9rant R-513A fiable et de haute qualit\u00e9 ? Ne cherchez pas plus loin ! Nous sommes sp\u00e9cialis\u00e9s dans la vente en gros de r\u00e9frig\u00e9rant R-513A, offrant des produits de premi\u00e8re qualit\u00e9 \u00e0 des prix comp\u00e9titifs. Avec des livraisons dans le monde entier, nous assurons une livraison rapide pour r\u00e9pondre \u00e0 vos besoins.   <\/p>\n<h3><strong>Pourquoi choisir le r\u00e9frig\u00e9rant R-513A ?<\/strong><\/h3>\n<p>Le R-513A est un r\u00e9frig\u00e9rant de nouvelle g\u00e9n\u00e9ration con\u00e7u pour l&rsquo;efficacit\u00e9 et la durabilit\u00e9 environnementale. Il s&rsquo;agit d&rsquo;un m\u00e9lange de R-1234yf et de <a href=\"https:\/\/refrigerant-wholesale.com\/product\/r134a-refrigerant-30lbs\/\">R-134a<\/a>, offrant un faible potentiel de r\u00e9chauffement global (PRG) de 631. Il s&rsquo;agit donc d&rsquo;un choix id\u00e9al pour les syst\u00e8mes de refroidissement modernes.  <\/p>\n<ul>\n<li><strong>Respectueux de l&rsquo;environnement<\/strong>: R\u00e9duit l&rsquo;impact sur l&rsquo;environnement.<\/li>\n<li><strong>Haute performance<\/strong>: Garantit une efficacit\u00e9 optimale du refroidissement.<\/li>\n<li><strong>Polyvalent<\/strong>: convient aux applications commerciales et industrielles.<\/li>\n<\/ul>\n<h3><strong>Principaux avantages du R-513A<\/strong><\/h3>\n<ol start=\"1\">\n<li><strong>Efficacit\u00e9 \u00e9nerg\u00e9tique<\/strong>: R\u00e9duit les co\u00fbts d&rsquo;exploitation.<\/li>\n<li><strong>Conformit\u00e9<\/strong>: Conforme aux r\u00e9glementations environnementales mondiales.<\/li>\n<li><strong>S\u00e9curit\u00e9<\/strong>: Ininflammable et non toxique.<\/li>\n<li><strong>Durabilit\u00e9<\/strong>: Prolonge la dur\u00e9e de vie des syst\u00e8mes de refroidissement.<\/li>\n<\/ol>\n<h3><strong>Applications du <a href=\"https:\/\/www.google.com\/search?sca_esv=46e212da3fac3ef4&amp;rlz=1C1CHZN_en__1007__1007&amp;sxsrf=AHTn8zqtRbl5sWKw_oqUMumeHa48BL6qew:1739801594324&amp;q=R-513A&amp;source=lnms&amp;fbs=ABzOT_AeWVZgM1ygG9loIv1sab0j2HB687sEni7_6XgT5zHBctPQQWJnv2cP3Dmrkn2lJOgsbfHmVGgQVXlaZGFgFFx9EKRBCQIsb1k0U0ke7X6qJ8KLjvUHQga11BSyqDD9I_egGi6LD08bbh87wwGRGC67iH8dY8ksUZjBG3A_n8Ql-voXA9gyHhrzYpq4Tbt33eV5dw4fSnFz2HxmNTQ-0jXn0DPk5A&amp;sa=X&amp;ved=2ahUKEwiTjYmA8sqLAxVSSvEDHXJHARcQ0pQJegQIFBAB&amp;biw=1463&amp;bih=662&amp;dpr=1.75\">R-513A<\/a><\/strong><\/h3>\n<p>Le R-513A est largement utilis\u00e9 dans :<\/p>\n<ul>\n<li><strong>R\u00e9frig\u00e9ration commerciale<\/strong>: Supermarch\u00e9s, entrep\u00f4ts frigorifiques.<\/li>\n<li><strong>Climatisation<\/strong>: Syst\u00e8mes CVC, refroidisseurs.<\/li>\n<li><strong>Refroidissement industriel<\/strong>: Proc\u00e9d\u00e9s de fabrication.<\/li>\n<\/ul>\n<h2><strong>Fournisseur en gros de R-513A<\/strong><\/h2>\n<ol start=\"1\">\n<li><strong>Une port\u00e9e mondiale<\/strong>: Nous exp\u00e9dions dans le monde entier, ce qui garantit une livraison rapide.<\/li>\n<li><strong>Assurance qualit\u00e9<\/strong>: Nos produits sont conformes aux normes internationales.<\/li>\n<li>Des <strong>prix comp\u00e9titifs<\/strong>: Tarifs abordables pour les commandes en gros.<\/li>\n<li><strong>Assistance d&rsquo;un expert<\/strong>: Une \u00e9quipe d\u00e9di\u00e9e \u00e0 l&rsquo;assistance technique.<\/li>\n<\/ol>\n<h3><strong>Sp\u00e9cifications du r\u00e9frig\u00e9rant R-513A<\/strong><\/h3>\n<table>\n<thead>\n<tr>\n<th><strong>Propri\u00e9t\u00e9<\/strong><\/th>\n<th><strong>Valeur<\/strong><\/th>\n<\/tr>\n<\/thead>\n<tbody>\n<tr>\n<td>Nom chimique<\/td>\n<td>M\u00e9lange R-1234yf \/ R-134a<\/td>\n<\/tr>\n<tr>\n<td>Potentiel de r\u00e9chauffement global (PRG)<\/td>\n<td>631<\/td>\n<\/tr>\n<tr>\n<td>Point d&rsquo;\u00e9bullition<\/td>\n<td>-29,4\u00b0C (-20,9\u00b0F)<\/td>\n<\/tr>\n<tr>\n<td>Inflammabilit\u00e9<\/td>\n<td>Ininflammable<\/td>\n<\/tr>\n<tr>\n<td>Toxicit\u00e9<\/td>\n<td>Non toxique<\/td>\n<\/tr>\n<tr>\n<td>Potentiel d&rsquo;appauvrissement de la couche d&rsquo;ozone (ODP)<\/td>\n<td>0<\/td>\n<\/tr>\n<\/tbody>\n<\/table>\n<h3><strong>Exp\u00e9dition et livraison \u00e0 l&rsquo;\u00e9chelle mondiale<\/strong><\/h3>\n<p>Nous comprenons l&rsquo;importance d&rsquo;une livraison dans les d\u00e9lais. Notre r\u00e9seau logistique assure une livraison sans faille dans plus de 100 pays. Que vous soyez aux \u00c9tats-Unis, en Europe, en Asie ou ailleurs, nous vous couvrons.  <\/p>\n<h3><strong>Remises sur les commandes en gros<\/strong><\/h3>\n<p>Vous pr\u00e9voyez un projet de grande envergure ? Nous offrons des remises exclusives pour les commandes en gros. Contactez-nous d\u00e8s aujourd&rsquo;hui pour obtenir un devis personnalis\u00e9 adapt\u00e9 \u00e0 vos besoins.  <\/p>\n<h3><strong>Engagement environnemental<\/strong><\/h3>\n<p>Nous donnons la priorit\u00e9 au d\u00e9veloppement durable. Nos produits sont con\u00e7us pour minimiser l&rsquo;impact sur l&rsquo;environnement tout en offrant des performances optimales. <\/p>\n<h3><strong>Comment commander le r\u00e9frig\u00e9rant R-513A ?<\/strong><\/h3>\n<ol start=\"1\">\n<li><strong>Contactez nous<\/strong>: Contactez-nous par courriel ou par t\u00e9l\u00e9phone.<\/li>\n<li><strong>Obtenez un devis<\/strong>: Recevez un prix comp\u00e9titif.<\/li>\n<li><strong>Passez votre commande<\/strong>: B\u00e9n\u00e9ficiez d&rsquo;un traitement rapide.<\/li>\n<li><strong>Suivez la livraison<\/strong>: Suivez votre envoi en temps r\u00e9el.<\/li>\n<\/ol>\n<h3><strong>Foire aux questions (FAQ)<\/strong><\/h3>\n<p><strong>Q : Quelle est la dur\u00e9e de conservation du R-513A ?<\/strong><br \/>\nR : Lorsqu&rsquo;il est correctement conserv\u00e9, il a une longue dur\u00e9e de vie.<\/p>\n<p><strong>Q : Le R-513A est-il compatible avec les syst\u00e8mes existants ?<\/strong><br \/>\nR : Oui, il s&rsquo;agit d&rsquo;un remplacement direct du R-134a.<\/p>\n<p><strong>Q : Offrez-vous une assistance technique ?<\/strong><br \/>\nR : Absolument ! Nos experts sont l\u00e0 pour vous aider. <\/p>\n<h3><strong>T\u00e9moignages de clients<\/strong><\/h3>\n<p>\u00ab\u00a0Fournisseur fiable avec du R-513A de qualit\u00e9 sup\u00e9rieure. Hautement recommand\u00e9 !\u00a0\u00bb &#8211; John D., \u00c9tats-Unis d&rsquo;Am\u00e9rique<br \/>\n\u00ab\u00a0Le service est excellent et la livraison rapide. Je commanderai \u00e0 nouveau !\u00a0\u00bb &#8211; Maria L., Espagne<\/p>\n<h3><strong>Contactez-nous d\u00e8s aujourd&rsquo;hui !<\/strong><\/h3>\n<p>Pr\u00eat \u00e0 commander le r\u00e9frig\u00e9rant R-513A ? Contactez-nous d\u00e8s maintenant pour b\u00e9n\u00e9ficier des meilleurs prix et d&rsquo;une livraison dans le monde entier. Construisons ensemble un avenir durable !  <\/p>\n","protected":false},"excerpt":{"rendered":"<p>R-513A Refrigerant Wholesale &#8211; Your Trusted Global Supplier Vous recherchez un fournisseur de r\u00e9frig\u00e9rant R-513A fiable et de haute qualit\u00e9 ? Ne cherchez pas plus loin ! Nous sommes sp\u00e9cialis\u00e9s dans la vente en gros de r\u00e9frig\u00e9rant R-513A, offrant des produits de premi\u00e8re qualit\u00e9 \u00e0 des prix comp\u00e9titifs. Avec des livraisons dans le monde entier, [&#8230;]\n","protected":false},"featured_media":1989,"comment_status":"open","ping_status":"closed","template":"","meta":[],"product_brand":[],"product_cat":[324],"product_tag":[],"class_list":{"0":"post-2091","1":"product","2":"type-product","3":"status-publish","4":"has-post-thumbnail","6":"product_cat-r513a-fr","8":"first","9":"instock","10":"shipping-taxable","11":"product-type-simple"},"yoast_head":"<!-- This site is optimized with the Yoast SEO Premium plugin v27.0 (Yoast SEO v27.3) - https:\/\/yoast.com\/product\/yoast-seo-premium-wordpress\/ -->\n<title>R-513A Refrigerant Wholesale Supply - WS Refrigerant<\/title>\n<meta name=\"description\" content=\"Commandez le r\u00e9frig\u00e9rant R-513A en gros. Nous sommes un fournisseur de confiance de R-513A qui offre des performances \u00e9lev\u00e9es et respectueuses de l&#039;environnement. Livraison dans le monde entier. Commandez d\u00e8s maintenant !\" \/>\n<meta name=\"robots\" content=\"index, follow, max-snippet:-1, max-image-preview:large, max-video-preview:-1\" \/>\n<link rel=\"canonical\" href=\"https:\/\/refrigerant-wholesale.com\/fr\/product\/refrigerant-r-513a\/\" \/>\n<meta property=\"og:locale\" content=\"fr_FR\" \/>\n<meta property=\"og:type\" content=\"article\" \/>\n<meta property=\"og:title\" content=\"R\u00e9frig\u00e9rant R-513A\" \/>\n<meta property=\"og:description\" content=\"Commandez le r\u00e9frig\u00e9rant R-513A en gros. Nous sommes un fournisseur de confiance de R-513A qui offre des performances \u00e9lev\u00e9es et respectueuses de l&#039;environnement. Livraison dans le monde entier. Commandez d\u00e8s maintenant !\" \/>\n<meta property=\"og:url\" content=\"https:\/\/refrigerant-wholesale.com\/fr\/product\/refrigerant-r-513a\/\" \/>\n<meta property=\"og:site_name\" content=\"Refrigerant Gas Wholesale\" \/>\n<meta property=\"article:publisher\" content=\"https:\/\/www.facebook.com\/refrigerantwholesale\" \/>\n<meta property=\"article:modified_time\" content=\"2025-03-01T20:35:03+00:00\" \/>\n<meta property=\"og:image\" content=\"http:\/\/refrigerant-wholesale.com\/wp-content\/uploads\/2025\/02\/2fe47f_d1e385.webp\" \/>\n\t<meta property=\"og:image:width\" content=\"480\" \/>\n\t<meta property=\"og:image:height\" content=\"650\" \/>\n\t<meta property=\"og:image:type\" content=\"image\/webp\" \/>\n<meta name=\"twitter:card\" content=\"summary_large_image\" \/>\n<meta name=\"twitter:label1\" content=\"Dur\u00e9e de lecture estim\u00e9e\" \/>\n\t<meta name=\"twitter:data1\" content=\"3 minutes\" \/>\n<script type=\"application\/ld+json\" class=\"yoast-schema-graph\">{\"@context\":\"https:\\\/\\\/schema.org\",\"@graph\":[{\"@type\":\"WebPage\",\"@id\":\"https:\\\/\\\/refrigerant-wholesale.com\\\/fr\\\/product\\\/refrigerant-r-513a\\\/\",\"url\":\"https:\\\/\\\/refrigerant-wholesale.com\\\/fr\\\/product\\\/refrigerant-r-513a\\\/\",\"name\":\"R-513A Refrigerant Wholesale Supply - WS Refrigerant\",\"isPartOf\":{\"@id\":\"https:\\\/\\\/refrigerant-wholesale.com\\\/fr\\\/#website\"},\"primaryImageOfPage\":{\"@id\":\"https:\\\/\\\/refrigerant-wholesale.com\\\/fr\\\/product\\\/refrigerant-r-513a\\\/#primaryimage\"},\"image\":{\"@id\":\"https:\\\/\\\/refrigerant-wholesale.com\\\/fr\\\/product\\\/refrigerant-r-513a\\\/#primaryimage\"},\"thumbnailUrl\":\"https:\\\/\\\/refrigerant-wholesale.com\\\/wp-content\\\/uploads\\\/2025\\\/02\\\/2fe47f_d1e385.webp\",\"datePublished\":\"2025-02-17T14:34:01+00:00\",\"dateModified\":\"2025-03-01T20:35:03+00:00\",\"description\":\"Commandez le r\u00e9frig\u00e9rant R-513A en gros. Nous sommes un fournisseur de confiance de R-513A qui offre des performances \u00e9lev\u00e9es et respectueuses de l'environnement. Livraison dans le monde entier. Commandez d\u00e8s maintenant !\",\"breadcrumb\":{\"@id\":\"https:\\\/\\\/refrigerant-wholesale.com\\\/fr\\\/product\\\/refrigerant-r-513a\\\/#breadcrumb\"},\"inLanguage\":\"fr-FR\",\"potentialAction\":[{\"@type\":\"ReadAction\",\"target\":[\"https:\\\/\\\/refrigerant-wholesale.com\\\/fr\\\/product\\\/refrigerant-r-513a\\\/\"]}]},{\"@type\":\"ImageObject\",\"inLanguage\":\"fr-FR\",\"@id\":\"https:\\\/\\\/refrigerant-wholesale.com\\\/fr\\\/product\\\/refrigerant-r-513a\\\/#primaryimage\",\"url\":\"https:\\\/\\\/refrigerant-wholesale.com\\\/wp-content\\\/uploads\\\/2025\\\/02\\\/2fe47f_d1e385.webp\",\"contentUrl\":\"https:\\\/\\\/refrigerant-wholesale.com\\\/wp-content\\\/uploads\\\/2025\\\/02\\\/2fe47f_d1e385.webp\",\"width\":480,\"height\":650,\"caption\":\"R\u00e9frig\u00e9rant R-513A en gros\"},{\"@type\":\"BreadcrumbList\",\"@id\":\"https:\\\/\\\/refrigerant-wholesale.com\\\/fr\\\/product\\\/refrigerant-r-513a\\\/#breadcrumb\",\"itemListElement\":[{\"@type\":\"ListItem\",\"position\":1,\"name\":\"Home\",\"item\":\"https:\\\/\\\/refrigerant-wholesale.com\\\/fr\\\/\"},{\"@type\":\"ListItem\",\"position\":2,\"name\":\"Boutique\",\"item\":\"https:\\\/\\\/refrigerant-wholesale.com\\\/fr\\\/boutique\\\/\"},{\"@type\":\"ListItem\",\"position\":3,\"name\":\"R\u00e9frig\u00e9rant R-513A\"}]},{\"@type\":\"WebSite\",\"@id\":\"https:\\\/\\\/refrigerant-wholesale.com\\\/fr\\\/#website\",\"url\":\"https:\\\/\\\/refrigerant-wholesale.com\\\/fr\\\/\",\"name\":\"Refrigerant Gas Wholesale\",\"description\":\"AC Gas supplier\",\"publisher\":{\"@id\":\"https:\\\/\\\/refrigerant-wholesale.com\\\/fr\\\/#organization\"},\"potentialAction\":[{\"@type\":\"SearchAction\",\"target\":{\"@type\":\"EntryPoint\",\"urlTemplate\":\"https:\\\/\\\/refrigerant-wholesale.com\\\/fr\\\/?s={search_term_string}\"},\"query-input\":{\"@type\":\"PropertyValueSpecification\",\"valueRequired\":true,\"valueName\":\"search_term_string\"}}],\"inLanguage\":\"fr-FR\"},{\"@type\":\"Organization\",\"@id\":\"https:\\\/\\\/refrigerant-wholesale.com\\\/fr\\\/#organization\",\"name\":\"Refrigerant Gas Wholesale\",\"url\":\"https:\\\/\\\/refrigerant-wholesale.com\\\/fr\\\/\",\"logo\":{\"@type\":\"ImageObject\",\"inLanguage\":\"fr-FR\",\"@id\":\"https:\\\/\\\/refrigerant-wholesale.com\\\/fr\\\/#\\\/schema\\\/logo\\\/image\\\/\",\"url\":\"http:\\\/\\\/refrigerant-wholesale.com\\\/wp-content\\\/uploads\\\/2024\\\/04\\\/refrigerant-logo.png\",\"contentUrl\":\"http:\\\/\\\/refrigerant-wholesale.com\\\/wp-content\\\/uploads\\\/2024\\\/04\\\/refrigerant-logo.png\",\"width\":400,\"height\":84,\"caption\":\"Refrigerant Gas Wholesale\"},\"image\":{\"@id\":\"https:\\\/\\\/refrigerant-wholesale.com\\\/fr\\\/#\\\/schema\\\/logo\\\/image\\\/\"},\"sameAs\":[\"https:\\\/\\\/www.facebook.com\\\/refrigerantwholesale\"]}]}<\/script>\n<!-- \/ Yoast SEO Premium plugin. -->","yoast_head_json":{"title":"R-513A Refrigerant Wholesale Supply - WS Refrigerant","description":"Commandez le r\u00e9frig\u00e9rant R-513A en gros. Nous sommes un fournisseur de confiance de R-513A qui offre des performances \u00e9lev\u00e9es et respectueuses de l'environnement. Livraison dans le monde entier. Commandez d\u00e8s maintenant !","robots":{"index":"index","follow":"follow","max-snippet":"max-snippet:-1","max-image-preview":"max-image-preview:large","max-video-preview":"max-video-preview:-1"},"canonical":"https:\/\/refrigerant-wholesale.com\/fr\/product\/refrigerant-r-513a\/","og_locale":"fr_FR","og_type":"article","og_title":"R\u00e9frig\u00e9rant R-513A","og_description":"Commandez le r\u00e9frig\u00e9rant R-513A en gros. Nous sommes un fournisseur de confiance de R-513A qui offre des performances \u00e9lev\u00e9es et respectueuses de l'environnement. Livraison dans le monde entier. Commandez d\u00e8s maintenant !","og_url":"https:\/\/refrigerant-wholesale.com\/fr\/product\/refrigerant-r-513a\/","og_site_name":"Refrigerant Gas Wholesale","article_publisher":"https:\/\/www.facebook.com\/refrigerantwholesale","article_modified_time":"2025-03-01T20:35:03+00:00","og_image":[{"width":480,"height":650,"url":"http:\/\/refrigerant-wholesale.com\/wp-content\/uploads\/2025\/02\/2fe47f_d1e385.webp","type":"image\/webp"}],"twitter_card":"summary_large_image","twitter_misc":{"Dur\u00e9e de lecture estim\u00e9e":"3 minutes"},"schema":{"@context":"https:\/\/schema.org","@graph":[{"@type":"WebPage","@id":"https:\/\/refrigerant-wholesale.com\/fr\/product\/refrigerant-r-513a\/","url":"https:\/\/refrigerant-wholesale.com\/fr\/product\/refrigerant-r-513a\/","name":"R-513A Refrigerant Wholesale Supply - WS Refrigerant","isPartOf":{"@id":"https:\/\/refrigerant-wholesale.com\/fr\/#website"},"primaryImageOfPage":{"@id":"https:\/\/refrigerant-wholesale.com\/fr\/product\/refrigerant-r-513a\/#primaryimage"},"image":{"@id":"https:\/\/refrigerant-wholesale.com\/fr\/product\/refrigerant-r-513a\/#primaryimage"},"thumbnailUrl":"https:\/\/refrigerant-wholesale.com\/wp-content\/uploads\/2025\/02\/2fe47f_d1e385.webp","datePublished":"2025-02-17T14:34:01+00:00","dateModified":"2025-03-01T20:35:03+00:00","description":"Commandez le r\u00e9frig\u00e9rant R-513A en gros. Nous sommes un fournisseur de confiance de R-513A qui offre des performances \u00e9lev\u00e9es et respectueuses de l'environnement. Livraison dans le monde entier. Commandez d\u00e8s maintenant !","breadcrumb":{"@id":"https:\/\/refrigerant-wholesale.com\/fr\/product\/refrigerant-r-513a\/#breadcrumb"},"inLanguage":"fr-FR","potentialAction":[{"@type":"ReadAction","target":["https:\/\/refrigerant-wholesale.com\/fr\/product\/refrigerant-r-513a\/"]}]},{"@type":"ImageObject","inLanguage":"fr-FR","@id":"https:\/\/refrigerant-wholesale.com\/fr\/product\/refrigerant-r-513a\/#primaryimage","url":"https:\/\/refrigerant-wholesale.com\/wp-content\/uploads\/2025\/02\/2fe47f_d1e385.webp","contentUrl":"https:\/\/refrigerant-wholesale.com\/wp-content\/uploads\/2025\/02\/2fe47f_d1e385.webp","width":480,"height":650,"caption":"R\u00e9frig\u00e9rant R-513A en gros"},{"@type":"BreadcrumbList","@id":"https:\/\/refrigerant-wholesale.com\/fr\/product\/refrigerant-r-513a\/#breadcrumb","itemListElement":[{"@type":"ListItem","position":1,"name":"Home","item":"https:\/\/refrigerant-wholesale.com\/fr\/"},{"@type":"ListItem","position":2,"name":"Boutique","item":"https:\/\/refrigerant-wholesale.com\/fr\/boutique\/"},{"@type":"ListItem","position":3,"name":"R\u00e9frig\u00e9rant R-513A"}]},{"@type":"WebSite","@id":"https:\/\/refrigerant-wholesale.com\/fr\/#website","url":"https:\/\/refrigerant-wholesale.com\/fr\/","name":"Refrigerant Gas Wholesale","description":"AC Gas supplier","publisher":{"@id":"https:\/\/refrigerant-wholesale.com\/fr\/#organization"},"potentialAction":[{"@type":"SearchAction","target":{"@type":"EntryPoint","urlTemplate":"https:\/\/refrigerant-wholesale.com\/fr\/?s={search_term_string}"},"query-input":{"@type":"PropertyValueSpecification","valueRequired":true,"valueName":"search_term_string"}}],"inLanguage":"fr-FR"},{"@type":"Organization","@id":"https:\/\/refrigerant-wholesale.com\/fr\/#organization","name":"Refrigerant Gas Wholesale","url":"https:\/\/refrigerant-wholesale.com\/fr\/","logo":{"@type":"ImageObject","inLanguage":"fr-FR","@id":"https:\/\/refrigerant-wholesale.com\/fr\/#\/schema\/logo\/image\/","url":"http:\/\/refrigerant-wholesale.com\/wp-content\/uploads\/2024\/04\/refrigerant-logo.png","contentUrl":"http:\/\/refrigerant-wholesale.com\/wp-content\/uploads\/2024\/04\/refrigerant-logo.png","width":400,"height":84,"caption":"Refrigerant Gas Wholesale"},"image":{"@id":"https:\/\/refrigerant-wholesale.com\/fr\/#\/schema\/logo\/image\/"},"sameAs":["https:\/\/www.facebook.com\/refrigerantwholesale"]}]}},"_links":{"self":[{"href":"https:\/\/refrigerant-wholesale.com\/fr\/wp-json\/wp\/v2\/product\/2091","targetHints":{"allow":["GET"]}}],"collection":[{"href":"https:\/\/refrigerant-wholesale.com\/fr\/wp-json\/wp\/v2\/product"}],"about":[{"href":"https:\/\/refrigerant-wholesale.com\/fr\/wp-json\/wp\/v2\/types\/product"}],"replies":[{"embeddable":true,"href":"https:\/\/refrigerant-wholesale.com\/fr\/wp-json\/wp\/v2\/comments?post=2091"}],"wp:featuredmedia":[{"embeddable":true,"href":"https:\/\/refrigerant-wholesale.com\/fr\/wp-json\/wp\/v2\/media\/1989"}],"wp:attachment":[{"href":"https:\/\/refrigerant-wholesale.com\/fr\/wp-json\/wp\/v2\/media?parent=2091"}],"wp:term":[{"taxonomy":"product_brand","embeddable":true,"href":"https:\/\/refrigerant-wholesale.com\/fr\/wp-json\/wp\/v2\/product_brand?post=2091"},{"taxonomy":"product_cat","embeddable":true,"href":"https:\/\/refrigerant-wholesale.com\/fr\/wp-json\/wp\/v2\/product_cat?post=2091"},{"taxonomy":"product_tag","embeddable":true,"href":"https:\/\/refrigerant-wholesale.com\/fr\/wp-json\/wp\/v2\/product_tag?post=2091"}],"curies":[{"name":"wp","href":"https:\/\/api.w.org\/{rel}","templated":true}]}}