{"id":2089,"date":"2025-02-17T15:10:14","date_gmt":"2025-02-17T15:10:14","guid":{"rendered":"https:\/\/refrigerant-wholesale.com\/product\/refrigerant-r-450a\/"},"modified":"2025-03-01T20:35:01","modified_gmt":"2025-03-01T20:35:01","slug":"refrigerant-r-450a","status":"publish","type":"product","link":"https:\/\/refrigerant-wholesale.com\/fr\/product\/refrigerant-r-450a\/","title":{"rendered":"R\u00e9frig\u00e9rant R-450A"},"content":{"rendered":"<p>Vous recherchez des fluides frigorig\u00e8nes de haute qualit\u00e9, respectueux de l&rsquo;environnement et \u00e0 des prix comp\u00e9titifs ? Ne cherchez pas plus loin ! Nous sommes un <strong>fournisseur<\/strong> leader <strong>de R-450A<\/strong>, offrant des <strong>r\u00e9frig\u00e9rants R-450A<\/strong> de premi\u00e8re qualit\u00e9 <strong>en gros<\/strong> \u00e0 des clients du monde entier. Que vous soyez un professionnel du chauffage, de la ventilation et de la climatisation, un entrepreneur commercial ou un distributeur \u00e0 grande \u00e9chelle, nous avons ce qu&rsquo;il vous faut. Avec une livraison rapide, des prix imbattables et un service client de premier ordre, nous sommes votre solution unique pour tous vos besoins en r\u00e9frig\u00e9rant.    <\/p>\n<hr>\n<h3><strong>Pourquoi choisir le r\u00e9frig\u00e9rant R-450A ?<\/strong><\/h3>\n<p>Le R-450A est un r\u00e9frig\u00e9rant de nouvelle g\u00e9n\u00e9ration qui n&rsquo;appauvrit pas la couche d&rsquo;ozone et qui est con\u00e7u pour remplacer le <a href=\"https:\/\/refrigerant-wholesale.com\/product\/cheap-r134a-refrigerant\/\">R-134a<\/a> dans diverses applications. Il s&rsquo;agit d&rsquo;un m\u00e9lange de R-1234ze et de R-134a, qui offre d&rsquo;excellentes propri\u00e9t\u00e9s thermodynamiques tout en r\u00e9duisant le potentiel de r\u00e9chauffement de la plan\u00e8te (PRP). Voici pourquoi le R-450A se distingue :  <\/p>\n<ul>\n<li><strong>\u00c9cologique<\/strong>: avec un PRP de seulement 547, le <a href=\"https:\/\/www.google.com\/search?sca_esv=46e212da3fac3ef4&amp;rlz=1C1CHZN_en__1007__1007&amp;sxsrf=AHTn8zqkcY0v042IYMMRkNtYEY_hyEFPpg:1739804130731&amp;q=r-450a+refrigerant&amp;source=lnms&amp;fbs=ABzOT_AeWVZgM1ygG9loIv1sab0j2HB687sEni7_6XgT5zHBctPQQWJnv2cP3Dmrkn2lJOgDwZrMNv46EJI3VkcEdA60AF3CvcxGGqWanbrf4R5scYWSapL3iKOZrazLhtKzAkMiSVcgh16PkjTRTZsEi7lmHq_IyKbwWxypaUA2GTUZdQIoNCjC6kHsuybIU_YzDPVwftxAjFIzkI4w5WOZE4ZAPIqChw&amp;sa=X&amp;ved=2ahUKEwj-nsO5-8qLAxUASvEDHcriGHwQ0pQJegQIFBAB&amp;biw=1463&amp;bih=662&amp;dpr=1.75\">R-450A<\/a> est un choix durable.<\/li>\n<li><strong>Efficace sur le plan \u00e9nerg\u00e9tique<\/strong>: Offre des performances de refroidissement optimales avec une consommation d&rsquo;\u00e9nergie r\u00e9duite.<\/li>\n<li><strong>S\u00fbr et fiable<\/strong>: Ininflammable et compatible avec les syst\u00e8mes R-134a existants.<\/li>\n<li><strong>Conformit\u00e9 r\u00e9glementaire<\/strong>: Conforme aux normes environnementales mondiales, y compris les r\u00e9glementations EPA et F-Gas.<\/li>\n<\/ul>\n<hr>\n<h3><strong>Applications du r\u00e9frig\u00e9rant R-450A<\/strong><\/h3>\n<p>Le R-450A est polyvalent et largement utilis\u00e9 dans :<\/p>\n<ul>\n<li>Syst\u00e8mes de r\u00e9frig\u00e9ration commerciale<\/li>\n<li>Refroidisseurs et unit\u00e9s de conditionnement d&rsquo;air<\/li>\n<li>Vitrines de supermarch\u00e9<\/li>\n<li>Installations d&rsquo;entreposage frigorifique<\/li>\n<li>Climatisation automobile (le cas \u00e9ch\u00e9ant)<\/li>\n<\/ul>\n<hr>\n<h3><strong>R-450A Refrigerant Wholesale &#8211; Prix comp\u00e9titifs<\/strong><\/h3>\n<p>Nous comprenons l&rsquo;importance de la rentabilit\u00e9 pour votre entreprise. C&rsquo;est pourquoi nous proposons le <strong>r\u00e9frig\u00e9rant R-450A en gros<\/strong> \u00e0 des prix imbattables. Nos options d&rsquo;achat en gros vous permettent d&rsquo;obtenir la meilleure valeur pour votre investissement. De plus, nous livrons dans le monde entier, donc o\u00f9 que vous soyez, vous pouvez compter sur nous pour une livraison rapide.   <\/p>\n<hr>\n<h3><strong>Sp\u00e9cifications techniques du r\u00e9frig\u00e9rant R-450A<\/strong><\/h3>\n<table>\n<thead>\n<tr>\n<th><strong>Propri\u00e9t\u00e9<\/strong><\/th>\n<th><strong>Valeur<\/strong><\/th>\n<\/tr>\n<\/thead>\n<tbody>\n<tr>\n<td>Nom chimique<\/td>\n<td>M\u00e9lange R-1234ze \/ R-134a<\/td>\n<\/tr>\n<tr>\n<td>Potentiel de r\u00e9chauffement global (PRG)<\/td>\n<td>547<\/td>\n<\/tr>\n<tr>\n<td>Potentiel d&rsquo;appauvrissement de la couche d&rsquo;ozone (ODP)<\/td>\n<td>0<\/td>\n<\/tr>\n<tr>\n<td>Point d&rsquo;\u00e9bullition<\/td>\n<td>-27,4\u00b0C (-17,3\u00b0F)<\/td>\n<\/tr>\n<tr>\n<td>Temp\u00e9rature critique<\/td>\n<td>109,4\u00b0C (228,9\u00b0F)<\/td>\n<\/tr>\n<tr>\n<td>Pression critique<\/td>\n<td>34,7 bar (503,2 psi)<\/td>\n<\/tr>\n<tr>\n<td>Inflammabilit\u00e9<\/td>\n<td>Ininflammable<\/td>\n<\/tr>\n<tr>\n<td>Compatibilit\u00e9<\/td>\n<td>Syst\u00e8mes au R-134a<\/td>\n<\/tr>\n<\/tbody>\n<\/table>\n<hr>\n<h3><strong>Avantages d&rsquo;acheter chez nous<\/strong><\/h3>\n<ol start=\"1\">\n<li><strong>Exp\u00e9dition mondiale<\/strong>: Nous exp\u00e9dions le <strong>r\u00e9frig\u00e9rant R-450A en gros<\/strong> dans plus de 100 pays.<\/li>\n<li><strong>Remises en gros<\/strong>: \u00c9conomisez davantage gr\u00e2ce \u00e0 nos prix de gros pour les commandes importantes.<\/li>\n<li><strong>Assurance qualit\u00e9<\/strong>: Nos produits r\u00e9pondent aux normes internationales et sont rigoureusement test\u00e9s.<\/li>\n<li><strong>Assistance d&rsquo;un expert<\/strong>: Notre \u00e9quipe est disponible 24 heures sur 24 et 7 jours sur 7 pour r\u00e9pondre aux questions techniques.<\/li>\n<li><strong>Livraison rapide<\/strong>: Votre commande est livr\u00e9e \u00e0 temps, \u00e0 chaque fois.<\/li>\n<\/ol>\n<hr>\n<h3><strong>Comment commander du r\u00e9frig\u00e9rant R-450A en gros<\/strong><\/h3>\n<p>Commander chez nous est simple et sans probl\u00e8me. Suivez les \u00e9tapes suivantes : <\/p>\n<ol start=\"1\">\n<li><strong>Contactez-nous<\/strong>: Contactez-nous par courrier \u00e9lectronique, par t\u00e9l\u00e9phone ou sur notre site web.<\/li>\n<li><strong>Obtenez un devis<\/strong>: Nous vous fournirons un devis comp\u00e9titif en fonction de vos besoins.<\/li>\n<li><strong>Passez votre commande<\/strong>: Confirmez votre commande et nous la traiterons imm\u00e9diatement.<\/li>\n<li><strong>Suivez votre envoi<\/strong>: Recevez des mises \u00e0 jour en temps r\u00e9el sur votre livraison.<\/li>\n<\/ol>\n<hr>\n<h3><strong>Foire aux questions (FAQ)<\/strong><\/h3>\n<p><strong>Q : Le R-450A est-il compatible avec les syst\u00e8mes au R-134a ?<\/strong><br \/>\nR : Oui, le R-450A est con\u00e7u pour remplacer le R-134a dans la plupart des syst\u00e8mes.<\/p>\n<p><strong>Q : Quelle est la dur\u00e9e de conservation du R-450A ?<\/strong><br \/>\nR : Lorsqu&rsquo;il est stock\u00e9 correctement, le R-450A a une dur\u00e9e de conservation pouvant aller jusqu&rsquo;\u00e0 10 ans.<\/p>\n<p><strong>Q : Proposez-vous des emballages personnalis\u00e9s ?<\/strong><br \/>\nR : Oui, nous proposons des options d&#8217;emballage personnalis\u00e9es pour les commandes en gros.<\/p>\n<p><strong>Q : Quelle est la quantit\u00e9 minimale de commande ?<\/strong><br \/>\nR : Contactez-nous pour plus de d\u00e9tails sur les quantit\u00e9s minimales de commande et les prix.<\/p>\n<hr>\n<h3><strong>Pourquoi sommes-nous le meilleur fournisseur de R-450A ?<\/strong><\/h3>\n<p>Avec des ann\u00e9es d&rsquo;exp\u00e9rience dans l&rsquo;industrie du r\u00e9frig\u00e9rant, nous avons acquis une r\u00e9putation de fiabilit\u00e9, de qualit\u00e9 et de satisfaction de la client\u00e8le. Notre engagement en faveur du d\u00e9veloppement durable et de l&rsquo;innovation nous distingue de la concurrence. En nous choisissant comme <strong>fournisseur de R-450A<\/strong>, vous n&rsquo;achetez pas seulement un produit, vous investissez dans un partenariat qui valorise votre r\u00e9ussite.  <\/p>\n<hr>\n<h3><strong>T\u00e9moignages de clients<\/strong><\/h3>\n<p><em>\u00ab\u00a0Le r\u00e9frig\u00e9rant R-450A que nous avons achet\u00e9 \u00e9tait de premi\u00e8re qualit\u00e9. La livraison a \u00e9t\u00e9 rapide et le prix imbattable. Je vous le recommande vivement !\u00a0\u00bb<\/em> &#8211; John D., Entrepreneur en CVC<\/p>\n<p><em>\u00ab\u00a0Excellent service et produits de haute qualit\u00e9. Nous travaillons avec eux depuis des ann\u00e9es et nous ne pourrions \u00eatre plus satisfaits.\u00a0\u00bb<\/em> &#8211; Sarah L., propri\u00e9taire d&rsquo;un entrep\u00f4t frigorifique<\/p>\n<hr>\n<h3><strong>Contactez-nous d\u00e8s aujourd&rsquo;hui<\/strong><\/h3>\n<p>Vous \u00eates pr\u00eat \u00e0 passer votre commande ou vous avez besoin de plus d&rsquo;informations ? Contactez nous d\u00e8s maintenant ! <\/p>\n<hr>\n<h3><strong>Conclusion<\/strong><\/h3>\n<p>Lorsqu&rsquo;il s&rsquo;agit de <strong>vente en gros de r\u00e9frig\u00e9rant R-450A<\/strong>, nous sommes le choix de confiance des entreprises du monde entier. Nos produits respectueux de l&rsquo;environnement, nos prix comp\u00e9titifs et nos livraisons internationales font de nous le <strong>fournisseur de R-450A<\/strong> par excellence. N&rsquo;attendez pas &#8211; contactez-nous d\u00e8s aujourd&rsquo;hui et d\u00e9couvrez la diff\u00e9rence !  <\/p>\n","protected":false},"excerpt":{"rendered":"<p>Vous recherchez des fluides frigorig\u00e8nes de haute qualit\u00e9, respectueux de l&rsquo;environnement et \u00e0 des prix comp\u00e9titifs ? Ne cherchez pas plus loin ! Nous sommes un fournisseur leader de R-450A, offrant des r\u00e9frig\u00e9rants R-450A de premi\u00e8re qualit\u00e9 en gros \u00e0 des clients du monde entier. Que vous soyez un professionnel du chauffage, de la ventilation [&#8230;]\n","protected":false},"featured_media":1992,"comment_status":"open","ping_status":"closed","template":"","meta":[],"product_brand":[],"product_cat":[269],"product_tag":[313,322,320,317,318,314,315,311,321,310,316,312,319,323],"class_list":{"0":"post-2089","1":"product","2":"type-product","3":"status-publish","4":"has-post-thumbnail","6":"product_cat-non-categorise","7":"product_tag-acheter-r-450a","8":"product_tag-applications-du-r-450a","9":"product_tag-compatibilite-avec-le-r-450a","10":"product_tag-prix-du-r-450a","11":"product_tag-r-450a-a-vendre","12":"product_tag-r-450a-en-vrac","13":"product_tag-r-450a-expedition-mondiale","14":"product_tag-r-450a-fournisseur","15":"product_tag-r-450a-prp","16":"product_tag-r-450a-refrigerant-en-gros","17":"product_tag-refrigerant-ecologique","18":"product_tag-refrigerant-r-450a","19":"product_tag-remplacement-du-r-450a","20":"product_tag-specifications-techniques-du-r-450a","22":"first","23":"instock","24":"shipping-taxable","25":"product-type-simple"},"yoast_head":"<!-- This site is optimized with the Yoast SEO Premium plugin v27.0 (Yoast SEO v27.3) - https:\/\/yoast.com\/product\/yoast-seo-premium-wordpress\/ -->\n<title>R-450A Refrigerant Wholesale - Your Trusted Global Supplier<\/title>\n<meta name=\"description\" content=\"R-450A R\u00e9frig\u00e9rant en gros, R-450A Fournisseur, R-450A en vrac, R-450A prix, R-450A compatibilit\u00e9, R-450A GWP, R-450A sp\u00e9cifications techniques.\" \/>\n<meta name=\"robots\" content=\"index, follow, max-snippet:-1, max-image-preview:large, max-video-preview:-1\" \/>\n<link rel=\"canonical\" href=\"https:\/\/refrigerant-wholesale.com\/fr\/product\/refrigerant-r-450a\/\" \/>\n<meta property=\"og:locale\" content=\"fr_FR\" \/>\n<meta property=\"og:type\" content=\"article\" \/>\n<meta property=\"og:title\" content=\"R\u00e9frig\u00e9rant R-450A\" \/>\n<meta property=\"og:description\" content=\"R-450A R\u00e9frig\u00e9rant en gros, R-450A Fournisseur, R-450A en vrac, R-450A prix, R-450A compatibilit\u00e9, R-450A GWP, R-450A sp\u00e9cifications techniques.\" \/>\n<meta property=\"og:url\" content=\"https:\/\/refrigerant-wholesale.com\/fr\/product\/refrigerant-r-450a\/\" \/>\n<meta property=\"og:site_name\" content=\"Refrigerant Gas Wholesale\" \/>\n<meta property=\"article:publisher\" content=\"https:\/\/www.facebook.com\/refrigerantwholesale\" \/>\n<meta property=\"article:modified_time\" content=\"2025-03-01T20:35:01+00:00\" \/>\n<meta property=\"og:image\" content=\"http:\/\/refrigerant-wholesale.com\/wp-content\/uploads\/2025\/02\/R450A-Refrigerant.jpg\" \/>\n\t<meta property=\"og:image:width\" content=\"500\" \/>\n\t<meta property=\"og:image:height\" content=\"500\" \/>\n\t<meta property=\"og:image:type\" content=\"image\/jpeg\" \/>\n<meta name=\"twitter:card\" content=\"summary_large_image\" \/>\n<meta name=\"twitter:label1\" content=\"Dur\u00e9e de lecture estim\u00e9e\" \/>\n\t<meta name=\"twitter:data1\" content=\"5 minutes\" \/>\n<script type=\"application\/ld+json\" class=\"yoast-schema-graph\">{\"@context\":\"https:\\\/\\\/schema.org\",\"@graph\":[{\"@type\":\"WebPage\",\"@id\":\"https:\\\/\\\/refrigerant-wholesale.com\\\/fr\\\/product\\\/refrigerant-r-450a\\\/\",\"url\":\"https:\\\/\\\/refrigerant-wholesale.com\\\/fr\\\/product\\\/refrigerant-r-450a\\\/\",\"name\":\"R-450A Refrigerant Wholesale - Your Trusted Global Supplier\",\"isPartOf\":{\"@id\":\"https:\\\/\\\/refrigerant-wholesale.com\\\/fr\\\/#website\"},\"primaryImageOfPage\":{\"@id\":\"https:\\\/\\\/refrigerant-wholesale.com\\\/fr\\\/product\\\/refrigerant-r-450a\\\/#primaryimage\"},\"image\":{\"@id\":\"https:\\\/\\\/refrigerant-wholesale.com\\\/fr\\\/product\\\/refrigerant-r-450a\\\/#primaryimage\"},\"thumbnailUrl\":\"https:\\\/\\\/refrigerant-wholesale.com\\\/wp-content\\\/uploads\\\/2025\\\/02\\\/R450A-Refrigerant.jpg\",\"datePublished\":\"2025-02-17T15:10:14+00:00\",\"dateModified\":\"2025-03-01T20:35:01+00:00\",\"description\":\"R-450A R\u00e9frig\u00e9rant en gros, R-450A Fournisseur, R-450A en vrac, R-450A prix, R-450A compatibilit\u00e9, R-450A GWP, R-450A sp\u00e9cifications techniques.\",\"breadcrumb\":{\"@id\":\"https:\\\/\\\/refrigerant-wholesale.com\\\/fr\\\/product\\\/refrigerant-r-450a\\\/#breadcrumb\"},\"inLanguage\":\"fr-FR\",\"potentialAction\":[{\"@type\":\"ReadAction\",\"target\":[\"https:\\\/\\\/refrigerant-wholesale.com\\\/fr\\\/product\\\/refrigerant-r-450a\\\/\"]}]},{\"@type\":\"ImageObject\",\"inLanguage\":\"fr-FR\",\"@id\":\"https:\\\/\\\/refrigerant-wholesale.com\\\/fr\\\/product\\\/refrigerant-r-450a\\\/#primaryimage\",\"url\":\"https:\\\/\\\/refrigerant-wholesale.com\\\/wp-content\\\/uploads\\\/2025\\\/02\\\/R450A-Refrigerant.jpg\",\"contentUrl\":\"https:\\\/\\\/refrigerant-wholesale.com\\\/wp-content\\\/uploads\\\/2025\\\/02\\\/R450A-Refrigerant.jpg\",\"width\":500,\"height\":500,\"caption\":\"R-450A R\u00e9frig\u00e9rant en gros, R-450A Fournisseur, R-450A en vrac, R-450A prix, R-450A compatibilit\u00e9, R-450A GWP, R-450A sp\u00e9cifications techniques.\"},{\"@type\":\"BreadcrumbList\",\"@id\":\"https:\\\/\\\/refrigerant-wholesale.com\\\/fr\\\/product\\\/refrigerant-r-450a\\\/#breadcrumb\",\"itemListElement\":[{\"@type\":\"ListItem\",\"position\":1,\"name\":\"Home\",\"item\":\"https:\\\/\\\/refrigerant-wholesale.com\\\/fr\\\/\"},{\"@type\":\"ListItem\",\"position\":2,\"name\":\"Boutique\",\"item\":\"https:\\\/\\\/refrigerant-wholesale.com\\\/fr\\\/boutique\\\/\"},{\"@type\":\"ListItem\",\"position\":3,\"name\":\"R\u00e9frig\u00e9rant R-450A\"}]},{\"@type\":\"WebSite\",\"@id\":\"https:\\\/\\\/refrigerant-wholesale.com\\\/fr\\\/#website\",\"url\":\"https:\\\/\\\/refrigerant-wholesale.com\\\/fr\\\/\",\"name\":\"Refrigerant Gas Wholesale\",\"description\":\"AC Gas supplier\",\"publisher\":{\"@id\":\"https:\\\/\\\/refrigerant-wholesale.com\\\/fr\\\/#organization\"},\"potentialAction\":[{\"@type\":\"SearchAction\",\"target\":{\"@type\":\"EntryPoint\",\"urlTemplate\":\"https:\\\/\\\/refrigerant-wholesale.com\\\/fr\\\/?s={search_term_string}\"},\"query-input\":{\"@type\":\"PropertyValueSpecification\",\"valueRequired\":true,\"valueName\":\"search_term_string\"}}],\"inLanguage\":\"fr-FR\"},{\"@type\":\"Organization\",\"@id\":\"https:\\\/\\\/refrigerant-wholesale.com\\\/fr\\\/#organization\",\"name\":\"Refrigerant Gas Wholesale\",\"url\":\"https:\\\/\\\/refrigerant-wholesale.com\\\/fr\\\/\",\"logo\":{\"@type\":\"ImageObject\",\"inLanguage\":\"fr-FR\",\"@id\":\"https:\\\/\\\/refrigerant-wholesale.com\\\/fr\\\/#\\\/schema\\\/logo\\\/image\\\/\",\"url\":\"http:\\\/\\\/refrigerant-wholesale.com\\\/wp-content\\\/uploads\\\/2024\\\/04\\\/refrigerant-logo.png\",\"contentUrl\":\"http:\\\/\\\/refrigerant-wholesale.com\\\/wp-content\\\/uploads\\\/2024\\\/04\\\/refrigerant-logo.png\",\"width\":400,\"height\":84,\"caption\":\"Refrigerant Gas Wholesale\"},\"image\":{\"@id\":\"https:\\\/\\\/refrigerant-wholesale.com\\\/fr\\\/#\\\/schema\\\/logo\\\/image\\\/\"},\"sameAs\":[\"https:\\\/\\\/www.facebook.com\\\/refrigerantwholesale\"]}]}<\/script>\n<!-- \/ Yoast SEO Premium plugin. -->","yoast_head_json":{"title":"R-450A Refrigerant Wholesale - Your Trusted Global Supplier","description":"R-450A R\u00e9frig\u00e9rant en gros, R-450A Fournisseur, R-450A en vrac, R-450A prix, R-450A compatibilit\u00e9, R-450A GWP, R-450A sp\u00e9cifications techniques.","robots":{"index":"index","follow":"follow","max-snippet":"max-snippet:-1","max-image-preview":"max-image-preview:large","max-video-preview":"max-video-preview:-1"},"canonical":"https:\/\/refrigerant-wholesale.com\/fr\/product\/refrigerant-r-450a\/","og_locale":"fr_FR","og_type":"article","og_title":"R\u00e9frig\u00e9rant R-450A","og_description":"R-450A R\u00e9frig\u00e9rant en gros, R-450A Fournisseur, R-450A en vrac, R-450A prix, R-450A compatibilit\u00e9, R-450A GWP, R-450A sp\u00e9cifications techniques.","og_url":"https:\/\/refrigerant-wholesale.com\/fr\/product\/refrigerant-r-450a\/","og_site_name":"Refrigerant Gas Wholesale","article_publisher":"https:\/\/www.facebook.com\/refrigerantwholesale","article_modified_time":"2025-03-01T20:35:01+00:00","og_image":[{"width":500,"height":500,"url":"http:\/\/refrigerant-wholesale.com\/wp-content\/uploads\/2025\/02\/R450A-Refrigerant.jpg","type":"image\/jpeg"}],"twitter_card":"summary_large_image","twitter_misc":{"Dur\u00e9e de lecture estim\u00e9e":"5 minutes"},"schema":{"@context":"https:\/\/schema.org","@graph":[{"@type":"WebPage","@id":"https:\/\/refrigerant-wholesale.com\/fr\/product\/refrigerant-r-450a\/","url":"https:\/\/refrigerant-wholesale.com\/fr\/product\/refrigerant-r-450a\/","name":"R-450A Refrigerant Wholesale - Your Trusted Global Supplier","isPartOf":{"@id":"https:\/\/refrigerant-wholesale.com\/fr\/#website"},"primaryImageOfPage":{"@id":"https:\/\/refrigerant-wholesale.com\/fr\/product\/refrigerant-r-450a\/#primaryimage"},"image":{"@id":"https:\/\/refrigerant-wholesale.com\/fr\/product\/refrigerant-r-450a\/#primaryimage"},"thumbnailUrl":"https:\/\/refrigerant-wholesale.com\/wp-content\/uploads\/2025\/02\/R450A-Refrigerant.jpg","datePublished":"2025-02-17T15:10:14+00:00","dateModified":"2025-03-01T20:35:01+00:00","description":"R-450A R\u00e9frig\u00e9rant en gros, R-450A Fournisseur, R-450A en vrac, R-450A prix, R-450A compatibilit\u00e9, R-450A GWP, R-450A sp\u00e9cifications techniques.","breadcrumb":{"@id":"https:\/\/refrigerant-wholesale.com\/fr\/product\/refrigerant-r-450a\/#breadcrumb"},"inLanguage":"fr-FR","potentialAction":[{"@type":"ReadAction","target":["https:\/\/refrigerant-wholesale.com\/fr\/product\/refrigerant-r-450a\/"]}]},{"@type":"ImageObject","inLanguage":"fr-FR","@id":"https:\/\/refrigerant-wholesale.com\/fr\/product\/refrigerant-r-450a\/#primaryimage","url":"https:\/\/refrigerant-wholesale.com\/wp-content\/uploads\/2025\/02\/R450A-Refrigerant.jpg","contentUrl":"https:\/\/refrigerant-wholesale.com\/wp-content\/uploads\/2025\/02\/R450A-Refrigerant.jpg","width":500,"height":500,"caption":"R-450A R\u00e9frig\u00e9rant en gros, R-450A Fournisseur, R-450A en vrac, R-450A prix, R-450A compatibilit\u00e9, R-450A GWP, R-450A sp\u00e9cifications techniques."},{"@type":"BreadcrumbList","@id":"https:\/\/refrigerant-wholesale.com\/fr\/product\/refrigerant-r-450a\/#breadcrumb","itemListElement":[{"@type":"ListItem","position":1,"name":"Home","item":"https:\/\/refrigerant-wholesale.com\/fr\/"},{"@type":"ListItem","position":2,"name":"Boutique","item":"https:\/\/refrigerant-wholesale.com\/fr\/boutique\/"},{"@type":"ListItem","position":3,"name":"R\u00e9frig\u00e9rant R-450A"}]},{"@type":"WebSite","@id":"https:\/\/refrigerant-wholesale.com\/fr\/#website","url":"https:\/\/refrigerant-wholesale.com\/fr\/","name":"Refrigerant Gas Wholesale","description":"AC Gas supplier","publisher":{"@id":"https:\/\/refrigerant-wholesale.com\/fr\/#organization"},"potentialAction":[{"@type":"SearchAction","target":{"@type":"EntryPoint","urlTemplate":"https:\/\/refrigerant-wholesale.com\/fr\/?s={search_term_string}"},"query-input":{"@type":"PropertyValueSpecification","valueRequired":true,"valueName":"search_term_string"}}],"inLanguage":"fr-FR"},{"@type":"Organization","@id":"https:\/\/refrigerant-wholesale.com\/fr\/#organization","name":"Refrigerant Gas Wholesale","url":"https:\/\/refrigerant-wholesale.com\/fr\/","logo":{"@type":"ImageObject","inLanguage":"fr-FR","@id":"https:\/\/refrigerant-wholesale.com\/fr\/#\/schema\/logo\/image\/","url":"http:\/\/refrigerant-wholesale.com\/wp-content\/uploads\/2024\/04\/refrigerant-logo.png","contentUrl":"http:\/\/refrigerant-wholesale.com\/wp-content\/uploads\/2024\/04\/refrigerant-logo.png","width":400,"height":84,"caption":"Refrigerant Gas Wholesale"},"image":{"@id":"https:\/\/refrigerant-wholesale.com\/fr\/#\/schema\/logo\/image\/"},"sameAs":["https:\/\/www.facebook.com\/refrigerantwholesale"]}]}},"_links":{"self":[{"href":"https:\/\/refrigerant-wholesale.com\/fr\/wp-json\/wp\/v2\/product\/2089","targetHints":{"allow":["GET"]}}],"collection":[{"href":"https:\/\/refrigerant-wholesale.com\/fr\/wp-json\/wp\/v2\/product"}],"about":[{"href":"https:\/\/refrigerant-wholesale.com\/fr\/wp-json\/wp\/v2\/types\/product"}],"replies":[{"embeddable":true,"href":"https:\/\/refrigerant-wholesale.com\/fr\/wp-json\/wp\/v2\/comments?post=2089"}],"wp:featuredmedia":[{"embeddable":true,"href":"https:\/\/refrigerant-wholesale.com\/fr\/wp-json\/wp\/v2\/media\/1992"}],"wp:attachment":[{"href":"https:\/\/refrigerant-wholesale.com\/fr\/wp-json\/wp\/v2\/media?parent=2089"}],"wp:term":[{"taxonomy":"product_brand","embeddable":true,"href":"https:\/\/refrigerant-wholesale.com\/fr\/wp-json\/wp\/v2\/product_brand?post=2089"},{"taxonomy":"product_cat","embeddable":true,"href":"https:\/\/refrigerant-wholesale.com\/fr\/wp-json\/wp\/v2\/product_cat?post=2089"},{"taxonomy":"product_tag","embeddable":true,"href":"https:\/\/refrigerant-wholesale.com\/fr\/wp-json\/wp\/v2\/product_tag?post=2089"}],"curies":[{"name":"wp","href":"https:\/\/api.w.org\/{rel}","templated":true}]}}