{"id":2045,"date":"2024-03-21T20:19:23","date_gmt":"2024-03-21T20:19:23","guid":{"rendered":"https:\/\/refrigerant-wholesale.com\/expedition-et-livraison\/"},"modified":"2025-03-01T20:34:50","modified_gmt":"2025-03-01T20:34:50","slug":"expedition-et-livraison","status":"publish","type":"page","link":"https:\/\/refrigerant-wholesale.com\/fr\/expedition-et-livraison\/","title":{"rendered":"Exp\u00e9dition et livraison"},"content":{"rendered":"\n<div class=\"row\"  id=\"row-1660621146\">\n\n\n\t<div id=\"col-1121536840\" class=\"col small-12 large-12\"  >\n\t\t\t\t<div class=\"col-inner\"  >\n\t\t\t\n\t\t\t\n\n<div class=\"row\"  id=\"row-1090658119\">\n\n\n\t<div id=\"col-1775128741\" class=\"col small-12 large-12\"  >\n\t\t\t\t<div class=\"col-inner\"  >\n\t\t\t\n\t\t\t\n\n<h2 style=\"text-align: center;\">Exp\u00e9dition et livraison<\/h2>\n\n\t\t<\/div>\n\t\t\t\t\t<\/div>\n\n\t\n\n<\/div>\n\t<div id=\"text-1866301841\" class=\"text\">\n\t\t\n\n<div>&#8211; Pour les produits de petite taille, nous utilisons les m\u00e9thodes d&rsquo;exp\u00e9dition standard. Les produits plus volumineux doivent \u00eatre livr\u00e9s en bord de route. Les d\u00e9lais d&rsquo;exp\u00e9dition sont des d\u00e9lais moyens, mais les exp\u00e9ditions vers des lieux \u00e9loign\u00e9s, les exp\u00e9ditions pendant les vacances d&rsquo;hiver et les cas de conditions m\u00e9t\u00e9orologiques extr\u00eames peuvent d\u00e9passer les d\u00e9lais d&rsquo;exp\u00e9dition estim\u00e9s.  <\/div>\n<div> <\/div>\n<div>&#8211; Pour l&rsquo;exp\u00e9dition standard, nous utilisons une vari\u00e9t\u00e9 de transporteurs courants qui fournissent une assurance et un suivi. Les envois doivent souvent \u00eatre sign\u00e9s, mais ils peuvent aussi \u00eatre laiss\u00e9s \u00e0 la discr\u00e9tion du chauffeur.   <\/div>\n<div> <\/div>\n\t\t\n<style>\n#text-1866301841 {\n  font-size: 1rem;\n}\n<\/style>\n\t<\/div>\n\t\n<div class=\"row align-middle\"  id=\"row-15812975\">\n\n\n\t<div id=\"col-1788932841\" class=\"col medium-6 small-12 large-6\"  >\n\t\t\t\t<div class=\"col-inner\"  >\n\t\t\t\n\t\t\t\n\n\t<div class=\"img has-hover x md-x lg-x y md-y lg-y\" id=\"image_2020697673\">\n\t\t\t\t\t\t\t\t<div class=\"img-inner dark\" >\n\t\t\t<img loading=\"lazy\" decoding=\"async\" width=\"1020\" height=\"729\" src=\"https:\/\/refrigerant-wholesale.com\/wp-content\/uploads\/2024\/03\/410A-pal-1120x800.webp\" class=\"attachment-large size-large\" alt=\"R410a Refrigerant Supplier, R410a Refrigerant, R410a, Refrigerant R410a, R 410a freon, Buy R410a refrigerant, R410a refrigerant for sale\" srcset=\"https:\/\/refrigerant-wholesale.com\/wp-content\/uploads\/2024\/03\/410A-pal-1120x800.webp 1120w, https:\/\/refrigerant-wholesale.com\/wp-content\/uploads\/2024\/03\/410A-pal-510x364.webp 510w, https:\/\/refrigerant-wholesale.com\/wp-content\/uploads\/2024\/03\/410A-pal-560x400.webp 560w, https:\/\/refrigerant-wholesale.com\/wp-content\/uploads\/2024\/03\/410A-pal-768x548.webp 768w, https:\/\/refrigerant-wholesale.com\/wp-content\/uploads\/2024\/03\/410A-pal.webp 1200w\" sizes=\"auto, (max-width: 1020px) 100vw, 1020px\" \/>\t\t\t\t\t\t\n\t\t\t\t\t<\/div>\n\t\t\t\t\t\t\t\t\n<style>\n#image_2020697673 {\n  width: 100%;\n}\n<\/style>\n\t<\/div>\n\t\n\n\n\t\t<\/div>\n\t\t\t\t\t<\/div>\n\n\t\n\n\t<div id=\"col-192008207\" class=\"col medium-6 small-12 large-6\"  >\n\t\t\t\t<div class=\"col-inner\"  >\n\t\t\t\n\t\t\t\n\n<h5 class=\"uppercase\">Emballage<\/h5>\n<ol>\n<li>Cylindre jetable : 24lb, 25lb, 30lb, 50lb<\/li>\n<\/ol>\n<p>2. Ton cylinder:400L,800L,926L,1000L<\/p>\n<p>3. R\u00e9servoir ISO<\/p>\n<p>4. Bouteille rechargeable : 12L, 14.3L, 50L, 60L<br>5. Refrigerant can:340g,500g,1000g<\/p>\n\n\t\t<\/div>\n\t\t\t\t\t<\/div>\n\n\t\n\n<\/div>\n<div class=\"row\"  id=\"row-422701837\">\n\n\n\t<div id=\"col-1989927405\" class=\"col small-12 large-12\"  >\n\t\t\t\t<div class=\"col-inner\"  >\n\t\t\t\n\t\t\t\n\n<h3>EMBALLAGE<\/h3>\n<div>Un hayon est une plate-forme hydraulique fix\u00e9e \u00e0 l&rsquo;arri\u00e8re du camion qui permet de descendre en toute s\u00e9curit\u00e9 le produit du camion dans la rue, ce que l&rsquo;on appelle \u00e9galement la livraison \u00ab\u00a0au bord du trottoir\u00a0\u00bb.  <\/div>\n<div> <\/div>\n<div>En fonction de leur taille, la plupart des produits pesant plus de 100 livres sont exp\u00e9di\u00e9s par semi-remorque. Nous vous recommandons vivement de cocher la case \u00ab\u00a0Service de hayon \u00e9l\u00e9vateur\u00a0\u00bb lors du paiement si vous ne disposez pas d&rsquo;un quai de chargement ou d&rsquo;un chariot \u00e9l\u00e9vateur \u00e0 fourche pour d\u00e9charger votre envoi de la remorque en toute s\u00e9curit\u00e9.  <\/div>\n<div> <\/div>\n<div>Pour des raisons de responsabilit\u00e9, les entreprises de camionnage ne reculeront pas dans les all\u00e9es r\u00e9sidentielles et ne d\u00e9placeront pas le produit du trottoir jusqu&rsquo;\u00e0 votre porte.<\/div>\n<div> <\/div>\n<div class=\"row\"  id=\"row-1837776691\">\n\n\n\t<div id=\"col-775119321\" class=\"col medium-6 small-12 large-6\"  >\n\t\t\t\t<div class=\"col-inner\"  >\n\t\t\t\n\t\t\t\n\n\t<div class=\"img has-hover x md-x lg-x y md-y lg-y\" id=\"image_676946801\">\n\t\t\t\t\t\t\t\t<div class=\"img-inner image-cover dark\" style=\"padding-top:384px;\">\n\t\t\t<img loading=\"lazy\" decoding=\"async\" width=\"514\" height=\"400\" src=\"https:\/\/refrigerant-wholesale.com\/wp-content\/uploads\/2024\/03\/2018110-514x400.jpg\" class=\"attachment-medium size-medium\" alt=\"WS Refrigerants - Container Packing\" srcset=\"https:\/\/refrigerant-wholesale.com\/wp-content\/uploads\/2024\/03\/2018110-514x400.jpg 514w, https:\/\/refrigerant-wholesale.com\/wp-content\/uploads\/2024\/03\/2018110-510x397.jpg 510w, https:\/\/refrigerant-wholesale.com\/wp-content\/uploads\/2024\/03\/2018110-768x597.jpg 768w, https:\/\/refrigerant-wholesale.com\/wp-content\/uploads\/2024\/03\/2018110.jpg 800w\" sizes=\"auto, (max-width: 514px) 100vw, 514px\" \/>\t\t\t\t\t\t\n\t\t\t\t\t<\/div>\n\t\t\t\t\t\t\t\t\n<style>\n#image_676946801 {\n  width: 100%;\n}\n<\/style>\n\t<\/div>\n\t\n\n\n\t\t<\/div>\n\t\t\t\t\t<\/div>\n\n\t\n\n\t<div id=\"col-640599067\" class=\"col medium-6 small-12 large-6\"  >\n\t\t\t\t<div class=\"col-inner\"  >\n\t\t\t\n\t\t\t\n\n\t<div class=\"img has-hover x md-x lg-x y md-y lg-y\" id=\"image_1570391588\">\n\t\t\t\t\t\t\t\t<div class=\"img-inner dark\" >\n\t\t\t<img loading=\"lazy\" decoding=\"async\" width=\"655\" height=\"491\" src=\"https:\/\/refrigerant-wholesale.com\/wp-content\/uploads\/2024\/03\/refrigerant-shipment-1.jpg\" class=\"attachment-large size-large\" alt=\"WS Refrigerants - Packing\" srcset=\"https:\/\/refrigerant-wholesale.com\/wp-content\/uploads\/2024\/03\/refrigerant-shipment-1.jpg 655w, https:\/\/refrigerant-wholesale.com\/wp-content\/uploads\/2024\/03\/refrigerant-shipment-1-510x382.jpg 510w, https:\/\/refrigerant-wholesale.com\/wp-content\/uploads\/2024\/03\/refrigerant-shipment-1-534x400.jpg 534w\" sizes=\"auto, (max-width: 655px) 100vw, 655px\" \/>\t\t\t\t\t\t\n\t\t\t\t\t<\/div>\n\t\t\t\t\t\t\t\t\n<style>\n#image_1570391588 {\n  width: 100%;\n}\n<\/style>\n\t<\/div>\n\t\n\n\n\t\t<\/div>\n\t\t\t\t\t<\/div>\n\n\t\n\n<\/div>\n<div class=\"row\"  id=\"row-281027584\">\n\n\n\t<div id=\"col-900443104\" class=\"col small-12 large-12\"  >\n\t\t\t\t<div class=\"col-inner\"  >\n\t\t\t\n\t\t\t\n\n\t<div id=\"text-1189360307\" class=\"text\">\n\t\t\n\n<h3 class=\"no-margin\" style=\"text-align: center;\">Frais d&rsquo;exp\u00e9dition acc\u00e9l\u00e9r\u00e9e<\/h3>\n<p style=\"text-align: center;\">Les commandes acc\u00e9l\u00e9r\u00e9es seront trait\u00e9es en priorit\u00e9. Toutefois, les frais pay\u00e9s pour les services Next-Day et Two-Day Air <strong>ne sont pas remboursables<\/strong>. Les transporteurs feront tout ce qui est en leur pouvoir pour livrer votre commande \u00e0 temps. Toutefois, s&rsquo;ils subissent des retards d&rsquo;exp\u00e9dition en raison de conditions m\u00e9t\u00e9orologiques difficiles, d&rsquo;\u00e9vacuations obligatoires, d&rsquo;une augmentation de la demande, etc., ils ne peuvent pas rembourser les frais pay\u00e9s car ils continuent \u00e0 fournir le service acc\u00e9l\u00e9r\u00e9.    <\/p>\n\t\t\n<style>\n#text-1189360307 {\n  font-size: 0.95rem;\n}\n<\/style>\n\t<\/div>\n\t\n\n\t\t<\/div>\n\t\t\t\t\t<\/div>\n\n\t\n\n<\/div>\n<div class=\"row align-middle\"  id=\"row-465831396\">\n\n\n\t<div id=\"col-987639575\" class=\"col medium-6 small-12 large-6\"  >\n\t\t\t\t<div class=\"col-inner\"  >\n\t\t\t\n\t\t\t\n\n<h5 class=\"uppercase\">Disponibilit\u00e9 du stock<\/h5>\n<p>Votre commande peut \u00eatre livr\u00e9e d\u00e8s le jour ouvrable suivant, une fois qu&rsquo;elle a \u00e9t\u00e9 exp\u00e9di\u00e9e de notre entrep\u00f4t. Nous proposons une livraison acc\u00e9l\u00e9r\u00e9e pour tous les \u00e9quipements d&rsquo;alimentation en stock \u00c9LIGIBLES. Il vous suffit de rechercher la mention \u00ab\u00a0Next-Day Air Available\u00a0\u00bb pour savoir si l&rsquo;\u00e9quipement est \u00e9ligible.  <\/p>\n<p class=\"no-margin\">Bien que nous fassions de notre mieux pour donner la priorit\u00e9 aux commandes acc\u00e9l\u00e9r\u00e9es, vous devez vous attendre \u00e0 ce que votre commande soit exp\u00e9di\u00e9e dans les d\u00e9lais indiqu\u00e9s sur nos pages produits.  <\/p>\n\n\t\t<\/div>\n\t\t\t\t\t<\/div>\n\n\t\n\n\t<div id=\"col-1568364012\" class=\"col medium-6 small-12 large-6\"  >\n\t\t\t\t<div class=\"col-inner\"  >\n\t\t\t\n\t\t\t\n\n\t<div class=\"img has-hover x md-x lg-x y md-y lg-y\" id=\"image_302324713\">\n\t\t\t\t\t\t\t\t<div class=\"img-inner dark\" >\n\t\t\t<img loading=\"lazy\" decoding=\"async\" width=\"640\" height=\"640\" src=\"https:\/\/refrigerant-wholesale.com\/wp-content\/uploads\/2024\/03\/Freon-Shipping.jpg\" class=\"attachment-large size-large\" alt=\"WS Refrigerants - Warehouse\" srcset=\"https:\/\/refrigerant-wholesale.com\/wp-content\/uploads\/2024\/03\/Freon-Shipping.jpg 640w, https:\/\/refrigerant-wholesale.com\/wp-content\/uploads\/2024\/03\/Freon-Shipping-100x100.jpg 100w, https:\/\/refrigerant-wholesale.com\/wp-content\/uploads\/2024\/03\/Freon-Shipping-510x510.jpg 510w, https:\/\/refrigerant-wholesale.com\/wp-content\/uploads\/2024\/03\/Freon-Shipping-400x400.jpg 400w, https:\/\/refrigerant-wholesale.com\/wp-content\/uploads\/2024\/03\/Freon-Shipping-280x280.jpg 280w\" sizes=\"auto, (max-width: 640px) 100vw, 640px\" \/>\t\t\t\t\t\t\n\t\t\t\t\t<\/div>\n\t\t\t\t\t\t\t\t\n<style>\n#image_302324713 {\n  width: 100%;\n}\n<\/style>\n\t<\/div>\n\t\n\n\n\t\t<\/div>\n\t\t\t\t\t<\/div>\n\n\t\n\n<\/div>\n\n\t\t<\/div>\n\t\t\t\t\t<\/div>\n\n\t\n\n<\/div>\n\n\t\t<\/div>\n\t\t\t\t\t<\/div>\n\n\t\n\n<\/div>\n\n","protected":false},"excerpt":{"rendered":"","protected":false},"author":1,"featured_media":0,"parent":0,"menu_order":0,"comment_status":"closed","ping_status":"closed","template":"","meta":{"footnotes":""},"class_list":["post-2045","page","type-page","status-publish","hentry"],"yoast_head":"<!-- This site is optimized with the Yoast SEO Premium plugin v27.0 (Yoast SEO v27.3) - https:\/\/yoast.com\/product\/yoast-seo-premium-wordpress\/ -->\n<title>Refrigerant Wholesale - Global Shipping - WS Refrigerants<\/title>\n<meta name=\"description\" content=\"Buy Refrigerant Gas from the Best Refrigerant Suppliers. Huge Discounts. Authentic products from Major Brands. Worldwide Shipping\" \/>\n<meta name=\"robots\" content=\"index, follow, max-snippet:-1, max-image-preview:large, max-video-preview:-1\" \/>\n<link rel=\"canonical\" href=\"https:\/\/refrigerant-wholesale.com\/fr\/expedition-et-livraison\/\" \/>\n<meta property=\"og:locale\" content=\"fr_FR\" \/>\n<meta property=\"og:type\" content=\"article\" \/>\n<meta property=\"og:title\" content=\"Refrigerant Gas Wholesale\" \/>\n<meta property=\"og:description\" content=\"Buy Refrigerant Gas from the Best Refrigerant Suppliers. Huge Discounts. Authentic products from Major Brands. Worldwide Shipping\" \/>\n<meta property=\"og:url\" content=\"https:\/\/refrigerant-wholesale.com\/fr\/expedition-et-livraison\/\" \/>\n<meta property=\"og:site_name\" content=\"Refrigerant Gas Wholesale\" \/>\n<meta property=\"article:publisher\" content=\"https:\/\/www.facebook.com\/refrigerantwholesale\" \/>\n<meta property=\"article:modified_time\" content=\"2025-03-01T20:34:50+00:00\" \/>\n<meta name=\"twitter:card\" content=\"summary_large_image\" \/>\n<meta name=\"twitter:label1\" content=\"Dur\u00e9e de lecture estim\u00e9e\" \/>\n\t<meta name=\"twitter:data1\" content=\"3 minutes\" \/>\n<script type=\"application\/ld+json\" class=\"yoast-schema-graph\">{\"@context\":\"https:\\\/\\\/schema.org\",\"@graph\":[{\"@type\":\"WebPage\",\"@id\":\"https:\\\/\\\/refrigerant-wholesale.com\\\/fr\\\/expedition-et-livraison\\\/\",\"url\":\"https:\\\/\\\/refrigerant-wholesale.com\\\/fr\\\/expedition-et-livraison\\\/\",\"name\":\"Refrigerant Wholesale - Global Shipping - WS Refrigerants\",\"isPartOf\":{\"@id\":\"https:\\\/\\\/refrigerant-wholesale.com\\\/fr\\\/#website\"},\"datePublished\":\"2024-03-21T20:19:23+00:00\",\"dateModified\":\"2025-03-01T20:34:50+00:00\",\"description\":\"Buy Refrigerant Gas from the Best Refrigerant Suppliers. Huge Discounts. Authentic products from Major Brands. Worldwide Shipping\",\"breadcrumb\":{\"@id\":\"https:\\\/\\\/refrigerant-wholesale.com\\\/fr\\\/expedition-et-livraison\\\/#breadcrumb\"},\"inLanguage\":\"fr-FR\",\"potentialAction\":[{\"@type\":\"ReadAction\",\"target\":[\"https:\\\/\\\/refrigerant-wholesale.com\\\/fr\\\/expedition-et-livraison\\\/\"]}]},{\"@type\":\"BreadcrumbList\",\"@id\":\"https:\\\/\\\/refrigerant-wholesale.com\\\/fr\\\/expedition-et-livraison\\\/#breadcrumb\",\"itemListElement\":[{\"@type\":\"ListItem\",\"position\":1,\"name\":\"Home\",\"item\":\"https:\\\/\\\/refrigerant-wholesale.com\\\/fr\\\/\"},{\"@type\":\"ListItem\",\"position\":2,\"name\":\"Exp\u00e9dition et livraison\"}]},{\"@type\":\"WebSite\",\"@id\":\"https:\\\/\\\/refrigerant-wholesale.com\\\/fr\\\/#website\",\"url\":\"https:\\\/\\\/refrigerant-wholesale.com\\\/fr\\\/\",\"name\":\"Refrigerant Gas Wholesale\",\"description\":\"AC Gas supplier\",\"publisher\":{\"@id\":\"https:\\\/\\\/refrigerant-wholesale.com\\\/fr\\\/#organization\"},\"potentialAction\":[{\"@type\":\"SearchAction\",\"target\":{\"@type\":\"EntryPoint\",\"urlTemplate\":\"https:\\\/\\\/refrigerant-wholesale.com\\\/fr\\\/?s={search_term_string}\"},\"query-input\":{\"@type\":\"PropertyValueSpecification\",\"valueRequired\":true,\"valueName\":\"search_term_string\"}}],\"inLanguage\":\"fr-FR\"},{\"@type\":\"Organization\",\"@id\":\"https:\\\/\\\/refrigerant-wholesale.com\\\/fr\\\/#organization\",\"name\":\"Refrigerant Gas Wholesale\",\"url\":\"https:\\\/\\\/refrigerant-wholesale.com\\\/fr\\\/\",\"logo\":{\"@type\":\"ImageObject\",\"inLanguage\":\"fr-FR\",\"@id\":\"https:\\\/\\\/refrigerant-wholesale.com\\\/fr\\\/#\\\/schema\\\/logo\\\/image\\\/\",\"url\":\"http:\\\/\\\/refrigerant-wholesale.com\\\/wp-content\\\/uploads\\\/2024\\\/04\\\/refrigerant-logo.png\",\"contentUrl\":\"http:\\\/\\\/refrigerant-wholesale.com\\\/wp-content\\\/uploads\\\/2024\\\/04\\\/refrigerant-logo.png\",\"width\":400,\"height\":84,\"caption\":\"Refrigerant Gas Wholesale\"},\"image\":{\"@id\":\"https:\\\/\\\/refrigerant-wholesale.com\\\/fr\\\/#\\\/schema\\\/logo\\\/image\\\/\"},\"sameAs\":[\"https:\\\/\\\/www.facebook.com\\\/refrigerantwholesale\"]}]}<\/script>\n<!-- \/ Yoast SEO Premium plugin. -->","yoast_head_json":{"title":"Refrigerant Wholesale - Global Shipping - WS Refrigerants","description":"Buy Refrigerant Gas from the Best Refrigerant Suppliers. Huge Discounts. Authentic products from Major Brands. Worldwide Shipping","robots":{"index":"index","follow":"follow","max-snippet":"max-snippet:-1","max-image-preview":"max-image-preview:large","max-video-preview":"max-video-preview:-1"},"canonical":"https:\/\/refrigerant-wholesale.com\/fr\/expedition-et-livraison\/","og_locale":"fr_FR","og_type":"article","og_title":"Refrigerant Gas Wholesale","og_description":"Buy Refrigerant Gas from the Best Refrigerant Suppliers. Huge Discounts. Authentic products from Major Brands. Worldwide Shipping","og_url":"https:\/\/refrigerant-wholesale.com\/fr\/expedition-et-livraison\/","og_site_name":"Refrigerant Gas Wholesale","article_publisher":"https:\/\/www.facebook.com\/refrigerantwholesale","article_modified_time":"2025-03-01T20:34:50+00:00","twitter_card":"summary_large_image","twitter_misc":{"Dur\u00e9e de lecture estim\u00e9e":"3 minutes"},"schema":{"@context":"https:\/\/schema.org","@graph":[{"@type":"WebPage","@id":"https:\/\/refrigerant-wholesale.com\/fr\/expedition-et-livraison\/","url":"https:\/\/refrigerant-wholesale.com\/fr\/expedition-et-livraison\/","name":"Refrigerant Wholesale - Global Shipping - WS Refrigerants","isPartOf":{"@id":"https:\/\/refrigerant-wholesale.com\/fr\/#website"},"datePublished":"2024-03-21T20:19:23+00:00","dateModified":"2025-03-01T20:34:50+00:00","description":"Buy Refrigerant Gas from the Best Refrigerant Suppliers. Huge Discounts. Authentic products from Major Brands. Worldwide Shipping","breadcrumb":{"@id":"https:\/\/refrigerant-wholesale.com\/fr\/expedition-et-livraison\/#breadcrumb"},"inLanguage":"fr-FR","potentialAction":[{"@type":"ReadAction","target":["https:\/\/refrigerant-wholesale.com\/fr\/expedition-et-livraison\/"]}]},{"@type":"BreadcrumbList","@id":"https:\/\/refrigerant-wholesale.com\/fr\/expedition-et-livraison\/#breadcrumb","itemListElement":[{"@type":"ListItem","position":1,"name":"Home","item":"https:\/\/refrigerant-wholesale.com\/fr\/"},{"@type":"ListItem","position":2,"name":"Exp\u00e9dition et livraison"}]},{"@type":"WebSite","@id":"https:\/\/refrigerant-wholesale.com\/fr\/#website","url":"https:\/\/refrigerant-wholesale.com\/fr\/","name":"Refrigerant Gas Wholesale","description":"AC Gas supplier","publisher":{"@id":"https:\/\/refrigerant-wholesale.com\/fr\/#organization"},"potentialAction":[{"@type":"SearchAction","target":{"@type":"EntryPoint","urlTemplate":"https:\/\/refrigerant-wholesale.com\/fr\/?s={search_term_string}"},"query-input":{"@type":"PropertyValueSpecification","valueRequired":true,"valueName":"search_term_string"}}],"inLanguage":"fr-FR"},{"@type":"Organization","@id":"https:\/\/refrigerant-wholesale.com\/fr\/#organization","name":"Refrigerant Gas Wholesale","url":"https:\/\/refrigerant-wholesale.com\/fr\/","logo":{"@type":"ImageObject","inLanguage":"fr-FR","@id":"https:\/\/refrigerant-wholesale.com\/fr\/#\/schema\/logo\/image\/","url":"http:\/\/refrigerant-wholesale.com\/wp-content\/uploads\/2024\/04\/refrigerant-logo.png","contentUrl":"http:\/\/refrigerant-wholesale.com\/wp-content\/uploads\/2024\/04\/refrigerant-logo.png","width":400,"height":84,"caption":"Refrigerant Gas Wholesale"},"image":{"@id":"https:\/\/refrigerant-wholesale.com\/fr\/#\/schema\/logo\/image\/"},"sameAs":["https:\/\/www.facebook.com\/refrigerantwholesale"]}]}},"_links":{"self":[{"href":"https:\/\/refrigerant-wholesale.com\/fr\/wp-json\/wp\/v2\/pages\/2045","targetHints":{"allow":["GET"]}}],"collection":[{"href":"https:\/\/refrigerant-wholesale.com\/fr\/wp-json\/wp\/v2\/pages"}],"about":[{"href":"https:\/\/refrigerant-wholesale.com\/fr\/wp-json\/wp\/v2\/types\/page"}],"author":[{"embeddable":true,"href":"https:\/\/refrigerant-wholesale.com\/fr\/wp-json\/wp\/v2\/users\/1"}],"replies":[{"embeddable":true,"href":"https:\/\/refrigerant-wholesale.com\/fr\/wp-json\/wp\/v2\/comments?post=2045"}],"version-history":[{"count":2,"href":"https:\/\/refrigerant-wholesale.com\/fr\/wp-json\/wp\/v2\/pages\/2045\/revisions"}],"predecessor-version":[{"id":2061,"href":"https:\/\/refrigerant-wholesale.com\/fr\/wp-json\/wp\/v2\/pages\/2045\/revisions\/2061"}],"wp:attachment":[{"href":"https:\/\/refrigerant-wholesale.com\/fr\/wp-json\/wp\/v2\/media?parent=2045"}],"curies":[{"name":"wp","href":"https:\/\/api.w.org\/{rel}","templated":true}]}}