{"id":2025,"date":"2013-08-11T19:06:15","date_gmt":"2013-08-11T19:06:15","guid":{"rendered":"https:\/\/refrigerant-wholesale.com\/a-propos-de\/"},"modified":"2025-03-01T20:34:44","modified_gmt":"2025-03-01T20:34:44","slug":"a-propos-de","status":"publish","type":"page","link":"https:\/\/refrigerant-wholesale.com\/fr\/a-propos-de\/","title":{"rendered":"A propos de"},"content":{"rendered":"\n\n  <div class=\"banner has-hover has-parallax\" id=\"banner-57537821\">\n          <div class=\"banner-inner fill\">\n        <div class=\"banner-bg fill\" data-parallax=\"-3\" data-parallax-container=\".banner\" data-parallax-background>\n            <div class=\"bg fill bg-fill \"><\/div>\n                        <div class=\"overlay\"><\/div>            \n                    <\/div>\n        <div class=\"banner-layers container\">\n            <div class=\"fill banner-link\"><\/div>            \n\n\n        <\/div>\n      <\/div>\n\n            \n<style>\n#banner-57537821 {\n  padding-top: 167px;\n}\n#banner-57537821 .bg.bg-loaded {\n  background-image: url(https:\/\/refrigerant-wholesale.com\/wp-content\/uploads\/2016\/08\/dummy-2.jpg);\n}\n#banner-57537821 .overlay {\n  background-color: rgba(0, 0, 0, 0.49);\n}\n<\/style>\n  <\/div>\n\n\n<div class=\"row\"  id=\"row-1109543647\">\n\n\n\t<div id=\"col-1083630927\" class=\"col small-12 large-12\"  >\n\t\t\t\t<div class=\"col-inner\"  >\n\t\t\t\n\t\t\t\n\n<div class=\"row\"  id=\"row-1257731248\">\n\n\n\t<div id=\"col-173711808\" class=\"col small-12 large-12\"  >\n\t\t\t\t<div class=\"col-inner\"  >\n\t\t\t\n\t\t\t\n\n<div class=\"row\"  id=\"row-1141593699\">\n\n\n\t<div id=\"col-1996304672\" class=\"col small-12 large-12\"  >\n\t\t\t\t<div class=\"col-inner\"  >\n\t\t\t\n\t\t\t\n\n<h2 class=\"uppercase\">A propos de nous<\/h2>\n<div class=\"row\"  id=\"row-417023394\">\n\n\n\t<div id=\"col-1377263895\" class=\"col small-12 large-12\"  >\n\t\t\t\t<div class=\"col-inner\"  >\n\t\t\t\n\t\t\t\n\n\t<div class=\"img has-hover x md-x lg-x y md-y lg-y\" id=\"image_267697711\">\n\t\t\t\t\t\t\t\t<div class=\"img-inner image-cover dark\" style=\"padding-top:322px;\">\n\t\t\t<img loading=\"lazy\" decoding=\"async\" width=\"1020\" height=\"398\" src=\"https:\/\/refrigerant-wholesale.com\/wp-content\/uploads\/2024\/03\/Refrigeration-system.jpg\" class=\"attachment-large size-large\" alt=\"WS Refrigerants\" srcset=\"https:\/\/refrigerant-wholesale.com\/wp-content\/uploads\/2024\/03\/Refrigeration-system.jpg 1140w, https:\/\/refrigerant-wholesale.com\/wp-content\/uploads\/2024\/03\/Refrigeration-system-510x199.jpg 510w, https:\/\/refrigerant-wholesale.com\/wp-content\/uploads\/2024\/03\/Refrigeration-system-800x312.jpg 800w, https:\/\/refrigerant-wholesale.com\/wp-content\/uploads\/2024\/03\/Refrigeration-system-768x300.jpg 768w\" sizes=\"auto, (max-width: 1020px) 100vw, 1020px\" \/>\t\t\t\t\t\t\n\t\t\t\t\t<\/div>\n\t\t\t\t\t\t\t\t\n<style>\n#image_267697711 {\n  width: 100%;\n}\n<\/style>\n\t<\/div>\n\t\n\n\n\t\t<\/div>\n\t\t\t\t\t<\/div>\n\n\t\n\n<\/div>\n<div class=\"row\"  id=\"row-568367843\">\n\n\n\t<div id=\"col-192158463\" class=\"col small-12 large-12\"  >\n\t\t\t\t<div class=\"col-inner\"  >\n\t\t\t\n\t\t\t\n\n<h3 class=\"thin-font\">Qui sommes-nous ?<\/h3>\n\n\t\t<\/div>\n\t\t\t\t\t<\/div>\n\n\t\n\n<\/div>\n\t<div id=\"text-3983993069\" class=\"text\">\n\t\t\n\n<p>Depuis nos modestes d\u00e9buts en 2011 en tant que WS Refrigerants, une soci\u00e9t\u00e9 d&rsquo;entrepreneur en syst\u00e8mes et projets de climatisation, nous nous sommes d\u00e9velopp\u00e9s pour devenir l&rsquo;un des leaders du march\u00e9 dans le secteur du chauffage, de la ventilation, de la climatisation et du gaz frigorifique. Sous la direction dynamique et la vision progressiste du fondateur de FRIG, l&rsquo;entreprise a connu un d\u00e9veloppement extraordinaire en seulement sept ans. En 2013, l&rsquo;entreprise a solidement \u00e9tabli des services commerciaux importants dans le domaine de la climatisation, de la r\u00e9frig\u00e9ration et des fournisseurs de gaz. \u00c0 l&rsquo;heure actuelle, WS Refrigerants, bas\u00e9e \u00e0 Istanbul, en Turquie, et aux Pays-Bas, dessert les march\u00e9s du Moyen-Orient, de l&rsquo;Afrique et de l&rsquo;Eurasie avec 10 salles d&rsquo;exposition sp\u00e9cialis\u00e9es et des filiales.<\/p>\n<p> <\/p>\n<p>La demande industrielle en constante \u00e9volution en mati\u00e8re de gaz de climatisation et de r\u00e9frig\u00e9ration n\u00e9cessite de grandes connaissances techniques et une approche inventive. Par cons\u00e9quent, nos \u00e9quipes de gestion des produits se concentrent sur l&rsquo;am\u00e9lioration continue de la gamme de produits. Cela nous a permis de lancer sur le march\u00e9 les premi\u00e8res marques multinationales de r\u00e9frig\u00e9rants, telles que MAXRON, AMETRON COOLIB et d&rsquo;autres. Un partenariat \u00e9troit et absolu avec des fabricants de premier ordre et des ic\u00f4nes industrielles nous a permis d&rsquo;atteindre tous les segments du commerce en fournissant d&rsquo;excellents produits avec un avantage concurrentiel. Dans le cadre de l&rsquo;am\u00e9lioration constante du service \u00e0 la client\u00e8le, nos r\u00e9seaux de distributeurs sont reli\u00e9s \u00e0 notre service central de la cha\u00eene d&rsquo;approvisionnement afin de garantir une efficacit\u00e9 maximale.<\/p>\n<p> <\/p>\n<p>Tout en r\u00e9pondant aux besoins de cat\u00e9gories commerciales cl\u00e9s telles que la fabrication, la gestion des stocks, l&rsquo;entreposage, le commerce, les importations et les r\u00e9exportations vers les march\u00e9s r\u00e9gionaux, nous nous engageons \u00e0 veiller \u00e0 ce que nos clients re\u00e7oivent nos biens et nos services aux prix les plus abordables, tout en \u00e9tant aussi efficaces que possible. Enfin, le service \u00e0 la client\u00e8le est plus qu&rsquo;une simple routine commerciale ; il fait partie int\u00e9grante de notre philosophie d&rsquo;entreprise.<\/p>\n\t\t\n<style>\n#text-3983993069 {\n  font-size: 0.85rem;\n}\n<\/style>\n\t<\/div>\n\t\n\n\t\t<\/div>\n\t\t\t\t\t<\/div>\n\n\t\n\n<\/div>\n\t<section class=\"section\" id=\"section_986376621\">\n\t\t<div class=\"bg section-bg fill bg-fill  bg-loaded\" >\n\n\t\t\t\n\t\t\t\n\t\t\t\n\n\t\t<\/div>\n\n\t\t<div class=\"section-content relative\">\n\t\t\t\n\n<div class=\"row\"  id=\"row-491780507\">\n\n\n\t<div id=\"col-2127724090\" class=\"col small-12 large-12\"  >\n\t\t\t\t<div class=\"col-inner\"  >\n\t\t\t\n\t\t\t\n\n<div class=\"row\"  id=\"row-763012059\">\n\n\n\t<div id=\"col-150121108\" class=\"col medium-6 small-12 large-6\"  >\n\t\t\t\t<div class=\"col-inner\"  >\n\t\t\t\n\t\t\t\n\n\t<div class=\"img has-hover x md-x lg-x y md-y lg-y\" id=\"image_612037545\">\n\t\t\t\t\t\t\t\t<div class=\"img-inner dark\" >\n\t\t\t<img loading=\"lazy\" decoding=\"async\" width=\"600\" height=\"360\" src=\"https:\/\/refrigerant-wholesale.com\/wp-content\/uploads\/2024\/03\/H03a3aaa.jpg\" class=\"attachment-large size-large\" alt=\"\" srcset=\"https:\/\/refrigerant-wholesale.com\/wp-content\/uploads\/2024\/03\/H03a3aaa.jpg 600w, https:\/\/refrigerant-wholesale.com\/wp-content\/uploads\/2024\/03\/H03a3aaa-510x306.jpg 510w\" sizes=\"auto, (max-width: 600px) 100vw, 600px\" \/>\t\t\t\t\t\t\n\t\t\t\t\t<\/div>\n\t\t\t\t\t\t\t\t\n<style>\n#image_612037545 {\n  width: 100%;\n}\n<\/style>\n\t<\/div>\n\t\n\n\n\t\t<\/div>\n\t\t\t\t\t<\/div>\n\n\t\n\n\t<div id=\"col-515962689\" class=\"col medium-6 small-12 large-6\"  >\n\t\t\t\t<div class=\"col-inner\"  >\n\t\t\t\n\t\t\t\n\n\t<div class=\"img has-hover x md-x lg-x y md-y lg-y\" id=\"image_1290094870\">\n\t\t\t\t\t\t\t\t<div class=\"img-inner image-cover dark\" style=\"padding-top:289px;\">\n\t\t\t<img loading=\"lazy\" decoding=\"async\" width=\"816\" height=\"800\" src=\"https:\/\/refrigerant-wholesale.com\/wp-content\/uploads\/2024\/03\/20231129173546001f38c95f9c420b9c40b1c0f74fcf69-816x800.webp\" class=\"attachment-large size-large\" alt=\"WS Refrigerants - Warehouse\" srcset=\"https:\/\/refrigerant-wholesale.com\/wp-content\/uploads\/2024\/03\/20231129173546001f38c95f9c420b9c40b1c0f74fcf69-816x800.webp 816w, https:\/\/refrigerant-wholesale.com\/wp-content\/uploads\/2024\/03\/20231129173546001f38c95f9c420b9c40b1c0f74fcf69-510x500.webp 510w, https:\/\/refrigerant-wholesale.com\/wp-content\/uploads\/2024\/03\/20231129173546001f38c95f9c420b9c40b1c0f74fcf69-408x400.webp 408w, https:\/\/refrigerant-wholesale.com\/wp-content\/uploads\/2024\/03\/20231129173546001f38c95f9c420b9c40b1c0f74fcf69-768x753.webp 768w, https:\/\/refrigerant-wholesale.com\/wp-content\/uploads\/2024\/03\/20231129173546001f38c95f9c420b9c40b1c0f74fcf69.webp 864w\" sizes=\"auto, (max-width: 816px) 100vw, 816px\" \/>\t\t\t\t\t\t\n\t\t\t\t\t<\/div>\n\t\t\t\t\t\t\t\t\n<style>\n#image_1290094870 {\n  width: 100%;\n}\n<\/style>\n\t<\/div>\n\t\n\n\n\t\t<\/div>\n\t\t\t\t\t<\/div>\n\n\t\n\n<\/div>\n\n\t\t<\/div>\n\t\t\t\t\t<\/div>\n\n\t\n\n<\/div>\n\t<div id=\"text-2520610322\" class=\"text\">\n\t\t\n\n<h5 class=\"uppercase\">Notre mission<\/h5>\n<p>Notre objectif est de d\u00e9velopper en permanence des entreprises qui privil\u00e9gient le plaisir du client tout en prot\u00e9geant les int\u00e9r\u00eats de toutes les parties prenantes et en respectant les exigences en mati\u00e8re d&rsquo;environnement.<\/p>\n\t\t\n<style>\n#text-2520610322 {\n  font-size: 0.85rem;\n  line-height: 1.65;\n  text-align: center;\n}\n<\/style>\n\t<\/div>\n\t\n\t<div id=\"text-2064393525\" class=\"text\">\n\t\t\n\n<h5 class=\"uppercase\">Notre vision<\/h5>\n<p>Notre mission est de devenir un fournisseur de premier plan en mati\u00e8re de climatisation et de r\u00e9frig\u00e9ration sur le march\u00e9 que nous avons s\u00e9lectionn\u00e9, en connaissant et en satisfaisant les besoins de nos clients tout en d\u00e9passant leurs normes de service.<\/p>\n\t\t\n<style>\n#text-2064393525 {\n  font-size: 0.9rem;\n  text-align: center;\n}\n<\/style>\n\t<\/div>\n\t\n\t<div id=\"text-1752306075\" class=\"text\">\n\t\t\n\n<h5 class=\"uppercase\">Notre march\u00e9<\/h5>\n<p>Notre politique commerciale est bas\u00e9e sur le d\u00e9vouement, la qualit\u00e9 et la satisfaction du client dans la fourniture de produits et de services dans notre r\u00e9gion. Pour preuve de notre d\u00e9termination, les marques suivantes sont comp\u00e9titives, de qualit\u00e9 et pr\u00e9f\u00e9r\u00e9es des clients sur les march\u00e9s r\u00e9gionaux et mondiaux.<\/p>\n\t\t\n<style>\n#text-1752306075 {\n  font-size: 0.9rem;\n  text-align: center;\n}\n<\/style>\n\t<\/div>\n\t\n\n\t\t<\/div>\n\n\t\t\n<style>\n#section_986376621 {\n  padding-top: 30px;\n  padding-bottom: 30px;\n}\n<\/style>\n\t<\/section>\n\t\n\n\t\t<\/div>\n\t\t\t\t\t<\/div>\n\n\t\n\n<\/div>\n<div class=\"text-center\"><div class=\"is-divider divider clearfix\" ><\/div><\/div>\n\n\n\t\t<\/div>\n\t\t\t\t\t<\/div>\n\n\t\n\n<\/div>\n\n","protected":false},"excerpt":{"rendered":"","protected":false},"author":1,"featured_media":0,"parent":0,"menu_order":0,"comment_status":"closed","ping_status":"closed","template":"page-transparent-header-light.php","meta":{"footnotes":""},"class_list":["post-2025","page","type-page","status-publish","hentry"],"yoast_head":"<!-- This site is optimized with the Yoast SEO Premium plugin v27.0 (Yoast SEO v27.3) - https:\/\/yoast.com\/product\/yoast-seo-premium-wordpress\/ -->\n<title>Refrigerant Wholesale - Global Shipping - WS Refrigerants<\/title>\n<meta name=\"description\" content=\"Buy Refrigerant Gas from the Best Refrigerant Suppliers. Huge Discounts. Authentic products from Major Brands. Worldwide Shipping\" \/>\n<meta name=\"robots\" content=\"index, follow, max-snippet:-1, max-image-preview:large, max-video-preview:-1\" \/>\n<link rel=\"canonical\" href=\"https:\/\/refrigerant-wholesale.com\/fr\/a-propos-de\/\" \/>\n<meta property=\"og:locale\" content=\"fr_FR\" \/>\n<meta property=\"og:type\" content=\"article\" \/>\n<meta property=\"og:title\" content=\"Refrigerant Gas Wholesale\" \/>\n<meta property=\"og:description\" content=\"Buy Refrigerant Gas from the Best Refrigerant Suppliers. Huge Discounts. Authentic products from Major Brands. Worldwide Shipping\" \/>\n<meta property=\"og:url\" content=\"https:\/\/refrigerant-wholesale.com\/fr\/a-propos-de\/\" \/>\n<meta property=\"og:site_name\" content=\"Refrigerant Gas Wholesale\" \/>\n<meta property=\"article:publisher\" content=\"https:\/\/www.facebook.com\/refrigerantwholesale\" \/>\n<meta property=\"article:modified_time\" content=\"2025-03-01T20:34:44+00:00\" \/>\n<meta name=\"twitter:card\" content=\"summary_large_image\" \/>\n<meta name=\"twitter:label1\" content=\"Dur\u00e9e de lecture estim\u00e9e\" \/>\n\t<meta name=\"twitter:data1\" content=\"3 minutes\" \/>\n<script type=\"application\/ld+json\" class=\"yoast-schema-graph\">{\"@context\":\"https:\\\/\\\/schema.org\",\"@graph\":[{\"@type\":\"WebPage\",\"@id\":\"https:\\\/\\\/refrigerant-wholesale.com\\\/fr\\\/a-propos-de\\\/\",\"url\":\"https:\\\/\\\/refrigerant-wholesale.com\\\/fr\\\/a-propos-de\\\/\",\"name\":\"Refrigerant Wholesale - Global Shipping - WS Refrigerants\",\"isPartOf\":{\"@id\":\"https:\\\/\\\/refrigerant-wholesale.com\\\/fr\\\/#website\"},\"datePublished\":\"2013-08-11T19:06:15+00:00\",\"dateModified\":\"2025-03-01T20:34:44+00:00\",\"description\":\"Buy Refrigerant Gas from the Best Refrigerant Suppliers. Huge Discounts. Authentic products from Major Brands. Worldwide Shipping\",\"breadcrumb\":{\"@id\":\"https:\\\/\\\/refrigerant-wholesale.com\\\/fr\\\/a-propos-de\\\/#breadcrumb\"},\"inLanguage\":\"fr-FR\",\"potentialAction\":[{\"@type\":\"ReadAction\",\"target\":[\"https:\\\/\\\/refrigerant-wholesale.com\\\/fr\\\/a-propos-de\\\/\"]}]},{\"@type\":\"BreadcrumbList\",\"@id\":\"https:\\\/\\\/refrigerant-wholesale.com\\\/fr\\\/a-propos-de\\\/#breadcrumb\",\"itemListElement\":[{\"@type\":\"ListItem\",\"position\":1,\"name\":\"Home\",\"item\":\"https:\\\/\\\/refrigerant-wholesale.com\\\/fr\\\/\"},{\"@type\":\"ListItem\",\"position\":2,\"name\":\"A propos de\"}]},{\"@type\":\"WebSite\",\"@id\":\"https:\\\/\\\/refrigerant-wholesale.com\\\/fr\\\/#website\",\"url\":\"https:\\\/\\\/refrigerant-wholesale.com\\\/fr\\\/\",\"name\":\"Refrigerant Gas Wholesale\",\"description\":\"AC Gas supplier\",\"publisher\":{\"@id\":\"https:\\\/\\\/refrigerant-wholesale.com\\\/fr\\\/#organization\"},\"potentialAction\":[{\"@type\":\"SearchAction\",\"target\":{\"@type\":\"EntryPoint\",\"urlTemplate\":\"https:\\\/\\\/refrigerant-wholesale.com\\\/fr\\\/?s={search_term_string}\"},\"query-input\":{\"@type\":\"PropertyValueSpecification\",\"valueRequired\":true,\"valueName\":\"search_term_string\"}}],\"inLanguage\":\"fr-FR\"},{\"@type\":\"Organization\",\"@id\":\"https:\\\/\\\/refrigerant-wholesale.com\\\/fr\\\/#organization\",\"name\":\"Refrigerant Gas Wholesale\",\"url\":\"https:\\\/\\\/refrigerant-wholesale.com\\\/fr\\\/\",\"logo\":{\"@type\":\"ImageObject\",\"inLanguage\":\"fr-FR\",\"@id\":\"https:\\\/\\\/refrigerant-wholesale.com\\\/fr\\\/#\\\/schema\\\/logo\\\/image\\\/\",\"url\":\"http:\\\/\\\/refrigerant-wholesale.com\\\/wp-content\\\/uploads\\\/2024\\\/04\\\/refrigerant-logo.png\",\"contentUrl\":\"http:\\\/\\\/refrigerant-wholesale.com\\\/wp-content\\\/uploads\\\/2024\\\/04\\\/refrigerant-logo.png\",\"width\":400,\"height\":84,\"caption\":\"Refrigerant Gas Wholesale\"},\"image\":{\"@id\":\"https:\\\/\\\/refrigerant-wholesale.com\\\/fr\\\/#\\\/schema\\\/logo\\\/image\\\/\"},\"sameAs\":[\"https:\\\/\\\/www.facebook.com\\\/refrigerantwholesale\"]}]}<\/script>\n<!-- \/ Yoast SEO Premium plugin. -->","yoast_head_json":{"title":"Refrigerant Wholesale - Global Shipping - WS Refrigerants","description":"Buy Refrigerant Gas from the Best Refrigerant Suppliers. Huge Discounts. Authentic products from Major Brands. Worldwide Shipping","robots":{"index":"index","follow":"follow","max-snippet":"max-snippet:-1","max-image-preview":"max-image-preview:large","max-video-preview":"max-video-preview:-1"},"canonical":"https:\/\/refrigerant-wholesale.com\/fr\/a-propos-de\/","og_locale":"fr_FR","og_type":"article","og_title":"Refrigerant Gas Wholesale","og_description":"Buy Refrigerant Gas from the Best Refrigerant Suppliers. Huge Discounts. Authentic products from Major Brands. Worldwide Shipping","og_url":"https:\/\/refrigerant-wholesale.com\/fr\/a-propos-de\/","og_site_name":"Refrigerant Gas Wholesale","article_publisher":"https:\/\/www.facebook.com\/refrigerantwholesale","article_modified_time":"2025-03-01T20:34:44+00:00","twitter_card":"summary_large_image","twitter_misc":{"Dur\u00e9e de lecture estim\u00e9e":"3 minutes"},"schema":{"@context":"https:\/\/schema.org","@graph":[{"@type":"WebPage","@id":"https:\/\/refrigerant-wholesale.com\/fr\/a-propos-de\/","url":"https:\/\/refrigerant-wholesale.com\/fr\/a-propos-de\/","name":"Refrigerant Wholesale - Global Shipping - WS Refrigerants","isPartOf":{"@id":"https:\/\/refrigerant-wholesale.com\/fr\/#website"},"datePublished":"2013-08-11T19:06:15+00:00","dateModified":"2025-03-01T20:34:44+00:00","description":"Buy Refrigerant Gas from the Best Refrigerant Suppliers. Huge Discounts. Authentic products from Major Brands. Worldwide Shipping","breadcrumb":{"@id":"https:\/\/refrigerant-wholesale.com\/fr\/a-propos-de\/#breadcrumb"},"inLanguage":"fr-FR","potentialAction":[{"@type":"ReadAction","target":["https:\/\/refrigerant-wholesale.com\/fr\/a-propos-de\/"]}]},{"@type":"BreadcrumbList","@id":"https:\/\/refrigerant-wholesale.com\/fr\/a-propos-de\/#breadcrumb","itemListElement":[{"@type":"ListItem","position":1,"name":"Home","item":"https:\/\/refrigerant-wholesale.com\/fr\/"},{"@type":"ListItem","position":2,"name":"A propos de"}]},{"@type":"WebSite","@id":"https:\/\/refrigerant-wholesale.com\/fr\/#website","url":"https:\/\/refrigerant-wholesale.com\/fr\/","name":"Refrigerant Gas Wholesale","description":"AC Gas supplier","publisher":{"@id":"https:\/\/refrigerant-wholesale.com\/fr\/#organization"},"potentialAction":[{"@type":"SearchAction","target":{"@type":"EntryPoint","urlTemplate":"https:\/\/refrigerant-wholesale.com\/fr\/?s={search_term_string}"},"query-input":{"@type":"PropertyValueSpecification","valueRequired":true,"valueName":"search_term_string"}}],"inLanguage":"fr-FR"},{"@type":"Organization","@id":"https:\/\/refrigerant-wholesale.com\/fr\/#organization","name":"Refrigerant Gas Wholesale","url":"https:\/\/refrigerant-wholesale.com\/fr\/","logo":{"@type":"ImageObject","inLanguage":"fr-FR","@id":"https:\/\/refrigerant-wholesale.com\/fr\/#\/schema\/logo\/image\/","url":"http:\/\/refrigerant-wholesale.com\/wp-content\/uploads\/2024\/04\/refrigerant-logo.png","contentUrl":"http:\/\/refrigerant-wholesale.com\/wp-content\/uploads\/2024\/04\/refrigerant-logo.png","width":400,"height":84,"caption":"Refrigerant Gas Wholesale"},"image":{"@id":"https:\/\/refrigerant-wholesale.com\/fr\/#\/schema\/logo\/image\/"},"sameAs":["https:\/\/www.facebook.com\/refrigerantwholesale"]}]}},"_links":{"self":[{"href":"https:\/\/refrigerant-wholesale.com\/fr\/wp-json\/wp\/v2\/pages\/2025","targetHints":{"allow":["GET"]}}],"collection":[{"href":"https:\/\/refrigerant-wholesale.com\/fr\/wp-json\/wp\/v2\/pages"}],"about":[{"href":"https:\/\/refrigerant-wholesale.com\/fr\/wp-json\/wp\/v2\/types\/page"}],"author":[{"embeddable":true,"href":"https:\/\/refrigerant-wholesale.com\/fr\/wp-json\/wp\/v2\/users\/1"}],"replies":[{"embeddable":true,"href":"https:\/\/refrigerant-wholesale.com\/fr\/wp-json\/wp\/v2\/comments?post=2025"}],"version-history":[{"count":2,"href":"https:\/\/refrigerant-wholesale.com\/fr\/wp-json\/wp\/v2\/pages\/2025\/revisions"}],"predecessor-version":[{"id":2035,"href":"https:\/\/refrigerant-wholesale.com\/fr\/wp-json\/wp\/v2\/pages\/2025\/revisions\/2035"}],"wp:attachment":[{"href":"https:\/\/refrigerant-wholesale.com\/fr\/wp-json\/wp\/v2\/media?parent=2025"}],"curies":[{"name":"wp","href":"https:\/\/api.w.org\/{rel}","templated":true}]}}