{"id":2236,"date":"2024-07-13T18:33:05","date_gmt":"2024-07-13T18:33:05","guid":{"rendered":"https:\/\/refrigerant-wholesale.com\/product\/pale-completo-r-410a-40-cilindros\/"},"modified":"2025-03-01T23:36:21","modified_gmt":"2025-03-01T23:36:21","slug":"pale-completo-r-410a-40-cilindros","status":"publish","type":"product","link":"https:\/\/refrigerant-wholesale.com\/es\/product\/pale-completo-r-410a-40-cilindros\/","title":{"rendered":"Pal\u00e9 completo R-410A (40 cilindros)"},"content":{"rendered":"<h2><strong>Refrigerante R-410A al por mayor: Los mejores precios, suministro a granel<\/strong><\/h2>\n<p>\u00bfBuscas una fuente fiable de <strong>refrigerante R-410A<\/strong> al por mayor? \u00a1No busques m\u00e1s! Ofrecemos <strong>refrigerante R-410A<\/strong> de primera calidad al por mayor, perfecto para contratistas de HVAC, profesionales de servicios y proveedores. Tanto si te est\u00e1s abasteciendo para una temporada de mucho trabajo como si necesitas una fuente fiable, te cubrimos con env\u00edos r\u00e1pidos y precios inmejorables.<\/p>\n<p>El refrigerante R-410A se utiliza ampliamente en sistemas de aire acondicionado residenciales y comerciales debido a su alta eficiencia y respeto por el medio ambiente. Como l\u00edderes del sector en la <strong>venta al por mayor de refrigerante R<\/strong>410A, nos aseguramos de que todos nuestros productos cumplan estrictas normas de calidad y seguridad. Por tanto, puedes comprarnos con confianza sabiendo que obtienes el mejor producto del mercado.<\/p>\n<h3>\u00bfPor qu\u00e9 comprarnos refrigerante R-410A al por mayor?<\/h3>\n<ul>\n<li><strong>Precios competitivos<\/strong>: Nuestros precios al por mayor del refrigerante <a href=\"https:\/\/www.google.com\/search?q=R-410A+refrigerant&amp;sca_esv=ae835b5694662882&amp;biw=1463&amp;bih=662&amp;sxsrf=ADLYWIJFLxLheFuVSh4Oc8uOMbAptbHwQQ%3A1728861028702&amp;ei=ZFMMZ8m7Koerxc8Py9_k2As&amp;ved=0ahUKEwjJ_eybvYyJAxWHVfEDHcsvGbsQ4dUDCA8&amp;uact=5&amp;oq=R-410A+refrigerant&amp;gs_lp=Egxnd3Mtd2l6LXNlcnAiElItNDEwQSByZWZyaWdlcmFudDIKEAAYgAQYFBiHAjIFEAAYgAQyBRAAGIAEMgUQABiABDIFEAAYgAQyBRAAGIAEMgUQABiABDIFEAAYgAQyBRAAGIAEMgUQABiABEjNFVCOCViOCXABeAGQAQCYAXigAXiqAQMwLjG4AQPIAQD4AQH4AQKYAgKgAo8BqAIUwgIHECMYJxjqAsICBxAuGCcY6gLCAhQQABiABBiRAhi0AhiKBRjqAtgBAcICFBAAGIAEGOMEGLQCGOkEGOoC2AEBwgIaEC4YgAQY4wQYtAIYxwEY6QQY6gIYrwHYAQGYAxO6BgYIARABGAGSBwMxLjGgB6oF&amp;sclient=gws-wiz-serp\">R-410A<\/a> te ayudan a ahorrar m\u00e1s al comprar m\u00e1s.<\/li>\n<li><strong>Entrega r\u00e1pida<\/strong>: Con nuestro proceso de env\u00edo racionalizado, recibir\u00e1s tu refrigerante r\u00e1pidamente para minimizar el tiempo de inactividad.<\/li>\n<li><strong>Calidad de confianza<\/strong>: S\u00f3lo vendemos refrigerante R410A certificado de alta calidad que cumple las normas del sector.<\/li>\n<li><strong>Respetuoso con el medio ambiente<\/strong>: El R-410A es una opci\u00f3n m\u00e1s respetuosa con el medio ambiente que los refrigerantes m\u00e1s antiguos, ya que reduce el agotamiento de la capa de ozono.<\/li>\n<\/ul>\n<h2>\u00bfQui\u00e9n debe comprar refrigerante R410A a granel?<\/h2>\n<p>Nuestro refrigerante R-410A al por mayor es perfecto para <strong>empresas de climatizaci\u00f3n<\/strong>, t\u00e9cnicos y distribuidores que necesitan existencias fiables. Al comprar al por mayor, no s\u00f3lo ahorras dinero, sino que te aseguras de tener siempre <strong>refrigerante R<\/strong> -410A a mano cuando lo necesites. Adem\u00e1s, con la retirada progresiva de los refrigerantes m\u00e1s antiguos, ahora es el mejor momento para pasarse al <a href=\"https:\/\/refrigerant-wholesale.com\/es\/\">R-410A<\/a>.<\/p>\n<p>Pide hoy tu <strong>refrigerante R410A<\/strong> barato <strong>al por mayor<\/strong> y benef\u00edciate de un servicio r\u00e1pido y fiable, precios competitivos y productos de m\u00e1xima calidad. \u00a1Mantente por delante de la competencia abasteciendo tu negocio con el mejor refrigerante disponible!<\/p>\n<p>Para m\u00e1s informaci\u00f3n o para hacer un pedido, \u00a1contacta con nosotros ahora!<\/p>\n<p>PALET COMPLETO REFRIGERANTE R410A 25 LBS 40 BOTELLAS<\/p>\n","protected":false},"excerpt":{"rendered":"<p><img loading=\"lazy\" decoding=\"async\" class=\"alignnone wp-image-437 aligncenter\" src=\"http:\/\/refrigerant-wholesale.com\/wp-content\/uploads\/2024\/03\/Screenshot-69.png\" alt=\"\" width=\"207\" height=\"50\" \/><\/p>\n<h4 style=\"text-align: center;\"><img loading=\"lazy\" decoding=\"async\" class=\"alignnone wp-image-744\" src=\"http:\/\/refrigerant-wholesale.com\/wp-content\/uploads\/2024\/07\/removal.ai_8ca2a79e-d09f-4bd1-a4fe-c4c69f1a4386_Trade-Assurance-381x400.png\" alt=\"Refrigerantes WS\" width=\"19\" height=\"20\" srcset=\"https:\/\/refrigerant-wholesale.com\/wp-content\/uploads\/2024\/07\/removal.ai_8ca2a79e-d09f-4bd1-a4fe-c4c69f1a4386_Trade-Assurance-381x400.png 381w, https:\/\/refrigerant-wholesale.com\/wp-content\/uploads\/2024\/07\/removal.ai_8ca2a79e-d09f-4bd1-a4fe-c4c69f1a4386_Trade-Assurance-100x100.png 100w, https:\/\/refrigerant-wholesale.com\/wp-content\/uploads\/2024\/07\/removal.ai_8ca2a79e-d09f-4bd1-a4fe-c4c69f1a4386_Trade-Assurance-280x280.png 280w, https:\/\/refrigerant-wholesale.com\/wp-content\/uploads\/2024\/07\/removal.ai_8ca2a79e-d09f-4bd1-a4fe-c4c69f1a4386_Trade-Assurance.png 388w\" sizes=\"auto, (max-width: 19px) 100vw, 19px\" \/>GARANT\u00cdA COMERCIAL<\/h4>\n<div class=\"gmail-textwidget gmail-custom-html-widget\">\n<h6 style=\"text-align: center;\">Env\u00edo : Entrega en todo el mundo<\/h6>\n<h6 style=\"text-align: center;\">(Se aceptan solicitudes personalizadas)<\/h6>\n<p style=\"text-align: center;\">100% VIRGEN Sellado de f\u00e1brica GARANTIZADO<\/p>\n<\/div>\n","protected":false},"featured_media":1483,"comment_status":"closed","ping_status":"closed","template":"","meta":[],"product_brand":[],"product_cat":[392,270],"product_tag":[],"class_list":{"0":"post-2236","1":"product","2":"type-product","3":"status-publish","4":"has-post-thumbnail","6":"product_cat-r410a","7":"product_cat-sin-categoria","9":"first","10":"instock","11":"shipping-taxable","12":"product-type-simple"},"yoast_head":"<!-- This site is optimized with the Yoast SEO Premium plugin v27.0 (Yoast SEO v27.3) - https:\/\/yoast.com\/product\/yoast-seo-premium-wordpress\/ -->\n<title>Refrigerante R-410A al por mayor | WS Refrigerants<\/title>\n<meta name=\"description\" content=\"El mejor precio al por mayor de Refrigerante R-410A. Comprar Refrigerante R-410A al por mayor. Productos 100% aut\u00e9nticos. Entrega r\u00e1pida en todo el mundo.\" \/>\n<meta name=\"robots\" content=\"index, follow, max-snippet:-1, max-image-preview:large, max-video-preview:-1\" \/>\n<link rel=\"canonical\" href=\"https:\/\/refrigerant-wholesale.com\/es\/product\/pale-completo-r-410a-40-cilindros\/\" \/>\n<meta property=\"og:locale\" content=\"es_ES\" \/>\n<meta property=\"og:type\" content=\"article\" \/>\n<meta property=\"og:title\" content=\"Pal\u00e9 completo R-410A (40 cilindros)\" \/>\n<meta property=\"og:description\" content=\"El mejor precio al por mayor de Refrigerante R-410A. Comprar Refrigerante R-410A al por mayor. Productos 100% aut\u00e9nticos. Entrega r\u00e1pida en todo el mundo.\" \/>\n<meta property=\"og:url\" content=\"https:\/\/refrigerant-wholesale.com\/es\/product\/pale-completo-r-410a-40-cilindros\/\" \/>\n<meta property=\"og:site_name\" content=\"Refrigerant Gas Wholesale\" \/>\n<meta property=\"article:publisher\" content=\"https:\/\/www.facebook.com\/refrigerantwholesale\" \/>\n<meta property=\"article:modified_time\" content=\"2025-03-01T23:36:21+00:00\" \/>\n<meta property=\"og:image\" content=\"http:\/\/refrigerant-wholesale.com\/wp-content\/uploads\/2024\/07\/FULL-PALLET-R-410A-40-Cylinders.jpg\" \/>\n\t<meta property=\"og:image:width\" content=\"1000\" \/>\n\t<meta property=\"og:image:height\" content=\"1000\" \/>\n\t<meta property=\"og:image:type\" content=\"image\/jpeg\" \/>\n<meta name=\"twitter:card\" content=\"summary_large_image\" \/>\n<meta name=\"twitter:label1\" content=\"Tiempo de lectura\" \/>\n\t<meta name=\"twitter:data1\" content=\"2 minutos\" \/>\n<script type=\"application\/ld+json\" class=\"yoast-schema-graph\">{\"@context\":\"https:\\\/\\\/schema.org\",\"@graph\":[{\"@type\":\"WebPage\",\"@id\":\"https:\\\/\\\/refrigerant-wholesale.com\\\/es\\\/product\\\/pale-completo-r-410a-40-cilindros\\\/\",\"url\":\"https:\\\/\\\/refrigerant-wholesale.com\\\/es\\\/product\\\/pale-completo-r-410a-40-cilindros\\\/\",\"name\":\"Refrigerante R-410A al por mayor | WS Refrigerants\",\"isPartOf\":{\"@id\":\"https:\\\/\\\/refrigerant-wholesale.com\\\/es\\\/#website\"},\"primaryImageOfPage\":{\"@id\":\"https:\\\/\\\/refrigerant-wholesale.com\\\/es\\\/product\\\/pale-completo-r-410a-40-cilindros\\\/#primaryimage\"},\"image\":{\"@id\":\"https:\\\/\\\/refrigerant-wholesale.com\\\/es\\\/product\\\/pale-completo-r-410a-40-cilindros\\\/#primaryimage\"},\"thumbnailUrl\":\"https:\\\/\\\/refrigerant-wholesale.com\\\/wp-content\\\/uploads\\\/2024\\\/07\\\/FULL-PALLET-R-410A-40-Cylinders.jpg\",\"datePublished\":\"2024-07-13T18:33:05+00:00\",\"dateModified\":\"2025-03-01T23:36:21+00:00\",\"description\":\"El mejor precio al por mayor de Refrigerante R-410A. Comprar Refrigerante R-410A al por mayor. Productos 100% aut\u00e9nticos. Entrega r\u00e1pida en todo el mundo.\",\"breadcrumb\":{\"@id\":\"https:\\\/\\\/refrigerant-wholesale.com\\\/es\\\/product\\\/pale-completo-r-410a-40-cilindros\\\/#breadcrumb\"},\"inLanguage\":\"es\",\"potentialAction\":[{\"@type\":\"ReadAction\",\"target\":[\"https:\\\/\\\/refrigerant-wholesale.com\\\/es\\\/product\\\/pale-completo-r-410a-40-cilindros\\\/\"]}]},{\"@type\":\"ImageObject\",\"inLanguage\":\"es\",\"@id\":\"https:\\\/\\\/refrigerant-wholesale.com\\\/es\\\/product\\\/pale-completo-r-410a-40-cilindros\\\/#primaryimage\",\"url\":\"https:\\\/\\\/refrigerant-wholesale.com\\\/wp-content\\\/uploads\\\/2024\\\/07\\\/FULL-PALLET-R-410A-40-Cylinders.jpg\",\"contentUrl\":\"https:\\\/\\\/refrigerant-wholesale.com\\\/wp-content\\\/uploads\\\/2024\\\/07\\\/FULL-PALLET-R-410A-40-Cylinders.jpg\",\"width\":1000,\"height\":1000,\"caption\":\"Proveedor de refrigerante R410a, Refrigerante R410a, R410a, Refrigerante R410a, Fre\u00f3n R 410a, Comprar refrigerante R410a, Venta de refrigerante R410a\"},{\"@type\":\"BreadcrumbList\",\"@id\":\"https:\\\/\\\/refrigerant-wholesale.com\\\/es\\\/product\\\/pale-completo-r-410a-40-cilindros\\\/#breadcrumb\",\"itemListElement\":[{\"@type\":\"ListItem\",\"position\":1,\"name\":\"Home\",\"item\":\"https:\\\/\\\/refrigerant-wholesale.com\\\/es\\\/\"},{\"@type\":\"ListItem\",\"position\":2,\"name\":\"Tienda\",\"item\":\"https:\\\/\\\/refrigerant-wholesale.com\\\/es\\\/tienda\\\/\"},{\"@type\":\"ListItem\",\"position\":3,\"name\":\"Pal\u00e9 completo R-410A (40 cilindros)\"}]},{\"@type\":\"WebSite\",\"@id\":\"https:\\\/\\\/refrigerant-wholesale.com\\\/es\\\/#website\",\"url\":\"https:\\\/\\\/refrigerant-wholesale.com\\\/es\\\/\",\"name\":\"Refrigerant Gas Wholesale\",\"description\":\"AC Gas supplier\",\"publisher\":{\"@id\":\"https:\\\/\\\/refrigerant-wholesale.com\\\/es\\\/#organization\"},\"potentialAction\":[{\"@type\":\"SearchAction\",\"target\":{\"@type\":\"EntryPoint\",\"urlTemplate\":\"https:\\\/\\\/refrigerant-wholesale.com\\\/es\\\/?s={search_term_string}\"},\"query-input\":{\"@type\":\"PropertyValueSpecification\",\"valueRequired\":true,\"valueName\":\"search_term_string\"}}],\"inLanguage\":\"es\"},{\"@type\":\"Organization\",\"@id\":\"https:\\\/\\\/refrigerant-wholesale.com\\\/es\\\/#organization\",\"name\":\"Refrigerant Gas Wholesale\",\"url\":\"https:\\\/\\\/refrigerant-wholesale.com\\\/es\\\/\",\"logo\":{\"@type\":\"ImageObject\",\"inLanguage\":\"es\",\"@id\":\"https:\\\/\\\/refrigerant-wholesale.com\\\/es\\\/#\\\/schema\\\/logo\\\/image\\\/\",\"url\":\"http:\\\/\\\/refrigerant-wholesale.com\\\/wp-content\\\/uploads\\\/2024\\\/04\\\/refrigerant-logo.png\",\"contentUrl\":\"http:\\\/\\\/refrigerant-wholesale.com\\\/wp-content\\\/uploads\\\/2024\\\/04\\\/refrigerant-logo.png\",\"width\":400,\"height\":84,\"caption\":\"Refrigerant Gas Wholesale\"},\"image\":{\"@id\":\"https:\\\/\\\/refrigerant-wholesale.com\\\/es\\\/#\\\/schema\\\/logo\\\/image\\\/\"},\"sameAs\":[\"https:\\\/\\\/www.facebook.com\\\/refrigerantwholesale\"]}]}<\/script>\n<!-- \/ Yoast SEO Premium plugin. -->","yoast_head_json":{"title":"Refrigerante R-410A al por mayor | WS Refrigerants","description":"El mejor precio al por mayor de Refrigerante R-410A. Comprar Refrigerante R-410A al por mayor. Productos 100% aut\u00e9nticos. Entrega r\u00e1pida en todo el mundo.","robots":{"index":"index","follow":"follow","max-snippet":"max-snippet:-1","max-image-preview":"max-image-preview:large","max-video-preview":"max-video-preview:-1"},"canonical":"https:\/\/refrigerant-wholesale.com\/es\/product\/pale-completo-r-410a-40-cilindros\/","og_locale":"es_ES","og_type":"article","og_title":"Pal\u00e9 completo R-410A (40 cilindros)","og_description":"El mejor precio al por mayor de Refrigerante R-410A. Comprar Refrigerante R-410A al por mayor. Productos 100% aut\u00e9nticos. Entrega r\u00e1pida en todo el mundo.","og_url":"https:\/\/refrigerant-wholesale.com\/es\/product\/pale-completo-r-410a-40-cilindros\/","og_site_name":"Refrigerant Gas Wholesale","article_publisher":"https:\/\/www.facebook.com\/refrigerantwholesale","article_modified_time":"2025-03-01T23:36:21+00:00","og_image":[{"width":1000,"height":1000,"url":"http:\/\/refrigerant-wholesale.com\/wp-content\/uploads\/2024\/07\/FULL-PALLET-R-410A-40-Cylinders.jpg","type":"image\/jpeg"}],"twitter_card":"summary_large_image","twitter_misc":{"Tiempo de lectura":"2 minutos"},"schema":{"@context":"https:\/\/schema.org","@graph":[{"@type":"WebPage","@id":"https:\/\/refrigerant-wholesale.com\/es\/product\/pale-completo-r-410a-40-cilindros\/","url":"https:\/\/refrigerant-wholesale.com\/es\/product\/pale-completo-r-410a-40-cilindros\/","name":"Refrigerante R-410A al por mayor | WS Refrigerants","isPartOf":{"@id":"https:\/\/refrigerant-wholesale.com\/es\/#website"},"primaryImageOfPage":{"@id":"https:\/\/refrigerant-wholesale.com\/es\/product\/pale-completo-r-410a-40-cilindros\/#primaryimage"},"image":{"@id":"https:\/\/refrigerant-wholesale.com\/es\/product\/pale-completo-r-410a-40-cilindros\/#primaryimage"},"thumbnailUrl":"https:\/\/refrigerant-wholesale.com\/wp-content\/uploads\/2024\/07\/FULL-PALLET-R-410A-40-Cylinders.jpg","datePublished":"2024-07-13T18:33:05+00:00","dateModified":"2025-03-01T23:36:21+00:00","description":"El mejor precio al por mayor de Refrigerante R-410A. Comprar Refrigerante R-410A al por mayor. Productos 100% aut\u00e9nticos. Entrega r\u00e1pida en todo el mundo.","breadcrumb":{"@id":"https:\/\/refrigerant-wholesale.com\/es\/product\/pale-completo-r-410a-40-cilindros\/#breadcrumb"},"inLanguage":"es","potentialAction":[{"@type":"ReadAction","target":["https:\/\/refrigerant-wholesale.com\/es\/product\/pale-completo-r-410a-40-cilindros\/"]}]},{"@type":"ImageObject","inLanguage":"es","@id":"https:\/\/refrigerant-wholesale.com\/es\/product\/pale-completo-r-410a-40-cilindros\/#primaryimage","url":"https:\/\/refrigerant-wholesale.com\/wp-content\/uploads\/2024\/07\/FULL-PALLET-R-410A-40-Cylinders.jpg","contentUrl":"https:\/\/refrigerant-wholesale.com\/wp-content\/uploads\/2024\/07\/FULL-PALLET-R-410A-40-Cylinders.jpg","width":1000,"height":1000,"caption":"Proveedor de refrigerante R410a, Refrigerante R410a, R410a, Refrigerante R410a, Fre\u00f3n R 410a, Comprar refrigerante R410a, Venta de refrigerante R410a"},{"@type":"BreadcrumbList","@id":"https:\/\/refrigerant-wholesale.com\/es\/product\/pale-completo-r-410a-40-cilindros\/#breadcrumb","itemListElement":[{"@type":"ListItem","position":1,"name":"Home","item":"https:\/\/refrigerant-wholesale.com\/es\/"},{"@type":"ListItem","position":2,"name":"Tienda","item":"https:\/\/refrigerant-wholesale.com\/es\/tienda\/"},{"@type":"ListItem","position":3,"name":"Pal\u00e9 completo R-410A (40 cilindros)"}]},{"@type":"WebSite","@id":"https:\/\/refrigerant-wholesale.com\/es\/#website","url":"https:\/\/refrigerant-wholesale.com\/es\/","name":"Refrigerant Gas Wholesale","description":"AC Gas supplier","publisher":{"@id":"https:\/\/refrigerant-wholesale.com\/es\/#organization"},"potentialAction":[{"@type":"SearchAction","target":{"@type":"EntryPoint","urlTemplate":"https:\/\/refrigerant-wholesale.com\/es\/?s={search_term_string}"},"query-input":{"@type":"PropertyValueSpecification","valueRequired":true,"valueName":"search_term_string"}}],"inLanguage":"es"},{"@type":"Organization","@id":"https:\/\/refrigerant-wholesale.com\/es\/#organization","name":"Refrigerant Gas Wholesale","url":"https:\/\/refrigerant-wholesale.com\/es\/","logo":{"@type":"ImageObject","inLanguage":"es","@id":"https:\/\/refrigerant-wholesale.com\/es\/#\/schema\/logo\/image\/","url":"http:\/\/refrigerant-wholesale.com\/wp-content\/uploads\/2024\/04\/refrigerant-logo.png","contentUrl":"http:\/\/refrigerant-wholesale.com\/wp-content\/uploads\/2024\/04\/refrigerant-logo.png","width":400,"height":84,"caption":"Refrigerant Gas Wholesale"},"image":{"@id":"https:\/\/refrigerant-wholesale.com\/es\/#\/schema\/logo\/image\/"},"sameAs":["https:\/\/www.facebook.com\/refrigerantwholesale"]}]}},"_links":{"self":[{"href":"https:\/\/refrigerant-wholesale.com\/es\/wp-json\/wp\/v2\/product\/2236","targetHints":{"allow":["GET"]}}],"collection":[{"href":"https:\/\/refrigerant-wholesale.com\/es\/wp-json\/wp\/v2\/product"}],"about":[{"href":"https:\/\/refrigerant-wholesale.com\/es\/wp-json\/wp\/v2\/types\/product"}],"replies":[{"embeddable":true,"href":"https:\/\/refrigerant-wholesale.com\/es\/wp-json\/wp\/v2\/comments?post=2236"}],"wp:featuredmedia":[{"embeddable":true,"href":"https:\/\/refrigerant-wholesale.com\/es\/wp-json\/wp\/v2\/media\/1483"}],"wp:attachment":[{"href":"https:\/\/refrigerant-wholesale.com\/es\/wp-json\/wp\/v2\/media?parent=2236"}],"wp:term":[{"taxonomy":"product_brand","embeddable":true,"href":"https:\/\/refrigerant-wholesale.com\/es\/wp-json\/wp\/v2\/product_brand?post=2236"},{"taxonomy":"product_cat","embeddable":true,"href":"https:\/\/refrigerant-wholesale.com\/es\/wp-json\/wp\/v2\/product_cat?post=2236"},{"taxonomy":"product_tag","embeddable":true,"href":"https:\/\/refrigerant-wholesale.com\/es\/wp-json\/wp\/v2\/product_tag?post=2236"}],"curies":[{"name":"wp","href":"https:\/\/api.w.org\/{rel}","templated":true}]}}