{"id":2235,"date":"2024-07-13T18:28:08","date_gmt":"2024-07-13T18:28:08","guid":{"rendered":"https:\/\/refrigerant-wholesale.com\/product\/media-paleta-r-410a-20-cilindros\/"},"modified":"2025-03-01T23:37:07","modified_gmt":"2025-03-01T23:37:07","slug":"media-paleta-r-410a-20-cilindros","status":"publish","type":"product","link":"https:\/\/refrigerant-wholesale.com\/es\/product\/media-paleta-r-410a-20-cilindros\/","title":{"rendered":"Media paleta R-410A (20 cilindros)"},"content":{"rendered":"<h3>Proveedor de refrigerante R-410A: tu socio global para soluciones de refrigeraci\u00f3n respetuosas con el medio ambiente<\/h3>\n<p>\u00bfBuscas un <strong>proveedor<\/strong> fiable <strong>de refrigerante R-410A<\/strong>? No busques m\u00e1s. Somos el socio global de confianza que proporciona <strong>suministro de refrigerante<\/strong> R-410A de alta calidad para satisfacer tus necesidades de refrigeraci\u00f3n. Tanto si perteneces al sector comercial, industrial o residencial, nuestro <strong>refrigerante<\/strong> R-410A ofrece un rendimiento excepcional para los sistemas de aire acondicionado y refrigeraci\u00f3n. Con nuestro amplio alcance internacional, garantizamos una entrega r\u00e1pida y sin problemas a todos los mercados del mundo.<\/p>\n<h4>\u00bfPor qu\u00e9 elegirnos como proveedor de refrigerante R-410A?<\/h4>\n<p>Nuestro compromiso con la calidad y la eficiencia nos convierte en el <strong>proveedor de refrigerante R-410A<\/strong> preferido por muchas empresas de todo el mundo. Como l\u00edderes del sector, comprendemos la importancia de los refrigerantes ecol\u00f3gicos. <strong>El refrigerante<\/strong> R-410A es ampliamente reconocido por sus beneficios medioambientales, ya que ofrece una mayor eficiencia energ\u00e9tica y una reducci\u00f3n de las emisiones de gases de efecto invernadero. Al elegirnos, no s\u00f3lo mejoras tus sistemas de refrigeraci\u00f3n, sino que tambi\u00e9n haces una elecci\u00f3n consciente para el planeta.<\/p>\n<p>Ofrecemos precios competitivos, asegur\u00e1ndonos de que recibes el mejor valor por tu inversi\u00f3n. Nuestros refrigerantes proceden de fabricantes l\u00edderes y cumplen todas las normas reglamentarias, garantizando la seguridad y el rendimiento. Adem\u00e1s, nuestro <strong>refrigerante R-410A<\/strong> est\u00e1 disponible en varios tama\u00f1os para satisfacer tus necesidades espec\u00edficas.<\/p>\n<h4>Principales ventajas del refrigerante R-410A<\/h4>\n<p>Una de las principales ventajas del <strong>refrigerante<a href=\"https:\/\/www.google.com\/search?q=r410a+refrigerant+suppliers&amp;sca_esv=8141674a718dc13d&amp;sxsrf=ADLYWIJ_AuH3ahy5A0aRRxZCp6Amevwplw%3A1728400707381&amp;ei=Q00FZ-frFpaVxc8Pzt2c0QU&amp;oq=r410a+refrigerant+suppl&amp;gs_lp=Egxnd3Mtd2l6LXNlcnAiF3I0MTBhIHJlZnJpZ2VyYW50IHN1cHBsKgIIATIFEAAYgAQyBRAAGIAEMgYQABgWGB4yBhAAGBYYHjIIEAAYFhgeGA8yBhAAGBYYHjIGEAAYFhgeMggQABgWGB4YDzIIEAAYFhgKGB4yCxAAGIAEGIYDGIoFSPzkAVDnIljhywFwAXgAkAEAmAGWAaABlQmqAQQwLjEwuAEByAEA-AEBmAILoALHCcICCxAAGLADGAgYHhgPwgIOEAAYgAQYsAMYhgMYigXCAgsQABiABBiwAxiiBMICCBAhGKABGMMEwgIGEAAYCBgewgIIEAAYgAQYogTCAgYQABgHGB7CAgsQABiABBiRAhiKBZgDAIgGAZAGCpIHBDEuMTCgB4M9&amp;sclient=gws-wiz-serp\">R-410A<\/a><\/strong> es su capacidad para absorber y liberar calor de forma m\u00e1s eficiente que los refrigerantes m\u00e1s antiguos. Esto permite que tus sistemas funcionen m\u00e1s suavemente, con lo que se reducen los costes energ\u00e9ticos y se alarga la vida \u00fatil de los equipos. Adem\u00e1s, <strong>el refrigerante<\/strong> <strong><a href=\"https:\/\/refrigerant-wholesale.com\/es\/categoria-producto\/r410a\/\">R-410A<\/a><\/strong> no agota la capa de ozono, lo que lo convierte en una opci\u00f3n sostenible para las empresas que dan prioridad a la responsabilidad medioambiental.<\/p>\n<p>Como tu <strong>proveedor de<\/strong> confianza <strong>de refrigerante R-410A<\/strong>, nos dedicamos a proporcionarte productos que cumplen las normas m\u00e1s estrictas del sector. Nuestros refrigerantes se someten a rigurosas pruebas para garantizar un rendimiento \u00f3ptimo, asegurando que tus sistemas de refrigeraci\u00f3n funcionen con la m\u00e1xima eficiencia.<\/p>\n<h3>Distribuci\u00f3n mundial con env\u00edo r\u00e1pido<\/h3>\n<p>Comprendemos la importancia de una entrega puntual, especialmente para las empresas que operan a escala mundial. Con nuestra <strong>red de distribuci\u00f3n mundial<\/strong>, garantizamos un env\u00edo r\u00e1pido y fiable a todos los rincones del mundo. No importa d\u00f3nde te encuentres, puedes contar con nosotros como tu <strong>proveedor<\/strong> fiable <strong>de refrigerante R-410A<\/strong>.<\/p>\n<p>Colaboramos estrechamente con socios log\u00edsticos para garantizar que tus refrigerantes lleguen siempre a tiempo. Con una entrega eficaz y sin complicaciones, puedes centrarte en dirigir tu negocio mientras nosotros nos ocupamos de tus necesidades de refrigeraci\u00f3n.<\/p>\n<h4>Soluciones sostenibles para un futuro m\u00e1s verde<\/h4>\n<p>Al elegir nuestro <strong>refrigerante R-410A<\/strong>, contribuyes a un futuro m\u00e1s ecol\u00f3gico. Nuestros productos est\u00e1n dise\u00f1ados para ayudar a las empresas a reducir su huella de carbono sin comprometer el rendimiento. Como la demanda de soluciones de refrigeraci\u00f3n ecol\u00f3gicas sigue creciendo, estamos aqu\u00ed para apoyarte con refrigerantes de m\u00e1xima calidad que satisfagan las necesidades cambiantes del sector.<\/p>\n<p>As\u00f3ciate con nosotros hoy mismo y experimenta las ventajas de trabajar con un <strong>proveedor<\/strong> l\u00edder <strong>de refrigerante R-410A<\/strong> que da prioridad a la calidad, la sostenibilidad y la satisfacci\u00f3n del cliente.<\/p>\n<hr \/>\n<p>\u00a1Haz el cambio hoy mismo! Ponte en contacto con nosotros para obtener m\u00e1s informaci\u00f3n o hacer un pedido. Deja que te ayudemos con todas tus necesidades de <strong>refrigerante<\/strong> R-410A, est\u00e9s donde est\u00e9s en el mundo. Suministro de refrigerante R410A superior.<\/p>\n","protected":false},"excerpt":{"rendered":"<p><img loading=\"lazy\" decoding=\"async\" class=\"alignnone wp-image-437 aligncenter\" src=\"http:\/\/refrigerant-wholesale.com\/wp-content\/uploads\/2024\/03\/Screenshot-69.png\" alt=\"\" width=\"207\" height=\"50\" \/><\/p>\n<h4 style=\"text-align: center;\"><img loading=\"lazy\" decoding=\"async\" class=\"gmail-crown\" src=\"https:\/\/www.cryptominerbros.com\/wp-content\/uploads\/2019\/12\/dollar-icon.png\" width=\"26\" height=\"27\" \/>GARANT\u00cdA COMERCIAL<\/h4>\n<div class=\"gmail-textwidget gmail-custom-html-widget\">\n<h6 style=\"text-align: center;\">Env\u00edo : Entrega en todo el mundo<\/h6>\n<h6 style=\"text-align: center;\">(Se aceptan solicitudes personalizadas)<\/h6>\n<\/div>\n","protected":false},"featured_media":1480,"comment_status":"open","ping_status":"closed","template":"","meta":[],"product_brand":[],"product_cat":[392,270],"product_tag":[],"class_list":{"0":"post-2235","1":"product","2":"type-product","3":"status-publish","4":"has-post-thumbnail","6":"product_cat-r410a","7":"product_cat-sin-categoria","9":"first","10":"instock","11":"shipping-taxable","12":"product-type-simple"},"yoast_head":"<!-- This site is optimized with the Yoast SEO Premium plugin v27.0 (Yoast SEO v27.3) - https:\/\/yoast.com\/product\/yoast-seo-premium-wordpress\/ -->\n<title>Proveedor de refrigerante R-410A | WS Refrigerants<\/title>\n<meta name=\"description\" content=\"Proveedor mayorista de refrigerante R-410A. Suministro de refrigerante R410A fiable y de primera calidad. Productos 100% aut\u00e9nticos.\" \/>\n<meta name=\"robots\" content=\"index, follow, max-snippet:-1, max-image-preview:large, max-video-preview:-1\" \/>\n<link rel=\"canonical\" href=\"https:\/\/refrigerant-wholesale.com\/es\/product\/media-paleta-r-410a-20-cilindros\/\" \/>\n<meta property=\"og:locale\" content=\"es_ES\" \/>\n<meta property=\"og:type\" content=\"article\" \/>\n<meta property=\"og:title\" content=\"Media paleta R-410A (20 cilindros)\" \/>\n<meta property=\"og:description\" content=\"Proveedor mayorista de refrigerante R-410A. Suministro de refrigerante R410A fiable y de primera calidad. Productos 100% aut\u00e9nticos.\" \/>\n<meta property=\"og:url\" content=\"https:\/\/refrigerant-wholesale.com\/es\/product\/media-paleta-r-410a-20-cilindros\/\" \/>\n<meta property=\"og:site_name\" content=\"Refrigerant Gas Wholesale\" \/>\n<meta property=\"article:publisher\" content=\"https:\/\/www.facebook.com\/refrigerantwholesale\" \/>\n<meta property=\"article:modified_time\" content=\"2025-03-01T23:37:07+00:00\" \/>\n<meta property=\"og:image\" content=\"http:\/\/refrigerant-wholesale.com\/wp-content\/uploads\/2024\/07\/HALF-PALLET-R-410A-20-Cylinders.jpg\" \/>\n\t<meta property=\"og:image:width\" content=\"1000\" \/>\n\t<meta property=\"og:image:height\" content=\"1000\" \/>\n\t<meta property=\"og:image:type\" content=\"image\/jpeg\" \/>\n<meta name=\"twitter:card\" content=\"summary_large_image\" \/>\n<meta name=\"twitter:label1\" content=\"Tiempo de lectura\" \/>\n\t<meta name=\"twitter:data1\" content=\"3 minutos\" \/>\n<script type=\"application\/ld+json\" class=\"yoast-schema-graph\">{\"@context\":\"https:\\\/\\\/schema.org\",\"@graph\":[{\"@type\":\"WebPage\",\"@id\":\"https:\\\/\\\/refrigerant-wholesale.com\\\/es\\\/product\\\/media-paleta-r-410a-20-cilindros\\\/\",\"url\":\"https:\\\/\\\/refrigerant-wholesale.com\\\/es\\\/product\\\/media-paleta-r-410a-20-cilindros\\\/\",\"name\":\"Proveedor de refrigerante R-410A | WS Refrigerants\",\"isPartOf\":{\"@id\":\"https:\\\/\\\/refrigerant-wholesale.com\\\/es\\\/#website\"},\"primaryImageOfPage\":{\"@id\":\"https:\\\/\\\/refrigerant-wholesale.com\\\/es\\\/product\\\/media-paleta-r-410a-20-cilindros\\\/#primaryimage\"},\"image\":{\"@id\":\"https:\\\/\\\/refrigerant-wholesale.com\\\/es\\\/product\\\/media-paleta-r-410a-20-cilindros\\\/#primaryimage\"},\"thumbnailUrl\":\"https:\\\/\\\/refrigerant-wholesale.com\\\/wp-content\\\/uploads\\\/2024\\\/07\\\/HALF-PALLET-R-410A-20-Cylinders.jpg\",\"datePublished\":\"2024-07-13T18:28:08+00:00\",\"dateModified\":\"2025-03-01T23:37:07+00:00\",\"description\":\"Proveedor mayorista de refrigerante R-410A. Suministro de refrigerante R410A fiable y de primera calidad. Productos 100% aut\u00e9nticos.\",\"breadcrumb\":{\"@id\":\"https:\\\/\\\/refrigerant-wholesale.com\\\/es\\\/product\\\/media-paleta-r-410a-20-cilindros\\\/#breadcrumb\"},\"inLanguage\":\"es\",\"potentialAction\":[{\"@type\":\"ReadAction\",\"target\":[\"https:\\\/\\\/refrigerant-wholesale.com\\\/es\\\/product\\\/media-paleta-r-410a-20-cilindros\\\/\"]}]},{\"@type\":\"ImageObject\",\"inLanguage\":\"es\",\"@id\":\"https:\\\/\\\/refrigerant-wholesale.com\\\/es\\\/product\\\/media-paleta-r-410a-20-cilindros\\\/#primaryimage\",\"url\":\"https:\\\/\\\/refrigerant-wholesale.com\\\/wp-content\\\/uploads\\\/2024\\\/07\\\/HALF-PALLET-R-410A-20-Cylinders.jpg\",\"contentUrl\":\"https:\\\/\\\/refrigerant-wholesale.com\\\/wp-content\\\/uploads\\\/2024\\\/07\\\/HALF-PALLET-R-410A-20-Cylinders.jpg\",\"width\":1000,\"height\":1000,\"caption\":\"Proveedor de refrigerante R410a, Refrigerante R410a, R410a, Refrigerante R410a, Fre\u00f3n R 410a, Comprar refrigerante R410a, Venta de refrigerante R410a\"},{\"@type\":\"BreadcrumbList\",\"@id\":\"https:\\\/\\\/refrigerant-wholesale.com\\\/es\\\/product\\\/media-paleta-r-410a-20-cilindros\\\/#breadcrumb\",\"itemListElement\":[{\"@type\":\"ListItem\",\"position\":1,\"name\":\"Home\",\"item\":\"https:\\\/\\\/refrigerant-wholesale.com\\\/es\\\/\"},{\"@type\":\"ListItem\",\"position\":2,\"name\":\"Tienda\",\"item\":\"https:\\\/\\\/refrigerant-wholesale.com\\\/es\\\/tienda\\\/\"},{\"@type\":\"ListItem\",\"position\":3,\"name\":\"Media paleta R-410A (20 cilindros)\"}]},{\"@type\":\"WebSite\",\"@id\":\"https:\\\/\\\/refrigerant-wholesale.com\\\/es\\\/#website\",\"url\":\"https:\\\/\\\/refrigerant-wholesale.com\\\/es\\\/\",\"name\":\"Refrigerant Gas Wholesale\",\"description\":\"AC Gas supplier\",\"publisher\":{\"@id\":\"https:\\\/\\\/refrigerant-wholesale.com\\\/es\\\/#organization\"},\"potentialAction\":[{\"@type\":\"SearchAction\",\"target\":{\"@type\":\"EntryPoint\",\"urlTemplate\":\"https:\\\/\\\/refrigerant-wholesale.com\\\/es\\\/?s={search_term_string}\"},\"query-input\":{\"@type\":\"PropertyValueSpecification\",\"valueRequired\":true,\"valueName\":\"search_term_string\"}}],\"inLanguage\":\"es\"},{\"@type\":\"Organization\",\"@id\":\"https:\\\/\\\/refrigerant-wholesale.com\\\/es\\\/#organization\",\"name\":\"Refrigerant Gas Wholesale\",\"url\":\"https:\\\/\\\/refrigerant-wholesale.com\\\/es\\\/\",\"logo\":{\"@type\":\"ImageObject\",\"inLanguage\":\"es\",\"@id\":\"https:\\\/\\\/refrigerant-wholesale.com\\\/es\\\/#\\\/schema\\\/logo\\\/image\\\/\",\"url\":\"http:\\\/\\\/refrigerant-wholesale.com\\\/wp-content\\\/uploads\\\/2024\\\/04\\\/refrigerant-logo.png\",\"contentUrl\":\"http:\\\/\\\/refrigerant-wholesale.com\\\/wp-content\\\/uploads\\\/2024\\\/04\\\/refrigerant-logo.png\",\"width\":400,\"height\":84,\"caption\":\"Refrigerant Gas Wholesale\"},\"image\":{\"@id\":\"https:\\\/\\\/refrigerant-wholesale.com\\\/es\\\/#\\\/schema\\\/logo\\\/image\\\/\"},\"sameAs\":[\"https:\\\/\\\/www.facebook.com\\\/refrigerantwholesale\"]}]}<\/script>\n<!-- \/ Yoast SEO Premium plugin. -->","yoast_head_json":{"title":"Proveedor de refrigerante R-410A | WS Refrigerants","description":"Proveedor mayorista de refrigerante R-410A. Suministro de refrigerante R410A fiable y de primera calidad. Productos 100% aut\u00e9nticos.","robots":{"index":"index","follow":"follow","max-snippet":"max-snippet:-1","max-image-preview":"max-image-preview:large","max-video-preview":"max-video-preview:-1"},"canonical":"https:\/\/refrigerant-wholesale.com\/es\/product\/media-paleta-r-410a-20-cilindros\/","og_locale":"es_ES","og_type":"article","og_title":"Media paleta R-410A (20 cilindros)","og_description":"Proveedor mayorista de refrigerante R-410A. Suministro de refrigerante R410A fiable y de primera calidad. Productos 100% aut\u00e9nticos.","og_url":"https:\/\/refrigerant-wholesale.com\/es\/product\/media-paleta-r-410a-20-cilindros\/","og_site_name":"Refrigerant Gas Wholesale","article_publisher":"https:\/\/www.facebook.com\/refrigerantwholesale","article_modified_time":"2025-03-01T23:37:07+00:00","og_image":[{"width":1000,"height":1000,"url":"http:\/\/refrigerant-wholesale.com\/wp-content\/uploads\/2024\/07\/HALF-PALLET-R-410A-20-Cylinders.jpg","type":"image\/jpeg"}],"twitter_card":"summary_large_image","twitter_misc":{"Tiempo de lectura":"3 minutos"},"schema":{"@context":"https:\/\/schema.org","@graph":[{"@type":"WebPage","@id":"https:\/\/refrigerant-wholesale.com\/es\/product\/media-paleta-r-410a-20-cilindros\/","url":"https:\/\/refrigerant-wholesale.com\/es\/product\/media-paleta-r-410a-20-cilindros\/","name":"Proveedor de refrigerante R-410A | WS Refrigerants","isPartOf":{"@id":"https:\/\/refrigerant-wholesale.com\/es\/#website"},"primaryImageOfPage":{"@id":"https:\/\/refrigerant-wholesale.com\/es\/product\/media-paleta-r-410a-20-cilindros\/#primaryimage"},"image":{"@id":"https:\/\/refrigerant-wholesale.com\/es\/product\/media-paleta-r-410a-20-cilindros\/#primaryimage"},"thumbnailUrl":"https:\/\/refrigerant-wholesale.com\/wp-content\/uploads\/2024\/07\/HALF-PALLET-R-410A-20-Cylinders.jpg","datePublished":"2024-07-13T18:28:08+00:00","dateModified":"2025-03-01T23:37:07+00:00","description":"Proveedor mayorista de refrigerante R-410A. Suministro de refrigerante R410A fiable y de primera calidad. Productos 100% aut\u00e9nticos.","breadcrumb":{"@id":"https:\/\/refrigerant-wholesale.com\/es\/product\/media-paleta-r-410a-20-cilindros\/#breadcrumb"},"inLanguage":"es","potentialAction":[{"@type":"ReadAction","target":["https:\/\/refrigerant-wholesale.com\/es\/product\/media-paleta-r-410a-20-cilindros\/"]}]},{"@type":"ImageObject","inLanguage":"es","@id":"https:\/\/refrigerant-wholesale.com\/es\/product\/media-paleta-r-410a-20-cilindros\/#primaryimage","url":"https:\/\/refrigerant-wholesale.com\/wp-content\/uploads\/2024\/07\/HALF-PALLET-R-410A-20-Cylinders.jpg","contentUrl":"https:\/\/refrigerant-wholesale.com\/wp-content\/uploads\/2024\/07\/HALF-PALLET-R-410A-20-Cylinders.jpg","width":1000,"height":1000,"caption":"Proveedor de refrigerante R410a, Refrigerante R410a, R410a, Refrigerante R410a, Fre\u00f3n R 410a, Comprar refrigerante R410a, Venta de refrigerante R410a"},{"@type":"BreadcrumbList","@id":"https:\/\/refrigerant-wholesale.com\/es\/product\/media-paleta-r-410a-20-cilindros\/#breadcrumb","itemListElement":[{"@type":"ListItem","position":1,"name":"Home","item":"https:\/\/refrigerant-wholesale.com\/es\/"},{"@type":"ListItem","position":2,"name":"Tienda","item":"https:\/\/refrigerant-wholesale.com\/es\/tienda\/"},{"@type":"ListItem","position":3,"name":"Media paleta R-410A (20 cilindros)"}]},{"@type":"WebSite","@id":"https:\/\/refrigerant-wholesale.com\/es\/#website","url":"https:\/\/refrigerant-wholesale.com\/es\/","name":"Refrigerant Gas Wholesale","description":"AC Gas supplier","publisher":{"@id":"https:\/\/refrigerant-wholesale.com\/es\/#organization"},"potentialAction":[{"@type":"SearchAction","target":{"@type":"EntryPoint","urlTemplate":"https:\/\/refrigerant-wholesale.com\/es\/?s={search_term_string}"},"query-input":{"@type":"PropertyValueSpecification","valueRequired":true,"valueName":"search_term_string"}}],"inLanguage":"es"},{"@type":"Organization","@id":"https:\/\/refrigerant-wholesale.com\/es\/#organization","name":"Refrigerant Gas Wholesale","url":"https:\/\/refrigerant-wholesale.com\/es\/","logo":{"@type":"ImageObject","inLanguage":"es","@id":"https:\/\/refrigerant-wholesale.com\/es\/#\/schema\/logo\/image\/","url":"http:\/\/refrigerant-wholesale.com\/wp-content\/uploads\/2024\/04\/refrigerant-logo.png","contentUrl":"http:\/\/refrigerant-wholesale.com\/wp-content\/uploads\/2024\/04\/refrigerant-logo.png","width":400,"height":84,"caption":"Refrigerant Gas Wholesale"},"image":{"@id":"https:\/\/refrigerant-wholesale.com\/es\/#\/schema\/logo\/image\/"},"sameAs":["https:\/\/www.facebook.com\/refrigerantwholesale"]}]}},"_links":{"self":[{"href":"https:\/\/refrigerant-wholesale.com\/es\/wp-json\/wp\/v2\/product\/2235","targetHints":{"allow":["GET"]}}],"collection":[{"href":"https:\/\/refrigerant-wholesale.com\/es\/wp-json\/wp\/v2\/product"}],"about":[{"href":"https:\/\/refrigerant-wholesale.com\/es\/wp-json\/wp\/v2\/types\/product"}],"replies":[{"embeddable":true,"href":"https:\/\/refrigerant-wholesale.com\/es\/wp-json\/wp\/v2\/comments?post=2235"}],"wp:featuredmedia":[{"embeddable":true,"href":"https:\/\/refrigerant-wholesale.com\/es\/wp-json\/wp\/v2\/media\/1480"}],"wp:attachment":[{"href":"https:\/\/refrigerant-wholesale.com\/es\/wp-json\/wp\/v2\/media?parent=2235"}],"wp:term":[{"taxonomy":"product_brand","embeddable":true,"href":"https:\/\/refrigerant-wholesale.com\/es\/wp-json\/wp\/v2\/product_brand?post=2235"},{"taxonomy":"product_cat","embeddable":true,"href":"https:\/\/refrigerant-wholesale.com\/es\/wp-json\/wp\/v2\/product_cat?post=2235"},{"taxonomy":"product_tag","embeddable":true,"href":"https:\/\/refrigerant-wholesale.com\/es\/wp-json\/wp\/v2\/product_tag?post=2235"}],"curies":[{"name":"wp","href":"https:\/\/api.w.org\/{rel}","templated":true}]}}