{"id":2229,"date":"2024-07-13T18:13:57","date_gmt":"2024-07-13T18:13:57","guid":{"rendered":"https:\/\/refrigerant-wholesale.com\/product\/refrigerante-r-22-2-lbs\/"},"modified":"2025-03-01T21:26:55","modified_gmt":"2025-03-01T21:26:55","slug":"refrigerante-r-22-2-lbs","status":"publish","type":"product","link":"https:\/\/refrigerant-wholesale.com\/es\/product\/refrigerante-r-22-2-lbs\/","title":{"rendered":"Refrigerante R-22 2 LBS"},"content":{"rendered":"<p>Ahora con una nueva v\u00e1lvula de cierre est\u00e1ndar de \u00bc \u00bb SAE R22 2 lb. <strong>ENV\u00cdO GRATUITO A TODA LA NACI\u00d3N (EE.UU. CONTINENTAL) 100% VIRGEN SELLADO DE F\u00c1BRICA CALIDAD DEL PRODUCTO GARANTIZADA<\/strong> WS Refrigerant almacena una gran cantidad de R22, R410A, MO99, 407C, 404A y R134A.<\/p>\n","protected":false},"excerpt":{"rendered":"<p><img loading=\"lazy\" decoding=\"async\" class=\"alignnone wp-image-437 aligncenter\" src=\"http:\/\/refrigerant-wholesale.com\/wp-content\/uploads\/2024\/03\/Screenshot-69.png\" alt=\"\" width=\"207\" height=\"50\"><\/p>\n<h4 style=\"text-align: center;\"><img loading=\"lazy\" decoding=\"async\" class=\"alignnone wp-image-744\" src=\"http:\/\/refrigerant-wholesale.com\/wp-content\/uploads\/2024\/07\/removal.ai_8ca2a79e-d09f-4bd1-a4fe-c4c69f1a4386_Trade-Assurance-381x400.png\" alt=\"Refrigerantes WS\" width=\"20\" height=\"21\" srcset=\"https:\/\/refrigerant-wholesale.com\/wp-content\/uploads\/2024\/07\/removal.ai_8ca2a79e-d09f-4bd1-a4fe-c4c69f1a4386_Trade-Assurance-381x400.png 381w, https:\/\/refrigerant-wholesale.com\/wp-content\/uploads\/2024\/07\/removal.ai_8ca2a79e-d09f-4bd1-a4fe-c4c69f1a4386_Trade-Assurance-100x100.png 100w, https:\/\/refrigerant-wholesale.com\/wp-content\/uploads\/2024\/07\/removal.ai_8ca2a79e-d09f-4bd1-a4fe-c4c69f1a4386_Trade-Assurance-280x280.png 280w, https:\/\/refrigerant-wholesale.com\/wp-content\/uploads\/2024\/07\/removal.ai_8ca2a79e-d09f-4bd1-a4fe-c4c69f1a4386_Trade-Assurance.png 388w\" sizes=\"auto, (max-width: 20px) 100vw, 20px\" \/>GARANT\u00cdA COMERCIAL<\/h4>\n<div class=\"gmail-textwidget gmail-custom-html-widget\">\n<h6 style=\"text-align: center;\">Env\u00edo : Entrega en todo el mundo<\/h6>\n<h6 style=\"text-align: center;\">(Se aceptan solicitudes personalizadas)<\/h6>\n<p style=\"text-align: center;\">100% VIRGEN Sellado de f\u00e1brica GARANTIZADO<\/p>\n<p style=\"text-align: center;\"><a href=\"http:\/\/refrigerant-wholesale.com\/wp-content\/uploads\/2024\/07\/SDS-R22.pdf\" target=\"_self\" class=\"button primary is-green is-small\"  >\n    <span>Descargar la ficha de seguridad<\/span>\n  <\/a>\n\n<\/div>\n","protected":false},"featured_media":1465,"comment_status":"closed","ping_status":"closed","template":"","meta":[],"product_brand":[],"product_cat":[430,270],"product_tag":[],"class_list":{"0":"post-2229","1":"product","2":"type-product","3":"status-publish","4":"has-post-thumbnail","6":"product_cat-r22-es","7":"product_cat-sin-categoria","9":"first","10":"instock","11":"shipping-taxable","12":"product-type-simple"},"yoast_head":"<!-- This site is optimized with the Yoast SEO Premium plugin v27.0 (Yoast SEO v27.3) - https:\/\/yoast.com\/product\/yoast-seo-premium-wordpress\/ -->\n<title>Refrigerante R-22 2 LBS - Refrigerant Gas Wholesale<\/title>\n<meta name=\"robots\" content=\"index, follow, max-snippet:-1, max-image-preview:large, max-video-preview:-1\" \/>\n<link rel=\"canonical\" href=\"https:\/\/refrigerant-wholesale.com\/es\/product\/refrigerante-r-22-2-lbs\/\" \/>\n<meta property=\"og:locale\" content=\"es_ES\" \/>\n<meta property=\"og:type\" content=\"article\" \/>\n<meta property=\"og:title\" content=\"Refrigerante R-22 2 LBS\" \/>\n<meta property=\"og:description\" content=\"GARANT\u00cdA COMERCIALEnv\u00edo : Entrega en todo el mundo(Se aceptan solicitudes personalizadas)100% VIRGEN Sellado de f\u00e1brica GARANTIZADO\" \/>\n<meta property=\"og:url\" content=\"https:\/\/refrigerant-wholesale.com\/es\/product\/refrigerante-r-22-2-lbs\/\" \/>\n<meta property=\"og:site_name\" content=\"Refrigerant Gas Wholesale\" \/>\n<meta property=\"article:publisher\" content=\"https:\/\/www.facebook.com\/refrigerantwholesale\" \/>\n<meta property=\"article:modified_time\" content=\"2025-03-01T21:26:55+00:00\" \/>\n<meta property=\"og:image\" content=\"http:\/\/refrigerant-wholesale.com\/wp-content\/uploads\/2024\/07\/R-22-REFRIGERANT-2-LBS.jpg\" \/>\n\t<meta property=\"og:image:width\" content=\"500\" \/>\n\t<meta property=\"og:image:height\" content=\"500\" \/>\n\t<meta property=\"og:image:type\" content=\"image\/jpeg\" \/>\n<meta name=\"twitter:card\" content=\"summary_large_image\" \/>\n<script type=\"application\/ld+json\" class=\"yoast-schema-graph\">{\"@context\":\"https:\\\/\\\/schema.org\",\"@graph\":[{\"@type\":\"WebPage\",\"@id\":\"https:\\\/\\\/refrigerant-wholesale.com\\\/es\\\/product\\\/refrigerante-r-22-2-lbs\\\/\",\"url\":\"https:\\\/\\\/refrigerant-wholesale.com\\\/es\\\/product\\\/refrigerante-r-22-2-lbs\\\/\",\"name\":\"Refrigerante R-22 2 LBS - Refrigerant Gas Wholesale\",\"isPartOf\":{\"@id\":\"https:\\\/\\\/refrigerant-wholesale.com\\\/es\\\/#website\"},\"primaryImageOfPage\":{\"@id\":\"https:\\\/\\\/refrigerant-wholesale.com\\\/es\\\/product\\\/refrigerante-r-22-2-lbs\\\/#primaryimage\"},\"image\":{\"@id\":\"https:\\\/\\\/refrigerant-wholesale.com\\\/es\\\/product\\\/refrigerante-r-22-2-lbs\\\/#primaryimage\"},\"thumbnailUrl\":\"https:\\\/\\\/refrigerant-wholesale.com\\\/wp-content\\\/uploads\\\/2024\\\/07\\\/R-22-REFRIGERANT-2-LBS.jpg\",\"datePublished\":\"2024-07-13T18:13:57+00:00\",\"dateModified\":\"2025-03-01T21:26:55+00:00\",\"breadcrumb\":{\"@id\":\"https:\\\/\\\/refrigerant-wholesale.com\\\/es\\\/product\\\/refrigerante-r-22-2-lbs\\\/#breadcrumb\"},\"inLanguage\":\"es\",\"potentialAction\":[{\"@type\":\"ReadAction\",\"target\":[\"https:\\\/\\\/refrigerant-wholesale.com\\\/es\\\/product\\\/refrigerante-r-22-2-lbs\\\/\"]}]},{\"@type\":\"ImageObject\",\"inLanguage\":\"es\",\"@id\":\"https:\\\/\\\/refrigerant-wholesale.com\\\/es\\\/product\\\/refrigerante-r-22-2-lbs\\\/#primaryimage\",\"url\":\"https:\\\/\\\/refrigerant-wholesale.com\\\/wp-content\\\/uploads\\\/2024\\\/07\\\/R-22-REFRIGERANT-2-LBS.jpg\",\"contentUrl\":\"https:\\\/\\\/refrigerant-wholesale.com\\\/wp-content\\\/uploads\\\/2024\\\/07\\\/R-22-REFRIGERANT-2-LBS.jpg\",\"width\":500,\"height\":500},{\"@type\":\"BreadcrumbList\",\"@id\":\"https:\\\/\\\/refrigerant-wholesale.com\\\/es\\\/product\\\/refrigerante-r-22-2-lbs\\\/#breadcrumb\",\"itemListElement\":[{\"@type\":\"ListItem\",\"position\":1,\"name\":\"Home\",\"item\":\"https:\\\/\\\/refrigerant-wholesale.com\\\/es\\\/\"},{\"@type\":\"ListItem\",\"position\":2,\"name\":\"Tienda\",\"item\":\"https:\\\/\\\/refrigerant-wholesale.com\\\/es\\\/tienda\\\/\"},{\"@type\":\"ListItem\",\"position\":3,\"name\":\"Refrigerante R-22 2 LBS\"}]},{\"@type\":\"WebSite\",\"@id\":\"https:\\\/\\\/refrigerant-wholesale.com\\\/es\\\/#website\",\"url\":\"https:\\\/\\\/refrigerant-wholesale.com\\\/es\\\/\",\"name\":\"Refrigerant Gas Wholesale\",\"description\":\"AC Gas supplier\",\"publisher\":{\"@id\":\"https:\\\/\\\/refrigerant-wholesale.com\\\/es\\\/#organization\"},\"potentialAction\":[{\"@type\":\"SearchAction\",\"target\":{\"@type\":\"EntryPoint\",\"urlTemplate\":\"https:\\\/\\\/refrigerant-wholesale.com\\\/es\\\/?s={search_term_string}\"},\"query-input\":{\"@type\":\"PropertyValueSpecification\",\"valueRequired\":true,\"valueName\":\"search_term_string\"}}],\"inLanguage\":\"es\"},{\"@type\":\"Organization\",\"@id\":\"https:\\\/\\\/refrigerant-wholesale.com\\\/es\\\/#organization\",\"name\":\"Refrigerant Gas Wholesale\",\"url\":\"https:\\\/\\\/refrigerant-wholesale.com\\\/es\\\/\",\"logo\":{\"@type\":\"ImageObject\",\"inLanguage\":\"es\",\"@id\":\"https:\\\/\\\/refrigerant-wholesale.com\\\/es\\\/#\\\/schema\\\/logo\\\/image\\\/\",\"url\":\"http:\\\/\\\/refrigerant-wholesale.com\\\/wp-content\\\/uploads\\\/2024\\\/04\\\/refrigerant-logo.png\",\"contentUrl\":\"http:\\\/\\\/refrigerant-wholesale.com\\\/wp-content\\\/uploads\\\/2024\\\/04\\\/refrigerant-logo.png\",\"width\":400,\"height\":84,\"caption\":\"Refrigerant Gas Wholesale\"},\"image\":{\"@id\":\"https:\\\/\\\/refrigerant-wholesale.com\\\/es\\\/#\\\/schema\\\/logo\\\/image\\\/\"},\"sameAs\":[\"https:\\\/\\\/www.facebook.com\\\/refrigerantwholesale\"]}]}<\/script>\n<!-- \/ Yoast SEO Premium plugin. -->","yoast_head_json":{"title":"Refrigerante R-22 2 LBS - Refrigerant Gas Wholesale","robots":{"index":"index","follow":"follow","max-snippet":"max-snippet:-1","max-image-preview":"max-image-preview:large","max-video-preview":"max-video-preview:-1"},"canonical":"https:\/\/refrigerant-wholesale.com\/es\/product\/refrigerante-r-22-2-lbs\/","og_locale":"es_ES","og_type":"article","og_title":"Refrigerante R-22 2 LBS","og_description":"GARANT\u00cdA COMERCIALEnv\u00edo : Entrega en todo el mundo(Se aceptan solicitudes personalizadas)100% VIRGEN Sellado de f\u00e1brica GARANTIZADO","og_url":"https:\/\/refrigerant-wholesale.com\/es\/product\/refrigerante-r-22-2-lbs\/","og_site_name":"Refrigerant Gas Wholesale","article_publisher":"https:\/\/www.facebook.com\/refrigerantwholesale","article_modified_time":"2025-03-01T21:26:55+00:00","og_image":[{"width":500,"height":500,"url":"http:\/\/refrigerant-wholesale.com\/wp-content\/uploads\/2024\/07\/R-22-REFRIGERANT-2-LBS.jpg","type":"image\/jpeg"}],"twitter_card":"summary_large_image","schema":{"@context":"https:\/\/schema.org","@graph":[{"@type":"WebPage","@id":"https:\/\/refrigerant-wholesale.com\/es\/product\/refrigerante-r-22-2-lbs\/","url":"https:\/\/refrigerant-wholesale.com\/es\/product\/refrigerante-r-22-2-lbs\/","name":"Refrigerante R-22 2 LBS - Refrigerant Gas Wholesale","isPartOf":{"@id":"https:\/\/refrigerant-wholesale.com\/es\/#website"},"primaryImageOfPage":{"@id":"https:\/\/refrigerant-wholesale.com\/es\/product\/refrigerante-r-22-2-lbs\/#primaryimage"},"image":{"@id":"https:\/\/refrigerant-wholesale.com\/es\/product\/refrigerante-r-22-2-lbs\/#primaryimage"},"thumbnailUrl":"https:\/\/refrigerant-wholesale.com\/wp-content\/uploads\/2024\/07\/R-22-REFRIGERANT-2-LBS.jpg","datePublished":"2024-07-13T18:13:57+00:00","dateModified":"2025-03-01T21:26:55+00:00","breadcrumb":{"@id":"https:\/\/refrigerant-wholesale.com\/es\/product\/refrigerante-r-22-2-lbs\/#breadcrumb"},"inLanguage":"es","potentialAction":[{"@type":"ReadAction","target":["https:\/\/refrigerant-wholesale.com\/es\/product\/refrigerante-r-22-2-lbs\/"]}]},{"@type":"ImageObject","inLanguage":"es","@id":"https:\/\/refrigerant-wholesale.com\/es\/product\/refrigerante-r-22-2-lbs\/#primaryimage","url":"https:\/\/refrigerant-wholesale.com\/wp-content\/uploads\/2024\/07\/R-22-REFRIGERANT-2-LBS.jpg","contentUrl":"https:\/\/refrigerant-wholesale.com\/wp-content\/uploads\/2024\/07\/R-22-REFRIGERANT-2-LBS.jpg","width":500,"height":500},{"@type":"BreadcrumbList","@id":"https:\/\/refrigerant-wholesale.com\/es\/product\/refrigerante-r-22-2-lbs\/#breadcrumb","itemListElement":[{"@type":"ListItem","position":1,"name":"Home","item":"https:\/\/refrigerant-wholesale.com\/es\/"},{"@type":"ListItem","position":2,"name":"Tienda","item":"https:\/\/refrigerant-wholesale.com\/es\/tienda\/"},{"@type":"ListItem","position":3,"name":"Refrigerante R-22 2 LBS"}]},{"@type":"WebSite","@id":"https:\/\/refrigerant-wholesale.com\/es\/#website","url":"https:\/\/refrigerant-wholesale.com\/es\/","name":"Refrigerant Gas Wholesale","description":"AC Gas supplier","publisher":{"@id":"https:\/\/refrigerant-wholesale.com\/es\/#organization"},"potentialAction":[{"@type":"SearchAction","target":{"@type":"EntryPoint","urlTemplate":"https:\/\/refrigerant-wholesale.com\/es\/?s={search_term_string}"},"query-input":{"@type":"PropertyValueSpecification","valueRequired":true,"valueName":"search_term_string"}}],"inLanguage":"es"},{"@type":"Organization","@id":"https:\/\/refrigerant-wholesale.com\/es\/#organization","name":"Refrigerant Gas Wholesale","url":"https:\/\/refrigerant-wholesale.com\/es\/","logo":{"@type":"ImageObject","inLanguage":"es","@id":"https:\/\/refrigerant-wholesale.com\/es\/#\/schema\/logo\/image\/","url":"http:\/\/refrigerant-wholesale.com\/wp-content\/uploads\/2024\/04\/refrigerant-logo.png","contentUrl":"http:\/\/refrigerant-wholesale.com\/wp-content\/uploads\/2024\/04\/refrigerant-logo.png","width":400,"height":84,"caption":"Refrigerant Gas Wholesale"},"image":{"@id":"https:\/\/refrigerant-wholesale.com\/es\/#\/schema\/logo\/image\/"},"sameAs":["https:\/\/www.facebook.com\/refrigerantwholesale"]}]}},"_links":{"self":[{"href":"https:\/\/refrigerant-wholesale.com\/es\/wp-json\/wp\/v2\/product\/2229","targetHints":{"allow":["GET"]}}],"collection":[{"href":"https:\/\/refrigerant-wholesale.com\/es\/wp-json\/wp\/v2\/product"}],"about":[{"href":"https:\/\/refrigerant-wholesale.com\/es\/wp-json\/wp\/v2\/types\/product"}],"replies":[{"embeddable":true,"href":"https:\/\/refrigerant-wholesale.com\/es\/wp-json\/wp\/v2\/comments?post=2229"}],"wp:featuredmedia":[{"embeddable":true,"href":"https:\/\/refrigerant-wholesale.com\/es\/wp-json\/wp\/v2\/media\/1465"}],"wp:attachment":[{"href":"https:\/\/refrigerant-wholesale.com\/es\/wp-json\/wp\/v2\/media?parent=2229"}],"wp:term":[{"taxonomy":"product_brand","embeddable":true,"href":"https:\/\/refrigerant-wholesale.com\/es\/wp-json\/wp\/v2\/product_brand?post=2229"},{"taxonomy":"product_cat","embeddable":true,"href":"https:\/\/refrigerant-wholesale.com\/es\/wp-json\/wp\/v2\/product_cat?post=2229"},{"taxonomy":"product_tag","embeddable":true,"href":"https:\/\/refrigerant-wholesale.com\/es\/wp-json\/wp\/v2\/product_tag?post=2229"}],"curies":[{"name":"wp","href":"https:\/\/api.w.org\/{rel}","templated":true}]}}