{"id":2221,"date":"2024-07-13T17:34:32","date_gmt":"2024-07-13T17:34:32","guid":{"rendered":"https:\/\/refrigerant-wholesale.com\/product\/cuarto-de-paleta-r22-10-cilindros\/"},"modified":"2025-03-01T23:38:01","modified_gmt":"2025-03-01T23:38:01","slug":"cuarto-de-paleta-r22-10-cilindros","status":"publish","type":"product","link":"https:\/\/refrigerant-wholesale.com\/es\/product\/cuarto-de-paleta-r22-10-cilindros\/","title":{"rendered":"Cuarto de paleta R22 (10 cilindros)"},"content":{"rendered":"<h3><strong>Proveedor de refrigerante R22 de calidad superior: distribuci\u00f3n al por mayor y en todo el mundo<\/strong><\/h3>\n<p>\u00bfBuscas un <strong>proveedor<\/strong> fiable <strong>de refrigerante R22<\/strong>? \u00a1No busques m\u00e1s! Somos un proveedor mundial de confianza que ofrece <strong>refrigerante R22<\/strong> de primera calidad a precios competitivos al por mayor. Nuestro compromiso con la calidad, la rapidez de env\u00edo y un servicio de atenci\u00f3n al cliente inmejorable nos convierten en la opci\u00f3n preferida de empresas de todo el mundo. El mejor suministro de refrigerante <a href=\"https:\/\/refrigerant-wholesale.com\/es\/?post_type=product&amp;p=2218\">R22<\/a> de los mejores proveedores de refrigerante R22<\/p>\n<h3>\u00bfPor qu\u00e9 elegirnos como proveedor de refrigerante R22?<\/h3>\n<p>Somos conscientes de la importancia de contar con un proveedor de refrigerantes fiable, sobre todo en los vertiginosos sectores de la climatizaci\u00f3n y la refrigeraci\u00f3n. Por eso garantizamos un suministro y una calidad constantes. Cuando te asocias con nosotros, obtienes:<\/p>\n<ul>\n<li><strong>Refrigerante R22 de gran pureza<\/strong> adecuado para diversas aplicaciones<\/li>\n<li>Precios al por mayor para apoyar el crecimiento de tu negocio<\/li>\n<li>Env\u00edo r\u00e1pido y entrega en todo el mundo<\/li>\n<li>Atenci\u00f3n al cliente fiable en todo momento<\/li>\n<\/ul>\n<p>Nuestra experiencia en el sector de los refrigerantes garantiza que tu negocio funcione sin problemas ni interrupciones.<\/p>\n<h3>Refrigerante R22 de calidad superior para todas tus necesidades<\/h3>\n<p>El refrigerante R22 sigue siendo un componente vital para muchos sistemas de calefacci\u00f3n, ventilaci\u00f3n y aire acondicionado. Tanto si perteneces al sector residencial como al comercial o industrial, proporcionamos <strong>refrigerante R22 de primera calidad<\/strong> que cumple las normas m\u00e1s exigentes del sector. Nuestro refrigerante <a href=\"https:\/\/refrigerant-wholesale.com\/es\/?post_type=product&amp;p=2215\">R22<\/a> es perfecto para sistemas de refrigeraci\u00f3n, aire acondicionado y otras soluciones de refrigeraci\u00f3n que exigen eficiencia y fiabilidad.<\/p>\n<p>Adem\u00e1s, nuestros productos se someten a pruebas peri\u00f3dicas para garantizar el cumplimiento de la normativa del sector. Esto garantiza que recibas siempre el mejor producto disponible en el mercado.<\/p>\n<h3>Precios al por mayor para ajustarse a tu presupuesto<\/h3>\n<p>Comprar refrigerantes al por mayor puede ahorrar tiempo y dinero a tu empresa. Como <strong>proveedor l\u00edder de refrigerantes R22 al por mayor<\/strong>, ofrecemos precios competitivos que se ajustan a tu presupuesto. Tanto si compras para una peque\u00f1a empresa como para una operaci\u00f3n a gran escala, nuestras tarifas al por mayor te facilitan el mantenimiento de tus existencias sin arruinarte.<\/p>\n<p>Adem\u00e1s, ofrecemos opciones de pedido flexibles, que te permiten comprar las cantidades que necesites. Desde env\u00edos peque\u00f1os a grandes, \u00a1te tenemos cubierto!<\/p>\n<h3>Entrega r\u00e1pida y fiable en todo el mundo<\/h3>\n<p>Entendemos lo importantes que son las entregas puntuales para tu negocio. Por eso ofrecemos opciones de env\u00edo r\u00e1pido a clientes de todo el mundo. Tanto si est\u00e1s en Norteam\u00e9rica, Europa, Asia o cualquier otra regi\u00f3n, nos aseguramos de que tu suministro de <a href=\"https:\/\/www.google.com\/search?q=r22+refrigerant+suppliers&amp;sca_esv=8141674a718dc13d&amp;sxsrf=ADLYWILNrT7sUvy-xpDD2v6ofO2Ie-GjPg%3A1728395404135&amp;ei=jDgFZ77wB9yrxc8PjsOQ4Ak&amp;oq=r22+refrigerant+supplie&amp;gs_lp=Egxnd3Mtd2l6LXNlcnAiF3IyMiByZWZyaWdlcmFudCBzdXBwbGllKgIIADIFEAAYgAQyBhAAGBYYHjIGEAAYFhgeMgYQABgWGB4yBhAAGBYYHjIIEAAYFhgeGA8yCxAAGIAEGIYDGIoFMgsQABiABBiGAxiKBTILEAAYgAQYhgMYigUyCxAAGIAEGIYDGIoFSLExUMASWLkecAJ4AZABAJgBhgGgAeMGqgEDMC43uAEByAEA-AEBmAIJoAKIB8ICChAAGLADGNYEGEfCAg0QABiABBiwAxhDGIoFwgILEAAYgAQYkQIYigXCAgoQABiABBgUGIcCmAMAiAYBkAYKkgcDMi43oAfdMQ&amp;sclient=gws-wiz-serp\">refrigerante<\/a> <a href=\"https:\/\/refrigerant-wholesale.com\/es\/?post_type=product&amp;p=2218\">R22<\/a> llegue a tiempo. Nuestra consolidada red de distribuci\u00f3n mundial nos convierte en el <strong>proveedor de refrigerante<\/strong> R22 preferido por empresas de todo el mundo.<\/p>\n<p>Adem\u00e1s, hacemos un seguimiento de cada pedido de principio a fin, proporcionando tranquilidad y transparencia durante todo el proceso de entrega.<\/p>\n<h3>Excelente atenci\u00f3n al cliente<\/h3>\n<p>Adem\u00e1s de proporcionar productos de la m\u00e1xima calidad, nos enorgullecemos de ofrecer un servicio de atenci\u00f3n al cliente excepcional. Desde el momento en que haces el pedido hasta la entrega final, nuestro equipo de asistencia est\u00e1 a tu disposici\u00f3n para ayudarte con cualquier pregunta o duda. Nos comprometemos a crear asociaciones a largo plazo con nuestros clientes.<\/p>\n<h3>Contacta con nosotros hoy mismo<\/h3>\n<p>Para obtener m\u00e1s informaci\u00f3n sobre nuestras opciones de <strong>venta al por mayor de refrigerante R22<\/strong> y solicitar un presupuesto, ponte en contacto con nosotros hoy mismo. Con nuestro refrigerante de alta calidad, precios competitivos y entrega eficaz, somos tu socio de confianza en el sector de los refrigerantes.<\/p>\n<p>El\u00edgenos como tu <strong>proveedor de refrigerante<\/strong> R22 y experimenta un servicio sin fisuras, productos de calidad y una asistencia excelente. Los mejores proveedores de refrigerante R22.<\/p>\n","protected":false},"excerpt":{"rendered":"<p><img loading=\"lazy\" decoding=\"async\" class=\"alignnone wp-image-437 aligncenter\" src=\"http:\/\/refrigerant-wholesale.com\/wp-content\/uploads\/2024\/03\/Screenshot-69.png\" alt=\"\" width=\"207\" height=\"50\" \/><\/p>\n<h4 style=\"text-align: center;\"><img loading=\"lazy\" decoding=\"async\" class=\"gmail-crown\" src=\"https:\/\/www.cryptominerbros.com\/wp-content\/uploads\/2019\/12\/dollar-icon.png\" width=\"26\" height=\"27\" \/>GARANT\u00cdA COMERCIAL<\/h4>\n<div class=\"gmail-textwidget gmail-custom-html-widget\">\n<h6 style=\"text-align: center;\">Env\u00edo : Entrega en todo el mundo<\/h6>\n<h6 style=\"text-align: center;\">(Se aceptan solicitudes personalizadas)<\/h6>\n<p style=\"text-align: center;\">100% VIRGEN Sellado de f\u00e1brica GARANTIZADO<\/p>\n<p style=\"text-align: center;\"><a href=\"http:\/\/refrigerant-wholesale.com\/wp-content\/uploads\/2024\/07\/SDS-R22.pdf\" target=\"_self\" class=\"button primary is-green is-small\"  >\n    <span>Descargar la ficha de seguridad<\/span>\n  <\/a>\n\n<\/div>\n","protected":false},"featured_media":1456,"comment_status":"closed","ping_status":"closed","template":"","meta":[],"product_brand":[],"product_cat":[430,270],"product_tag":[],"class_list":{"0":"post-2221","1":"product","2":"type-product","3":"status-publish","4":"has-post-thumbnail","6":"product_cat-r22-es","7":"product_cat-sin-categoria","9":"first","10":"instock","11":"shipping-taxable","12":"product-type-simple"},"yoast_head":"<!-- This site is optimized with the Yoast SEO Premium plugin v27.0 (Yoast SEO v27.3) - https:\/\/yoast.com\/product\/yoast-seo-premium-wordpress\/ -->\n<title>Proveedor de refrigerante R22 al por mayor | WS Refrigerantes<\/title>\n<meta name=\"description\" content=\"Comprar al por mayor refrigerante R22 suministro premium de refrigerante R22. Productos 100% aut\u00e9nticos. Los mejores proveedores de refrigerante R22\" \/>\n<meta name=\"robots\" content=\"index, follow, max-snippet:-1, max-image-preview:large, max-video-preview:-1\" \/>\n<link rel=\"canonical\" href=\"https:\/\/refrigerant-wholesale.com\/es\/product\/cuarto-de-paleta-r22-10-cilindros\/\" \/>\n<meta property=\"og:locale\" content=\"es_ES\" \/>\n<meta property=\"og:type\" content=\"article\" \/>\n<meta property=\"og:title\" content=\"Cuarto de paleta R22 (10 cilindros)\" \/>\n<meta property=\"og:description\" content=\"Comprar al por mayor refrigerante R22 suministro premium de refrigerante R22. Productos 100% aut\u00e9nticos. Los mejores proveedores de refrigerante R22\" \/>\n<meta property=\"og:url\" content=\"https:\/\/refrigerant-wholesale.com\/es\/product\/cuarto-de-paleta-r22-10-cilindros\/\" \/>\n<meta property=\"og:site_name\" content=\"Refrigerant Gas Wholesale\" \/>\n<meta property=\"article:publisher\" content=\"https:\/\/www.facebook.com\/refrigerantwholesale\" \/>\n<meta property=\"article:modified_time\" content=\"2025-03-01T23:38:01+00:00\" \/>\n<meta property=\"og:image\" content=\"http:\/\/refrigerant-wholesale.com\/wp-content\/uploads\/2024\/07\/QUARTER-PALLET-R22-10-Cylinders.jpg\" \/>\n\t<meta property=\"og:image:width\" content=\"1000\" \/>\n\t<meta property=\"og:image:height\" content=\"1000\" \/>\n\t<meta property=\"og:image:type\" content=\"image\/jpeg\" \/>\n<meta name=\"twitter:card\" content=\"summary_large_image\" \/>\n<meta name=\"twitter:label1\" content=\"Tiempo de lectura\" \/>\n\t<meta name=\"twitter:data1\" content=\"3 minutos\" \/>\n<script type=\"application\/ld+json\" class=\"yoast-schema-graph\">{\"@context\":\"https:\\\/\\\/schema.org\",\"@graph\":[{\"@type\":\"WebPage\",\"@id\":\"https:\\\/\\\/refrigerant-wholesale.com\\\/es\\\/product\\\/cuarto-de-paleta-r22-10-cilindros\\\/\",\"url\":\"https:\\\/\\\/refrigerant-wholesale.com\\\/es\\\/product\\\/cuarto-de-paleta-r22-10-cilindros\\\/\",\"name\":\"Proveedor de refrigerante R22 al por mayor | WS Refrigerantes\",\"isPartOf\":{\"@id\":\"https:\\\/\\\/refrigerant-wholesale.com\\\/es\\\/#website\"},\"primaryImageOfPage\":{\"@id\":\"https:\\\/\\\/refrigerant-wholesale.com\\\/es\\\/product\\\/cuarto-de-paleta-r22-10-cilindros\\\/#primaryimage\"},\"image\":{\"@id\":\"https:\\\/\\\/refrigerant-wholesale.com\\\/es\\\/product\\\/cuarto-de-paleta-r22-10-cilindros\\\/#primaryimage\"},\"thumbnailUrl\":\"https:\\\/\\\/refrigerant-wholesale.com\\\/wp-content\\\/uploads\\\/2024\\\/07\\\/QUARTER-PALLET-R22-10-Cylinders.jpg\",\"datePublished\":\"2024-07-13T17:34:32+00:00\",\"dateModified\":\"2025-03-01T23:38:01+00:00\",\"description\":\"Comprar al por mayor refrigerante R22 suministro premium de refrigerante R22. Productos 100% aut\u00e9nticos. Los mejores proveedores de refrigerante R22\",\"breadcrumb\":{\"@id\":\"https:\\\/\\\/refrigerant-wholesale.com\\\/es\\\/product\\\/cuarto-de-paleta-r22-10-cilindros\\\/#breadcrumb\"},\"inLanguage\":\"es\",\"potentialAction\":[{\"@type\":\"ReadAction\",\"target\":[\"https:\\\/\\\/refrigerant-wholesale.com\\\/es\\\/product\\\/cuarto-de-paleta-r22-10-cilindros\\\/\"]}]},{\"@type\":\"ImageObject\",\"inLanguage\":\"es\",\"@id\":\"https:\\\/\\\/refrigerant-wholesale.com\\\/es\\\/product\\\/cuarto-de-paleta-r22-10-cilindros\\\/#primaryimage\",\"url\":\"https:\\\/\\\/refrigerant-wholesale.com\\\/wp-content\\\/uploads\\\/2024\\\/07\\\/QUARTER-PALLET-R22-10-Cylinders.jpg\",\"contentUrl\":\"https:\\\/\\\/refrigerant-wholesale.com\\\/wp-content\\\/uploads\\\/2024\\\/07\\\/QUARTER-PALLET-R22-10-Cylinders.jpg\",\"width\":1000,\"height\":1000,\"caption\":\"Proveedor de refrigerante R22, Refrigerante R22, R22, Refrigerante R22, fre\u00f3n R 22, Comprar refrigerante R22, Venta de refrigerante R22\"},{\"@type\":\"BreadcrumbList\",\"@id\":\"https:\\\/\\\/refrigerant-wholesale.com\\\/es\\\/product\\\/cuarto-de-paleta-r22-10-cilindros\\\/#breadcrumb\",\"itemListElement\":[{\"@type\":\"ListItem\",\"position\":1,\"name\":\"Home\",\"item\":\"https:\\\/\\\/refrigerant-wholesale.com\\\/es\\\/\"},{\"@type\":\"ListItem\",\"position\":2,\"name\":\"Tienda\",\"item\":\"https:\\\/\\\/refrigerant-wholesale.com\\\/es\\\/tienda\\\/\"},{\"@type\":\"ListItem\",\"position\":3,\"name\":\"Cuarto de paleta R22 (10 cilindros)\"}]},{\"@type\":\"WebSite\",\"@id\":\"https:\\\/\\\/refrigerant-wholesale.com\\\/es\\\/#website\",\"url\":\"https:\\\/\\\/refrigerant-wholesale.com\\\/es\\\/\",\"name\":\"Refrigerant Gas Wholesale\",\"description\":\"AC Gas supplier\",\"publisher\":{\"@id\":\"https:\\\/\\\/refrigerant-wholesale.com\\\/es\\\/#organization\"},\"potentialAction\":[{\"@type\":\"SearchAction\",\"target\":{\"@type\":\"EntryPoint\",\"urlTemplate\":\"https:\\\/\\\/refrigerant-wholesale.com\\\/es\\\/?s={search_term_string}\"},\"query-input\":{\"@type\":\"PropertyValueSpecification\",\"valueRequired\":true,\"valueName\":\"search_term_string\"}}],\"inLanguage\":\"es\"},{\"@type\":\"Organization\",\"@id\":\"https:\\\/\\\/refrigerant-wholesale.com\\\/es\\\/#organization\",\"name\":\"Refrigerant Gas Wholesale\",\"url\":\"https:\\\/\\\/refrigerant-wholesale.com\\\/es\\\/\",\"logo\":{\"@type\":\"ImageObject\",\"inLanguage\":\"es\",\"@id\":\"https:\\\/\\\/refrigerant-wholesale.com\\\/es\\\/#\\\/schema\\\/logo\\\/image\\\/\",\"url\":\"http:\\\/\\\/refrigerant-wholesale.com\\\/wp-content\\\/uploads\\\/2024\\\/04\\\/refrigerant-logo.png\",\"contentUrl\":\"http:\\\/\\\/refrigerant-wholesale.com\\\/wp-content\\\/uploads\\\/2024\\\/04\\\/refrigerant-logo.png\",\"width\":400,\"height\":84,\"caption\":\"Refrigerant Gas Wholesale\"},\"image\":{\"@id\":\"https:\\\/\\\/refrigerant-wholesale.com\\\/es\\\/#\\\/schema\\\/logo\\\/image\\\/\"},\"sameAs\":[\"https:\\\/\\\/www.facebook.com\\\/refrigerantwholesale\"]}]}<\/script>\n<!-- \/ Yoast SEO Premium plugin. -->","yoast_head_json":{"title":"Proveedor de refrigerante R22 al por mayor | WS Refrigerantes","description":"Comprar al por mayor refrigerante R22 suministro premium de refrigerante R22. Productos 100% aut\u00e9nticos. Los mejores proveedores de refrigerante R22","robots":{"index":"index","follow":"follow","max-snippet":"max-snippet:-1","max-image-preview":"max-image-preview:large","max-video-preview":"max-video-preview:-1"},"canonical":"https:\/\/refrigerant-wholesale.com\/es\/product\/cuarto-de-paleta-r22-10-cilindros\/","og_locale":"es_ES","og_type":"article","og_title":"Cuarto de paleta R22 (10 cilindros)","og_description":"Comprar al por mayor refrigerante R22 suministro premium de refrigerante R22. Productos 100% aut\u00e9nticos. Los mejores proveedores de refrigerante R22","og_url":"https:\/\/refrigerant-wholesale.com\/es\/product\/cuarto-de-paleta-r22-10-cilindros\/","og_site_name":"Refrigerant Gas Wholesale","article_publisher":"https:\/\/www.facebook.com\/refrigerantwholesale","article_modified_time":"2025-03-01T23:38:01+00:00","og_image":[{"width":1000,"height":1000,"url":"http:\/\/refrigerant-wholesale.com\/wp-content\/uploads\/2024\/07\/QUARTER-PALLET-R22-10-Cylinders.jpg","type":"image\/jpeg"}],"twitter_card":"summary_large_image","twitter_misc":{"Tiempo de lectura":"3 minutos"},"schema":{"@context":"https:\/\/schema.org","@graph":[{"@type":"WebPage","@id":"https:\/\/refrigerant-wholesale.com\/es\/product\/cuarto-de-paleta-r22-10-cilindros\/","url":"https:\/\/refrigerant-wholesale.com\/es\/product\/cuarto-de-paleta-r22-10-cilindros\/","name":"Proveedor de refrigerante R22 al por mayor | WS Refrigerantes","isPartOf":{"@id":"https:\/\/refrigerant-wholesale.com\/es\/#website"},"primaryImageOfPage":{"@id":"https:\/\/refrigerant-wholesale.com\/es\/product\/cuarto-de-paleta-r22-10-cilindros\/#primaryimage"},"image":{"@id":"https:\/\/refrigerant-wholesale.com\/es\/product\/cuarto-de-paleta-r22-10-cilindros\/#primaryimage"},"thumbnailUrl":"https:\/\/refrigerant-wholesale.com\/wp-content\/uploads\/2024\/07\/QUARTER-PALLET-R22-10-Cylinders.jpg","datePublished":"2024-07-13T17:34:32+00:00","dateModified":"2025-03-01T23:38:01+00:00","description":"Comprar al por mayor refrigerante R22 suministro premium de refrigerante R22. Productos 100% aut\u00e9nticos. Los mejores proveedores de refrigerante R22","breadcrumb":{"@id":"https:\/\/refrigerant-wholesale.com\/es\/product\/cuarto-de-paleta-r22-10-cilindros\/#breadcrumb"},"inLanguage":"es","potentialAction":[{"@type":"ReadAction","target":["https:\/\/refrigerant-wholesale.com\/es\/product\/cuarto-de-paleta-r22-10-cilindros\/"]}]},{"@type":"ImageObject","inLanguage":"es","@id":"https:\/\/refrigerant-wholesale.com\/es\/product\/cuarto-de-paleta-r22-10-cilindros\/#primaryimage","url":"https:\/\/refrigerant-wholesale.com\/wp-content\/uploads\/2024\/07\/QUARTER-PALLET-R22-10-Cylinders.jpg","contentUrl":"https:\/\/refrigerant-wholesale.com\/wp-content\/uploads\/2024\/07\/QUARTER-PALLET-R22-10-Cylinders.jpg","width":1000,"height":1000,"caption":"Proveedor de refrigerante R22, Refrigerante R22, R22, Refrigerante R22, fre\u00f3n R 22, Comprar refrigerante R22, Venta de refrigerante R22"},{"@type":"BreadcrumbList","@id":"https:\/\/refrigerant-wholesale.com\/es\/product\/cuarto-de-paleta-r22-10-cilindros\/#breadcrumb","itemListElement":[{"@type":"ListItem","position":1,"name":"Home","item":"https:\/\/refrigerant-wholesale.com\/es\/"},{"@type":"ListItem","position":2,"name":"Tienda","item":"https:\/\/refrigerant-wholesale.com\/es\/tienda\/"},{"@type":"ListItem","position":3,"name":"Cuarto de paleta R22 (10 cilindros)"}]},{"@type":"WebSite","@id":"https:\/\/refrigerant-wholesale.com\/es\/#website","url":"https:\/\/refrigerant-wholesale.com\/es\/","name":"Refrigerant Gas Wholesale","description":"AC Gas supplier","publisher":{"@id":"https:\/\/refrigerant-wholesale.com\/es\/#organization"},"potentialAction":[{"@type":"SearchAction","target":{"@type":"EntryPoint","urlTemplate":"https:\/\/refrigerant-wholesale.com\/es\/?s={search_term_string}"},"query-input":{"@type":"PropertyValueSpecification","valueRequired":true,"valueName":"search_term_string"}}],"inLanguage":"es"},{"@type":"Organization","@id":"https:\/\/refrigerant-wholesale.com\/es\/#organization","name":"Refrigerant Gas Wholesale","url":"https:\/\/refrigerant-wholesale.com\/es\/","logo":{"@type":"ImageObject","inLanguage":"es","@id":"https:\/\/refrigerant-wholesale.com\/es\/#\/schema\/logo\/image\/","url":"http:\/\/refrigerant-wholesale.com\/wp-content\/uploads\/2024\/04\/refrigerant-logo.png","contentUrl":"http:\/\/refrigerant-wholesale.com\/wp-content\/uploads\/2024\/04\/refrigerant-logo.png","width":400,"height":84,"caption":"Refrigerant Gas Wholesale"},"image":{"@id":"https:\/\/refrigerant-wholesale.com\/es\/#\/schema\/logo\/image\/"},"sameAs":["https:\/\/www.facebook.com\/refrigerantwholesale"]}]}},"_links":{"self":[{"href":"https:\/\/refrigerant-wholesale.com\/es\/wp-json\/wp\/v2\/product\/2221","targetHints":{"allow":["GET"]}}],"collection":[{"href":"https:\/\/refrigerant-wholesale.com\/es\/wp-json\/wp\/v2\/product"}],"about":[{"href":"https:\/\/refrigerant-wholesale.com\/es\/wp-json\/wp\/v2\/types\/product"}],"replies":[{"embeddable":true,"href":"https:\/\/refrigerant-wholesale.com\/es\/wp-json\/wp\/v2\/comments?post=2221"}],"wp:featuredmedia":[{"embeddable":true,"href":"https:\/\/refrigerant-wholesale.com\/es\/wp-json\/wp\/v2\/media\/1456"}],"wp:attachment":[{"href":"https:\/\/refrigerant-wholesale.com\/es\/wp-json\/wp\/v2\/media?parent=2221"}],"wp:term":[{"taxonomy":"product_brand","embeddable":true,"href":"https:\/\/refrigerant-wholesale.com\/es\/wp-json\/wp\/v2\/product_brand?post=2221"},{"taxonomy":"product_cat","embeddable":true,"href":"https:\/\/refrigerant-wholesale.com\/es\/wp-json\/wp\/v2\/product_cat?post=2221"},{"taxonomy":"product_tag","embeddable":true,"href":"https:\/\/refrigerant-wholesale.com\/es\/wp-json\/wp\/v2\/product_tag?post=2221"}],"curies":[{"name":"wp","href":"https:\/\/api.w.org\/{rel}","templated":true}]}}