{"id":2215,"date":"2024-07-13T17:23:28","date_gmt":"2024-07-13T17:23:28","guid":{"rendered":"https:\/\/refrigerant-wholesale.com\/product\/media-paleta-r22-20-bombonas\/"},"modified":"2025-03-01T23:38:33","modified_gmt":"2025-03-01T23:38:33","slug":"media-paleta-r22-20-bombonas","status":"publish","type":"product","link":"https:\/\/refrigerant-wholesale.com\/es\/product\/media-paleta-r22-20-bombonas\/","title":{"rendered":"Media paleta R22 (20 bombonas)"},"content":{"rendered":"<h3><strong>Comprar Refrigerante R22 barato a precios imbatibles &#8211; \u00a1Entrega en todo el mundo disponible!<\/strong><\/h3>\n<p>\u00bfBuscas <strong>refrigerante R22 barato<\/strong>? \u00a1Has venido al lugar adecuado! Ofrecemos el mejor <strong>precio al por mayor de refrigerante<\/strong> R22 para satisfacer todas tus necesidades de climatizaci\u00f3n, est\u00e9s donde est\u00e9s en el mundo. Con nuestras tarifas competitivas y opciones de entrega global, ahorrar\u00e1s tiempo y dinero en tus compras de refrigerante R22. Comprar refrigerante R22 Precio barato.<\/p>\n<h4>\u00bfPor qu\u00e9 elegirnos para tus necesidades de refrigerante R22?<\/h4>\n<p>Si buscas <strong>refrigerante R22 asequible<\/strong>, destacamos como el proveedor m\u00e1s fiable en todo el mundo. No s\u00f3lo garantizamos <strong>precios baratos del refrigerante R22<\/strong>, sino que tambi\u00e9n aseguramos un env\u00edo r\u00e1pido a tu ubicaci\u00f3n, independientemente de tu pa\u00eds. Nuestro producto es de alta calidad y est\u00e1 certificado para cumplir las normas del sector, por lo que puedes confiar en que est\u00e1s adquiriendo el mejor refrigerante R22 disponible.<\/p>\n<p>\u00bfEst\u00e1s dejando atr\u00e1s los refrigerantes antiguos? Necesitar\u00e1s un suministro fiable de refrigerante R22 para mantener tus sistemas con eficacia. Aqu\u00ed es donde entramos nosotros. Nuestro <strong>bajo precio del refrigerante<\/strong> R22 garantiza que nunca tengas que arruinarte mientras mantienes tus sistemas funcionando sin problemas.<\/p>\n<h3>Refrigerante R22 de alta calidad a precios asequibles<\/h3>\n<p>Sabemos que el refrigerante R22 es cada vez m\u00e1s dif\u00edcil de encontrar, pero eso no significa que debas pagar un sobreprecio. Nuestra misi\u00f3n es ofrecer <strong> <a href=\"https:\/\/refrigerant-wholesale.com\/es\/?post_type=product&amp;p=2218\">refrigerante R22<\/a> barato<\/strong> sin comprometer la calidad. Tanto si lo necesitas para una instalaci\u00f3n comercial, industrial o residencial, nuestro <strong>refrigerante R22 con descuento<\/strong> es la soluci\u00f3n ideal para ti.<\/p>\n<p>Adem\u00e1s, comprendemos la importancia de conseguir R22 r\u00e1pidamente. Por eso ofrecemos env\u00edos r\u00e1pidos a todo el mundo, asegur\u00e1ndonos de que obtienes el refrigerante que necesitas exactamente cuando lo necesitas. As\u00ed que, tanto si te encuentras en EE.UU., Europa, Asia o cualquier otro lugar, ten por seguro que te entregaremos tu <strong>refrigerante R22 asequible<\/strong> a tiempo.<\/p>\n<h3>Por qu\u00e9 ahora es el mejor momento para comprar refrigerante R22<\/h3>\n<p>Se prev\u00e9 que los precios del refrigerante R22 aumenten debido a la reducci\u00f3n del suministro. Pero \u00a1no te preocupes! Nos comprometemos a mantener el precio m\u00e1s bajo posible para nuestros clientes. Aprovecha nuestros <strong>precios baratos de refrigerante<\/strong> <strong> <a href=\"https:\/\/www.google.com\/search?q=r22+refrigerant+price&amp;sca_esv=8141674a718dc13d&amp;sxsrf=ADLYWIIu2ynSGIdtdY1YU2mlTIo8yVxpdA%3A1728346913527&amp;ei=IXsEZ-nsH-GE7NYP1q7MoAg&amp;oq=r22+price&amp;gs_lp=Egxnd3Mtd2l6LXNlcnAiCXIyMiBwcmljZSoCCAAyBhAAGAcYHjIGEAAYBxgeMgYQABgHGB4yBhAAGAcYHjIGEAAYBxgeMgYQABgHGB4yBhAAGAcYHjIGEAAYBxgeMgYQABgHGB4yBhAAGAcYHkiVWFDgBlj2HnABeAGQAQCYAY0BoAGWA6oBAzAuM7gBAcgBAPgBAZgCBKACsgPCAgoQABiwAxjWBBhHwgINEAAYgAQYsAMYQxiKBcICCBAAGAcYCBgewgIKEAAYBxgIGB4YD8ICBhAAGAUYHsICBhAAGAgYHsICCxAAGIAEGIYDGIoFwgIIEAAYgAQYogSYAwCIBgGQBgqSBwMxLjOgB8sP&amp;sclient=gws-wiz-serp\">R22<\/a><\/strong> antes de que suban, y mant\u00e9n tus sistemas de climatizaci\u00f3n funcionando sin costes innecesarios.<\/p>\n<p>Adem\u00e1s, nuestra pol\u00edtica de precios transparente garantiza que no haya cargos ocultos, por lo que el precio que ves es el precio que pagas. Esto significa que siempre obtendr\u00e1s los <strong>precios m\u00e1s bajos de refrigerante R22<\/strong> con plena confianza en tu compra.<\/p>\n<h3>Haz tu pedido ahora &#8211; Las mejores ofertas<\/h3>\n<p>\u00bfListo para comprar? Nunca ha sido tan f\u00e1cil comprar <strong>refrigerante R22 al por mayor<\/strong> online. Nuestro sitio web de f\u00e1cil navegaci\u00f3n, las opciones de pago seguro y los servicios de entrega en todo el mundo hacen que tu experiencia de compra sea fluida y sin complicaciones.<\/p>\n<p>No esperes a que se disparen los precios. <strong>Compra refrigerante R22 a precio barato<\/strong> hoy mismo y disfruta de un env\u00edo r\u00e1pido a todo el mundo. \u00a1Ponte en contacto con nosotros para pedidos al por mayor y ofertas especiales!<\/p>\n<p><strong>Consigue el mejor refrigerante R22 a precios imbatibles<\/strong>: \u00a1haz tu pedido ahora y asegura tus sistemas de climatizaci\u00f3n hoy mismo!<\/p>\n","protected":false},"excerpt":{"rendered":"<p><img loading=\"lazy\" decoding=\"async\" class=\"alignnone wp-image-437 aligncenter\" src=\"http:\/\/refrigerant-wholesale.com\/wp-content\/uploads\/2024\/03\/Screenshot-69.png\" alt=\"\" width=\"207\" height=\"50\" \/><\/p>\n<h4 style=\"text-align: center;\"><img loading=\"lazy\" decoding=\"async\" class=\"alignnone wp-image-744\" src=\"http:\/\/refrigerant-wholesale.com\/wp-content\/uploads\/2024\/07\/removal.ai_8ca2a79e-d09f-4bd1-a4fe-c4c69f1a4386_Trade-Assurance-381x400.png\" alt=\"Refrigerantes WS\" width=\"26\" height=\"27\" srcset=\"https:\/\/refrigerant-wholesale.com\/wp-content\/uploads\/2024\/07\/removal.ai_8ca2a79e-d09f-4bd1-a4fe-c4c69f1a4386_Trade-Assurance-381x400.png 381w, https:\/\/refrigerant-wholesale.com\/wp-content\/uploads\/2024\/07\/removal.ai_8ca2a79e-d09f-4bd1-a4fe-c4c69f1a4386_Trade-Assurance-100x100.png 100w, https:\/\/refrigerant-wholesale.com\/wp-content\/uploads\/2024\/07\/removal.ai_8ca2a79e-d09f-4bd1-a4fe-c4c69f1a4386_Trade-Assurance-280x280.png 280w, https:\/\/refrigerant-wholesale.com\/wp-content\/uploads\/2024\/07\/removal.ai_8ca2a79e-d09f-4bd1-a4fe-c4c69f1a4386_Trade-Assurance.png 388w\" sizes=\"auto, (max-width: 26px) 100vw, 26px\" \/>GARANT\u00cdA COMERCIAL<\/h4>\n<div class=\"gmail-textwidget gmail-custom-html-widget\">\n<h6 style=\"text-align: center;\">Env\u00edo : Entrega en todo el mundo<\/h6>\n<h6 style=\"text-align: center;\">(Se aceptan solicitudes personalizadas)<\/h6>\n<p style=\"text-align: center;\">100% VIRGEN Sellado de f\u00e1brica GARANTIZADO<\/p>\n<p style=\"text-align: center;\"><a href=\"http:\/\/refrigerant-wholesale.com\/wp-content\/uploads\/2024\/07\/SDS-R22.pdf\" target=\"_self\" class=\"button primary is-green is-small\"  >\n    <span>Descargar la ficha de datos de seguridad<\/span>\n  <\/a>\n\n<\/div>\n","protected":false},"featured_media":1453,"comment_status":"closed","ping_status":"closed","template":"","meta":[],"product_brand":[],"product_cat":[430,270],"product_tag":[],"class_list":{"0":"post-2215","1":"product","2":"type-product","3":"status-publish","4":"has-post-thumbnail","6":"product_cat-r22-es","7":"product_cat-sin-categoria","9":"first","10":"instock","11":"shipping-taxable","12":"product-type-simple"},"yoast_head":"<!-- This site is optimized with the Yoast SEO Premium plugin v27.0 (Yoast SEO v27.3) - https:\/\/yoast.com\/product\/yoast-seo-premium-wordpress\/ -->\n<title>Refrigerante R22 Precio barato | WS Refrigerants<\/title>\n<meta name=\"description\" content=\"Comprar Refrigerante R22 Precio barato. Precio muy rebajado para Refrigerante R22 al por mayor. Producto 100% aut\u00e9ntico. Entrega r\u00e1pida en todo el mundo.\" \/>\n<meta name=\"robots\" content=\"index, follow, max-snippet:-1, max-image-preview:large, max-video-preview:-1\" \/>\n<link rel=\"canonical\" href=\"https:\/\/refrigerant-wholesale.com\/es\/product\/media-paleta-r22-20-bombonas\/\" \/>\n<meta property=\"og:locale\" content=\"es_ES\" \/>\n<meta property=\"og:type\" content=\"article\" \/>\n<meta property=\"og:title\" content=\"Media paleta R22 (20 bombonas)\" \/>\n<meta property=\"og:description\" content=\"Comprar Refrigerante R22 Precio barato. Precio muy rebajado para Refrigerante R22 al por mayor. Producto 100% aut\u00e9ntico. Entrega r\u00e1pida en todo el mundo.\" \/>\n<meta property=\"og:url\" content=\"https:\/\/refrigerant-wholesale.com\/es\/product\/media-paleta-r22-20-bombonas\/\" \/>\n<meta property=\"og:site_name\" content=\"Refrigerant Gas Wholesale\" \/>\n<meta property=\"article:publisher\" content=\"https:\/\/www.facebook.com\/refrigerantwholesale\" \/>\n<meta property=\"article:modified_time\" content=\"2025-03-01T23:38:33+00:00\" \/>\n<meta property=\"og:image\" content=\"http:\/\/refrigerant-wholesale.com\/wp-content\/uploads\/2024\/07\/HALF-PALLET-R22-20-Cylinders.jpg\" \/>\n\t<meta property=\"og:image:width\" content=\"1000\" \/>\n\t<meta property=\"og:image:height\" content=\"1000\" \/>\n\t<meta property=\"og:image:type\" content=\"image\/jpeg\" \/>\n<meta name=\"twitter:card\" content=\"summary_large_image\" \/>\n<meta name=\"twitter:label1\" content=\"Tiempo de lectura\" \/>\n\t<meta name=\"twitter:data1\" content=\"3 minutos\" \/>\n<script type=\"application\/ld+json\" class=\"yoast-schema-graph\">{\"@context\":\"https:\\\/\\\/schema.org\",\"@graph\":[{\"@type\":\"WebPage\",\"@id\":\"https:\\\/\\\/refrigerant-wholesale.com\\\/es\\\/product\\\/media-paleta-r22-20-bombonas\\\/\",\"url\":\"https:\\\/\\\/refrigerant-wholesale.com\\\/es\\\/product\\\/media-paleta-r22-20-bombonas\\\/\",\"name\":\"Refrigerante R22 Precio barato | WS Refrigerants\",\"isPartOf\":{\"@id\":\"https:\\\/\\\/refrigerant-wholesale.com\\\/es\\\/#website\"},\"primaryImageOfPage\":{\"@id\":\"https:\\\/\\\/refrigerant-wholesale.com\\\/es\\\/product\\\/media-paleta-r22-20-bombonas\\\/#primaryimage\"},\"image\":{\"@id\":\"https:\\\/\\\/refrigerant-wholesale.com\\\/es\\\/product\\\/media-paleta-r22-20-bombonas\\\/#primaryimage\"},\"thumbnailUrl\":\"https:\\\/\\\/refrigerant-wholesale.com\\\/wp-content\\\/uploads\\\/2024\\\/07\\\/HALF-PALLET-R22-20-Cylinders.jpg\",\"datePublished\":\"2024-07-13T17:23:28+00:00\",\"dateModified\":\"2025-03-01T23:38:33+00:00\",\"description\":\"Comprar Refrigerante R22 Precio barato. Precio muy rebajado para Refrigerante R22 al por mayor. Producto 100% aut\u00e9ntico. Entrega r\u00e1pida en todo el mundo.\",\"breadcrumb\":{\"@id\":\"https:\\\/\\\/refrigerant-wholesale.com\\\/es\\\/product\\\/media-paleta-r22-20-bombonas\\\/#breadcrumb\"},\"inLanguage\":\"es\",\"potentialAction\":[{\"@type\":\"ReadAction\",\"target\":[\"https:\\\/\\\/refrigerant-wholesale.com\\\/es\\\/product\\\/media-paleta-r22-20-bombonas\\\/\"]}]},{\"@type\":\"ImageObject\",\"inLanguage\":\"es\",\"@id\":\"https:\\\/\\\/refrigerant-wholesale.com\\\/es\\\/product\\\/media-paleta-r22-20-bombonas\\\/#primaryimage\",\"url\":\"https:\\\/\\\/refrigerant-wholesale.com\\\/wp-content\\\/uploads\\\/2024\\\/07\\\/HALF-PALLET-R22-20-Cylinders.jpg\",\"contentUrl\":\"https:\\\/\\\/refrigerant-wholesale.com\\\/wp-content\\\/uploads\\\/2024\\\/07\\\/HALF-PALLET-R22-20-Cylinders.jpg\",\"width\":1000,\"height\":1000,\"caption\":\"Proveedor de refrigerante R22, Refrigerante R22, R22, Refrigerante R22, fre\u00f3n R 22, Comprar refrigerante R22, Venta de refrigerante R22\"},{\"@type\":\"BreadcrumbList\",\"@id\":\"https:\\\/\\\/refrigerant-wholesale.com\\\/es\\\/product\\\/media-paleta-r22-20-bombonas\\\/#breadcrumb\",\"itemListElement\":[{\"@type\":\"ListItem\",\"position\":1,\"name\":\"Home\",\"item\":\"https:\\\/\\\/refrigerant-wholesale.com\\\/es\\\/\"},{\"@type\":\"ListItem\",\"position\":2,\"name\":\"Tienda\",\"item\":\"https:\\\/\\\/refrigerant-wholesale.com\\\/es\\\/tienda\\\/\"},{\"@type\":\"ListItem\",\"position\":3,\"name\":\"Media paleta R22 (20 bombonas)\"}]},{\"@type\":\"WebSite\",\"@id\":\"https:\\\/\\\/refrigerant-wholesale.com\\\/es\\\/#website\",\"url\":\"https:\\\/\\\/refrigerant-wholesale.com\\\/es\\\/\",\"name\":\"Refrigerant Gas Wholesale\",\"description\":\"AC Gas supplier\",\"publisher\":{\"@id\":\"https:\\\/\\\/refrigerant-wholesale.com\\\/es\\\/#organization\"},\"potentialAction\":[{\"@type\":\"SearchAction\",\"target\":{\"@type\":\"EntryPoint\",\"urlTemplate\":\"https:\\\/\\\/refrigerant-wholesale.com\\\/es\\\/?s={search_term_string}\"},\"query-input\":{\"@type\":\"PropertyValueSpecification\",\"valueRequired\":true,\"valueName\":\"search_term_string\"}}],\"inLanguage\":\"es\"},{\"@type\":\"Organization\",\"@id\":\"https:\\\/\\\/refrigerant-wholesale.com\\\/es\\\/#organization\",\"name\":\"Refrigerant Gas Wholesale\",\"url\":\"https:\\\/\\\/refrigerant-wholesale.com\\\/es\\\/\",\"logo\":{\"@type\":\"ImageObject\",\"inLanguage\":\"es\",\"@id\":\"https:\\\/\\\/refrigerant-wholesale.com\\\/es\\\/#\\\/schema\\\/logo\\\/image\\\/\",\"url\":\"http:\\\/\\\/refrigerant-wholesale.com\\\/wp-content\\\/uploads\\\/2024\\\/04\\\/refrigerant-logo.png\",\"contentUrl\":\"http:\\\/\\\/refrigerant-wholesale.com\\\/wp-content\\\/uploads\\\/2024\\\/04\\\/refrigerant-logo.png\",\"width\":400,\"height\":84,\"caption\":\"Refrigerant Gas Wholesale\"},\"image\":{\"@id\":\"https:\\\/\\\/refrigerant-wholesale.com\\\/es\\\/#\\\/schema\\\/logo\\\/image\\\/\"},\"sameAs\":[\"https:\\\/\\\/www.facebook.com\\\/refrigerantwholesale\"]}]}<\/script>\n<!-- \/ Yoast SEO Premium plugin. -->","yoast_head_json":{"title":"Refrigerante R22 Precio barato | WS Refrigerants","description":"Comprar Refrigerante R22 Precio barato. Precio muy rebajado para Refrigerante R22 al por mayor. Producto 100% aut\u00e9ntico. Entrega r\u00e1pida en todo el mundo.","robots":{"index":"index","follow":"follow","max-snippet":"max-snippet:-1","max-image-preview":"max-image-preview:large","max-video-preview":"max-video-preview:-1"},"canonical":"https:\/\/refrigerant-wholesale.com\/es\/product\/media-paleta-r22-20-bombonas\/","og_locale":"es_ES","og_type":"article","og_title":"Media paleta R22 (20 bombonas)","og_description":"Comprar Refrigerante R22 Precio barato. Precio muy rebajado para Refrigerante R22 al por mayor. Producto 100% aut\u00e9ntico. Entrega r\u00e1pida en todo el mundo.","og_url":"https:\/\/refrigerant-wholesale.com\/es\/product\/media-paleta-r22-20-bombonas\/","og_site_name":"Refrigerant Gas Wholesale","article_publisher":"https:\/\/www.facebook.com\/refrigerantwholesale","article_modified_time":"2025-03-01T23:38:33+00:00","og_image":[{"width":1000,"height":1000,"url":"http:\/\/refrigerant-wholesale.com\/wp-content\/uploads\/2024\/07\/HALF-PALLET-R22-20-Cylinders.jpg","type":"image\/jpeg"}],"twitter_card":"summary_large_image","twitter_misc":{"Tiempo de lectura":"3 minutos"},"schema":{"@context":"https:\/\/schema.org","@graph":[{"@type":"WebPage","@id":"https:\/\/refrigerant-wholesale.com\/es\/product\/media-paleta-r22-20-bombonas\/","url":"https:\/\/refrigerant-wholesale.com\/es\/product\/media-paleta-r22-20-bombonas\/","name":"Refrigerante R22 Precio barato | WS Refrigerants","isPartOf":{"@id":"https:\/\/refrigerant-wholesale.com\/es\/#website"},"primaryImageOfPage":{"@id":"https:\/\/refrigerant-wholesale.com\/es\/product\/media-paleta-r22-20-bombonas\/#primaryimage"},"image":{"@id":"https:\/\/refrigerant-wholesale.com\/es\/product\/media-paleta-r22-20-bombonas\/#primaryimage"},"thumbnailUrl":"https:\/\/refrigerant-wholesale.com\/wp-content\/uploads\/2024\/07\/HALF-PALLET-R22-20-Cylinders.jpg","datePublished":"2024-07-13T17:23:28+00:00","dateModified":"2025-03-01T23:38:33+00:00","description":"Comprar Refrigerante R22 Precio barato. Precio muy rebajado para Refrigerante R22 al por mayor. Producto 100% aut\u00e9ntico. Entrega r\u00e1pida en todo el mundo.","breadcrumb":{"@id":"https:\/\/refrigerant-wholesale.com\/es\/product\/media-paleta-r22-20-bombonas\/#breadcrumb"},"inLanguage":"es","potentialAction":[{"@type":"ReadAction","target":["https:\/\/refrigerant-wholesale.com\/es\/product\/media-paleta-r22-20-bombonas\/"]}]},{"@type":"ImageObject","inLanguage":"es","@id":"https:\/\/refrigerant-wholesale.com\/es\/product\/media-paleta-r22-20-bombonas\/#primaryimage","url":"https:\/\/refrigerant-wholesale.com\/wp-content\/uploads\/2024\/07\/HALF-PALLET-R22-20-Cylinders.jpg","contentUrl":"https:\/\/refrigerant-wholesale.com\/wp-content\/uploads\/2024\/07\/HALF-PALLET-R22-20-Cylinders.jpg","width":1000,"height":1000,"caption":"Proveedor de refrigerante R22, Refrigerante R22, R22, Refrigerante R22, fre\u00f3n R 22, Comprar refrigerante R22, Venta de refrigerante R22"},{"@type":"BreadcrumbList","@id":"https:\/\/refrigerant-wholesale.com\/es\/product\/media-paleta-r22-20-bombonas\/#breadcrumb","itemListElement":[{"@type":"ListItem","position":1,"name":"Home","item":"https:\/\/refrigerant-wholesale.com\/es\/"},{"@type":"ListItem","position":2,"name":"Tienda","item":"https:\/\/refrigerant-wholesale.com\/es\/tienda\/"},{"@type":"ListItem","position":3,"name":"Media paleta R22 (20 bombonas)"}]},{"@type":"WebSite","@id":"https:\/\/refrigerant-wholesale.com\/es\/#website","url":"https:\/\/refrigerant-wholesale.com\/es\/","name":"Refrigerant Gas Wholesale","description":"AC Gas supplier","publisher":{"@id":"https:\/\/refrigerant-wholesale.com\/es\/#organization"},"potentialAction":[{"@type":"SearchAction","target":{"@type":"EntryPoint","urlTemplate":"https:\/\/refrigerant-wholesale.com\/es\/?s={search_term_string}"},"query-input":{"@type":"PropertyValueSpecification","valueRequired":true,"valueName":"search_term_string"}}],"inLanguage":"es"},{"@type":"Organization","@id":"https:\/\/refrigerant-wholesale.com\/es\/#organization","name":"Refrigerant Gas Wholesale","url":"https:\/\/refrigerant-wholesale.com\/es\/","logo":{"@type":"ImageObject","inLanguage":"es","@id":"https:\/\/refrigerant-wholesale.com\/es\/#\/schema\/logo\/image\/","url":"http:\/\/refrigerant-wholesale.com\/wp-content\/uploads\/2024\/04\/refrigerant-logo.png","contentUrl":"http:\/\/refrigerant-wholesale.com\/wp-content\/uploads\/2024\/04\/refrigerant-logo.png","width":400,"height":84,"caption":"Refrigerant Gas Wholesale"},"image":{"@id":"https:\/\/refrigerant-wholesale.com\/es\/#\/schema\/logo\/image\/"},"sameAs":["https:\/\/www.facebook.com\/refrigerantwholesale"]}]}},"_links":{"self":[{"href":"https:\/\/refrigerant-wholesale.com\/es\/wp-json\/wp\/v2\/product\/2215","targetHints":{"allow":["GET"]}}],"collection":[{"href":"https:\/\/refrigerant-wholesale.com\/es\/wp-json\/wp\/v2\/product"}],"about":[{"href":"https:\/\/refrigerant-wholesale.com\/es\/wp-json\/wp\/v2\/types\/product"}],"replies":[{"embeddable":true,"href":"https:\/\/refrigerant-wholesale.com\/es\/wp-json\/wp\/v2\/comments?post=2215"}],"wp:featuredmedia":[{"embeddable":true,"href":"https:\/\/refrigerant-wholesale.com\/es\/wp-json\/wp\/v2\/media\/1453"}],"wp:attachment":[{"href":"https:\/\/refrigerant-wholesale.com\/es\/wp-json\/wp\/v2\/media?parent=2215"}],"wp:term":[{"taxonomy":"product_brand","embeddable":true,"href":"https:\/\/refrigerant-wholesale.com\/es\/wp-json\/wp\/v2\/product_brand?post=2215"},{"taxonomy":"product_cat","embeddable":true,"href":"https:\/\/refrigerant-wholesale.com\/es\/wp-json\/wp\/v2\/product_cat?post=2215"},{"taxonomy":"product_tag","embeddable":true,"href":"https:\/\/refrigerant-wholesale.com\/es\/wp-json\/wp\/v2\/product_tag?post=2215"}],"curies":[{"name":"wp","href":"https:\/\/api.w.org\/{rel}","templated":true}]}}