{"id":2213,"date":"2024-07-13T16:11:13","date_gmt":"2024-07-13T16:11:13","guid":{"rendered":"https:\/\/refrigerant-wholesale.com\/product\/cuarto-de-paleta-hvac-r134a-10-cilindros\/"},"modified":"2025-03-01T23:42:40","modified_gmt":"2025-03-01T23:42:40","slug":"cuarto-de-paleta-hvac-r134a-10-cilindros","status":"publish","type":"product","link":"https:\/\/refrigerant-wholesale.com\/es\/product\/cuarto-de-paleta-hvac-r134a-10-cilindros\/","title":{"rendered":"Cuarto de paleta HVAC R134A (10 cilindros)"},"content":{"rendered":"<div class=\"flex-shrink-0 flex flex-col relative items-end\">\n<div>\n<div class=\"pt-0\">\n<div class=\"gizmo-bot-avatar flex h-8 w-8 items-center justify-center overflow-hidden rounded-full\">\n<div class=\"relative p-1 rounded-sm flex items-center justify-center bg-token-main-surface-primary text-token-text-primary h-8 w-8\"><\/div>\n<\/div>\n<\/div>\n<\/div>\n<\/div>\n<div class=\"group\/conversation-turn relative flex w-full min-w-0 flex-col agent-turn\">\n<div class=\"flex-col gap-1 md:gap-3\">\n<div class=\"flex max-w-full flex-col flex-grow\">\n<div class=\"min-h-8 text-message flex w-full flex-col items-end gap-2 whitespace-normal break-words [.text-message+&amp;]:mt-5\" dir=\"auto\" data-message-author-role=\"assistant\" data-message-id=\"e8eaecb5-876b-4fb5-9f5f-f0306d2e991a\">\n<div class=\"flex w-full flex-col gap-1 empty:hidden first:pt-[3px]\">\n<div class=\"markdown prose w-full break-words dark:prose-invert light\">\n<p><strong>Tu proveedor mundial de confianza de refrigerante 134A: Soluciones fiables, eficientes y rentables<\/strong><\/p>\n<p>\u00bfBuscas un <strong>proveedor<\/strong> fiable <strong>de refrigerante 134A<\/strong>? Has venido al lugar adecuado. Estamos especializados en suministrar refrigerantes de alta calidad a los mercados mundiales, garantizando un funcionamiento sin problemas de tus sistemas de refrigeraci\u00f3n. Tanto si perteneces al sector de la automoci\u00f3n como al comercial o industrial, nuestro refrigerante 134A es la elecci\u00f3n ideal para tus necesidades de aire acondicionado y refrigeraci\u00f3n.<\/p>\n<h3>\u00bfPor qu\u00e9 elegirnos para el suministro de refrigerante <a href=\"https:\/\/www.google.com\/search?q=r134a+refrigerant+wholesale&amp;sca_esv=ae835b5694662882&amp;biw=1463&amp;bih=662&amp;sxsrf=ADLYWILbKnKFNxDTs4TiYqb0JA9N9Ex0Hg%3A1728827982100&amp;ei=TtILZ-3bBY2L7NYPq4-R-QU&amp;oq=R13+Refrigerant+Wholesale&amp;gs_lp=Egxnd3Mtd2l6LXNlcnAiGVIxMyBSZWZyaWdlcmFudCBXaG9sZXNhbGUqAggAMgYQABgHGB4yCBAAGAcYCBgeMgsQABiABBiGAxiKBTILEAAYgAQYhgMYigUyCxAAGIAEGIYDGIoFMgsQABiABBiGAxiKBTILEAAYgAQYhgMYigUyCBAAGIAEGKIEMggQABiABBiiBEiISVCXJljaJ3ACeAGQAQCYAXWgAegBqgEDMC4yuAEByAEA-AEBmAIEoAKAAsICChAAGLADGNYEGEeYAwCIBgGQBgiSBwMyLjKgB-oO&amp;sclient=gws-wiz-serp\">134A<\/a>?<\/h3>\n<p>En <a href=\"https:\/\/refrigerant-wholesale.com\/es\/?page_id=2037\"><strong>WS Refrigerantes<\/strong><\/a>entendemos la importancia de la eficacia y la fiabilidad cuando se trata de refrigerantes. Nuestro refrigerante 134A es un producto de primer nivel, dise\u00f1ado espec\u00edficamente para satisfacer las demandas de refrigeraci\u00f3n de diversas industrias. Como tu <strong> <a href=\"https:\/\/refrigerant-wholesale.com\/es\/\">proveedor de refrigerante<\/a><\/strong> 134A, ofrecemos:<\/p>\n<ul>\n<li><strong>Refrigerantes de gran pureza<\/strong> que cumplen las normas mundiales.<\/li>\n<li><strong>Capacidad de suministro a granel<\/strong> para satisfacer demandas a gran escala.<\/li>\n<li><strong>Precios competitivos<\/strong> con el compromiso de ofrecer valor.<\/li>\n<\/ul>\n<p>Nuestro objetivo es ser tu socio a largo plazo, ofreci\u00e9ndote opciones de entrega flexibles y un apoyo integral. Con m\u00e1s de una d\u00e9cada de experiencia en la distribuci\u00f3n de refrigerantes, garantizamos productos y un servicio al cliente de la m\u00e1xima calidad.<\/p>\n<h3>Principales ventajas del refrigerante 134A<\/h3>\n<p>El refrigerante R-134A es ampliamente conocido por sus excelentes propiedades termodin\u00e1micas, lo que lo convierte en una elecci\u00f3n popular en sistemas de aire acondicionado y refrigeraci\u00f3n. A continuaci\u00f3n te explicamos por qu\u00e9 deber\u00edas considerarnos tu proveedor de refrigerante <a href=\"https:\/\/www.google.com\/search?q=r134a+suppliers&amp;sca_esv=8141674a718dc13d&amp;sxsrf=ADLYWIIEhWnwemciygeR4zcS61Z9DXg0Kg%3A1728299474724&amp;ei=0sEDZ8XpK7uQxc8P9NK0iQ4&amp;ved=0ahUKEwjFmoaikfyIAxU7SPEDHXQpLeEQ4dUDCA8&amp;uact=5&amp;oq=r134a+suppliers&amp;gs_lp=Egxnd3Mtd2l6LXNlcnAiD3IxMzRhIHN1cHBsaWVyczIFEAAYgAQyBhAAGBYYHjIGEAAYFhgeMgYQABgWGB4yBhAAGBYYHjIIEAAYFhgeGA8yBhAAGBYYHjILEAAYgAQYhgMYigUyCxAAGIAEGIYDGIoFMgsQABiABBiGAxiKBUj6MFCjDVjtKHABeAGQAQCYAacBoAHUCaoBAzAuObgBA8gBAPgBAZgCCqAC-QrCAgoQABiwAxjWBBhHwgILEAAYgAQYkQIYigWYAwCIBgGQBgOSBwMxLjmgB5o8&amp;sclient=gws-wiz-serp\">134A<\/a>:<\/p>\n<ul>\n<li><strong>Respetuoso con el medio ambiente<\/strong>: el refrigerante 134A no agota la capa de ozono, por lo que es una opci\u00f3n responsable con el medio ambiente.<\/li>\n<li><strong>Refrigeraci\u00f3n eficaz<\/strong>: Su capacidad superior de transferencia de calor garantiza un rendimiento de refrigeraci\u00f3n constante y eficiente.<\/li>\n<li><strong>Aplicaciones vers\u00e1tiles<\/strong>: Desde los aires acondicionados de los autom\u00f3viles hasta las unidades de refrigeraci\u00f3n de los supermercados, nuestro refrigerante <a href=\"https:\/\/refrigerant-wholesale.com\/es\/?post_type=product&amp;p=2141\">134A<\/a> se utiliza en una gran variedad de sistemas en todo el mundo.<\/li>\n<\/ul>\n<p>Adem\u00e1s, proporcionamos asistencia t\u00e9cnica completa para garantizar la correcta manipulaci\u00f3n y aplicaci\u00f3n de nuestros productos. \u00bfTransici\u00f3n a un nuevo refrigerante? Te guiaremos en cada paso para garantizar una integraci\u00f3n perfecta en tus sistemas actuales.<\/p>\n<h3>Distribuci\u00f3n mundial y env\u00edos fiables<\/h3>\n<p>Estamos orgullosos de nuestra capacidad para servir a clientes de todo el mundo. No importa d\u00f3nde se encuentre tu empresa, podemos garantizarte una entrega r\u00e1pida y fiable de refrigerante 134A. Disponemos de una s\u00f3lida red log\u00edstica que nos permite enviar <strong>refrigerantes R-134A<\/strong> a todos los rincones del planeta con plazos de entrega m\u00ednimos.<\/p>\n<p>Adem\u00e1s, damos prioridad a la seguridad en cada env\u00edo, cumpliendo estrictas normas internacionales de embalaje y transporte. Nuestra <strong>cadena de suministro global<\/strong> garantiza que tus pedidos lleguen a tiempo, siempre, y en perfectas condiciones.<\/p>\n<h3>Satisfacci\u00f3n del cliente y experiencia inigualable<\/h3>\n<p>Elegir al <strong>proveedor de refrigerante R-134A<\/strong> adecuado es crucial para el \u00e9xito de tus operaciones. Con nosotros, no s\u00f3lo obtienes un producto; obtienes un socio dedicado. Nuestro equipo de expertos est\u00e1 siempre dispuesto a ayudarte, proporcion\u00e1ndote informaci\u00f3n, consejos para solucionar problemas y recomendaciones de mantenimiento.<\/p>\n<p>Valoramos las relaciones a largo plazo y nos esforzamos por satisfacer las necesidades \u00fanicas de cada cliente. Ponte en contacto con nosotros hoy mismo y deja que te ayudemos a satisfacer tus necesidades de refrigerante con eficacia, fiabilidad y un servicio de atenci\u00f3n al cliente de primer nivel.<\/p>\n<p>\u00a1<strong>Ponte en contacto con nosotros hoy mismo<\/strong> para obtener m\u00e1s informaci\u00f3n sobre c\u00f3mo podemos ser tu <strong>proveedor de refrigerante 134A<\/strong> preferido en todo el mundo!<\/p>\n<\/div>\n<\/div>\n<\/div>\n<\/div>\n<\/div>\n<\/div>\n","protected":false},"excerpt":{"rendered":"<p><img loading=\"lazy\" decoding=\"async\" class=\"aligncenter wp-image-437\" src=\"http:\/\/refrigerant-wholesale.com\/wp-content\/uploads\/2024\/03\/Screenshot-69.png\" alt=\"Refrigerante WS\" width=\"207\" height=\"50\" \/><\/p>\n<h4 style=\"text-align: center;\"><img loading=\"lazy\" decoding=\"async\" class=\"alignnone wp-image-744\" src=\"http:\/\/refrigerant-wholesale.com\/wp-content\/uploads\/2024\/07\/removal.ai_8ca2a79e-d09f-4bd1-a4fe-c4c69f1a4386_Trade-Assurance-381x400.png\" alt=\"Refrigerantes WS\" width=\"24\" height=\"25\" srcset=\"https:\/\/refrigerant-wholesale.com\/wp-content\/uploads\/2024\/07\/removal.ai_8ca2a79e-d09f-4bd1-a4fe-c4c69f1a4386_Trade-Assurance-381x400.png 381w, https:\/\/refrigerant-wholesale.com\/wp-content\/uploads\/2024\/07\/removal.ai_8ca2a79e-d09f-4bd1-a4fe-c4c69f1a4386_Trade-Assurance-100x100.png 100w, https:\/\/refrigerant-wholesale.com\/wp-content\/uploads\/2024\/07\/removal.ai_8ca2a79e-d09f-4bd1-a4fe-c4c69f1a4386_Trade-Assurance-280x280.png 280w, https:\/\/refrigerant-wholesale.com\/wp-content\/uploads\/2024\/07\/removal.ai_8ca2a79e-d09f-4bd1-a4fe-c4c69f1a4386_Trade-Assurance.png 388w\" sizes=\"auto, (max-width: 24px) 100vw, 24px\" \/>GARANT\u00cdA COMERCIAL<\/h4>\n<div class=\"gmail-textwidget gmail-custom-html-widget\">\n<h6 style=\"text-align: center;\">Env\u00edo : Entrega en todo el mundo<\/h6>\n<h6 style=\"text-align: center;\">(Se aceptan solicitudes personalizadas)<\/h6>\n<p style=\"text-align: center;\">100% VIRGEN Sellado de f\u00e1brica GARANTIZADO<\/p>\n<p style=\"text-align: center;\"><a href=\"http:\/\/refrigerant-wholesale.com\/wp-content\/uploads\/2024\/07\/SDS-R134a.pdf\" target=\"_self\" class=\"button primary is-green is-small\"  >\n    <span>Descargar la ficha de seguridad<\/span>\n  <\/a>\n\n<\/div>\n","protected":false},"featured_media":1447,"comment_status":"closed","ping_status":"closed","template":"","meta":[],"product_brand":[],"product_cat":[397,270],"product_tag":[400,398,434],"class_list":{"0":"post-2213","1":"product","2":"type-product","3":"status-publish","4":"has-post-thumbnail","6":"product_cat-r134a-es","7":"product_cat-sin-categoria","8":"product_tag-coste-al-por-mayor-del-gas-refrigerante-r134a","9":"product_tag-gas-refrigerante-r134a-al-por-mayor","10":"product_tag-precio-al-por-mayor-de-gas-refrigerante-r134a","12":"first","13":"instock","14":"shipping-taxable","15":"product-type-simple"},"yoast_head":"<!-- This site is optimized with the Yoast SEO Premium plugin v27.0 (Yoast SEO v27.3) - https:\/\/yoast.com\/product\/yoast-seo-premium-wordpress\/ -->\n<title>Proveedor de refrigerante 134A | WS Refrigerants<\/title>\n<meta name=\"description\" content=\"Mejor proveedor de refrigerante 134A. Mejor y m\u00e1s fiable proveedor de refrigerante 134a. Productos 100% aut\u00e9nticos. Entrega r\u00e1pida en todo el mundo\" \/>\n<meta name=\"robots\" content=\"index, follow, max-snippet:-1, max-image-preview:large, max-video-preview:-1\" \/>\n<link rel=\"canonical\" href=\"https:\/\/refrigerant-wholesale.com\/es\/product\/cuarto-de-paleta-hvac-r134a-10-cilindros\/\" \/>\n<meta property=\"og:locale\" content=\"es_ES\" \/>\n<meta property=\"og:type\" content=\"article\" \/>\n<meta property=\"og:title\" content=\"Cuarto de paleta HVAC R134A (10 cilindros)\" \/>\n<meta property=\"og:description\" content=\"Mejor proveedor de refrigerante 134A. Mejor y m\u00e1s fiable proveedor de refrigerante 134a. Productos 100% aut\u00e9nticos. Entrega r\u00e1pida en todo el mundo\" \/>\n<meta property=\"og:url\" content=\"https:\/\/refrigerant-wholesale.com\/es\/product\/cuarto-de-paleta-hvac-r134a-10-cilindros\/\" \/>\n<meta property=\"og:site_name\" content=\"Refrigerant Gas Wholesale\" \/>\n<meta property=\"article:publisher\" content=\"https:\/\/www.facebook.com\/refrigerantwholesale\" \/>\n<meta property=\"article:modified_time\" content=\"2025-03-01T23:42:40+00:00\" \/>\n<meta property=\"og:image\" content=\"http:\/\/refrigerant-wholesale.com\/wp-content\/uploads\/2024\/07\/Screenshot-91.png\" \/>\n\t<meta property=\"og:image:width\" content=\"957\" \/>\n\t<meta property=\"og:image:height\" content=\"959\" \/>\n\t<meta property=\"og:image:type\" content=\"image\/png\" \/>\n<meta name=\"twitter:card\" content=\"summary_large_image\" \/>\n<meta name=\"twitter:label1\" content=\"Tiempo de lectura\" \/>\n\t<meta name=\"twitter:data1\" content=\"3 minutos\" \/>\n<script type=\"application\/ld+json\" class=\"yoast-schema-graph\">{\"@context\":\"https:\\\/\\\/schema.org\",\"@graph\":[{\"@type\":\"WebPage\",\"@id\":\"https:\\\/\\\/refrigerant-wholesale.com\\\/es\\\/product\\\/cuarto-de-paleta-hvac-r134a-10-cilindros\\\/\",\"url\":\"https:\\\/\\\/refrigerant-wholesale.com\\\/es\\\/product\\\/cuarto-de-paleta-hvac-r134a-10-cilindros\\\/\",\"name\":\"Proveedor de refrigerante 134A | WS Refrigerants\",\"isPartOf\":{\"@id\":\"https:\\\/\\\/refrigerant-wholesale.com\\\/es\\\/#website\"},\"primaryImageOfPage\":{\"@id\":\"https:\\\/\\\/refrigerant-wholesale.com\\\/es\\\/product\\\/cuarto-de-paleta-hvac-r134a-10-cilindros\\\/#primaryimage\"},\"image\":{\"@id\":\"https:\\\/\\\/refrigerant-wholesale.com\\\/es\\\/product\\\/cuarto-de-paleta-hvac-r134a-10-cilindros\\\/#primaryimage\"},\"thumbnailUrl\":\"https:\\\/\\\/refrigerant-wholesale.com\\\/wp-content\\\/uploads\\\/2024\\\/07\\\/Screenshot-91.png\",\"datePublished\":\"2024-07-13T16:11:13+00:00\",\"dateModified\":\"2025-03-01T23:42:40+00:00\",\"description\":\"Mejor proveedor de refrigerante 134A. Mejor y m\u00e1s fiable proveedor de refrigerante 134a. Productos 100% aut\u00e9nticos. Entrega r\u00e1pida en todo el mundo\",\"breadcrumb\":{\"@id\":\"https:\\\/\\\/refrigerant-wholesale.com\\\/es\\\/product\\\/cuarto-de-paleta-hvac-r134a-10-cilindros\\\/#breadcrumb\"},\"inLanguage\":\"es\",\"potentialAction\":[{\"@type\":\"ReadAction\",\"target\":[\"https:\\\/\\\/refrigerant-wholesale.com\\\/es\\\/product\\\/cuarto-de-paleta-hvac-r134a-10-cilindros\\\/\"]}]},{\"@type\":\"ImageObject\",\"inLanguage\":\"es\",\"@id\":\"https:\\\/\\\/refrigerant-wholesale.com\\\/es\\\/product\\\/cuarto-de-paleta-hvac-r134a-10-cilindros\\\/#primaryimage\",\"url\":\"https:\\\/\\\/refrigerant-wholesale.com\\\/wp-content\\\/uploads\\\/2024\\\/07\\\/Screenshot-91.png\",\"contentUrl\":\"https:\\\/\\\/refrigerant-wholesale.com\\\/wp-content\\\/uploads\\\/2024\\\/07\\\/Screenshot-91.png\",\"width\":957,\"height\":959,\"caption\":\"Proveedor de refrigerante R134a, Refrigerante R134a, R134a, Refrigerante R134a, fre\u00f3n R 134a, Comprar refrigerante R134a, Venta de refrigerante R134a\"},{\"@type\":\"BreadcrumbList\",\"@id\":\"https:\\\/\\\/refrigerant-wholesale.com\\\/es\\\/product\\\/cuarto-de-paleta-hvac-r134a-10-cilindros\\\/#breadcrumb\",\"itemListElement\":[{\"@type\":\"ListItem\",\"position\":1,\"name\":\"Home\",\"item\":\"https:\\\/\\\/refrigerant-wholesale.com\\\/es\\\/\"},{\"@type\":\"ListItem\",\"position\":2,\"name\":\"Tienda\",\"item\":\"https:\\\/\\\/refrigerant-wholesale.com\\\/es\\\/tienda\\\/\"},{\"@type\":\"ListItem\",\"position\":3,\"name\":\"Cuarto de paleta HVAC R134A (10 cilindros)\"}]},{\"@type\":\"WebSite\",\"@id\":\"https:\\\/\\\/refrigerant-wholesale.com\\\/es\\\/#website\",\"url\":\"https:\\\/\\\/refrigerant-wholesale.com\\\/es\\\/\",\"name\":\"Refrigerant Gas Wholesale\",\"description\":\"AC Gas supplier\",\"publisher\":{\"@id\":\"https:\\\/\\\/refrigerant-wholesale.com\\\/es\\\/#organization\"},\"potentialAction\":[{\"@type\":\"SearchAction\",\"target\":{\"@type\":\"EntryPoint\",\"urlTemplate\":\"https:\\\/\\\/refrigerant-wholesale.com\\\/es\\\/?s={search_term_string}\"},\"query-input\":{\"@type\":\"PropertyValueSpecification\",\"valueRequired\":true,\"valueName\":\"search_term_string\"}}],\"inLanguage\":\"es\"},{\"@type\":\"Organization\",\"@id\":\"https:\\\/\\\/refrigerant-wholesale.com\\\/es\\\/#organization\",\"name\":\"Refrigerant Gas Wholesale\",\"url\":\"https:\\\/\\\/refrigerant-wholesale.com\\\/es\\\/\",\"logo\":{\"@type\":\"ImageObject\",\"inLanguage\":\"es\",\"@id\":\"https:\\\/\\\/refrigerant-wholesale.com\\\/es\\\/#\\\/schema\\\/logo\\\/image\\\/\",\"url\":\"http:\\\/\\\/refrigerant-wholesale.com\\\/wp-content\\\/uploads\\\/2024\\\/04\\\/refrigerant-logo.png\",\"contentUrl\":\"http:\\\/\\\/refrigerant-wholesale.com\\\/wp-content\\\/uploads\\\/2024\\\/04\\\/refrigerant-logo.png\",\"width\":400,\"height\":84,\"caption\":\"Refrigerant Gas Wholesale\"},\"image\":{\"@id\":\"https:\\\/\\\/refrigerant-wholesale.com\\\/es\\\/#\\\/schema\\\/logo\\\/image\\\/\"},\"sameAs\":[\"https:\\\/\\\/www.facebook.com\\\/refrigerantwholesale\"]}]}<\/script>\n<!-- \/ Yoast SEO Premium plugin. -->","yoast_head_json":{"title":"Proveedor de refrigerante 134A | WS Refrigerants","description":"Mejor proveedor de refrigerante 134A. Mejor y m\u00e1s fiable proveedor de refrigerante 134a. Productos 100% aut\u00e9nticos. Entrega r\u00e1pida en todo el mundo","robots":{"index":"index","follow":"follow","max-snippet":"max-snippet:-1","max-image-preview":"max-image-preview:large","max-video-preview":"max-video-preview:-1"},"canonical":"https:\/\/refrigerant-wholesale.com\/es\/product\/cuarto-de-paleta-hvac-r134a-10-cilindros\/","og_locale":"es_ES","og_type":"article","og_title":"Cuarto de paleta HVAC R134A (10 cilindros)","og_description":"Mejor proveedor de refrigerante 134A. Mejor y m\u00e1s fiable proveedor de refrigerante 134a. Productos 100% aut\u00e9nticos. Entrega r\u00e1pida en todo el mundo","og_url":"https:\/\/refrigerant-wholesale.com\/es\/product\/cuarto-de-paleta-hvac-r134a-10-cilindros\/","og_site_name":"Refrigerant Gas Wholesale","article_publisher":"https:\/\/www.facebook.com\/refrigerantwholesale","article_modified_time":"2025-03-01T23:42:40+00:00","og_image":[{"width":957,"height":959,"url":"http:\/\/refrigerant-wholesale.com\/wp-content\/uploads\/2024\/07\/Screenshot-91.png","type":"image\/png"}],"twitter_card":"summary_large_image","twitter_misc":{"Tiempo de lectura":"3 minutos"},"schema":{"@context":"https:\/\/schema.org","@graph":[{"@type":"WebPage","@id":"https:\/\/refrigerant-wholesale.com\/es\/product\/cuarto-de-paleta-hvac-r134a-10-cilindros\/","url":"https:\/\/refrigerant-wholesale.com\/es\/product\/cuarto-de-paleta-hvac-r134a-10-cilindros\/","name":"Proveedor de refrigerante 134A | WS Refrigerants","isPartOf":{"@id":"https:\/\/refrigerant-wholesale.com\/es\/#website"},"primaryImageOfPage":{"@id":"https:\/\/refrigerant-wholesale.com\/es\/product\/cuarto-de-paleta-hvac-r134a-10-cilindros\/#primaryimage"},"image":{"@id":"https:\/\/refrigerant-wholesale.com\/es\/product\/cuarto-de-paleta-hvac-r134a-10-cilindros\/#primaryimage"},"thumbnailUrl":"https:\/\/refrigerant-wholesale.com\/wp-content\/uploads\/2024\/07\/Screenshot-91.png","datePublished":"2024-07-13T16:11:13+00:00","dateModified":"2025-03-01T23:42:40+00:00","description":"Mejor proveedor de refrigerante 134A. Mejor y m\u00e1s fiable proveedor de refrigerante 134a. Productos 100% aut\u00e9nticos. Entrega r\u00e1pida en todo el mundo","breadcrumb":{"@id":"https:\/\/refrigerant-wholesale.com\/es\/product\/cuarto-de-paleta-hvac-r134a-10-cilindros\/#breadcrumb"},"inLanguage":"es","potentialAction":[{"@type":"ReadAction","target":["https:\/\/refrigerant-wholesale.com\/es\/product\/cuarto-de-paleta-hvac-r134a-10-cilindros\/"]}]},{"@type":"ImageObject","inLanguage":"es","@id":"https:\/\/refrigerant-wholesale.com\/es\/product\/cuarto-de-paleta-hvac-r134a-10-cilindros\/#primaryimage","url":"https:\/\/refrigerant-wholesale.com\/wp-content\/uploads\/2024\/07\/Screenshot-91.png","contentUrl":"https:\/\/refrigerant-wholesale.com\/wp-content\/uploads\/2024\/07\/Screenshot-91.png","width":957,"height":959,"caption":"Proveedor de refrigerante R134a, Refrigerante R134a, R134a, Refrigerante R134a, fre\u00f3n R 134a, Comprar refrigerante R134a, Venta de refrigerante R134a"},{"@type":"BreadcrumbList","@id":"https:\/\/refrigerant-wholesale.com\/es\/product\/cuarto-de-paleta-hvac-r134a-10-cilindros\/#breadcrumb","itemListElement":[{"@type":"ListItem","position":1,"name":"Home","item":"https:\/\/refrigerant-wholesale.com\/es\/"},{"@type":"ListItem","position":2,"name":"Tienda","item":"https:\/\/refrigerant-wholesale.com\/es\/tienda\/"},{"@type":"ListItem","position":3,"name":"Cuarto de paleta HVAC R134A (10 cilindros)"}]},{"@type":"WebSite","@id":"https:\/\/refrigerant-wholesale.com\/es\/#website","url":"https:\/\/refrigerant-wholesale.com\/es\/","name":"Refrigerant Gas Wholesale","description":"AC Gas supplier","publisher":{"@id":"https:\/\/refrigerant-wholesale.com\/es\/#organization"},"potentialAction":[{"@type":"SearchAction","target":{"@type":"EntryPoint","urlTemplate":"https:\/\/refrigerant-wholesale.com\/es\/?s={search_term_string}"},"query-input":{"@type":"PropertyValueSpecification","valueRequired":true,"valueName":"search_term_string"}}],"inLanguage":"es"},{"@type":"Organization","@id":"https:\/\/refrigerant-wholesale.com\/es\/#organization","name":"Refrigerant Gas Wholesale","url":"https:\/\/refrigerant-wholesale.com\/es\/","logo":{"@type":"ImageObject","inLanguage":"es","@id":"https:\/\/refrigerant-wholesale.com\/es\/#\/schema\/logo\/image\/","url":"http:\/\/refrigerant-wholesale.com\/wp-content\/uploads\/2024\/04\/refrigerant-logo.png","contentUrl":"http:\/\/refrigerant-wholesale.com\/wp-content\/uploads\/2024\/04\/refrigerant-logo.png","width":400,"height":84,"caption":"Refrigerant Gas Wholesale"},"image":{"@id":"https:\/\/refrigerant-wholesale.com\/es\/#\/schema\/logo\/image\/"},"sameAs":["https:\/\/www.facebook.com\/refrigerantwholesale"]}]}},"_links":{"self":[{"href":"https:\/\/refrigerant-wholesale.com\/es\/wp-json\/wp\/v2\/product\/2213","targetHints":{"allow":["GET"]}}],"collection":[{"href":"https:\/\/refrigerant-wholesale.com\/es\/wp-json\/wp\/v2\/product"}],"about":[{"href":"https:\/\/refrigerant-wholesale.com\/es\/wp-json\/wp\/v2\/types\/product"}],"replies":[{"embeddable":true,"href":"https:\/\/refrigerant-wholesale.com\/es\/wp-json\/wp\/v2\/comments?post=2213"}],"wp:featuredmedia":[{"embeddable":true,"href":"https:\/\/refrigerant-wholesale.com\/es\/wp-json\/wp\/v2\/media\/1447"}],"wp:attachment":[{"href":"https:\/\/refrigerant-wholesale.com\/es\/wp-json\/wp\/v2\/media?parent=2213"}],"wp:term":[{"taxonomy":"product_brand","embeddable":true,"href":"https:\/\/refrigerant-wholesale.com\/es\/wp-json\/wp\/v2\/product_brand?post=2213"},{"taxonomy":"product_cat","embeddable":true,"href":"https:\/\/refrigerant-wholesale.com\/es\/wp-json\/wp\/v2\/product_cat?post=2213"},{"taxonomy":"product_tag","embeddable":true,"href":"https:\/\/refrigerant-wholesale.com\/es\/wp-json\/wp\/v2\/product_tag?post=2213"}],"curies":[{"name":"wp","href":"https:\/\/api.w.org\/{rel}","templated":true}]}}