{"id":2207,"date":"2024-07-13T15:48:38","date_gmt":"2024-07-13T15:48:38","guid":{"rendered":"https:\/\/refrigerant-wholesale.com\/product\/medio-palet-hvac-r134a-20-cilindros\/"},"modified":"2025-03-01T23:44:14","modified_gmt":"2025-03-01T23:44:14","slug":"medio-palet-hvac-r134a-20-cilindros","status":"publish","type":"product","link":"https:\/\/refrigerant-wholesale.com\/es\/product\/medio-palet-hvac-r134a-20-cilindros\/","title":{"rendered":"Medio Palet HVAC R134A (20 Cilindros)"},"content":{"rendered":"<h3>Refrigerante R134A asequible &#8211; Alta calidad a bajo precio, disponible en todo el mundo<\/h3>\n<p>\u00bfNecesitas <strong>refrigerante R134A<\/strong> a un precio asequible? \u00a1No busques m\u00e1s! Ofrecemos <strong>refrigerante R134A barato<\/strong> sin comprometer la calidad. Tanto si eres propietario de una peque\u00f1a empresa, t\u00e9cnico de automoci\u00f3n o profesional de la climatizaci\u00f3n, nuestro <strong>refrigerante<\/strong> R134A satisfar\u00e1 tus necesidades <strong>a bajo coste<\/strong>. Explora nuestros precios imbatibles y nuestro eficiente env\u00edo global. Mant\u00e9n tus sistemas de refrigeraci\u00f3n funcionando sin problemas, \u00a1est\u00e9s donde est\u00e9s en el mundo!<\/p>\n<h4>\u00bfPor qu\u00e9 elegirnos?<\/h4>\n<p>Nuestro <strong>refrigerante R134A<\/strong> procede de fabricantes de confianza, lo que garantiza un rendimiento de primera categor\u00eda. Cumple todas las normas del sector, por lo que es la soluci\u00f3n perfecta para <strong>sistemas de aire acondicionado de autom\u00f3viles<\/strong>, frigor\u00edficos y otros sistemas de refrigeraci\u00f3n. Garantizamos no s\u00f3lo el mejor precio, sino tambi\u00e9n una calidad excepcional. Esta combinaci\u00f3n de bajo coste y alto rendimiento hace de nuestro producto una opci\u00f3n ideal tanto para profesionales como para aficionados al bricolaje.<\/p>\n<p>Adem\u00e1s, comprendemos la importancia de una refrigeraci\u00f3n fiable y constante en las aceleradas industrias actuales. Con <strong>el refrigerante R134A<\/strong>, tus sistemas funcionar\u00e1n con la m\u00e1xima eficacia, evit\u00e1ndote costosas reparaciones y tiempos de inactividad. Y con nuestras <strong> <a href=\"https:\/\/refrigerant-wholesale.com\/es\/?page_id=2037\">opciones de<\/a> compra al por mayor<\/strong>, ahorrar\u00e1s a\u00fan m\u00e1s.<\/p>\n<h4>Env\u00edo global &#8211; \u00a1Entregamos en todo el mundo!<\/h4>\n<p>Una de las muchas ventajas de elegir nuestro <strong>refrigerante R134A barato<\/strong> es nuestro servicio de <strong>env\u00edo global<\/strong>. No importa d\u00f3nde te encuentres, te garantizamos una entrega r\u00e1pida y segura hasta la puerta de tu casa. Enviamos a Europa, Norteam\u00e9rica, Asia, \u00c1frica y m\u00e1s all\u00e1. Si quieres abastecerte de <strong>refrigerante<\/strong> R134A para tu empresa, ofrecemos <strong>descuentos por pedidos al por mayor<\/strong> para ajustarnos a tu presupuesto.<\/p>\n<p>Adem\u00e1s, nuestros socios de transporte internacional son nombres de confianza en el sector de la log\u00edstica. Con su apoyo, puedes estar seguro de que tu refrigerante llegar\u00e1 a tiempo y en excelentes condiciones. Nunca ha sido tan f\u00e1cil acceder a refrigerante <a href=\"https:\/\/www.google.com\/search?q=r134a+price&amp;sca_esv=8141674a718dc13d&amp;sxsrf=ADLYWIL-mr6XpFKkFVmTzyhPDQv7ARdF0g%3A1728343151179&amp;ei=b2wEZ_fWCuGsxc8P-JTF0A8&amp;ved=0ahUKEwi3ys38s_2IAxVhVvEDHXhKEfoQ4dUDCA8&amp;uact=5&amp;oq=r134a+price&amp;gs_lp=Egxnd3Mtd2l6LXNlcnAiC3IxMzRhIHByaWNlMgsQABiABBiRAhiKBTILEAAYgAQYkQIYigUyCxAAGIAEGJECGIoFMgUQABiABDIFEAAYgAQyBRAAGIAEMgUQABiABDIFEAAYgAQyBRAAGIAEMgUQABiABEizFlCyCli2E3ABeAGQAQCYAXygAa0EqgEDMS40uAEDyAEA-AEBmAIGoALOBMICChAAGLADGNYEGEeYAwCIBgGQBgiSBwMxLjWgB54a&amp;sclient=gws-wiz-serp\"><strong>refrigerante R134A<\/strong><\/a> de alta calidad a un precio competitivo, sea cual sea tu ubicaci\u00f3n.<\/p>\n<h3>El mejor precio en refrigerante R134A &#8211; \u00a1Garantizado!<\/h3>\n<p>Cuando se trata de comprar <strong>refrigerante R134A<\/strong>, la asequibilidad es la clave. Por eso hemos trabajado duro para ofrecerte el mejor precio posible, sin sacrificar la calidad. Nuestro <strong>refrigerante<\/strong> R134A tiene un precio competitivo para garantizar que obtienes el m\u00e1ximo valor por tu dinero. Adem\u00e1s, ofrecemos regularmente promociones y descuentos para endulzar a\u00fan m\u00e1s el trato.<\/p>\n<p>No s\u00f3lo proporcionamos <strong>refrigerante R134A barato<\/strong>, sino que tambi\u00e9n ofrecemos un excelente servicio de atenci\u00f3n al cliente. Nuestro equipo est\u00e1 aqu\u00ed para ayudarte con cualquier pregunta o duda sobre tu pedido. Nos esforzamos por crear relaciones duraderas con nuestros clientes proporcion\u00e1ndoles <strong>productos de la m\u00e1xima calidad<\/strong> a precios inmejorables.<\/p>\n<h4>Contacta con nosotros hoy para obtener las mejores ofertas<\/h4>\n<p>Listo para aprovechar los mejores precios en <a href=\"https:\/\/refrigerant-wholesale.com\/es\/?post_type=product&amp;p=2201\"><strong>refrigerante R-134A<\/strong><\/a>? \u00a1No esperes m\u00e1s! Ponte en contacto con nosotros hoy mismo para hacer tu pedido o informarte sobre las <strong>compras al por mayor<\/strong>. Con nuestros precios asequibles, un env\u00edo fiable y un servicio de atenci\u00f3n al cliente excepcional, no encontrar\u00e1s una oferta mejor en ning\u00fan otro sitio.<\/p>\n<p><strong>Haz tu pedido ahora<\/strong> y disfruta de las ventajas <strong>del refrigerante R134A barato<\/strong> entregado directamente en tu domicilio, \u00a1en todo el mundo!<\/p>\n","protected":false},"excerpt":{"rendered":"<p><img loading=\"lazy\" decoding=\"async\" class=\"alignnone wp-image-437 aligncenter\" src=\"http:\/\/refrigerant-wholesale.com\/wp-content\/uploads\/2024\/03\/Screenshot-69.png\" alt=\"Ws Refrigerantes, Venta al por mayor de refrigerantes\" width=\"220\" height=\"53\" \/><\/p>\n<h4 style=\"text-align: center;\"><img loading=\"lazy\" decoding=\"async\" class=\"alignnone wp-image-744\" src=\"http:\/\/refrigerant-wholesale.com\/wp-content\/uploads\/2024\/07\/removal.ai_8ca2a79e-d09f-4bd1-a4fe-c4c69f1a4386_Trade-Assurance-381x400.png\" alt=\"Refrigerantes WS\" width=\"22\" height=\"23\" srcset=\"https:\/\/refrigerant-wholesale.com\/wp-content\/uploads\/2024\/07\/removal.ai_8ca2a79e-d09f-4bd1-a4fe-c4c69f1a4386_Trade-Assurance-381x400.png 381w, https:\/\/refrigerant-wholesale.com\/wp-content\/uploads\/2024\/07\/removal.ai_8ca2a79e-d09f-4bd1-a4fe-c4c69f1a4386_Trade-Assurance-100x100.png 100w, https:\/\/refrigerant-wholesale.com\/wp-content\/uploads\/2024\/07\/removal.ai_8ca2a79e-d09f-4bd1-a4fe-c4c69f1a4386_Trade-Assurance-280x280.png 280w, https:\/\/refrigerant-wholesale.com\/wp-content\/uploads\/2024\/07\/removal.ai_8ca2a79e-d09f-4bd1-a4fe-c4c69f1a4386_Trade-Assurance.png 388w\" sizes=\"auto, (max-width: 22px) 100vw, 22px\" \/>GARANT\u00cdA COMERCIAL<\/h4>\n<div class=\"gmail-textwidget gmail-custom-html-widget\">\n<h6 style=\"text-align: center;\">Env\u00edo : Entrega en todo el mundo<\/h6>\n<h6 style=\"text-align: center;\">(Se aceptan solicitudes personalizadas)<\/h6>\n<p style=\"text-align: center;\">100% VIRGEN Sellado de f\u00e1brica GARANTIZADO<\/p>\n<p style=\"text-align: center;\"><a href=\"http:\/\/refrigerant-wholesale.com\/wp-content\/uploads\/2024\/07\/SDS-R134a.pdf\" target=\"_self\" class=\"button primary is-green is-small\"  >\n    <span>Descargar la ficha de seguridad<\/span>\n  <\/a>\n\n<\/div>\n","protected":false},"featured_media":1444,"comment_status":"closed","ping_status":"closed","template":"","meta":[],"product_brand":[],"product_cat":[397,270],"product_tag":[400,398,399,434],"class_list":{"0":"post-2207","1":"product","2":"type-product","3":"status-publish","4":"has-post-thumbnail","6":"product_cat-r134a-es","7":"product_cat-sin-categoria","8":"product_tag-coste-al-por-mayor-del-gas-refrigerante-r134a","9":"product_tag-gas-refrigerante-r134a-al-por-mayor","10":"product_tag-gas-refrigerante-r134a-al-por-mayor-ee-uu","11":"product_tag-precio-al-por-mayor-de-gas-refrigerante-r134a","13":"first","14":"instock","15":"shipping-taxable","16":"product-type-simple"},"yoast_head":"<!-- This site is optimized with the Yoast SEO Premium plugin v27.0 (Yoast SEO v27.3) - https:\/\/yoast.com\/product\/yoast-seo-premium-wordpress\/ -->\n<title>Refrigerante R134A barato | WS Refrigerants<\/title>\n<meta name=\"description\" content=\"Refrigerante R134A barato. Mejor precio en Refrigerante R134A. Comprar Refrigerante R134A barato. Grandes descuentos en pedidos al por mayor\" \/>\n<meta name=\"robots\" content=\"index, follow, max-snippet:-1, max-image-preview:large, max-video-preview:-1\" \/>\n<link rel=\"canonical\" href=\"https:\/\/refrigerant-wholesale.com\/es\/product\/medio-palet-hvac-r134a-20-cilindros\/\" \/>\n<meta property=\"og:locale\" content=\"es_ES\" \/>\n<meta property=\"og:type\" content=\"article\" \/>\n<meta property=\"og:title\" content=\"Medio Palet HVAC R134A (20 Cilindros)\" \/>\n<meta property=\"og:description\" content=\"Refrigerante R134A barato. Mejor precio en Refrigerante R134A. Comprar Refrigerante R134A barato. Grandes descuentos en pedidos al por mayor\" \/>\n<meta property=\"og:url\" content=\"https:\/\/refrigerant-wholesale.com\/es\/product\/medio-palet-hvac-r134a-20-cilindros\/\" \/>\n<meta property=\"og:site_name\" content=\"Refrigerant Gas Wholesale\" \/>\n<meta property=\"article:publisher\" content=\"https:\/\/www.facebook.com\/refrigerantwholesale\" \/>\n<meta property=\"article:modified_time\" content=\"2025-03-01T23:44:14+00:00\" \/>\n<meta property=\"og:image\" content=\"http:\/\/refrigerant-wholesale.com\/wp-content\/uploads\/2024\/07\/Screenshot-90.png\" \/>\n\t<meta property=\"og:image:width\" content=\"1091\" \/>\n\t<meta property=\"og:image:height\" content=\"585\" \/>\n\t<meta property=\"og:image:type\" content=\"image\/png\" \/>\n<meta name=\"twitter:card\" content=\"summary_large_image\" \/>\n<meta name=\"twitter:label1\" content=\"Tiempo de lectura\" \/>\n\t<meta name=\"twitter:data1\" content=\"3 minutos\" \/>\n<script type=\"application\/ld+json\" class=\"yoast-schema-graph\">{\"@context\":\"https:\\\/\\\/schema.org\",\"@graph\":[{\"@type\":\"WebPage\",\"@id\":\"https:\\\/\\\/refrigerant-wholesale.com\\\/es\\\/product\\\/medio-palet-hvac-r134a-20-cilindros\\\/\",\"url\":\"https:\\\/\\\/refrigerant-wholesale.com\\\/es\\\/product\\\/medio-palet-hvac-r134a-20-cilindros\\\/\",\"name\":\"Refrigerante R134A barato | WS Refrigerants\",\"isPartOf\":{\"@id\":\"https:\\\/\\\/refrigerant-wholesale.com\\\/es\\\/#website\"},\"primaryImageOfPage\":{\"@id\":\"https:\\\/\\\/refrigerant-wholesale.com\\\/es\\\/product\\\/medio-palet-hvac-r134a-20-cilindros\\\/#primaryimage\"},\"image\":{\"@id\":\"https:\\\/\\\/refrigerant-wholesale.com\\\/es\\\/product\\\/medio-palet-hvac-r134a-20-cilindros\\\/#primaryimage\"},\"thumbnailUrl\":\"https:\\\/\\\/refrigerant-wholesale.com\\\/wp-content\\\/uploads\\\/2024\\\/07\\\/Screenshot-90.png\",\"datePublished\":\"2024-07-13T15:48:38+00:00\",\"dateModified\":\"2025-03-01T23:44:14+00:00\",\"description\":\"Refrigerante R134A barato. Mejor precio en Refrigerante R134A. Comprar Refrigerante R134A barato. Grandes descuentos en pedidos al por mayor\",\"breadcrumb\":{\"@id\":\"https:\\\/\\\/refrigerant-wholesale.com\\\/es\\\/product\\\/medio-palet-hvac-r134a-20-cilindros\\\/#breadcrumb\"},\"inLanguage\":\"es\",\"potentialAction\":[{\"@type\":\"ReadAction\",\"target\":[\"https:\\\/\\\/refrigerant-wholesale.com\\\/es\\\/product\\\/medio-palet-hvac-r134a-20-cilindros\\\/\"]}]},{\"@type\":\"ImageObject\",\"inLanguage\":\"es\",\"@id\":\"https:\\\/\\\/refrigerant-wholesale.com\\\/es\\\/product\\\/medio-palet-hvac-r134a-20-cilindros\\\/#primaryimage\",\"url\":\"https:\\\/\\\/refrigerant-wholesale.com\\\/wp-content\\\/uploads\\\/2024\\\/07\\\/Screenshot-90.png\",\"contentUrl\":\"https:\\\/\\\/refrigerant-wholesale.com\\\/wp-content\\\/uploads\\\/2024\\\/07\\\/Screenshot-90.png\",\"width\":1091,\"height\":585,\"caption\":\"Proveedor de refrigerante R134a, Refrigerante R134a, R134a, Refrigerante R134a, fre\u00f3n R 134a, Comprar refrigerante R134a, Venta de refrigerante R134a\"},{\"@type\":\"BreadcrumbList\",\"@id\":\"https:\\\/\\\/refrigerant-wholesale.com\\\/es\\\/product\\\/medio-palet-hvac-r134a-20-cilindros\\\/#breadcrumb\",\"itemListElement\":[{\"@type\":\"ListItem\",\"position\":1,\"name\":\"Home\",\"item\":\"https:\\\/\\\/refrigerant-wholesale.com\\\/es\\\/\"},{\"@type\":\"ListItem\",\"position\":2,\"name\":\"Tienda\",\"item\":\"https:\\\/\\\/refrigerant-wholesale.com\\\/es\\\/tienda\\\/\"},{\"@type\":\"ListItem\",\"position\":3,\"name\":\"Medio Palet HVAC R134A (20 Cilindros)\"}]},{\"@type\":\"WebSite\",\"@id\":\"https:\\\/\\\/refrigerant-wholesale.com\\\/es\\\/#website\",\"url\":\"https:\\\/\\\/refrigerant-wholesale.com\\\/es\\\/\",\"name\":\"Refrigerant Gas Wholesale\",\"description\":\"AC Gas supplier\",\"publisher\":{\"@id\":\"https:\\\/\\\/refrigerant-wholesale.com\\\/es\\\/#organization\"},\"potentialAction\":[{\"@type\":\"SearchAction\",\"target\":{\"@type\":\"EntryPoint\",\"urlTemplate\":\"https:\\\/\\\/refrigerant-wholesale.com\\\/es\\\/?s={search_term_string}\"},\"query-input\":{\"@type\":\"PropertyValueSpecification\",\"valueRequired\":true,\"valueName\":\"search_term_string\"}}],\"inLanguage\":\"es\"},{\"@type\":\"Organization\",\"@id\":\"https:\\\/\\\/refrigerant-wholesale.com\\\/es\\\/#organization\",\"name\":\"Refrigerant Gas Wholesale\",\"url\":\"https:\\\/\\\/refrigerant-wholesale.com\\\/es\\\/\",\"logo\":{\"@type\":\"ImageObject\",\"inLanguage\":\"es\",\"@id\":\"https:\\\/\\\/refrigerant-wholesale.com\\\/es\\\/#\\\/schema\\\/logo\\\/image\\\/\",\"url\":\"http:\\\/\\\/refrigerant-wholesale.com\\\/wp-content\\\/uploads\\\/2024\\\/04\\\/refrigerant-logo.png\",\"contentUrl\":\"http:\\\/\\\/refrigerant-wholesale.com\\\/wp-content\\\/uploads\\\/2024\\\/04\\\/refrigerant-logo.png\",\"width\":400,\"height\":84,\"caption\":\"Refrigerant Gas Wholesale\"},\"image\":{\"@id\":\"https:\\\/\\\/refrigerant-wholesale.com\\\/es\\\/#\\\/schema\\\/logo\\\/image\\\/\"},\"sameAs\":[\"https:\\\/\\\/www.facebook.com\\\/refrigerantwholesale\"]}]}<\/script>\n<!-- \/ Yoast SEO Premium plugin. -->","yoast_head_json":{"title":"Refrigerante R134A barato | WS Refrigerants","description":"Refrigerante R134A barato. Mejor precio en Refrigerante R134A. Comprar Refrigerante R134A barato. Grandes descuentos en pedidos al por mayor","robots":{"index":"index","follow":"follow","max-snippet":"max-snippet:-1","max-image-preview":"max-image-preview:large","max-video-preview":"max-video-preview:-1"},"canonical":"https:\/\/refrigerant-wholesale.com\/es\/product\/medio-palet-hvac-r134a-20-cilindros\/","og_locale":"es_ES","og_type":"article","og_title":"Medio Palet HVAC R134A (20 Cilindros)","og_description":"Refrigerante R134A barato. Mejor precio en Refrigerante R134A. Comprar Refrigerante R134A barato. Grandes descuentos en pedidos al por mayor","og_url":"https:\/\/refrigerant-wholesale.com\/es\/product\/medio-palet-hvac-r134a-20-cilindros\/","og_site_name":"Refrigerant Gas Wholesale","article_publisher":"https:\/\/www.facebook.com\/refrigerantwholesale","article_modified_time":"2025-03-01T23:44:14+00:00","og_image":[{"width":1091,"height":585,"url":"http:\/\/refrigerant-wholesale.com\/wp-content\/uploads\/2024\/07\/Screenshot-90.png","type":"image\/png"}],"twitter_card":"summary_large_image","twitter_misc":{"Tiempo de lectura":"3 minutos"},"schema":{"@context":"https:\/\/schema.org","@graph":[{"@type":"WebPage","@id":"https:\/\/refrigerant-wholesale.com\/es\/product\/medio-palet-hvac-r134a-20-cilindros\/","url":"https:\/\/refrigerant-wholesale.com\/es\/product\/medio-palet-hvac-r134a-20-cilindros\/","name":"Refrigerante R134A barato | WS Refrigerants","isPartOf":{"@id":"https:\/\/refrigerant-wholesale.com\/es\/#website"},"primaryImageOfPage":{"@id":"https:\/\/refrigerant-wholesale.com\/es\/product\/medio-palet-hvac-r134a-20-cilindros\/#primaryimage"},"image":{"@id":"https:\/\/refrigerant-wholesale.com\/es\/product\/medio-palet-hvac-r134a-20-cilindros\/#primaryimage"},"thumbnailUrl":"https:\/\/refrigerant-wholesale.com\/wp-content\/uploads\/2024\/07\/Screenshot-90.png","datePublished":"2024-07-13T15:48:38+00:00","dateModified":"2025-03-01T23:44:14+00:00","description":"Refrigerante R134A barato. Mejor precio en Refrigerante R134A. Comprar Refrigerante R134A barato. Grandes descuentos en pedidos al por mayor","breadcrumb":{"@id":"https:\/\/refrigerant-wholesale.com\/es\/product\/medio-palet-hvac-r134a-20-cilindros\/#breadcrumb"},"inLanguage":"es","potentialAction":[{"@type":"ReadAction","target":["https:\/\/refrigerant-wholesale.com\/es\/product\/medio-palet-hvac-r134a-20-cilindros\/"]}]},{"@type":"ImageObject","inLanguage":"es","@id":"https:\/\/refrigerant-wholesale.com\/es\/product\/medio-palet-hvac-r134a-20-cilindros\/#primaryimage","url":"https:\/\/refrigerant-wholesale.com\/wp-content\/uploads\/2024\/07\/Screenshot-90.png","contentUrl":"https:\/\/refrigerant-wholesale.com\/wp-content\/uploads\/2024\/07\/Screenshot-90.png","width":1091,"height":585,"caption":"Proveedor de refrigerante R134a, Refrigerante R134a, R134a, Refrigerante R134a, fre\u00f3n R 134a, Comprar refrigerante R134a, Venta de refrigerante R134a"},{"@type":"BreadcrumbList","@id":"https:\/\/refrigerant-wholesale.com\/es\/product\/medio-palet-hvac-r134a-20-cilindros\/#breadcrumb","itemListElement":[{"@type":"ListItem","position":1,"name":"Home","item":"https:\/\/refrigerant-wholesale.com\/es\/"},{"@type":"ListItem","position":2,"name":"Tienda","item":"https:\/\/refrigerant-wholesale.com\/es\/tienda\/"},{"@type":"ListItem","position":3,"name":"Medio Palet HVAC R134A (20 Cilindros)"}]},{"@type":"WebSite","@id":"https:\/\/refrigerant-wholesale.com\/es\/#website","url":"https:\/\/refrigerant-wholesale.com\/es\/","name":"Refrigerant Gas Wholesale","description":"AC Gas supplier","publisher":{"@id":"https:\/\/refrigerant-wholesale.com\/es\/#organization"},"potentialAction":[{"@type":"SearchAction","target":{"@type":"EntryPoint","urlTemplate":"https:\/\/refrigerant-wholesale.com\/es\/?s={search_term_string}"},"query-input":{"@type":"PropertyValueSpecification","valueRequired":true,"valueName":"search_term_string"}}],"inLanguage":"es"},{"@type":"Organization","@id":"https:\/\/refrigerant-wholesale.com\/es\/#organization","name":"Refrigerant Gas Wholesale","url":"https:\/\/refrigerant-wholesale.com\/es\/","logo":{"@type":"ImageObject","inLanguage":"es","@id":"https:\/\/refrigerant-wholesale.com\/es\/#\/schema\/logo\/image\/","url":"http:\/\/refrigerant-wholesale.com\/wp-content\/uploads\/2024\/04\/refrigerant-logo.png","contentUrl":"http:\/\/refrigerant-wholesale.com\/wp-content\/uploads\/2024\/04\/refrigerant-logo.png","width":400,"height":84,"caption":"Refrigerant Gas Wholesale"},"image":{"@id":"https:\/\/refrigerant-wholesale.com\/es\/#\/schema\/logo\/image\/"},"sameAs":["https:\/\/www.facebook.com\/refrigerantwholesale"]}]}},"_links":{"self":[{"href":"https:\/\/refrigerant-wholesale.com\/es\/wp-json\/wp\/v2\/product\/2207","targetHints":{"allow":["GET"]}}],"collection":[{"href":"https:\/\/refrigerant-wholesale.com\/es\/wp-json\/wp\/v2\/product"}],"about":[{"href":"https:\/\/refrigerant-wholesale.com\/es\/wp-json\/wp\/v2\/types\/product"}],"replies":[{"embeddable":true,"href":"https:\/\/refrigerant-wholesale.com\/es\/wp-json\/wp\/v2\/comments?post=2207"}],"wp:featuredmedia":[{"embeddable":true,"href":"https:\/\/refrigerant-wholesale.com\/es\/wp-json\/wp\/v2\/media\/1444"}],"wp:attachment":[{"href":"https:\/\/refrigerant-wholesale.com\/es\/wp-json\/wp\/v2\/media?parent=2207"}],"wp:term":[{"taxonomy":"product_brand","embeddable":true,"href":"https:\/\/refrigerant-wholesale.com\/es\/wp-json\/wp\/v2\/product_brand?post=2207"},{"taxonomy":"product_cat","embeddable":true,"href":"https:\/\/refrigerant-wholesale.com\/es\/wp-json\/wp\/v2\/product_cat?post=2207"},{"taxonomy":"product_tag","embeddable":true,"href":"https:\/\/refrigerant-wholesale.com\/es\/wp-json\/wp\/v2\/product_tag?post=2207"}],"curies":[{"name":"wp","href":"https:\/\/api.w.org\/{rel}","templated":true}]}}