{"id":2204,"date":"2024-03-18T23:05:31","date_gmt":"2024-03-18T23:05:31","guid":{"rendered":"https:\/\/refrigerant-wholesale.com\/product\/r290-ametron-refrigerants-experto-en-refrigeracion\/"},"modified":"2025-03-01T21:26:33","modified_gmt":"2025-03-01T21:26:33","slug":"r290-ametron-refrigerants-experto-en-refrigeracion","status":"publish","type":"product","link":"https:\/\/refrigerant-wholesale.com\/es\/product\/r290-ametron-refrigerants-experto-en-refrigeracion\/","title":{"rendered":"R290 Ametron Refrigerants\u00ae &#8211; Experto en refrigeraci\u00f3n"},"content":{"rendered":"<p>&nbsp;<\/p>\n<section id=\"shopify-section-template--15658877091989__main\" class=\"shopify-section section\">\n<section id=\"MainProduct-template--15658877091989__main\" class=\"page-width section-template--15658877091989__main-padding\" data-section=\"template--15658877091989__main\">\n<div class=\"product product--large product--stacked grid grid--1-col grid--2-col-tablet\">\n<div class=\"product__info-wrapper grid__item\">\n<div id=\"ProductInfo-template--15658877091989__main\" class=\"product__info-container product__info-container--sticky\">\n<div class=\"product__description rte quick-add-hidden\">\n<div class=\"summary entry-summary\">\n<div class=\"woocommerce-product-details__short-description\">\n<p><strong>Propiedades f\u00edsicas y qu\u00edmicas<\/strong><\/p>\n<table>\n<tbody>\n<tr>\n<td class=\"tditemlist\">Nombre qu\u00edmico<\/td>\n<td class=\"tditemlist\">Propano<\/td>\n<\/tr>\n<tr>\n<td class=\"tditemlist\" height=\"26px !important\">F\u00f3rmula qu\u00edmica<\/td>\n<td class=\"tditemlist\">CH3CH2CH3<\/td>\n<\/tr>\n<tr>\n<td class=\"tditemlist\">Peso molecular<\/td>\n<td class=\"tditemlist\">44,10 g\/mol<\/td>\n<\/tr>\n<tr>\n<td class=\"tditemlist\">Formulario<\/td>\n<td class=\"tditemlist\">Gas licuado<\/td>\n<\/tr>\n<tr>\n<td class=\"tditemlist\">Color<\/td>\n<td class=\"tditemlist\">Incoloro<\/td>\n<\/tr>\n<tr>\n<td class=\"tditemlist\">Punto de congelaci\u00f3n<\/td>\n<td class=\"tditemlist\">-187.7 \u00b0C<\/td>\n<\/tr>\n<tr>\n<td class=\"tditemlist\">Punto de ebullici\u00f3nT a 1.013<\/td>\n<td class=\"tditemlist\">-42.09 \u00b0C<\/td>\n<\/tr>\n<tr>\n<td class=\"tditemlist\">Presi\u00f3n cr\u00edtica<\/td>\n<td class=\"tditemlist\">4248 hPa<\/td>\n<\/tr>\n<\/tbody>\n<\/table>\n<p>&nbsp;<\/p>\n<p>Refrigerantes <sup>Ametron\u00ae <\/sup>El propano, o R-290, es un hidrocarburo que se utiliza en algunos equipos de refrigeraci\u00f3n, como bombas de calor, equipos de refrigeraci\u00f3n comercial, etc. Cuando se trabaja con refrigerantes hidrocarburos, es muy importante que sean muy puros, ya que si hay impurezas presentes (azufre, agua, etc.) podr\u00edan degradarse los lubricantes de aceite del sistema y da\u00f1ar los compresores, entre otras cosas. Adem\u00e1s, si el hidrocarburo no es muy puro, a veces puede mezclarse con otros hidrocarburos, lo que puede alterar dr\u00e1sticamente las propiedades f\u00edsicas y termodin\u00e1micas del hidrocarburo original.  <\/p>\n<\/div>\n<\/div>\n<div class=\"woocommerce-tabs wc-tabs-wrapper\">\n<div id=\"tab-description\" class=\"woocommerce-Tabs-panel woocommerce-Tabs-panel--description panel entry-content wc-tab\" role=\"tabpanel\" aria-labelledby=\"tab-title-description\">\n<p>El propano que se utiliza en aplicaciones de refrigeraci\u00f3n no est\u00e1 aromatizado, como ocurre cuando se utiliza con fines dom\u00e9sticos<br \/>\n(los hidrocarburos dom\u00e9sticos est\u00e1n aromatizados para que se pueda detectar r\u00e1pidamente una fuga). Por tanto, no es f\u00e1cil detectar una fuga. <\/p>\n<\/div>\n<\/div>\n<\/div>\n<\/div>\n<\/div>\n<\/div>\n<\/section>\n<\/section>\n<p>&nbsp;<\/p>\n","protected":false},"excerpt":{"rendered":"<p><img loading=\"lazy\" decoding=\"async\" class=\"alignnone wp-image-437 aligncenter\" src=\"http:\/\/refrigerant-wholesale.com\/wp-content\/uploads\/2024\/03\/Screenshot-69.png\" alt=\"\" width=\"207\" height=\"50\"><\/p>\n<h4 style=\"text-align: center;\"><img loading=\"lazy\" decoding=\"async\" class=\"gmail-crown\" src=\"https:\/\/www.cryptominerbros.com\/wp-content\/uploads\/2019\/12\/dollar-icon.png\" width=\"26\" height=\"27\">GARANT\u00cdA COMERCIAL<\/h4>\n<div class=\"gmail-textwidget gmail-custom-html-widget\">\n<h6 style=\"text-align: center;\">Env\u00edo : Entrega en todo el mundo<\/h6>\n<h6 style=\"text-align: center;\">(Se aceptan solicitudes personalizadas)<\/h6>\n<\/div>\n","protected":false},"featured_media":1378,"comment_status":"open","ping_status":"closed","template":"","meta":[],"product_brand":[],"product_cat":[416,437,357],"product_tag":[],"class_list":{"0":"post-2204","1":"product","2":"type-product","3":"status-publish","4":"has-post-thumbnail","6":"product_cat-ametron-es","7":"product_cat-r290","8":"product_cat-tipos","10":"first","11":"instock","12":"shipping-taxable","13":"product-type-simple"},"yoast_head":"<!-- This site is optimized with the Yoast SEO Premium plugin v27.0 (Yoast SEO v27.3) - https:\/\/yoast.com\/product\/yoast-seo-premium-wordpress\/ -->\n<title>R290 Ametron Refrigerants\u00ae - Experto en refrigeraci\u00f3n - Refrigerant Gas Wholesale<\/title>\n<meta name=\"robots\" content=\"index, follow, max-snippet:-1, max-image-preview:large, max-video-preview:-1\" \/>\n<link rel=\"canonical\" href=\"https:\/\/refrigerant-wholesale.com\/es\/product\/r290-ametron-refrigerants-experto-en-refrigeracion\/\" \/>\n<meta property=\"og:locale\" content=\"es_ES\" \/>\n<meta property=\"og:type\" content=\"article\" \/>\n<meta property=\"og:title\" content=\"R290 Ametron Refrigerants\u00ae - Experto en refrigeraci\u00f3n\" \/>\n<meta property=\"og:description\" content=\"GARANT\u00cdA COMERCIAL Env\u00edo : Entrega en todo el mundo (Se aceptan solicitudes personalizadas)\" \/>\n<meta property=\"og:url\" content=\"https:\/\/refrigerant-wholesale.com\/es\/product\/r290-ametron-refrigerants-experto-en-refrigeracion\/\" \/>\n<meta property=\"og:site_name\" content=\"Refrigerant Gas Wholesale\" \/>\n<meta property=\"article:publisher\" content=\"https:\/\/www.facebook.com\/refrigerantwholesale\" \/>\n<meta property=\"article:modified_time\" content=\"2025-03-01T21:26:33+00:00\" \/>\n<meta property=\"og:image\" content=\"http:\/\/refrigerant-wholesale.com\/wp-content\/uploads\/2024\/03\/R290-Ametron-Refrigerants\u00ae-Cooling-Expert.webp\" \/>\n\t<meta property=\"og:image:width\" content=\"1000\" \/>\n\t<meta property=\"og:image:height\" content=\"1000\" \/>\n\t<meta property=\"og:image:type\" content=\"image\/webp\" \/>\n<meta name=\"twitter:card\" content=\"summary_large_image\" \/>\n<meta name=\"twitter:label1\" content=\"Tiempo de lectura\" \/>\n\t<meta name=\"twitter:data1\" content=\"1 minuto\" \/>\n<script type=\"application\/ld+json\" class=\"yoast-schema-graph\">{\"@context\":\"https:\\\/\\\/schema.org\",\"@graph\":[{\"@type\":\"WebPage\",\"@id\":\"https:\\\/\\\/refrigerant-wholesale.com\\\/es\\\/product\\\/r290-ametron-refrigerants-experto-en-refrigeracion\\\/\",\"url\":\"https:\\\/\\\/refrigerant-wholesale.com\\\/es\\\/product\\\/r290-ametron-refrigerants-experto-en-refrigeracion\\\/\",\"name\":\"R290 Ametron Refrigerants\u00ae - Experto en refrigeraci\u00f3n - Refrigerant Gas Wholesale\",\"isPartOf\":{\"@id\":\"https:\\\/\\\/refrigerant-wholesale.com\\\/es\\\/#website\"},\"primaryImageOfPage\":{\"@id\":\"https:\\\/\\\/refrigerant-wholesale.com\\\/es\\\/product\\\/r290-ametron-refrigerants-experto-en-refrigeracion\\\/#primaryimage\"},\"image\":{\"@id\":\"https:\\\/\\\/refrigerant-wholesale.com\\\/es\\\/product\\\/r290-ametron-refrigerants-experto-en-refrigeracion\\\/#primaryimage\"},\"thumbnailUrl\":\"https:\\\/\\\/refrigerant-wholesale.com\\\/wp-content\\\/uploads\\\/2024\\\/03\\\/R290-Ametron-Refrigerants\u00ae-Cooling-Expert.webp\",\"datePublished\":\"2024-03-18T23:05:31+00:00\",\"dateModified\":\"2025-03-01T21:26:33+00:00\",\"breadcrumb\":{\"@id\":\"https:\\\/\\\/refrigerant-wholesale.com\\\/es\\\/product\\\/r290-ametron-refrigerants-experto-en-refrigeracion\\\/#breadcrumb\"},\"inLanguage\":\"es\",\"potentialAction\":[{\"@type\":\"ReadAction\",\"target\":[\"https:\\\/\\\/refrigerant-wholesale.com\\\/es\\\/product\\\/r290-ametron-refrigerants-experto-en-refrigeracion\\\/\"]}]},{\"@type\":\"ImageObject\",\"inLanguage\":\"es\",\"@id\":\"https:\\\/\\\/refrigerant-wholesale.com\\\/es\\\/product\\\/r290-ametron-refrigerants-experto-en-refrigeracion\\\/#primaryimage\",\"url\":\"https:\\\/\\\/refrigerant-wholesale.com\\\/wp-content\\\/uploads\\\/2024\\\/03\\\/R290-Ametron-Refrigerants\u00ae-Cooling-Expert.webp\",\"contentUrl\":\"https:\\\/\\\/refrigerant-wholesale.com\\\/wp-content\\\/uploads\\\/2024\\\/03\\\/R290-Ametron-Refrigerants\u00ae-Cooling-Expert.webp\",\"width\":1000,\"height\":1000},{\"@type\":\"BreadcrumbList\",\"@id\":\"https:\\\/\\\/refrigerant-wholesale.com\\\/es\\\/product\\\/r290-ametron-refrigerants-experto-en-refrigeracion\\\/#breadcrumb\",\"itemListElement\":[{\"@type\":\"ListItem\",\"position\":1,\"name\":\"Home\",\"item\":\"https:\\\/\\\/refrigerant-wholesale.com\\\/es\\\/\"},{\"@type\":\"ListItem\",\"position\":2,\"name\":\"Tienda\",\"item\":\"https:\\\/\\\/refrigerant-wholesale.com\\\/es\\\/tienda\\\/\"},{\"@type\":\"ListItem\",\"position\":3,\"name\":\"R290 Ametron Refrigerants\u00ae &#8211; Experto en refrigeraci\u00f3n\"}]},{\"@type\":\"WebSite\",\"@id\":\"https:\\\/\\\/refrigerant-wholesale.com\\\/es\\\/#website\",\"url\":\"https:\\\/\\\/refrigerant-wholesale.com\\\/es\\\/\",\"name\":\"Refrigerant Gas Wholesale\",\"description\":\"AC Gas supplier\",\"publisher\":{\"@id\":\"https:\\\/\\\/refrigerant-wholesale.com\\\/es\\\/#organization\"},\"potentialAction\":[{\"@type\":\"SearchAction\",\"target\":{\"@type\":\"EntryPoint\",\"urlTemplate\":\"https:\\\/\\\/refrigerant-wholesale.com\\\/es\\\/?s={search_term_string}\"},\"query-input\":{\"@type\":\"PropertyValueSpecification\",\"valueRequired\":true,\"valueName\":\"search_term_string\"}}],\"inLanguage\":\"es\"},{\"@type\":\"Organization\",\"@id\":\"https:\\\/\\\/refrigerant-wholesale.com\\\/es\\\/#organization\",\"name\":\"Refrigerant Gas Wholesale\",\"url\":\"https:\\\/\\\/refrigerant-wholesale.com\\\/es\\\/\",\"logo\":{\"@type\":\"ImageObject\",\"inLanguage\":\"es\",\"@id\":\"https:\\\/\\\/refrigerant-wholesale.com\\\/es\\\/#\\\/schema\\\/logo\\\/image\\\/\",\"url\":\"http:\\\/\\\/refrigerant-wholesale.com\\\/wp-content\\\/uploads\\\/2024\\\/04\\\/refrigerant-logo.png\",\"contentUrl\":\"http:\\\/\\\/refrigerant-wholesale.com\\\/wp-content\\\/uploads\\\/2024\\\/04\\\/refrigerant-logo.png\",\"width\":400,\"height\":84,\"caption\":\"Refrigerant Gas Wholesale\"},\"image\":{\"@id\":\"https:\\\/\\\/refrigerant-wholesale.com\\\/es\\\/#\\\/schema\\\/logo\\\/image\\\/\"},\"sameAs\":[\"https:\\\/\\\/www.facebook.com\\\/refrigerantwholesale\"]}]}<\/script>\n<!-- \/ Yoast SEO Premium plugin. -->","yoast_head_json":{"title":"R290 Ametron Refrigerants\u00ae - Experto en refrigeraci\u00f3n - Refrigerant Gas Wholesale","robots":{"index":"index","follow":"follow","max-snippet":"max-snippet:-1","max-image-preview":"max-image-preview:large","max-video-preview":"max-video-preview:-1"},"canonical":"https:\/\/refrigerant-wholesale.com\/es\/product\/r290-ametron-refrigerants-experto-en-refrigeracion\/","og_locale":"es_ES","og_type":"article","og_title":"R290 Ametron Refrigerants\u00ae - Experto en refrigeraci\u00f3n","og_description":"GARANT\u00cdA COMERCIAL Env\u00edo : Entrega en todo el mundo (Se aceptan solicitudes personalizadas)","og_url":"https:\/\/refrigerant-wholesale.com\/es\/product\/r290-ametron-refrigerants-experto-en-refrigeracion\/","og_site_name":"Refrigerant Gas Wholesale","article_publisher":"https:\/\/www.facebook.com\/refrigerantwholesale","article_modified_time":"2025-03-01T21:26:33+00:00","og_image":[{"width":1000,"height":1000,"url":"http:\/\/refrigerant-wholesale.com\/wp-content\/uploads\/2024\/03\/R290-Ametron-Refrigerants\u00ae-Cooling-Expert.webp","type":"image\/webp"}],"twitter_card":"summary_large_image","twitter_misc":{"Tiempo de lectura":"1 minuto"},"schema":{"@context":"https:\/\/schema.org","@graph":[{"@type":"WebPage","@id":"https:\/\/refrigerant-wholesale.com\/es\/product\/r290-ametron-refrigerants-experto-en-refrigeracion\/","url":"https:\/\/refrigerant-wholesale.com\/es\/product\/r290-ametron-refrigerants-experto-en-refrigeracion\/","name":"R290 Ametron Refrigerants\u00ae - Experto en refrigeraci\u00f3n - Refrigerant Gas Wholesale","isPartOf":{"@id":"https:\/\/refrigerant-wholesale.com\/es\/#website"},"primaryImageOfPage":{"@id":"https:\/\/refrigerant-wholesale.com\/es\/product\/r290-ametron-refrigerants-experto-en-refrigeracion\/#primaryimage"},"image":{"@id":"https:\/\/refrigerant-wholesale.com\/es\/product\/r290-ametron-refrigerants-experto-en-refrigeracion\/#primaryimage"},"thumbnailUrl":"https:\/\/refrigerant-wholesale.com\/wp-content\/uploads\/2024\/03\/R290-Ametron-Refrigerants\u00ae-Cooling-Expert.webp","datePublished":"2024-03-18T23:05:31+00:00","dateModified":"2025-03-01T21:26:33+00:00","breadcrumb":{"@id":"https:\/\/refrigerant-wholesale.com\/es\/product\/r290-ametron-refrigerants-experto-en-refrigeracion\/#breadcrumb"},"inLanguage":"es","potentialAction":[{"@type":"ReadAction","target":["https:\/\/refrigerant-wholesale.com\/es\/product\/r290-ametron-refrigerants-experto-en-refrigeracion\/"]}]},{"@type":"ImageObject","inLanguage":"es","@id":"https:\/\/refrigerant-wholesale.com\/es\/product\/r290-ametron-refrigerants-experto-en-refrigeracion\/#primaryimage","url":"https:\/\/refrigerant-wholesale.com\/wp-content\/uploads\/2024\/03\/R290-Ametron-Refrigerants\u00ae-Cooling-Expert.webp","contentUrl":"https:\/\/refrigerant-wholesale.com\/wp-content\/uploads\/2024\/03\/R290-Ametron-Refrigerants\u00ae-Cooling-Expert.webp","width":1000,"height":1000},{"@type":"BreadcrumbList","@id":"https:\/\/refrigerant-wholesale.com\/es\/product\/r290-ametron-refrigerants-experto-en-refrigeracion\/#breadcrumb","itemListElement":[{"@type":"ListItem","position":1,"name":"Home","item":"https:\/\/refrigerant-wholesale.com\/es\/"},{"@type":"ListItem","position":2,"name":"Tienda","item":"https:\/\/refrigerant-wholesale.com\/es\/tienda\/"},{"@type":"ListItem","position":3,"name":"R290 Ametron Refrigerants\u00ae &#8211; Experto en refrigeraci\u00f3n"}]},{"@type":"WebSite","@id":"https:\/\/refrigerant-wholesale.com\/es\/#website","url":"https:\/\/refrigerant-wholesale.com\/es\/","name":"Refrigerant Gas Wholesale","description":"AC Gas supplier","publisher":{"@id":"https:\/\/refrigerant-wholesale.com\/es\/#organization"},"potentialAction":[{"@type":"SearchAction","target":{"@type":"EntryPoint","urlTemplate":"https:\/\/refrigerant-wholesale.com\/es\/?s={search_term_string}"},"query-input":{"@type":"PropertyValueSpecification","valueRequired":true,"valueName":"search_term_string"}}],"inLanguage":"es"},{"@type":"Organization","@id":"https:\/\/refrigerant-wholesale.com\/es\/#organization","name":"Refrigerant Gas Wholesale","url":"https:\/\/refrigerant-wholesale.com\/es\/","logo":{"@type":"ImageObject","inLanguage":"es","@id":"https:\/\/refrigerant-wholesale.com\/es\/#\/schema\/logo\/image\/","url":"http:\/\/refrigerant-wholesale.com\/wp-content\/uploads\/2024\/04\/refrigerant-logo.png","contentUrl":"http:\/\/refrigerant-wholesale.com\/wp-content\/uploads\/2024\/04\/refrigerant-logo.png","width":400,"height":84,"caption":"Refrigerant Gas Wholesale"},"image":{"@id":"https:\/\/refrigerant-wholesale.com\/es\/#\/schema\/logo\/image\/"},"sameAs":["https:\/\/www.facebook.com\/refrigerantwholesale"]}]}},"_links":{"self":[{"href":"https:\/\/refrigerant-wholesale.com\/es\/wp-json\/wp\/v2\/product\/2204","targetHints":{"allow":["GET"]}}],"collection":[{"href":"https:\/\/refrigerant-wholesale.com\/es\/wp-json\/wp\/v2\/product"}],"about":[{"href":"https:\/\/refrigerant-wholesale.com\/es\/wp-json\/wp\/v2\/types\/product"}],"replies":[{"embeddable":true,"href":"https:\/\/refrigerant-wholesale.com\/es\/wp-json\/wp\/v2\/comments?post=2204"}],"wp:featuredmedia":[{"embeddable":true,"href":"https:\/\/refrigerant-wholesale.com\/es\/wp-json\/wp\/v2\/media\/1378"}],"wp:attachment":[{"href":"https:\/\/refrigerant-wholesale.com\/es\/wp-json\/wp\/v2\/media?parent=2204"}],"wp:term":[{"taxonomy":"product_brand","embeddable":true,"href":"https:\/\/refrigerant-wholesale.com\/es\/wp-json\/wp\/v2\/product_brand?post=2204"},{"taxonomy":"product_cat","embeddable":true,"href":"https:\/\/refrigerant-wholesale.com\/es\/wp-json\/wp\/v2\/product_cat?post=2204"},{"taxonomy":"product_tag","embeddable":true,"href":"https:\/\/refrigerant-wholesale.com\/es\/wp-json\/wp\/v2\/product_tag?post=2204"}],"curies":[{"name":"wp","href":"https:\/\/api.w.org\/{rel}","templated":true}]}}