{"id":2201,"date":"2024-07-13T15:30:12","date_gmt":"2024-07-13T15:30:12","guid":{"rendered":"https:\/\/refrigerant-wholesale.com\/product\/palet-completo-hvac-r-134a-40-cilindros\/"},"modified":"2025-03-01T23:44:51","modified_gmt":"2025-03-01T23:44:51","slug":"palet-completo-hvac-r-134a-40-cilindros","status":"publish","type":"product","link":"https:\/\/refrigerant-wholesale.com\/es\/product\/palet-completo-hvac-r-134a-40-cilindros\/","title":{"rendered":"Palet Completo HVAC R-134A (40 Cilindros)"},"content":{"rendered":"<h3><strong>Refrigerante R134a 30 lb &#8211; Wholesale Supply Worldwide<\/strong><\/h3>\n<p>\u00bfBuscas refrigerante R134a fiable y de alta calidad al por mayor? Somos un proveedor l\u00edder de <strong>botellas de refrigerante R134a de 30 lb<\/strong> al por mayor, que ofrece entregas en todo el mundo. Tanto si trabajas en el sector de la climatizaci\u00f3n como en el de la automoci\u00f3n o la refrigeraci\u00f3n industrial, te ofrecemos <strong>precios competitivos<\/strong>, env\u00edos r\u00e1pidos y un compromiso de <strong>servicio al cliente excelente<\/strong>. Nuestro precio de refrigerante R134a cumple todas las normas internacionales, por lo que es la mejor opci\u00f3n para las empresas que buscan una soluci\u00f3n de refrigeraci\u00f3n eficaz y rentable.<\/p>\n<h3>\u00bfPor qu\u00e9 elegir nuestro refrigerante R134a?<\/h3>\n<p>El refrigerante R134a, tambi\u00e9n conocido como <strong>tetrafluoroetano<\/strong>, es un refrigerante que no agota la capa de ozono. Se encuentra habitualmente en sistemas de aire acondicionado de autom\u00f3viles, refrigeraci\u00f3n comercial y unidades residenciales de calefacci\u00f3n, ventilaci\u00f3n y aire acondicionado. Elegir nuestros <strong>cilindros<a href=\"https:\/\/refrigerant-wholesale.com\/es\/?post_type=product&amp;p=2141\">R134a<\/a> de 30 lb<\/strong> te garantiza recibir un producto de m\u00e1xima calidad que mejora el rendimiento de tus sistemas de refrigeraci\u00f3n. Adem\u00e1s, todos nuestros refrigerantes est\u00e1n <strong>certificados y probados<\/strong> para cumplir las normas mundiales m\u00e1s exigentes. Esto garantiza eficiencia y fiabilidad, por lo que puedes confiar en el producto que est\u00e1s utilizando.<\/p>\n<p>Ofrecemos <strong>refrigerante R134a<\/strong> al por mayor a clientes de todo el mundo, lo que facilita la obtenci\u00f3n de los productos que necesitas, est\u00e9s donde est\u00e9s. Adem\u00e1s, nuestro equipo se dedica a garantizar entregas puntuales para que tus operaciones funcionen sin problemas.<\/p>\n<h3>Principales ventajas del precio del refrigerante R134a<\/h3>\n<ul>\n<li><strong>Refrigeraci\u00f3n eficiente<\/strong>: El refrigerante R134a proporciona una refrigeraci\u00f3n \u00f3ptima, garantizando que tus sistemas funcionen eficientemente y mantengan temperaturas constantes.<\/li>\n<li><strong>Respetuoso con el medio ambiente<\/strong>: Como refrigerante que no agota la capa de ozono, el R134a es una opci\u00f3n m\u00e1s segura para el medio ambiente que los antiguos <a href=\"https:\/\/www.google.com\/search?q=r134a+wholesale&amp;sca_esv=8141674a718dc13d&amp;sxsrf=ADLYWIJ37F2FPnP0HoVM5KEZJv6-5ZZLGQ%3A1728259848778&amp;ei=CCcDZ4aPL4iRxc8Pm5eU4Qc&amp;oq=r134&amp;gs_lp=Egxnd3Mtd2l6LXNlcnAiBHIxMzQqAggAMgoQIxiABBgnGIoFMgQQIxgnMgQQIxgnMgUQABiABDIFEAAYgAQyBRAAGIAEMgUQABiABDIFEAAYgAQyBRAAGIAEMgUQABiABEiaK1AAWOgMcAB4AZABAJgBhgGgAYIEqgEDMC40uAEByAEA-AEBmAIEoAKaBMICEBAuGIAEGNEDGMcBGCcYigXCAgsQABiABBiRAhiKBcICDhAuGIAEGNEDGNQCGMcBwgIFEC4YgASYAwCSBwMwLjSgB9go&amp;sclient=gws-wiz-serp\">refrigerantes CFC<\/a>. Esto lo hace ideal para quienes quieren reducir su huella medioambiental.<\/li>\n<li><strong>Aplicaci\u00f3n vers\u00e1til<\/strong>: Adecuado para su uso en diversas aplicaciones, como aire acondicionado de autom\u00f3viles, refrigeraci\u00f3n comercial y sistemas de calefacci\u00f3n, ventilaci\u00f3n y aire acondicionado.<\/li>\n<\/ul>\n<p>Si necesitas <strong>cilindros de R134a de 30 lb<\/strong> a granel, ofrecemos opciones de pedido flexibles adaptadas a las demandas de tu negocio. Damos prioridad al <strong>env\u00edo r\u00e1pido y seguro<\/strong> para garantizar que tus productos lleguen a tiempo y en perfectas condiciones.<\/p>\n<h2>\u00bfPor qu\u00e9 pedirnos refrigerante R134a?<\/h2>\n<p>Entendemos que la calidad y la fiabilidad son cruciales para tu negocio. Al elegirnos como tu <strong>proveedor mayorista de refrigerante R134a<\/strong>, te beneficias de:<\/p>\n<ul>\n<li><strong>Precios competitivos<\/strong>: Nuestra estructura de precios al por mayor te ofrece ahorros significativos en tus compras de refrigerante.<\/li>\n<li><strong>Env\u00edos a todo el mundo<\/strong>: Enviamos botellas de refrigerante R134a de 30 lb a cualquier lugar del mundo, con socios de transporte fiables que garantizan una entrega r\u00e1pida.<\/li>\n<li><strong>Proveedor de confianza<\/strong>: Con a\u00f1os de experiencia en el sector de los refrigerantes, somos un socio de confianza para empresas de todo el mundo, que ofrece un servicio excepcional y productos de primera calidad.<\/li>\n<\/ul>\n<h3>Ponte en contacto hoy<\/h3>\n<p>\u00bfEst\u00e1s listo para hacer tu pedido al por mayor de <strong>botellas de refrigerante R134a de 30 l<\/strong>? Ponte en contacto con nosotros hoy mismo para obtener un <strong>presupuesto gratuito<\/strong> o para saber m\u00e1s sobre c\u00f3mo podemos ayudarte en tu negocio. Nuestro equipo est\u00e1 siempre disponible para responder a cualquier pregunta y ayudarte a encontrar la soluci\u00f3n de refrigerante adecuada a tus necesidades. \u00a1Optimiza hoy mismo tus sistemas de refrigeraci\u00f3n con nuestro <strong>refrigerante R134a<\/strong> de primera calidad!<\/p>\n","protected":false},"excerpt":{"rendered":"<p><img loading=\"lazy\" decoding=\"async\" class=\"wp-image-437 aligncenter\" src=\"http:\/\/refrigerant-wholesale.com\/wp-content\/uploads\/2024\/03\/Screenshot-69.png\" alt=\"Ws Refrigerantes, Venta al por mayor de refrigerantes\" width=\"208\" height=\"50\" \/><\/p>\n<h4 style=\"text-align: center;\"><img loading=\"lazy\" decoding=\"async\" class=\"alignnone wp-image-744\" src=\"http:\/\/refrigerant-wholesale.com\/wp-content\/uploads\/2024\/07\/removal.ai_8ca2a79e-d09f-4bd1-a4fe-c4c69f1a4386_Trade-Assurance-381x400.png\" alt=\"Refrigerantes WS\" width=\"24\" height=\"25\" srcset=\"https:\/\/refrigerant-wholesale.com\/wp-content\/uploads\/2024\/07\/removal.ai_8ca2a79e-d09f-4bd1-a4fe-c4c69f1a4386_Trade-Assurance-381x400.png 381w, https:\/\/refrigerant-wholesale.com\/wp-content\/uploads\/2024\/07\/removal.ai_8ca2a79e-d09f-4bd1-a4fe-c4c69f1a4386_Trade-Assurance-100x100.png 100w, https:\/\/refrigerant-wholesale.com\/wp-content\/uploads\/2024\/07\/removal.ai_8ca2a79e-d09f-4bd1-a4fe-c4c69f1a4386_Trade-Assurance-280x280.png 280w, https:\/\/refrigerant-wholesale.com\/wp-content\/uploads\/2024\/07\/removal.ai_8ca2a79e-d09f-4bd1-a4fe-c4c69f1a4386_Trade-Assurance.png 388w\" sizes=\"auto, (max-width: 24px) 100vw, 24px\" \/>GARANT\u00cdA COMERCIAL<\/h4>\n<div class=\"gmail-textwidget gmail-custom-html-widget\">\n<h6 style=\"text-align: center;\">Env\u00edo : Entrega en todo el mundo<\/h6>\n<h6 style=\"text-align: center;\">(Se aceptan solicitudes personalizadas)<\/h6>\n<p style=\"text-align: center;\">100% VIRGEN Sellado de f\u00e1brica GARANTIZADO<\/p>\n<p style=\"text-align: center;\"><a href=\"http:\/\/refrigerant-wholesale.com\/wp-content\/uploads\/2024\/07\/SDS-R134a.pdf\" target=\"_self\" class=\"button primary is-green is-small\"  >\n    <span>Descargar la ficha de seguridad<\/span>\n  <\/a>\n\n<\/div>\n","protected":false},"featured_media":1441,"comment_status":"closed","ping_status":"closed","template":"","meta":[],"product_brand":[],"product_cat":[397,270],"product_tag":[400,434,433],"class_list":{"0":"post-2201","1":"product","2":"type-product","3":"status-publish","4":"has-post-thumbnail","6":"product_cat-r134a-es","7":"product_cat-sin-categoria","8":"product_tag-coste-al-por-mayor-del-gas-refrigerante-r134a","9":"product_tag-precio-al-por-mayor-de-gas-refrigerante-r134a","10":"product_tag-proveedores-al-por-mayor-de-gas-refrigerante-r134a","12":"first","13":"instock","14":"shipping-taxable","15":"product-type-simple"},"yoast_head":"<!-- This site is optimized with the Yoast SEO Premium plugin v27.0 (Yoast SEO v27.3) - https:\/\/yoast.com\/product\/yoast-seo-premium-wordpress\/ -->\n<title>Proveedor al por mayor de refrigerante R134a | WS Refrigerants<\/title>\n<meta name=\"description\" content=\"Proveedor al por mayor de refrigerante R134a, cilindros de 30 lb de refrigerante R134a. Ofrecemos descuentos en el precio del refrigerante R134a.\" \/>\n<meta name=\"robots\" content=\"index, follow, max-snippet:-1, max-image-preview:large, max-video-preview:-1\" \/>\n<link rel=\"canonical\" href=\"https:\/\/refrigerant-wholesale.com\/es\/product\/palet-completo-hvac-r-134a-40-cilindros\/\" \/>\n<meta property=\"og:locale\" content=\"es_ES\" \/>\n<meta property=\"og:type\" content=\"article\" \/>\n<meta property=\"og:title\" content=\"Palet Completo HVAC R-134A (40 Cilindros)\" \/>\n<meta property=\"og:description\" content=\"Proveedor al por mayor de refrigerante R134a, cilindros de 30 lb de refrigerante R134a. Ofrecemos descuentos en el precio del refrigerante R134a.\" \/>\n<meta property=\"og:url\" content=\"https:\/\/refrigerant-wholesale.com\/es\/product\/palet-completo-hvac-r-134a-40-cilindros\/\" \/>\n<meta property=\"og:site_name\" content=\"Refrigerant Gas Wholesale\" \/>\n<meta property=\"article:publisher\" content=\"https:\/\/www.facebook.com\/refrigerantwholesale\" \/>\n<meta property=\"article:modified_time\" content=\"2025-03-01T23:44:51+00:00\" \/>\n<meta property=\"og:image\" content=\"http:\/\/refrigerant-wholesale.com\/wp-content\/uploads\/2024\/07\/Screenshot-89.png\" \/>\n\t<meta property=\"og:image:width\" content=\"1189\" \/>\n\t<meta property=\"og:image:height\" content=\"885\" \/>\n\t<meta property=\"og:image:type\" content=\"image\/png\" \/>\n<meta name=\"twitter:card\" content=\"summary_large_image\" \/>\n<meta name=\"twitter:label1\" content=\"Tiempo de lectura\" \/>\n\t<meta name=\"twitter:data1\" content=\"3 minutos\" \/>\n<script type=\"application\/ld+json\" class=\"yoast-schema-graph\">{\"@context\":\"https:\\\/\\\/schema.org\",\"@graph\":[{\"@type\":\"WebPage\",\"@id\":\"https:\\\/\\\/refrigerant-wholesale.com\\\/es\\\/product\\\/palet-completo-hvac-r-134a-40-cilindros\\\/\",\"url\":\"https:\\\/\\\/refrigerant-wholesale.com\\\/es\\\/product\\\/palet-completo-hvac-r-134a-40-cilindros\\\/\",\"name\":\"Proveedor al por mayor de refrigerante R134a | WS Refrigerants\",\"isPartOf\":{\"@id\":\"https:\\\/\\\/refrigerant-wholesale.com\\\/es\\\/#website\"},\"primaryImageOfPage\":{\"@id\":\"https:\\\/\\\/refrigerant-wholesale.com\\\/es\\\/product\\\/palet-completo-hvac-r-134a-40-cilindros\\\/#primaryimage\"},\"image\":{\"@id\":\"https:\\\/\\\/refrigerant-wholesale.com\\\/es\\\/product\\\/palet-completo-hvac-r-134a-40-cilindros\\\/#primaryimage\"},\"thumbnailUrl\":\"https:\\\/\\\/refrigerant-wholesale.com\\\/wp-content\\\/uploads\\\/2024\\\/07\\\/Screenshot-89.png\",\"datePublished\":\"2024-07-13T15:30:12+00:00\",\"dateModified\":\"2025-03-01T23:44:51+00:00\",\"description\":\"Proveedor al por mayor de refrigerante R134a, cilindros de 30 lb de refrigerante R134a. Ofrecemos descuentos en el precio del refrigerante R134a.\",\"breadcrumb\":{\"@id\":\"https:\\\/\\\/refrigerant-wholesale.com\\\/es\\\/product\\\/palet-completo-hvac-r-134a-40-cilindros\\\/#breadcrumb\"},\"inLanguage\":\"es\",\"potentialAction\":[{\"@type\":\"ReadAction\",\"target\":[\"https:\\\/\\\/refrigerant-wholesale.com\\\/es\\\/product\\\/palet-completo-hvac-r-134a-40-cilindros\\\/\"]}]},{\"@type\":\"ImageObject\",\"inLanguage\":\"es\",\"@id\":\"https:\\\/\\\/refrigerant-wholesale.com\\\/es\\\/product\\\/palet-completo-hvac-r-134a-40-cilindros\\\/#primaryimage\",\"url\":\"https:\\\/\\\/refrigerant-wholesale.com\\\/wp-content\\\/uploads\\\/2024\\\/07\\\/Screenshot-89.png\",\"contentUrl\":\"https:\\\/\\\/refrigerant-wholesale.com\\\/wp-content\\\/uploads\\\/2024\\\/07\\\/Screenshot-89.png\",\"width\":1189,\"height\":885,\"caption\":\"Proveedor de refrigerante R134a, Refrigerante R134a, R134a, Refrigerante R134a, fre\u00f3n R 134a, Comprar refrigerante R134a, Venta de refrigerante R134a\"},{\"@type\":\"BreadcrumbList\",\"@id\":\"https:\\\/\\\/refrigerant-wholesale.com\\\/es\\\/product\\\/palet-completo-hvac-r-134a-40-cilindros\\\/#breadcrumb\",\"itemListElement\":[{\"@type\":\"ListItem\",\"position\":1,\"name\":\"Home\",\"item\":\"https:\\\/\\\/refrigerant-wholesale.com\\\/es\\\/\"},{\"@type\":\"ListItem\",\"position\":2,\"name\":\"Tienda\",\"item\":\"https:\\\/\\\/refrigerant-wholesale.com\\\/es\\\/tienda\\\/\"},{\"@type\":\"ListItem\",\"position\":3,\"name\":\"Palet Completo HVAC R-134A (40 Cilindros)\"}]},{\"@type\":\"WebSite\",\"@id\":\"https:\\\/\\\/refrigerant-wholesale.com\\\/es\\\/#website\",\"url\":\"https:\\\/\\\/refrigerant-wholesale.com\\\/es\\\/\",\"name\":\"Refrigerant Gas Wholesale\",\"description\":\"AC Gas supplier\",\"publisher\":{\"@id\":\"https:\\\/\\\/refrigerant-wholesale.com\\\/es\\\/#organization\"},\"potentialAction\":[{\"@type\":\"SearchAction\",\"target\":{\"@type\":\"EntryPoint\",\"urlTemplate\":\"https:\\\/\\\/refrigerant-wholesale.com\\\/es\\\/?s={search_term_string}\"},\"query-input\":{\"@type\":\"PropertyValueSpecification\",\"valueRequired\":true,\"valueName\":\"search_term_string\"}}],\"inLanguage\":\"es\"},{\"@type\":\"Organization\",\"@id\":\"https:\\\/\\\/refrigerant-wholesale.com\\\/es\\\/#organization\",\"name\":\"Refrigerant Gas Wholesale\",\"url\":\"https:\\\/\\\/refrigerant-wholesale.com\\\/es\\\/\",\"logo\":{\"@type\":\"ImageObject\",\"inLanguage\":\"es\",\"@id\":\"https:\\\/\\\/refrigerant-wholesale.com\\\/es\\\/#\\\/schema\\\/logo\\\/image\\\/\",\"url\":\"http:\\\/\\\/refrigerant-wholesale.com\\\/wp-content\\\/uploads\\\/2024\\\/04\\\/refrigerant-logo.png\",\"contentUrl\":\"http:\\\/\\\/refrigerant-wholesale.com\\\/wp-content\\\/uploads\\\/2024\\\/04\\\/refrigerant-logo.png\",\"width\":400,\"height\":84,\"caption\":\"Refrigerant Gas Wholesale\"},\"image\":{\"@id\":\"https:\\\/\\\/refrigerant-wholesale.com\\\/es\\\/#\\\/schema\\\/logo\\\/image\\\/\"},\"sameAs\":[\"https:\\\/\\\/www.facebook.com\\\/refrigerantwholesale\"]}]}<\/script>\n<!-- \/ Yoast SEO Premium plugin. -->","yoast_head_json":{"title":"Proveedor al por mayor de refrigerante R134a | WS Refrigerants","description":"Proveedor al por mayor de refrigerante R134a, cilindros de 30 lb de refrigerante R134a. Ofrecemos descuentos en el precio del refrigerante R134a.","robots":{"index":"index","follow":"follow","max-snippet":"max-snippet:-1","max-image-preview":"max-image-preview:large","max-video-preview":"max-video-preview:-1"},"canonical":"https:\/\/refrigerant-wholesale.com\/es\/product\/palet-completo-hvac-r-134a-40-cilindros\/","og_locale":"es_ES","og_type":"article","og_title":"Palet Completo HVAC R-134A (40 Cilindros)","og_description":"Proveedor al por mayor de refrigerante R134a, cilindros de 30 lb de refrigerante R134a. Ofrecemos descuentos en el precio del refrigerante R134a.","og_url":"https:\/\/refrigerant-wholesale.com\/es\/product\/palet-completo-hvac-r-134a-40-cilindros\/","og_site_name":"Refrigerant Gas Wholesale","article_publisher":"https:\/\/www.facebook.com\/refrigerantwholesale","article_modified_time":"2025-03-01T23:44:51+00:00","og_image":[{"width":1189,"height":885,"url":"http:\/\/refrigerant-wholesale.com\/wp-content\/uploads\/2024\/07\/Screenshot-89.png","type":"image\/png"}],"twitter_card":"summary_large_image","twitter_misc":{"Tiempo de lectura":"3 minutos"},"schema":{"@context":"https:\/\/schema.org","@graph":[{"@type":"WebPage","@id":"https:\/\/refrigerant-wholesale.com\/es\/product\/palet-completo-hvac-r-134a-40-cilindros\/","url":"https:\/\/refrigerant-wholesale.com\/es\/product\/palet-completo-hvac-r-134a-40-cilindros\/","name":"Proveedor al por mayor de refrigerante R134a | WS Refrigerants","isPartOf":{"@id":"https:\/\/refrigerant-wholesale.com\/es\/#website"},"primaryImageOfPage":{"@id":"https:\/\/refrigerant-wholesale.com\/es\/product\/palet-completo-hvac-r-134a-40-cilindros\/#primaryimage"},"image":{"@id":"https:\/\/refrigerant-wholesale.com\/es\/product\/palet-completo-hvac-r-134a-40-cilindros\/#primaryimage"},"thumbnailUrl":"https:\/\/refrigerant-wholesale.com\/wp-content\/uploads\/2024\/07\/Screenshot-89.png","datePublished":"2024-07-13T15:30:12+00:00","dateModified":"2025-03-01T23:44:51+00:00","description":"Proveedor al por mayor de refrigerante R134a, cilindros de 30 lb de refrigerante R134a. Ofrecemos descuentos en el precio del refrigerante R134a.","breadcrumb":{"@id":"https:\/\/refrigerant-wholesale.com\/es\/product\/palet-completo-hvac-r-134a-40-cilindros\/#breadcrumb"},"inLanguage":"es","potentialAction":[{"@type":"ReadAction","target":["https:\/\/refrigerant-wholesale.com\/es\/product\/palet-completo-hvac-r-134a-40-cilindros\/"]}]},{"@type":"ImageObject","inLanguage":"es","@id":"https:\/\/refrigerant-wholesale.com\/es\/product\/palet-completo-hvac-r-134a-40-cilindros\/#primaryimage","url":"https:\/\/refrigerant-wholesale.com\/wp-content\/uploads\/2024\/07\/Screenshot-89.png","contentUrl":"https:\/\/refrigerant-wholesale.com\/wp-content\/uploads\/2024\/07\/Screenshot-89.png","width":1189,"height":885,"caption":"Proveedor de refrigerante R134a, Refrigerante R134a, R134a, Refrigerante R134a, fre\u00f3n R 134a, Comprar refrigerante R134a, Venta de refrigerante R134a"},{"@type":"BreadcrumbList","@id":"https:\/\/refrigerant-wholesale.com\/es\/product\/palet-completo-hvac-r-134a-40-cilindros\/#breadcrumb","itemListElement":[{"@type":"ListItem","position":1,"name":"Home","item":"https:\/\/refrigerant-wholesale.com\/es\/"},{"@type":"ListItem","position":2,"name":"Tienda","item":"https:\/\/refrigerant-wholesale.com\/es\/tienda\/"},{"@type":"ListItem","position":3,"name":"Palet Completo HVAC R-134A (40 Cilindros)"}]},{"@type":"WebSite","@id":"https:\/\/refrigerant-wholesale.com\/es\/#website","url":"https:\/\/refrigerant-wholesale.com\/es\/","name":"Refrigerant Gas Wholesale","description":"AC Gas supplier","publisher":{"@id":"https:\/\/refrigerant-wholesale.com\/es\/#organization"},"potentialAction":[{"@type":"SearchAction","target":{"@type":"EntryPoint","urlTemplate":"https:\/\/refrigerant-wholesale.com\/es\/?s={search_term_string}"},"query-input":{"@type":"PropertyValueSpecification","valueRequired":true,"valueName":"search_term_string"}}],"inLanguage":"es"},{"@type":"Organization","@id":"https:\/\/refrigerant-wholesale.com\/es\/#organization","name":"Refrigerant Gas Wholesale","url":"https:\/\/refrigerant-wholesale.com\/es\/","logo":{"@type":"ImageObject","inLanguage":"es","@id":"https:\/\/refrigerant-wholesale.com\/es\/#\/schema\/logo\/image\/","url":"http:\/\/refrigerant-wholesale.com\/wp-content\/uploads\/2024\/04\/refrigerant-logo.png","contentUrl":"http:\/\/refrigerant-wholesale.com\/wp-content\/uploads\/2024\/04\/refrigerant-logo.png","width":400,"height":84,"caption":"Refrigerant Gas Wholesale"},"image":{"@id":"https:\/\/refrigerant-wholesale.com\/es\/#\/schema\/logo\/image\/"},"sameAs":["https:\/\/www.facebook.com\/refrigerantwholesale"]}]}},"_links":{"self":[{"href":"https:\/\/refrigerant-wholesale.com\/es\/wp-json\/wp\/v2\/product\/2201","targetHints":{"allow":["GET"]}}],"collection":[{"href":"https:\/\/refrigerant-wholesale.com\/es\/wp-json\/wp\/v2\/product"}],"about":[{"href":"https:\/\/refrigerant-wholesale.com\/es\/wp-json\/wp\/v2\/types\/product"}],"replies":[{"embeddable":true,"href":"https:\/\/refrigerant-wholesale.com\/es\/wp-json\/wp\/v2\/comments?post=2201"}],"wp:featuredmedia":[{"embeddable":true,"href":"https:\/\/refrigerant-wholesale.com\/es\/wp-json\/wp\/v2\/media\/1441"}],"wp:attachment":[{"href":"https:\/\/refrigerant-wholesale.com\/es\/wp-json\/wp\/v2\/media?parent=2201"}],"wp:term":[{"taxonomy":"product_brand","embeddable":true,"href":"https:\/\/refrigerant-wholesale.com\/es\/wp-json\/wp\/v2\/product_brand?post=2201"},{"taxonomy":"product_cat","embeddable":true,"href":"https:\/\/refrigerant-wholesale.com\/es\/wp-json\/wp\/v2\/product_cat?post=2201"},{"taxonomy":"product_tag","embeddable":true,"href":"https:\/\/refrigerant-wholesale.com\/es\/wp-json\/wp\/v2\/product_tag?post=2201"}],"curies":[{"name":"wp","href":"https:\/\/api.w.org\/{rel}","templated":true}]}}