{"id":2197,"date":"2024-03-14T23:19:47","date_gmt":"2024-03-14T23:19:47","guid":{"rendered":"https:\/\/refrigerant-wholesale.com\/product\/refron-gas-refrigerante-r22-136kg\/"},"modified":"2025-03-01T21:26:27","modified_gmt":"2025-03-01T21:26:27","slug":"refron-gas-refrigerante-r22-136kg","status":"publish","type":"product","link":"https:\/\/refrigerant-wholesale.com\/es\/product\/refron-gas-refrigerante-r22-136kg\/","title":{"rendered":"Refron Gas Refrigerante R22 &#8211; 13,6kg"},"content":{"rendered":"<p>Refron Gas Refrigerante R22 13,6kgs &#8211; Made in India. El gas Refron R22 se utiliza como refrigerante en sistemas de aire acondicionado dom\u00e9sticos, industriales y comerciales, y tambi\u00e9n se utiliza para producir insecticida y aerosol para pulverizar pintura. <\/p>\n<p>Disponible:<\/p>\n<ul>\n<li>Cilindros desechables &#8211; (13,6Kg) (30lbs)<\/li>\n<li>Tanques Torpedo\/Ton &#8211; (500kg\/950kg)<\/li>\n<li>Cisternas ISO &#8211; (La cisterna ISO contiene 20.000 Kg)<\/li>\n<\/ul>\n<p>Al Imran es distribuidor y proveedor de gas refrigerante R22 Refron, productos HVACR, gas refrigerante, bobinas de cobre y longitudes en los EAU, la regi\u00f3n MENA y pa\u00edses africanos.<\/p>\n<p>&nbsp;<\/p>\n<p><b>Refrigerante R22 Refron com\u00fanmente utilizado como propelente y refrigerante<\/b><\/p>\n<p><b>Utilizaci\u00f3n: <\/b>Se utiliza en un compresor alternativo, como refrigerante en sistemas de aire acondicionado industriales, comerciales y dom\u00e9sticos; tambi\u00e9n se utiliza para producir insecticida y aerosol para pulverizar pintura; para producir el agente extintor 1211; como material b\u00e1sico para producir una amplia variedad de compuestos macromoleculares fluorados.<\/p>\n<p><b>Descripci\u00f3n:<\/b> Las aplicaciones del R-22 se est\u00e1n eliminando progresivamente en los pa\u00edses desarrollados debido al potencial de agotamiento de la capa de ozono (PAO) y al elevado potencial de calentamiento global (PCG) del compuesto, aunque el uso global del R-22 sigue aumentando debido a la elevada demanda en los pa\u00edses en desarrollo. El R-22 Refron es un intermediario vers\u00e1til en la qu\u00edmica industrial de organofluorados, por ejemplo como precursor del tetrafluoroetileno. Los cilindros de R-22 son de color verde claro.  <\/p>\n<table width=\"928\">\n<tbody>\n<tr>\n<td colspan=\"2\" width=\"928\"><b>PROPIEDADES F\u00cdSICAS Y QU\u00cdMICAS<\/b><\/td>\n<\/tr>\n<tr>\n<td colspan=\"2\" width=\"928\"><b>Propiedad de <\/b><b>Cloruro<\/b><\/td>\n<\/tr>\n<tr>\n<td width=\"422\"><b>Peso molecular<\/b><\/td>\n<td width=\"506\">85.47<\/td>\n<\/tr>\n<tr>\n<td width=\"422\"><b>Punto de ebullici\u00f3n, \u00b0C<\/b><\/td>\n<td width=\"506\">-40.8<\/td>\n<\/tr>\n<tr>\n<td width=\"422\"><b>Temperatura cr\u00edtica, \u00b0C<\/b><\/td>\n<td width=\"506\">96.2<\/td>\n<\/tr>\n<tr>\n<td width=\"422\"><b>Presi\u00f3n cr\u00edtica, <\/b><b>Mpa<\/b><\/td>\n<td width=\"506\">4.99<\/td>\n<\/tr>\n<tr>\n<td width=\"422\"><b>Calor espec\u00edfico del l\u00edquido, 30\u00b0C [KJ\/(kg?\u00b0C)]<\/b><\/td>\n<td width=\"506\">0.31<\/td>\n<\/tr>\n<tr>\n<td width=\"422\"><b>ODP<\/b><\/td>\n<td width=\"506\">0.034<\/td>\n<\/tr>\n<tr>\n<td width=\"422\"><b>GWP<\/b><\/td>\n<td width=\"506\">0.17<\/td>\n<\/tr>\n<tr>\n<td colspan=\"2\" width=\"928\"><b>Est\u00e1ndar<\/b><\/td>\n<\/tr>\n<tr>\n<td width=\"422\"><b>Pureza, %.<\/b><\/td>\n<td width=\"506\">\u226599.8<\/td>\n<\/tr>\n<tr>\n<td width=\"422\"><b>Humedad, PPm<\/b><\/td>\n<td width=\"506\">\u226410<\/td>\n<\/tr>\n<tr>\n<td width=\"422\"><b>Acidez, PPm<\/b><\/td>\n<td width=\"506\">\u22640.1<\/td>\n<\/tr>\n<tr>\n<td width=\"422\"><b>Residuo de vapor, PPm<\/b><\/td>\n<td width=\"506\">\u2264100<\/td>\n<\/tr>\n<tr>\n<td width=\"422\"><b>Aspecto<\/b><\/td>\n<td width=\"506\">Incoloro, No turbio<\/td>\n<\/tr>\n<tr>\n<td width=\"422\"><b>Olor<\/b><\/td>\n<td width=\"506\">Sin olor extra\u00f1o<\/td>\n<\/tr>\n<\/tbody>\n<\/table>\n<table width=\"912\">\n<tbody>\n<tr>\n<td colspan=\"2\" width=\"912\"><b>PROPIEDADES F\u00cdSICAS Y QU\u00cdMICAS<\/b><\/td>\n<\/tr>\n<tr>\n<td width=\"336\">N\u00ba de modelo<\/td>\n<td width=\"576\"><b>R22 &#8211; <\/b><b>hidroclorofluorocarbono<\/b><b> (HCFC)<\/b><\/td>\n<\/tr>\n<tr>\n<td width=\"336\">Nombre<\/td>\n<td width=\"576\"><b>Clorodifluorometano<\/b><\/td>\n<\/tr>\n<tr>\n<td width=\"336\">Saturaci\u00f3n de hidrocarburos grasos<\/td>\n<td width=\"576\"><b>Alcano<\/b><\/td>\n<\/tr>\n<tr>\n<td width=\"336\">Un<\/td>\n<td width=\"576\"><b>2.2<\/b><\/td>\n<\/tr>\n<tr>\n<td width=\"336\">N\u00ba CAS :<\/td>\n<td width=\"576\"><b>75-45-6<\/b><\/td>\n<\/tr>\n<tr>\n<td width=\"336\">HS<\/td>\n<td width=\"576\"><b>2903710000<\/b><\/td>\n<\/tr>\n<tr>\n<td width=\"336\">Marca<\/td>\n<td width=\"576\"><b>REFRON<\/b><\/td>\n<\/tr>\n<tr>\n<td width=\"336\">Paquete de transporte<\/td>\n<td width=\"576\"><b>Cilindro 13,6 kg<\/b><\/td>\n<\/tr>\n<tr>\n<td width=\"336\">Origen<\/td>\n<td width=\"576\"><b>India<\/b><\/td>\n<\/tr>\n<tr>\n<td width=\"336\">F\u00f3rmula :<\/td>\n<td width=\"576\"><b>CHClF2<\/b><\/td>\n<\/tr>\n<\/tbody>\n<\/table>\n<p>&nbsp;<\/p>\n<p>&nbsp;<\/p>\n","protected":false},"excerpt":{"rendered":"<p><img loading=\"lazy\" decoding=\"async\" class=\"alignnone wp-image-437 aligncenter\" src=\"http:\/\/refrigerant-wholesale.com\/wp-content\/uploads\/2024\/03\/Screenshot-69.png\" alt=\"\" width=\"207\" height=\"50\"><\/p>\n<h4 style=\"text-align: center;\"><img loading=\"lazy\" decoding=\"async\" class=\"gmail-crown\" src=\"https:\/\/www.cryptominerbros.com\/wp-content\/uploads\/2019\/12\/dollar-icon.png\" width=\"26\" height=\"27\">GARANT\u00cdA COMERCIAL<\/h4>\n<div class=\"gmail-textwidget gmail-custom-html-widget\">\n<h6 style=\"text-align: center;\">Env\u00edo : Entrega en todo el mundo<\/h6>\n<h6 style=\"text-align: center;\">(Se aceptan solicitudes personalizadas)<\/h6>\n<\/div>\n","protected":false},"featured_media":1360,"comment_status":"open","ping_status":"closed","template":"","meta":[],"product_brand":[],"product_cat":[430,429],"product_tag":[],"class_list":{"0":"post-2197","1":"product","2":"type-product","3":"status-publish","4":"has-post-thumbnail","6":"product_cat-r22-es","7":"product_cat-refron-es","9":"first","10":"instock","11":"shipping-taxable","12":"product-type-simple"},"yoast_head":"<!-- This site is optimized with the Yoast SEO Premium plugin v27.0 (Yoast SEO v27.3) - https:\/\/yoast.com\/product\/yoast-seo-premium-wordpress\/ -->\n<title>Refron Gas Refrigerante R22 - 13,6kg - Refrigerant Gas Wholesale<\/title>\n<meta name=\"robots\" content=\"index, follow, max-snippet:-1, max-image-preview:large, max-video-preview:-1\" \/>\n<link rel=\"canonical\" href=\"https:\/\/refrigerant-wholesale.com\/es\/product\/refron-gas-refrigerante-r22-136kg\/\" \/>\n<meta property=\"og:locale\" content=\"es_ES\" \/>\n<meta property=\"og:type\" content=\"article\" \/>\n<meta property=\"og:title\" content=\"Refron Gas Refrigerante R22 - 13,6kg\" \/>\n<meta property=\"og:description\" content=\"GARANT\u00cdA COMERCIAL Env\u00edo : Entrega en todo el mundo (Se aceptan solicitudes personalizadas)\" \/>\n<meta property=\"og:url\" content=\"https:\/\/refrigerant-wholesale.com\/es\/product\/refron-gas-refrigerante-r22-136kg\/\" \/>\n<meta property=\"og:site_name\" content=\"Refrigerant Gas Wholesale\" \/>\n<meta property=\"article:publisher\" content=\"https:\/\/www.facebook.com\/refrigerantwholesale\" \/>\n<meta property=\"article:modified_time\" content=\"2025-03-01T21:26:27+00:00\" \/>\n<meta property=\"og:image\" content=\"http:\/\/refrigerant-wholesale.com\/wp-content\/uploads\/2024\/03\/R-22-Refron-13.6kg-1.webp\" \/>\n\t<meta property=\"og:image:width\" content=\"850\" \/>\n\t<meta property=\"og:image:height\" content=\"850\" \/>\n\t<meta property=\"og:image:type\" content=\"image\/webp\" \/>\n<meta name=\"twitter:card\" content=\"summary_large_image\" \/>\n<meta name=\"twitter:label1\" content=\"Tiempo de lectura\" \/>\n\t<meta name=\"twitter:data1\" content=\"2 minutos\" \/>\n<script type=\"application\/ld+json\" class=\"yoast-schema-graph\">{\"@context\":\"https:\\\/\\\/schema.org\",\"@graph\":[{\"@type\":\"WebPage\",\"@id\":\"https:\\\/\\\/refrigerant-wholesale.com\\\/es\\\/product\\\/refron-gas-refrigerante-r22-136kg\\\/\",\"url\":\"https:\\\/\\\/refrigerant-wholesale.com\\\/es\\\/product\\\/refron-gas-refrigerante-r22-136kg\\\/\",\"name\":\"Refron Gas Refrigerante R22 - 13,6kg - Refrigerant Gas Wholesale\",\"isPartOf\":{\"@id\":\"https:\\\/\\\/refrigerant-wholesale.com\\\/es\\\/#website\"},\"primaryImageOfPage\":{\"@id\":\"https:\\\/\\\/refrigerant-wholesale.com\\\/es\\\/product\\\/refron-gas-refrigerante-r22-136kg\\\/#primaryimage\"},\"image\":{\"@id\":\"https:\\\/\\\/refrigerant-wholesale.com\\\/es\\\/product\\\/refron-gas-refrigerante-r22-136kg\\\/#primaryimage\"},\"thumbnailUrl\":\"https:\\\/\\\/refrigerant-wholesale.com\\\/wp-content\\\/uploads\\\/2024\\\/03\\\/R-22-Refron-13.6kg-1.webp\",\"datePublished\":\"2024-03-14T23:19:47+00:00\",\"dateModified\":\"2025-03-01T21:26:27+00:00\",\"breadcrumb\":{\"@id\":\"https:\\\/\\\/refrigerant-wholesale.com\\\/es\\\/product\\\/refron-gas-refrigerante-r22-136kg\\\/#breadcrumb\"},\"inLanguage\":\"es\",\"potentialAction\":[{\"@type\":\"ReadAction\",\"target\":[\"https:\\\/\\\/refrigerant-wholesale.com\\\/es\\\/product\\\/refron-gas-refrigerante-r22-136kg\\\/\"]}]},{\"@type\":\"ImageObject\",\"inLanguage\":\"es\",\"@id\":\"https:\\\/\\\/refrigerant-wholesale.com\\\/es\\\/product\\\/refron-gas-refrigerante-r22-136kg\\\/#primaryimage\",\"url\":\"https:\\\/\\\/refrigerant-wholesale.com\\\/wp-content\\\/uploads\\\/2024\\\/03\\\/R-22-Refron-13.6kg-1.webp\",\"contentUrl\":\"https:\\\/\\\/refrigerant-wholesale.com\\\/wp-content\\\/uploads\\\/2024\\\/03\\\/R-22-Refron-13.6kg-1.webp\",\"width\":850,\"height\":850},{\"@type\":\"BreadcrumbList\",\"@id\":\"https:\\\/\\\/refrigerant-wholesale.com\\\/es\\\/product\\\/refron-gas-refrigerante-r22-136kg\\\/#breadcrumb\",\"itemListElement\":[{\"@type\":\"ListItem\",\"position\":1,\"name\":\"Home\",\"item\":\"https:\\\/\\\/refrigerant-wholesale.com\\\/es\\\/\"},{\"@type\":\"ListItem\",\"position\":2,\"name\":\"Tienda\",\"item\":\"https:\\\/\\\/refrigerant-wholesale.com\\\/es\\\/tienda\\\/\"},{\"@type\":\"ListItem\",\"position\":3,\"name\":\"Refron Gas Refrigerante R22 &#8211; 13,6kg\"}]},{\"@type\":\"WebSite\",\"@id\":\"https:\\\/\\\/refrigerant-wholesale.com\\\/es\\\/#website\",\"url\":\"https:\\\/\\\/refrigerant-wholesale.com\\\/es\\\/\",\"name\":\"Refrigerant Gas Wholesale\",\"description\":\"AC Gas supplier\",\"publisher\":{\"@id\":\"https:\\\/\\\/refrigerant-wholesale.com\\\/es\\\/#organization\"},\"potentialAction\":[{\"@type\":\"SearchAction\",\"target\":{\"@type\":\"EntryPoint\",\"urlTemplate\":\"https:\\\/\\\/refrigerant-wholesale.com\\\/es\\\/?s={search_term_string}\"},\"query-input\":{\"@type\":\"PropertyValueSpecification\",\"valueRequired\":true,\"valueName\":\"search_term_string\"}}],\"inLanguage\":\"es\"},{\"@type\":\"Organization\",\"@id\":\"https:\\\/\\\/refrigerant-wholesale.com\\\/es\\\/#organization\",\"name\":\"Refrigerant Gas Wholesale\",\"url\":\"https:\\\/\\\/refrigerant-wholesale.com\\\/es\\\/\",\"logo\":{\"@type\":\"ImageObject\",\"inLanguage\":\"es\",\"@id\":\"https:\\\/\\\/refrigerant-wholesale.com\\\/es\\\/#\\\/schema\\\/logo\\\/image\\\/\",\"url\":\"http:\\\/\\\/refrigerant-wholesale.com\\\/wp-content\\\/uploads\\\/2024\\\/04\\\/refrigerant-logo.png\",\"contentUrl\":\"http:\\\/\\\/refrigerant-wholesale.com\\\/wp-content\\\/uploads\\\/2024\\\/04\\\/refrigerant-logo.png\",\"width\":400,\"height\":84,\"caption\":\"Refrigerant Gas Wholesale\"},\"image\":{\"@id\":\"https:\\\/\\\/refrigerant-wholesale.com\\\/es\\\/#\\\/schema\\\/logo\\\/image\\\/\"},\"sameAs\":[\"https:\\\/\\\/www.facebook.com\\\/refrigerantwholesale\"]}]}<\/script>\n<!-- \/ Yoast SEO Premium plugin. -->","yoast_head_json":{"title":"Refron Gas Refrigerante R22 - 13,6kg - Refrigerant Gas Wholesale","robots":{"index":"index","follow":"follow","max-snippet":"max-snippet:-1","max-image-preview":"max-image-preview:large","max-video-preview":"max-video-preview:-1"},"canonical":"https:\/\/refrigerant-wholesale.com\/es\/product\/refron-gas-refrigerante-r22-136kg\/","og_locale":"es_ES","og_type":"article","og_title":"Refron Gas Refrigerante R22 - 13,6kg","og_description":"GARANT\u00cdA COMERCIAL Env\u00edo : Entrega en todo el mundo (Se aceptan solicitudes personalizadas)","og_url":"https:\/\/refrigerant-wholesale.com\/es\/product\/refron-gas-refrigerante-r22-136kg\/","og_site_name":"Refrigerant Gas Wholesale","article_publisher":"https:\/\/www.facebook.com\/refrigerantwholesale","article_modified_time":"2025-03-01T21:26:27+00:00","og_image":[{"width":850,"height":850,"url":"http:\/\/refrigerant-wholesale.com\/wp-content\/uploads\/2024\/03\/R-22-Refron-13.6kg-1.webp","type":"image\/webp"}],"twitter_card":"summary_large_image","twitter_misc":{"Tiempo de lectura":"2 minutos"},"schema":{"@context":"https:\/\/schema.org","@graph":[{"@type":"WebPage","@id":"https:\/\/refrigerant-wholesale.com\/es\/product\/refron-gas-refrigerante-r22-136kg\/","url":"https:\/\/refrigerant-wholesale.com\/es\/product\/refron-gas-refrigerante-r22-136kg\/","name":"Refron Gas Refrigerante R22 - 13,6kg - Refrigerant Gas Wholesale","isPartOf":{"@id":"https:\/\/refrigerant-wholesale.com\/es\/#website"},"primaryImageOfPage":{"@id":"https:\/\/refrigerant-wholesale.com\/es\/product\/refron-gas-refrigerante-r22-136kg\/#primaryimage"},"image":{"@id":"https:\/\/refrigerant-wholesale.com\/es\/product\/refron-gas-refrigerante-r22-136kg\/#primaryimage"},"thumbnailUrl":"https:\/\/refrigerant-wholesale.com\/wp-content\/uploads\/2024\/03\/R-22-Refron-13.6kg-1.webp","datePublished":"2024-03-14T23:19:47+00:00","dateModified":"2025-03-01T21:26:27+00:00","breadcrumb":{"@id":"https:\/\/refrigerant-wholesale.com\/es\/product\/refron-gas-refrigerante-r22-136kg\/#breadcrumb"},"inLanguage":"es","potentialAction":[{"@type":"ReadAction","target":["https:\/\/refrigerant-wholesale.com\/es\/product\/refron-gas-refrigerante-r22-136kg\/"]}]},{"@type":"ImageObject","inLanguage":"es","@id":"https:\/\/refrigerant-wholesale.com\/es\/product\/refron-gas-refrigerante-r22-136kg\/#primaryimage","url":"https:\/\/refrigerant-wholesale.com\/wp-content\/uploads\/2024\/03\/R-22-Refron-13.6kg-1.webp","contentUrl":"https:\/\/refrigerant-wholesale.com\/wp-content\/uploads\/2024\/03\/R-22-Refron-13.6kg-1.webp","width":850,"height":850},{"@type":"BreadcrumbList","@id":"https:\/\/refrigerant-wholesale.com\/es\/product\/refron-gas-refrigerante-r22-136kg\/#breadcrumb","itemListElement":[{"@type":"ListItem","position":1,"name":"Home","item":"https:\/\/refrigerant-wholesale.com\/es\/"},{"@type":"ListItem","position":2,"name":"Tienda","item":"https:\/\/refrigerant-wholesale.com\/es\/tienda\/"},{"@type":"ListItem","position":3,"name":"Refron Gas Refrigerante R22 &#8211; 13,6kg"}]},{"@type":"WebSite","@id":"https:\/\/refrigerant-wholesale.com\/es\/#website","url":"https:\/\/refrigerant-wholesale.com\/es\/","name":"Refrigerant Gas Wholesale","description":"AC Gas supplier","publisher":{"@id":"https:\/\/refrigerant-wholesale.com\/es\/#organization"},"potentialAction":[{"@type":"SearchAction","target":{"@type":"EntryPoint","urlTemplate":"https:\/\/refrigerant-wholesale.com\/es\/?s={search_term_string}"},"query-input":{"@type":"PropertyValueSpecification","valueRequired":true,"valueName":"search_term_string"}}],"inLanguage":"es"},{"@type":"Organization","@id":"https:\/\/refrigerant-wholesale.com\/es\/#organization","name":"Refrigerant Gas Wholesale","url":"https:\/\/refrigerant-wholesale.com\/es\/","logo":{"@type":"ImageObject","inLanguage":"es","@id":"https:\/\/refrigerant-wholesale.com\/es\/#\/schema\/logo\/image\/","url":"http:\/\/refrigerant-wholesale.com\/wp-content\/uploads\/2024\/04\/refrigerant-logo.png","contentUrl":"http:\/\/refrigerant-wholesale.com\/wp-content\/uploads\/2024\/04\/refrigerant-logo.png","width":400,"height":84,"caption":"Refrigerant Gas Wholesale"},"image":{"@id":"https:\/\/refrigerant-wholesale.com\/es\/#\/schema\/logo\/image\/"},"sameAs":["https:\/\/www.facebook.com\/refrigerantwholesale"]}]}},"_links":{"self":[{"href":"https:\/\/refrigerant-wholesale.com\/es\/wp-json\/wp\/v2\/product\/2197","targetHints":{"allow":["GET"]}}],"collection":[{"href":"https:\/\/refrigerant-wholesale.com\/es\/wp-json\/wp\/v2\/product"}],"about":[{"href":"https:\/\/refrigerant-wholesale.com\/es\/wp-json\/wp\/v2\/types\/product"}],"replies":[{"embeddable":true,"href":"https:\/\/refrigerant-wholesale.com\/es\/wp-json\/wp\/v2\/comments?post=2197"}],"wp:featuredmedia":[{"embeddable":true,"href":"https:\/\/refrigerant-wholesale.com\/es\/wp-json\/wp\/v2\/media\/1360"}],"wp:attachment":[{"href":"https:\/\/refrigerant-wholesale.com\/es\/wp-json\/wp\/v2\/media?parent=2197"}],"wp:term":[{"taxonomy":"product_brand","embeddable":true,"href":"https:\/\/refrigerant-wholesale.com\/es\/wp-json\/wp\/v2\/product_brand?post=2197"},{"taxonomy":"product_cat","embeddable":true,"href":"https:\/\/refrigerant-wholesale.com\/es\/wp-json\/wp\/v2\/product_cat?post=2197"},{"taxonomy":"product_tag","embeddable":true,"href":"https:\/\/refrigerant-wholesale.com\/es\/wp-json\/wp\/v2\/product_tag?post=2197"}],"curies":[{"name":"wp","href":"https:\/\/api.w.org\/{rel}","templated":true}]}}