{"id":2191,"date":"2024-03-14T22:38:37","date_gmt":"2024-03-14T22:38:37","guid":{"rendered":"https:\/\/refrigerant-wholesale.com\/product\/r134a-gas-refrigerante-maxron\/"},"modified":"2025-03-01T21:26:23","modified_gmt":"2025-03-01T21:26:23","slug":"r134a-gas-refrigerante-maxron","status":"publish","type":"product","link":"https:\/\/refrigerant-wholesale.com\/es\/product\/r134a-gas-refrigerante-maxron\/","title":{"rendered":"R134a &#8211; Gas refrigerante MAXRON"},"content":{"rendered":"<div class=\"main-page-wrapper\">\n<div class=\"container-fluid\">\n<div class=\"row content-layout-wrapper align-items-start\">\n<div class=\"site-content shop-content-area col-12 breadcrumbs-location-summary content-with-products\" role=\"main\">\n<div id=\"product-3495\" class=\"single-product-page single-product-content product-design-default tabs-location-standard tabs-type-tabs meta-location-add_to_cart reviews-location-tabs product-no-bg product type-product post-3495 status-publish first instock product_cat-maxron product_cat-r134a product_tag-maxron product_tag-r-134a product_tag-refrigerant-gas has-post-thumbnail shipping-taxable product-type-simple\">\n<div class=\"product-tabs-wrapper\">\n<div class=\"container\">\n<div class=\"row\">\n<div class=\"col-12 poduct-tabs-inner\">\n<div class=\"woocommerce-tabs wc-tabs-wrapper tabs-layout-tabs\">\n<div class=\"alimranuae-tab-wrapper\">\n<div id=\"tab-description\" class=\"woocommerce-Tabs-panel woocommerce-Tabs-panel--description panel entry-content wc-tab\">\n<div class=\"wc-tab-inner \">\n<div class=\"\">\n<p>Maxron\u00ae R134A (TETRAFLUOROETANO) es un gas refrigerante de larga duraci\u00f3n, respetuoso con el medio ambiente, que no agota la capa de ozono, eficiente energ\u00e9ticamente, no t\u00f3xico y no inflamable, ampliamente utilizado en aire acondicionado de autom\u00f3viles, aire acondicionado residencial, comercial e industrial, as\u00ed como en refrigeraci\u00f3n a media temperatura, refrigeraci\u00f3n comercial, procesamiento de alimentos, refrigeraci\u00f3n de almacenamiento, refrigeraci\u00f3n industrial, refrigeraci\u00f3n de transporte y bombas de calor de alta temperatura. Maxron\u00ae R134a se ha desarrollado principalmente para sustituir a los CFC y HCFC, ya que tiene un ODP (potencial de agotamiento de la capa de ozono) cero y un GWP relativamente menor. <strong> <\/strong><\/p>\n<p><strong>LUBRICACI\u00d3N<\/strong><\/p>\n<p>Maxron\u00ae R134A puede utilizarse con Poliol\u00e9ster (POE) o Polialquilenglicol (PAG &#8211; S\u00f3lo para Aire Acondicionado de Autom\u00f3viles) y NO con Aceite Mineral o Lubricante de Alquilbenceno, ya que no es miscible con los Refrigerantes Maxron\u00ae R134a. El Aceite POE o PAG absorbe humedad r\u00e1pidamente cuando se expone a la atm\u00f3sfera. Maneja este tema con mucho cuidado y evita la exposici\u00f3n prolongada al aire.  <\/p>\n<table class=\" alignleft\">\n<tbody>\n<tr>\n<td colspan=\"2\" width=\"616\"><strong>PROPIEDADES F\u00cdSICAS Y QU\u00cdMICAS<\/strong><\/td>\n<\/tr>\n<tr>\n<td width=\"144\">Aspecto<\/td>\n<td width=\"473\">Gas licuado, incoloro<\/td>\n<\/tr>\n<tr>\n<td width=\"144\">Olor<\/td>\n<td width=\"473\">A \u00e9ter (ligero)<\/td>\n<\/tr>\n<tr>\n<td width=\"144\">Estado f\u00edsico<\/td>\n<td width=\"473\">Gas a temperatura y presi\u00f3n normales<\/td>\n<\/tr>\n<tr>\n<td width=\"144\">Punto de fusi\u00f3n<\/td>\n<td width=\"473\">&#8211; 101.0 \u00b0C<\/td>\n<\/tr>\n<tr>\n<td width=\"144\">Punto de ebullici\u00f3n<\/td>\n<td width=\"473\">&#8211; 26.2 \u00b0C<\/td>\n<\/tr>\n<tr>\n<td width=\"144\">Presi\u00f3n de vapor<\/td>\n<td width=\"473\">4270 mm Hg a 20\u00b0C<\/td>\n<\/tr>\n<tr>\n<td width=\"144\">Solubilidad en agua<\/td>\n<td width=\"473\">Ligeramente soluble<\/td>\n<\/tr>\n<tr>\n<td width=\"144\">Solubilidad en otros<\/td>\n<td width=\"473\">Soluble en disolventes clorados, \u00e9steres, polietilenglicol y alcoholes<\/td>\n<\/tr>\n<tr>\n<td width=\"144\">Peso espec\u00edfico<\/td>\n<td width=\"473\">1,22 a 20\u00b0C<\/td>\n<\/tr>\n<tr>\n<td width=\"144\">Densidad del vapor<\/td>\n<td width=\"473\">3,66 en el punto de ebullici\u00f3n normal<\/td>\n<\/tr>\n<\/tbody>\n<\/table>\n<p>&nbsp;<\/p>\n<\/div>\n<\/div>\n<\/div>\n<\/div>\n<\/div>\n<\/div>\n<\/div>\n<\/div>\n<\/div>\n<div class=\"container related-and-upsells\">\n<div class=\"related-products\">\n<div id=\"carousel-847\" class=\"alimranuae-carousel-container slider-type-product alimranuae-carousel-spacing-30 products-bordered-grid disable-owl-mobile\" data-owl-carousel=\"\" data-desktop=\"4\" data-tablet_landscape=\"4\" data-tablet=\"3\" data-mobile=\"2\">\n<div class=\"owl-carousel owl-items-lg-4 owl-items-md-4 owl-items-sm-3 owl-items-xs-2 owl-loaded owl-drag\">\n<div class=\"owl-stage-outer\">\n<div class=\"owl-stage\">\n<div class=\"owl-item active\">\n<div class=\"slide-product owl-carousel-item\">\n<div class=\"product-grid-item product product-no-swatches alimranuae-hover-base product-in-carousel type-product post-4875 status-publish last instock product_cat-r410a product_cat-westron-hvac-brands product_cat-westron-refrigerant product_tag-r410a product_tag-refrigerant-gas product_tag-westron has-post-thumbnail shipping-taxable product-type-simple\" data-loop=\"1\" data-id=\"4875\">\n<div class=\"product-wrapper\">\n<div class=\"product-element-top\"><\/div>\n<div class=\"product-information\">\n<h3 class=\"product-title\"><\/h3>\n<div class=\"product-rating-price\">\n<div class=\"wrapp-product-price\"><\/div>\n<\/div>\n<div class=\"fade-in-block\">\n<div class=\" alimranuae-buttons wd-pos-r-t\"><\/div>\n<\/div>\n<\/div>\n<\/div>\n<\/div>\n<\/div>\n<\/div>\n<div class=\"owl-item\">\n<div class=\"slide-product owl-carousel-item\">\n<div class=\"product-grid-item product product-no-swatches alimranuae-hover-base product-in-carousel type-product post-3497 status-publish first instock product_cat-maxron product_cat-r404a product_cat-refrigerant-gases has-post-thumbnail shipping-taxable product-type-simple add-small-content\" data-loop=\"8\" data-id=\"3497\">\n<div class=\"product-wrapper\">\n<div class=\"product-element-top\"><\/div>\n<\/div>\n<\/div>\n<\/div>\n<\/div>\n<\/div>\n<\/div>\n<\/div>\n<\/div>\n<\/div>\n<\/div>\n<\/div>\n<\/div>\n<\/div>\n<\/div>\n<\/div>\n<footer class=\"footer-container color-scheme-light\">\n<div class=\"container main-footer\">\n<aside class=\"footer-sidebar widget-area row\" role=\"complementary\">\n<div class=\"footer-column footer-column-2 col-12 col-sm-4\">\n<div id=\"text-16\" class=\"alimranuae-widget widget footer-widget widget_text\">\n<div class=\"textwidget\">\n<div id=\"wpcf7-f6-o1\" class=\"wpcf7 js\" dir=\"ltr\" lang=\"en-US\">\n<form class=\"wpcf7-form init\" action=\"https:\/\/www.alimranuae.com\/product\/r134a-refrigerant-maxron-china\/#wpcf7-f6-o1\" method=\"post\" novalidate=\"novalidate\" aria-label=\"Contact form\" data-status=\"init\">&nbsp;<\/p>\n<\/form>\n<\/div>\n<\/div>\n<\/div>\n<\/div>\n<\/aside>\n<\/div>\n<\/footer>\n","protected":false},"excerpt":{"rendered":"<p><img loading=\"lazy\" decoding=\"async\" class=\"alignnone wp-image-437 aligncenter\" src=\"http:\/\/refrigerant-wholesale.com\/wp-content\/uploads\/2024\/03\/Screenshot-69.png\" alt=\"\" width=\"207\" height=\"50\"><\/p>\n<h4 style=\"text-align: center;\"><img loading=\"lazy\" decoding=\"async\" class=\"gmail-crown\" src=\"https:\/\/www.cryptominerbros.com\/wp-content\/uploads\/2019\/12\/dollar-icon.png\" width=\"26\" height=\"27\">GARANT\u00cdA COMERCIAL<\/h4>\n<div class=\"gmail-textwidget gmail-custom-html-widget\">\n<h6 style=\"text-align: center;\">Env\u00edo : Entrega en todo el mundo<\/h6>\n<h6 style=\"text-align: center;\">(Se aceptan solicitudes personalizadas)<\/h6>\n<p style=\"text-align: center;\">100% VIRGEN Sellado de f\u00e1brica GARANTIZADO<\/p>\n<p style=\"text-align: center;\"><a href=\"http:\/\/refrigerant-wholesale.com\/wp-content\/uploads\/2024\/07\/SDS-R134a.pdf\" target=\"_self\" class=\"button primary is-green is-small\"  >\n    <span>Descargar la ficha de seguridad<\/span>\n  <\/a>\n\n<\/div>\n","protected":false},"featured_media":1351,"comment_status":"open","ping_status":"closed","template":"","meta":[],"product_brand":[],"product_cat":[420,397],"product_tag":[],"class_list":{"0":"post-2191","1":"product","2":"type-product","3":"status-publish","4":"has-post-thumbnail","6":"product_cat-maxron-es","7":"product_cat-r134a-es","9":"first","10":"instock","11":"shipping-taxable","12":"product-type-simple"},"yoast_head":"<!-- This site is optimized with the Yoast SEO Premium plugin v27.0 (Yoast SEO v27.3) - https:\/\/yoast.com\/product\/yoast-seo-premium-wordpress\/ -->\n<title>R134a - Gas refrigerante MAXRON - Refrigerant Gas Wholesale<\/title>\n<meta name=\"robots\" content=\"index, follow, max-snippet:-1, max-image-preview:large, max-video-preview:-1\" \/>\n<link rel=\"canonical\" href=\"https:\/\/refrigerant-wholesale.com\/es\/product\/r134a-gas-refrigerante-maxron\/\" \/>\n<meta property=\"og:locale\" content=\"es_ES\" \/>\n<meta property=\"og:type\" content=\"article\" \/>\n<meta property=\"og:title\" content=\"R134a - Gas refrigerante MAXRON\" \/>\n<meta property=\"og:description\" content=\"GARANT\u00cdA COMERCIAL Env\u00edo : Entrega en todo el mundo (Se aceptan solicitudes personalizadas) 100% VIRGEN Sellado de f\u00e1brica GARANTIZADO\" \/>\n<meta property=\"og:url\" content=\"https:\/\/refrigerant-wholesale.com\/es\/product\/r134a-gas-refrigerante-maxron\/\" \/>\n<meta property=\"og:site_name\" content=\"Refrigerant Gas Wholesale\" \/>\n<meta property=\"article:publisher\" content=\"https:\/\/www.facebook.com\/refrigerantwholesale\" \/>\n<meta property=\"article:modified_time\" content=\"2025-03-01T21:26:23+00:00\" \/>\n<meta property=\"og:image\" content=\"http:\/\/refrigerant-wholesale.com\/wp-content\/uploads\/2024\/03\/R134a-\u2013-MAXRON-Refrigerant-Gas.webp\" \/>\n\t<meta property=\"og:image:width\" content=\"850\" \/>\n\t<meta property=\"og:image:height\" content=\"850\" \/>\n\t<meta property=\"og:image:type\" content=\"image\/webp\" \/>\n<meta name=\"twitter:card\" content=\"summary_large_image\" \/>\n<meta name=\"twitter:label1\" content=\"Tiempo de lectura\" \/>\n\t<meta name=\"twitter:data1\" content=\"1 minuto\" \/>\n<script type=\"application\/ld+json\" class=\"yoast-schema-graph\">{\"@context\":\"https:\\\/\\\/schema.org\",\"@graph\":[{\"@type\":\"WebPage\",\"@id\":\"https:\\\/\\\/refrigerant-wholesale.com\\\/es\\\/product\\\/r134a-gas-refrigerante-maxron\\\/\",\"url\":\"https:\\\/\\\/refrigerant-wholesale.com\\\/es\\\/product\\\/r134a-gas-refrigerante-maxron\\\/\",\"name\":\"R134a - Gas refrigerante MAXRON - Refrigerant Gas Wholesale\",\"isPartOf\":{\"@id\":\"https:\\\/\\\/refrigerant-wholesale.com\\\/es\\\/#website\"},\"primaryImageOfPage\":{\"@id\":\"https:\\\/\\\/refrigerant-wholesale.com\\\/es\\\/product\\\/r134a-gas-refrigerante-maxron\\\/#primaryimage\"},\"image\":{\"@id\":\"https:\\\/\\\/refrigerant-wholesale.com\\\/es\\\/product\\\/r134a-gas-refrigerante-maxron\\\/#primaryimage\"},\"thumbnailUrl\":\"https:\\\/\\\/refrigerant-wholesale.com\\\/wp-content\\\/uploads\\\/2024\\\/03\\\/R134a-\u2013-MAXRON-Refrigerant-Gas.webp\",\"datePublished\":\"2024-03-14T22:38:37+00:00\",\"dateModified\":\"2025-03-01T21:26:23+00:00\",\"breadcrumb\":{\"@id\":\"https:\\\/\\\/refrigerant-wholesale.com\\\/es\\\/product\\\/r134a-gas-refrigerante-maxron\\\/#breadcrumb\"},\"inLanguage\":\"es\",\"potentialAction\":[{\"@type\":\"ReadAction\",\"target\":[\"https:\\\/\\\/refrigerant-wholesale.com\\\/es\\\/product\\\/r134a-gas-refrigerante-maxron\\\/\"]}]},{\"@type\":\"ImageObject\",\"inLanguage\":\"es\",\"@id\":\"https:\\\/\\\/refrigerant-wholesale.com\\\/es\\\/product\\\/r134a-gas-refrigerante-maxron\\\/#primaryimage\",\"url\":\"https:\\\/\\\/refrigerant-wholesale.com\\\/wp-content\\\/uploads\\\/2024\\\/03\\\/R134a-\u2013-MAXRON-Refrigerant-Gas.webp\",\"contentUrl\":\"https:\\\/\\\/refrigerant-wholesale.com\\\/wp-content\\\/uploads\\\/2024\\\/03\\\/R134a-\u2013-MAXRON-Refrigerant-Gas.webp\",\"width\":850,\"height\":850,\"caption\":\"Proveedor de refrigerante R134a, Refrigerante R134a, R134a, Refrigerante R134a, fre\u00f3n R 134a, Comprar refrigerante R134a, Venta de refrigerante R134a\"},{\"@type\":\"BreadcrumbList\",\"@id\":\"https:\\\/\\\/refrigerant-wholesale.com\\\/es\\\/product\\\/r134a-gas-refrigerante-maxron\\\/#breadcrumb\",\"itemListElement\":[{\"@type\":\"ListItem\",\"position\":1,\"name\":\"Home\",\"item\":\"https:\\\/\\\/refrigerant-wholesale.com\\\/es\\\/\"},{\"@type\":\"ListItem\",\"position\":2,\"name\":\"Tienda\",\"item\":\"https:\\\/\\\/refrigerant-wholesale.com\\\/es\\\/tienda\\\/\"},{\"@type\":\"ListItem\",\"position\":3,\"name\":\"R134a &#8211; Gas refrigerante MAXRON\"}]},{\"@type\":\"WebSite\",\"@id\":\"https:\\\/\\\/refrigerant-wholesale.com\\\/es\\\/#website\",\"url\":\"https:\\\/\\\/refrigerant-wholesale.com\\\/es\\\/\",\"name\":\"Refrigerant Gas Wholesale\",\"description\":\"AC Gas supplier\",\"publisher\":{\"@id\":\"https:\\\/\\\/refrigerant-wholesale.com\\\/es\\\/#organization\"},\"potentialAction\":[{\"@type\":\"SearchAction\",\"target\":{\"@type\":\"EntryPoint\",\"urlTemplate\":\"https:\\\/\\\/refrigerant-wholesale.com\\\/es\\\/?s={search_term_string}\"},\"query-input\":{\"@type\":\"PropertyValueSpecification\",\"valueRequired\":true,\"valueName\":\"search_term_string\"}}],\"inLanguage\":\"es\"},{\"@type\":\"Organization\",\"@id\":\"https:\\\/\\\/refrigerant-wholesale.com\\\/es\\\/#organization\",\"name\":\"Refrigerant Gas Wholesale\",\"url\":\"https:\\\/\\\/refrigerant-wholesale.com\\\/es\\\/\",\"logo\":{\"@type\":\"ImageObject\",\"inLanguage\":\"es\",\"@id\":\"https:\\\/\\\/refrigerant-wholesale.com\\\/es\\\/#\\\/schema\\\/logo\\\/image\\\/\",\"url\":\"http:\\\/\\\/refrigerant-wholesale.com\\\/wp-content\\\/uploads\\\/2024\\\/04\\\/refrigerant-logo.png\",\"contentUrl\":\"http:\\\/\\\/refrigerant-wholesale.com\\\/wp-content\\\/uploads\\\/2024\\\/04\\\/refrigerant-logo.png\",\"width\":400,\"height\":84,\"caption\":\"Refrigerant Gas Wholesale\"},\"image\":{\"@id\":\"https:\\\/\\\/refrigerant-wholesale.com\\\/es\\\/#\\\/schema\\\/logo\\\/image\\\/\"},\"sameAs\":[\"https:\\\/\\\/www.facebook.com\\\/refrigerantwholesale\"]}]}<\/script>\n<!-- \/ Yoast SEO Premium plugin. -->","yoast_head_json":{"title":"R134a - Gas refrigerante MAXRON - Refrigerant Gas Wholesale","robots":{"index":"index","follow":"follow","max-snippet":"max-snippet:-1","max-image-preview":"max-image-preview:large","max-video-preview":"max-video-preview:-1"},"canonical":"https:\/\/refrigerant-wholesale.com\/es\/product\/r134a-gas-refrigerante-maxron\/","og_locale":"es_ES","og_type":"article","og_title":"R134a - Gas refrigerante MAXRON","og_description":"GARANT\u00cdA COMERCIAL Env\u00edo : Entrega en todo el mundo (Se aceptan solicitudes personalizadas) 100% VIRGEN Sellado de f\u00e1brica GARANTIZADO","og_url":"https:\/\/refrigerant-wholesale.com\/es\/product\/r134a-gas-refrigerante-maxron\/","og_site_name":"Refrigerant Gas Wholesale","article_publisher":"https:\/\/www.facebook.com\/refrigerantwholesale","article_modified_time":"2025-03-01T21:26:23+00:00","og_image":[{"width":850,"height":850,"url":"http:\/\/refrigerant-wholesale.com\/wp-content\/uploads\/2024\/03\/R134a-\u2013-MAXRON-Refrigerant-Gas.webp","type":"image\/webp"}],"twitter_card":"summary_large_image","twitter_misc":{"Tiempo de lectura":"1 minuto"},"schema":{"@context":"https:\/\/schema.org","@graph":[{"@type":"WebPage","@id":"https:\/\/refrigerant-wholesale.com\/es\/product\/r134a-gas-refrigerante-maxron\/","url":"https:\/\/refrigerant-wholesale.com\/es\/product\/r134a-gas-refrigerante-maxron\/","name":"R134a - Gas refrigerante MAXRON - Refrigerant Gas Wholesale","isPartOf":{"@id":"https:\/\/refrigerant-wholesale.com\/es\/#website"},"primaryImageOfPage":{"@id":"https:\/\/refrigerant-wholesale.com\/es\/product\/r134a-gas-refrigerante-maxron\/#primaryimage"},"image":{"@id":"https:\/\/refrigerant-wholesale.com\/es\/product\/r134a-gas-refrigerante-maxron\/#primaryimage"},"thumbnailUrl":"https:\/\/refrigerant-wholesale.com\/wp-content\/uploads\/2024\/03\/R134a-\u2013-MAXRON-Refrigerant-Gas.webp","datePublished":"2024-03-14T22:38:37+00:00","dateModified":"2025-03-01T21:26:23+00:00","breadcrumb":{"@id":"https:\/\/refrigerant-wholesale.com\/es\/product\/r134a-gas-refrigerante-maxron\/#breadcrumb"},"inLanguage":"es","potentialAction":[{"@type":"ReadAction","target":["https:\/\/refrigerant-wholesale.com\/es\/product\/r134a-gas-refrigerante-maxron\/"]}]},{"@type":"ImageObject","inLanguage":"es","@id":"https:\/\/refrigerant-wholesale.com\/es\/product\/r134a-gas-refrigerante-maxron\/#primaryimage","url":"https:\/\/refrigerant-wholesale.com\/wp-content\/uploads\/2024\/03\/R134a-\u2013-MAXRON-Refrigerant-Gas.webp","contentUrl":"https:\/\/refrigerant-wholesale.com\/wp-content\/uploads\/2024\/03\/R134a-\u2013-MAXRON-Refrigerant-Gas.webp","width":850,"height":850,"caption":"Proveedor de refrigerante R134a, Refrigerante R134a, R134a, Refrigerante R134a, fre\u00f3n R 134a, Comprar refrigerante R134a, Venta de refrigerante R134a"},{"@type":"BreadcrumbList","@id":"https:\/\/refrigerant-wholesale.com\/es\/product\/r134a-gas-refrigerante-maxron\/#breadcrumb","itemListElement":[{"@type":"ListItem","position":1,"name":"Home","item":"https:\/\/refrigerant-wholesale.com\/es\/"},{"@type":"ListItem","position":2,"name":"Tienda","item":"https:\/\/refrigerant-wholesale.com\/es\/tienda\/"},{"@type":"ListItem","position":3,"name":"R134a &#8211; Gas refrigerante MAXRON"}]},{"@type":"WebSite","@id":"https:\/\/refrigerant-wholesale.com\/es\/#website","url":"https:\/\/refrigerant-wholesale.com\/es\/","name":"Refrigerant Gas Wholesale","description":"AC Gas supplier","publisher":{"@id":"https:\/\/refrigerant-wholesale.com\/es\/#organization"},"potentialAction":[{"@type":"SearchAction","target":{"@type":"EntryPoint","urlTemplate":"https:\/\/refrigerant-wholesale.com\/es\/?s={search_term_string}"},"query-input":{"@type":"PropertyValueSpecification","valueRequired":true,"valueName":"search_term_string"}}],"inLanguage":"es"},{"@type":"Organization","@id":"https:\/\/refrigerant-wholesale.com\/es\/#organization","name":"Refrigerant Gas Wholesale","url":"https:\/\/refrigerant-wholesale.com\/es\/","logo":{"@type":"ImageObject","inLanguage":"es","@id":"https:\/\/refrigerant-wholesale.com\/es\/#\/schema\/logo\/image\/","url":"http:\/\/refrigerant-wholesale.com\/wp-content\/uploads\/2024\/04\/refrigerant-logo.png","contentUrl":"http:\/\/refrigerant-wholesale.com\/wp-content\/uploads\/2024\/04\/refrigerant-logo.png","width":400,"height":84,"caption":"Refrigerant Gas Wholesale"},"image":{"@id":"https:\/\/refrigerant-wholesale.com\/es\/#\/schema\/logo\/image\/"},"sameAs":["https:\/\/www.facebook.com\/refrigerantwholesale"]}]}},"_links":{"self":[{"href":"https:\/\/refrigerant-wholesale.com\/es\/wp-json\/wp\/v2\/product\/2191","targetHints":{"allow":["GET"]}}],"collection":[{"href":"https:\/\/refrigerant-wholesale.com\/es\/wp-json\/wp\/v2\/product"}],"about":[{"href":"https:\/\/refrigerant-wholesale.com\/es\/wp-json\/wp\/v2\/types\/product"}],"replies":[{"embeddable":true,"href":"https:\/\/refrigerant-wholesale.com\/es\/wp-json\/wp\/v2\/comments?post=2191"}],"wp:featuredmedia":[{"embeddable":true,"href":"https:\/\/refrigerant-wholesale.com\/es\/wp-json\/wp\/v2\/media\/1351"}],"wp:attachment":[{"href":"https:\/\/refrigerant-wholesale.com\/es\/wp-json\/wp\/v2\/media?parent=2191"}],"wp:term":[{"taxonomy":"product_brand","embeddable":true,"href":"https:\/\/refrigerant-wholesale.com\/es\/wp-json\/wp\/v2\/product_brand?post=2191"},{"taxonomy":"product_cat","embeddable":true,"href":"https:\/\/refrigerant-wholesale.com\/es\/wp-json\/wp\/v2\/product_cat?post=2191"},{"taxonomy":"product_tag","embeddable":true,"href":"https:\/\/refrigerant-wholesale.com\/es\/wp-json\/wp\/v2\/product_tag?post=2191"}],"curies":[{"name":"wp","href":"https:\/\/api.w.org\/{rel}","templated":true}]}}