{"id":2175,"date":"2024-03-11T17:20:54","date_gmt":"2024-03-11T17:20:54","guid":{"rendered":"https:\/\/refrigerant-wholesale.com\/product\/r410a-ametron-refrigerants-experto-en-refrigeracion\/"},"modified":"2025-03-01T21:26:09","modified_gmt":"2025-03-01T21:26:09","slug":"r410a-ametron-refrigerants-experto-en-refrigeracion","status":"publish","type":"product","link":"https:\/\/refrigerant-wholesale.com\/es\/product\/r410a-ametron-refrigerants-experto-en-refrigeracion\/","title":{"rendered":"R410A Ametron Refrigerants\u00ae- Experto en refrigeraci\u00f3n"},"content":{"rendered":"<p>Ametron <sup>Refrigerants\u00ae <\/sup> R410A, de <sup>Ametron\u00ae <\/sup> Refrigerants sirve como principal sustituto global de los refrigerantes que agotan la capa de ozono en los acondicionadores de aire unitarios residenciales y comerciales. El R-410A es una mezcla azeotr\u00f3pica de HFC-32 y HFC-125, con un deslizamiento casi nulo que permite tanto un rendimiento predecible como una f\u00e1cil manipulaci\u00f3n y reciclaje. Se han vendido millones de aparatos de aire acondicionado R-410A en todo el mundo, y m\u00e1s de 25 fabricantes de equipos ofrecen ahora opciones de R-410A en su l\u00ednea de productos.  <\/p>\n<p>El R-410A tiene una capacidad significativamente mayor y una presi\u00f3n de funcionamiento moderadamente superior a la del R-22, lo que lo convierte en un sustituto rentable del R-22 en sistemas de aire acondicionado y bombas de calor de mayor eficiencia. En los nuevos sistemas unitarios optimizados para el uso del R-410A con compresores scroll o alternativos, se ha demostrado en pruebas que el R-410A tiene una clasificaci\u00f3n de eficiencia energ\u00e9tica (EER) entre un 5 y un 6 por ciento superior a la del R-22. La mayor capacidad tambi\u00e9n permite dise\u00f1ar equipos de aire acondicionado m\u00e1s peque\u00f1os y compactos.  <\/p>\n<div class=\"woocommerce-product-details__short-description\">\n<p><strong>Propiedades f\u00edsicas y qu\u00edmicas<\/strong><\/p>\n<table>\n<tbody>\n<tr>\n<td class=\"tditemlist\" height=\"46px !important\">Nombre qu\u00edmico<\/td>\n<td class=\"tditemlist\">Difluorometano (HFC-32),<br \/>\nPentafluoroetano (HFC-125)<\/td>\n<\/tr>\n<tr>\n<td class=\"tditemlist\" height=\"26px !important\">F\u00f3rmula qu\u00edmica<\/td>\n<td class=\"tditemlist\"><sub>CH2F2<\/sub>, <sub>CH2F2<\/sub>, <sub>CHF2CF3<\/sub><\/td>\n<\/tr>\n<tr>\n<td class=\"tditemlist\">Peso molecular<\/td>\n<td class=\"tditemlist\">72,6 g\/mol<\/td>\n<\/tr>\n<tr>\n<td class=\"tditemlist\">Aspecto<\/td>\n<td class=\"tditemlist\">L\u00edquido y vapor transparentes e incoloros<\/td>\n<\/tr>\n<tr>\n<td class=\"tditemlist\">Olor<\/td>\n<td class=\"tditemlist\">Olor et\u00e9reo d\u00e9bil<\/td>\n<\/tr>\n<tr>\n<td class=\"tditemlist\">Punto de ebullici\u00f3n<\/td>\n<td class=\"tditemlist\">-48,5\u00b0C (-55,4 \u00b0F)<\/td>\n<\/tr>\n<tr>\n<td class=\"tditemlist\" height=\"46px !important\">Presi\u00f3n de vapor<\/td>\n<td class=\"tditemlist\">215,3 psia@ 21,1\u00b0C, 490,2 psia@ 54,4\u00b0C<\/td>\n<\/tr>\n<\/tbody>\n<\/table>\n<\/div>\n","protected":false},"excerpt":{"rendered":"<p><img loading=\"lazy\" decoding=\"async\" class=\"alignnone wp-image-437 aligncenter\" src=\"http:\/\/refrigerant-wholesale.com\/wp-content\/uploads\/2024\/03\/Screenshot-69.png\" alt=\"\" width=\"207\" height=\"50\"><\/p>\n<h4 style=\"text-align: center;\"><img loading=\"lazy\" decoding=\"async\" class=\"gmail-crown\" src=\"https:\/\/www.cryptominerbros.com\/wp-content\/uploads\/2019\/12\/dollar-icon.png\" width=\"26\" height=\"27\">GARANT\u00cdA COMERCIAL<\/h4>\n<div class=\"gmail-textwidget gmail-custom-html-widget\">\n<h6 style=\"text-align: center;\">Env\u00edo : Entrega en todo el mundo<\/h6>\n<h6 style=\"text-align: center;\">(Se aceptan solicitudes personalizadas)<\/h6>\n<\/div>\n","protected":false},"featured_media":1297,"comment_status":"open","ping_status":"closed","template":"","meta":[],"product_brand":[],"product_cat":[416,392],"product_tag":[],"class_list":{"0":"post-2175","1":"product","2":"type-product","3":"status-publish","4":"has-post-thumbnail","6":"product_cat-ametron-es","7":"product_cat-r410a","9":"first","10":"instock","11":"shipping-taxable","12":"product-type-simple"},"yoast_head":"<!-- This site is optimized with the Yoast SEO Premium plugin v27.0 (Yoast SEO v27.3) - https:\/\/yoast.com\/product\/yoast-seo-premium-wordpress\/ -->\n<title>R410A Ametron Refrigerants\u00ae- Experto en refrigeraci\u00f3n - Refrigerant Gas Wholesale<\/title>\n<meta name=\"robots\" content=\"index, follow, max-snippet:-1, max-image-preview:large, max-video-preview:-1\" \/>\n<link rel=\"canonical\" href=\"https:\/\/refrigerant-wholesale.com\/es\/product\/r410a-ametron-refrigerants-experto-en-refrigeracion\/\" \/>\n<meta property=\"og:locale\" content=\"es_ES\" \/>\n<meta property=\"og:type\" content=\"article\" \/>\n<meta property=\"og:title\" content=\"R410A Ametron Refrigerants\u00ae- Experto en refrigeraci\u00f3n\" \/>\n<meta property=\"og:description\" content=\"GARANT\u00cdA COMERCIAL Env\u00edo : Entrega en todo el mundo (Se aceptan solicitudes personalizadas)\" \/>\n<meta property=\"og:url\" content=\"https:\/\/refrigerant-wholesale.com\/es\/product\/r410a-ametron-refrigerants-experto-en-refrigeracion\/\" \/>\n<meta property=\"og:site_name\" content=\"Refrigerant Gas Wholesale\" \/>\n<meta property=\"article:publisher\" content=\"https:\/\/www.facebook.com\/refrigerantwholesale\" \/>\n<meta property=\"article:modified_time\" content=\"2025-03-01T21:26:09+00:00\" \/>\n<meta property=\"og:image\" content=\"http:\/\/refrigerant-wholesale.com\/wp-content\/uploads\/2024\/03\/R410A-Ametron-Refrigerants\u00ae-Cooling-Expert.webp\" \/>\n\t<meta property=\"og:image:width\" content=\"1000\" \/>\n\t<meta property=\"og:image:height\" content=\"1000\" \/>\n\t<meta property=\"og:image:type\" content=\"image\/webp\" \/>\n<meta name=\"twitter:card\" content=\"summary_large_image\" \/>\n<meta name=\"twitter:label1\" content=\"Tiempo de lectura\" \/>\n\t<meta name=\"twitter:data1\" content=\"1 minuto\" \/>\n<script type=\"application\/ld+json\" class=\"yoast-schema-graph\">{\"@context\":\"https:\\\/\\\/schema.org\",\"@graph\":[{\"@type\":\"WebPage\",\"@id\":\"https:\\\/\\\/refrigerant-wholesale.com\\\/es\\\/product\\\/r410a-ametron-refrigerants-experto-en-refrigeracion\\\/\",\"url\":\"https:\\\/\\\/refrigerant-wholesale.com\\\/es\\\/product\\\/r410a-ametron-refrigerants-experto-en-refrigeracion\\\/\",\"name\":\"R410A Ametron Refrigerants\u00ae- Experto en refrigeraci\u00f3n - Refrigerant Gas Wholesale\",\"isPartOf\":{\"@id\":\"https:\\\/\\\/refrigerant-wholesale.com\\\/es\\\/#website\"},\"primaryImageOfPage\":{\"@id\":\"https:\\\/\\\/refrigerant-wholesale.com\\\/es\\\/product\\\/r410a-ametron-refrigerants-experto-en-refrigeracion\\\/#primaryimage\"},\"image\":{\"@id\":\"https:\\\/\\\/refrigerant-wholesale.com\\\/es\\\/product\\\/r410a-ametron-refrigerants-experto-en-refrigeracion\\\/#primaryimage\"},\"thumbnailUrl\":\"https:\\\/\\\/refrigerant-wholesale.com\\\/wp-content\\\/uploads\\\/2024\\\/03\\\/R410A-Ametron-Refrigerants\u00ae-Cooling-Expert.webp\",\"datePublished\":\"2024-03-11T17:20:54+00:00\",\"dateModified\":\"2025-03-01T21:26:09+00:00\",\"breadcrumb\":{\"@id\":\"https:\\\/\\\/refrigerant-wholesale.com\\\/es\\\/product\\\/r410a-ametron-refrigerants-experto-en-refrigeracion\\\/#breadcrumb\"},\"inLanguage\":\"es\",\"potentialAction\":[{\"@type\":\"ReadAction\",\"target\":[\"https:\\\/\\\/refrigerant-wholesale.com\\\/es\\\/product\\\/r410a-ametron-refrigerants-experto-en-refrigeracion\\\/\"]}]},{\"@type\":\"ImageObject\",\"inLanguage\":\"es\",\"@id\":\"https:\\\/\\\/refrigerant-wholesale.com\\\/es\\\/product\\\/r410a-ametron-refrigerants-experto-en-refrigeracion\\\/#primaryimage\",\"url\":\"https:\\\/\\\/refrigerant-wholesale.com\\\/wp-content\\\/uploads\\\/2024\\\/03\\\/R410A-Ametron-Refrigerants\u00ae-Cooling-Expert.webp\",\"contentUrl\":\"https:\\\/\\\/refrigerant-wholesale.com\\\/wp-content\\\/uploads\\\/2024\\\/03\\\/R410A-Ametron-Refrigerants\u00ae-Cooling-Expert.webp\",\"width\":1000,\"height\":1000,\"caption\":\"Proveedor de refrigerante R410a, Refrigerante R410a, R410a, Refrigerante R410a, Fre\u00f3n R 410a, Comprar refrigerante R410a, Venta de refrigerante R410a\"},{\"@type\":\"BreadcrumbList\",\"@id\":\"https:\\\/\\\/refrigerant-wholesale.com\\\/es\\\/product\\\/r410a-ametron-refrigerants-experto-en-refrigeracion\\\/#breadcrumb\",\"itemListElement\":[{\"@type\":\"ListItem\",\"position\":1,\"name\":\"Home\",\"item\":\"https:\\\/\\\/refrigerant-wholesale.com\\\/es\\\/\"},{\"@type\":\"ListItem\",\"position\":2,\"name\":\"Tienda\",\"item\":\"https:\\\/\\\/refrigerant-wholesale.com\\\/es\\\/tienda\\\/\"},{\"@type\":\"ListItem\",\"position\":3,\"name\":\"R410A Ametron Refrigerants\u00ae- Experto en refrigeraci\u00f3n\"}]},{\"@type\":\"WebSite\",\"@id\":\"https:\\\/\\\/refrigerant-wholesale.com\\\/es\\\/#website\",\"url\":\"https:\\\/\\\/refrigerant-wholesale.com\\\/es\\\/\",\"name\":\"Refrigerant Gas Wholesale\",\"description\":\"AC Gas supplier\",\"publisher\":{\"@id\":\"https:\\\/\\\/refrigerant-wholesale.com\\\/es\\\/#organization\"},\"potentialAction\":[{\"@type\":\"SearchAction\",\"target\":{\"@type\":\"EntryPoint\",\"urlTemplate\":\"https:\\\/\\\/refrigerant-wholesale.com\\\/es\\\/?s={search_term_string}\"},\"query-input\":{\"@type\":\"PropertyValueSpecification\",\"valueRequired\":true,\"valueName\":\"search_term_string\"}}],\"inLanguage\":\"es\"},{\"@type\":\"Organization\",\"@id\":\"https:\\\/\\\/refrigerant-wholesale.com\\\/es\\\/#organization\",\"name\":\"Refrigerant Gas Wholesale\",\"url\":\"https:\\\/\\\/refrigerant-wholesale.com\\\/es\\\/\",\"logo\":{\"@type\":\"ImageObject\",\"inLanguage\":\"es\",\"@id\":\"https:\\\/\\\/refrigerant-wholesale.com\\\/es\\\/#\\\/schema\\\/logo\\\/image\\\/\",\"url\":\"http:\\\/\\\/refrigerant-wholesale.com\\\/wp-content\\\/uploads\\\/2024\\\/04\\\/refrigerant-logo.png\",\"contentUrl\":\"http:\\\/\\\/refrigerant-wholesale.com\\\/wp-content\\\/uploads\\\/2024\\\/04\\\/refrigerant-logo.png\",\"width\":400,\"height\":84,\"caption\":\"Refrigerant Gas Wholesale\"},\"image\":{\"@id\":\"https:\\\/\\\/refrigerant-wholesale.com\\\/es\\\/#\\\/schema\\\/logo\\\/image\\\/\"},\"sameAs\":[\"https:\\\/\\\/www.facebook.com\\\/refrigerantwholesale\"]}]}<\/script>\n<!-- \/ Yoast SEO Premium plugin. -->","yoast_head_json":{"title":"R410A Ametron Refrigerants\u00ae- Experto en refrigeraci\u00f3n - Refrigerant Gas Wholesale","robots":{"index":"index","follow":"follow","max-snippet":"max-snippet:-1","max-image-preview":"max-image-preview:large","max-video-preview":"max-video-preview:-1"},"canonical":"https:\/\/refrigerant-wholesale.com\/es\/product\/r410a-ametron-refrigerants-experto-en-refrigeracion\/","og_locale":"es_ES","og_type":"article","og_title":"R410A Ametron Refrigerants\u00ae- Experto en refrigeraci\u00f3n","og_description":"GARANT\u00cdA COMERCIAL Env\u00edo : Entrega en todo el mundo (Se aceptan solicitudes personalizadas)","og_url":"https:\/\/refrigerant-wholesale.com\/es\/product\/r410a-ametron-refrigerants-experto-en-refrigeracion\/","og_site_name":"Refrigerant Gas Wholesale","article_publisher":"https:\/\/www.facebook.com\/refrigerantwholesale","article_modified_time":"2025-03-01T21:26:09+00:00","og_image":[{"width":1000,"height":1000,"url":"http:\/\/refrigerant-wholesale.com\/wp-content\/uploads\/2024\/03\/R410A-Ametron-Refrigerants\u00ae-Cooling-Expert.webp","type":"image\/webp"}],"twitter_card":"summary_large_image","twitter_misc":{"Tiempo de lectura":"1 minuto"},"schema":{"@context":"https:\/\/schema.org","@graph":[{"@type":"WebPage","@id":"https:\/\/refrigerant-wholesale.com\/es\/product\/r410a-ametron-refrigerants-experto-en-refrigeracion\/","url":"https:\/\/refrigerant-wholesale.com\/es\/product\/r410a-ametron-refrigerants-experto-en-refrigeracion\/","name":"R410A Ametron Refrigerants\u00ae- Experto en refrigeraci\u00f3n - Refrigerant Gas Wholesale","isPartOf":{"@id":"https:\/\/refrigerant-wholesale.com\/es\/#website"},"primaryImageOfPage":{"@id":"https:\/\/refrigerant-wholesale.com\/es\/product\/r410a-ametron-refrigerants-experto-en-refrigeracion\/#primaryimage"},"image":{"@id":"https:\/\/refrigerant-wholesale.com\/es\/product\/r410a-ametron-refrigerants-experto-en-refrigeracion\/#primaryimage"},"thumbnailUrl":"https:\/\/refrigerant-wholesale.com\/wp-content\/uploads\/2024\/03\/R410A-Ametron-Refrigerants\u00ae-Cooling-Expert.webp","datePublished":"2024-03-11T17:20:54+00:00","dateModified":"2025-03-01T21:26:09+00:00","breadcrumb":{"@id":"https:\/\/refrigerant-wholesale.com\/es\/product\/r410a-ametron-refrigerants-experto-en-refrigeracion\/#breadcrumb"},"inLanguage":"es","potentialAction":[{"@type":"ReadAction","target":["https:\/\/refrigerant-wholesale.com\/es\/product\/r410a-ametron-refrigerants-experto-en-refrigeracion\/"]}]},{"@type":"ImageObject","inLanguage":"es","@id":"https:\/\/refrigerant-wholesale.com\/es\/product\/r410a-ametron-refrigerants-experto-en-refrigeracion\/#primaryimage","url":"https:\/\/refrigerant-wholesale.com\/wp-content\/uploads\/2024\/03\/R410A-Ametron-Refrigerants\u00ae-Cooling-Expert.webp","contentUrl":"https:\/\/refrigerant-wholesale.com\/wp-content\/uploads\/2024\/03\/R410A-Ametron-Refrigerants\u00ae-Cooling-Expert.webp","width":1000,"height":1000,"caption":"Proveedor de refrigerante R410a, Refrigerante R410a, R410a, Refrigerante R410a, Fre\u00f3n R 410a, Comprar refrigerante R410a, Venta de refrigerante R410a"},{"@type":"BreadcrumbList","@id":"https:\/\/refrigerant-wholesale.com\/es\/product\/r410a-ametron-refrigerants-experto-en-refrigeracion\/#breadcrumb","itemListElement":[{"@type":"ListItem","position":1,"name":"Home","item":"https:\/\/refrigerant-wholesale.com\/es\/"},{"@type":"ListItem","position":2,"name":"Tienda","item":"https:\/\/refrigerant-wholesale.com\/es\/tienda\/"},{"@type":"ListItem","position":3,"name":"R410A Ametron Refrigerants\u00ae- Experto en refrigeraci\u00f3n"}]},{"@type":"WebSite","@id":"https:\/\/refrigerant-wholesale.com\/es\/#website","url":"https:\/\/refrigerant-wholesale.com\/es\/","name":"Refrigerant Gas Wholesale","description":"AC Gas supplier","publisher":{"@id":"https:\/\/refrigerant-wholesale.com\/es\/#organization"},"potentialAction":[{"@type":"SearchAction","target":{"@type":"EntryPoint","urlTemplate":"https:\/\/refrigerant-wholesale.com\/es\/?s={search_term_string}"},"query-input":{"@type":"PropertyValueSpecification","valueRequired":true,"valueName":"search_term_string"}}],"inLanguage":"es"},{"@type":"Organization","@id":"https:\/\/refrigerant-wholesale.com\/es\/#organization","name":"Refrigerant Gas Wholesale","url":"https:\/\/refrigerant-wholesale.com\/es\/","logo":{"@type":"ImageObject","inLanguage":"es","@id":"https:\/\/refrigerant-wholesale.com\/es\/#\/schema\/logo\/image\/","url":"http:\/\/refrigerant-wholesale.com\/wp-content\/uploads\/2024\/04\/refrigerant-logo.png","contentUrl":"http:\/\/refrigerant-wholesale.com\/wp-content\/uploads\/2024\/04\/refrigerant-logo.png","width":400,"height":84,"caption":"Refrigerant Gas Wholesale"},"image":{"@id":"https:\/\/refrigerant-wholesale.com\/es\/#\/schema\/logo\/image\/"},"sameAs":["https:\/\/www.facebook.com\/refrigerantwholesale"]}]}},"_links":{"self":[{"href":"https:\/\/refrigerant-wholesale.com\/es\/wp-json\/wp\/v2\/product\/2175","targetHints":{"allow":["GET"]}}],"collection":[{"href":"https:\/\/refrigerant-wholesale.com\/es\/wp-json\/wp\/v2\/product"}],"about":[{"href":"https:\/\/refrigerant-wholesale.com\/es\/wp-json\/wp\/v2\/types\/product"}],"replies":[{"embeddable":true,"href":"https:\/\/refrigerant-wholesale.com\/es\/wp-json\/wp\/v2\/comments?post=2175"}],"wp:featuredmedia":[{"embeddable":true,"href":"https:\/\/refrigerant-wholesale.com\/es\/wp-json\/wp\/v2\/media\/1297"}],"wp:attachment":[{"href":"https:\/\/refrigerant-wholesale.com\/es\/wp-json\/wp\/v2\/media?parent=2175"}],"wp:term":[{"taxonomy":"product_brand","embeddable":true,"href":"https:\/\/refrigerant-wholesale.com\/es\/wp-json\/wp\/v2\/product_brand?post=2175"},{"taxonomy":"product_cat","embeddable":true,"href":"https:\/\/refrigerant-wholesale.com\/es\/wp-json\/wp\/v2\/product_cat?post=2175"},{"taxonomy":"product_tag","embeddable":true,"href":"https:\/\/refrigerant-wholesale.com\/es\/wp-json\/wp\/v2\/product_tag?post=2175"}],"curies":[{"name":"wp","href":"https:\/\/api.w.org\/{rel}","templated":true}]}}