{"id":2171,"date":"2024-03-11T17:28:23","date_gmt":"2024-03-11T17:28:23","guid":{"rendered":"https:\/\/refrigerant-wholesale.com\/product\/r417a-ametron-refrigerants-experto-en-refrigeracion\/"},"modified":"2025-03-01T21:26:06","modified_gmt":"2025-03-01T21:26:06","slug":"r417a-ametron-refrigerants-experto-en-refrigeracion","status":"publish","type":"product","link":"https:\/\/refrigerant-wholesale.com\/es\/product\/r417a-ametron-refrigerants-experto-en-refrigeracion\/","title":{"rendered":"R417A Ametron Refrigerants\u00ae &#8211; Experto en refrigeraci\u00f3n"},"content":{"rendered":"<p>El refrigerante R-417A de Ametron <sup>Refrigerants\u00ae <\/sup> es una alternativa de retroadaptaci\u00f3n de hidrofluorocarburos (HFC) para el R-22 en sistemas fijos de aire acondicionado (AC) de expansi\u00f3n directa (DX) y de refrigeraci\u00f3n comercial de temperatura media. Como el refrigerante <sup>Ametron\u00ae <\/sup> R-417A es compatible con aceites minerales (MO), alquilbenc\u00e9nicos (AB) y poliol\u00e9steres (POE), la mayor\u00eda de las reconversiones no requieren un cambio de lubricante. Por lo tanto, la reconversi\u00f3n de sistemas de CA estacionarios DX y de refrigeraci\u00f3n comercial de media temperatura a partir de R-22 requiere mucho menos tiempo e inversi\u00f3n.  <\/p>\n<p>Entre las aplicaciones de los refrigerantes <sup>FAmetron\u00ae <\/sup> R-417A se incluyen los sistemas de aire acondicionado residenciales y comerciales y las unidades de refrigeraci\u00f3n de temperatura media, como los servicios de alimentaci\u00f3n, almacenamiento y procesamiento, y las cajas de los supermercados<\/p>\n<div class=\"woocommerce-product-details__short-description\">\n<p><strong>Propiedades f\u00edsicas y qu\u00edmicas<\/strong><\/p>\n<table width=\"936\">\n<tbody>\n<tr>\n<td width=\"496\">Nombre qu\u00edmico<\/td>\n<td width=\"440\">1,1,1-Trifluoroetano (R143a)<\/td>\n<\/tr>\n<tr>\n<td width=\"496\">ESTADO F\u00cdSICO<\/td>\n<td width=\"440\">Gas a temperatura ambiente<\/td>\n<\/tr>\n<tr>\n<td width=\"496\">Aspecto<\/td>\n<td width=\"440\">L\u00edquido vol\u00e1til con olor d\u00e9bil y dulce<\/td>\n<\/tr>\n<tr>\n<td width=\"496\">Olor<\/td>\n<td width=\"440\">Olor et\u00e9reo d\u00e9bil<\/td>\n<\/tr>\n<tr>\n<td width=\"496\">Peso molecular medio (g\/mol)<\/td>\n<td width=\"440\">desconocido<\/td>\n<\/tr>\n<tr>\n<td width=\"496\">Punto de ebullici\u00f3n normal (NBP) (\u00b0F)<\/td>\n<td width=\"440\">-39.1\u00b0C<\/td>\n<\/tr>\n<tr>\n<td width=\"496\">PUNTO DE CONGELACI\u00d3N<\/td>\n<td width=\"440\">No determinado<\/td>\n<\/tr>\n<tr>\n<td width=\"496\">pH<\/td>\n<td width=\"440\">Neutro<\/td>\n<\/tr>\n<tr>\n<td width=\"496\">GRAVEDAD ESPEC\u00cdFICA (agua = 1,0)<\/td>\n<td width=\"440\">1.21<\/td>\n<\/tr>\n<tr>\n<td width=\"496\">SOLUBILIDAD EN AGUA (% en peso)<\/td>\n<td width=\"440\">desconocido<\/td>\n<\/tr>\n<tr>\n<td width=\"496\">DENSIDAD DE VAPOR (aire = 1,0)<\/td>\n<td width=\"440\">2.3<\/td>\n<\/tr>\n<tr>\n<td width=\"496\">Potencial de agotamiento de la capa de ozono (PAO) (CFC 11 = 1,0)<\/td>\n<td width=\"440\">0<\/td>\n<\/tr>\n<\/tbody>\n<\/table>\n<\/div>\n","protected":false},"excerpt":{"rendered":"<p><img loading=\"lazy\" decoding=\"async\" class=\"alignnone wp-image-437 aligncenter\" src=\"http:\/\/refrigerant-wholesale.com\/wp-content\/uploads\/2024\/03\/Screenshot-69.png\" alt=\"\" width=\"207\" height=\"50\"><\/p>\n<h4 style=\"text-align: center;\"><img loading=\"lazy\" decoding=\"async\" class=\"gmail-crown\" src=\"https:\/\/www.cryptominerbros.com\/wp-content\/uploads\/2019\/12\/dollar-icon.png\" width=\"26\" height=\"27\">GARANT\u00cdA COMERCIAL<\/h4>\n<div class=\"gmail-textwidget gmail-custom-html-widget\">\n<h6 style=\"text-align: center;\">Env\u00edo : Entrega en todo el mundo<\/h6>\n<h6 style=\"text-align: center;\">(Se aceptan solicitudes personalizadas)<\/h6>\n<\/div>\n","protected":false},"featured_media":1300,"comment_status":"open","ping_status":"closed","template":"","meta":[],"product_brand":[],"product_cat":[270],"product_tag":[],"class_list":{"0":"post-2171","1":"product","2":"type-product","3":"status-publish","4":"has-post-thumbnail","6":"product_cat-sin-categoria","8":"first","9":"instock","10":"shipping-taxable","11":"product-type-simple"},"yoast_head":"<!-- This site is optimized with the Yoast SEO Premium plugin v27.0 (Yoast SEO v27.3) - https:\/\/yoast.com\/product\/yoast-seo-premium-wordpress\/ -->\n<title>R417A Ametron Refrigerants\u00ae - Experto en refrigeraci\u00f3n - Refrigerant Gas Wholesale<\/title>\n<meta name=\"robots\" content=\"index, follow, max-snippet:-1, max-image-preview:large, max-video-preview:-1\" \/>\n<link rel=\"canonical\" href=\"https:\/\/refrigerant-wholesale.com\/es\/product\/r417a-ametron-refrigerants-experto-en-refrigeracion\/\" \/>\n<meta property=\"og:locale\" content=\"es_ES\" \/>\n<meta property=\"og:type\" content=\"article\" \/>\n<meta property=\"og:title\" content=\"R417A Ametron Refrigerants\u00ae - Experto en refrigeraci\u00f3n\" \/>\n<meta property=\"og:description\" content=\"GARANT\u00cdA COMERCIAL Env\u00edo : Entrega en todo el mundo (Se aceptan solicitudes personalizadas)\" \/>\n<meta property=\"og:url\" content=\"https:\/\/refrigerant-wholesale.com\/es\/product\/r417a-ametron-refrigerants-experto-en-refrigeracion\/\" \/>\n<meta property=\"og:site_name\" content=\"Refrigerant Gas Wholesale\" \/>\n<meta property=\"article:publisher\" content=\"https:\/\/www.facebook.com\/refrigerantwholesale\" \/>\n<meta property=\"article:modified_time\" content=\"2025-03-01T21:26:06+00:00\" \/>\n<meta property=\"og:image\" content=\"http:\/\/refrigerant-wholesale.com\/wp-content\/uploads\/2024\/03\/R417A-Ametron-Refrigerants\u00ae-Cooling-Expert.webp\" \/>\n\t<meta property=\"og:image:width\" content=\"1000\" \/>\n\t<meta property=\"og:image:height\" content=\"1000\" \/>\n\t<meta property=\"og:image:type\" content=\"image\/webp\" \/>\n<meta name=\"twitter:card\" content=\"summary_large_image\" \/>\n<meta name=\"twitter:label1\" content=\"Tiempo de lectura\" \/>\n\t<meta name=\"twitter:data1\" content=\"1 minuto\" \/>\n<script type=\"application\/ld+json\" class=\"yoast-schema-graph\">{\"@context\":\"https:\\\/\\\/schema.org\",\"@graph\":[{\"@type\":\"WebPage\",\"@id\":\"https:\\\/\\\/refrigerant-wholesale.com\\\/es\\\/product\\\/r417a-ametron-refrigerants-experto-en-refrigeracion\\\/\",\"url\":\"https:\\\/\\\/refrigerant-wholesale.com\\\/es\\\/product\\\/r417a-ametron-refrigerants-experto-en-refrigeracion\\\/\",\"name\":\"R417A Ametron Refrigerants\u00ae - Experto en refrigeraci\u00f3n - Refrigerant Gas Wholesale\",\"isPartOf\":{\"@id\":\"https:\\\/\\\/refrigerant-wholesale.com\\\/es\\\/#website\"},\"primaryImageOfPage\":{\"@id\":\"https:\\\/\\\/refrigerant-wholesale.com\\\/es\\\/product\\\/r417a-ametron-refrigerants-experto-en-refrigeracion\\\/#primaryimage\"},\"image\":{\"@id\":\"https:\\\/\\\/refrigerant-wholesale.com\\\/es\\\/product\\\/r417a-ametron-refrigerants-experto-en-refrigeracion\\\/#primaryimage\"},\"thumbnailUrl\":\"https:\\\/\\\/refrigerant-wholesale.com\\\/wp-content\\\/uploads\\\/2024\\\/03\\\/R417A-Ametron-Refrigerants\u00ae-Cooling-Expert.webp\",\"datePublished\":\"2024-03-11T17:28:23+00:00\",\"dateModified\":\"2025-03-01T21:26:06+00:00\",\"breadcrumb\":{\"@id\":\"https:\\\/\\\/refrigerant-wholesale.com\\\/es\\\/product\\\/r417a-ametron-refrigerants-experto-en-refrigeracion\\\/#breadcrumb\"},\"inLanguage\":\"es\",\"potentialAction\":[{\"@type\":\"ReadAction\",\"target\":[\"https:\\\/\\\/refrigerant-wholesale.com\\\/es\\\/product\\\/r417a-ametron-refrigerants-experto-en-refrigeracion\\\/\"]}]},{\"@type\":\"ImageObject\",\"inLanguage\":\"es\",\"@id\":\"https:\\\/\\\/refrigerant-wholesale.com\\\/es\\\/product\\\/r417a-ametron-refrigerants-experto-en-refrigeracion\\\/#primaryimage\",\"url\":\"https:\\\/\\\/refrigerant-wholesale.com\\\/wp-content\\\/uploads\\\/2024\\\/03\\\/R417A-Ametron-Refrigerants\u00ae-Cooling-Expert.webp\",\"contentUrl\":\"https:\\\/\\\/refrigerant-wholesale.com\\\/wp-content\\\/uploads\\\/2024\\\/03\\\/R417A-Ametron-Refrigerants\u00ae-Cooling-Expert.webp\",\"width\":1000,\"height\":1000,\"caption\":\"Proveedor de refrigerante R417a, Refrigerante R417a, Refrigerante R417a, Fre\u00f3n R 417a, Comprar refrigerante R417a, Venta de refrigerante R417a\"},{\"@type\":\"BreadcrumbList\",\"@id\":\"https:\\\/\\\/refrigerant-wholesale.com\\\/es\\\/product\\\/r417a-ametron-refrigerants-experto-en-refrigeracion\\\/#breadcrumb\",\"itemListElement\":[{\"@type\":\"ListItem\",\"position\":1,\"name\":\"Home\",\"item\":\"https:\\\/\\\/refrigerant-wholesale.com\\\/es\\\/\"},{\"@type\":\"ListItem\",\"position\":2,\"name\":\"Tienda\",\"item\":\"https:\\\/\\\/refrigerant-wholesale.com\\\/es\\\/tienda\\\/\"},{\"@type\":\"ListItem\",\"position\":3,\"name\":\"R417A Ametron Refrigerants\u00ae &#8211; Experto en refrigeraci\u00f3n\"}]},{\"@type\":\"WebSite\",\"@id\":\"https:\\\/\\\/refrigerant-wholesale.com\\\/es\\\/#website\",\"url\":\"https:\\\/\\\/refrigerant-wholesale.com\\\/es\\\/\",\"name\":\"Refrigerant Gas Wholesale\",\"description\":\"AC Gas supplier\",\"publisher\":{\"@id\":\"https:\\\/\\\/refrigerant-wholesale.com\\\/es\\\/#organization\"},\"potentialAction\":[{\"@type\":\"SearchAction\",\"target\":{\"@type\":\"EntryPoint\",\"urlTemplate\":\"https:\\\/\\\/refrigerant-wholesale.com\\\/es\\\/?s={search_term_string}\"},\"query-input\":{\"@type\":\"PropertyValueSpecification\",\"valueRequired\":true,\"valueName\":\"search_term_string\"}}],\"inLanguage\":\"es\"},{\"@type\":\"Organization\",\"@id\":\"https:\\\/\\\/refrigerant-wholesale.com\\\/es\\\/#organization\",\"name\":\"Refrigerant Gas Wholesale\",\"url\":\"https:\\\/\\\/refrigerant-wholesale.com\\\/es\\\/\",\"logo\":{\"@type\":\"ImageObject\",\"inLanguage\":\"es\",\"@id\":\"https:\\\/\\\/refrigerant-wholesale.com\\\/es\\\/#\\\/schema\\\/logo\\\/image\\\/\",\"url\":\"http:\\\/\\\/refrigerant-wholesale.com\\\/wp-content\\\/uploads\\\/2024\\\/04\\\/refrigerant-logo.png\",\"contentUrl\":\"http:\\\/\\\/refrigerant-wholesale.com\\\/wp-content\\\/uploads\\\/2024\\\/04\\\/refrigerant-logo.png\",\"width\":400,\"height\":84,\"caption\":\"Refrigerant Gas Wholesale\"},\"image\":{\"@id\":\"https:\\\/\\\/refrigerant-wholesale.com\\\/es\\\/#\\\/schema\\\/logo\\\/image\\\/\"},\"sameAs\":[\"https:\\\/\\\/www.facebook.com\\\/refrigerantwholesale\"]}]}<\/script>\n<!-- \/ Yoast SEO Premium plugin. -->","yoast_head_json":{"title":"R417A Ametron Refrigerants\u00ae - Experto en refrigeraci\u00f3n - Refrigerant Gas Wholesale","robots":{"index":"index","follow":"follow","max-snippet":"max-snippet:-1","max-image-preview":"max-image-preview:large","max-video-preview":"max-video-preview:-1"},"canonical":"https:\/\/refrigerant-wholesale.com\/es\/product\/r417a-ametron-refrigerants-experto-en-refrigeracion\/","og_locale":"es_ES","og_type":"article","og_title":"R417A Ametron Refrigerants\u00ae - Experto en refrigeraci\u00f3n","og_description":"GARANT\u00cdA COMERCIAL Env\u00edo : Entrega en todo el mundo (Se aceptan solicitudes personalizadas)","og_url":"https:\/\/refrigerant-wholesale.com\/es\/product\/r417a-ametron-refrigerants-experto-en-refrigeracion\/","og_site_name":"Refrigerant Gas Wholesale","article_publisher":"https:\/\/www.facebook.com\/refrigerantwholesale","article_modified_time":"2025-03-01T21:26:06+00:00","og_image":[{"width":1000,"height":1000,"url":"http:\/\/refrigerant-wholesale.com\/wp-content\/uploads\/2024\/03\/R417A-Ametron-Refrigerants\u00ae-Cooling-Expert.webp","type":"image\/webp"}],"twitter_card":"summary_large_image","twitter_misc":{"Tiempo de lectura":"1 minuto"},"schema":{"@context":"https:\/\/schema.org","@graph":[{"@type":"WebPage","@id":"https:\/\/refrigerant-wholesale.com\/es\/product\/r417a-ametron-refrigerants-experto-en-refrigeracion\/","url":"https:\/\/refrigerant-wholesale.com\/es\/product\/r417a-ametron-refrigerants-experto-en-refrigeracion\/","name":"R417A Ametron Refrigerants\u00ae - Experto en refrigeraci\u00f3n - Refrigerant Gas Wholesale","isPartOf":{"@id":"https:\/\/refrigerant-wholesale.com\/es\/#website"},"primaryImageOfPage":{"@id":"https:\/\/refrigerant-wholesale.com\/es\/product\/r417a-ametron-refrigerants-experto-en-refrigeracion\/#primaryimage"},"image":{"@id":"https:\/\/refrigerant-wholesale.com\/es\/product\/r417a-ametron-refrigerants-experto-en-refrigeracion\/#primaryimage"},"thumbnailUrl":"https:\/\/refrigerant-wholesale.com\/wp-content\/uploads\/2024\/03\/R417A-Ametron-Refrigerants\u00ae-Cooling-Expert.webp","datePublished":"2024-03-11T17:28:23+00:00","dateModified":"2025-03-01T21:26:06+00:00","breadcrumb":{"@id":"https:\/\/refrigerant-wholesale.com\/es\/product\/r417a-ametron-refrigerants-experto-en-refrigeracion\/#breadcrumb"},"inLanguage":"es","potentialAction":[{"@type":"ReadAction","target":["https:\/\/refrigerant-wholesale.com\/es\/product\/r417a-ametron-refrigerants-experto-en-refrigeracion\/"]}]},{"@type":"ImageObject","inLanguage":"es","@id":"https:\/\/refrigerant-wholesale.com\/es\/product\/r417a-ametron-refrigerants-experto-en-refrigeracion\/#primaryimage","url":"https:\/\/refrigerant-wholesale.com\/wp-content\/uploads\/2024\/03\/R417A-Ametron-Refrigerants\u00ae-Cooling-Expert.webp","contentUrl":"https:\/\/refrigerant-wholesale.com\/wp-content\/uploads\/2024\/03\/R417A-Ametron-Refrigerants\u00ae-Cooling-Expert.webp","width":1000,"height":1000,"caption":"Proveedor de refrigerante R417a, Refrigerante R417a, Refrigerante R417a, Fre\u00f3n R 417a, Comprar refrigerante R417a, Venta de refrigerante R417a"},{"@type":"BreadcrumbList","@id":"https:\/\/refrigerant-wholesale.com\/es\/product\/r417a-ametron-refrigerants-experto-en-refrigeracion\/#breadcrumb","itemListElement":[{"@type":"ListItem","position":1,"name":"Home","item":"https:\/\/refrigerant-wholesale.com\/es\/"},{"@type":"ListItem","position":2,"name":"Tienda","item":"https:\/\/refrigerant-wholesale.com\/es\/tienda\/"},{"@type":"ListItem","position":3,"name":"R417A Ametron Refrigerants\u00ae &#8211; Experto en refrigeraci\u00f3n"}]},{"@type":"WebSite","@id":"https:\/\/refrigerant-wholesale.com\/es\/#website","url":"https:\/\/refrigerant-wholesale.com\/es\/","name":"Refrigerant Gas Wholesale","description":"AC Gas supplier","publisher":{"@id":"https:\/\/refrigerant-wholesale.com\/es\/#organization"},"potentialAction":[{"@type":"SearchAction","target":{"@type":"EntryPoint","urlTemplate":"https:\/\/refrigerant-wholesale.com\/es\/?s={search_term_string}"},"query-input":{"@type":"PropertyValueSpecification","valueRequired":true,"valueName":"search_term_string"}}],"inLanguage":"es"},{"@type":"Organization","@id":"https:\/\/refrigerant-wholesale.com\/es\/#organization","name":"Refrigerant Gas Wholesale","url":"https:\/\/refrigerant-wholesale.com\/es\/","logo":{"@type":"ImageObject","inLanguage":"es","@id":"https:\/\/refrigerant-wholesale.com\/es\/#\/schema\/logo\/image\/","url":"http:\/\/refrigerant-wholesale.com\/wp-content\/uploads\/2024\/04\/refrigerant-logo.png","contentUrl":"http:\/\/refrigerant-wholesale.com\/wp-content\/uploads\/2024\/04\/refrigerant-logo.png","width":400,"height":84,"caption":"Refrigerant Gas Wholesale"},"image":{"@id":"https:\/\/refrigerant-wholesale.com\/es\/#\/schema\/logo\/image\/"},"sameAs":["https:\/\/www.facebook.com\/refrigerantwholesale"]}]}},"_links":{"self":[{"href":"https:\/\/refrigerant-wholesale.com\/es\/wp-json\/wp\/v2\/product\/2171","targetHints":{"allow":["GET"]}}],"collection":[{"href":"https:\/\/refrigerant-wholesale.com\/es\/wp-json\/wp\/v2\/product"}],"about":[{"href":"https:\/\/refrigerant-wholesale.com\/es\/wp-json\/wp\/v2\/types\/product"}],"replies":[{"embeddable":true,"href":"https:\/\/refrigerant-wholesale.com\/es\/wp-json\/wp\/v2\/comments?post=2171"}],"wp:featuredmedia":[{"embeddable":true,"href":"https:\/\/refrigerant-wholesale.com\/es\/wp-json\/wp\/v2\/media\/1300"}],"wp:attachment":[{"href":"https:\/\/refrigerant-wholesale.com\/es\/wp-json\/wp\/v2\/media?parent=2171"}],"wp:term":[{"taxonomy":"product_brand","embeddable":true,"href":"https:\/\/refrigerant-wholesale.com\/es\/wp-json\/wp\/v2\/product_brand?post=2171"},{"taxonomy":"product_cat","embeddable":true,"href":"https:\/\/refrigerant-wholesale.com\/es\/wp-json\/wp\/v2\/product_cat?post=2171"},{"taxonomy":"product_tag","embeddable":true,"href":"https:\/\/refrigerant-wholesale.com\/es\/wp-json\/wp\/v2\/product_tag?post=2171"}],"curies":[{"name":"wp","href":"https:\/\/api.w.org\/{rel}","templated":true}]}}