{"id":2169,"date":"2024-03-11T17:15:57","date_gmt":"2024-03-11T17:15:57","guid":{"rendered":"https:\/\/refrigerant-wholesale.com\/product\/r404a-ametron-refrigerants-experto-en-refrigeracion\/"},"modified":"2025-03-01T21:26:03","modified_gmt":"2025-03-01T21:26:03","slug":"r404a-ametron-refrigerants-experto-en-refrigeracion","status":"publish","type":"product","link":"https:\/\/refrigerant-wholesale.com\/es\/product\/r404a-ametron-refrigerants-experto-en-refrigeracion\/","title":{"rendered":"R404A Ametron Refrigerants\u00ae &#8211; Experto en refrigeraci\u00f3n"},"content":{"rendered":"<p>Ametron Refrigerants\u00ae R404A (HFC-404A) es un compuesto que no agota la capa de ozono, dise\u00f1ado para servir como alternativa a largo plazo al R502 (CFC-502) y a los refrigerantes R22 (HCFC-22) en aplicaciones de refrigeraci\u00f3n comercial de baja y media temperatura. Entre las aplicaciones en las que el Refrigerantes Ametron\u00ae R404A es un refrigerante de reequipamiento adecuado se incluyen los congeladores de supermercados, las neveras port\u00e1tiles, las vitrinas, la refrigeraci\u00f3n de transporte y las m\u00e1quinas de hielo. <\/p>\n<p>Ametron Refrigerants\u00ae R404A se ha dise\u00f1ado como sustituto del Refrigerante R502, pero no es un sustituto inmediato. Los aceites minerales y los lubricantes alquilbenc\u00e9nicos, que se han utilizado tradicionalmente con los Refrigerantes 502, son inmiscibles con los Refrigerantes Ametron\u00ae R404A. Los t\u00e9cnicos de mantenimiento deben consultar al fabricante del equipo original para conocer los lubricantes recomendados.  <\/p>\n<p>Ametron Refrigerants\u00ae R404A es una mezcla. Por esta raz\u00f3n, es esencial que los sistemas se carguen s\u00f3lo con l\u00edquido del cilindro, no con vapor. La carga de vapor de Ametron Refrigerants\u00ae R404A puede dar lugar a una composici\u00f3n de refrigerante incorrecta y da\u00f1ar el sistema.  <\/p>\n<div class=\"woocommerce-product-details__short-description\">\n<p><strong>Propiedades f\u00edsicas y qu\u00edmicas<\/strong><\/p>\n<table>\n<tbody>\n<tr>\n<td class=\"tditemlist\" height=\"46px !important\">Nombre qu\u00edmico<\/td>\n<td class=\"tditemlist\">Pentafluoroetano,<br \/>\n1,1,1-Trifluoroetano<\/td>\n<\/tr>\n<tr>\n<td class=\"tditemlist\" height=\"26px !important\">F\u00f3rmula qu\u00edmica<\/td>\n<td class=\"tditemlist\"><sub>CH2FCF3<\/sub><\/td>\n<\/tr>\n<tr>\n<td class=\"tditemlist\">Peso molecular<\/td>\n<td class=\"tditemlist\">102,02 g\/mol<\/td>\n<\/tr>\n<tr>\n<td class=\"tditemlist\">Formulario<\/td>\n<td class=\"tditemlist\">Gas licuado<\/td>\n<\/tr>\n<tr>\n<td class=\"tditemlist\">Color<\/td>\n<td class=\"tditemlist\">Incoloro<\/td>\n<\/tr>\n<tr>\n<td class=\"tditemlist\">Punto de fusi\u00f3n<\/td>\n<td class=\"tditemlist\">-101 \u00b0C (-150 \u00b0F)<\/td>\n<\/tr>\n<tr>\n<td class=\"tditemlist\">Punto de ebullici\u00f3nT a 1.013<\/td>\n<td class=\"tditemlist\">-26,2 \u00b0C (-15,1 \u00b0F)<\/td>\n<\/tr>\n<tr>\n<td class=\"tditemlist\">Presi\u00f3n de vapor<\/td>\n<td class=\"tditemlist\">5.915 hPa a 21,1 \u00b0C (70,0 \u00b0F)<\/td>\n<\/tr>\n<\/tbody>\n<\/table>\n<\/div>\n<div class=\"product_meta\"><\/div>\n","protected":false},"excerpt":{"rendered":"<p><img loading=\"lazy\" decoding=\"async\" class=\"alignnone wp-image-437 aligncenter\" src=\"http:\/\/refrigerant-wholesale.com\/wp-content\/uploads\/2024\/03\/Screenshot-69.png\" alt=\"\" width=\"207\" height=\"50\"><\/p>\n<h4 style=\"text-align: center;\"><img loading=\"lazy\" decoding=\"async\" class=\"gmail-crown\" src=\"https:\/\/www.cryptominerbros.com\/wp-content\/uploads\/2019\/12\/dollar-icon.png\" width=\"26\" height=\"27\">GARANT\u00cdA COMERCIAL<\/h4>\n<div class=\"gmail-textwidget gmail-custom-html-widget\">\n<h6 style=\"text-align: center;\">Env\u00edo : Entrega en todo el mundo<\/h6>\n<h6 style=\"text-align: center;\">(Se aceptan solicitudes personalizadas)<\/h6>\n<\/div>\n","protected":false},"featured_media":1294,"comment_status":"open","ping_status":"closed","template":"","meta":[],"product_brand":[],"product_cat":[416,411],"product_tag":[],"class_list":{"0":"post-2169","1":"product","2":"type-product","3":"status-publish","4":"has-post-thumbnail","6":"product_cat-ametron-es","7":"product_cat-r404a-es","9":"first","10":"instock","11":"featured","12":"shipping-taxable","13":"product-type-simple"},"yoast_head":"<!-- This site is optimized with the Yoast SEO Premium plugin v27.0 (Yoast SEO v27.3) - https:\/\/yoast.com\/product\/yoast-seo-premium-wordpress\/ -->\n<title>R404A Ametron Refrigerants\u00ae - Experto en refrigeraci\u00f3n - Refrigerant Gas Wholesale<\/title>\n<meta name=\"robots\" content=\"index, follow, max-snippet:-1, max-image-preview:large, max-video-preview:-1\" \/>\n<link rel=\"canonical\" href=\"https:\/\/refrigerant-wholesale.com\/es\/product\/r404a-ametron-refrigerants-experto-en-refrigeracion\/\" \/>\n<meta property=\"og:locale\" content=\"es_ES\" \/>\n<meta property=\"og:type\" content=\"article\" \/>\n<meta property=\"og:title\" content=\"R404A Ametron Refrigerants\u00ae - Experto en refrigeraci\u00f3n\" \/>\n<meta property=\"og:description\" content=\"GARANT\u00cdA COMERCIAL Env\u00edo : Entrega en todo el mundo (Se aceptan solicitudes personalizadas)\" \/>\n<meta property=\"og:url\" content=\"https:\/\/refrigerant-wholesale.com\/es\/product\/r404a-ametron-refrigerants-experto-en-refrigeracion\/\" \/>\n<meta property=\"og:site_name\" content=\"Refrigerant Gas Wholesale\" \/>\n<meta property=\"article:publisher\" content=\"https:\/\/www.facebook.com\/refrigerantwholesale\" \/>\n<meta property=\"article:modified_time\" content=\"2025-03-01T21:26:03+00:00\" \/>\n<meta property=\"og:image\" content=\"http:\/\/refrigerant-wholesale.com\/wp-content\/uploads\/2024\/03\/R404A-Ametron-Refrigerants\u00ae-Cooling-Expert.webp\" \/>\n\t<meta property=\"og:image:width\" content=\"1000\" \/>\n\t<meta property=\"og:image:height\" content=\"1000\" \/>\n\t<meta property=\"og:image:type\" content=\"image\/webp\" \/>\n<meta name=\"twitter:card\" content=\"summary_large_image\" \/>\n<meta name=\"twitter:label1\" content=\"Tiempo de lectura\" \/>\n\t<meta name=\"twitter:data1\" content=\"1 minuto\" \/>\n<script type=\"application\/ld+json\" class=\"yoast-schema-graph\">{\"@context\":\"https:\\\/\\\/schema.org\",\"@graph\":[{\"@type\":\"WebPage\",\"@id\":\"https:\\\/\\\/refrigerant-wholesale.com\\\/es\\\/product\\\/r404a-ametron-refrigerants-experto-en-refrigeracion\\\/\",\"url\":\"https:\\\/\\\/refrigerant-wholesale.com\\\/es\\\/product\\\/r404a-ametron-refrigerants-experto-en-refrigeracion\\\/\",\"name\":\"R404A Ametron Refrigerants\u00ae - Experto en refrigeraci\u00f3n - Refrigerant Gas Wholesale\",\"isPartOf\":{\"@id\":\"https:\\\/\\\/refrigerant-wholesale.com\\\/es\\\/#website\"},\"primaryImageOfPage\":{\"@id\":\"https:\\\/\\\/refrigerant-wholesale.com\\\/es\\\/product\\\/r404a-ametron-refrigerants-experto-en-refrigeracion\\\/#primaryimage\"},\"image\":{\"@id\":\"https:\\\/\\\/refrigerant-wholesale.com\\\/es\\\/product\\\/r404a-ametron-refrigerants-experto-en-refrigeracion\\\/#primaryimage\"},\"thumbnailUrl\":\"https:\\\/\\\/refrigerant-wholesale.com\\\/wp-content\\\/uploads\\\/2024\\\/03\\\/R404A-Ametron-Refrigerants\u00ae-Cooling-Expert.webp\",\"datePublished\":\"2024-03-11T17:15:57+00:00\",\"dateModified\":\"2025-03-01T21:26:03+00:00\",\"breadcrumb\":{\"@id\":\"https:\\\/\\\/refrigerant-wholesale.com\\\/es\\\/product\\\/r404a-ametron-refrigerants-experto-en-refrigeracion\\\/#breadcrumb\"},\"inLanguage\":\"es\",\"potentialAction\":[{\"@type\":\"ReadAction\",\"target\":[\"https:\\\/\\\/refrigerant-wholesale.com\\\/es\\\/product\\\/r404a-ametron-refrigerants-experto-en-refrigeracion\\\/\"]}]},{\"@type\":\"ImageObject\",\"inLanguage\":\"es\",\"@id\":\"https:\\\/\\\/refrigerant-wholesale.com\\\/es\\\/product\\\/r404a-ametron-refrigerants-experto-en-refrigeracion\\\/#primaryimage\",\"url\":\"https:\\\/\\\/refrigerant-wholesale.com\\\/wp-content\\\/uploads\\\/2024\\\/03\\\/R404A-Ametron-Refrigerants\u00ae-Cooling-Expert.webp\",\"contentUrl\":\"https:\\\/\\\/refrigerant-wholesale.com\\\/wp-content\\\/uploads\\\/2024\\\/03\\\/R404A-Ametron-Refrigerants\u00ae-Cooling-Expert.webp\",\"width\":1000,\"height\":1000},{\"@type\":\"BreadcrumbList\",\"@id\":\"https:\\\/\\\/refrigerant-wholesale.com\\\/es\\\/product\\\/r404a-ametron-refrigerants-experto-en-refrigeracion\\\/#breadcrumb\",\"itemListElement\":[{\"@type\":\"ListItem\",\"position\":1,\"name\":\"Home\",\"item\":\"https:\\\/\\\/refrigerant-wholesale.com\\\/es\\\/\"},{\"@type\":\"ListItem\",\"position\":2,\"name\":\"Tienda\",\"item\":\"https:\\\/\\\/refrigerant-wholesale.com\\\/es\\\/tienda\\\/\"},{\"@type\":\"ListItem\",\"position\":3,\"name\":\"R404A Ametron Refrigerants\u00ae &#8211; Experto en refrigeraci\u00f3n\"}]},{\"@type\":\"WebSite\",\"@id\":\"https:\\\/\\\/refrigerant-wholesale.com\\\/es\\\/#website\",\"url\":\"https:\\\/\\\/refrigerant-wholesale.com\\\/es\\\/\",\"name\":\"Refrigerant Gas Wholesale\",\"description\":\"AC Gas supplier\",\"publisher\":{\"@id\":\"https:\\\/\\\/refrigerant-wholesale.com\\\/es\\\/#organization\"},\"potentialAction\":[{\"@type\":\"SearchAction\",\"target\":{\"@type\":\"EntryPoint\",\"urlTemplate\":\"https:\\\/\\\/refrigerant-wholesale.com\\\/es\\\/?s={search_term_string}\"},\"query-input\":{\"@type\":\"PropertyValueSpecification\",\"valueRequired\":true,\"valueName\":\"search_term_string\"}}],\"inLanguage\":\"es\"},{\"@type\":\"Organization\",\"@id\":\"https:\\\/\\\/refrigerant-wholesale.com\\\/es\\\/#organization\",\"name\":\"Refrigerant Gas Wholesale\",\"url\":\"https:\\\/\\\/refrigerant-wholesale.com\\\/es\\\/\",\"logo\":{\"@type\":\"ImageObject\",\"inLanguage\":\"es\",\"@id\":\"https:\\\/\\\/refrigerant-wholesale.com\\\/es\\\/#\\\/schema\\\/logo\\\/image\\\/\",\"url\":\"http:\\\/\\\/refrigerant-wholesale.com\\\/wp-content\\\/uploads\\\/2024\\\/04\\\/refrigerant-logo.png\",\"contentUrl\":\"http:\\\/\\\/refrigerant-wholesale.com\\\/wp-content\\\/uploads\\\/2024\\\/04\\\/refrigerant-logo.png\",\"width\":400,\"height\":84,\"caption\":\"Refrigerant Gas Wholesale\"},\"image\":{\"@id\":\"https:\\\/\\\/refrigerant-wholesale.com\\\/es\\\/#\\\/schema\\\/logo\\\/image\\\/\"},\"sameAs\":[\"https:\\\/\\\/www.facebook.com\\\/refrigerantwholesale\"]}]}<\/script>\n<!-- \/ Yoast SEO Premium plugin. -->","yoast_head_json":{"title":"R404A Ametron Refrigerants\u00ae - Experto en refrigeraci\u00f3n - Refrigerant Gas Wholesale","robots":{"index":"index","follow":"follow","max-snippet":"max-snippet:-1","max-image-preview":"max-image-preview:large","max-video-preview":"max-video-preview:-1"},"canonical":"https:\/\/refrigerant-wholesale.com\/es\/product\/r404a-ametron-refrigerants-experto-en-refrigeracion\/","og_locale":"es_ES","og_type":"article","og_title":"R404A Ametron Refrigerants\u00ae - Experto en refrigeraci\u00f3n","og_description":"GARANT\u00cdA COMERCIAL Env\u00edo : Entrega en todo el mundo (Se aceptan solicitudes personalizadas)","og_url":"https:\/\/refrigerant-wholesale.com\/es\/product\/r404a-ametron-refrigerants-experto-en-refrigeracion\/","og_site_name":"Refrigerant Gas Wholesale","article_publisher":"https:\/\/www.facebook.com\/refrigerantwholesale","article_modified_time":"2025-03-01T21:26:03+00:00","og_image":[{"width":1000,"height":1000,"url":"http:\/\/refrigerant-wholesale.com\/wp-content\/uploads\/2024\/03\/R404A-Ametron-Refrigerants\u00ae-Cooling-Expert.webp","type":"image\/webp"}],"twitter_card":"summary_large_image","twitter_misc":{"Tiempo de lectura":"1 minuto"},"schema":{"@context":"https:\/\/schema.org","@graph":[{"@type":"WebPage","@id":"https:\/\/refrigerant-wholesale.com\/es\/product\/r404a-ametron-refrigerants-experto-en-refrigeracion\/","url":"https:\/\/refrigerant-wholesale.com\/es\/product\/r404a-ametron-refrigerants-experto-en-refrigeracion\/","name":"R404A Ametron Refrigerants\u00ae - Experto en refrigeraci\u00f3n - Refrigerant Gas Wholesale","isPartOf":{"@id":"https:\/\/refrigerant-wholesale.com\/es\/#website"},"primaryImageOfPage":{"@id":"https:\/\/refrigerant-wholesale.com\/es\/product\/r404a-ametron-refrigerants-experto-en-refrigeracion\/#primaryimage"},"image":{"@id":"https:\/\/refrigerant-wholesale.com\/es\/product\/r404a-ametron-refrigerants-experto-en-refrigeracion\/#primaryimage"},"thumbnailUrl":"https:\/\/refrigerant-wholesale.com\/wp-content\/uploads\/2024\/03\/R404A-Ametron-Refrigerants\u00ae-Cooling-Expert.webp","datePublished":"2024-03-11T17:15:57+00:00","dateModified":"2025-03-01T21:26:03+00:00","breadcrumb":{"@id":"https:\/\/refrigerant-wholesale.com\/es\/product\/r404a-ametron-refrigerants-experto-en-refrigeracion\/#breadcrumb"},"inLanguage":"es","potentialAction":[{"@type":"ReadAction","target":["https:\/\/refrigerant-wholesale.com\/es\/product\/r404a-ametron-refrigerants-experto-en-refrigeracion\/"]}]},{"@type":"ImageObject","inLanguage":"es","@id":"https:\/\/refrigerant-wholesale.com\/es\/product\/r404a-ametron-refrigerants-experto-en-refrigeracion\/#primaryimage","url":"https:\/\/refrigerant-wholesale.com\/wp-content\/uploads\/2024\/03\/R404A-Ametron-Refrigerants\u00ae-Cooling-Expert.webp","contentUrl":"https:\/\/refrigerant-wholesale.com\/wp-content\/uploads\/2024\/03\/R404A-Ametron-Refrigerants\u00ae-Cooling-Expert.webp","width":1000,"height":1000},{"@type":"BreadcrumbList","@id":"https:\/\/refrigerant-wholesale.com\/es\/product\/r404a-ametron-refrigerants-experto-en-refrigeracion\/#breadcrumb","itemListElement":[{"@type":"ListItem","position":1,"name":"Home","item":"https:\/\/refrigerant-wholesale.com\/es\/"},{"@type":"ListItem","position":2,"name":"Tienda","item":"https:\/\/refrigerant-wholesale.com\/es\/tienda\/"},{"@type":"ListItem","position":3,"name":"R404A Ametron Refrigerants\u00ae &#8211; Experto en refrigeraci\u00f3n"}]},{"@type":"WebSite","@id":"https:\/\/refrigerant-wholesale.com\/es\/#website","url":"https:\/\/refrigerant-wholesale.com\/es\/","name":"Refrigerant Gas Wholesale","description":"AC Gas supplier","publisher":{"@id":"https:\/\/refrigerant-wholesale.com\/es\/#organization"},"potentialAction":[{"@type":"SearchAction","target":{"@type":"EntryPoint","urlTemplate":"https:\/\/refrigerant-wholesale.com\/es\/?s={search_term_string}"},"query-input":{"@type":"PropertyValueSpecification","valueRequired":true,"valueName":"search_term_string"}}],"inLanguage":"es"},{"@type":"Organization","@id":"https:\/\/refrigerant-wholesale.com\/es\/#organization","name":"Refrigerant Gas Wholesale","url":"https:\/\/refrigerant-wholesale.com\/es\/","logo":{"@type":"ImageObject","inLanguage":"es","@id":"https:\/\/refrigerant-wholesale.com\/es\/#\/schema\/logo\/image\/","url":"http:\/\/refrigerant-wholesale.com\/wp-content\/uploads\/2024\/04\/refrigerant-logo.png","contentUrl":"http:\/\/refrigerant-wholesale.com\/wp-content\/uploads\/2024\/04\/refrigerant-logo.png","width":400,"height":84,"caption":"Refrigerant Gas Wholesale"},"image":{"@id":"https:\/\/refrigerant-wholesale.com\/es\/#\/schema\/logo\/image\/"},"sameAs":["https:\/\/www.facebook.com\/refrigerantwholesale"]}]}},"_links":{"self":[{"href":"https:\/\/refrigerant-wholesale.com\/es\/wp-json\/wp\/v2\/product\/2169","targetHints":{"allow":["GET"]}}],"collection":[{"href":"https:\/\/refrigerant-wholesale.com\/es\/wp-json\/wp\/v2\/product"}],"about":[{"href":"https:\/\/refrigerant-wholesale.com\/es\/wp-json\/wp\/v2\/types\/product"}],"replies":[{"embeddable":true,"href":"https:\/\/refrigerant-wholesale.com\/es\/wp-json\/wp\/v2\/comments?post=2169"}],"wp:featuredmedia":[{"embeddable":true,"href":"https:\/\/refrigerant-wholesale.com\/es\/wp-json\/wp\/v2\/media\/1294"}],"wp:attachment":[{"href":"https:\/\/refrigerant-wholesale.com\/es\/wp-json\/wp\/v2\/media?parent=2169"}],"wp:term":[{"taxonomy":"product_brand","embeddable":true,"href":"https:\/\/refrigerant-wholesale.com\/es\/wp-json\/wp\/v2\/product_brand?post=2169"},{"taxonomy":"product_cat","embeddable":true,"href":"https:\/\/refrigerant-wholesale.com\/es\/wp-json\/wp\/v2\/product_cat?post=2169"},{"taxonomy":"product_tag","embeddable":true,"href":"https:\/\/refrigerant-wholesale.com\/es\/wp-json\/wp\/v2\/product_tag?post=2169"}],"curies":[{"name":"wp","href":"https:\/\/api.w.org\/{rel}","templated":true}]}}