{"id":2157,"date":"2024-07-13T23:38:23","date_gmt":"2024-07-13T23:38:23","guid":{"rendered":"https:\/\/refrigerant-wholesale.com\/product\/pale-completo-r-404a-40-cilindros\/"},"modified":"2025-03-01T23:27:48","modified_gmt":"2025-03-01T23:27:48","slug":"pale-completo-r-404a-40-cilindros","status":"publish","type":"product","link":"https:\/\/refrigerant-wholesale.com\/es\/product\/pale-completo-r-404a-40-cilindros\/","title":{"rendered":"Pal\u00e9 completo R-404A (40 cilindros)"},"content":{"rendered":"<h3><strong>Revoluciona tus soluciones de refrigeraci\u00f3n con el refrigerante R-404A &#8211; \u00a1Disponible para mayoristas!<\/strong><\/h3>\n<p>\u00bfEst\u00e1s buscando un refrigerante fiable que pueda ofrecer un rendimiento de refrigeraci\u00f3n de primera categor\u00eda en diversas aplicaciones? No busques m\u00e1s. <strong>El refrigerante R-404A al por mayor<\/strong> es tu soluci\u00f3n para los sistemas de refrigeraci\u00f3n comercial e industrial. Como l\u00edderes en el mercado de refrigerantes, estamos orgullosos de ofrecer <strong>el precio al por mayor del R-404A<\/strong> a empresas de todo el mundo. Con su eficacia demostrada para mantener temperaturas \u00f3ptimas, es la elecci\u00f3n perfecta para garantizar un funcionamiento sin problemas en los sistemas de refrigeraci\u00f3n.<\/p>\n<h3>\u00bfPor qu\u00e9 elegir el refrigerante R-404A?<\/h3>\n<p><strong>El refrigerante R-404A<\/strong> es una mezcla no t\u00f3xica ampliamente utilizada, dise\u00f1ada espec\u00edficamente para <strong>aplicaciones de refrigeraci\u00f3n a media y baja temperatura<\/strong>. Tanto si trabajas en el sector minorista de la alimentaci\u00f3n como en el del transporte o el almacenamiento frigor\u00edfico, este refrigerante garantiza una refrigeraci\u00f3n eficaz en diversas condiciones. Con su composici\u00f3n qu\u00edmica estable y sus excelentes propiedades termodin\u00e1micas, supera a muchas otras alternativas. Si necesitas un refrigerante que combine fiabilidad, eficacia y seguridad, <strong>el R-404A es tu mejor elecci\u00f3n<\/strong>.<\/p>\n<p>Transici\u00f3n a <a href=\"https:\/\/refrigerant-wholesale.com\/es\/categoria-producto\/r404a-es\/\"><strong>R-404A<\/strong><\/a> desde refrigerantes m\u00e1s antiguos es sencillo. Es compatible con la mayor\u00eda de los equipos existentes, lo que minimiza el coste y las molestias de las modificaciones del sistema. Esta flexibilidad lo convierte en una opci\u00f3n ideal para las empresas que buscan una actualizaci\u00f3n f\u00e1cil y rentable.<\/p>\n<h3>Rendimiento superior en m\u00faltiples aplicaciones<\/h3>\n<p>El R-404A es muy eficaz en diversos sistemas de refrigeraci\u00f3n comercial, incluidos los utilizados en <strong>supermercados<\/strong>, <strong>refrigeraci\u00f3n de transporte<\/strong> y <strong>congeladores industriales<\/strong>. El refrigerante ofrece un rendimiento de refrigeraci\u00f3n superior, al tiempo que garantiza la longevidad de tu sistema. Es especialmente beneficioso en entornos de alta demanda, donde es fundamental un control constante de la temperatura.<\/p>\n<p>Una de las principales razones para considerar el <strong><a href=\"https:\/\/www.google.com\/search?q=r404a+refrigerant+wholesale&amp;sca_esv=8141674a718dc13d&amp;sxsrf=ADLYWIKJ5poIa-Pe4tvpc8za__LHwxSebQ%3A1728398382856&amp;ei=LkQFZ6LqM-urxc8Psfu6oQY&amp;ved=0ahUKEwiiuY_dgf-IAxXrVfEDHbG9LmQQ4dUDCA8&amp;uact=5&amp;oq=r404a+refrigerant+wholesale&amp;gs_lp=Egxnd3Mtd2l6LXNlcnAiG3I0MDRhIHJlZnJpZ2VyYW50IHdob2xlc2FsZTIIEAAYCBgeGA8yCxAAGIAEGIYDGIoFMgsQABiABBiGAxiKBTILEAAYgAQYhgMYigUyCxAAGIAEGIYDGIoFMggQABiABBiiBDIIEAAYgAQYogQyCBAAGIAEGKIEMggQABiABBiiBDIIEAAYgAQYogRIsfYBUL8HWKmEAXABeAGQAQCYAaEBoAG3DqoBBDAuMTS4AQPIAQD4AQGYAg-gAu4OwgIKEAAYsAMY1gQYR8ICBRAAGIAEwgILEAAYgAQYkQIYigXCAgYQABgWGB7CAggQABgWGB4YD8ICChAAGIAEGBQYhwLCAggQABiiBBiJBcICBxAAGIAEGA3CAgYQABgIGB7CAgYQABgHGB7CAggQABgHGAgYHsICChAAGAcYCBgeGA-YAwCIBgGQBgiSBwQxLjE0oAeFXg&amp;sclient=gws-wiz-serp\">refrigerante R-404A<\/a><\/strong> para tu empresa es su capacidad para mantener la m\u00e1xima eficiencia en <strong>aplicaciones de baja temperatura<\/strong>. Su <strong>bajo potencial de calentamiento global (PCG<\/strong> ) lo convierte en una opci\u00f3n inteligente para las empresas preocupadas por la sostenibilidad y el cumplimiento de la normativa medioambiental. Con el R-404A, puedes estar seguro de que tus sistemas de refrigeraci\u00f3n funcionan eficientemente y cumplen las normas internacionales.<\/p>\n<h3>Refrigerante R-404A Disponibilidad al por mayor &#8211; \u00a1Env\u00edo a todo el mundo!<\/h3>\n<p>Ofrecemos <strong>R404A precio al por mayor<\/strong> altamente competitivo . Tanto si necesitas peque\u00f1as como grandes cantidades, estamos equipados para gestionar <strong>pedidos al por mayor<\/strong> con facilidad. Nuestra red mundial de env\u00edos garantiza una entrega r\u00e1pida y segura en tu ubicaci\u00f3n, est\u00e9s donde est\u00e9s. Al asociarte con nosotros, disfrutar\u00e1s de una experiencia perfecta desde la realizaci\u00f3n del pedido hasta la entrega.<\/p>\n<h3>Proveedor de confianza, calidad garantizada<\/h3>\n<p>Cuando nos compras refrigerante R-404A, eliges a un proveedor fiable con a\u00f1os de experiencia en el sector. Garantizamos la <strong>m\u00e1xima calidad del producto<\/strong>, cumpliendo las normas internacionales de seguridad y rendimiento. Nuestro compromiso con la satisfacci\u00f3n del cliente es inigualable, y siempre estamos dispuestos a ofrecerte apoyo experto cuando lo necesites.<\/p>\n<p>No pierdas esta oportunidad de mejorar tus sistemas de refrigeraci\u00f3n. <strong>Ponte en contacto con nosotros hoy mismo<\/strong> para obtener m\u00e1s informaci\u00f3n sobre nuestras opciones de <strong>venta al por mayor de refrigerante R-404A<\/strong>. Deja que te ayudemos a mantener tu negocio funcionando sin problemas con el mejor refrigerante del mercado.<\/p>\n<h4><\/h4>\n<h4>R-404A 24 lb. 35 lb. con cilindro y embalaje<\/h4>\n<div>**Oferta de descuento en compras a granel: Ahorra a lo grande cuando te abastezcas!**<\/div>\n<div><\/div>\n<div>\u00a1Benef\u00edciate de nuestro descuento exclusivo en compras al por mayor! Compra en grandes cantidades y disfruta de importantes ahorros en tus productos favoritos. Perfecto para empresas, organizadores de eventos o cualquiera que quiera abastecerse y ahorrar. Cuanto m\u00e1s compres, m\u00e1s ahorrar\u00e1s: \u00a1no te pierdas esta incre\u00edble oferta!<\/div>\n","protected":false},"excerpt":{"rendered":"<p><img loading=\"lazy\" decoding=\"async\" class=\"alignnone wp-image-437 aligncenter\" src=\"http:\/\/refrigerant-wholesale.com\/wp-content\/uploads\/2024\/03\/Screenshot-69.png\" alt=\"\" width=\"207\" height=\"50\" \/><\/p>\n<h4 style=\"text-align: center;\"><img loading=\"lazy\" decoding=\"async\" class=\"alignnone wp-image-744\" src=\"http:\/\/refrigerant-wholesale.com\/wp-content\/uploads\/2024\/07\/removal.ai_8ca2a79e-d09f-4bd1-a4fe-c4c69f1a4386_Trade-Assurance-381x400.png\" alt=\"Refrigerantes WS\" width=\"26\" height=\"27\" srcset=\"https:\/\/refrigerant-wholesale.com\/wp-content\/uploads\/2024\/07\/removal.ai_8ca2a79e-d09f-4bd1-a4fe-c4c69f1a4386_Trade-Assurance-381x400.png 381w, https:\/\/refrigerant-wholesale.com\/wp-content\/uploads\/2024\/07\/removal.ai_8ca2a79e-d09f-4bd1-a4fe-c4c69f1a4386_Trade-Assurance-100x100.png 100w, https:\/\/refrigerant-wholesale.com\/wp-content\/uploads\/2024\/07\/removal.ai_8ca2a79e-d09f-4bd1-a4fe-c4c69f1a4386_Trade-Assurance-280x280.png 280w, https:\/\/refrigerant-wholesale.com\/wp-content\/uploads\/2024\/07\/removal.ai_8ca2a79e-d09f-4bd1-a4fe-c4c69f1a4386_Trade-Assurance.png 388w\" sizes=\"auto, (max-width: 26px) 100vw, 26px\" \/>GARANT\u00cdA COMERCIAL<\/h4>\n<div class=\"gmail-textwidget gmail-custom-html-widget\">\n<h6 style=\"text-align: center;\">Env\u00edo : Entrega en todo el mundo<\/h6>\n<h6 style=\"text-align: center;\">(Se aceptan solicitudes personalizadas)<\/h6>\n<p style=\"text-align: center;\">100% VIRGEN Sellado de f\u00e1brica GARANTIZADO<\/p>\n<p style=\"text-align: center;\"><a href=\"http:\/\/refrigerant-wholesale.com\/wp-content\/uploads\/2024\/07\/SDS-R404A.pdf\" target=\"_self\" class=\"button primary is-green is-small\"  >\n    <span>Descargar la ficha de datos de seguridad<\/span>\n  <\/a>\n\n<\/div>\n","protected":false},"featured_media":1558,"comment_status":"open","ping_status":"closed","template":"","meta":[],"product_brand":[],"product_cat":[411,270],"product_tag":[],"class_list":{"0":"post-2157","1":"product","2":"type-product","3":"status-publish","4":"has-post-thumbnail","6":"product_cat-r404a-es","7":"product_cat-sin-categoria","9":"first","10":"instock","11":"shipping-taxable","12":"product-type-simple"},"yoast_head":"<!-- This site is optimized with the Yoast SEO Premium plugin v27.0 (Yoast SEO v27.3) - https:\/\/yoast.com\/product\/yoast-seo-premium-wordpress\/ -->\n<title>R-404A Refrigerante al por mayor | Descuento R404A Precio<\/title>\n<meta name=\"description\" content=\"Comprar Refrigerante R-404A Precio al por mayor. Consigue descuentos R404A Precio al por mayor. Productos 100% aut\u00e9nticos. Entrega r\u00e1pida en todo el mundo\" \/>\n<meta name=\"robots\" content=\"index, follow, max-snippet:-1, max-image-preview:large, max-video-preview:-1\" \/>\n<link rel=\"canonical\" href=\"https:\/\/refrigerant-wholesale.com\/es\/product\/pale-completo-r-404a-40-cilindros\/\" \/>\n<meta property=\"og:locale\" content=\"es_ES\" \/>\n<meta property=\"og:type\" content=\"article\" \/>\n<meta property=\"og:title\" content=\"Pal\u00e9 completo R-404A (40 cilindros)\" \/>\n<meta property=\"og:description\" content=\"Comprar Refrigerante R-404A Precio al por mayor. Consigue descuentos R404A Precio al por mayor. Productos 100% aut\u00e9nticos. Entrega r\u00e1pida en todo el mundo\" \/>\n<meta property=\"og:url\" content=\"https:\/\/refrigerant-wholesale.com\/es\/product\/pale-completo-r-404a-40-cilindros\/\" \/>\n<meta property=\"og:site_name\" content=\"Refrigerant Gas Wholesale\" \/>\n<meta property=\"article:publisher\" content=\"https:\/\/www.facebook.com\/refrigerantwholesale\" \/>\n<meta property=\"article:modified_time\" content=\"2025-03-01T23:27:48+00:00\" \/>\n<meta property=\"og:image\" content=\"http:\/\/refrigerant-wholesale.com\/wp-content\/uploads\/2024\/07\/404A-40.jpg\" \/>\n\t<meta property=\"og:image:width\" content=\"1000\" \/>\n\t<meta property=\"og:image:height\" content=\"1000\" \/>\n\t<meta property=\"og:image:type\" content=\"image\/jpeg\" \/>\n<meta name=\"twitter:card\" content=\"summary_large_image\" \/>\n<meta name=\"twitter:label1\" content=\"Tiempo de lectura\" \/>\n\t<meta name=\"twitter:data1\" content=\"3 minutos\" \/>\n<script type=\"application\/ld+json\" class=\"yoast-schema-graph\">{\"@context\":\"https:\\\/\\\/schema.org\",\"@graph\":[{\"@type\":\"WebPage\",\"@id\":\"https:\\\/\\\/refrigerant-wholesale.com\\\/es\\\/product\\\/pale-completo-r-404a-40-cilindros\\\/\",\"url\":\"https:\\\/\\\/refrigerant-wholesale.com\\\/es\\\/product\\\/pale-completo-r-404a-40-cilindros\\\/\",\"name\":\"R-404A Refrigerante al por mayor | Descuento R404A Precio\",\"isPartOf\":{\"@id\":\"https:\\\/\\\/refrigerant-wholesale.com\\\/es\\\/#website\"},\"primaryImageOfPage\":{\"@id\":\"https:\\\/\\\/refrigerant-wholesale.com\\\/es\\\/product\\\/pale-completo-r-404a-40-cilindros\\\/#primaryimage\"},\"image\":{\"@id\":\"https:\\\/\\\/refrigerant-wholesale.com\\\/es\\\/product\\\/pale-completo-r-404a-40-cilindros\\\/#primaryimage\"},\"thumbnailUrl\":\"https:\\\/\\\/refrigerant-wholesale.com\\\/wp-content\\\/uploads\\\/2024\\\/07\\\/404A-40.jpg\",\"datePublished\":\"2024-07-13T23:38:23+00:00\",\"dateModified\":\"2025-03-01T23:27:48+00:00\",\"description\":\"Comprar Refrigerante R-404A Precio al por mayor. Consigue descuentos R404A Precio al por mayor. Productos 100% aut\u00e9nticos. Entrega r\u00e1pida en todo el mundo\",\"breadcrumb\":{\"@id\":\"https:\\\/\\\/refrigerant-wholesale.com\\\/es\\\/product\\\/pale-completo-r-404a-40-cilindros\\\/#breadcrumb\"},\"inLanguage\":\"es\",\"potentialAction\":[{\"@type\":\"ReadAction\",\"target\":[\"https:\\\/\\\/refrigerant-wholesale.com\\\/es\\\/product\\\/pale-completo-r-404a-40-cilindros\\\/\"]}]},{\"@type\":\"ImageObject\",\"inLanguage\":\"es\",\"@id\":\"https:\\\/\\\/refrigerant-wholesale.com\\\/es\\\/product\\\/pale-completo-r-404a-40-cilindros\\\/#primaryimage\",\"url\":\"https:\\\/\\\/refrigerant-wholesale.com\\\/wp-content\\\/uploads\\\/2024\\\/07\\\/404A-40.jpg\",\"contentUrl\":\"https:\\\/\\\/refrigerant-wholesale.com\\\/wp-content\\\/uploads\\\/2024\\\/07\\\/404A-40.jpg\",\"width\":1000,\"height\":1000,\"caption\":\"Proveedor de refrigerante R404a, Refrigerante R404a, R404a, Refrigerante R404a, Fre\u00f3n R 404a, Comprar refrigerante R404a, Venta de refrigerante R404a, Precio al por mayor de R404A\"},{\"@type\":\"BreadcrumbList\",\"@id\":\"https:\\\/\\\/refrigerant-wholesale.com\\\/es\\\/product\\\/pale-completo-r-404a-40-cilindros\\\/#breadcrumb\",\"itemListElement\":[{\"@type\":\"ListItem\",\"position\":1,\"name\":\"Home\",\"item\":\"https:\\\/\\\/refrigerant-wholesale.com\\\/es\\\/\"},{\"@type\":\"ListItem\",\"position\":2,\"name\":\"Tienda\",\"item\":\"https:\\\/\\\/refrigerant-wholesale.com\\\/es\\\/tienda\\\/\"},{\"@type\":\"ListItem\",\"position\":3,\"name\":\"Pal\u00e9 completo R-404A (40 cilindros)\"}]},{\"@type\":\"WebSite\",\"@id\":\"https:\\\/\\\/refrigerant-wholesale.com\\\/es\\\/#website\",\"url\":\"https:\\\/\\\/refrigerant-wholesale.com\\\/es\\\/\",\"name\":\"Refrigerant Gas Wholesale\",\"description\":\"AC Gas supplier\",\"publisher\":{\"@id\":\"https:\\\/\\\/refrigerant-wholesale.com\\\/es\\\/#organization\"},\"potentialAction\":[{\"@type\":\"SearchAction\",\"target\":{\"@type\":\"EntryPoint\",\"urlTemplate\":\"https:\\\/\\\/refrigerant-wholesale.com\\\/es\\\/?s={search_term_string}\"},\"query-input\":{\"@type\":\"PropertyValueSpecification\",\"valueRequired\":true,\"valueName\":\"search_term_string\"}}],\"inLanguage\":\"es\"},{\"@type\":\"Organization\",\"@id\":\"https:\\\/\\\/refrigerant-wholesale.com\\\/es\\\/#organization\",\"name\":\"Refrigerant Gas Wholesale\",\"url\":\"https:\\\/\\\/refrigerant-wholesale.com\\\/es\\\/\",\"logo\":{\"@type\":\"ImageObject\",\"inLanguage\":\"es\",\"@id\":\"https:\\\/\\\/refrigerant-wholesale.com\\\/es\\\/#\\\/schema\\\/logo\\\/image\\\/\",\"url\":\"http:\\\/\\\/refrigerant-wholesale.com\\\/wp-content\\\/uploads\\\/2024\\\/04\\\/refrigerant-logo.png\",\"contentUrl\":\"http:\\\/\\\/refrigerant-wholesale.com\\\/wp-content\\\/uploads\\\/2024\\\/04\\\/refrigerant-logo.png\",\"width\":400,\"height\":84,\"caption\":\"Refrigerant Gas Wholesale\"},\"image\":{\"@id\":\"https:\\\/\\\/refrigerant-wholesale.com\\\/es\\\/#\\\/schema\\\/logo\\\/image\\\/\"},\"sameAs\":[\"https:\\\/\\\/www.facebook.com\\\/refrigerantwholesale\"]}]}<\/script>\n<!-- \/ Yoast SEO Premium plugin. -->","yoast_head_json":{"title":"R-404A Refrigerante al por mayor | Descuento R404A Precio","description":"Comprar Refrigerante R-404A Precio al por mayor. Consigue descuentos R404A Precio al por mayor. Productos 100% aut\u00e9nticos. Entrega r\u00e1pida en todo el mundo","robots":{"index":"index","follow":"follow","max-snippet":"max-snippet:-1","max-image-preview":"max-image-preview:large","max-video-preview":"max-video-preview:-1"},"canonical":"https:\/\/refrigerant-wholesale.com\/es\/product\/pale-completo-r-404a-40-cilindros\/","og_locale":"es_ES","og_type":"article","og_title":"Pal\u00e9 completo R-404A (40 cilindros)","og_description":"Comprar Refrigerante R-404A Precio al por mayor. Consigue descuentos R404A Precio al por mayor. Productos 100% aut\u00e9nticos. Entrega r\u00e1pida en todo el mundo","og_url":"https:\/\/refrigerant-wholesale.com\/es\/product\/pale-completo-r-404a-40-cilindros\/","og_site_name":"Refrigerant Gas Wholesale","article_publisher":"https:\/\/www.facebook.com\/refrigerantwholesale","article_modified_time":"2025-03-01T23:27:48+00:00","og_image":[{"width":1000,"height":1000,"url":"http:\/\/refrigerant-wholesale.com\/wp-content\/uploads\/2024\/07\/404A-40.jpg","type":"image\/jpeg"}],"twitter_card":"summary_large_image","twitter_misc":{"Tiempo de lectura":"3 minutos"},"schema":{"@context":"https:\/\/schema.org","@graph":[{"@type":"WebPage","@id":"https:\/\/refrigerant-wholesale.com\/es\/product\/pale-completo-r-404a-40-cilindros\/","url":"https:\/\/refrigerant-wholesale.com\/es\/product\/pale-completo-r-404a-40-cilindros\/","name":"R-404A Refrigerante al por mayor | Descuento R404A Precio","isPartOf":{"@id":"https:\/\/refrigerant-wholesale.com\/es\/#website"},"primaryImageOfPage":{"@id":"https:\/\/refrigerant-wholesale.com\/es\/product\/pale-completo-r-404a-40-cilindros\/#primaryimage"},"image":{"@id":"https:\/\/refrigerant-wholesale.com\/es\/product\/pale-completo-r-404a-40-cilindros\/#primaryimage"},"thumbnailUrl":"https:\/\/refrigerant-wholesale.com\/wp-content\/uploads\/2024\/07\/404A-40.jpg","datePublished":"2024-07-13T23:38:23+00:00","dateModified":"2025-03-01T23:27:48+00:00","description":"Comprar Refrigerante R-404A Precio al por mayor. Consigue descuentos R404A Precio al por mayor. Productos 100% aut\u00e9nticos. Entrega r\u00e1pida en todo el mundo","breadcrumb":{"@id":"https:\/\/refrigerant-wholesale.com\/es\/product\/pale-completo-r-404a-40-cilindros\/#breadcrumb"},"inLanguage":"es","potentialAction":[{"@type":"ReadAction","target":["https:\/\/refrigerant-wholesale.com\/es\/product\/pale-completo-r-404a-40-cilindros\/"]}]},{"@type":"ImageObject","inLanguage":"es","@id":"https:\/\/refrigerant-wholesale.com\/es\/product\/pale-completo-r-404a-40-cilindros\/#primaryimage","url":"https:\/\/refrigerant-wholesale.com\/wp-content\/uploads\/2024\/07\/404A-40.jpg","contentUrl":"https:\/\/refrigerant-wholesale.com\/wp-content\/uploads\/2024\/07\/404A-40.jpg","width":1000,"height":1000,"caption":"Proveedor de refrigerante R404a, Refrigerante R404a, R404a, Refrigerante R404a, Fre\u00f3n R 404a, Comprar refrigerante R404a, Venta de refrigerante R404a, Precio al por mayor de R404A"},{"@type":"BreadcrumbList","@id":"https:\/\/refrigerant-wholesale.com\/es\/product\/pale-completo-r-404a-40-cilindros\/#breadcrumb","itemListElement":[{"@type":"ListItem","position":1,"name":"Home","item":"https:\/\/refrigerant-wholesale.com\/es\/"},{"@type":"ListItem","position":2,"name":"Tienda","item":"https:\/\/refrigerant-wholesale.com\/es\/tienda\/"},{"@type":"ListItem","position":3,"name":"Pal\u00e9 completo R-404A (40 cilindros)"}]},{"@type":"WebSite","@id":"https:\/\/refrigerant-wholesale.com\/es\/#website","url":"https:\/\/refrigerant-wholesale.com\/es\/","name":"Refrigerant Gas Wholesale","description":"AC Gas supplier","publisher":{"@id":"https:\/\/refrigerant-wholesale.com\/es\/#organization"},"potentialAction":[{"@type":"SearchAction","target":{"@type":"EntryPoint","urlTemplate":"https:\/\/refrigerant-wholesale.com\/es\/?s={search_term_string}"},"query-input":{"@type":"PropertyValueSpecification","valueRequired":true,"valueName":"search_term_string"}}],"inLanguage":"es"},{"@type":"Organization","@id":"https:\/\/refrigerant-wholesale.com\/es\/#organization","name":"Refrigerant Gas Wholesale","url":"https:\/\/refrigerant-wholesale.com\/es\/","logo":{"@type":"ImageObject","inLanguage":"es","@id":"https:\/\/refrigerant-wholesale.com\/es\/#\/schema\/logo\/image\/","url":"http:\/\/refrigerant-wholesale.com\/wp-content\/uploads\/2024\/04\/refrigerant-logo.png","contentUrl":"http:\/\/refrigerant-wholesale.com\/wp-content\/uploads\/2024\/04\/refrigerant-logo.png","width":400,"height":84,"caption":"Refrigerant Gas Wholesale"},"image":{"@id":"https:\/\/refrigerant-wholesale.com\/es\/#\/schema\/logo\/image\/"},"sameAs":["https:\/\/www.facebook.com\/refrigerantwholesale"]}]}},"_links":{"self":[{"href":"https:\/\/refrigerant-wholesale.com\/es\/wp-json\/wp\/v2\/product\/2157","targetHints":{"allow":["GET"]}}],"collection":[{"href":"https:\/\/refrigerant-wholesale.com\/es\/wp-json\/wp\/v2\/product"}],"about":[{"href":"https:\/\/refrigerant-wholesale.com\/es\/wp-json\/wp\/v2\/types\/product"}],"replies":[{"embeddable":true,"href":"https:\/\/refrigerant-wholesale.com\/es\/wp-json\/wp\/v2\/comments?post=2157"}],"wp:featuredmedia":[{"embeddable":true,"href":"https:\/\/refrigerant-wholesale.com\/es\/wp-json\/wp\/v2\/media\/1558"}],"wp:attachment":[{"href":"https:\/\/refrigerant-wholesale.com\/es\/wp-json\/wp\/v2\/media?parent=2157"}],"wp:term":[{"taxonomy":"product_brand","embeddable":true,"href":"https:\/\/refrigerant-wholesale.com\/es\/wp-json\/wp\/v2\/product_brand?post=2157"},{"taxonomy":"product_cat","embeddable":true,"href":"https:\/\/refrigerant-wholesale.com\/es\/wp-json\/wp\/v2\/product_cat?post=2157"},{"taxonomy":"product_tag","embeddable":true,"href":"https:\/\/refrigerant-wholesale.com\/es\/wp-json\/wp\/v2\/product_tag?post=2157"}],"curies":[{"name":"wp","href":"https:\/\/api.w.org\/{rel}","templated":true}]}}