{"id":2150,"date":"2024-07-13T23:32:46","date_gmt":"2024-07-13T23:32:46","guid":{"rendered":"https:\/\/refrigerant-wholesale.com\/product\/media-paleta-r-404a-20-cilindros\/"},"modified":"2025-03-01T23:29:33","modified_gmt":"2025-03-01T23:29:33","slug":"media-paleta-r-404a-20-cilindros","status":"publish","type":"product","link":"https:\/\/refrigerant-wholesale.com\/es\/product\/media-paleta-r-404a-20-cilindros\/","title":{"rendered":"Media paleta R-404A (20 cilindros)"},"content":{"rendered":"<h3><strong>Proveedor de refrigerante R-404A de alta calidad a mercados de todo el mundo<\/strong><\/h3>\n<p>\u00bfBuscas un <strong>proveedor<\/strong> fiable <strong>de refrigerante R-404A<\/strong> para tus necesidades de refrigeraci\u00f3n? Has encontrado al socio adecuado. En [Your Company Name], nos dedicamos a suministrar refrigerantes de primera calidad a clientes de todo el mundo. Tanto si diriges una peque\u00f1a empresa como si gestionas una operaci\u00f3n a gran escala, nuestro <strong>suministro<\/strong> <strong>al por mayor<\/strong> <strong>de refrigerante R404A<\/strong> de alta calidad garantiza que tus sistemas de refrigeraci\u00f3n funcionen con eficiencia y eficacia. Nos comprometemos a satisfacer las demandas de nuestros clientes de todo el mundo con entregas r\u00e1pidas y precios competitivos.<\/p>\n<h3>\u00bfPor qu\u00e9 elegir nuestro refrigerante R-404A?<\/h3>\n<p>Elegir al proveedor de refrigerantes adecuado puede ser complicado, pero nosotros lo hacemos f\u00e1cil. Nuestro <a href=\"https:\/\/www.google.com\/search?q=r404a+refrigerant+suppliers&amp;sca_esv=8141674a718dc13d&amp;sxsrf=ADLYWIL5xbiyw09kTQWAI3pH4ZLnWHIAYw%3A1728428481472&amp;ei=wbkFZ4K1HICG7NYP_8CTCA&amp;ved=0ahUKEwjCmaHt8f-IAxUAA9sEHX_gBAEQ4dUDCA8&amp;uact=5&amp;oq=r404a+refrigerant+suppliers&amp;gs_lp=Egxnd3Mtd2l6LXNlcnAiG3I0MDRhIHJlZnJpZ2VyYW50IHN1cHBsaWVyczIFECEYoAEyBRAhGKABMgUQIRigAUi_N1CgB1iGC3ABeACQAQCYAY4BoAGgA6oBAzAuM7gBA8gBAPgBAZgCBKACtwPCAggQABiABBiwA8ICBxAAGLADGB7CAg4QABiABBiwAxiGAxiKBcICCxAAGIAEGLADGKIEwgIIECEYoAEYwwTCAggQABiABBiiBJgDAIgGAZAGCpIHAzEuM6AH3wo&amp;sclient=gws-wiz-serp\"><strong>refrigerante R-404A<\/strong><\/a> es conocido por su rendimiento superior en aplicaciones de refrigeraci\u00f3n comercial. Es ideal para sistemas de baja y media temperatura, como supermercados, plantas de procesamiento de alimentos e instalaciones de almacenamiento en fr\u00edo. Adem\u00e1s, <strong>el R404A<\/strong> es una soluci\u00f3n probada tanto en sistemas nuevos como de adaptaci\u00f3n. Adem\u00e1s, cuando te abasteces con nosotros, obtienes un producto de alta calidad respaldado por un servicio de atenci\u00f3n al cliente excepcional.<\/p>\n<h3>Env\u00edos a todo el mundo y precios competitivos<\/h3>\n<p>Entendemos la demanda mundial de soluciones frigor\u00edficas eficientes. Por eso ofrecemos <strong>env\u00edos a todo el mundo<\/strong>, para garantizar que nuestros clientes, est\u00e9n donde est\u00e9n, reciban los refrigerantes que necesitan. Tanto si est\u00e1s en Europa, Asia, \u00c1frica o Am\u00e9rica, nuestro equipo de log\u00edstica se asegura de que tus pedidos lleguen seguros y a tiempo. Tambi\u00e9n mantenemos <strong>precios competitivos<\/strong> en todos los mercados, ayud\u00e1ndote a ahorrar costes sin comprometer la calidad. Conf\u00eda en nosotros para suministrar <a href=\"https:\/\/refrigerant-wholesale.com\/es\/categoria-producto\/r404a-es\/\"><strong>refrigerante R-404A<\/strong><\/a> de forma r\u00e1pida y eficaz a tu ubicaci\u00f3n.<\/p>\n<h3>Refrigerantes certificados y ecol\u00f3gicos<\/h3>\n<p>Como <strong>proveedor<\/strong> l\u00edder <strong>de refrigerante R-404A<\/strong>, damos prioridad a la sostenibilidad y al cumplimiento de las normas medioambientales internacionales. Nuestros productos est\u00e1n certificados y cumplen todas las normativas, lo que garantiza que tu empresa se mantenga a la vanguardia. Adem\u00e1s, <strong>el R404A<\/strong> es un refrigerante que se utiliza en todo el mundo desde hace mucho tiempo, e invertimos continuamente en soluciones innovadoras que contribuyan a reducir el impacto medioambiental. Al elegirnos, no s\u00f3lo obtienes un refrigerante fiable, sino que tambi\u00e9n apoyas un enfoque m\u00e1s ecol\u00f3gico de la refrigeraci\u00f3n.<\/p>\n<h3>Excelente atenci\u00f3n al cliente<\/h3>\n<p>Nos enorgullecemos de ofrecer una atenci\u00f3n al cliente excepcional a todos nuestros clientes. Tanto si tienes preguntas sobre nuestro <strong>refrigerante R-404A<\/strong> como si necesitas ayuda con tu pedido, nuestro equipo de expertos est\u00e1 aqu\u00ed para ayudarte. Adem\u00e1s, desde la elecci\u00f3n del producto adecuado hasta la navegaci\u00f3n por los env\u00edos internacionales, estamos contigo en cada paso del camino. Tu satisfacci\u00f3n es nuestra prioridad, y nos comprometemos a proporcionarte una experiencia fluida y sin complicaciones.<\/p>\n<h3>Contacta con nosotros hoy mismo para el suministro de refrigerante R-404A<\/h3>\n<p>\u00bfBuscas un <strong>proveedor de refrigerante R-404A<\/strong> fiable y rentable? Ponte en contacto con nosotros hoy mismo para obtener un presupuesto y empezar a beneficiarte de nuestros productos y servicios de m\u00e1xima calidad. Perm\u00edtenos ayudar a que tu negocio funcione sin problemas con el <strong>suministro de refrigerante R-404A<\/strong> de primera calidad al por mayor enviado a tu puerta. No esperes: ponte en contacto con nosotros ahora y aseg\u00farate de que tus sistemas de refrigeraci\u00f3n sean eficientes todo el a\u00f1o.<\/p>\n<h4>R-404A 24 lb. 35 lb. con cilindro y embalaje<\/h4>\n<p>&nbsp;<\/p>\n","protected":false},"excerpt":{"rendered":"<p><img loading=\"lazy\" decoding=\"async\" class=\"alignnone wp-image-437 aligncenter\" src=\"http:\/\/refrigerant-wholesale.com\/wp-content\/uploads\/2024\/03\/Screenshot-69.png\" alt=\"\" width=\"207\" height=\"50\" \/><\/p>\n<h4 style=\"text-align: center;\"><img loading=\"lazy\" decoding=\"async\" class=\"alignnone wp-image-744\" src=\"http:\/\/refrigerant-wholesale.com\/wp-content\/uploads\/2024\/07\/removal.ai_8ca2a79e-d09f-4bd1-a4fe-c4c69f1a4386_Trade-Assurance-381x400.png\" alt=\"Refrigerantes WS\" width=\"29\" height=\"31\" srcset=\"https:\/\/refrigerant-wholesale.com\/wp-content\/uploads\/2024\/07\/removal.ai_8ca2a79e-d09f-4bd1-a4fe-c4c69f1a4386_Trade-Assurance-381x400.png 381w, https:\/\/refrigerant-wholesale.com\/wp-content\/uploads\/2024\/07\/removal.ai_8ca2a79e-d09f-4bd1-a4fe-c4c69f1a4386_Trade-Assurance.png 388w\" sizes=\"auto, (max-width: 29px) 100vw, 29px\" \/>GARANT\u00cdA COMERCIAL<\/h4>\n<div class=\"gmail-textwidget gmail-custom-html-widget\">\n<h6 style=\"text-align: center;\">Env\u00edo : Entrega en todo el mundo<\/h6>\n<h6 style=\"text-align: center;\">(Se aceptan solicitudes personalizadas)<\/h6>\n<p style=\"text-align: center;\">100% VIRGEN Sellado de f\u00e1brica GARANTIZADO<\/p>\n<p style=\"text-align: center;\"><a href=\"http:\/\/refrigerant-wholesale.com\/wp-content\/uploads\/2024\/07\/SDS-R404A.pdf\" target=\"_self\" class=\"button primary is-green is-small\"  >\n    <span>Descargar la ficha de seguridad<\/span>\n  <\/a>\n\n<\/div>\n","protected":false},"featured_media":1555,"comment_status":"open","ping_status":"closed","template":"","meta":[],"product_brand":[],"product_cat":[411,270],"product_tag":[],"class_list":{"0":"post-2150","1":"product","2":"type-product","3":"status-publish","4":"has-post-thumbnail","6":"product_cat-r404a-es","7":"product_cat-sin-categoria","9":"first","10":"instock","11":"shipping-taxable","12":"product-type-simple"},"yoast_head":"<!-- This site is optimized with the Yoast SEO Premium plugin v27.0 (Yoast SEO v27.3) - https:\/\/yoast.com\/product\/yoast-seo-premium-wordpress\/ -->\n<title>Proveedor de refrigerante R-404A | WS Refrigerantes<\/title>\n<meta name=\"description\" content=\"Mejor proveedor al por mayor de refrigerante R-404A. Suministro mayorista fiable de refrigerante R404A. Productos 100% aut\u00e9nticos.\" \/>\n<meta name=\"robots\" content=\"index, follow, max-snippet:-1, max-image-preview:large, max-video-preview:-1\" \/>\n<link rel=\"canonical\" href=\"https:\/\/refrigerant-wholesale.com\/es\/product\/media-paleta-r-404a-20-cilindros\/\" \/>\n<meta property=\"og:locale\" content=\"es_ES\" \/>\n<meta property=\"og:type\" content=\"article\" \/>\n<meta property=\"og:title\" content=\"Media paleta R-404A (20 cilindros)\" \/>\n<meta property=\"og:description\" content=\"Mejor proveedor al por mayor de refrigerante R-404A. Suministro mayorista fiable de refrigerante R404A. Productos 100% aut\u00e9nticos.\" \/>\n<meta property=\"og:url\" content=\"https:\/\/refrigerant-wholesale.com\/es\/product\/media-paleta-r-404a-20-cilindros\/\" \/>\n<meta property=\"og:site_name\" content=\"Refrigerant Gas Wholesale\" \/>\n<meta property=\"article:publisher\" content=\"https:\/\/www.facebook.com\/refrigerantwholesale\" \/>\n<meta property=\"article:modified_time\" content=\"2025-03-01T23:29:33+00:00\" \/>\n<meta property=\"og:image\" content=\"http:\/\/refrigerant-wholesale.com\/wp-content\/uploads\/2024\/07\/404A-20.jpg\" \/>\n\t<meta property=\"og:image:width\" content=\"1000\" \/>\n\t<meta property=\"og:image:height\" content=\"1000\" \/>\n\t<meta property=\"og:image:type\" content=\"image\/jpeg\" \/>\n<meta name=\"twitter:card\" content=\"summary_large_image\" \/>\n<meta name=\"twitter:label1\" content=\"Tiempo de lectura\" \/>\n\t<meta name=\"twitter:data1\" content=\"3 minutos\" \/>\n<script type=\"application\/ld+json\" class=\"yoast-schema-graph\">{\"@context\":\"https:\\\/\\\/schema.org\",\"@graph\":[{\"@type\":\"WebPage\",\"@id\":\"https:\\\/\\\/refrigerant-wholesale.com\\\/es\\\/product\\\/media-paleta-r-404a-20-cilindros\\\/\",\"url\":\"https:\\\/\\\/refrigerant-wholesale.com\\\/es\\\/product\\\/media-paleta-r-404a-20-cilindros\\\/\",\"name\":\"Proveedor de refrigerante R-404A | WS Refrigerantes\",\"isPartOf\":{\"@id\":\"https:\\\/\\\/refrigerant-wholesale.com\\\/es\\\/#website\"},\"primaryImageOfPage\":{\"@id\":\"https:\\\/\\\/refrigerant-wholesale.com\\\/es\\\/product\\\/media-paleta-r-404a-20-cilindros\\\/#primaryimage\"},\"image\":{\"@id\":\"https:\\\/\\\/refrigerant-wholesale.com\\\/es\\\/product\\\/media-paleta-r-404a-20-cilindros\\\/#primaryimage\"},\"thumbnailUrl\":\"https:\\\/\\\/refrigerant-wholesale.com\\\/wp-content\\\/uploads\\\/2024\\\/07\\\/404A-20.jpg\",\"datePublished\":\"2024-07-13T23:32:46+00:00\",\"dateModified\":\"2025-03-01T23:29:33+00:00\",\"description\":\"Mejor proveedor al por mayor de refrigerante R-404A. Suministro mayorista fiable de refrigerante R404A. Productos 100% aut\u00e9nticos.\",\"breadcrumb\":{\"@id\":\"https:\\\/\\\/refrigerant-wholesale.com\\\/es\\\/product\\\/media-paleta-r-404a-20-cilindros\\\/#breadcrumb\"},\"inLanguage\":\"es\",\"potentialAction\":[{\"@type\":\"ReadAction\",\"target\":[\"https:\\\/\\\/refrigerant-wholesale.com\\\/es\\\/product\\\/media-paleta-r-404a-20-cilindros\\\/\"]}]},{\"@type\":\"ImageObject\",\"inLanguage\":\"es\",\"@id\":\"https:\\\/\\\/refrigerant-wholesale.com\\\/es\\\/product\\\/media-paleta-r-404a-20-cilindros\\\/#primaryimage\",\"url\":\"https:\\\/\\\/refrigerant-wholesale.com\\\/wp-content\\\/uploads\\\/2024\\\/07\\\/404A-20.jpg\",\"contentUrl\":\"https:\\\/\\\/refrigerant-wholesale.com\\\/wp-content\\\/uploads\\\/2024\\\/07\\\/404A-20.jpg\",\"width\":1000,\"height\":1000,\"caption\":\"Proveedor de Refrigerante R407c, Refrigerante R407c, R407c, Refrigerante R407c, Fre\u00f3n R 407c, Suministro de Refrigerante R404A\"},{\"@type\":\"BreadcrumbList\",\"@id\":\"https:\\\/\\\/refrigerant-wholesale.com\\\/es\\\/product\\\/media-paleta-r-404a-20-cilindros\\\/#breadcrumb\",\"itemListElement\":[{\"@type\":\"ListItem\",\"position\":1,\"name\":\"Home\",\"item\":\"https:\\\/\\\/refrigerant-wholesale.com\\\/es\\\/\"},{\"@type\":\"ListItem\",\"position\":2,\"name\":\"Tienda\",\"item\":\"https:\\\/\\\/refrigerant-wholesale.com\\\/es\\\/tienda\\\/\"},{\"@type\":\"ListItem\",\"position\":3,\"name\":\"Media paleta R-404A (20 cilindros)\"}]},{\"@type\":\"WebSite\",\"@id\":\"https:\\\/\\\/refrigerant-wholesale.com\\\/es\\\/#website\",\"url\":\"https:\\\/\\\/refrigerant-wholesale.com\\\/es\\\/\",\"name\":\"Refrigerant Gas Wholesale\",\"description\":\"AC Gas supplier\",\"publisher\":{\"@id\":\"https:\\\/\\\/refrigerant-wholesale.com\\\/es\\\/#organization\"},\"potentialAction\":[{\"@type\":\"SearchAction\",\"target\":{\"@type\":\"EntryPoint\",\"urlTemplate\":\"https:\\\/\\\/refrigerant-wholesale.com\\\/es\\\/?s={search_term_string}\"},\"query-input\":{\"@type\":\"PropertyValueSpecification\",\"valueRequired\":true,\"valueName\":\"search_term_string\"}}],\"inLanguage\":\"es\"},{\"@type\":\"Organization\",\"@id\":\"https:\\\/\\\/refrigerant-wholesale.com\\\/es\\\/#organization\",\"name\":\"Refrigerant Gas Wholesale\",\"url\":\"https:\\\/\\\/refrigerant-wholesale.com\\\/es\\\/\",\"logo\":{\"@type\":\"ImageObject\",\"inLanguage\":\"es\",\"@id\":\"https:\\\/\\\/refrigerant-wholesale.com\\\/es\\\/#\\\/schema\\\/logo\\\/image\\\/\",\"url\":\"http:\\\/\\\/refrigerant-wholesale.com\\\/wp-content\\\/uploads\\\/2024\\\/04\\\/refrigerant-logo.png\",\"contentUrl\":\"http:\\\/\\\/refrigerant-wholesale.com\\\/wp-content\\\/uploads\\\/2024\\\/04\\\/refrigerant-logo.png\",\"width\":400,\"height\":84,\"caption\":\"Refrigerant Gas Wholesale\"},\"image\":{\"@id\":\"https:\\\/\\\/refrigerant-wholesale.com\\\/es\\\/#\\\/schema\\\/logo\\\/image\\\/\"},\"sameAs\":[\"https:\\\/\\\/www.facebook.com\\\/refrigerantwholesale\"]}]}<\/script>\n<!-- \/ Yoast SEO Premium plugin. -->","yoast_head_json":{"title":"Proveedor de refrigerante R-404A | WS Refrigerantes","description":"Mejor proveedor al por mayor de refrigerante R-404A. Suministro mayorista fiable de refrigerante R404A. Productos 100% aut\u00e9nticos.","robots":{"index":"index","follow":"follow","max-snippet":"max-snippet:-1","max-image-preview":"max-image-preview:large","max-video-preview":"max-video-preview:-1"},"canonical":"https:\/\/refrigerant-wholesale.com\/es\/product\/media-paleta-r-404a-20-cilindros\/","og_locale":"es_ES","og_type":"article","og_title":"Media paleta R-404A (20 cilindros)","og_description":"Mejor proveedor al por mayor de refrigerante R-404A. Suministro mayorista fiable de refrigerante R404A. Productos 100% aut\u00e9nticos.","og_url":"https:\/\/refrigerant-wholesale.com\/es\/product\/media-paleta-r-404a-20-cilindros\/","og_site_name":"Refrigerant Gas Wholesale","article_publisher":"https:\/\/www.facebook.com\/refrigerantwholesale","article_modified_time":"2025-03-01T23:29:33+00:00","og_image":[{"width":1000,"height":1000,"url":"http:\/\/refrigerant-wholesale.com\/wp-content\/uploads\/2024\/07\/404A-20.jpg","type":"image\/jpeg"}],"twitter_card":"summary_large_image","twitter_misc":{"Tiempo de lectura":"3 minutos"},"schema":{"@context":"https:\/\/schema.org","@graph":[{"@type":"WebPage","@id":"https:\/\/refrigerant-wholesale.com\/es\/product\/media-paleta-r-404a-20-cilindros\/","url":"https:\/\/refrigerant-wholesale.com\/es\/product\/media-paleta-r-404a-20-cilindros\/","name":"Proveedor de refrigerante R-404A | WS Refrigerantes","isPartOf":{"@id":"https:\/\/refrigerant-wholesale.com\/es\/#website"},"primaryImageOfPage":{"@id":"https:\/\/refrigerant-wholesale.com\/es\/product\/media-paleta-r-404a-20-cilindros\/#primaryimage"},"image":{"@id":"https:\/\/refrigerant-wholesale.com\/es\/product\/media-paleta-r-404a-20-cilindros\/#primaryimage"},"thumbnailUrl":"https:\/\/refrigerant-wholesale.com\/wp-content\/uploads\/2024\/07\/404A-20.jpg","datePublished":"2024-07-13T23:32:46+00:00","dateModified":"2025-03-01T23:29:33+00:00","description":"Mejor proveedor al por mayor de refrigerante R-404A. Suministro mayorista fiable de refrigerante R404A. Productos 100% aut\u00e9nticos.","breadcrumb":{"@id":"https:\/\/refrigerant-wholesale.com\/es\/product\/media-paleta-r-404a-20-cilindros\/#breadcrumb"},"inLanguage":"es","potentialAction":[{"@type":"ReadAction","target":["https:\/\/refrigerant-wholesale.com\/es\/product\/media-paleta-r-404a-20-cilindros\/"]}]},{"@type":"ImageObject","inLanguage":"es","@id":"https:\/\/refrigerant-wholesale.com\/es\/product\/media-paleta-r-404a-20-cilindros\/#primaryimage","url":"https:\/\/refrigerant-wholesale.com\/wp-content\/uploads\/2024\/07\/404A-20.jpg","contentUrl":"https:\/\/refrigerant-wholesale.com\/wp-content\/uploads\/2024\/07\/404A-20.jpg","width":1000,"height":1000,"caption":"Proveedor de Refrigerante R407c, Refrigerante R407c, R407c, Refrigerante R407c, Fre\u00f3n R 407c, Suministro de Refrigerante R404A"},{"@type":"BreadcrumbList","@id":"https:\/\/refrigerant-wholesale.com\/es\/product\/media-paleta-r-404a-20-cilindros\/#breadcrumb","itemListElement":[{"@type":"ListItem","position":1,"name":"Home","item":"https:\/\/refrigerant-wholesale.com\/es\/"},{"@type":"ListItem","position":2,"name":"Tienda","item":"https:\/\/refrigerant-wholesale.com\/es\/tienda\/"},{"@type":"ListItem","position":3,"name":"Media paleta R-404A (20 cilindros)"}]},{"@type":"WebSite","@id":"https:\/\/refrigerant-wholesale.com\/es\/#website","url":"https:\/\/refrigerant-wholesale.com\/es\/","name":"Refrigerant Gas Wholesale","description":"AC Gas supplier","publisher":{"@id":"https:\/\/refrigerant-wholesale.com\/es\/#organization"},"potentialAction":[{"@type":"SearchAction","target":{"@type":"EntryPoint","urlTemplate":"https:\/\/refrigerant-wholesale.com\/es\/?s={search_term_string}"},"query-input":{"@type":"PropertyValueSpecification","valueRequired":true,"valueName":"search_term_string"}}],"inLanguage":"es"},{"@type":"Organization","@id":"https:\/\/refrigerant-wholesale.com\/es\/#organization","name":"Refrigerant Gas Wholesale","url":"https:\/\/refrigerant-wholesale.com\/es\/","logo":{"@type":"ImageObject","inLanguage":"es","@id":"https:\/\/refrigerant-wholesale.com\/es\/#\/schema\/logo\/image\/","url":"http:\/\/refrigerant-wholesale.com\/wp-content\/uploads\/2024\/04\/refrigerant-logo.png","contentUrl":"http:\/\/refrigerant-wholesale.com\/wp-content\/uploads\/2024\/04\/refrigerant-logo.png","width":400,"height":84,"caption":"Refrigerant Gas Wholesale"},"image":{"@id":"https:\/\/refrigerant-wholesale.com\/es\/#\/schema\/logo\/image\/"},"sameAs":["https:\/\/www.facebook.com\/refrigerantwholesale"]}]}},"_links":{"self":[{"href":"https:\/\/refrigerant-wholesale.com\/es\/wp-json\/wp\/v2\/product\/2150","targetHints":{"allow":["GET"]}}],"collection":[{"href":"https:\/\/refrigerant-wholesale.com\/es\/wp-json\/wp\/v2\/product"}],"about":[{"href":"https:\/\/refrigerant-wholesale.com\/es\/wp-json\/wp\/v2\/types\/product"}],"replies":[{"embeddable":true,"href":"https:\/\/refrigerant-wholesale.com\/es\/wp-json\/wp\/v2\/comments?post=2150"}],"wp:featuredmedia":[{"embeddable":true,"href":"https:\/\/refrigerant-wholesale.com\/es\/wp-json\/wp\/v2\/media\/1555"}],"wp:attachment":[{"href":"https:\/\/refrigerant-wholesale.com\/es\/wp-json\/wp\/v2\/media?parent=2150"}],"wp:term":[{"taxonomy":"product_brand","embeddable":true,"href":"https:\/\/refrigerant-wholesale.com\/es\/wp-json\/wp\/v2\/product_brand?post=2150"},{"taxonomy":"product_cat","embeddable":true,"href":"https:\/\/refrigerant-wholesale.com\/es\/wp-json\/wp\/v2\/product_cat?post=2150"},{"taxonomy":"product_tag","embeddable":true,"href":"https:\/\/refrigerant-wholesale.com\/es\/wp-json\/wp\/v2\/product_tag?post=2150"}],"curies":[{"name":"wp","href":"https:\/\/api.w.org\/{rel}","templated":true}]}}